{"id":9615,"date":"2020-10-29T16:22:31","date_gmt":"2020-10-29T16:22:31","guid":{"rendered":"http:\/\/www.aeemt.com\/web\/?page_id=9615"},"modified":"2020-10-29T16:22:31","modified_gmt":"2020-10-29T16:22:31","slug":"video-grabado-cursos-aeemt-lyx-instituto-de-urologia-2020-manejo-de-la-patologia-litiasica-y-hematuria-en-el-contexto-de-la-medicina-del-trabajo","status":"publish","type":"page","link":"https:\/\/www.aeemt.org\/web\/video-grabado-cursos-aeemt-lyx-instituto-de-urologia-2020-manejo-de-la-patologia-litiasica-y-hematuria-en-el-contexto-de-la-medicina-del-trabajo\/","title":{"rendered":"Video Grabado. Cursos AEEMT \u2013 LYX Instituto de Urolog\u00eda 2020. Manejo de la patolog\u00eda liti\u00e1sica y hematuria en el contexto de la medicina del trabajo. \u00bfqu\u00e9 hay de nuevo en 2020?"},"content":{"rendered":"<p>[vc_row rt_row_background_width=\u00bbdefault\u00bb rt_row_style=\u00bbdefault-style\u00bb rt_row_borders=\u00bb\u00bb rt_row_paddings=\u00bbtrue\u00bb rt_bg_effect=\u00bbclassic\u00bb rt_bg_image_repeat=\u00bbrepeat\u00bb rt_bg_size=\u00bbcover\u00bb rt_bg_position=\u00bbright top\u00bb rt_bg_attachment=\u00bbscroll\u00bb rt_bg_video_format=\u00bbself-hosted\u00bb][vc_column width=\u00bb1\/2&#8243; rt_wrp_col_paddings=\u00bbfalse\u00bb rt_border_top=\u00bb\u00bb rt_border_bottom=\u00bb\u00bb rt_border_left=\u00bb\u00bb rt_border_right=\u00bb\u00bb rt_border_top_mobile=\u00bb\u00bb rt_border_bottom_mobile=\u00bb\u00bb rt_border_left_mobile=\u00bb\u00bb rt_border_right_mobile=\u00bb\u00bb rt_bg_image_repeat=\u00bbrepeat\u00bb rt_bg_size=\u00bbauto auto\u00bb rt_bg_position=\u00bbright top\u00bb rt_bg_attachment=\u00bbscroll\u00bb][vc_column_text]<\/p>\n<h3 style=\"text-align: center;\">Organiza<\/h3>\n<h3 style=\"text-align: center;\"><a href=\"http:\/\/www.aeemt.com\/web\/\" target=\"_blank\" rel=\"noopener noreferrer\"><img loading=\"lazy\" decoding=\"async\" class=\"wp-image-3534 aligncenter\" src=\"http:\/\/www.aeemt.com\/web\/wp-content\/uploads\/2017\/05\/logoDibujado.png\" alt=\"\" width=\"133\" height=\"135\" srcset=\"https:\/\/www.aeemt.org\/web\/wp-content\/uploads\/2017\/05\/logoDibujado.png 402w, https:\/\/www.aeemt.org\/web\/wp-content\/uploads\/2017\/05\/logoDibujado-296x300.png 296w\" sizes=\"(max-width: 133px) 100vw, 133px\" \/><\/a><\/h3>\n<p>[\/vc_column_text][\/vc_column][vc_column width=\u00bb1\/2&#8243; rt_wrp_col_paddings=\u00bbfalse\u00bb rt_border_top=\u00bb\u00bb rt_border_bottom=\u00bb\u00bb rt_border_left=\u00bb\u00bb rt_border_right=\u00bb\u00bb rt_border_top_mobile=\u00bb\u00bb rt_border_bottom_mobile=\u00bb\u00bb rt_border_left_mobile=\u00bb\u00bb rt_border_right_mobile=\u00bb\u00bb rt_bg_image_repeat=\u00bbrepeat\u00bb rt_bg_size=\u00bbauto auto\u00bb rt_bg_position=\u00bbright top\u00bb rt_bg_attachment=\u00bbscroll\u00bb][vc_column_text]<\/p>\n<p style=\"text-align: center;\"><a href=\"https:\/\/www.lyxurologia.com\/\" target=\"_blank\" rel=\"noopener noreferrer\"><img loading=\"lazy\" decoding=\"async\" class=\"alignnone wp-image-8420\" src=\"https:\/\/www.aeemt.org\/pruebaweb\/wp-content\/uploads\/2020\/05\/Lyx_vertical.jpg\" alt=\"\" width=\"505\" height=\"144\" srcset=\"https:\/\/www.aeemt.org\/web\/wp-content\/uploads\/2020\/05\/Lyx_vertical.jpg 1654w, https:\/\/www.aeemt.org\/web\/wp-content\/uploads\/2020\/05\/Lyx_vertical-600x171.jpg 600w, https:\/\/www.aeemt.org\/web\/wp-content\/uploads\/2020\/05\/Lyx_vertical-300x86.jpg 300w, https:\/\/www.aeemt.org\/web\/wp-content\/uploads\/2020\/05\/Lyx_vertical-1024x292.jpg 1024w, https:\/\/www.aeemt.org\/web\/wp-content\/uploads\/2020\/05\/Lyx_vertical-768x219.jpg 768w, https:\/\/www.aeemt.org\/web\/wp-content\/uploads\/2020\/05\/Lyx_vertical-1536x438.jpg 1536w\" sizes=\"(max-width: 505px) 100vw, 505px\" \/><\/a><\/p>\n<p>[\/vc_column_text][\/vc_column][\/vc_row][vc_row rt_row_background_width=\u00bbdefault\u00bb rt_row_style=\u00bbdefault-style\u00bb rt_row_borders=\u00bb\u00bb rt_row_paddings=\u00bbtrue\u00bb rt_bg_effect=\u00bbclassic\u00bb rt_bg_image_repeat=\u00bbrepeat\u00bb rt_bg_size=\u00bbcover\u00bb rt_bg_position=\u00bbright top\u00bb rt_bg_attachment=\u00bbscroll\u00bb rt_bg_video_format=\u00bbself-hosted\u00bb][vc_column width=\u00bb1\/2&#8243; rt_wrp_col_paddings=\u00bbfalse\u00bb rt_border_top=\u00bb\u00bb rt_border_bottom=\u00bb\u00bb rt_border_left=\u00bb\u00bb rt_border_right=\u00bb\u00bb rt_border_top_mobile=\u00bb\u00bb rt_border_bottom_mobile=\u00bb\u00bb rt_border_left_mobile=\u00bb\u00bb rt_border_right_mobile=\u00bb\u00bb rt_bg_image_repeat=\u00bbrepeat\u00bb rt_bg_size=\u00bbauto auto\u00bb rt_bg_position=\u00bbright top\u00bb rt_bg_attachment=\u00bbscroll\u00bb][vc_video link=\u00bbhttps:\/\/youtu.be\/yO7iFh3vD9E\u00bb][vc_column_text]Suscr\u00edbete a nuestro\u00a0<a href=\"https:\/\/www.youtube.com\/channel\/UCNLO2eURcKj9TnOj6Dn0GnQ\/\" target=\"_blank\" rel=\"noopener noreferrer\"><strong>Canal de Youtube<\/strong><\/a>\u00a0y tendr\u00e1s acceso a todos nuestros v\u00eddeos grabados, emisiones en directo y notificaciones de actividad<\/p>\n<p style=\"text-align: center;\"><a href=\"https:\/\/www.youtube.com\/channel\/UCNLO2eURcKj9TnOj6Dn0GnQ?sub_confirmation=1\" target=\"_blank\" rel=\"noopener noreferrer\"><img loading=\"lazy\" decoding=\"async\" class=\"alignnone size-full wp-image-8600\" src=\"https:\/\/www.aeemt.org\/pruebaweb\/wp-content\/uploads\/2020\/06\/You-Tube-Suscrpcion.jpg\" alt=\"\" width=\"381\" height=\"132\" srcset=\"https:\/\/www.aeemt.org\/web\/wp-content\/uploads\/2020\/06\/You-Tube-Suscrpcion.jpg 381w, https:\/\/www.aeemt.org\/web\/wp-content\/uploads\/2020\/06\/You-Tube-Suscrpcion-300x104.jpg 300w\" sizes=\"(max-width: 381px) 100vw, 381px\" \/><\/a><\/p>\n<p>[\/vc_column_text][vc_column_text]<\/p>\n<h3>ACTUALIZACI\u00d3N UROL\u00d3GICA PARA EL M\u00c9DICO DEL TRABAJO, patrocinado por Clinifarma y\u00a0Gp-Pharm y organizado por Lyx Instituto de urolog\u00eda y la AEEMT.<\/h3>\n<p><strong>MANEJO DE LA PATOLOG\u00cdA LITI\u00c1SICA Y HEMATURIA EN EL CONTEXTO DE LA MEDICINA DEL TRABAJO. \u00bfQU\u00c9 HAY DE NUEVO EN 2020?<\/strong><\/p>\n<p><u>LITIASIS URINARIA:<\/u><\/p>\n<ul>\n<li>Introducci\u00f3n a la litiasis \/ Epidemiolog\u00eda.<\/li>\n<li>Recomendaciones para el diagn\u00f3stico de la litiasis urinaria.<\/li>\n<li>Recomendaciones para el tratamiento de la litiasis urinaria.<\/li>\n<li>\u00bfHay que tratar siempre la litiasis renal asintom\u00e1tica?<\/li>\n<li>\u00bfRealmente son eficaces las medidas de prevenci\u00f3n?<\/li>\n<li>\u00bfQu\u00e9 hay de nuevo en 2020?<\/li>\n<li>Presentaremos algunas novedades y actualizaciones respecto de algunas pruebas diagn\u00f3sticas, as\u00ed como una actualizaci\u00f3n de los diferentes tratamientos disponibles.<\/li>\n<li>Implicaciones de la patolog\u00eda liti\u00e1sica en la vida laboral de los pacientes.<\/li>\n<\/ul>\n<p><u>HEMATURIA:<\/u><\/p>\n<ul>\n<li>Introducci\u00f3n \/ Epidemiolog\u00eda de la hematuria.<\/li>\n<li>Diferentes tipos de hematuria y posible patolog\u00eda subyacente.<\/li>\n<li>Microhematuria persistente: \u00bfQu\u00e9 hacemos con ella?<\/li>\n<li>\u00bfHasta d\u00f3nde merece la pena estudiar una hematuria asintom\u00e1tica?<\/li>\n<li>Se realizar\u00e1 una actualizaci\u00f3n de los diferentes m\u00e9todos diagn\u00f3sticos de la hematuria.<\/li>\n<li>Se repasar\u00e1n los diversos tratamientos de las diferentes causas de hematuria.<\/li>\n<\/ul>\n<p>FECHA Y HORA:\u00a0<strong> JUEVES\u00a029 DE\u00a0OCTUBRE \u2013 16:30 h.<\/strong><\/p>\n<p><em><strong>PONENTES:<\/strong><\/em><\/p>\n<p><em><strong>Dr. Pablo Garrido Abad<\/strong><\/em>.<\/p>\n<p>Especialista en Urolog\u00eda. Hospital Universitario del Henares. Lyx Instituto de Urolog\u00eda<\/p>\n<p><strong>Coordinador:\u00a0<\/strong><\/p>\n<p><strong><em>Dr. Gregorio Gil L\u00f3pez.\u00a0<\/em><\/strong><\/p>\n<p>Director del Servicio Operativo Sanitario. Presidencia del Gobierno.<\/p>\n<p><strong>DIRECCION POSTAL DONDE SE REALIZAR\u00c1 LA GRABACI\u00d3N<\/strong><br \/>\n<strong>Ministerio de la Presidencia, Aula \u201cG\u201d \u2013 Edificio Servicios, Complejo de la Moncloa, Av Puerta de Hierro S\/N, 28071 Madrid<\/strong><\/p>\n<p>Les recordamos\u00a0 que a estos cursos\u00a0solo ser\u00e1n accesibles a trav\u00e9s de nuestra web\u00a0 mediante v\u00eddeo en streaming.<\/p>\n<div class=\"button_wrapper  aligncenter\"><a  href=\"https:\/\/www.youtube.com\/channel\/UCNLO2eURcKj9TnOj6Dn0GnQ\/live\" target=\"_blank\" title=\"Streaming\" class=\"button_  default medium\"><strong>Video en streaming del curso<\/strong><\/a><\/div>\n<p><strong>*El streaming en directo ser\u00e1 emitido el\u00a0jueves 29 DE\u00a0OCTUBRE de 2020 a partir de las 16:30<\/strong><\/p>\n<p>&nbsp;<\/p>\n<p>Esperamos que esta nueva actividad les resulte de inter\u00e9s.<\/p>\n<p>Gracias a todos.[\/vc_column_text][vc_column_text][\/vc_column_text][\/vc_column][vc_column width=\u00bb1\/2&#8243; rt_wrp_col_paddings=\u00bbfalse\u00bb rt_border_top=\u00bb\u00bb rt_border_bottom=\u00bb\u00bb rt_border_left=\u00bb\u00bb rt_border_right=\u00bb\u00bb rt_border_top_mobile=\u00bb\u00bb rt_border_bottom_mobile=\u00bb\u00bb rt_border_left_mobile=\u00bb\u00bb rt_border_right_mobile=\u00bb\u00bb rt_bg_image_repeat=\u00bbrepeat\u00bb rt_bg_size=\u00bbauto auto\u00bb rt_bg_position=\u00bbright top\u00bb rt_bg_attachment=\u00bbscroll\u00bb][vc_column_text]<\/p>\n<p style=\"text-align: center;\"><img loading=\"lazy\" decoding=\"async\" class=\"alignnone wp-image-9549 size-full\" src=\"https:\/\/www.aeemt.org\/pruebaweb\/wp-content\/uploads\/2020\/10\/DrGarrido-1000px.jpg\" alt=\"\" width=\"936\" height=\"1074\" srcset=\"https:\/\/www.aeemt.org\/web\/wp-content\/uploads\/2020\/10\/DrGarrido-1000px.jpg 936w, https:\/\/www.aeemt.org\/web\/wp-content\/uploads\/2020\/10\/DrGarrido-1000px-600x688.jpg 600w, https:\/\/www.aeemt.org\/web\/wp-content\/uploads\/2020\/10\/DrGarrido-1000px-261x300.jpg 261w, https:\/\/www.aeemt.org\/web\/wp-content\/uploads\/2020\/10\/DrGarrido-1000px-892x1024.jpg 892w, https:\/\/www.aeemt.org\/web\/wp-content\/uploads\/2020\/10\/DrGarrido-1000px-768x881.jpg 768w\" sizes=\"(max-width: 936px) 100vw, 936px\" \/><\/p>\n<p>[\/vc_column_text][\/vc_column][\/vc_row][vc_row rt_row_background_width=\u00bbdefault\u00bb rt_row_style=\u00bbdefault-style\u00bb rt_row_borders=\u00bb\u00bb rt_row_paddings=\u00bbtrue\u00bb rt_bg_effect=\u00bbclassic\u00bb rt_bg_image_repeat=\u00bbrepeat\u00bb rt_bg_size=\u00bbcover\u00bb rt_bg_position=\u00bbright top\u00bb rt_bg_attachment=\u00bbscroll\u00bb rt_bg_video_format=\u00bbself-hosted\u00bb][vc_column width=\u00bb1\/3&#8243; rt_wrp_col_paddings=\u00bbfalse\u00bb rt_border_top=\u00bb\u00bb rt_border_bottom=\u00bb\u00bb rt_border_left=\u00bb\u00bb rt_border_right=\u00bb\u00bb rt_border_top_mobile=\u00bb\u00bb rt_border_bottom_mobile=\u00bb\u00bb rt_border_left_mobile=\u00bb\u00bb rt_border_right_mobile=\u00bb\u00bb rt_bg_image_repeat=\u00bbrepeat\u00bb rt_bg_size=\u00bbauto auto\u00bb rt_bg_position=\u00bbright top\u00bb rt_bg_attachment=\u00bbscroll\u00bb][vc_column_text]<\/p>\n<p style=\"text-align: center;\"><strong>Luis Reinoso-Barbero<\/strong><br \/>\n<em>Presidente AEEMT<\/em><\/p>\n<p>[\/vc_column_text][\/vc_column][vc_column width=\u00bb1\/3&#8243; rt_wrp_col_paddings=\u00bbfalse\u00bb rt_border_top=\u00bb\u00bb rt_border_bottom=\u00bb\u00bb rt_border_left=\u00bb\u00bb rt_border_right=\u00bb\u00bb rt_border_top_mobile=\u00bb\u00bb rt_border_bottom_mobile=\u00bb\u00bb rt_border_left_mobile=\u00bb\u00bb rt_border_right_mobile=\u00bb\u00bb rt_bg_image_repeat=\u00bbrepeat\u00bb rt_bg_size=\u00bbauto auto\u00bb rt_bg_position=\u00bbright top\u00bb rt_bg_attachment=\u00bbscroll\u00bb][vc_column_text]<\/p>\n<p style=\"text-align: center;\"><strong>Dra. Carmen Serrano<\/strong><br \/>\n<em>Vicepta. AEEMT<\/em><\/p>\n<p>[\/vc_column_text][\/vc_column][\/vc_row]<\/p>\n","protected":false},"excerpt":{"rendered":"<p>[vc_row rt_row_background_width=\u00bbdefault\u00bb rt_row_style=\u00bbdefault-style\u00bb rt_row_borders=\u00bb\u00bb rt_row_paddings=\u00bbtrue\u00bb rt_bg_effect=\u00bbclassic\u00bb rt_bg_image_repeat=\u00bbrepeat\u00bb rt_bg_size=\u00bbcover\u00bb rt_bg_position=\u00bbright top\u00bb rt_bg_attachment=\u00bbscroll\u00bb rt_bg_video_format=\u00bbself-hosted\u00bb][vc_column width=\u00bb1\/2&#8243; rt_wrp_col_paddings=\u00bbfalse\u00bb rt_border_top=\u00bb\u00bb rt_border_bottom=\u00bb\u00bb rt_border_left=\u00bb\u00bb rt_border_right=\u00bb\u00bb rt_border_top_mobile=\u00bb\u00bb rt_border_bottom_mobile=\u00bb\u00bb rt_border_left_mobile=\u00bb\u00bb rt_border_right_mobile=\u00bb\u00bb rt_bg_image_repeat=\u00bbrepeat\u00bb rt_bg_size=\u00bbauto auto\u00bb rt_bg_position=\u00bbright top\u00bb rt_bg_attachment=\u00bbscroll\u00bb][vc_column_text] Organiza [\/vc_column_text][\/vc_column][vc_column [&hellip;]<\/p>\n","protected":false},"author":1,"featured_media":0,"parent":0,"menu_order":0,"comment_status":"closed","ping_status":"closed","template":"","meta":{"footnotes":""},"class_list":["post-9615","page","type-page","status-publish","hentry"],"_links":{"self":[{"href":"https:\/\/www.aeemt.org\/web\/wp-json\/wp\/v2\/pages\/9615"}],"collection":[{"href":"https:\/\/www.aeemt.org\/web\/wp-json\/wp\/v2\/pages"}],"about":[{"href":"https:\/\/www.aeemt.org\/web\/wp-json\/wp\/v2\/types\/page"}],"author":[{"embeddable":true,"href":"https:\/\/www.aeemt.org\/web\/wp-json\/wp\/v2\/users\/1"}],"replies":[{"embeddable":true,"href":"https:\/\/www.aeemt.org\/web\/wp-json\/wp\/v2\/comments?post=9615"}],"version-history":[{"count":0,"href":"https:\/\/www.aeemt.org\/web\/wp-json\/wp\/v2\/pages\/9615\/revisions"}],"wp:attachment":[{"href":"https:\/\/www.aeemt.org\/web\/wp-json\/wp\/v2\/media?parent=9615"}],"curies":[{"name":"wp","href":"https:\/\/api.w.org\/{rel}","templated":true}]}}