{"id":8974,"date":"2020-07-01T16:14:01","date_gmt":"2020-07-01T16:14:01","guid":{"rendered":"http:\/\/www.aeemt.com\/web\/?page_id=8974"},"modified":"2020-07-01T16:14:01","modified_gmt":"2020-07-01T16:14:01","slug":"cursos-clinifarma-aeemt-2020-sexualidad-y-fertilidad-del-hombre-que-es-lo-normal-actualizacion-2020","status":"publish","type":"page","link":"https:\/\/www.aeemt.org\/web\/cursos-clinifarma-aeemt-2020-sexualidad-y-fertilidad-del-hombre-que-es-lo-normal-actualizacion-2020\/","title":{"rendered":"Cursos Clinifarma-AEEMT 2020. Sexualidad y fertilidad del hombre. \u00bfQu\u00e9 es lo normal? Actualizaci\u00f3n 2020."},"content":{"rendered":"<p>[vc_row rt_row_background_width=\u00bbdefault\u00bb rt_row_style=\u00bbdefault-style\u00bb rt_row_borders=\u00bb\u00bb rt_row_paddings=\u00bbtrue\u00bb rt_bg_effect=\u00bbclassic\u00bb rt_bg_image_repeat=\u00bbrepeat\u00bb rt_bg_size=\u00bbcover\u00bb rt_bg_position=\u00bbright top\u00bb rt_bg_attachment=\u00bbscroll\u00bb rt_bg_video_format=\u00bbself-hosted\u00bb][vc_column width=\u00bb1\/4&#8243; rt_wrp_col_paddings=\u00bbfalse\u00bb rt_border_top=\u00bb\u00bb rt_border_bottom=\u00bb\u00bb rt_border_left=\u00bb\u00bb rt_border_right=\u00bb\u00bb rt_border_top_mobile=\u00bb\u00bb rt_border_bottom_mobile=\u00bb\u00bb rt_border_left_mobile=\u00bb\u00bb rt_border_right_mobile=\u00bb\u00bb rt_bg_image_repeat=\u00bbrepeat\u00bb rt_bg_size=\u00bbauto auto\u00bb rt_bg_position=\u00bbright top\u00bb rt_bg_attachment=\u00bbscroll\u00bb][vc_column_text]<\/p>\n<h3 style=\"text-align: center;\">Patrocinan<\/h3>\n<h3 style=\"text-align: center;\"><img loading=\"lazy\" decoding=\"async\" class=\"wp-image-4041 aligncenter\" src=\"http:\/\/www.aeemt.com\/web\/wp-content\/uploads\/2017\/09\/image001.png\" alt=\"\" width=\"259\" height=\"100\" \/><\/h3>\n<p>[\/vc_column_text][\/vc_column][vc_column width=\u00bb1\/4&#8243; rt_wrp_col_paddings=\u00bbfalse\u00bb rt_border_top=\u00bb\u00bb rt_border_bottom=\u00bb\u00bb rt_border_left=\u00bb\u00bb rt_border_right=\u00bb\u00bb rt_border_top_mobile=\u00bb\u00bb rt_border_bottom_mobile=\u00bb\u00bb rt_border_left_mobile=\u00bb\u00bb rt_border_right_mobile=\u00bb\u00bb rt_bg_image_repeat=\u00bbrepeat\u00bb rt_bg_size=\u00bbauto auto\u00bb rt_bg_position=\u00bbright top\u00bb rt_bg_attachment=\u00bbscroll\u00bb][vc_column_text]<\/p>\n<h3 style=\"text-align: center;\"><a href=\"http:\/\/gp-pharm.com\/es\" target=\"_blank\" rel=\"noopener noreferrer\"><img loading=\"lazy\" decoding=\"async\" class=\"alignnone wp-image-8419 \" src=\"https:\/\/www.aeemt.org\/pruebaweb\/wp-content\/uploads\/2020\/05\/GP_Pharm_0_20180323104442_20180416074124.jpg\" alt=\"\" width=\"215\" height=\"215\" srcset=\"https:\/\/www.aeemt.org\/web\/wp-content\/uploads\/2020\/05\/GP_Pharm_0_20180323104442_20180416074124.jpg 320w, https:\/\/www.aeemt.org\/web\/wp-content\/uploads\/2020\/05\/GP_Pharm_0_20180323104442_20180416074124-300x300.jpg 300w, https:\/\/www.aeemt.org\/web\/wp-content\/uploads\/2020\/05\/GP_Pharm_0_20180323104442_20180416074124-100x100.jpg 100w, https:\/\/www.aeemt.org\/web\/wp-content\/uploads\/2020\/05\/GP_Pharm_0_20180323104442_20180416074124-150x150.jpg 150w\" sizes=\"(max-width: 215px) 100vw, 215px\" \/><\/a><\/h3>\n<p>[\/vc_column_text][\/vc_column][vc_column width=\u00bb1\/4&#8243; rt_wrp_col_paddings=\u00bbfalse\u00bb rt_border_top=\u00bb\u00bb rt_border_bottom=\u00bb\u00bb rt_border_left=\u00bb\u00bb rt_border_right=\u00bb\u00bb rt_border_top_mobile=\u00bb\u00bb rt_border_bottom_mobile=\u00bb\u00bb rt_border_left_mobile=\u00bb\u00bb rt_border_right_mobile=\u00bb\u00bb rt_bg_image_repeat=\u00bbrepeat\u00bb rt_bg_size=\u00bbauto auto\u00bb rt_bg_position=\u00bbright top\u00bb rt_bg_attachment=\u00bbscroll\u00bb][vc_column_text]<\/p>\n<h3 style=\"text-align: center;\">Organiza<\/h3>\n<h3 style=\"text-align: center;\"><a href=\"http:\/\/www.aeemt.com\/web\/\" target=\"_blank\" rel=\"noopener noreferrer\"><img loading=\"lazy\" decoding=\"async\" class=\"wp-image-3534 aligncenter\" src=\"http:\/\/www.aeemt.com\/web\/wp-content\/uploads\/2017\/05\/logoDibujado.png\" alt=\"\" width=\"133\" height=\"135\" srcset=\"https:\/\/www.aeemt.org\/web\/wp-content\/uploads\/2017\/05\/logoDibujado.png 402w, https:\/\/www.aeemt.org\/web\/wp-content\/uploads\/2017\/05\/logoDibujado-296x300.png 296w\" sizes=\"(max-width: 133px) 100vw, 133px\" \/><\/a><\/h3>\n<p>[\/vc_column_text][\/vc_column][vc_column width=\u00bb1\/4&#8243; rt_wrp_col_paddings=\u00bbfalse\u00bb rt_border_top=\u00bb\u00bb rt_border_bottom=\u00bb\u00bb rt_border_left=\u00bb\u00bb rt_border_right=\u00bb\u00bb rt_border_top_mobile=\u00bb\u00bb rt_border_bottom_mobile=\u00bb\u00bb rt_border_left_mobile=\u00bb\u00bb rt_border_right_mobile=\u00bb\u00bb rt_bg_image_repeat=\u00bbrepeat\u00bb rt_bg_size=\u00bbauto auto\u00bb rt_bg_position=\u00bbright top\u00bb rt_bg_attachment=\u00bbscroll\u00bb][vc_column_text]<\/p>\n<p style=\"text-align: center;\"><a href=\"https:\/\/www.lyxurologia.com\/\" target=\"_blank\" rel=\"noopener noreferrer\"><img loading=\"lazy\" decoding=\"async\" class=\"alignnone wp-image-8420\" src=\"https:\/\/www.aeemt.org\/pruebaweb\/wp-content\/uploads\/2020\/05\/Lyx_vertical.jpg\" alt=\"\" width=\"505\" height=\"144\" srcset=\"https:\/\/www.aeemt.org\/web\/wp-content\/uploads\/2020\/05\/Lyx_vertical.jpg 1654w, https:\/\/www.aeemt.org\/web\/wp-content\/uploads\/2020\/05\/Lyx_vertical-600x171.jpg 600w, https:\/\/www.aeemt.org\/web\/wp-content\/uploads\/2020\/05\/Lyx_vertical-300x86.jpg 300w, https:\/\/www.aeemt.org\/web\/wp-content\/uploads\/2020\/05\/Lyx_vertical-1024x292.jpg 1024w, https:\/\/www.aeemt.org\/web\/wp-content\/uploads\/2020\/05\/Lyx_vertical-768x219.jpg 768w, https:\/\/www.aeemt.org\/web\/wp-content\/uploads\/2020\/05\/Lyx_vertical-1536x438.jpg 1536w\" sizes=\"(max-width: 505px) 100vw, 505px\" \/><\/a><\/p>\n<p>[\/vc_column_text][\/vc_column][\/vc_row][vc_row rt_row_background_width=\u00bbdefault\u00bb rt_row_style=\u00bbdefault-style\u00bb rt_row_borders=\u00bb\u00bb rt_row_paddings=\u00bbtrue\u00bb rt_bg_effect=\u00bbclassic\u00bb rt_bg_image_repeat=\u00bbrepeat\u00bb rt_bg_size=\u00bbcover\u00bb rt_bg_position=\u00bbright top\u00bb rt_bg_attachment=\u00bbscroll\u00bb rt_bg_video_format=\u00bbself-hosted\u00bb][vc_column width=\u00bb1\/2&#8243; rt_wrp_col_paddings=\u00bbfalse\u00bb rt_border_top=\u00bb\u00bb rt_border_bottom=\u00bb\u00bb rt_border_left=\u00bb\u00bb rt_border_right=\u00bb\u00bb rt_border_top_mobile=\u00bb\u00bb rt_border_bottom_mobile=\u00bb\u00bb rt_border_left_mobile=\u00bb\u00bb rt_border_right_mobile=\u00bb\u00bb rt_bg_image_repeat=\u00bbrepeat\u00bb rt_bg_size=\u00bbauto auto\u00bb rt_bg_position=\u00bbright top\u00bb rt_bg_attachment=\u00bbscroll\u00bb][vc_column_text]<\/p>\n<h3>ACTUALIZACI\u00d3N UROL\u00d3GICA PARA EL M\u00c9DICO DEL TRABAJO, patrocinado por Clinifarma y\u00a0Gp-Pharm y organizado por Lyx Instituto de urolog\u00eda y la AEEMT.<\/h3>\n<p><strong>SEXUALIDAD Y FERTILIDAD DEL HOMBRE. \u00bfQU\u00c9 ES LO NORMAL? ACTUALIZACI\u00d3N 2020.<\/strong><\/p>\n<p style=\"text-align: justify;\">En el momento actual se ha pasado de una medicina preventiva a una medicina proactiva y participativa con el paciente, aunque quiz\u00e1 ni siquiera es un enfermo.<\/p>\n<p style=\"text-align: justify;\">La sociedad actual demanda salud, pero tambi\u00e9n bienestar f\u00edsico y ps\u00edquico hasta edades avanzadas. \u00bfPodemos exigir mantenernos igual en los campos de la salud sexual y reproductiva a pesar de cumplir a\u00f1os?<\/p>\n<p style=\"text-align: justify;\">En esta charla hablaremos de los problemas sexuales del var\u00f3n m\u00e1s consultados como son la disfunci\u00f3n er\u00e9ctil o la eyaculaci\u00f3n precoz. Intentaremos dar respuesta a la pregunta m\u00e1s frecuente: \u00bfes normal para mi edad? Las parejas j\u00f3venes sufren cada vez m\u00e1s problemas de fertilidad, \u00bfes el var\u00f3n una parte importante de ello?<\/p>\n<p>FECHA Y HORA:\u00a0<strong> JUEVES\u00a09 DE JULIO \u2013 16:30 h.<\/strong><\/p>\n<p><em><strong>PONENTES:<\/strong><\/em><\/p>\n<p style=\"padding-left: 30px;\"><em><strong>Dr. Carlos Balmori Boticario<\/strong><\/em>.<\/p>\n<p style=\"padding-left: 30px;\">Especialista en Urolog\u00eda. Lyx Instituto de Urolog\u00eda.<\/p>\n<p><strong>Coordinador:\u00a0<\/strong><\/p>\n<p style=\"padding-left: 30px;\"><strong><em>Dr. Gregorio Gil L\u00f3pez.\u00a0<\/em><\/strong><\/p>\n<p style=\"padding-left: 30px;\">Director del Servicio Operativo Sanitario. Presidencia del Gobierno.<\/p>\n<p>&nbsp;<\/p>\n<p><strong>DIRECCION POSTAL DONDE SE REALIZAR\u00c1 LA GRABACI\u00d3N<\/strong><br \/>\n<strong>Ministerio de la Presidencia, Aula \u201cG\u201d \u2013 Edificio Servicios, Complejo de la Moncloa, Av Puerta de Hierro S\/N, 28071 Madrid<\/strong><\/p>\n<p>Les recordamos\u00a0 que a estos cursos\u00a0solo ser\u00e1n accesibles a trav\u00e9s de nuestra web\u00a0 mediante v\u00eddeo en streaming.<\/p>\n<div class=\"button_wrapper  aligncenter\"><a  href=\"https:\/\/www.youtube.com\/channel\/UCNLO2eURcKj9TnOj6Dn0GnQ\/live\" target=\"_blank\" title=\"Streaming\" class=\"button_  default medium\"><strong>Video en streaming del curso<\/strong><\/a><\/div>\n<p><strong>*El streaming en directo ser\u00e1 emitido el\u00a0jueves\u00a09 de Julio de 2020 a partir de las 16:30<\/strong><\/p>\n<p>&nbsp;<\/p>\n<p>Esperamos que esta nueva actividad les resulte de inter\u00e9s.<\/p>\n<p>Gracias a todos.[\/vc_column_text][vc_column_text][\/vc_column_text][\/vc_column][vc_column width=\u00bb1\/2&#8243; rt_wrp_col_paddings=\u00bbfalse\u00bb rt_border_top=\u00bb\u00bb rt_border_bottom=\u00bb\u00bb rt_border_left=\u00bb\u00bb rt_border_right=\u00bb\u00bb rt_border_top_mobile=\u00bb\u00bb rt_border_bottom_mobile=\u00bb\u00bb rt_border_left_mobile=\u00bb\u00bb rt_border_right_mobile=\u00bb\u00bb rt_bg_image_repeat=\u00bbrepeat\u00bb rt_bg_size=\u00bbauto auto\u00bb rt_bg_position=\u00bbright top\u00bb rt_bg_attachment=\u00bbscroll\u00bb][vc_column_text]<\/p>\n<p style=\"text-align: center;\"><img loading=\"lazy\" decoding=\"async\" class=\"alignnone wp-image-9192 size-full\" src=\"https:\/\/www.aeemt.org\/pruebaweb\/wp-content\/uploads\/2020\/07\/Dr.-Carlos-Balmori.png\" alt=\"\" width=\"937\" height=\"1079\" srcset=\"https:\/\/www.aeemt.org\/web\/wp-content\/uploads\/2020\/07\/Dr.-Carlos-Balmori.png 937w, https:\/\/www.aeemt.org\/web\/wp-content\/uploads\/2020\/07\/Dr.-Carlos-Balmori-600x691.png 600w, https:\/\/www.aeemt.org\/web\/wp-content\/uploads\/2020\/07\/Dr.-Carlos-Balmori-261x300.png 261w, https:\/\/www.aeemt.org\/web\/wp-content\/uploads\/2020\/07\/Dr.-Carlos-Balmori-889x1024.png 889w, https:\/\/www.aeemt.org\/web\/wp-content\/uploads\/2020\/07\/Dr.-Carlos-Balmori-768x884.png 768w\" sizes=\"(max-width: 937px) 100vw, 937px\" \/><\/p>\n<p>[\/vc_column_text][\/vc_column][\/vc_row][vc_row rt_row_background_width=\u00bbdefault\u00bb rt_row_style=\u00bbdefault-style\u00bb rt_row_borders=\u00bb\u00bb rt_row_paddings=\u00bbtrue\u00bb rt_bg_effect=\u00bbclassic\u00bb rt_bg_image_repeat=\u00bbrepeat\u00bb rt_bg_size=\u00bbcover\u00bb rt_bg_position=\u00bbright top\u00bb rt_bg_attachment=\u00bbscroll\u00bb rt_bg_video_format=\u00bbself-hosted\u00bb][vc_column width=\u00bb1\/3&#8243; rt_wrp_col_paddings=\u00bbfalse\u00bb rt_border_top=\u00bb\u00bb rt_border_bottom=\u00bb\u00bb rt_border_left=\u00bb\u00bb rt_border_right=\u00bb\u00bb rt_border_top_mobile=\u00bb\u00bb rt_border_bottom_mobile=\u00bb\u00bb rt_border_left_mobile=\u00bb\u00bb rt_border_right_mobile=\u00bb\u00bb rt_bg_image_repeat=\u00bbrepeat\u00bb rt_bg_size=\u00bbauto auto\u00bb rt_bg_position=\u00bbright top\u00bb rt_bg_attachment=\u00bbscroll\u00bb][vc_column_text]<\/p>\n<p style=\"text-align: center;\"><strong>Luis Reinoso-Barbero<\/strong><br \/>\n<em>Presidente AEEMT<\/em><\/p>\n<p>[\/vc_column_text][\/vc_column][vc_column width=\u00bb1\/3&#8243; rt_wrp_col_paddings=\u00bbfalse\u00bb rt_border_top=\u00bb\u00bb rt_border_bottom=\u00bb\u00bb rt_border_left=\u00bb\u00bb rt_border_right=\u00bb\u00bb rt_border_top_mobile=\u00bb\u00bb rt_border_bottom_mobile=\u00bb\u00bb rt_border_left_mobile=\u00bb\u00bb rt_border_right_mobile=\u00bb\u00bb rt_bg_image_repeat=\u00bbrepeat\u00bb rt_bg_size=\u00bbauto auto\u00bb rt_bg_position=\u00bbright top\u00bb rt_bg_attachment=\u00bbscroll\u00bb][vc_column_text]<\/p>\n<p style=\"text-align: center;\"><strong>Dra. Carmen Serrano<\/strong><br \/>\n<em>Vicepta. AEEMT<\/em><\/p>\n<p>[\/vc_column_text][\/vc_column][\/vc_row]<\/p>\n","protected":false},"excerpt":{"rendered":"<p>[vc_row rt_row_background_width=\u00bbdefault\u00bb rt_row_style=\u00bbdefault-style\u00bb rt_row_borders=\u00bb\u00bb rt_row_paddings=\u00bbtrue\u00bb rt_bg_effect=\u00bbclassic\u00bb rt_bg_image_repeat=\u00bbrepeat\u00bb rt_bg_size=\u00bbcover\u00bb rt_bg_position=\u00bbright top\u00bb rt_bg_attachment=\u00bbscroll\u00bb rt_bg_video_format=\u00bbself-hosted\u00bb][vc_column width=\u00bb1\/4&#8243; rt_wrp_col_paddings=\u00bbfalse\u00bb rt_border_top=\u00bb\u00bb rt_border_bottom=\u00bb\u00bb rt_border_left=\u00bb\u00bb rt_border_right=\u00bb\u00bb rt_border_top_mobile=\u00bb\u00bb rt_border_bottom_mobile=\u00bb\u00bb rt_border_left_mobile=\u00bb\u00bb rt_border_right_mobile=\u00bb\u00bb rt_bg_image_repeat=\u00bbrepeat\u00bb rt_bg_size=\u00bbauto auto\u00bb rt_bg_position=\u00bbright top\u00bb rt_bg_attachment=\u00bbscroll\u00bb][vc_column_text] Patrocinan [\/vc_column_text][\/vc_column][vc_column [&hellip;]<\/p>\n","protected":false},"author":1,"featured_media":0,"parent":0,"menu_order":0,"comment_status":"closed","ping_status":"closed","template":"","meta":{"footnotes":""},"class_list":["post-8974","page","type-page","status-publish","hentry"],"_links":{"self":[{"href":"https:\/\/www.aeemt.org\/web\/wp-json\/wp\/v2\/pages\/8974"}],"collection":[{"href":"https:\/\/www.aeemt.org\/web\/wp-json\/wp\/v2\/pages"}],"about":[{"href":"https:\/\/www.aeemt.org\/web\/wp-json\/wp\/v2\/types\/page"}],"author":[{"embeddable":true,"href":"https:\/\/www.aeemt.org\/web\/wp-json\/wp\/v2\/users\/1"}],"replies":[{"embeddable":true,"href":"https:\/\/www.aeemt.org\/web\/wp-json\/wp\/v2\/comments?post=8974"}],"version-history":[{"count":0,"href":"https:\/\/www.aeemt.org\/web\/wp-json\/wp\/v2\/pages\/8974\/revisions"}],"wp:attachment":[{"href":"https:\/\/www.aeemt.org\/web\/wp-json\/wp\/v2\/media?parent=8974"}],"curies":[{"name":"wp","href":"https:\/\/api.w.org\/{rel}","templated":true}]}}