{"id":8971,"date":"2020-06-29T17:55:58","date_gmt":"2020-06-29T17:55:58","guid":{"rendered":"http:\/\/www.aeemt.com\/web\/?page_id=8971"},"modified":"2020-06-29T17:55:58","modified_gmt":"2020-06-29T17:55:58","slug":"video-grabado-jornada-aeemt-uah-counterfog-innovacion-cientifica-en-medicina-del-trabajo-e-higiene-industrial-frente-al-covid19","status":"publish","type":"page","link":"https:\/\/www.aeemt.org\/web\/video-grabado-jornada-aeemt-uah-counterfog-innovacion-cientifica-en-medicina-del-trabajo-e-higiene-industrial-frente-al-covid19\/","title":{"rendered":"V\u00eddeo grabado. Masterclass AEEMT-UAH-Counterfog. Innovaci\u00f3n cient\u00edfica en Medicina del Trabajo e Higiene Industrial frente al Covid19"},"content":{"rendered":"<p>[vc_row rt_row_background_width=\u00bbdefault\u00bb rt_row_style=\u00bbdefault-style\u00bb rt_row_borders=\u00bb\u00bb rt_row_paddings=\u00bbtrue\u00bb rt_bg_effect=\u00bbclassic\u00bb rt_bg_image_repeat=\u00bbrepeat\u00bb rt_bg_size=\u00bbcover\u00bb rt_bg_position=\u00bbright top\u00bb rt_bg_attachment=\u00bbscroll\u00bb rt_bg_video_format=\u00bbself-hosted\u00bb][vc_column width=\u00bb1\/4&#8243; rt_wrp_col_paddings=\u00bbfalse\u00bb rt_border_top=\u00bb\u00bb rt_border_bottom=\u00bb\u00bb rt_border_left=\u00bb\u00bb rt_border_right=\u00bb\u00bb rt_border_top_mobile=\u00bb\u00bb rt_border_bottom_mobile=\u00bb\u00bb rt_border_left_mobile=\u00bb\u00bb rt_border_right_mobile=\u00bb\u00bb rt_bg_image_repeat=\u00bbrepeat\u00bb rt_bg_size=\u00bbauto auto\u00bb rt_bg_position=\u00bbright top\u00bb rt_bg_attachment=\u00bbscroll\u00bb][vc_column_text]<\/p>\n<h3 style=\"text-align: center;\">Organizan<\/h3>\n<h3 style=\"text-align: center;\"><a href=\"http:\/\/www.aeemt.com\/web\/\" target=\"_blank\" rel=\"noopener noreferrer\"><img loading=\"lazy\" decoding=\"async\" class=\"wp-image-3534 aligncenter\" src=\"http:\/\/www.aeemt.com\/web\/wp-content\/uploads\/2017\/05\/logoDibujado.png\" alt=\"\" width=\"133\" height=\"135\" srcset=\"https:\/\/www.aeemt.org\/web\/wp-content\/uploads\/2017\/05\/logoDibujado.png 402w, https:\/\/www.aeemt.org\/web\/wp-content\/uploads\/2017\/05\/logoDibujado-296x300.png 296w\" sizes=\"(max-width: 133px) 100vw, 133px\" \/><\/a><\/h3>\n<p>[\/vc_column_text][\/vc_column][vc_column width=\u00bb1\/4&#8243; rt_wrp_col_paddings=\u00bbfalse\u00bb rt_border_top=\u00bb\u00bb rt_border_bottom=\u00bb\u00bb rt_border_left=\u00bb\u00bb rt_border_right=\u00bb\u00bb rt_border_top_mobile=\u00bb\u00bb rt_border_bottom_mobile=\u00bb\u00bb rt_border_left_mobile=\u00bb\u00bb rt_border_right_mobile=\u00bb\u00bb rt_bg_image_repeat=\u00bbrepeat\u00bb rt_bg_size=\u00bbauto auto\u00bb rt_bg_position=\u00bbright top\u00bb rt_bg_attachment=\u00bbscroll\u00bb][vc_column_text]<\/p>\n<h3 style=\"text-align: center;\"><a href=\"https:\/\/counterfog.eu\/es\/\" target=\"_blank\" rel=\"noopener noreferrer\"><img loading=\"lazy\" decoding=\"async\" class=\"alignnone wp-image-8942 \" src=\"https:\/\/www.aeemt.org\/pruebaweb\/wp-content\/uploads\/2020\/06\/Logo-Counterfog.jpg\" alt=\"\" width=\"221\" height=\"175\" \/><\/a><\/h3>\n<p>[\/vc_column_text][\/vc_column][vc_column width=\u00bb1\/4&#8243; rt_wrp_col_paddings=\u00bbfalse\u00bb rt_border_top=\u00bb\u00bb rt_border_bottom=\u00bb\u00bb rt_border_left=\u00bb\u00bb rt_border_right=\u00bb\u00bb rt_border_top_mobile=\u00bb\u00bb rt_border_bottom_mobile=\u00bb\u00bb rt_border_left_mobile=\u00bb\u00bb rt_border_right_mobile=\u00bb\u00bb rt_bg_image_repeat=\u00bbrepeat\u00bb rt_bg_size=\u00bbauto auto\u00bb rt_bg_position=\u00bbright top\u00bb rt_bg_attachment=\u00bbscroll\u00bb][vc_column_text]<\/p>\n<p style=\"text-align: center;\"><a href=\"https:\/\/www.uah.es\/es\/\" target=\"_blank\" rel=\"noopener noreferrer\"><img loading=\"lazy\" decoding=\"async\" class=\"alignnone wp-image-8943 \" src=\"https:\/\/www.aeemt.org\/pruebaweb\/wp-content\/uploads\/2020\/06\/Logo-Universidad-alcala.png\" alt=\"\" width=\"282\" height=\"123\" \/><\/a><\/p>\n<p>[\/vc_column_text][\/vc_column][vc_column width=\u00bb1\/4&#8243; rt_wrp_col_paddings=\u00bbfalse\u00bb rt_border_top=\u00bb\u00bb rt_border_bottom=\u00bb\u00bb rt_border_left=\u00bb\u00bb rt_border_right=\u00bb\u00bb rt_border_top_mobile=\u00bb\u00bb rt_border_bottom_mobile=\u00bb\u00bb rt_border_left_mobile=\u00bb\u00bb rt_border_right_mobile=\u00bb\u00bb rt_bg_image_repeat=\u00bbrepeat\u00bb rt_bg_size=\u00bbauto auto\u00bb rt_bg_position=\u00bbright top\u00bb rt_bg_attachment=\u00bbscroll\u00bb][vc_column_text]<\/p>\n<p style=\"text-align: center;\"><a href=\"https:\/\/www.aehi.es\/\" target=\"_blank\" rel=\"noopener noreferrer\"><img loading=\"lazy\" decoding=\"async\" class=\"alignnone wp-image-8965\" src=\"https:\/\/www.aeemt.org\/pruebaweb\/wp-content\/uploads\/2020\/06\/AEHILogoOficialTexo_600ppp.jpg\" alt=\"\" width=\"382\" height=\"165\" \/><\/a><\/p>\n<p>[\/vc_column_text][\/vc_column][\/vc_row][vc_row rt_row_background_width=\u00bbdefault\u00bb rt_row_style=\u00bbdefault-style\u00bb rt_row_borders=\u00bb\u00bb rt_row_paddings=\u00bbtrue\u00bb rt_bg_effect=\u00bbclassic\u00bb rt_bg_image_repeat=\u00bbrepeat\u00bb rt_bg_size=\u00bbcover\u00bb rt_bg_position=\u00bbright top\u00bb rt_bg_attachment=\u00bbscroll\u00bb rt_bg_video_format=\u00bbself-hosted\u00bb][vc_column width=\u00bb1\/2&#8243; rt_wrp_col_paddings=\u00bbfalse\u00bb rt_border_top=\u00bb\u00bb rt_border_bottom=\u00bb\u00bb rt_border_left=\u00bb\u00bb rt_border_right=\u00bb\u00bb rt_border_top_mobile=\u00bb\u00bb rt_border_bottom_mobile=\u00bb\u00bb rt_border_left_mobile=\u00bb\u00bb rt_border_right_mobile=\u00bb\u00bb rt_bg_image_repeat=\u00bbrepeat\u00bb rt_bg_size=\u00bbauto auto\u00bb rt_bg_position=\u00bbright top\u00bb rt_bg_attachment=\u00bbscroll\u00bb][vc_column_text][\/vc_column_text][vc_video link=\u00bbhttps:\/\/youtu.be\/HVmiU8wsmZQ\u00bb][\/vc_column][vc_column width=\u00bb1\/2&#8243; rt_wrp_col_paddings=\u00bbfalse\u00bb rt_border_top=\u00bb\u00bb rt_border_bottom=\u00bb\u00bb rt_border_left=\u00bb\u00bb rt_border_right=\u00bb\u00bb rt_border_top_mobile=\u00bb\u00bb rt_border_bottom_mobile=\u00bb\u00bb rt_border_left_mobile=\u00bb\u00bb rt_border_right_mobile=\u00bb\u00bb rt_bg_image_repeat=\u00bbrepeat\u00bb rt_bg_size=\u00bbauto auto\u00bb rt_bg_position=\u00bbright top\u00bb rt_bg_attachment=\u00bbscroll\u00bb][vc_column_text]<strong>Masterclass: Innovacion cient\u00edfica en Medicina del Trabajo e Higiene Industrial frente al Covid19<\/strong><\/p>\n<p><strong>Organizan<\/strong>: <strong>Counterfog<\/strong>, <strong>AEEMT<\/strong> (Asociaci\u00f3n Espa\u00f1ola de Especialistas en Medicina del Trabajo),\u00a0<strong>UAH<\/strong> (Universidad de Alcal\u00e1) y <strong>AEHI<\/strong> (Asociaci\u00f3n Espa\u00f1ola de Higiene Industrial)<\/p>\n<p><strong>Fecha<\/strong>: Lunes 29 de junio 2020. 17:30 horas.<\/p>\n<div class=\"button_wrapper  aligncenter\"><a  href=\"https:\/\/eu.bbcollab.com\/guest\/6cecd04e1ee3415289642507d7342970\" target=\"_blank\" title=\"Streaming\" class=\"button_  default medium\"><strong>Acceso a la Classromm<\/strong><\/a><\/div>\n<p><strong>Moderador:<\/strong><\/p>\n<p><strong><em>Dr. Luis Reinoso Barbero<\/em><\/strong>. Presidente de la AEEMT.<\/p>\n<p><strong>Ponentes:<\/strong><\/p>\n<p><em><strong>D. Daniel Torregrosa.<\/strong><\/em> Licenciado en Ciencias Qu\u00edmicas. Especialista en Higiene Industrial. <strong>CUALTIS<\/strong>, SLU<\/p>\n<ul>\n<li>Medidas t\u00e9cnicas de prevenci\u00f3n frente al Covid19.<\/li>\n<\/ul>\n<p><strong><em>D. Jos\u00e9 Luis P\u00e9rez D\u00edaz<\/em><\/strong>. Doctor en Ciencias F\u00edsicas e Ingeniero Industrial. Catedr\u00e1tico de Ingenier\u00eda Mec\u00e1nica. <strong>UNIVERSIDAD DE ALCAL\u00c1<\/strong><strong>\u00a0<\/strong>y Consejero Delegado de <strong>COUNTERFOG<\/strong> EBT de la UAH SL<\/p>\n<ul>\n<li>Tecnolog\u00eda avanzada de desinfecci\u00f3n y descontaminaci\u00f3n r\u00e1pida.<\/li>\n<\/ul>\n<p>*Esta Classroom tendr\u00e1 lugar el <strong>lunes 29 de Junio<\/strong> de 2020 a partir de las <strong>17:30<\/strong><\/p>\n<p>Esperamos que esta nueva actividad les resulte de inter\u00e9s.<\/p>\n<p>Gracias a todos.[\/vc_column_text][\/vc_column][\/vc_row][vc_row rt_row_background_width=\u00bbdefault\u00bb rt_row_style=\u00bbdefault-style\u00bb rt_row_borders=\u00bb\u00bb rt_row_paddings=\u00bbtrue\u00bb rt_bg_effect=\u00bbclassic\u00bb rt_bg_image_repeat=\u00bbrepeat\u00bb rt_bg_size=\u00bbcover\u00bb rt_bg_position=\u00bbright top\u00bb rt_bg_attachment=\u00bbscroll\u00bb rt_bg_video_format=\u00bbself-hosted\u00bb][vc_column width=\u00bb1\/3&#8243; rt_wrp_col_paddings=\u00bbfalse\u00bb rt_border_top=\u00bb\u00bb rt_border_bottom=\u00bb\u00bb rt_border_left=\u00bb\u00bb rt_border_right=\u00bb\u00bb rt_border_top_mobile=\u00bb\u00bb rt_border_bottom_mobile=\u00bb\u00bb rt_border_left_mobile=\u00bb\u00bb rt_border_right_mobile=\u00bb\u00bb rt_bg_image_repeat=\u00bbrepeat\u00bb rt_bg_size=\u00bbauto auto\u00bb rt_bg_position=\u00bbright top\u00bb rt_bg_attachment=\u00bbscroll\u00bb][vc_column_text]<\/p>\n<p style=\"text-align: center;\"><strong>Luis Reinoso-Barbero<\/strong><br \/>\n<em>Presidente AEEMT<\/em><\/p>\n<p>[\/vc_column_text][\/vc_column][vc_column width=\u00bb1\/3&#8243; rt_wrp_col_paddings=\u00bbfalse\u00bb rt_border_top=\u00bb\u00bb rt_border_bottom=\u00bb\u00bb rt_border_left=\u00bb\u00bb rt_border_right=\u00bb\u00bb rt_border_top_mobile=\u00bb\u00bb rt_border_bottom_mobile=\u00bb\u00bb rt_border_left_mobile=\u00bb\u00bb rt_border_right_mobile=\u00bb\u00bb rt_bg_image_repeat=\u00bbrepeat\u00bb rt_bg_size=\u00bbauto auto\u00bb rt_bg_position=\u00bbright top\u00bb rt_bg_attachment=\u00bbscroll\u00bb][vc_column_text]<\/p>\n<p style=\"text-align: center;\"><strong>Dra. Carmen Serrano<\/strong><br \/>\n<em>Vicepta. AEEMT<\/em><\/p>\n<p>[\/vc_column_text][\/vc_column][\/vc_row]<\/p>\n","protected":false},"excerpt":{"rendered":"<p>[vc_row rt_row_background_width=\u00bbdefault\u00bb rt_row_style=\u00bbdefault-style\u00bb rt_row_borders=\u00bb\u00bb rt_row_paddings=\u00bbtrue\u00bb rt_bg_effect=\u00bbclassic\u00bb rt_bg_image_repeat=\u00bbrepeat\u00bb rt_bg_size=\u00bbcover\u00bb rt_bg_position=\u00bbright top\u00bb rt_bg_attachment=\u00bbscroll\u00bb rt_bg_video_format=\u00bbself-hosted\u00bb][vc_column width=\u00bb1\/4&#8243; rt_wrp_col_paddings=\u00bbfalse\u00bb rt_border_top=\u00bb\u00bb rt_border_bottom=\u00bb\u00bb rt_border_left=\u00bb\u00bb rt_border_right=\u00bb\u00bb rt_border_top_mobile=\u00bb\u00bb rt_border_bottom_mobile=\u00bb\u00bb rt_border_left_mobile=\u00bb\u00bb rt_border_right_mobile=\u00bb\u00bb rt_bg_image_repeat=\u00bbrepeat\u00bb rt_bg_size=\u00bbauto auto\u00bb rt_bg_position=\u00bbright top\u00bb rt_bg_attachment=\u00bbscroll\u00bb][vc_column_text] Organizan [\/vc_column_text][\/vc_column][vc_column [&hellip;]<\/p>\n","protected":false},"author":1,"featured_media":0,"parent":0,"menu_order":0,"comment_status":"closed","ping_status":"closed","template":"","meta":{"footnotes":""},"class_list":["post-8971","page","type-page","status-publish","hentry"],"_links":{"self":[{"href":"https:\/\/www.aeemt.org\/web\/wp-json\/wp\/v2\/pages\/8971"}],"collection":[{"href":"https:\/\/www.aeemt.org\/web\/wp-json\/wp\/v2\/pages"}],"about":[{"href":"https:\/\/www.aeemt.org\/web\/wp-json\/wp\/v2\/types\/page"}],"author":[{"embeddable":true,"href":"https:\/\/www.aeemt.org\/web\/wp-json\/wp\/v2\/users\/1"}],"replies":[{"embeddable":true,"href":"https:\/\/www.aeemt.org\/web\/wp-json\/wp\/v2\/comments?post=8971"}],"version-history":[{"count":0,"href":"https:\/\/www.aeemt.org\/web\/wp-json\/wp\/v2\/pages\/8971\/revisions"}],"wp:attachment":[{"href":"https:\/\/www.aeemt.org\/web\/wp-json\/wp\/v2\/media?parent=8971"}],"curies":[{"name":"wp","href":"https:\/\/api.w.org\/{rel}","templated":true}]}}