{"id":8620,"date":"2020-06-04T18:41:51","date_gmt":"2020-06-04T18:41:51","guid":{"rendered":"http:\/\/www.aeemt.com\/web\/?page_id=8620"},"modified":"2020-06-04T18:41:51","modified_gmt":"2020-06-04T18:41:51","slug":"video-grabado-cursos-clinifarma-aeemt-2020-prostata-masculino-y-singular-del-psa-a-los-tratamientos-minimamente-invasivos-quo-vadis-2020","status":"publish","type":"page","link":"https:\/\/www.aeemt.org\/web\/video-grabado-cursos-clinifarma-aeemt-2020-prostata-masculino-y-singular-del-psa-a-los-tratamientos-minimamente-invasivos-quo-vadis-2020\/","title":{"rendered":"Video Grabado. Cursos Clinifarma-AEEMT 2020. Pr\u00f3stata, masculino y singular: Del PSA a los tratamientos m\u00ednimamente invasivos, Quo Vadis 2020"},"content":{"rendered":"<p>[vc_row rt_row_background_width=\u00bbdefault\u00bb rt_row_style=\u00bbdefault-style\u00bb rt_row_borders=\u00bb\u00bb rt_row_paddings=\u00bbtrue\u00bb rt_bg_effect=\u00bbclassic\u00bb rt_bg_image_repeat=\u00bbrepeat\u00bb rt_bg_size=\u00bbcover\u00bb rt_bg_position=\u00bbright top\u00bb rt_bg_attachment=\u00bbscroll\u00bb rt_bg_video_format=\u00bbself-hosted\u00bb][vc_column width=\u00bb1\/4&#8243; rt_wrp_col_paddings=\u00bbfalse\u00bb rt_border_top=\u00bb\u00bb rt_border_bottom=\u00bb\u00bb rt_border_left=\u00bb\u00bb rt_border_right=\u00bb\u00bb rt_border_top_mobile=\u00bb\u00bb rt_border_bottom_mobile=\u00bb\u00bb rt_border_left_mobile=\u00bb\u00bb rt_border_right_mobile=\u00bb\u00bb rt_bg_image_repeat=\u00bbrepeat\u00bb rt_bg_size=\u00bbauto auto\u00bb rt_bg_position=\u00bbright top\u00bb rt_bg_attachment=\u00bbscroll\u00bb][vc_column_text]<\/p>\n<h3 style=\"text-align: center;\">Patrocinan<\/h3>\n<h3 style=\"text-align: center;\"><img loading=\"lazy\" decoding=\"async\" class=\"wp-image-4041 aligncenter\" src=\"http:\/\/www.aeemt.com\/web\/wp-content\/uploads\/2017\/09\/image001.png\" alt=\"\" width=\"259\" height=\"100\" \/><\/h3>\n<p>[\/vc_column_text][\/vc_column][vc_column width=\u00bb1\/4&#8243; rt_wrp_col_paddings=\u00bbfalse\u00bb rt_border_top=\u00bb\u00bb rt_border_bottom=\u00bb\u00bb rt_border_left=\u00bb\u00bb rt_border_right=\u00bb\u00bb rt_border_top_mobile=\u00bb\u00bb rt_border_bottom_mobile=\u00bb\u00bb rt_border_left_mobile=\u00bb\u00bb rt_border_right_mobile=\u00bb\u00bb rt_bg_image_repeat=\u00bbrepeat\u00bb rt_bg_size=\u00bbauto auto\u00bb rt_bg_position=\u00bbright top\u00bb rt_bg_attachment=\u00bbscroll\u00bb][vc_column_text]<\/p>\n<h3 style=\"text-align: center;\"><img loading=\"lazy\" decoding=\"async\" class=\"alignnone wp-image-8419 \" src=\"https:\/\/www.aeemt.org\/pruebaweb\/wp-content\/uploads\/2020\/05\/GP_Pharm_0_20180323104442_20180416074124.jpg\" alt=\"\" width=\"215\" height=\"215\" srcset=\"https:\/\/www.aeemt.org\/web\/wp-content\/uploads\/2020\/05\/GP_Pharm_0_20180323104442_20180416074124.jpg 320w, https:\/\/www.aeemt.org\/web\/wp-content\/uploads\/2020\/05\/GP_Pharm_0_20180323104442_20180416074124-300x300.jpg 300w, https:\/\/www.aeemt.org\/web\/wp-content\/uploads\/2020\/05\/GP_Pharm_0_20180323104442_20180416074124-100x100.jpg 100w, https:\/\/www.aeemt.org\/web\/wp-content\/uploads\/2020\/05\/GP_Pharm_0_20180323104442_20180416074124-150x150.jpg 150w\" sizes=\"(max-width: 215px) 100vw, 215px\" \/><\/h3>\n<p>[\/vc_column_text][\/vc_column][vc_column width=\u00bb1\/4&#8243; rt_wrp_col_paddings=\u00bbfalse\u00bb rt_border_top=\u00bb\u00bb rt_border_bottom=\u00bb\u00bb rt_border_left=\u00bb\u00bb rt_border_right=\u00bb\u00bb rt_border_top_mobile=\u00bb\u00bb rt_border_bottom_mobile=\u00bb\u00bb rt_border_left_mobile=\u00bb\u00bb rt_border_right_mobile=\u00bb\u00bb rt_bg_image_repeat=\u00bbrepeat\u00bb rt_bg_size=\u00bbauto auto\u00bb rt_bg_position=\u00bbright top\u00bb rt_bg_attachment=\u00bbscroll\u00bb][vc_column_text]<\/p>\n<h3 style=\"text-align: center;\">Organiza<\/h3>\n<h3 style=\"text-align: center;\"><img loading=\"lazy\" decoding=\"async\" class=\"wp-image-3534 aligncenter\" src=\"http:\/\/www.aeemt.com\/web\/wp-content\/uploads\/2017\/05\/logoDibujado.png\" alt=\"\" width=\"133\" height=\"135\" srcset=\"https:\/\/www.aeemt.org\/web\/wp-content\/uploads\/2017\/05\/logoDibujado.png 402w, https:\/\/www.aeemt.org\/web\/wp-content\/uploads\/2017\/05\/logoDibujado-296x300.png 296w\" sizes=\"(max-width: 133px) 100vw, 133px\" \/><\/h3>\n<p>[\/vc_column_text][\/vc_column][vc_column width=\u00bb1\/4&#8243; rt_wrp_col_paddings=\u00bbfalse\u00bb rt_border_top=\u00bb\u00bb rt_border_bottom=\u00bb\u00bb rt_border_left=\u00bb\u00bb rt_border_right=\u00bb\u00bb rt_border_top_mobile=\u00bb\u00bb rt_border_bottom_mobile=\u00bb\u00bb rt_border_left_mobile=\u00bb\u00bb rt_border_right_mobile=\u00bb\u00bb rt_bg_image_repeat=\u00bbrepeat\u00bb rt_bg_size=\u00bbauto auto\u00bb rt_bg_position=\u00bbright top\u00bb rt_bg_attachment=\u00bbscroll\u00bb][vc_column_text]<\/p>\n<p style=\"text-align: center;\"><img loading=\"lazy\" decoding=\"async\" class=\"alignnone wp-image-8420\" src=\"https:\/\/www.aeemt.org\/pruebaweb\/wp-content\/uploads\/2020\/05\/Lyx_vertical.jpg\" alt=\"\" width=\"505\" height=\"144\" srcset=\"https:\/\/www.aeemt.org\/web\/wp-content\/uploads\/2020\/05\/Lyx_vertical.jpg 1654w, https:\/\/www.aeemt.org\/web\/wp-content\/uploads\/2020\/05\/Lyx_vertical-600x171.jpg 600w, https:\/\/www.aeemt.org\/web\/wp-content\/uploads\/2020\/05\/Lyx_vertical-300x86.jpg 300w, https:\/\/www.aeemt.org\/web\/wp-content\/uploads\/2020\/05\/Lyx_vertical-1024x292.jpg 1024w, https:\/\/www.aeemt.org\/web\/wp-content\/uploads\/2020\/05\/Lyx_vertical-768x219.jpg 768w, https:\/\/www.aeemt.org\/web\/wp-content\/uploads\/2020\/05\/Lyx_vertical-1536x438.jpg 1536w\" sizes=\"(max-width: 505px) 100vw, 505px\" \/><\/p>\n<p>[\/vc_column_text][\/vc_column][\/vc_row][vc_row rt_row_background_width=\u00bbdefault\u00bb rt_row_style=\u00bbdefault-style\u00bb rt_row_borders=\u00bb\u00bb rt_row_paddings=\u00bbtrue\u00bb rt_bg_effect=\u00bbclassic\u00bb rt_bg_image_repeat=\u00bbrepeat\u00bb rt_bg_size=\u00bbcover\u00bb rt_bg_position=\u00bbright top\u00bb rt_bg_attachment=\u00bbscroll\u00bb rt_bg_video_format=\u00bbself-hosted\u00bb][vc_column width=\u00bb1\/2&#8243; rt_wrp_col_paddings=\u00bbfalse\u00bb rt_border_top=\u00bb\u00bb rt_border_bottom=\u00bb\u00bb rt_border_left=\u00bb\u00bb rt_border_right=\u00bb\u00bb rt_border_top_mobile=\u00bb\u00bb rt_border_bottom_mobile=\u00bb\u00bb rt_border_left_mobile=\u00bb\u00bb rt_border_right_mobile=\u00bb\u00bb rt_bg_image_repeat=\u00bbrepeat\u00bb rt_bg_size=\u00bbauto auto\u00bb rt_bg_position=\u00bbright top\u00bb rt_bg_attachment=\u00bbscroll\u00bb][vc_video link=\u00bbhttps:\/\/youtu.be\/DWxI1AmHNJw\u00bb][vc_column_text]Suscr\u00edbete a nuestro <a href=\"https:\/\/www.youtube.com\/channel\/UCNLO2eURcKj9TnOj6Dn0GnQ\/\" target=\"_blank\" rel=\"noopener noreferrer\"><strong>Canal de Youtube<\/strong><\/a> y tendr\u00e1s acceso a todos nuestros v\u00eddeos grabados, emisiones en directo y notificaciones de actividad<\/p>\n<p style=\"text-align: center;\"><a href=\"https:\/\/www.youtube.com\/channel\/UCNLO2eURcKj9TnOj6Dn0GnQ?sub_confirmation=1\" target=\"_blank\" rel=\"noopener noreferrer\"><img loading=\"lazy\" decoding=\"async\" class=\"alignnone size-full wp-image-8600\" src=\"https:\/\/www.aeemt.org\/pruebaweb\/wp-content\/uploads\/2020\/06\/You-Tube-Suscrpcion.jpg\" alt=\"\" width=\"381\" height=\"132\" srcset=\"https:\/\/www.aeemt.org\/web\/wp-content\/uploads\/2020\/06\/You-Tube-Suscrpcion.jpg 381w, https:\/\/www.aeemt.org\/web\/wp-content\/uploads\/2020\/06\/You-Tube-Suscrpcion-300x104.jpg 300w\" sizes=\"(max-width: 381px) 100vw, 381px\" \/><\/a><\/p>\n<p>[\/vc_column_text][vc_column_text]<\/p>\n<h3>ACTUALIZACI\u00d3N UROL\u00d3GICA PARA EL M\u00c9DICO DEL TRABAJO, patrocinado por Clinifarma y\u00a0Gp-Pharm y organizado por la Lyx Instituto de urolog\u00eda y la AEEMT.<\/h3>\n<p><strong>Pr\u00f3stata, masculino y singular: Del PSA a los tratamientos m\u00ednimamente invasivos, Quo Vadis 2020.<\/strong><\/p>\n<p style=\"text-align: justify;\">Durante la sesi\u00f3n se repasar\u00e1 de manera sencilla y did\u00e1ctica el manejo diagn\u00f3stico y terap\u00e9utico de la Hiperplasia Benigna de Pr\u00f3stata, Vejiga Hiperactiva del var\u00f3n y C\u00e1ncer de Pr\u00f3stata. Se har\u00e1 hincapi\u00e9 en los \u00faltimos avances en Resonancia Magn\u00e9tica y uso de biomarcadores en la pr\u00e1ctica cl\u00ednica.<\/p>\n<p style=\"text-align: justify;\">Repasaremos los tratamientos farmacol\u00f3gicos de la HBP y VH del var\u00f3n, as\u00ed como las opciones de tratamiento quir\u00fargico m\u00ednimamente invasivo, l\u00e1seres, cirug\u00eda rob\u00f3tica, Rezum, entre otros<\/p>\n<p>FECHA Y HORA:\u00a0<strong> JUEVES 4 DE JUNIO \u2013 16:30 h.<\/strong><\/p>\n<p><em><strong>PONENTES:<\/strong><\/em><\/p>\n<p style=\"padding-left: 30px;\"><em><strong>Dr. Juan I. Mart\u00ednez-Salamanca. <\/strong><\/em><\/p>\n<p style=\"padding-left: 30px;\">Especialista en Urolog\u00eda. Hospital Universitario Puerta de Hierro-Majadahonda. Lyx Instituto de Urolog\u00eda.<\/p>\n<p><strong>Coordinador:\u00a0<\/strong><\/p>\n<p style=\"padding-left: 30px;\"><strong><em>Dr. Gregorio Gil L\u00f3pez.\u00a0<\/em><\/strong>Director del Servicio Operativo Sanitario. Presidencia del Gobierno.<\/p>\n<p>&nbsp;<\/p>\n<p><strong>DIRECCION POSTAL DONDE SE REALIZAR\u00c1 LA GRABACI\u00d3N<\/strong><br \/>\n<strong>Ministerio de la Presidencia, Aula \u201cG\u201d \u2013 Edificio Servicios, Complejo de la Moncloa, Av Puerta de Hierro S\/N, 28071 Madrid<\/strong><\/p>\n<p>Les recordamos\u00a0 que a estos cursos\u00a0solo ser\u00e1n accesibles a trav\u00e9s de nuestra web\u00a0 mediante v\u00eddeo en streaming.<\/p>\n<div class=\"button_wrapper  aligncenter\"><a  href=\"https:\/\/www.youtube.com\/channel\/UCNLO2eURcKj9TnOj6Dn0GnQ\" target=\"_blank\" title=\"Streaming\" class=\"button_  default medium\"><strong>Video en streaming del curso<\/strong><\/a><\/div>\n<p><strong>*El streaming en directo ser\u00e1 emitido el\u00a0jueves\u00a04 de Junio de 2020 a partir de las 16:30<\/strong><\/p>\n<p>&nbsp;<\/p>\n<p>Esperamos que esta nueva actividad les resulte de inter\u00e9s.<\/p>\n<p>Gracias a todos.[\/vc_column_text][vc_column_text][\/vc_column_text][\/vc_column][vc_column width=\u00bb1\/2&#8243; rt_wrp_col_paddings=\u00bbfalse\u00bb rt_border_top=\u00bb\u00bb rt_border_bottom=\u00bb\u00bb rt_border_left=\u00bb\u00bb rt_border_right=\u00bb\u00bb rt_border_top_mobile=\u00bb\u00bb rt_border_bottom_mobile=\u00bb\u00bb rt_border_left_mobile=\u00bb\u00bb rt_border_right_mobile=\u00bb\u00bb rt_bg_image_repeat=\u00bbrepeat\u00bb rt_bg_size=\u00bbauto auto\u00bb rt_bg_position=\u00bbright top\u00bb rt_bg_attachment=\u00bbscroll\u00bb][vc_column_text]<\/p>\n<p style=\"text-align: center;\"><img loading=\"lazy\" decoding=\"async\" class=\"alignnone size-full wp-image-8426\" src=\"https:\/\/www.aeemt.org\/pruebaweb\/wp-content\/uploads\/2020\/05\/IMG-20200524-WA0018.jpg\" alt=\"\" width=\"935\" height=\"1079\" srcset=\"https:\/\/www.aeemt.org\/web\/wp-content\/uploads\/2020\/05\/IMG-20200524-WA0018.jpg 935w, https:\/\/www.aeemt.org\/web\/wp-content\/uploads\/2020\/05\/IMG-20200524-WA0018-600x692.jpg 600w, https:\/\/www.aeemt.org\/web\/wp-content\/uploads\/2020\/05\/IMG-20200524-WA0018-260x300.jpg 260w, https:\/\/www.aeemt.org\/web\/wp-content\/uploads\/2020\/05\/IMG-20200524-WA0018-887x1024.jpg 887w, https:\/\/www.aeemt.org\/web\/wp-content\/uploads\/2020\/05\/IMG-20200524-WA0018-768x886.jpg 768w\" sizes=\"(max-width: 935px) 100vw, 935px\" \/><\/p>\n<p>[\/vc_column_text][\/vc_column][\/vc_row][vc_row rt_row_background_width=\u00bbdefault\u00bb rt_row_style=\u00bbdefault-style\u00bb rt_row_borders=\u00bb\u00bb rt_row_paddings=\u00bbtrue\u00bb rt_bg_effect=\u00bbclassic\u00bb rt_bg_image_repeat=\u00bbrepeat\u00bb rt_bg_size=\u00bbcover\u00bb rt_bg_position=\u00bbright top\u00bb rt_bg_attachment=\u00bbscroll\u00bb rt_bg_video_format=\u00bbself-hosted\u00bb][vc_column width=\u00bb1\/3&#8243; rt_wrp_col_paddings=\u00bbfalse\u00bb rt_border_top=\u00bb\u00bb rt_border_bottom=\u00bb\u00bb rt_border_left=\u00bb\u00bb rt_border_right=\u00bb\u00bb rt_border_top_mobile=\u00bb\u00bb rt_border_bottom_mobile=\u00bb\u00bb rt_border_left_mobile=\u00bb\u00bb rt_border_right_mobile=\u00bb\u00bb rt_bg_image_repeat=\u00bbrepeat\u00bb rt_bg_size=\u00bbauto auto\u00bb rt_bg_position=\u00bbright top\u00bb rt_bg_attachment=\u00bbscroll\u00bb][vc_column_text]<\/p>\n<p style=\"text-align: center;\"><strong>Luis Reinoso-Barbero<\/strong><br \/>\n<em>Presidente AEEMT<\/em><\/p>\n<p>[\/vc_column_text][\/vc_column][vc_column width=\u00bb1\/3&#8243; rt_wrp_col_paddings=\u00bbfalse\u00bb rt_border_top=\u00bb\u00bb rt_border_bottom=\u00bb\u00bb rt_border_left=\u00bb\u00bb rt_border_right=\u00bb\u00bb rt_border_top_mobile=\u00bb\u00bb rt_border_bottom_mobile=\u00bb\u00bb rt_border_left_mobile=\u00bb\u00bb rt_border_right_mobile=\u00bb\u00bb rt_bg_image_repeat=\u00bbrepeat\u00bb rt_bg_size=\u00bbauto auto\u00bb rt_bg_position=\u00bbright top\u00bb rt_bg_attachment=\u00bbscroll\u00bb][vc_column_text]<\/p>\n<p style=\"text-align: center;\"><strong>Dra. Carmen Serrano<\/strong><br \/>\n<em>Vicepta. AEEMT<\/em><\/p>\n<p>[\/vc_column_text][\/vc_column][\/vc_row]<\/p>\n","protected":false},"excerpt":{"rendered":"<p>[vc_row rt_row_background_width=\u00bbdefault\u00bb rt_row_style=\u00bbdefault-style\u00bb rt_row_borders=\u00bb\u00bb rt_row_paddings=\u00bbtrue\u00bb rt_bg_effect=\u00bbclassic\u00bb rt_bg_image_repeat=\u00bbrepeat\u00bb rt_bg_size=\u00bbcover\u00bb rt_bg_position=\u00bbright top\u00bb rt_bg_attachment=\u00bbscroll\u00bb rt_bg_video_format=\u00bbself-hosted\u00bb][vc_column width=\u00bb1\/4&#8243; rt_wrp_col_paddings=\u00bbfalse\u00bb rt_border_top=\u00bb\u00bb rt_border_bottom=\u00bb\u00bb rt_border_left=\u00bb\u00bb rt_border_right=\u00bb\u00bb rt_border_top_mobile=\u00bb\u00bb rt_border_bottom_mobile=\u00bb\u00bb rt_border_left_mobile=\u00bb\u00bb rt_border_right_mobile=\u00bb\u00bb rt_bg_image_repeat=\u00bbrepeat\u00bb rt_bg_size=\u00bbauto auto\u00bb rt_bg_position=\u00bbright top\u00bb rt_bg_attachment=\u00bbscroll\u00bb][vc_column_text] Patrocinan [\/vc_column_text][\/vc_column][vc_column [&hellip;]<\/p>\n","protected":false},"author":1,"featured_media":0,"parent":0,"menu_order":0,"comment_status":"closed","ping_status":"closed","template":"","meta":{"footnotes":""},"class_list":["post-8620","page","type-page","status-publish","hentry"],"_links":{"self":[{"href":"https:\/\/www.aeemt.org\/web\/wp-json\/wp\/v2\/pages\/8620"}],"collection":[{"href":"https:\/\/www.aeemt.org\/web\/wp-json\/wp\/v2\/pages"}],"about":[{"href":"https:\/\/www.aeemt.org\/web\/wp-json\/wp\/v2\/types\/page"}],"author":[{"embeddable":true,"href":"https:\/\/www.aeemt.org\/web\/wp-json\/wp\/v2\/users\/1"}],"replies":[{"embeddable":true,"href":"https:\/\/www.aeemt.org\/web\/wp-json\/wp\/v2\/comments?post=8620"}],"version-history":[{"count":0,"href":"https:\/\/www.aeemt.org\/web\/wp-json\/wp\/v2\/pages\/8620\/revisions"}],"wp:attachment":[{"href":"https:\/\/www.aeemt.org\/web\/wp-json\/wp\/v2\/media?parent=8620"}],"curies":[{"name":"wp","href":"https:\/\/api.w.org\/{rel}","templated":true}]}}