{"id":8227,"date":"2020-04-21T02:04:18","date_gmt":"2020-04-21T02:04:18","guid":{"rendered":"http:\/\/www.aeemt.com\/web\/?page_id=8227"},"modified":"2020-04-21T02:04:18","modified_gmt":"2020-04-21T02:04:18","slug":"region-de-murcia-informacion-covid19","status":"publish","type":"page","link":"https:\/\/www.aeemt.org\/web\/region-de-murcia-informacion-covid19\/","title":{"rendered":"Regi\u00f3n de Murcia. Informaci\u00f3n Covid19"},"content":{"rendered":"<div class=\"col-md-8 col-sm-12\">\n<div class=\"d-flex align-items-center row\">\n<div class=\"col-md-3 col-sm-4 col-5\"><img decoding=\"async\" class=\"Details_DetailsIcon__YyqtL\" src=\"https:\/\/covid19.gob.es\/sites\/default\/files\/logo-mapa\/logo-murcia.png\" alt=\"Regi\u00f3n de Murcia\" \/><\/div>\n<div class=\"col-md-9 col-sm-8 col-7\">\n<div>\n<h1 class=\"Details_DetailsTitlePrimary__1NGpU\">Regi\u00f3n de Murcia<\/h1>\n<\/div>\n<\/div>\n<\/div>\n<div class=\"Content_Space--xl__25m_B row\">\n<div class=\"col\">\n<div class=\"Content_Space__1SNMm\">\n<h3 class=\"Details_DetailsInfoTitle__3Wzia\">Informaci\u00f3n sobre el COVID-19<\/h3>\n<ul class=\"Details_DetailsInfo__1jWrj\">\n<li><a href=\"http:\/\/www.murciasalud.es\/pagina.php?id=458440\" target=\"_blank\" rel=\"noopener noreferrer\">Informaci\u00f3n para la Ciudadan\u00eda<\/a><\/li>\n<li><a href=\"http:\/\/www.murciasalud.es\/pagina.php?id=455585\" target=\"_blank\" rel=\"noopener noreferrer\">Datos sobre el Coronavirus en Murcia<\/a><\/li>\n<\/ul>\n<\/div>\n<div class=\"Content_Space__1SNMm\">\n<div>\n<h3 class=\"Fonts_TertiaryTitle__1dalN Fonts_Blue__Qqdf9 Fonts_Bold__1_EEJ Content_SpaceBottom--xl__1W4Pn\">Autotest Coronavirus COVID-19<\/h3>\n<p><a href=\"https:\/\/sms.carm.es\/CoronavirusAutoTest.html\" target=\"_blank\" rel=\"noopener noreferrer\"><img decoding=\"async\" class=\"AvailableApps_StoreIcon__3bFrI\" src=\"https:\/\/covid19.gob.es\/sites\/default\/files\/logo-mapa\/logo-murcia-salud.png\" alt=\"Autotest Coronavirus COVID-19\" \/><\/a><\/div>\n<\/div>\n<\/div>\n<\/div>\n<\/div>\n<div class=\"Details_PhoneSection__3trJS col-md-4 col-sm-12\">\n<div class=\"AvailablePhones_PhoneCard__3UOxH\">\n<div class=\"Content_Space__1SNMm\">\n<h3 class=\"AvailablePhones_PhoneTitle__3_7na Content_Space__1SNMm\">Tel\u00e9fono Coronavirus con s\u00edntomas<\/h3>\n<p><span class=\"AvailablePhones_Phone__3tWDe\">112<\/span><\/div>\n<div class=\"Content_Space__1SNMm\">\n<h3 class=\"AvailablePhones_PhoneTitle__3_7na Content_Space__1SNMm\">Tel\u00e9fono Informaci\u00f3n Coronavirus<\/h3>\n<p><span class=\"AvailablePhones_Phone__3tWDe\">900 121 212<\/span><\/div>\n<\/div>\n<\/div>\n","protected":false},"excerpt":{"rendered":"<p>Regi\u00f3n de Murcia Informaci\u00f3n sobre el COVID-19 Informaci\u00f3n para la Ciudadan\u00eda Datos sobre el Coronavirus en Murcia Autotest Coronavirus COVID-19 Tel\u00e9fono Coronavirus con s\u00edntomas 112 Tel\u00e9fono Informaci\u00f3n Coronavirus 900 121 [&hellip;]<\/p>\n","protected":false},"author":1,"featured_media":0,"parent":0,"menu_order":0,"comment_status":"closed","ping_status":"closed","template":"","meta":{"footnotes":""},"class_list":["post-8227","page","type-page","status-publish","hentry"],"_links":{"self":[{"href":"https:\/\/www.aeemt.org\/web\/wp-json\/wp\/v2\/pages\/8227"}],"collection":[{"href":"https:\/\/www.aeemt.org\/web\/wp-json\/wp\/v2\/pages"}],"about":[{"href":"https:\/\/www.aeemt.org\/web\/wp-json\/wp\/v2\/types\/page"}],"author":[{"embeddable":true,"href":"https:\/\/www.aeemt.org\/web\/wp-json\/wp\/v2\/users\/1"}],"replies":[{"embeddable":true,"href":"https:\/\/www.aeemt.org\/web\/wp-json\/wp\/v2\/comments?post=8227"}],"version-history":[{"count":0,"href":"https:\/\/www.aeemt.org\/web\/wp-json\/wp\/v2\/pages\/8227\/revisions"}],"wp:attachment":[{"href":"https:\/\/www.aeemt.org\/web\/wp-json\/wp\/v2\/media?parent=8227"}],"curies":[{"name":"wp","href":"https:\/\/api.w.org\/{rel}","templated":true}]}}