{"id":8170,"date":"2020-04-21T00:03:51","date_gmt":"2020-04-21T00:03:51","guid":{"rendered":"http:\/\/www.aeemt.com\/web\/?page_id=8170"},"modified":"2020-04-21T00:03:51","modified_gmt":"2020-04-21T00:03:51","slug":"aragon-informacion-covid19","status":"publish","type":"page","link":"https:\/\/www.aeemt.org\/web\/aragon-informacion-covid19\/","title":{"rendered":"Arag\u00f3n. Informaci\u00f3n Covid19"},"content":{"rendered":"<div class=\"col-md-8 col-sm-12\">\n<div class=\"d-flex align-items-center row\">\n<div class=\"col-md-3 col-sm-4 col-5\"><img decoding=\"async\" class=\"Details_DetailsIcon__YyqtL\" src=\"https:\/\/covid19.gob.es\/sites\/default\/files\/logo-mapa\/logo-aragon.png\" alt=\"Arag\u00f3n\" \/><\/div>\n<div class=\"col-md-9 col-sm-8 col-7\">\n<div>\n<h1 class=\"Details_DetailsTitlePrimary__1NGpU\">Arag\u00f3n<\/h1>\n<\/div>\n<\/div>\n<\/div>\n<div class=\"Content_Space--xl__25m_B row\">\n<div class=\"col\">\n<div class=\"Content_Space__1SNMm\">\n<h3 class=\"Details_DetailsInfoTitle__3Wzia\">Informaci\u00f3n sobre el COVID-19<\/h3>\n<ul class=\"Details_DetailsInfo__1jWrj\">\n<li><a href=\"https:\/\/www.aragon.es\/-\/informacion-sobre-el-coronavirus\" target=\"_blank\" rel=\"noopener noreferrer\">Recomendaciones de la Direcci\u00f3n General de Salud P\u00fablica<\/a><\/li>\n<li><a href=\"https:\/\/www.aragon.es\/-\/procedimiento-de-actuacion-frente-a-casos-de-infeccion-por-el-nuevo-coronavirus-en-aragon#anchor2\" target=\"_blank\" rel=\"noopener noreferrer\">Procedimiento de actuaci\u00f3n frente a casos de infecci\u00f3n<\/a><\/li>\n<li><a href=\"http:\/\/www.aragonhoy.net\/\" target=\"_blank\" rel=\"noopener noreferrer\">Toda la actualidad sobre el Coronavirus en Arag\u00f3n<\/a><\/li>\n<li><a href=\"https:\/\/opendata.aragon.es\/datos\/catalogo\/dataset\/publicaciones-y-anuncios-relacionados-con-el-coronavirus-en-aragon\" target=\"_blank\" rel=\"noopener noreferrer\">Open Data sobre el Coronavirus en Arag\u00f3n<\/a><\/li>\n<\/ul>\n<\/div>\n<div class=\"Content_Space__1SNMm\"><\/div>\n<\/div>\n<\/div>\n<\/div>\n<div class=\"Details_PhoneSection__3trJS col-md-4 col-sm-12\">\n<div class=\"AvailablePhones_PhoneCard__3UOxH\">\n<div class=\"Content_Space__1SNMm\">\n<h3 class=\"AvailablePhones_PhoneTitle__3_7na Content_Space__1SNMm\">Tel\u00e9fono Coronavirus con s\u00edntomas<\/h3>\n<p><span class=\"AvailablePhones_Phone__3tWDe\">976 696 382<\/span><\/p>\n<\/div>\n<div class=\"Content_Space__1SNMm\">\n<h3 class=\"AvailablePhones_PhoneTitle__3_7na Content_Space__1SNMm\">Tel\u00e9fono Urgencias. Sin s\u00edntomas Coronavirus<\/h3>\n<p><span class=\"AvailablePhones_Phone__3tWDe\">061<\/span><\/p>\n<\/div>\n<\/div>\n<\/div>\n","protected":false},"excerpt":{"rendered":"<p>Arag\u00f3n Informaci\u00f3n sobre el COVID-19 Recomendaciones de la Direcci\u00f3n General de Salud P\u00fablica Procedimiento de actuaci\u00f3n frente a casos de infecci\u00f3n Toda la actualidad sobre el Coronavirus en Arag\u00f3n Open [&hellip;]<\/p>\n","protected":false},"author":1,"featured_media":0,"parent":0,"menu_order":0,"comment_status":"closed","ping_status":"closed","template":"","meta":{"footnotes":""},"class_list":["post-8170","page","type-page","status-publish","hentry"],"_links":{"self":[{"href":"https:\/\/www.aeemt.org\/web\/wp-json\/wp\/v2\/pages\/8170"}],"collection":[{"href":"https:\/\/www.aeemt.org\/web\/wp-json\/wp\/v2\/pages"}],"about":[{"href":"https:\/\/www.aeemt.org\/web\/wp-json\/wp\/v2\/types\/page"}],"author":[{"embeddable":true,"href":"https:\/\/www.aeemt.org\/web\/wp-json\/wp\/v2\/users\/1"}],"replies":[{"embeddable":true,"href":"https:\/\/www.aeemt.org\/web\/wp-json\/wp\/v2\/comments?post=8170"}],"version-history":[{"count":0,"href":"https:\/\/www.aeemt.org\/web\/wp-json\/wp\/v2\/pages\/8170\/revisions"}],"wp:attachment":[{"href":"https:\/\/www.aeemt.org\/web\/wp-json\/wp\/v2\/media?parent=8170"}],"curies":[{"name":"wp","href":"https:\/\/api.w.org\/{rel}","templated":true}]}}