{"id":73763,"date":"2026-04-16T17:50:00","date_gmt":"2026-04-16T15:50:00","guid":{"rendered":"https:\/\/www.aeemt.org\/web\/?page_id=73763"},"modified":"2026-04-16T17:50:00","modified_gmt":"2026-04-16T15:50:00","slug":"revision-1-mdt-vol-35-n01-marzo-2026","status":"publish","type":"page","link":"https:\/\/www.aeemt.org\/web\/revision-1-mdt-vol-35-n01-marzo-2026\/","title":{"rendered":"Revisi\u00f3n 1 MDT Vol 35 N01 Marzo 2026"},"content":{"rendered":"<p>[vc_row rt_row_background_width=\u00bbdefault\u00bb rt_row_style=\u00bbdefault-style\u00bb rt_row_borders=\u00bb\u00bb rt_row_paddings=\u00bbtrue\u00bb rt_bg_effect=\u00bbclassic\u00bb rt_bg_image_repeat=\u00bbrepeat\u00bb rt_bg_size=\u00bbcover\u00bb rt_bg_position=\u00bbright top\u00bb rt_bg_attachment=\u00bbscroll\u00bb rt_bg_video_format=\u00bbself-hosted\u00bb][vc_column rt_wrp_col_paddings=\u00bbfalse\u00bb rt_border_top=\u00bb\u00bb rt_border_bottom=\u00bb\u00bb rt_border_left=\u00bb\u00bb rt_border_right=\u00bb\u00bb rt_border_top_mobile=\u00bb\u00bb rt_border_bottom_mobile=\u00bb\u00bb rt_border_left_mobile=\u00bb\u00bb rt_border_right_mobile=\u00bb\u00bb rt_bg_image_repeat=\u00bbrepeat\u00bb rt_bg_size=\u00bbauto auto\u00bb rt_bg_position=\u00bbright top\u00bb rt_bg_attachment=\u00bbscroll\u00bb]<div class=\"rt_heading_wrapper \">\n\t\t\t\t\t\t<h2 class=\"rt_heading  \" >La obligatoriedad de la \u201cVigilancia de la Salud Postocupacional\u201d en trabajadores expuestos a agentes cancer\u00edgenos. Revisi\u00f3n Bibliogr\u00e1fica<\/h2>\n\t\t\t\t\t<\/div>[\/vc_column][\/vc_row][vc_row rt_row_background_width=\u00bbdefault\u00bb rt_row_style=\u00bbdefault-style\u00bb rt_row_borders=\u00bb\u00bb rt_row_paddings=\u00bbtrue\u00bb rt_bg_effect=\u00bbclassic\u00bb rt_bg_image_repeat=\u00bbrepeat\u00bb rt_bg_size=\u00bbcover\u00bb rt_bg_position=\u00bbright top\u00bb rt_bg_attachment=\u00bbscroll\u00bb rt_bg_video_format=\u00bbself-hosted\u00bb][vc_column rt_wrp_col_paddings=\u00bbfalse\u00bb rt_border_top=\u00bb\u00bb rt_border_bottom=\u00bb\u00bb rt_border_left=\u00bb\u00bb rt_border_right=\u00bb\u00bb rt_border_top_mobile=\u00bb\u00bb rt_border_bottom_mobile=\u00bb\u00bb rt_border_left_mobile=\u00bb\u00bb rt_border_right_mobile=\u00bb\u00bb rt_bg_image_repeat=\u00bbrepeat\u00bb rt_bg_size=\u00bbauto auto\u00bb rt_bg_position=\u00bbright top\u00bb rt_bg_attachment=\u00bbscroll\u00bb][vc_column_text css=\u00bb\u00bb]<\/p>\n<p style=\"text-align: justify;\"><img loading=\"lazy\" decoding=\"async\" class=\" wp-image-70359 aligncenter\" src=\"https:\/\/www.aeemt.org\/web\/wp-content\/uploads\/2024\/09\/Revista_AEEMT_Cabecero-300x97.png\" alt=\"\" width=\"927\" height=\"300\" srcset=\"https:\/\/www.aeemt.org\/web\/wp-content\/uploads\/2024\/09\/Revista_AEEMT_Cabecero-300x97.png 300w, https:\/\/www.aeemt.org\/web\/wp-content\/uploads\/2024\/09\/Revista_AEEMT_Cabecero-768x248.png 768w, https:\/\/www.aeemt.org\/web\/wp-content\/uploads\/2024\/09\/Revista_AEEMT_Cabecero-600x193.png 600w, https:\/\/www.aeemt.org\/web\/wp-content\/uploads\/2024\/09\/Revista_AEEMT_Cabecero.png 934w\" sizes=\"(max-width: 927px) 100vw, 927px\" \/><\/p>\n<p style=\"text-align: justify;\">N\u00famero de la Revista: Vol. 35 &#8211; n\u00ba 01- Marzo 2026<\/p>\n<p><strong>Secci\u00f3n:<\/strong> Revisi\u00f3n<\/p>\n<p><strong>T\u00edtulo:<\/strong> La obligatoriedad de la \u201cVigilancia de la Salud Postocupacional\u201d en trabajadores expuestos a agentes cancer\u00edgenos. Revisi\u00f3n Bibliogr\u00e1fica.<\/p>\n<p style=\"text-align: justify;\"><strong>Autores:<\/strong><\/p>\n<p><strong><em>Ambar Deschamps Perdomo<\/em><\/strong><strong><em><sup>(1)<\/sup><\/em><\/strong><strong><em>, Yohana Salgado Balb\u00e1s<\/em><\/strong><strong><em><sup>(2)<\/sup><\/em><\/strong><br \/>\n<em><sup>1<\/sup><\/em><em>M\u00e9dico Especialista en Medicina del Trabajo. Organismo de Prevenci\u00f3n y Salud en el Trabajo. Franche-Comt\u00e9 (OP-<\/em> <em>SAT), Francia.<\/em><br \/>\n<em><sup>2<\/sup><\/em><em>Enfermera Especialista en Enfermer\u00eda del Trabajo. Servicio de Prevenci\u00f3n Propio HM Hospitales. Madrid, Espa\u00f1a.<\/em><\/p>\n<p><strong>Correspondencia:<\/strong><\/p>\n<p><strong><em>Ambar Deschamps Perdomo<\/em><\/strong><br \/>\nDirecci\u00f3n: 7 rue de Ch\u00e2tillon, Viry Ch\u00e2tillon, Francia.<br \/>\nCorreo electr\u00f3nico: <a href=\"mailto:ambardeschampsp@gmail.com\" target=\"_blank\" rel=\"noopener\">ambardeschampsp@gmail.com<\/a><\/p>\n<p><strong>Palabras Clave<\/strong>: Vigilancia de la salud; exposici\u00f3n ocupacional; carcin\u00f3genos; personas jubiladas; enfermedades profesionales.<\/p>\n<p><strong>Keywords<\/strong>: Health surveillance; occupational exposure; carcinogens; retired persons; occupational disease.<\/p>\n<p style=\"text-align: justify;\"><strong>Cita Art\u00edculo<\/strong>: Ambar Deschamps Perdomo, Yohana Salgado Balb\u00e1s. La obligatoriedad de la \u201cVigilancia de la Salud Postocupacional\u201d en trabajadores expuestos a agentes cancer\u00edgenos. Revisi\u00f3n Bibliogr\u00e1fica. Rev Asoc Esp Espec Med Trab 2026; 35(1):120-131<\/p>\n<p style=\"text-align: justify;\">Acceso al PDF: <div class=\"button_wrapper \"><a  href=\"https:\/\/www.aeemt.org\/Revista_AEEMT\/VOL_35_N01_2026_MAR\/120-131%20Revision_1.pdf\" target=\"_blank\" title=\"La obligatoriedad de la \u201cVigilancia de la Salud Postocupacional\u201d en trabajadores expuestos a agentes cancer\u00edgenos. Revisi\u00f3n Bibliogr\u00e1fica.\" class=\"button_  default medium\"><strong>PDF del Art\u00edculo<\/strong><\/a><\/div>\n<p><strong>RESUMEN.<\/strong><\/p>\n<p style=\"text-align: justify;\"><strong>Introducci\u00f3n:<\/strong> Existen enfermedades profesionales asociadas a agentes cancer\u00edgenos con largos periodos de latencia, que requieren una \u201cVigilancia de la Salud Postocupacional\u201d m\u00e1s all\u00e1 del cese de la exposici\u00f3n al riesgo. El objetivo de este art\u00edculo es analizar la evidencia cient\u00edfica existente para determinar necesidades de divulgaci\u00f3n e intervenciones.<\/p>\n<p style=\"text-align: justify;\"><strong>Material y M\u00e9todos:<\/strong> Revisi\u00f3n bibliogr\u00e1fica de art\u00edculos en las bases de datos de Medline y Google Acad\u00e9mico, con enfoque narrativo.<\/p>\n<p style=\"text-align: justify;\"><strong>Resultados:<\/strong> 16 art\u00edculos revisados y sintetizados por ejes tem\u00e1ticos.<\/p>\n<p style=\"text-align: justify;\"><strong>Discusi\u00f3n y conclusiones:<\/strong> Es necesario ampliar la investigaci\u00f3n hacia nuevos agentes carcinog\u00e9nicos, factores predisponentes y exposiciones mixtas, as\u00ed como prolongar m\u00e1s all\u00e1 de la jubilaci\u00f3n los \u201cProtocolos de Vigilancia Postocupacional\u201d y actualizar sus modelos predictivos, valores l\u00edmite de exposici\u00f3n, periodicidad y pruebas de cribado, e individualizarlos. Se requiere m\u00e1s formaci\u00f3n, informaci\u00f3n, sensibilizaci\u00f3n, normalizaci\u00f3n y coordinaci\u00f3n entre sistemas sanitarios de estos protocolos de detecci\u00f3n precoz de enfermedades profesionales carcinog\u00e9nicas.<\/p>\n<p style=\"text-align: justify;\"><strong>Title: <\/strong><strong>MANDATORY \u201cPOST-OCCUPATIONAL HEALTH SURVEILLANCE\u201d IN WORKERS EXPOSED TO <\/strong><strong>CARCINOGENIC AGENTS. A LITERATURE REVIEW.<\/strong><\/p>\n<p style=\"text-align: justify;\"><strong style=\"text-align: justify;\">Abstract:<\/strong><\/p>\n<p style=\"text-align: justify;\"><strong>Introduction:<\/strong> Certain occupational diseases associated with carcinogenic agents have long latency periods and require Post-occupational Health Surveillance beyond the cessation of exposure to risk. The aim of this article is to analyse the existing scientific evidence in order to identify dissemination needs and potential interventions.<\/p>\n<p style=\"text-align: justify;\"><strong>Material and methods:<\/strong> Literature review of articles in the Medline and Google Scholar databases, with narrative perspective.<\/p>\n<p style=\"text-align: justify;\"><strong>Results:<\/strong> 16 articles were reviewed and synthesised according to thematic axes.<\/p>\n<p style=\"text-align: justify;\"><strong>Discussion and conclusions:<\/strong> It is necessary to broaden research to include new carcinogenic agents, predisposing factors and mixed exposures, as well as to extend Post-occupational Surveillance Protocols beyond retirement age and to update their predictive models, exposure limit values, periodicity, screening tests, and individualisation. Increased training, information, awareness-raising, standardisation and coordination across healthcare systems is required for these protocols aimed at the early detection of carcinogenic occupational diseases.<\/p>\n<p>[\/vc_column_text][\/vc_column][\/vc_row]<\/p>\n","protected":false},"excerpt":{"rendered":"<p>[vc_row rt_row_background_width=\u00bbdefault\u00bb rt_row_style=\u00bbdefault-style\u00bb rt_row_borders=\u00bb\u00bb rt_row_paddings=\u00bbtrue\u00bb rt_bg_effect=\u00bbclassic\u00bb rt_bg_image_repeat=\u00bbrepeat\u00bb rt_bg_size=\u00bbcover\u00bb rt_bg_position=\u00bbright top\u00bb rt_bg_attachment=\u00bbscroll\u00bb rt_bg_video_format=\u00bbself-hosted\u00bb][vc_column rt_wrp_col_paddings=\u00bbfalse\u00bb rt_border_top=\u00bb\u00bb rt_border_bottom=\u00bb\u00bb rt_border_left=\u00bb\u00bb rt_border_right=\u00bb\u00bb rt_border_top_mobile=\u00bb\u00bb rt_border_bottom_mobile=\u00bb\u00bb rt_border_left_mobile=\u00bb\u00bb rt_border_right_mobile=\u00bb\u00bb rt_bg_image_repeat=\u00bbrepeat\u00bb rt_bg_size=\u00bbauto auto\u00bb rt_bg_position=\u00bbright top\u00bb rt_bg_attachment=\u00bbscroll\u00bb][\/vc_column][\/vc_row][vc_row rt_row_background_width=\u00bbdefault\u00bb rt_row_style=\u00bbdefault-style\u00bb rt_row_borders=\u00bb\u00bb [&hellip;]<\/p>\n","protected":false},"author":1,"featured_media":0,"parent":0,"menu_order":0,"comment_status":"closed","ping_status":"closed","template":"","meta":{"footnotes":""},"class_list":["post-73763","page","type-page","status-publish","hentry"],"_links":{"self":[{"href":"https:\/\/www.aeemt.org\/web\/wp-json\/wp\/v2\/pages\/73763"}],"collection":[{"href":"https:\/\/www.aeemt.org\/web\/wp-json\/wp\/v2\/pages"}],"about":[{"href":"https:\/\/www.aeemt.org\/web\/wp-json\/wp\/v2\/types\/page"}],"author":[{"embeddable":true,"href":"https:\/\/www.aeemt.org\/web\/wp-json\/wp\/v2\/users\/1"}],"replies":[{"embeddable":true,"href":"https:\/\/www.aeemt.org\/web\/wp-json\/wp\/v2\/comments?post=73763"}],"version-history":[{"count":3,"href":"https:\/\/www.aeemt.org\/web\/wp-json\/wp\/v2\/pages\/73763\/revisions"}],"predecessor-version":[{"id":73766,"href":"https:\/\/www.aeemt.org\/web\/wp-json\/wp\/v2\/pages\/73763\/revisions\/73766"}],"wp:attachment":[{"href":"https:\/\/www.aeemt.org\/web\/wp-json\/wp\/v2\/media?parent=73763"}],"curies":[{"name":"wp","href":"https:\/\/api.w.org\/{rel}","templated":true}]}}