{"id":73752,"date":"2026-04-16T17:14:03","date_gmt":"2026-04-16T15:14:03","guid":{"rendered":"https:\/\/www.aeemt.org\/web\/?page_id=73752"},"modified":"2026-04-16T17:14:03","modified_gmt":"2026-04-16T15:14:03","slug":"original-7-mdt-vol-35-n01-marzo-2026","status":"publish","type":"page","link":"https:\/\/www.aeemt.org\/web\/original-7-mdt-vol-35-n01-marzo-2026\/","title":{"rendered":"Original 7 MDT Vol 35 N01 Marzo 2026"},"content":{"rendered":"<p>[vc_row rt_row_background_width=\u00bbdefault\u00bb rt_row_style=\u00bbdefault-style\u00bb rt_row_borders=\u00bb\u00bb rt_row_paddings=\u00bbtrue\u00bb rt_bg_effect=\u00bbclassic\u00bb rt_bg_image_repeat=\u00bbrepeat\u00bb rt_bg_size=\u00bbcover\u00bb rt_bg_position=\u00bbright top\u00bb rt_bg_attachment=\u00bbscroll\u00bb rt_bg_video_format=\u00bbself-hosted\u00bb][vc_column rt_wrp_col_paddings=\u00bbfalse\u00bb rt_border_top=\u00bb\u00bb rt_border_bottom=\u00bb\u00bb rt_border_left=\u00bb\u00bb rt_border_right=\u00bb\u00bb rt_border_top_mobile=\u00bb\u00bb rt_border_bottom_mobile=\u00bb\u00bb rt_border_left_mobile=\u00bb\u00bb rt_border_right_mobile=\u00bb\u00bb rt_bg_image_repeat=\u00bbrepeat\u00bb rt_bg_size=\u00bbauto auto\u00bb rt_bg_position=\u00bbright top\u00bb rt_bg_attachment=\u00bbscroll\u00bb]<div class=\"rt_heading_wrapper \">\n\t\t\t\t\t\t<h2 class=\"rt_heading  \" >Des\u00f3rdenes musculoesquel\u00e9ticos y absentismo laboral en docentes de un colegio privado de la ciudad de Medell\u00edn<\/h2>\n\t\t\t\t\t<\/div>[\/vc_column][\/vc_row][vc_row rt_row_background_width=\u00bbdefault\u00bb rt_row_style=\u00bbdefault-style\u00bb rt_row_borders=\u00bb\u00bb rt_row_paddings=\u00bbtrue\u00bb rt_bg_effect=\u00bbclassic\u00bb rt_bg_image_repeat=\u00bbrepeat\u00bb rt_bg_size=\u00bbcover\u00bb rt_bg_position=\u00bbright top\u00bb rt_bg_attachment=\u00bbscroll\u00bb rt_bg_video_format=\u00bbself-hosted\u00bb][vc_column rt_wrp_col_paddings=\u00bbfalse\u00bb rt_border_top=\u00bb\u00bb rt_border_bottom=\u00bb\u00bb rt_border_left=\u00bb\u00bb rt_border_right=\u00bb\u00bb rt_border_top_mobile=\u00bb\u00bb rt_border_bottom_mobile=\u00bb\u00bb rt_border_left_mobile=\u00bb\u00bb rt_border_right_mobile=\u00bb\u00bb rt_bg_image_repeat=\u00bbrepeat\u00bb rt_bg_size=\u00bbauto auto\u00bb rt_bg_position=\u00bbright top\u00bb rt_bg_attachment=\u00bbscroll\u00bb][vc_column_text css=\u00bb\u00bb]<\/p>\n<p style=\"text-align: justify;\"><img loading=\"lazy\" decoding=\"async\" class=\" wp-image-70359 aligncenter\" src=\"https:\/\/www.aeemt.org\/web\/wp-content\/uploads\/2024\/09\/Revista_AEEMT_Cabecero-300x97.png\" alt=\"\" width=\"927\" height=\"300\" srcset=\"https:\/\/www.aeemt.org\/web\/wp-content\/uploads\/2024\/09\/Revista_AEEMT_Cabecero-300x97.png 300w, https:\/\/www.aeemt.org\/web\/wp-content\/uploads\/2024\/09\/Revista_AEEMT_Cabecero-768x248.png 768w, https:\/\/www.aeemt.org\/web\/wp-content\/uploads\/2024\/09\/Revista_AEEMT_Cabecero-600x193.png 600w, https:\/\/www.aeemt.org\/web\/wp-content\/uploads\/2024\/09\/Revista_AEEMT_Cabecero.png 934w\" sizes=\"(max-width: 927px) 100vw, 927px\" \/><\/p>\n<p style=\"text-align: justify;\">N\u00famero de la Revista: Vol. 35 &#8211; n\u00ba 01- Marzo 2026<\/p>\n<p><strong>Secci\u00f3n:<\/strong>\u00a0Original<\/p>\n<p><strong>T\u00edtulo:<\/strong> Des\u00f3rdenes musculoesquel\u00e9ticos y absentismo laboral en docentes de un colegio privado de la ciudad de Medell\u00edn<\/p>\n<p style=\"text-align: justify;\"><strong>Autores:<\/strong><\/p>\n<p><strong><em>Ana Maria Jaramillo-Abello<\/em><\/strong><strong><em><sup>(1)<\/sup><\/em><\/strong><strong><em>, Lina Marcela Sanchez-Saldarriaga<\/em><\/strong><strong><em><sup>(1)<\/sup><\/em><\/strong><strong><em>, Maria Alejandra Genez-Leyva<\/em><\/strong><strong><em><sup>(1)<\/sup><\/em><\/strong><strong><em>,\u00a0 Paula Andrea Casta\u00f1o-Velasquez<\/em><\/strong><strong><em><sup>(1)<\/sup><\/em><\/strong><strong><em>, Elsa Mar\u00eda V\u00e1squez-Trespalacios<\/em><\/strong><strong><em><sup>(2)<\/sup><\/em><\/strong><br \/>\n<em><sup>1<\/sup><\/em><em>Especializaci\u00f3n en Seguridad y Salud en el Trabajo, Universidad CES, Medell\u00edn, Colombia<\/em><br \/>\n<em><sup>2<\/sup><\/em><em>Divisi\u00f3n de Posgrados Cl\u00ednicos, Universidad CES, Medell\u00edn, Colombia<\/em><\/p>\n<p><strong>Correspondencia:<\/strong><\/p>\n<p><strong><em>Ana Mar\u00eda Jaramillo Abello <\/em><\/strong><br \/>\nCorreo electr\u00f3nico: <a href=\"mailto:jaramilloa.ana@uces.edu.co\" target=\"_blank\" rel=\"noopener\">jaramilloa.ana@uces.edu.co<\/a><\/p>\n<p><strong>Palabras Clave<\/strong>: Musculo esquel\u00e9tico; docentes; riesgos laborales; absentismo<\/p>\n<p><strong>Keywords<\/strong>: Muscle,; skeletal; faculty; occupational risks; absenteeism<\/p>\n<p style=\"text-align: justify;\"><strong>Cita Art\u00edculo<\/strong>: Ana Maria Jaramillo-Abello et al. Des\u00f3rdenes musculoesquel\u00e9ticos y absentismo laboral en docentes de un colegio privado de la ciudad de Medell\u00edn. Rev Asoc Esp Espec Med Trab 2026; 35(1):96-107<\/p>\n<p style=\"text-align: justify;\">Acceso al PDF: <div class=\"button_wrapper \"><a  href=\"https:\/\/www.aeemt.org\/Revista_AEEMT\/VOL_35_N01_2026_MAR\/096-107%20Original_7.pdf\" target=\"_blank\" title=\"Des\u00f3rdenes musculoesquel\u00e9ticos y absentismo laboral en docentes de un colegio privado de la ciudad de Medell\u00edn\" class=\"button_  default medium\"><strong>PDF del Art\u00edculo<\/strong><\/a><\/div>\n<p><strong>RESUMEN.<\/strong><\/p>\n<p style=\"text-align: justify;\"><strong>Objetivos:<\/strong> El objetivo de este estudio es establecer la prevalencia de los des\u00f3rdenes musculoesquel\u00e9ticos e identificar el absentismo por estos en un grupo de docentes de un colegio privado de la ciudad de Medell\u00edn.<\/p>\n<p style=\"text-align: justify;\"><strong>Material y M\u00e9todos:<\/strong> Estudio trasversal, con una poblaci\u00f3n de 100 profesores, aplicando una encuesta dirigida a la recolecci\u00f3n de datos sociodemogr\u00e1ficos, antropom\u00e9tricos y laborales, junto al cuestionario n\u00f3rdico para la detecci\u00f3n y an\u00e1lisis de s\u00edntomas musculoesquel\u00e9ticos y una base de datos como fuente secundaria para recolectar informaci\u00f3n de absentismo.<\/p>\n<p style=\"text-align: justify;\"><strong>Resultados:<\/strong> Se observa mayor prevalencia de sintomatolog\u00eda en columna lumbar en la poblaci\u00f3n femenina. Los factores de riesgo que presenta mayor asociaci\u00f3n fueron las posturas forzadas y movimientos repetitivos. Hay bajo n\u00famero de incapacidades asociadas a patolog\u00edas musculoesquel\u00e9ticas, sumando 13 d\u00edas en total.<\/p>\n<p style=\"text-align: justify;\"><strong>Conclusi\u00f3n:<\/strong> A pesar del reporte de sintomatolog\u00eda asociada, la relaci\u00f3n entre su aparici\u00f3n y factores de riesgo, no se evidencia impacto en el absentismo.<\/p>\n<p style=\"text-align: justify;\"><strong>Title: <\/strong><strong>MUSCULOSKELETAL DISORDERS AND WORK ABSENTEEISM IN TEACHERS OF A PRIVATE SCHOOL IN THE CITY OF <\/strong><strong>MEDELL\u00cdN<\/strong><\/p>\n<p style=\"text-align: justify;\"><strong style=\"text-align: justify;\">Abstract:<\/strong><\/p>\n<p style=\"text-align: justify;\"><strong>Objectives:<\/strong> The aim of this study is to establish the prevalence of musculoskeletal disorders and identify absenteeism related to these conditions in a group of teachers from a private school in the city of Medell\u00edn.<\/p>\n<p style=\"text-align: justify;\"><strong>Material and Methods:<\/strong> Cross-sectional study with a population of approximately 100 teachers, using a survey designed to collect sociodemographic, anthropometric, and occupational data, along with the Nordic questionnaire for the detection and analysis of musculoskeletal symptoms and a database as a secondary source to gather information on absenteeism.<\/p>\n<p style=\"text-align: justify;\"><strong>Results:<\/strong> A higher prevalence of symptoms in the lower back was observed among the female population. The most strongly associated risk factors were forced postures and repetitive movements. There was a low number of absences related to musculoskeletal disorders, totaling 13 days.<\/p>\n<p style=\"text-align: justify;\"><strong>Conclusion:<\/strong> Despite the reported symptoms and their association with risk factors, no significant impact on absenteeism was evident.<\/p>\n<p>[\/vc_column_text][\/vc_column][\/vc_row]<\/p>\n","protected":false},"excerpt":{"rendered":"<p>[vc_row rt_row_background_width=\u00bbdefault\u00bb rt_row_style=\u00bbdefault-style\u00bb rt_row_borders=\u00bb\u00bb rt_row_paddings=\u00bbtrue\u00bb rt_bg_effect=\u00bbclassic\u00bb rt_bg_image_repeat=\u00bbrepeat\u00bb rt_bg_size=\u00bbcover\u00bb rt_bg_position=\u00bbright top\u00bb rt_bg_attachment=\u00bbscroll\u00bb rt_bg_video_format=\u00bbself-hosted\u00bb][vc_column rt_wrp_col_paddings=\u00bbfalse\u00bb rt_border_top=\u00bb\u00bb rt_border_bottom=\u00bb\u00bb rt_border_left=\u00bb\u00bb rt_border_right=\u00bb\u00bb rt_border_top_mobile=\u00bb\u00bb rt_border_bottom_mobile=\u00bb\u00bb rt_border_left_mobile=\u00bb\u00bb rt_border_right_mobile=\u00bb\u00bb rt_bg_image_repeat=\u00bbrepeat\u00bb rt_bg_size=\u00bbauto auto\u00bb rt_bg_position=\u00bbright top\u00bb rt_bg_attachment=\u00bbscroll\u00bb][\/vc_column][\/vc_row][vc_row rt_row_background_width=\u00bbdefault\u00bb rt_row_style=\u00bbdefault-style\u00bb rt_row_borders=\u00bb\u00bb [&hellip;]<\/p>\n","protected":false},"author":1,"featured_media":0,"parent":0,"menu_order":0,"comment_status":"closed","ping_status":"closed","template":"","meta":{"footnotes":""},"class_list":["post-73752","page","type-page","status-publish","hentry"],"_links":{"self":[{"href":"https:\/\/www.aeemt.org\/web\/wp-json\/wp\/v2\/pages\/73752"}],"collection":[{"href":"https:\/\/www.aeemt.org\/web\/wp-json\/wp\/v2\/pages"}],"about":[{"href":"https:\/\/www.aeemt.org\/web\/wp-json\/wp\/v2\/types\/page"}],"author":[{"embeddable":true,"href":"https:\/\/www.aeemt.org\/web\/wp-json\/wp\/v2\/users\/1"}],"replies":[{"embeddable":true,"href":"https:\/\/www.aeemt.org\/web\/wp-json\/wp\/v2\/comments?post=73752"}],"version-history":[{"count":3,"href":"https:\/\/www.aeemt.org\/web\/wp-json\/wp\/v2\/pages\/73752\/revisions"}],"predecessor-version":[{"id":73755,"href":"https:\/\/www.aeemt.org\/web\/wp-json\/wp\/v2\/pages\/73752\/revisions\/73755"}],"wp:attachment":[{"href":"https:\/\/www.aeemt.org\/web\/wp-json\/wp\/v2\/media?parent=73752"}],"curies":[{"name":"wp","href":"https:\/\/api.w.org\/{rel}","templated":true}]}}