{"id":73725,"date":"2026-04-16T02:01:16","date_gmt":"2026-04-16T00:01:16","guid":{"rendered":"https:\/\/www.aeemt.org\/web\/?page_id=73725"},"modified":"2026-04-16T02:01:16","modified_gmt":"2026-04-16T00:01:16","slug":"original-2-mdt-vol-35-n01-marzo-2026","status":"publish","type":"page","link":"https:\/\/www.aeemt.org\/web\/original-2-mdt-vol-35-n01-marzo-2026\/","title":{"rendered":"Original 2 MDT Vol 35 N01 Marzo 2026"},"content":{"rendered":"<p>[vc_row rt_row_background_width=\u00bbdefault\u00bb rt_row_style=\u00bbdefault-style\u00bb rt_row_borders=\u00bb\u00bb rt_row_paddings=\u00bbtrue\u00bb rt_bg_effect=\u00bbclassic\u00bb rt_bg_image_repeat=\u00bbrepeat\u00bb rt_bg_size=\u00bbcover\u00bb rt_bg_position=\u00bbright top\u00bb rt_bg_attachment=\u00bbscroll\u00bb rt_bg_video_format=\u00bbself-hosted\u00bb][vc_column rt_wrp_col_paddings=\u00bbfalse\u00bb rt_border_top=\u00bb\u00bb rt_border_bottom=\u00bb\u00bb rt_border_left=\u00bb\u00bb rt_border_right=\u00bb\u00bb rt_border_top_mobile=\u00bb\u00bb rt_border_bottom_mobile=\u00bb\u00bb rt_border_left_mobile=\u00bb\u00bb rt_border_right_mobile=\u00bb\u00bb rt_bg_image_repeat=\u00bbrepeat\u00bb rt_bg_size=\u00bbauto auto\u00bb rt_bg_position=\u00bbright top\u00bb rt_bg_attachment=\u00bbscroll\u00bb]<div class=\"rt_heading_wrapper \">\n\t\t\t\t\t\t<h2 class=\"rt_heading  \" >Exposici\u00f3n ocupacional a Neisseria meningitidis en trabajadores de salud: an\u00e1lisis de un caso colombiano y recomendaciones para el manejo institucional<\/h2>\n\t\t\t\t\t<\/div>[\/vc_column][\/vc_row][vc_row rt_row_background_width=\u00bbdefault\u00bb rt_row_style=\u00bbdefault-style\u00bb rt_row_borders=\u00bb\u00bb rt_row_paddings=\u00bbtrue\u00bb rt_bg_effect=\u00bbclassic\u00bb rt_bg_image_repeat=\u00bbrepeat\u00bb rt_bg_size=\u00bbcover\u00bb rt_bg_position=\u00bbright top\u00bb rt_bg_attachment=\u00bbscroll\u00bb rt_bg_video_format=\u00bbself-hosted\u00bb][vc_column rt_wrp_col_paddings=\u00bbfalse\u00bb rt_border_top=\u00bb\u00bb rt_border_bottom=\u00bb\u00bb rt_border_left=\u00bb\u00bb rt_border_right=\u00bb\u00bb rt_border_top_mobile=\u00bb\u00bb rt_border_bottom_mobile=\u00bb\u00bb rt_border_left_mobile=\u00bb\u00bb rt_border_right_mobile=\u00bb\u00bb rt_bg_image_repeat=\u00bbrepeat\u00bb rt_bg_size=\u00bbauto auto\u00bb rt_bg_position=\u00bbright top\u00bb rt_bg_attachment=\u00bbscroll\u00bb][vc_column_text css=\u00bb\u00bb]<\/p>\n<p style=\"text-align: justify;\"><img loading=\"lazy\" decoding=\"async\" class=\" wp-image-70359 aligncenter\" src=\"https:\/\/www.aeemt.org\/web\/wp-content\/uploads\/2024\/09\/Revista_AEEMT_Cabecero-300x97.png\" alt=\"\" width=\"927\" height=\"300\" srcset=\"https:\/\/www.aeemt.org\/web\/wp-content\/uploads\/2024\/09\/Revista_AEEMT_Cabecero-300x97.png 300w, https:\/\/www.aeemt.org\/web\/wp-content\/uploads\/2024\/09\/Revista_AEEMT_Cabecero-768x248.png 768w, https:\/\/www.aeemt.org\/web\/wp-content\/uploads\/2024\/09\/Revista_AEEMT_Cabecero-600x193.png 600w, https:\/\/www.aeemt.org\/web\/wp-content\/uploads\/2024\/09\/Revista_AEEMT_Cabecero.png 934w\" sizes=\"(max-width: 927px) 100vw, 927px\" \/><\/p>\n<p style=\"text-align: justify;\">N\u00famero de la Revista: Vol. 35 &#8211; n\u00ba 01- Marzo 2026<\/p>\n<p><strong>Secci\u00f3n:<\/strong>\u00a0Original<\/p>\n<p><strong>T\u00edtulo:<\/strong> Exposici\u00f3n ocupacional a Neisseria meningitidis en trabajadores de salud: an\u00e1lisis de un caso colombiano y recomendaciones para el manejo institucional<\/p>\n<p style=\"text-align: justify;\"><strong>Autores:<\/strong><\/p>\n<p><strong><em>Marta Luz Bernal Camacho<\/em><\/strong><strong><em><sup>(1)<\/sup><\/em><\/strong><strong><em>, Marco Obdulio Ot\u00e1lora Cifuentes<\/em><\/strong><strong><em><sup>(2)<\/sup><\/em><\/strong><br \/>\n<em><sup>1<\/sup><\/em><em>M\u00e9dica Especialista en Salud Ocupacional. Directora cient\u00edfica y gerente de Avenir. Bogot\u00e1, Colombia<\/em><br \/>\n<em><sup>2<\/sup><\/em><em>M\u00e9dico Especialista en Salud Ocupacional. M\u00e9dico auditor de Avenir. Bogot\u00e1, Colombia<\/em><\/p>\n<p><strong>Correspondencia:<\/strong><\/p>\n<p><strong><em>Marta Luz Bernal Camacho <\/em><\/strong><br \/>\nDirecci\u00f3n postal:\u00a0 Calle 50 #8-24. Consultorio 305. Bogot\u00e1, Colombia.<br \/>\nTel\u00e9fono: +57 315 351 5451<br \/>\nFax: +57 310 318 3025<br \/>\nCorreo electr\u00f3nico: <a href=\"mailto:martaluz@avenirsalud.com\" target=\"_blank\" rel=\"noopener\">martaluz@avenirsalud.com<\/a><\/p>\n<p><strong>Palabras Clave<\/strong>: Neisseria meningitidis; exposici\u00f3n ocupacional; enfermedad meningoc\u00f3cica; profilaxis post exposici\u00f3n; telemedicina; Colombia.<\/p>\n<p><strong>Keywords<\/strong>: Neisseria meningitidis; occupational exposure; meningococcal disease; post-exposure prophylaxis; telemedicine; Colombia.<\/p>\n<p style=\"text-align: justify;\"><strong>Cita Art\u00edculo<\/strong>: Bernal-Camacho, Marta Luz et al. Exposici\u00f3n ocupacional a Neisseria meningitidis en trabajadores de salud: an\u00e1lisis de un caso colombiano y recomendaciones para el manejo institucional. Rev Asoc Esp Espec Med Trab 2026; 35(1):13-27<\/p>\n<p style=\"text-align: justify;\">Acceso al PDF: <div class=\"button_wrapper \"><a  href=\"https:\/\/www.aeemt.org\/Revista_AEEMT\/VOL_35_N01_2026_MAR\/013-026%20Original_2.pdf\" target=\"_blank\" title=\"Exposici\u00f3n ocupacional a Neisseria meningitidis en trabajadores de salud: an\u00e1lisis de un caso colombiano y recomendaciones para el manejo institucional\" class=\"button_  default medium\"><strong>PDF del Art\u00edculo<\/strong><\/a><\/div>\n<p><strong>RESUMEN.<\/strong><\/p>\n<p style=\"text-align: justify;\"><strong>Objetivo:<\/strong> Analizar el manejo inicial y especializado, el proceso de evaluaci\u00f3n de exposici\u00f3n ocupacional ante un caso de Neisseria meningitidis en una cl\u00ednica de Cali, Colombia, y proponer recomendaciones para el abordaje, con enfoque ocupacional.<\/p>\n<p style=\"text-align: justify;\"><strong>Material y M\u00e9todos:<\/strong> Estudio descriptivo retrospectivo con seguimiento a 28 trabajadores expuestos a una paciente pedi\u00e1trica con meningitis por N. meningitidis. Se evaluaron variables sociodemogr\u00e1ficas, antecedentes m\u00e9dicos, vacunaci\u00f3n, contacto con la fuente, uso de elementos de protecci\u00f3n personal y l\u00ednea de tiempo, mediante telemedicina.<\/p>\n<p style=\"text-align: justify;\"><strong>Resultados:<\/strong> Aunque la mayor\u00eda de los trabajadores usaron tapabocas quir\u00fargicos, se evidenciaron contactos cercanos sin protecci\u00f3n adecuada. Cinco trabajadores cumplieron criterios de exposici\u00f3n. Ninguno desarroll\u00f3 la enfermedad.<\/p>\n<p style=\"text-align: justify;\"><strong>Conclusiones:<\/strong> La obligatoriedad de los programas de salud ocupacional en Colombia, permiti\u00f3 cobertura oportuna, especializada y sin costo para los trabajadores sospechosos de contacto. Se requiere capacitaci\u00f3n para los m\u00e9dicos en el manejo de exposiciones ocupacionales a N. menigitidis, y a los trabajadores en la adherencia a las precauciones est\u00e1ndar y espec\u00edficas. La telemedicina facilit\u00f3 el seguimiento y cierre de casos.<\/p>\n<p style=\"text-align: justify;\"><strong>Title: <\/strong><strong>OCCUPATIONAL EXPOSURE TO NEISSERIA MENINGITIDIS IN HEALTHCARE WORKERS: ANALYSIS OF A COLOMBIAN CASE AND RECOMMENDATIONS FOR INSTITUTIONAL <\/strong><strong>MANAGEMENT<\/strong><\/p>\n<p style=\"text-align: justify;\"><strong style=\"text-align: justify;\">Abstract:<\/strong><\/p>\n<p style=\"text-align: justify;\"><strong>Objective:<\/strong> To analyze the initial and specialized management, the occupational exposure assessment process for a case of Neisseria meningitidis in a clinic in Cali, Colombia, and to propose recommendations for the approach, with an occupational focus.<\/p>\n<p style=\"text-align: justify;\"><strong>Material and methods:<\/strong> Retrospective descriptive study with followup of 28 workers exposed to a pediatric patient with meningitis due to N. meningitidis. Sociodemographic variables, medical history, vaccination, contact with the source, use of personal protective equipment, and timeline were evaluated via telemedicine.<\/p>\n<p style=\"text-align: justify;\"><strong>Results:<\/strong> Although most of wokers used a surgical mask, close contacts without adequate protection were evidenced. Five workers met exposure criteria. None developed the disease.<\/p>\n<p style=\"text-align: justify;\"><strong>Conclusions:<\/strong> The mandatory occupational health program allowed for timely, specialized coverage at no cost for workers suspected of contact. Training is required for physicians in the management of occupational exposures to N. meningitidis, and for workers in adherence to standard and specific precautions. Telemedicine facilitated follow-up and case closure.<\/p>\n<p>[\/vc_column_text][\/vc_column][\/vc_row]<\/p>\n","protected":false},"excerpt":{"rendered":"<p>[vc_row rt_row_background_width=\u00bbdefault\u00bb rt_row_style=\u00bbdefault-style\u00bb rt_row_borders=\u00bb\u00bb rt_row_paddings=\u00bbtrue\u00bb rt_bg_effect=\u00bbclassic\u00bb rt_bg_image_repeat=\u00bbrepeat\u00bb rt_bg_size=\u00bbcover\u00bb rt_bg_position=\u00bbright top\u00bb rt_bg_attachment=\u00bbscroll\u00bb rt_bg_video_format=\u00bbself-hosted\u00bb][vc_column rt_wrp_col_paddings=\u00bbfalse\u00bb rt_border_top=\u00bb\u00bb rt_border_bottom=\u00bb\u00bb rt_border_left=\u00bb\u00bb rt_border_right=\u00bb\u00bb rt_border_top_mobile=\u00bb\u00bb rt_border_bottom_mobile=\u00bb\u00bb rt_border_left_mobile=\u00bb\u00bb rt_border_right_mobile=\u00bb\u00bb rt_bg_image_repeat=\u00bbrepeat\u00bb rt_bg_size=\u00bbauto auto\u00bb rt_bg_position=\u00bbright top\u00bb rt_bg_attachment=\u00bbscroll\u00bb][\/vc_column][\/vc_row][vc_row rt_row_background_width=\u00bbdefault\u00bb rt_row_style=\u00bbdefault-style\u00bb rt_row_borders=\u00bb\u00bb [&hellip;]<\/p>\n","protected":false},"author":1,"featured_media":0,"parent":0,"menu_order":0,"comment_status":"closed","ping_status":"closed","template":"","meta":{"footnotes":""},"class_list":["post-73725","page","type-page","status-publish","hentry"],"_links":{"self":[{"href":"https:\/\/www.aeemt.org\/web\/wp-json\/wp\/v2\/pages\/73725"}],"collection":[{"href":"https:\/\/www.aeemt.org\/web\/wp-json\/wp\/v2\/pages"}],"about":[{"href":"https:\/\/www.aeemt.org\/web\/wp-json\/wp\/v2\/types\/page"}],"author":[{"embeddable":true,"href":"https:\/\/www.aeemt.org\/web\/wp-json\/wp\/v2\/users\/1"}],"replies":[{"embeddable":true,"href":"https:\/\/www.aeemt.org\/web\/wp-json\/wp\/v2\/comments?post=73725"}],"version-history":[{"count":2,"href":"https:\/\/www.aeemt.org\/web\/wp-json\/wp\/v2\/pages\/73725\/revisions"}],"predecessor-version":[{"id":73727,"href":"https:\/\/www.aeemt.org\/web\/wp-json\/wp\/v2\/pages\/73725\/revisions\/73727"}],"wp:attachment":[{"href":"https:\/\/www.aeemt.org\/web\/wp-json\/wp\/v2\/media?parent=73725"}],"curies":[{"name":"wp","href":"https:\/\/api.w.org\/{rel}","templated":true}]}}