{"id":73720,"date":"2026-04-16T01:40:38","date_gmt":"2026-04-15T23:40:38","guid":{"rendered":"https:\/\/www.aeemt.org\/web\/?page_id=73720"},"modified":"2026-04-16T01:40:38","modified_gmt":"2026-04-15T23:40:38","slug":"original-1-mdt-vol-35-n01-marzo-2026","status":"publish","type":"page","link":"https:\/\/www.aeemt.org\/web\/original-1-mdt-vol-35-n01-marzo-2026\/","title":{"rendered":"Original 1 MDT Vol 35 N01 Marzo 2026"},"content":{"rendered":"<p>[vc_row rt_row_background_width=\u00bbdefault\u00bb rt_row_style=\u00bbdefault-style\u00bb rt_row_borders=\u00bb\u00bb rt_row_paddings=\u00bbtrue\u00bb rt_bg_effect=\u00bbclassic\u00bb rt_bg_image_repeat=\u00bbrepeat\u00bb rt_bg_size=\u00bbcover\u00bb rt_bg_position=\u00bbright top\u00bb rt_bg_attachment=\u00bbscroll\u00bb rt_bg_video_format=\u00bbself-hosted\u00bb][vc_column rt_wrp_col_paddings=\u00bbfalse\u00bb rt_border_top=\u00bb\u00bb rt_border_bottom=\u00bb\u00bb rt_border_left=\u00bb\u00bb rt_border_right=\u00bb\u00bb rt_border_top_mobile=\u00bb\u00bb rt_border_bottom_mobile=\u00bb\u00bb rt_border_left_mobile=\u00bb\u00bb rt_border_right_mobile=\u00bb\u00bb rt_bg_image_repeat=\u00bbrepeat\u00bb rt_bg_size=\u00bbauto auto\u00bb rt_bg_position=\u00bbright top\u00bb rt_bg_attachment=\u00bbscroll\u00bb]<div class=\"rt_heading_wrapper \">\n\t\t\t\t\t\t<h2 class=\"rt_heading  \" >Tos ferina. C\u00f3mo mejorar coberturas vacunales en el personal sanitario expuesto<\/h2>\n\t\t\t\t\t<\/div>[\/vc_column][\/vc_row][vc_row rt_row_background_width=\u00bbdefault\u00bb rt_row_style=\u00bbdefault-style\u00bb rt_row_borders=\u00bb\u00bb rt_row_paddings=\u00bbtrue\u00bb rt_bg_effect=\u00bbclassic\u00bb rt_bg_image_repeat=\u00bbrepeat\u00bb rt_bg_size=\u00bbcover\u00bb rt_bg_position=\u00bbright top\u00bb rt_bg_attachment=\u00bbscroll\u00bb rt_bg_video_format=\u00bbself-hosted\u00bb][vc_column rt_wrp_col_paddings=\u00bbfalse\u00bb rt_border_top=\u00bb\u00bb rt_border_bottom=\u00bb\u00bb rt_border_left=\u00bb\u00bb rt_border_right=\u00bb\u00bb rt_border_top_mobile=\u00bb\u00bb rt_border_bottom_mobile=\u00bb\u00bb rt_border_left_mobile=\u00bb\u00bb rt_border_right_mobile=\u00bb\u00bb rt_bg_image_repeat=\u00bbrepeat\u00bb rt_bg_size=\u00bbauto auto\u00bb rt_bg_position=\u00bbright top\u00bb rt_bg_attachment=\u00bbscroll\u00bb][vc_column_text css=\u00bb\u00bb]<\/p>\n<p style=\"text-align: justify;\"><img loading=\"lazy\" decoding=\"async\" class=\" wp-image-70359 aligncenter\" src=\"https:\/\/www.aeemt.org\/web\/wp-content\/uploads\/2024\/09\/Revista_AEEMT_Cabecero-300x97.png\" alt=\"\" width=\"927\" height=\"300\" srcset=\"https:\/\/www.aeemt.org\/web\/wp-content\/uploads\/2024\/09\/Revista_AEEMT_Cabecero-300x97.png 300w, https:\/\/www.aeemt.org\/web\/wp-content\/uploads\/2024\/09\/Revista_AEEMT_Cabecero-768x248.png 768w, https:\/\/www.aeemt.org\/web\/wp-content\/uploads\/2024\/09\/Revista_AEEMT_Cabecero-600x193.png 600w, https:\/\/www.aeemt.org\/web\/wp-content\/uploads\/2024\/09\/Revista_AEEMT_Cabecero.png 934w\" sizes=\"(max-width: 927px) 100vw, 927px\" \/><\/p>\n<p style=\"text-align: justify;\">N\u00famero de la Revista: Vol. 35 &#8211; n\u00ba 01- Marzo 2026<\/p>\n<p><strong>Secci\u00f3n:<\/strong>\u00a0Original<\/p>\n<p><strong>T\u00edtulo:<\/strong> Tos ferina. C\u00f3mo mejorar coberturas vacunales en el personal sanitario expuesto<\/p>\n<p style=\"text-align: justify;\"><strong>Autores:<\/strong><\/p>\n<p><strong><em>D\u00e9bora Mar\u00eda Garc\u00eda \u00c1lamo<\/em><\/strong><strong><em><sup>(1)<\/sup><\/em><\/strong><strong><em>, Manuel Delgado Calder\u00f3n<\/em><\/strong><strong><em><sup>(2)<\/sup><\/em><\/strong><strong><em>, Lara Estefan\u00eda Jim\u00e9nez Ortega<\/em><\/strong><strong><em><sup>(3)<\/sup><\/em><\/strong><strong><em>,\u00a0 <\/em><\/strong><strong><em>Jacobo Garc\u00eda Rodr\u00edguez<\/em><\/strong><strong><em><sup>(4)<\/sup><\/em><\/strong><strong><em>, Celia Garc\u00eda Matamoros<\/em><\/strong><strong><em><sup>(5)<\/sup><\/em><\/strong><strong><em>, Mar\u00eda Ladisa<\/em><\/strong><strong><em><sup>(6)<\/sup><\/em><\/strong><br \/>\n<em><sup>1<\/sup><\/em><em>Residente de Medicina del trabajo en el Hospital Universitario Virgen Macarena, Sevilla. Espa\u00f1a.<\/em><br \/>\n<em><sup>2<\/sup><\/em><em>Residente de Medicina del trabajo en el Hospital Universitario Virgen Macarena, Sevilla. Espa\u00f1a.<\/em><br \/>\n<em><sup>3<\/sup><\/em><em>Residente de Medicina del trabajo en el Hospital Universitario Virgen Macarena, Sevilla. Espa\u00f1a.<\/em><br \/>\n<em><sup>4<\/sup><\/em><em>Residente de Medicina del trabajo en el Hospital Universitario Virgen Macarena, Sevilla. Espa\u00f1a.<\/em><br \/>\n<em><sup>5<\/sup><\/em><em>Residente de Medicina del trabajo en el Hospital Universitario Virgen Macarena, Sevilla. Espa\u00f1a.<\/em><br \/>\n<em><sup>6<\/sup><\/em><em>Especialista en Medicina del trabajo en el Hospital Universitario Virgen Macarena, Sevilla. Espa\u00f1a.<\/em><\/p>\n<p><strong>Correspondencia:<\/strong><\/p>\n<p><strong><em>D\u00e9bora Mar\u00eda Garc\u00eda \u00c1lamo<\/em><\/strong><br \/>\nDirecci\u00f3n postal:\u00a0 Unidad de Vigilancia de la Salud del\u00a0 Hospital Universitario Virgen Macarena, 41009 Sevilla.<br \/>\nCorreo electr\u00f3nico: <a href=\"mailto:Degaral10@gmail.com\" target=\"_blank\" rel=\"noopener\">Degaral10@gmail.com<\/a><\/p>\n<p><strong>Palabras Clave<\/strong>: Tos ferina; cobertura vacunal; personal sanitario; pacientes vulnerables.<\/p>\n<p><strong>Keywords<\/strong>: Pertussis; vaccination coverage; health workers; vulnerable patients.<\/p>\n<p style=\"text-align: justify;\"><strong>Cita Art\u00edculo<\/strong>: D\u00e9bora Mar\u00eda Garc\u00eda \u00c1lamo et al. Tos ferina C\u00f3mo mejorar coberturas vacunales en el personal sanitario expuesto. Rev Asoc Esp Espec Med Trab 2026; 35(14):9-13<\/p>\n<p style=\"text-align: justify;\">Acceso al PDF: <div class=\"button_wrapper \"><a  href=\"https:\/\/www.aeemt.org\/Revista_AEEMT\/VOL_35_N01_2026_MAR\/009-009%20Original_1.pdf\" target=\"_blank\" title=\"Tos ferina. C\u00f3mo mejorar coberturas vacunales en el personal sanitario expuesto\" class=\"button_  default medium\"><strong>PDF del Art\u00edculo<\/strong><\/a><\/div>\n<p><strong>RESUMEN.<\/strong><\/p>\n<p style=\"text-align: justify;\"><strong>Introducci\u00f3n:<\/strong> La tos ferina es una enfermedad respiratoria contagiosa, especialmente peligrosa para neonatos y ni\u00f1os inmunodeprimidos. Debido a la baja inmunidad y disminuci\u00f3n en vacunaci\u00f3n, los casos han aumentado. En Espa\u00f1a, desde 2011, se incluye la vacunaci\u00f3n Tdpa para sanitarios de pediatr\u00eda y ginecolog\u00eda.<\/p>\n<p style=\"text-align: justify;\"><strong>Objetivos:<\/strong> Esta campa\u00f1a pretende aumentar la cobertura vacunal en el personal sanitario expuesto para reducir los contagios entre pacientes vulnerables.<\/p>\n<p style=\"text-align: justify;\"><strong>Material y M\u00e9todos:<\/strong> Se implementar\u00e1n sesiones educativas, materiales informativos, simulacros sobre la transmisi\u00f3n y una app con desaf\u00edos y sistema de recompensas. Se facilitar\u00e1 el acceso a la vacuna en varios puntos del hospital con horarios flexibles. El seguimiento semanal monitorear\u00e1 la cobertura y la incidencia de casos.<\/p>\n<p style=\"text-align: justify;\"><strong>Resultados:<\/strong> Se espera una mayor cobertura vacunal, menor incidencia en pacientes pedi\u00e1tricos, y menor absentismo laboral.<\/p>\n<p style=\"text-align: justify;\"><strong>Conclusi\u00f3n:<\/strong> Una campa\u00f1a organizada puede mejorar la cobertura vacunal en sanitarios, proteger a los pacientes vulnerables y fomentar la responsabilidad colectiva.<\/p>\n<p style=\"text-align: justify;\"><strong>Title: <\/strong><strong>TOS FERINA: HOW TO IMPROVE VACCINATION COVERAGE IN EXPOSED HEALTHCARE WORKERS.<\/strong><\/p>\n<p style=\"text-align: justify;\"><strong style=\"text-align: justify;\">Abstract:<\/strong><\/p>\n<p style=\"text-align: justify;\"><strong>Introduction:<\/strong> Pertussis is a contagious respiratory disease, especially dangerous for neonates and immunocompromised children. Due to low immunity and decreased vaccination, cases have increased. In Spain, since 2011, Tdpa vaccination is included for paediatric and gynaecology healthcare workers.<\/p>\n<p style=\"text-align: justify;\"><strong>Objectives:<\/strong> This campaign aims to increase vaccination coverage in exposed healthcare workers to reduce infections among vulnerable patients.<\/p>\n<p style=\"text-align: justify;\"><strong>Material and Methods:<\/strong> Educational sessions, informative materials, transmission simulations and an app with challenges and a reward system will be implemented. Access to the schedules. Weekly follow-up will monitor coverage and incidence of cases.<\/p>\n<p style=\"text-align: justify;\"><strong>Outcomes:<\/strong> Higher vaccine coverage, lower incidence in paediatric patients, and lower absenteeism are expected.<\/p>\n<p style=\"text-align: justify;\"><strong>Conclusion:<\/strong> An organised campaign can improve vaccination coverage in healthcare workers, protect vulnerable patients and encourage collective responsibility.<\/p>\n<p>[\/vc_column_text][\/vc_column][\/vc_row]<\/p>\n","protected":false},"excerpt":{"rendered":"<p>[vc_row rt_row_background_width=\u00bbdefault\u00bb rt_row_style=\u00bbdefault-style\u00bb rt_row_borders=\u00bb\u00bb rt_row_paddings=\u00bbtrue\u00bb rt_bg_effect=\u00bbclassic\u00bb rt_bg_image_repeat=\u00bbrepeat\u00bb rt_bg_size=\u00bbcover\u00bb rt_bg_position=\u00bbright top\u00bb rt_bg_attachment=\u00bbscroll\u00bb rt_bg_video_format=\u00bbself-hosted\u00bb][vc_column rt_wrp_col_paddings=\u00bbfalse\u00bb rt_border_top=\u00bb\u00bb rt_border_bottom=\u00bb\u00bb rt_border_left=\u00bb\u00bb rt_border_right=\u00bb\u00bb rt_border_top_mobile=\u00bb\u00bb rt_border_bottom_mobile=\u00bb\u00bb rt_border_left_mobile=\u00bb\u00bb rt_border_right_mobile=\u00bb\u00bb rt_bg_image_repeat=\u00bbrepeat\u00bb rt_bg_size=\u00bbauto auto\u00bb rt_bg_position=\u00bbright top\u00bb rt_bg_attachment=\u00bbscroll\u00bb][\/vc_column][\/vc_row][vc_row rt_row_background_width=\u00bbdefault\u00bb rt_row_style=\u00bbdefault-style\u00bb rt_row_borders=\u00bb\u00bb [&hellip;]<\/p>\n","protected":false},"author":1,"featured_media":0,"parent":0,"menu_order":0,"comment_status":"closed","ping_status":"closed","template":"","meta":{"footnotes":""},"class_list":["post-73720","page","type-page","status-publish","hentry"],"_links":{"self":[{"href":"https:\/\/www.aeemt.org\/web\/wp-json\/wp\/v2\/pages\/73720"}],"collection":[{"href":"https:\/\/www.aeemt.org\/web\/wp-json\/wp\/v2\/pages"}],"about":[{"href":"https:\/\/www.aeemt.org\/web\/wp-json\/wp\/v2\/types\/page"}],"author":[{"embeddable":true,"href":"https:\/\/www.aeemt.org\/web\/wp-json\/wp\/v2\/users\/1"}],"replies":[{"embeddable":true,"href":"https:\/\/www.aeemt.org\/web\/wp-json\/wp\/v2\/comments?post=73720"}],"version-history":[{"count":3,"href":"https:\/\/www.aeemt.org\/web\/wp-json\/wp\/v2\/pages\/73720\/revisions"}],"predecessor-version":[{"id":73723,"href":"https:\/\/www.aeemt.org\/web\/wp-json\/wp\/v2\/pages\/73720\/revisions\/73723"}],"wp:attachment":[{"href":"https:\/\/www.aeemt.org\/web\/wp-json\/wp\/v2\/media?parent=73720"}],"curies":[{"name":"wp","href":"https:\/\/api.w.org\/{rel}","templated":true}]}}