{"id":73457,"date":"2026-01-22T21:32:33","date_gmt":"2026-01-22T20:32:33","guid":{"rendered":"https:\/\/www.aeemt.org\/web\/?page_id=73457"},"modified":"2026-01-22T21:36:35","modified_gmt":"2026-01-22T20:36:35","slug":"revision-1-mdt-vol-34-n04-diciembre-2025","status":"publish","type":"page","link":"https:\/\/www.aeemt.org\/web\/revision-1-mdt-vol-34-n04-diciembre-2025\/","title":{"rendered":"Revisi\u00f3n 1 MDT Vol 34 N04 Diciembre 2025"},"content":{"rendered":"<p>[vc_row rt_row_background_width=\u00bbdefault\u00bb rt_row_style=\u00bbdefault-style\u00bb rt_row_borders=\u00bb\u00bb rt_row_paddings=\u00bbtrue\u00bb rt_bg_effect=\u00bbclassic\u00bb rt_bg_image_repeat=\u00bbrepeat\u00bb rt_bg_size=\u00bbcover\u00bb rt_bg_position=\u00bbright top\u00bb rt_bg_attachment=\u00bbscroll\u00bb rt_bg_video_format=\u00bbself-hosted\u00bb][vc_column rt_wrp_col_paddings=\u00bbfalse\u00bb rt_border_top=\u00bb\u00bb rt_border_bottom=\u00bb\u00bb rt_border_left=\u00bb\u00bb rt_border_right=\u00bb\u00bb rt_border_top_mobile=\u00bb\u00bb rt_border_bottom_mobile=\u00bb\u00bb rt_border_left_mobile=\u00bb\u00bb rt_border_right_mobile=\u00bb\u00bb rt_bg_image_repeat=\u00bbrepeat\u00bb rt_bg_size=\u00bbauto auto\u00bb rt_bg_position=\u00bbright top\u00bb rt_bg_attachment=\u00bbscroll\u00bb]<div class=\"rt_heading_wrapper \">\n\t\t\t\t\t\t<h2 class=\"rt_heading  \" >An\u00e1lisis de los Riesgos Emergentes en Seguridad y Salud en el Trabajo derivados de nuevas modalidades de trabajo utilizando indicadores bibliom\u00e9tricos durante 2017-2023.<\/h2>\n\t\t\t\t\t<\/div>[\/vc_column][\/vc_row][vc_row rt_row_background_width=\u00bbdefault\u00bb rt_row_style=\u00bbdefault-style\u00bb rt_row_borders=\u00bb\u00bb rt_row_paddings=\u00bbtrue\u00bb rt_bg_effect=\u00bbclassic\u00bb rt_bg_image_repeat=\u00bbrepeat\u00bb rt_bg_size=\u00bbcover\u00bb rt_bg_position=\u00bbright top\u00bb rt_bg_attachment=\u00bbscroll\u00bb rt_bg_video_format=\u00bbself-hosted\u00bb][vc_column rt_wrp_col_paddings=\u00bbfalse\u00bb rt_border_top=\u00bb\u00bb rt_border_bottom=\u00bb\u00bb rt_border_left=\u00bb\u00bb rt_border_right=\u00bb\u00bb rt_border_top_mobile=\u00bb\u00bb rt_border_bottom_mobile=\u00bb\u00bb rt_border_left_mobile=\u00bb\u00bb rt_border_right_mobile=\u00bb\u00bb rt_bg_image_repeat=\u00bbrepeat\u00bb rt_bg_size=\u00bbauto auto\u00bb rt_bg_position=\u00bbright top\u00bb rt_bg_attachment=\u00bbscroll\u00bb][vc_column_text css=\u00bb\u00bb]<\/p>\n<p style=\"text-align: justify;\"><img loading=\"lazy\" decoding=\"async\" class=\" wp-image-70359 aligncenter\" src=\"https:\/\/www.aeemt.org\/web\/wp-content\/uploads\/2024\/09\/Revista_AEEMT_Cabecero-300x97.png\" alt=\"\" width=\"927\" height=\"300\" srcset=\"https:\/\/www.aeemt.org\/web\/wp-content\/uploads\/2024\/09\/Revista_AEEMT_Cabecero-300x97.png 300w, https:\/\/www.aeemt.org\/web\/wp-content\/uploads\/2024\/09\/Revista_AEEMT_Cabecero-768x248.png 768w, https:\/\/www.aeemt.org\/web\/wp-content\/uploads\/2024\/09\/Revista_AEEMT_Cabecero-600x193.png 600w, https:\/\/www.aeemt.org\/web\/wp-content\/uploads\/2024\/09\/Revista_AEEMT_Cabecero.png 934w\" sizes=\"(max-width: 927px) 100vw, 927px\" \/><\/p>\n<p style=\"text-align: justify;\">N\u00famero de la Revista: Vol. 34 &#8211; n\u00ba 04- Diciembre 2025<\/p>\n<p><strong>Secci\u00f3n:<\/strong> Revisi\u00f3n<\/p>\n<p><strong>T\u00edtulo:<\/strong> An\u00e1lisis de los Riesgos Emergentes en Seguridad y Salud en el Trabajo derivados de nuevas modalidades de trabajo utilizando indicadores bibliom\u00e9tricos durante 2017-2023.<\/p>\n<p style=\"text-align: justify;\"><strong>Autores:<\/strong><\/p>\n<p><strong><em>Mar\u00eda Alexandra Malag\u00f3n Torres<\/em><\/strong><strong><em><sup>(1)<\/sup><\/em><\/strong><strong><em>, Lisbeth Garc\u00eda Guerrero<\/em><\/strong><strong><em><sup>(2)<\/sup><\/em><\/strong><strong><em>, Edinson Johan G\u00f3mez<\/em><\/strong><strong><em><sup>(3)<\/sup><\/em><\/strong><strong><em>,\u00a0 Jairo N\u00fa\u00f1ez Rodr\u00edguez<\/em><\/strong><strong><em><sup>(4)<\/sup><\/em><\/strong><\/p>\n<p><em><sup>1<\/sup><\/em><em>Fisioterapeuta, Mag\u00edster en Prevenci\u00f3n de Riesgos Laborales, Polit\u00e9cnico Grancolombiano Bogot\u00e1 \u2013 Colombia.<\/em><br \/>\n<em><sup>2<\/sup><\/em><em>Enfermera y Abogada, Mag\u00edster en Salud y Seguridad en el Trabajo, Polit\u00e9cnico Grancolombiano. Bogot\u00e1 \u2013 Colombia<\/em><br \/>\n<em><sup> 3<\/sup><\/em><em>Ingeniero Industrial, Mag\u00edster en Prevenci\u00f3n de Riesgos Laborales, Corporaci\u00f3n Universitaria Minuto de Dios Bogot\u00e1 <\/em><em><sup>\u00a0<\/sup><\/em><em>\u2013 Colombia.<\/em><br \/>\n<em><sup>4<\/sup><\/em><em>Ingeniero Industrial. Mag\u00edster en Ingenier\u00eda Avanzada de Producci\u00f3n, Log\u00edstica y Cadena de Suministro. Pontificia <\/em><em><sup>\u00a0<\/sup><\/em><em>Bolivariana (UPB), Bucaramanga, Colombia.<\/em><\/p>\n<p><strong>Correspondencia:<\/strong><\/p>\n<p><strong><em>Mar\u00eda Alexandra Malag\u00f3n Torres\u00a0 <\/em><\/strong><\/p>\n<p>Direcci\u00f3n postal:\u00a0 Polit\u00e9cnico Grancolombiano,\u00a0 Bogot\u00e1 &#8211; Colombia<br \/>\nCorreo electr\u00f3nico: <a href=\"mailto:mmalagon@poligran.edu.co\" target=\"_blank\" rel=\"noopener\">mmalagon@poligran.edu.co<\/a><\/p>\n<p><strong>Palabras Clave<\/strong>: Riesgos emergentes; modalidades de trabajo; ergonom\u00eda; bibliometr\u00eda.<\/p>\n<p><strong>Keywords<\/strong>: Emerging risks; work modalities; ergonomics; bibliometrics.<\/p>\n<p style=\"text-align: justify;\"><strong>Cita Art\u00edculo<\/strong>: Mar\u00eda Alexandra Malag\u00f3n Torres et al. An\u00e1lisis de los Riesgos Emergentes en Seguridad y Salud en el Trabajo derivados de nuevas modalidades de trabajo utilizando indicadores bibliom\u00e9tricos durante 2017-2023. Rev Asoc Esp Espec Med Trab 2025; 34(4):420-433<\/p>\n<p style=\"text-align: justify;\">Acceso al PDF: <div class=\"button_wrapper \"><a  href=\"https:\/\/www.aeemt.org\/Revista_AEEMT\/VOL_34_N04_2025_DIC\/420-433%20Original_08.pdf\" target=\"_blank\" title=\"An\u00e1lisis de los Riesgos Emergentes en Seguridad y Salud en el Trabajo derivados de nuevas modalidades de trabajo utilizando indicadores bibliom\u00e9tricos durante 2017-2023.\" class=\"button_  default medium\"><strong>PDF del Art\u00edculo<\/strong><\/a><\/div>\n<p><strong>RESUMEN.<\/strong><\/p>\n<p style=\"text-align: justify;\"><strong>Introducci\u00f3n:<\/strong> Las nuevas modalidades de trabajo implican exposici\u00f3n a nuevos riesgos que afectan la salud de los trabajadores requiriendo una mirada especial en la investigaci\u00f3n cient\u00edfica para solucionar las nuevas problem\u00e1ticas presentes.<\/p>\n<p style=\"text-align: justify;\"><strong>Objetivos:<\/strong> Analizar riesgos emergentes en seguridad y salud laboral, derivados de nuevas modalidades de trabajo a trav\u00e9s de indicadores bibliom\u00e9tricos, exponiendo tendencias y la toma de decisiones en materia de prevenci\u00f3n de riesgos laborales.<\/p>\n<p style=\"text-align: justify;\"><strong>Materiales y M\u00e9todo:<\/strong> Esta investigaci\u00f3n se desarroll\u00f3 desde un enfoque mixto con alcance descriptivo, aplicando metodolog\u00edas PRISMA y Tranfield, tomando como variables los periodos 20172019 y 2020-2023, ejes tem\u00e1ticos y autores m\u00e1s citados.<\/p>\n<p style=\"text-align: justify;\"><strong>Resultados:<\/strong> Los hallazgos permitieron establecer nuevas modalidades de trabajo, los ejes tem\u00e1ticos m\u00e1s representativos y las problem\u00e1ticas presentes.<\/p>\n<p style=\"text-align: justify;\"><strong>Conclusiones:<\/strong> Aunque se han analizado con mayor profundidad la posibilidad de que estos espacios ofrezcan condiciones ergon\u00f3micas \u00f3ptimas, a\u00fan no se han controlado los factores de riesgo asociados. Las nuevas modalidades de trabajo han incrementado la aparici\u00f3n de riesgos emergentes, sobre todo los asociados a afecciones psicosociales, fatiga visual y trastornos musculoesquel\u00e9ticos, las investigaciones consultadas muestran que el trabajo remoto, el teletrabajo y el coworking necesitan lineamientos claros que propendan por el bienestar del trabajador en los nuevos escenarios del mundo del trabajo y las nuevas formas de trabajar.<\/p>\n<p style=\"text-align: justify;\"><strong>Title:<\/strong><\/p>\n<p><strong>ANALYSIS OF OCCUPATIONAL SAFETY AND HEALTH RISKS DERIVED FROM NEW WORK MODALITIES, USING <\/strong><strong>BIBLIOMETRIC INDICATORS DURING 2017-2023<\/strong><\/p>\n<p style=\"text-align: justify;\"><strong>Abstract:<\/strong><\/p>\n<p style=\"text-align: justify;\"><strong>Introduction:<\/strong> The new work modalities imply exposure to new risks that affect the health of workers and require a special look at scientific research to provide solutions to the new problems present.<\/p>\n<p style=\"text-align: justify;\"><strong>Objectives:<\/strong> To Analyze emerging risks in occupational health and safety, derived from new work modalities through bibliometric indicators, informing trends and decision-making regarding occupational risk prevention.<\/p>\n<p style=\"text-align: justify;\"><strong>Materials and Methods:<\/strong> This research was developed from a mixed approach with descriptive scope, PRISMA and Tranfield methodologies were applied, taking variables from the periods 2017-2019 and 2020-2023, thematic axes and the most cited authors.<\/p>\n<p style=\"text-align: justify;\"><strong>Results:<\/strong> The findings made it possible to establish new work modalities as well as the most representative thematic axes and the current problems.<\/p>\n<p style=\"text-align: justify;\"><strong>Conclusions:<\/strong> Although the potential for these spaces to offer optimal ergonomic conditions has been further analyzed, the associated risk factors have not yet been controlled. The new work modalities have increased the emergence of new risks, especially those related to psychosocial conditions, visual fatigue, and musculoskeletal disorders. The reviewed studies show that remote work, telework, and coworking require clear guidelines that promote worker well-being within the new scenarios arising in the world of work.<\/p>\n<p>[\/vc_column_text][\/vc_column][\/vc_row]<\/p>\n","protected":false},"excerpt":{"rendered":"<p>[vc_row rt_row_background_width=\u00bbdefault\u00bb rt_row_style=\u00bbdefault-style\u00bb rt_row_borders=\u00bb\u00bb rt_row_paddings=\u00bbtrue\u00bb rt_bg_effect=\u00bbclassic\u00bb rt_bg_image_repeat=\u00bbrepeat\u00bb rt_bg_size=\u00bbcover\u00bb rt_bg_position=\u00bbright top\u00bb rt_bg_attachment=\u00bbscroll\u00bb rt_bg_video_format=\u00bbself-hosted\u00bb][vc_column rt_wrp_col_paddings=\u00bbfalse\u00bb rt_border_top=\u00bb\u00bb rt_border_bottom=\u00bb\u00bb rt_border_left=\u00bb\u00bb rt_border_right=\u00bb\u00bb rt_border_top_mobile=\u00bb\u00bb rt_border_bottom_mobile=\u00bb\u00bb rt_border_left_mobile=\u00bb\u00bb rt_border_right_mobile=\u00bb\u00bb rt_bg_image_repeat=\u00bbrepeat\u00bb rt_bg_size=\u00bbauto auto\u00bb rt_bg_position=\u00bbright top\u00bb rt_bg_attachment=\u00bbscroll\u00bb][\/vc_column][\/vc_row][vc_row rt_row_background_width=\u00bbdefault\u00bb rt_row_style=\u00bbdefault-style\u00bb rt_row_borders=\u00bb\u00bb [&hellip;]<\/p>\n","protected":false},"author":1,"featured_media":0,"parent":0,"menu_order":0,"comment_status":"closed","ping_status":"closed","template":"","meta":{"footnotes":""},"class_list":["post-73457","page","type-page","status-publish","hentry"],"_links":{"self":[{"href":"https:\/\/www.aeemt.org\/web\/wp-json\/wp\/v2\/pages\/73457"}],"collection":[{"href":"https:\/\/www.aeemt.org\/web\/wp-json\/wp\/v2\/pages"}],"about":[{"href":"https:\/\/www.aeemt.org\/web\/wp-json\/wp\/v2\/types\/page"}],"author":[{"embeddable":true,"href":"https:\/\/www.aeemt.org\/web\/wp-json\/wp\/v2\/users\/1"}],"replies":[{"embeddable":true,"href":"https:\/\/www.aeemt.org\/web\/wp-json\/wp\/v2\/comments?post=73457"}],"version-history":[{"count":3,"href":"https:\/\/www.aeemt.org\/web\/wp-json\/wp\/v2\/pages\/73457\/revisions"}],"predecessor-version":[{"id":73461,"href":"https:\/\/www.aeemt.org\/web\/wp-json\/wp\/v2\/pages\/73457\/revisions\/73461"}],"wp:attachment":[{"href":"https:\/\/www.aeemt.org\/web\/wp-json\/wp\/v2\/media?parent=73457"}],"curies":[{"name":"wp","href":"https:\/\/api.w.org\/{rel}","templated":true}]}}