{"id":73448,"date":"2026-01-22T21:05:40","date_gmt":"2026-01-22T20:05:40","guid":{"rendered":"https:\/\/www.aeemt.org\/web\/?page_id=73448"},"modified":"2026-01-22T21:05:40","modified_gmt":"2026-01-22T20:05:40","slug":"original-6-mdt-vol-34-n04-diciembre-2025","status":"publish","type":"page","link":"https:\/\/www.aeemt.org\/web\/original-6-mdt-vol-34-n04-diciembre-2025\/","title":{"rendered":"Original 6 MDT Vol 34 N04 Diciembre 2025"},"content":{"rendered":"<p>[vc_row rt_row_background_width=\u00bbdefault\u00bb rt_row_style=\u00bbdefault-style\u00bb rt_row_borders=\u00bb\u00bb rt_row_paddings=\u00bbtrue\u00bb rt_bg_effect=\u00bbclassic\u00bb rt_bg_image_repeat=\u00bbrepeat\u00bb rt_bg_size=\u00bbcover\u00bb rt_bg_position=\u00bbright top\u00bb rt_bg_attachment=\u00bbscroll\u00bb rt_bg_video_format=\u00bbself-hosted\u00bb][vc_column rt_wrp_col_paddings=\u00bbfalse\u00bb rt_border_top=\u00bb\u00bb rt_border_bottom=\u00bb\u00bb rt_border_left=\u00bb\u00bb rt_border_right=\u00bb\u00bb rt_border_top_mobile=\u00bb\u00bb rt_border_bottom_mobile=\u00bb\u00bb rt_border_left_mobile=\u00bb\u00bb rt_border_right_mobile=\u00bb\u00bb rt_bg_image_repeat=\u00bbrepeat\u00bb rt_bg_size=\u00bbauto auto\u00bb rt_bg_position=\u00bbright top\u00bb rt_bg_attachment=\u00bbscroll\u00bb]<div class=\"rt_heading_wrapper \">\n\t\t\t\t\t\t<h2 class=\"rt_heading  \" >Sintomatolog\u00eda musculoesquel\u00e9tica asociada a riesgo ergon\u00f3mico en personal administrativo de Veracruz Sur, M\u00e9xico<\/h2>\n\t\t\t\t\t<\/div>[\/vc_column][\/vc_row][vc_row rt_row_background_width=\u00bbdefault\u00bb rt_row_style=\u00bbdefault-style\u00bb rt_row_borders=\u00bb\u00bb rt_row_paddings=\u00bbtrue\u00bb rt_bg_effect=\u00bbclassic\u00bb rt_bg_image_repeat=\u00bbrepeat\u00bb rt_bg_size=\u00bbcover\u00bb rt_bg_position=\u00bbright top\u00bb rt_bg_attachment=\u00bbscroll\u00bb rt_bg_video_format=\u00bbself-hosted\u00bb][vc_column rt_wrp_col_paddings=\u00bbfalse\u00bb rt_border_top=\u00bb\u00bb rt_border_bottom=\u00bb\u00bb rt_border_left=\u00bb\u00bb rt_border_right=\u00bb\u00bb rt_border_top_mobile=\u00bb\u00bb rt_border_bottom_mobile=\u00bb\u00bb rt_border_left_mobile=\u00bb\u00bb rt_border_right_mobile=\u00bb\u00bb rt_bg_image_repeat=\u00bbrepeat\u00bb rt_bg_size=\u00bbauto auto\u00bb rt_bg_position=\u00bbright top\u00bb rt_bg_attachment=\u00bbscroll\u00bb][vc_column_text css=\u00bb\u00bb]<\/p>\n<p style=\"text-align: justify;\"><img loading=\"lazy\" decoding=\"async\" class=\" wp-image-70359 aligncenter\" src=\"https:\/\/www.aeemt.org\/web\/wp-content\/uploads\/2024\/09\/Revista_AEEMT_Cabecero-300x97.png\" alt=\"\" width=\"927\" height=\"300\" srcset=\"https:\/\/www.aeemt.org\/web\/wp-content\/uploads\/2024\/09\/Revista_AEEMT_Cabecero-300x97.png 300w, https:\/\/www.aeemt.org\/web\/wp-content\/uploads\/2024\/09\/Revista_AEEMT_Cabecero-768x248.png 768w, https:\/\/www.aeemt.org\/web\/wp-content\/uploads\/2024\/09\/Revista_AEEMT_Cabecero-600x193.png 600w, https:\/\/www.aeemt.org\/web\/wp-content\/uploads\/2024\/09\/Revista_AEEMT_Cabecero.png 934w\" sizes=\"(max-width: 927px) 100vw, 927px\" \/><\/p>\n<p style=\"text-align: justify;\">N\u00famero de la Revista: Vol. 34 &#8211; n\u00ba 04- Diciembre 2025<\/p>\n<p><strong>Secci\u00f3n:<\/strong>\u00a0Original<\/p>\n<p><strong>T\u00edtulo:<\/strong> Sintomatolog\u00eda musculoesquel\u00e9tica asociada a riesgo ergon\u00f3mico en personal administrativo de Veracruz Sur, M\u00e9xico<\/p>\n<p style=\"text-align: justify;\"><strong>Autores:<\/strong><\/p>\n<p><em><strong>Patricia Casimiro Mart\u00ednez(1), Cesiah Areli Monta\u00f1o Salvador(2), Frida Olivia L\u00f3pez M\u00e9ndez(3)<\/strong><\/em><\/p>\n<p><em><sup>1<\/sup><\/em><em>Instituto Mexicano del Seguro Social, Coordinador Auxiliar Delegacional de Salud en el Trabajo adscrito a la Coor<\/em><em>dinaci\u00f3n Delegacional de Salud en el Trabajo del \u00d3rgano de Operaci\u00f3n Administrativa Desconcentrada Veracruz Sur. Orizaba, Veracruz, M\u00e9xico.<\/em><br \/>\n<em><sup>2<\/sup><\/em><em>Instituto Mexicano del Seguro Social, M\u00e9dico especialista en Medicina Familiar adscrito a la Coordinaci\u00f3n Cl\u00ednica <\/em><em><sup>\u00a0<\/sup><\/em><em>de Educaci\u00f3n e Investigaci\u00f3n en Salud del Hospital General Regional No.1 \u201cLic. Ignacio Garc\u00eda T\u00e9llez\u201d, Orizaba, Veracruz, M\u00e9xico.<\/em><br \/>\n<em><sup>3<\/sup><\/em><em>Instituto Mexicano del Seguro Social, M\u00e9dico Residente 3 de Medicina del Trabajo y Ambiental adscrito al Hospital <\/em><em><sup>\u00a0<\/sup><\/em><em>General Regional No.1 \u201cLic. Ignacio Garc\u00eda T\u00e9llez\u201d, Orizaba, Veracruz, M\u00e9xico.<\/em><\/p>\n<p><strong>Correspondencia:<\/strong><\/p>\n<p><strong><em>Frida Olivia L\u00f3pez M\u00e9ndez <\/em><\/strong><\/p>\n<p>Direcci\u00f3n postal:\u00a0 Poniente 7 #1350, Guadalupe Victoria, Orizaba, Veracruz, M\u00e9xico CP. 94300<br \/>\nCorreo electr\u00f3nico: <a href=\"mailto:frida.lopez.mendez@gmail.com\" target=\"_blank\" rel=\"noopener\">frida.lopez.mendez@gmail.com<\/a><\/p>\n<p><strong>Palabras Clave<\/strong>: Sintomatolog\u00eda musculoesquel\u00e9tica; Riesgo ergon\u00f3mico; Personal administrativo.<\/p>\n<p><strong>Keywords<\/strong>: Musculoskeletal symptomatology; Ergonomic risk; Administrative Personnel.<\/p>\n<p style=\"text-align: justify;\"><strong>Cita Art\u00edculo<\/strong>: Patricia Casimiro Mart\u00ednez et al. Sintomatolog\u00eda musculoesquel\u00e9tica asociada a riesgo ergon\u00f3mico en personal administrativo de Veracruz Sur, M\u00e9xico. Rev Asoc Esp Espec Med Trab 2025; 34(4):396-404<\/p>\n<p style=\"text-align: justify;\">Acceso al PDF: <div class=\"button_wrapper \"><a  href=\"https:\/\/www.aeemt.org\/Revista_AEEMT\/VOL_34_N04_2025_DIC\/396-404%20Original_06.pdf\" target=\"_blank\" title=\"Sintomatolog\u00eda musculoesquel\u00e9tica asociada a riesgo ergon\u00f3mico en personal administrativo de Veracruz Sur, M\u00e9xico\" class=\"button_  default medium\"><strong>PDF del Art\u00edculo<\/strong><\/a><\/div>\n<p><strong>RESUMEN.<\/strong><\/p>\n<p style=\"text-align: justify;\"><strong>Resumen:<\/strong> Los puestos de trabajo de oficina requieren que el trabajador permanezca sentado por largos periodos de tiempo consider\u00e1ndose factor de riesgo para el desarrollo de trastornos musculoesquel\u00e9ticos.<\/p>\n<p style=\"text-align: justify;\"><strong>Objetivo:<\/strong> Determinar la asociaci\u00f3n entre la percepci\u00f3n de sintomatolog\u00eda musculoesquel\u00e9tica y riesgo ergon\u00f3mico en personal administrativo en Veracruz Sur, M\u00e9xico.<\/p>\n<p style=\"text-align: justify;\"><strong>Material y M\u00e9todos:<\/strong> Estudio observacional, transversal, prospectivo, anal\u00edtico en 273 trabajadores, aplicando la herramienta ergon\u00f3mica ROSA y el cuestionario N\u00f3rdico de Kuorinka, se aplic\u00f3 la prueba Kolmogorov-Smirnov y Rho de Spearman.<\/p>\n<p style=\"text-align: justify;\"><strong>Resultados:<\/strong> 219 trabajadores (80.2%) presentaron sintomatolog\u00eda musculoesquel\u00e9tica y el riesgo ergon\u00f3mico se categoriz\u00f3 como Riesgo Bajo, se realiz\u00f3 la asociaci\u00f3n de sintomatolog\u00eda musculoesquel\u00e9tica y riesgo ergon\u00f3mico encontrando el coeficiente de correlaci\u00f3n de Spearman\u00a0 de\u00a0 0.031 y un valor de p= 0.647 indicando una correlaci\u00f3n baja.<\/p>\n<p style=\"text-align: justify;\"><strong>Conclusiones:<\/strong> A pesar de las horas laborales extensas y las posturas que adopta el personal administrativo no se encontr\u00f3 asoci\u00f3n entre sintomatolog\u00eda musculoesquel\u00e9tica y riesgo ergon\u00f3mico.<\/p>\n<p style=\"text-align: justify;\"><strong>Title: <\/strong><strong>MUSCULOSKELETAL SYMPTOMATOLOGY ASSOCIATED WITH ERGONOMIC RISK IN ADMINISTRATIVE PERSONNEL\u00a0 <\/strong><strong>OF VERACRUZ SOUTH, M\u00c9XICO<\/strong><\/p>\n<p style=\"text-align: justify;\"><strong style=\"text-align: justify;\">Abstract:<\/strong><\/p>\n<p style=\"text-align: justify;\"><strong>Objetive:<\/strong> Office jobs require workers to remain seated for long periods of time, which is considered a risk factor for the development of musculoskeletal disorders. To determine the association between the perception of musculoskeletal symptoms and ergonomic risk among administrative personnel in southern Veracruz, M\u00e9xico.<\/p>\n<p style=\"text-align: justify;\"><strong>Material and Methods:<\/strong> Observational, cross-sectional, prospective, and analytical study conducted with 273 workers. The ROSA ergonomic assessment tool and the Kuorinka Nordic Questionnaire were applied. The Kolmogorov-Smirnov test and Spearman\u2019s rho were used for statistical analysis.<\/p>\n<p style=\"text-align: justify;\"><strong>Results:<\/strong> A total of 219 workers (80.2%)\u00a0 reported musculoskeletal symptoms. Ergonomic risk was categorized as Low Risk. The association between musculoskeletal symptoms and ergonomic risk was analyzed, yielding a Spearman correlation coefficient of 0.031 and a p-value of 0.647, indicating a weak correlation.<\/p>\n<p style=\"text-align: justify;\"><strong>Conclusions:<\/strong> Despite extended working hours and the postures adopted by administrative personnel, no association was found between musculoskeletal symptoms and ergonomic risk.<\/p>\n<p>[\/vc_column_text][\/vc_column][\/vc_row]<\/p>\n","protected":false},"excerpt":{"rendered":"<p>[vc_row rt_row_background_width=\u00bbdefault\u00bb rt_row_style=\u00bbdefault-style\u00bb rt_row_borders=\u00bb\u00bb rt_row_paddings=\u00bbtrue\u00bb rt_bg_effect=\u00bbclassic\u00bb rt_bg_image_repeat=\u00bbrepeat\u00bb rt_bg_size=\u00bbcover\u00bb rt_bg_position=\u00bbright top\u00bb rt_bg_attachment=\u00bbscroll\u00bb rt_bg_video_format=\u00bbself-hosted\u00bb][vc_column rt_wrp_col_paddings=\u00bbfalse\u00bb rt_border_top=\u00bb\u00bb rt_border_bottom=\u00bb\u00bb rt_border_left=\u00bb\u00bb rt_border_right=\u00bb\u00bb rt_border_top_mobile=\u00bb\u00bb rt_border_bottom_mobile=\u00bb\u00bb rt_border_left_mobile=\u00bb\u00bb rt_border_right_mobile=\u00bb\u00bb rt_bg_image_repeat=\u00bbrepeat\u00bb rt_bg_size=\u00bbauto auto\u00bb rt_bg_position=\u00bbright top\u00bb rt_bg_attachment=\u00bbscroll\u00bb][\/vc_column][\/vc_row][vc_row rt_row_background_width=\u00bbdefault\u00bb rt_row_style=\u00bbdefault-style\u00bb rt_row_borders=\u00bb\u00bb [&hellip;]<\/p>\n","protected":false},"author":1,"featured_media":0,"parent":0,"menu_order":0,"comment_status":"closed","ping_status":"closed","template":"","meta":{"footnotes":""},"class_list":["post-73448","page","type-page","status-publish","hentry"],"_links":{"self":[{"href":"https:\/\/www.aeemt.org\/web\/wp-json\/wp\/v2\/pages\/73448"}],"collection":[{"href":"https:\/\/www.aeemt.org\/web\/wp-json\/wp\/v2\/pages"}],"about":[{"href":"https:\/\/www.aeemt.org\/web\/wp-json\/wp\/v2\/types\/page"}],"author":[{"embeddable":true,"href":"https:\/\/www.aeemt.org\/web\/wp-json\/wp\/v2\/users\/1"}],"replies":[{"embeddable":true,"href":"https:\/\/www.aeemt.org\/web\/wp-json\/wp\/v2\/comments?post=73448"}],"version-history":[{"count":2,"href":"https:\/\/www.aeemt.org\/web\/wp-json\/wp\/v2\/pages\/73448\/revisions"}],"predecessor-version":[{"id":73450,"href":"https:\/\/www.aeemt.org\/web\/wp-json\/wp\/v2\/pages\/73448\/revisions\/73450"}],"wp:attachment":[{"href":"https:\/\/www.aeemt.org\/web\/wp-json\/wp\/v2\/media?parent=73448"}],"curies":[{"name":"wp","href":"https:\/\/api.w.org\/{rel}","templated":true}]}}