{"id":73430,"date":"2026-01-22T13:22:05","date_gmt":"2026-01-22T12:22:05","guid":{"rendered":"https:\/\/www.aeemt.org\/web\/?page_id=73430"},"modified":"2026-01-22T13:22:05","modified_gmt":"2026-01-22T12:22:05","slug":"original-5-mdt-vol-34-n04-diciembre-2025","status":"publish","type":"page","link":"https:\/\/www.aeemt.org\/web\/original-5-mdt-vol-34-n04-diciembre-2025\/","title":{"rendered":"Original 5 MDT Vol 34 N04 Diciembre 2025"},"content":{"rendered":"<p>[vc_row rt_row_background_width=\u00bbdefault\u00bb rt_row_style=\u00bbdefault-style\u00bb rt_row_borders=\u00bb\u00bb rt_row_paddings=\u00bbtrue\u00bb rt_bg_effect=\u00bbclassic\u00bb rt_bg_image_repeat=\u00bbrepeat\u00bb rt_bg_size=\u00bbcover\u00bb rt_bg_position=\u00bbright top\u00bb rt_bg_attachment=\u00bbscroll\u00bb rt_bg_video_format=\u00bbself-hosted\u00bb][vc_column rt_wrp_col_paddings=\u00bbfalse\u00bb rt_border_top=\u00bb\u00bb rt_border_bottom=\u00bb\u00bb rt_border_left=\u00bb\u00bb rt_border_right=\u00bb\u00bb rt_border_top_mobile=\u00bb\u00bb rt_border_bottom_mobile=\u00bb\u00bb rt_border_left_mobile=\u00bb\u00bb rt_border_right_mobile=\u00bb\u00bb rt_bg_image_repeat=\u00bbrepeat\u00bb rt_bg_size=\u00bbauto auto\u00bb rt_bg_position=\u00bbright top\u00bb rt_bg_attachment=\u00bbscroll\u00bb]<div class=\"rt_heading_wrapper \">\n\t\t\t\t\t\t<h2 class=\"rt_heading  \" >Ansiedad y depresi\u00f3n como predictores de la satisfacci\u00f3n con la vida en profesoras universitarias amas de casa peruanas<\/h2>\n\t\t\t\t\t<\/div>[\/vc_column][\/vc_row][vc_row rt_row_background_width=\u00bbdefault\u00bb rt_row_style=\u00bbdefault-style\u00bb rt_row_borders=\u00bb\u00bb rt_row_paddings=\u00bbtrue\u00bb rt_bg_effect=\u00bbclassic\u00bb rt_bg_image_repeat=\u00bbrepeat\u00bb rt_bg_size=\u00bbcover\u00bb rt_bg_position=\u00bbright top\u00bb rt_bg_attachment=\u00bbscroll\u00bb rt_bg_video_format=\u00bbself-hosted\u00bb][vc_column rt_wrp_col_paddings=\u00bbfalse\u00bb rt_border_top=\u00bb\u00bb rt_border_bottom=\u00bb\u00bb rt_border_left=\u00bb\u00bb rt_border_right=\u00bb\u00bb rt_border_top_mobile=\u00bb\u00bb rt_border_bottom_mobile=\u00bb\u00bb rt_border_left_mobile=\u00bb\u00bb rt_border_right_mobile=\u00bb\u00bb rt_bg_image_repeat=\u00bbrepeat\u00bb rt_bg_size=\u00bbauto auto\u00bb rt_bg_position=\u00bbright top\u00bb rt_bg_attachment=\u00bbscroll\u00bb][vc_column_text css=\u00bb\u00bb]<\/p>\n<p style=\"text-align: justify;\"><img loading=\"lazy\" decoding=\"async\" class=\" wp-image-70359 aligncenter\" src=\"https:\/\/www.aeemt.org\/web\/wp-content\/uploads\/2024\/09\/Revista_AEEMT_Cabecero-300x97.png\" alt=\"\" width=\"927\" height=\"300\" srcset=\"https:\/\/www.aeemt.org\/web\/wp-content\/uploads\/2024\/09\/Revista_AEEMT_Cabecero-300x97.png 300w, https:\/\/www.aeemt.org\/web\/wp-content\/uploads\/2024\/09\/Revista_AEEMT_Cabecero-768x248.png 768w, https:\/\/www.aeemt.org\/web\/wp-content\/uploads\/2024\/09\/Revista_AEEMT_Cabecero-600x193.png 600w, https:\/\/www.aeemt.org\/web\/wp-content\/uploads\/2024\/09\/Revista_AEEMT_Cabecero.png 934w\" sizes=\"(max-width: 927px) 100vw, 927px\" \/><\/p>\n<p style=\"text-align: justify;\">N\u00famero de la Revista: Vol. 34 &#8211; n\u00ba 04- Diciembre 2025<\/p>\n<p><strong>Secci\u00f3n:<\/strong>\u00a0Original<\/p>\n<p><strong>T\u00edtulo:<\/strong> Ansiedad y depresi\u00f3n como predictores de la satisfacci\u00f3n con la vida en profesoras universitarias amas de casa peruanas<\/p>\n<p style=\"text-align: justify;\"><strong>Autores:<\/strong><\/p>\n<p><strong><em>Renzo Felipe Carranza Esteban<\/em><\/strong><strong><em><sup>(1)<\/sup><\/em><\/strong><strong><em>, Oscar Mamani-Benito<\/em><\/strong><strong><em><sup>(2)<\/sup><\/em><\/strong><strong><em>, D\u00e1maris Quinteros-Z\u00fa\u00f1iga<\/em><\/strong><strong><em><sup>(3)<\/sup><\/em><\/strong><strong><em>,\u00a0 Tom\u00e1s Caycho-Rodr\u00edguez<\/em><\/strong><strong><em><sup>(4)<\/sup><\/em><\/strong><\/p>\n<p><em><sup>1 <\/sup><\/em><em>Magister en educaci\u00f3n. Grupo de Investigaci\u00f3n Avances en Investigaci\u00f3n Psicol\u00f3gica, Facultad de Ciencias de la Salud, Universidad San Ignacio de Loyola, Lima, Per\u00fa.<\/em><br \/>\n<em><sup>2<\/sup><\/em><em>Magister en educaci\u00f3n. Facultad de Ciencias de la Salud, Universidad Se\u00f1or de Sip\u00e1n. Chiclayo, Per\u00fa.<\/em><br \/>\n<em><sup>3<\/sup><\/em><em>Doctora en psicolog\u00eda. Escuela de Posgrado, Universidad Peruana Uni\u00f3n, Lima, Per\u00fa.<\/em><br \/>\n<em><sup>4<\/sup><\/em><em>Doctor en psicolog\u00eda. Carrera de Psicolog\u00eda, Universidad Cient\u00edfica del Sur, Lima, Per\u00fa.<\/em><\/p>\n<p><strong>Correspondencia:<\/strong><\/p>\n<p><strong><em>Renzo Felipe Carranza Esteban <\/em><\/strong><\/p>\n<p>Correo electr\u00f3nico:\u00a0 <a href=\"mailto:rcarranza@usil.edu.pe\" target=\"_blank\" rel=\"noopener\">rcarranza@usil.edu.pe<\/a><\/p>\n<p><strong>Palabras Clave<\/strong>: Ansiedad; Depresi\u00f3n; Satisfacci\u00f3n con la vida; Profesora universitarias; Trabajo; Per\u00fa.<\/p>\n<p><strong>Keywords<\/strong>: Anxiety; Depression; Life satisfaction; University professors; Work; Peru.<\/p>\n<p style=\"text-align: justify;\"><strong>Cita Art\u00edculo<\/strong>: Renzo Felipe Carranza Esteban et al. Ansiedad y depresi\u00f3n como predictores de la satisfacci\u00f3n con la vida en profesoras universitarias amas de casa peruanas. Rev Asoc Esp Espec Med Trab 2025; 34(4):385-395<\/p>\n<p style=\"text-align: justify;\">Acceso al PDF: <div class=\"button_wrapper \"><a  href=\"https:\/\/www.aeemt.org\/Revista_AEEMT\/VOL_34_N04_2025_DIC\/385-395%20Original_05.pdf\" target=\"_blank\" title=\"Ansiedad y depresi\u00f3n como predictores de la satisfacci\u00f3n con la vida en profesoras universitarias amas de casa peruanas\" class=\"button_  default medium\"><strong>PDF del Art\u00edculo<\/strong><\/a><\/div>\n<p><strong>RESUMEN.<\/strong><\/p>\n<p style=\"text-align: justify;\"><strong>Objetivo:<\/strong> En el presente estudio se tuvo por objetivo determinar si la ansiedad y depresi\u00f3n predicen la satisfacci\u00f3n con la vida en profesoras universitarias y que a su vez son amas de casa.<\/p>\n<p style=\"text-align: justify;\"><strong>Material y M\u00e9todos:<\/strong> Estudio de dise\u00f1o predictivo y de corte transversal que cont\u00f3 con la participaci\u00f3n voluntaria de 233 docentes universitarias de las tres regiones del Per\u00fa cuyas edades estaban comprendidas entre los 23 y 61 a\u00f1os de edad. Los instrumentos empleados fueron la Generalized Anxiety Disorder Scale-2 (GAD-2), el Patient Health Questionnarie-2 (PHQ-2) que eval\u00faa la depresi\u00f3n; y la Escala de Satisfacci\u00f3n con la Vida (SWLS).<\/p>\n<p style=\"text-align: justify;\"><strong>Resultados:<\/strong> Los resultados muestran que el modelo propuesto tuvo un buen ajuste (\\<sup>2<\/sup> = 42.00, df = 24, \u03c1 = .013, CFI = .99, TLI =.98, RMSEA = .037, SRMR = .038); evidenciando que la depresi\u00f3n predice significativamente (p &lt; .001) la satisfacci\u00f3n con la vida a diferencia de la ansiedad que no predice (\u03b2 = -.08, \u03c1 = .50).<\/p>\n<p style=\"text-align: justify;\"><strong>Conclusi\u00f3n:<\/strong> La depresi\u00f3n es un predictor significativo de la satisfacci\u00f3n con la vida en profesoras universitarias peruanas amas de casa<\/p>\n<p style=\"text-align: justify;\"><strong>Title: <\/strong><strong>ANXIETY AND DEPRESSION AS PREDICTORS OF LIFE SATISFACTION IN PERUVIAN FEMALE UNIVERSITY <\/strong><strong>PROFESSORS WHO ARE HOUSEWIVES<\/strong><\/p>\n<p style=\"text-align: justify;\"><strong style=\"text-align: justify;\">Abstract:<\/strong><\/p>\n<p style=\"text-align: justify;\"><strong>Objective:<\/strong> The objective of this study was to determine whether anxiety and depression predict life satisfaction in female university professors who are also housewives.<\/p>\n<p style=\"text-align: justify;\"><strong>Material and methods:<\/strong> Predictive and cross-sectional design study with the voluntary participation of 233 female university professors from three regions of Peru, aged between 23 and 61, participated voluntarily in the study. The instruments used were the Generalized Anxiety Disorder Scale-2 (GAD-2), the Patient Health Questionnaire-2 (PHQ-2), which assesses depression, and the Satisfaction with Life Scale (SWLS).<\/p>\n<p style=\"text-align: justify;\"><strong>Results:<\/strong> The results show that the proposed model had a good fit (\\<sup>2<\/sup> = 42.00, df = 24, p = .013, CFI = .99, TLI = .98, RMSEA = .037, SRMR = .038), evidencing that depression significantly predicts (p &lt; .001) life satisfaction, unlike anxiety, which does not predict it (\u03b2 = -.08, p = .50).<\/p>\n<p style=\"text-align: justify;\"><strong>Conclusion:<\/strong> depression is a significant predictor of life satisfaction in Peruvian female university professors who are housewives.<\/p>\n<p>[\/vc_column_text][\/vc_column][\/vc_row]<\/p>\n","protected":false},"excerpt":{"rendered":"<p>[vc_row rt_row_background_width=\u00bbdefault\u00bb rt_row_style=\u00bbdefault-style\u00bb rt_row_borders=\u00bb\u00bb rt_row_paddings=\u00bbtrue\u00bb rt_bg_effect=\u00bbclassic\u00bb rt_bg_image_repeat=\u00bbrepeat\u00bb rt_bg_size=\u00bbcover\u00bb rt_bg_position=\u00bbright top\u00bb rt_bg_attachment=\u00bbscroll\u00bb rt_bg_video_format=\u00bbself-hosted\u00bb][vc_column rt_wrp_col_paddings=\u00bbfalse\u00bb rt_border_top=\u00bb\u00bb rt_border_bottom=\u00bb\u00bb rt_border_left=\u00bb\u00bb rt_border_right=\u00bb\u00bb rt_border_top_mobile=\u00bb\u00bb rt_border_bottom_mobile=\u00bb\u00bb rt_border_left_mobile=\u00bb\u00bb rt_border_right_mobile=\u00bb\u00bb rt_bg_image_repeat=\u00bbrepeat\u00bb rt_bg_size=\u00bbauto auto\u00bb rt_bg_position=\u00bbright top\u00bb rt_bg_attachment=\u00bbscroll\u00bb][\/vc_column][\/vc_row][vc_row rt_row_background_width=\u00bbdefault\u00bb rt_row_style=\u00bbdefault-style\u00bb rt_row_borders=\u00bb\u00bb [&hellip;]<\/p>\n","protected":false},"author":1,"featured_media":0,"parent":0,"menu_order":0,"comment_status":"closed","ping_status":"closed","template":"","meta":{"footnotes":""},"class_list":["post-73430","page","type-page","status-publish","hentry"],"_links":{"self":[{"href":"https:\/\/www.aeemt.org\/web\/wp-json\/wp\/v2\/pages\/73430"}],"collection":[{"href":"https:\/\/www.aeemt.org\/web\/wp-json\/wp\/v2\/pages"}],"about":[{"href":"https:\/\/www.aeemt.org\/web\/wp-json\/wp\/v2\/types\/page"}],"author":[{"embeddable":true,"href":"https:\/\/www.aeemt.org\/web\/wp-json\/wp\/v2\/users\/1"}],"replies":[{"embeddable":true,"href":"https:\/\/www.aeemt.org\/web\/wp-json\/wp\/v2\/comments?post=73430"}],"version-history":[{"count":2,"href":"https:\/\/www.aeemt.org\/web\/wp-json\/wp\/v2\/pages\/73430\/revisions"}],"predecessor-version":[{"id":73432,"href":"https:\/\/www.aeemt.org\/web\/wp-json\/wp\/v2\/pages\/73430\/revisions\/73432"}],"wp:attachment":[{"href":"https:\/\/www.aeemt.org\/web\/wp-json\/wp\/v2\/media?parent=73430"}],"curies":[{"name":"wp","href":"https:\/\/api.w.org\/{rel}","templated":true}]}}