{"id":73411,"date":"2026-01-21T03:45:11","date_gmt":"2026-01-21T02:45:11","guid":{"rendered":"https:\/\/www.aeemt.org\/web\/?page_id=73411"},"modified":"2026-01-21T03:45:11","modified_gmt":"2026-01-21T02:45:11","slug":"original-1-mdt-vol-34-n04-diciembre-2025","status":"publish","type":"page","link":"https:\/\/www.aeemt.org\/web\/original-1-mdt-vol-34-n04-diciembre-2025\/","title":{"rendered":"Original 1 MDT Vol 34 N04 Diciembre 2025"},"content":{"rendered":"<p>[vc_row rt_row_background_width=\u00bbdefault\u00bb rt_row_style=\u00bbdefault-style\u00bb rt_row_borders=\u00bb\u00bb rt_row_paddings=\u00bbtrue\u00bb rt_bg_effect=\u00bbclassic\u00bb rt_bg_image_repeat=\u00bbrepeat\u00bb rt_bg_size=\u00bbcover\u00bb rt_bg_position=\u00bbright top\u00bb rt_bg_attachment=\u00bbscroll\u00bb rt_bg_video_format=\u00bbself-hosted\u00bb][vc_column rt_wrp_col_paddings=\u00bbfalse\u00bb rt_border_top=\u00bb\u00bb rt_border_bottom=\u00bb\u00bb rt_border_left=\u00bb\u00bb rt_border_right=\u00bb\u00bb rt_border_top_mobile=\u00bb\u00bb rt_border_bottom_mobile=\u00bb\u00bb rt_border_left_mobile=\u00bb\u00bb rt_border_right_mobile=\u00bb\u00bb rt_bg_image_repeat=\u00bbrepeat\u00bb rt_bg_size=\u00bbauto auto\u00bb rt_bg_position=\u00bbright top\u00bb rt_bg_attachment=\u00bbscroll\u00bb]<div class=\"rt_heading_wrapper \">\n\t\t\t\t\t\t<h2 class=\"rt_heading  \" >Asociaci\u00f3n entre exposici\u00f3n a plaguicidas y enfermedades cr\u00f3nicas en agricultores colombianos: resultados de un estudio transversal en Antioqu\u00eda.<\/h2>\n\t\t\t\t\t<\/div>[\/vc_column][\/vc_row][vc_row rt_row_background_width=\u00bbdefault\u00bb rt_row_style=\u00bbdefault-style\u00bb rt_row_borders=\u00bb\u00bb rt_row_paddings=\u00bbtrue\u00bb rt_bg_effect=\u00bbclassic\u00bb rt_bg_image_repeat=\u00bbrepeat\u00bb rt_bg_size=\u00bbcover\u00bb rt_bg_position=\u00bbright top\u00bb rt_bg_attachment=\u00bbscroll\u00bb rt_bg_video_format=\u00bbself-hosted\u00bb][vc_column rt_wrp_col_paddings=\u00bbfalse\u00bb rt_border_top=\u00bb\u00bb rt_border_bottom=\u00bb\u00bb rt_border_left=\u00bb\u00bb rt_border_right=\u00bb\u00bb rt_border_top_mobile=\u00bb\u00bb rt_border_bottom_mobile=\u00bb\u00bb rt_border_left_mobile=\u00bb\u00bb rt_border_right_mobile=\u00bb\u00bb rt_bg_image_repeat=\u00bbrepeat\u00bb rt_bg_size=\u00bbauto auto\u00bb rt_bg_position=\u00bbright top\u00bb rt_bg_attachment=\u00bbscroll\u00bb][vc_column_text css=\u00bb\u00bb]<\/p>\n<p style=\"text-align: justify;\"><img loading=\"lazy\" decoding=\"async\" class=\" wp-image-70359 aligncenter\" src=\"https:\/\/www.aeemt.org\/web\/wp-content\/uploads\/2024\/09\/Revista_AEEMT_Cabecero-300x97.png\" alt=\"\" width=\"927\" height=\"300\" srcset=\"https:\/\/www.aeemt.org\/web\/wp-content\/uploads\/2024\/09\/Revista_AEEMT_Cabecero-300x97.png 300w, https:\/\/www.aeemt.org\/web\/wp-content\/uploads\/2024\/09\/Revista_AEEMT_Cabecero-768x248.png 768w, https:\/\/www.aeemt.org\/web\/wp-content\/uploads\/2024\/09\/Revista_AEEMT_Cabecero-600x193.png 600w, https:\/\/www.aeemt.org\/web\/wp-content\/uploads\/2024\/09\/Revista_AEEMT_Cabecero.png 934w\" sizes=\"(max-width: 927px) 100vw, 927px\" \/><\/p>\n<p style=\"text-align: justify;\">N\u00famero de la Revista: Vol. 34 &#8211; n\u00ba 04- Diciembre 2025<\/p>\n<p><strong>Secci\u00f3n:<\/strong>\u00a0Original<\/p>\n<p><strong>T\u00edtulo:<\/strong> Asociaci\u00f3n entre exposici\u00f3n a plaguicidas y enfermedades cr\u00f3nicas en agricultores colombianos: resultados de un estudio transversal en Antioqu\u00eda.<\/p>\n<p style=\"text-align: justify;\"><strong>Autores:<\/strong><\/p>\n<p><strong><em>Oscar Iv\u00e1n Quir\u00f3s-G\u00f3mez<\/em><\/strong><strong><em><sup>(1)<\/sup><\/em><\/strong><strong><em>, Sonia Margarita G\u00f3mez-Zuluaga<\/em><\/strong><strong><em><sup>(2)<\/sup><\/em><\/strong><strong><em>, Elsa Mar\u00eda V\u00e1squez-Trespalacios<\/em><\/strong><strong><em><sup>(3)<\/sup><\/em><\/strong><strong><em>,\u00a0 Angie Ximena Ortiz-Chamorro<\/em><\/strong><strong><em><sup>(4)<\/sup><\/em><\/strong><\/p>\n<p><sup>1 <\/sup>PhD en Epidemiolog\u00eda y Bioestad\u00edstica. Facultad de Ciencias de la Salud, Divisi\u00f3n de Salud P\u00fablica, Universidad <sup>\u00a0<\/sup>CES, Medell\u00edn, Colombia. ID ORCID: <a href=\"https:\/\/orcid.org\/0000-0002-5699-9912\" target=\"_blank\" rel=\"noopener\">https:\/\/orcid.org\/0000-0002-5699-9912<\/a>.<br \/>\n<sup>2 <\/sup>BSc. Microbi\u00f3loga. Laboratorio Cl\u00ednico Santa Teresa de \u00c1vila, El Santuario, Antioquia, Colombia. ID ORCID: <sup>\u00a0<\/sup><a href=\"https:\/\/orcid.org\/0009-0005-7125-1514\" target=\"_blank\" rel=\"noopener\">https:\/\/orcid.org\/0009-0005-7125-1514<\/a><br \/>\n<sup>3 <\/sup>PhD en Ciencias de la Salud Ocupacional. Facultad de Ciencias de la Salud, Universidad CES, Medell\u00edn, Antioqu\u00eda. <sup>\u00a0<\/sup>Colombia. ID ORCID: <a href=\"https:\/\/orcid.org\/0000-0002-0665-5310\" target=\"_blank\" rel=\"noopener\">https:\/\/orcid.org\/0000-0002-0665-5310<\/a><br \/>\n<sup>4 <\/sup>M\u00e9dica, Mag\u00edster en Epidemiolog\u00eda. Facultad de Ciencias de la Salud, Universidad CES, Medell\u00edn, Colombia. ID <sup>\u00a0<\/sup>ORCID: <a href=\"https:\/\/orcid.org\/0000-0002-7443-8537\" target=\"_blank\" rel=\"noopener\">https:\/\/orcid.org\/0000-0002-7443-8537<\/a><\/p>\n<p><strong>Correspondencia:<\/strong><\/p>\n<p><strong><em>Oscar Iv\u00e1n Quir\u00f3s-G\u00f3mez <\/em><\/strong><\/p>\n<p>Correo electr\u00f3nico: <a href=\"mailto:oquiros@ces.edu.co\" target=\"_blank\" rel=\"noopener\">oquiros@ces.edu.co<\/a><\/p>\n<p><strong>Palabras Clave<\/strong>: Plaguicidas; Enfermedades cr\u00f3nicas; Trabajadores agr\u00edcolas; Exposici\u00f3n ocupacional; Salud rural.<\/p>\n<p><strong>Keywords<\/strong>: Pesticides; Chronic Disease; Agricultural Workers; Occupational Exposure; Rural Health.<\/p>\n<p style=\"text-align: justify;\"><strong>Cita Art\u00edculo<\/strong>: Oscar Iv\u00e1n Quir\u00f3s-G\u00f3mez et al. Asociaci\u00f3n entre exposici\u00f3n a plaguicidas y enfermedades cr\u00f3nicas en agricultores colombianos: resultados de un estudio transversal en Antioquia.. Rev Asoc Esp Espec Med Trab 2025; 34(4):329-340<\/p>\n<p style=\"text-align: justify;\">Acceso al PDF: <div class=\"button_wrapper \"><a  href=\"https:\/\/www.aeemt.org\/Revista_AEEMT\/VOL_34_N04_2025_DIC\/329-340%20Original_01.pdf\" target=\"_blank\" title=\"Asociaci\u00f3n entre exposici\u00f3n a plaguicidas y enfermedades cr\u00f3nicas en agricultores colombianos\" class=\"button_  default medium\"><strong>PDF del Art\u00edculo<\/strong><\/a><\/div>\n<p><strong>RESUMEN.<\/strong><\/p>\n<p style=\"text-align: justify;\"><strong>Introducci\u00f3n:<\/strong> Los agricultores est\u00e1n expuestos permanentemente a plaguicidas aumentando su riesgo de enfermedades cr\u00f3nicas. En Colombia, existe escasa evidencia local.<\/p>\n<p style=\"text-align: justify;\"><strong>Objetivo:<\/strong> Evaluar la relaci\u00f3n entre exposici\u00f3n a plaguicidas y enfermedades cr\u00f3nicas en agricultores de un municipio colombiano.<\/p>\n<p style=\"text-align: justify;\"><strong>Material y M\u00e9todos:<\/strong> Estudio transversal en 70 agricultores, evaluando exposici\u00f3n ocupacional, pr\u00e1cticas de protecci\u00f3n y marcadores bioqu\u00edmicos. Se estimaron razones de prevalencia (RP).<\/p>\n<p style=\"text-align: justify;\"><strong>Resultados:<\/strong> el 21 % report\u00f3 al menos una enfermedad cr\u00f3nica. La presencia de enfermedad cr\u00f3nica se asoci\u00f3 con la edad (RP = 1,06; IC95%: 1,00\u20131,11) y con los a\u00f1os trabajados en agricultura (RP = 1,03; IC95%: 1,01\u20131,06). En contraste, los a\u00f1os de uso de plaguicidas no mostraron asociaci\u00f3n significativa tras el ajuste ni se encontraron asociaciones con tipos espec\u00edficos de compuestos. Los biomarcadores estuvieron en rangos normales.<\/p>\n<p style=\"text-align: justify;\"><strong>Conclusiones:<\/strong> la prevalencia de enfermedades cr\u00f3nicas se relacion\u00f3 principalmente con factores acumulativos como la edad y el tiempo total en labores agr\u00edcolas.<\/p>\n<p style=\"text-align: justify;\"><strong>Title: ASSOCIATION BETWEEN PESTICIDES EXPOSURE AND CHRONIC DISEASES IN COLOMBIAN FARMERS: RESULTS FROM A CROSS-SECTIONAL STUDY IN ANTIOQUIA.<br \/>\n<\/strong><\/p>\n<p style=\"text-align: justify;\"><strong style=\"text-align: justify;\">Abstract:<\/strong><\/p>\n<p style=\"text-align: justify;\"><strong>Introduction:<\/strong> farmers are permanently exposed to pesticides, increasing their risk of chronic diseases. In Colombia, there is little local evidence.<\/p>\n<p style=\"text-align: justify;\"><strong>Objective:<\/strong> to evaluate the relationship between pesticides exposure and chronic diseases in farmers in a Colombian municipality.<\/p>\n<p style=\"text-align: justify;\"><strong>Material and mMthods:<\/strong> cross-sectional study in 70 farmers, evaluating occupational exposure, protection practices and biochemical markers. Prevalence ratios (PR) were estimated.<\/p>\n<p style=\"text-align: justify;\"><strong>Results:<\/strong> 21% reported at least one chronic disease. The presence of chronic disease was associated with age (PR = 1.06; 95% CI: 1.00\u20131.11) and with years of experience in agriculture (PR = 1.03; 95% CI: 1.01\u20131.06). In contrast, years of pesticides use did not show a significant association after adjustment, nor were associations found with specific types of compounds. Biomarkers were within normal ranges.<\/p>\n<p style=\"text-align: justify;\"><strong>Conclusions:<\/strong> The prevalence of chronic diseases was mainly related to cumulative factors such as age and total time spent in agricultural work.<\/p>\n<p>[\/vc_column_text][\/vc_column][\/vc_row]<\/p>\n","protected":false},"excerpt":{"rendered":"<p>[vc_row rt_row_background_width=\u00bbdefault\u00bb rt_row_style=\u00bbdefault-style\u00bb rt_row_borders=\u00bb\u00bb rt_row_paddings=\u00bbtrue\u00bb rt_bg_effect=\u00bbclassic\u00bb rt_bg_image_repeat=\u00bbrepeat\u00bb rt_bg_size=\u00bbcover\u00bb rt_bg_position=\u00bbright top\u00bb rt_bg_attachment=\u00bbscroll\u00bb rt_bg_video_format=\u00bbself-hosted\u00bb][vc_column rt_wrp_col_paddings=\u00bbfalse\u00bb rt_border_top=\u00bb\u00bb rt_border_bottom=\u00bb\u00bb rt_border_left=\u00bb\u00bb rt_border_right=\u00bb\u00bb rt_border_top_mobile=\u00bb\u00bb rt_border_bottom_mobile=\u00bb\u00bb rt_border_left_mobile=\u00bb\u00bb rt_border_right_mobile=\u00bb\u00bb rt_bg_image_repeat=\u00bbrepeat\u00bb rt_bg_size=\u00bbauto auto\u00bb rt_bg_position=\u00bbright top\u00bb rt_bg_attachment=\u00bbscroll\u00bb][\/vc_column][\/vc_row][vc_row rt_row_background_width=\u00bbdefault\u00bb rt_row_style=\u00bbdefault-style\u00bb rt_row_borders=\u00bb\u00bb [&hellip;]<\/p>\n","protected":false},"author":1,"featured_media":0,"parent":0,"menu_order":0,"comment_status":"closed","ping_status":"closed","template":"","meta":{"footnotes":""},"class_list":["post-73411","page","type-page","status-publish","hentry"],"_links":{"self":[{"href":"https:\/\/www.aeemt.org\/web\/wp-json\/wp\/v2\/pages\/73411"}],"collection":[{"href":"https:\/\/www.aeemt.org\/web\/wp-json\/wp\/v2\/pages"}],"about":[{"href":"https:\/\/www.aeemt.org\/web\/wp-json\/wp\/v2\/types\/page"}],"author":[{"embeddable":true,"href":"https:\/\/www.aeemt.org\/web\/wp-json\/wp\/v2\/users\/1"}],"replies":[{"embeddable":true,"href":"https:\/\/www.aeemt.org\/web\/wp-json\/wp\/v2\/comments?post=73411"}],"version-history":[{"count":3,"href":"https:\/\/www.aeemt.org\/web\/wp-json\/wp\/v2\/pages\/73411\/revisions"}],"predecessor-version":[{"id":73414,"href":"https:\/\/www.aeemt.org\/web\/wp-json\/wp\/v2\/pages\/73411\/revisions\/73414"}],"wp:attachment":[{"href":"https:\/\/www.aeemt.org\/web\/wp-json\/wp\/v2\/media?parent=73411"}],"curies":[{"name":"wp","href":"https:\/\/api.w.org\/{rel}","templated":true}]}}