{"id":73396,"date":"2026-01-22T22:14:35","date_gmt":"2026-01-22T21:14:35","guid":{"rendered":"https:\/\/www.aeemt.org\/web\/?page_id=73396"},"modified":"2026-01-22T22:14:35","modified_gmt":"2026-01-22T21:14:35","slug":"vol-34-n04-diciembre-2025-numero-completo","status":"publish","type":"page","link":"https:\/\/www.aeemt.org\/web\/vol-34-n04-diciembre-2025-numero-completo\/","title":{"rendered":"Vol 34 N04 Diciembre 2025. N\u00famero completo."},"content":{"rendered":"<p>[vc_row rt_row_background_width=\u00bbdefault\u00bb rt_row_style=\u00bbdefault-style\u00bb rt_row_borders=\u00bb\u00bb rt_row_paddings=\u00bbtrue\u00bb rt_bg_effect=\u00bbclassic\u00bb rt_bg_image_repeat=\u00bbrepeat\u00bb rt_bg_size=\u00bbcover\u00bb rt_bg_position=\u00bbright top\u00bb rt_bg_attachment=\u00bbscroll\u00bb rt_bg_video_format=\u00bbself-hosted\u00bb][vc_column rt_wrp_col_paddings=\u00bbfalse\u00bb rt_border_top=\u00bb\u00bb rt_border_bottom=\u00bb\u00bb rt_border_left=\u00bb\u00bb rt_border_right=\u00bb\u00bb rt_border_top_mobile=\u00bb\u00bb rt_border_bottom_mobile=\u00bb\u00bb rt_border_left_mobile=\u00bb\u00bb rt_border_right_mobile=\u00bb\u00bb rt_bg_image_repeat=\u00bbrepeat\u00bb rt_bg_size=\u00bbauto auto\u00bb rt_bg_position=\u00bbright top\u00bb rt_bg_attachment=\u00bbscroll\u00bb]<div class=\"rt_heading_wrapper style-4\">\n\t\t\t\t\t\t<h2 class=\"rt_heading  style-4\" >N\u00famero de la Revista:\u00a0<strong>Vol. 34\u00a0&#8211; n\u00ba 04\u00a0&#8211;\u00a0diciembre\u00a02025<\/strong><\/h2>\n\t\t\t\t\t<\/div>[vc_column_text css=\u00bb\u00bb]<strong>Rev Asoc Esp Espec Med Trab<\/strong><br \/>\nVol\u00famen 34 &#8211; N\u00famero 4- Diciembre 2025 &#8211; 138 p\u00e1ginas<br \/>\n<strong>ISSN version on line: 3020-1160<\/strong><br \/>\n<strong>ISSN versi\u00f3n impresa: 1132-6255<\/strong><br \/>\nRevista trimestral[\/vc_column_text][vc_column_text css=\u00bb\u00bb]<\/p>\n<h3 style=\"text-align: center;\">Pod\u00e9is\u00a0visualizar en formato PDF el numero completo de la publicaci\u00f3n pulsando sobre el siguiente enlace.<\/h3>\n<p style=\"text-align: center;\"><div class=\"button_wrapper  aligncenter\"><a  href=\"https:\/\/www.aeemt.org\/Revista_AEEMT\/VOL_34_N04_2025_DIC\/Medicina%20del%20Trabajo%20VOL%2034%20N4%20-%20Diciembre%202025.pdf\" target=\"_blank\" title=\"Revista Volumen 34 N03 Septiembre 2025\" class=\"button_  default medium\"><strong>PDF del n\u00famero completo de la Revista<\/strong><\/a><\/div>\n<p>[\/vc_column_text][vc_single_image image=\u00bb73399&#8243; img_size=\u00bblarge\u00bb alignment=\u00bbcenter\u00bb onclick=\u00bbcustom_link\u00bb img_link_target=\u00bb_blank\u00bb css=\u00bb\u00bb link=\u00bbhttps:\/\/www.aeemt.org\/Revista_AEEMT\/VOL_34_N04_2025_DIC\/Medicina%20del%20Trabajo%20VOL%2034%20N4%20-%20Diciembre%202025.pdf\u00bb][\/vc_column][\/vc_row][vc_row rt_row_background_width=\u00bbdefault\u00bb rt_row_style=\u00bbdefault-style\u00bb rt_row_borders=\u00bb\u00bb rt_row_paddings=\u00bbtrue\u00bb rt_bg_effect=\u00bbclassic\u00bb rt_bg_image_repeat=\u00bbrepeat\u00bb rt_bg_size=\u00bbcover\u00bb rt_bg_position=\u00bbright top\u00bb rt_bg_attachment=\u00bbscroll\u00bb rt_bg_video_format=\u00bbself-hosted\u00bb][vc_column width=\u00bb1\/2&#8243; rt_wrp_col_paddings=\u00bbfalse\u00bb rt_border_top=\u00bb\u00bb rt_border_bottom=\u00bb\u00bb rt_border_left=\u00bb\u00bb rt_border_right=\u00bb\u00bb rt_border_top_mobile=\u00bb\u00bb rt_border_bottom_mobile=\u00bb\u00bb rt_border_left_mobile=\u00bb\u00bb rt_border_right_mobile=\u00bb\u00bb rt_bg_image_repeat=\u00bbrepeat\u00bb rt_bg_size=\u00bbauto auto\u00bb rt_bg_position=\u00bbright top\u00bb rt_bg_attachment=\u00bbscroll\u00bb]\t \n\t\t<div  class=\"chained_contents style-1  left\" data-rt-animation-group=\"group\" >\n\t\t\t \n\t\t<div  class=\"\" data-rt-animate=\"animate\" data-rt-animation-type=\"fadeInDown\">\n\t\t<span class=\"icon-menu-1 icon\"><\/span><div class=\"list-content\"><h4 class=\"list-title\">SUMARIO<\/h4><p>Sumario de la revista.<\/p>\n<div class=\"button_wrapper \"><a  href=\"https:\/\/www.aeemt.org\/Revista_AEEMT\/VOL_34_N04_2025_DIC\/325-326%20Sumario.pdf\" target=\"_blank\" title=\"Sumario\" class=\"button_  default medium\"><strong>Sumario en PDF<\/strong><\/a><\/div>\n<\/div>\n\t\t<\/div>\n\t\t \n\t\t<div  class=\"\" data-rt-animate=\"animate\" data-rt-animation-type=\"fadeInDown\">\n\t\t<span class=\"icon-doc-alt icon\"><\/span><div class=\"list-content\"><h4 class=\"list-title\">EDITORIAL<\/h4><p style=\"text-align: justify;\"><strong>Teletrabajo y salud laboral<\/strong><br \/>\n<em>Teresa del Campo Balsa<\/em><\/p>\n<p style=\"text-align: justify;\">\n<div class=\"button_wrapper \"><a  href=\"https:\/\/www.aeemt.org\/web\/editorial-mdt-vol34-n4-diciembre-2025\/\" target=\"_self\" title=\"Teletrabajo y salud laboral\" class=\"button_  default medium\"><strong>Ver Editorial<\/strong><\/a><\/div>\n<div class=\"button_wrapper \"><a  href=\"https:\/\/www.aeemt.org\/Revista_AEEMT\/VOL_34_N04_2025_DIC\/327-328%20Editorial.pdf\" target=\"_blank\" title=\"Teletrabajo y salud laboral\" class=\"button_  default medium\"><strong>Editorial en PDF<\/strong><\/a><\/div>\n<\/div>\n\t\t<\/div>\n\t\t \n\t\t<div  class=\"\" data-rt-animate=\"animate\" data-rt-animation-type=\"fadeInDown\">\n\t\t<span class=\"icon-doc-alt icon\"><\/span><div class=\"list-content\"><h4 class=\"list-title\">Art\u00edculo<\/h4><p style=\"text-align: justify;\"><strong>Asociaci\u00f3n entre exposici\u00f3n a plaguicidas y enfermedades cr\u00f3nicas en agricultores colombianos: resultados de un estudio transversal en Antioquia<\/strong><br \/>\n<em>Oscar Iv\u00e1n Quir\u00f3s-G\u00f3mez, Sonia Margarita G\u00f3mez-Zuluaga, Elsa Mar\u00eda V\u00e1squez-Trespalacios, Angie Ximena Ortiz-Chamorro<\/em><\/p>\n<p style=\"text-align: justify;\">\n<div class=\"button_wrapper \"><a  href=\"https:\/\/www.aeemt.org\/web\/original-1-mdt-vol-34-n04-diciembre-2025\/\" target=\"_self\" title=\"Asociaci\u00f3n entre exposici\u00f3n a plaguicidas y enfermedades cr\u00f3nicas en agricultores colombianos\" class=\"button_  default medium\"><strong>Ver Resumen<\/strong><\/a><\/div>\n<p style=\"text-align: justify;\">\n<div class=\"button_wrapper \"><a  href=\"https:\/\/www.aeemt.org\/Revista_AEEMT\/VOL_34_N04_2025_DIC\/329-340%20Original_01.pdf\" target=\"_blank\" title=\"Asociaci\u00f3n entre exposici\u00f3n a plaguicidas y enfermedades cr\u00f3nicas en agricultores colombianos\" class=\"button_  default medium\"><strong>Ver PDF del art\u00edculo completo<\/strong><\/a><\/div>\n<\/div>\n\t\t<\/div>\n\t\t \n\t\t<div  class=\"\" data-rt-animate=\"animate\" data-rt-animation-type=\"fadeInDown\">\n\t\t<span class=\"icon-doc-alt icon\"><\/span><div class=\"list-content\"><h4 class=\"list-title\">Art\u00edculo<\/h4><p style=\"text-align: justify;\"><strong>Violencia psicol\u00f3gica y acoso laboral en trabajadores ecuatorianos del sector privado. Estudio Mixto<\/strong><br \/>\n<em>Silvia Lorena Gavilanes Morej\u00f3n, Silvia Graciela Le\u00f3n Cortes, Juan Carlos Barrera de Le\u00f3n, Sandra Margarita Rubio \u00c1vila, Julio C\u00e9sar V\u00e1squez Colunga<\/em><\/p>\n<p style=\"text-align: left;\">\n<div class=\"button_wrapper \"><a  href=\"https:\/\/www.aeemt.org\/web\/original-2-mdt-vol-34-n04-diciembre-2025\/\" target=\"_self\" title=\"Violencia psicol\u00f3gica y acoso laboral en trabajadores ecuatorianos del sector privado. Estudio Mixto\" class=\"button_  default medium\"><strong>Ver Resumen<\/strong><\/a><\/div>\n<p style=\"text-align: justify;\">\n<div class=\"button_wrapper \"><a  href=\"https:\/\/www.aeemt.org\/Revista_AEEMT\/VOL_34_N04_2025_DIC\/341-355%20Original_02%20Web.pdf\" target=\"_blank\" title=\"Violencia psicol\u00f3gica y acoso laboral en trabajadores ecuatorianos del sector privado. Estudio Mixto\" class=\"button_  default medium\"><strong>Ver PDF del art\u00edculo completo<\/strong><\/a><\/div>\n<\/div>\n\t\t<\/div>\n\t\t \n\t\t<div  class=\"\" data-rt-animate=\"animate\" data-rt-animation-type=\"fadeInDown\">\n\t\t<span class=\"icon-doc-alt icon\"><\/span><div class=\"list-content\"><h4 class=\"list-title\">Art\u00edculo<\/h4><p style=\"text-align: justify;\"><strong>Riesgos psicosociales y calidad de vida en docentes de educaci\u00f3n especial: evidencia de Per\u00fa e implicaciones para Am\u00e9rica Latina<\/strong><br \/>\n<em>Carlos Manuel Escobar Galindo, Richard Raitt Rodriguez Rojas, Fiorella Milagros Loli Porta<\/em><\/p>\n<p style=\"text-align: left;\">\n<div class=\"button_wrapper \"><a  href=\"https:\/\/www.aeemt.org\/web\/original-3-mdt-vol-34-n04-diciembre-2025\/\" target=\"_self\" title=\"Riesgos psicosociales y calidad de vida en docentes de educaci\u00f3n especial: evidencia de Per\u00fa e implicaciones para Am\u00e9rica Latina\" class=\"button_  default medium\"><strong>Ver Resumen<\/strong><\/a><\/div>\n<p style=\"text-align: justify;\">\n<div class=\"button_wrapper \"><a  href=\"https:\/\/www.aeemt.org\/Revista_AEEMT\/VOL_34_N04_2025_DIC\/356-368%20Original_03.pdf\" target=\"_blank\" title=\"Riesgos psicosociales y calidad de vida en docentes de educaci\u00f3n especial: evidencia de Per\u00fa e implicaciones para Am\u00e9rica Latina\" class=\"button_  default medium\"><strong>Ver PDF del art\u00edculo completo<\/strong><\/a><\/div>\n<\/div>\n\t\t<\/div>\n\t\t \n\t\t<div  class=\"\" data-rt-animate=\"animate\" data-rt-animation-type=\"fadeInDown\">\n\t\t<span class=\"icon-doc-alt icon\"><\/span><div class=\"list-content\"><h4 class=\"list-title\">Art\u00edculo<\/h4><p style=\"text-align: justify;\"><strong>Prevalencia de s\u00edntomas depresivos y factores asociados en m\u00e9dicos de servicio social obligatorio del suroccidente colombiano: un estudio transversal<\/strong><br \/>\n<em>Angie Ximena Ortiz-Chamorro, Oscar Iv\u00e1n Quir\u00f3s-G\u00f3mez, Glor\u00eda Mar\u00eda Sierra Hincapi\u00e9<\/em><\/p>\n<p style=\"text-align: left;\">\n<div class=\"button_wrapper \"><a  href=\"https:\/\/www.aeemt.org\/web\/original-4-mdt-vol-34-n04-diciembre-2025\/\" target=\"_self\" title=\"Prevalencia de s\u00edntomas depresivos y factores asociados en m\u00e9dicos de servicio social obligatorio del suroccidente colombiano: un estudio transversal\" class=\"button_  default medium\"><strong>Ver Resumen<\/strong><\/a><\/div>\n<p style=\"text-align: justify;\">\n<div class=\"button_wrapper \"><a  href=\"https:\/\/www.aeemt.org\/Revista_AEEMT\/VOL_34_N04_2025_DIC\/369-384%20Original_04.pdf\" target=\"_blank\" title=\"Prevalencia de s\u00edntomas depresivos y factores asociados en m\u00e9dicos de servicio social obligatorio del suroccidente colombiano: un estudio transversal\" class=\"button_  default medium\"><strong>Ver PDF del art\u00edculo completo<\/strong><\/a><\/div>\n<\/div>\n\t\t<\/div>\n\t\t \n\t\t<div  class=\"\" data-rt-animate=\"animate\" data-rt-animation-type=\"fadeInDown\">\n\t\t<span class=\"icon-doc-alt icon\"><\/span><div class=\"list-content\"><h4 class=\"list-title\">Art\u00edculo<\/h4><p style=\"text-align: justify;\"><strong>Ansiedad y depresi\u00f3n como predictores de la satisfacci\u00f3n con la vida en profesoras universitarias amas de casa peruanas<\/strong><br \/>\n<em>Silvia Lorena Gavilanes Morej\u00f3n, Silvia Graciela Le\u00f3n Cortes, Juan Carlos Barrera de Le\u00f3n, Sandra Margarita Rubio \u00c1vila, Julio C\u00e9sar V\u00e1squez Colunga<\/em><\/p>\n<p style=\"text-align: left;\">\n<div class=\"button_wrapper \"><a  href=\"https:\/\/www.aeemt.org\/web\/original-5-mdt-vol-34-n04-diciembre-2025\/\" target=\"_self\" title=\"Ansiedad y depresi\u00f3n como predictores de la satisfacci\u00f3n con la vida en profesoras universitarias amas de casa peruanas\" class=\"button_  default medium\"><strong>Ver Resumen<\/strong><\/a><\/div>\n<p style=\"text-align: justify;\">\n<div class=\"button_wrapper \"><a  href=\"https:\/\/www.aeemt.org\/Revista_AEEMT\/VOL_34_N04_2025_DIC\/385-395%20Original_05.pdf\" target=\"_blank\" title=\"Ansiedad y depresi\u00f3n como predictores de la satisfacci\u00f3n con la vida en profesoras universitarias amas de casa peruanas\" class=\"button_  default medium\"><strong>Ver PDF del art\u00edculo completo<\/strong><\/a><\/div>\n<\/div>\n\t\t<\/div>\n\t\n\t\t<\/div>\n\t[\/vc_column][vc_column width=\u00bb1\/2&#8243; rt_wrp_col_paddings=\u00bbfalse\u00bb rt_border_top=\u00bb\u00bb rt_border_bottom=\u00bb\u00bb rt_border_left=\u00bb\u00bb rt_border_right=\u00bb\u00bb rt_border_top_mobile=\u00bb\u00bb rt_border_bottom_mobile=\u00bb\u00bb rt_border_left_mobile=\u00bb\u00bb rt_border_right_mobile=\u00bb\u00bb rt_bg_image_repeat=\u00bbrepeat\u00bb rt_bg_size=\u00bbauto auto\u00bb rt_bg_position=\u00bbright top\u00bb rt_bg_attachment=\u00bbscroll\u00bb]\t \n\t\t<div  class=\"chained_contents style-1  left\" data-rt-animation-group=\"group\" >\n\t\t\t \n\t\t<div  class=\"\" data-rt-animate=\"animate\" data-rt-animation-type=\"fadeInDown\">\n\t\t<span class=\"icon-doc-alt icon\"><\/span><div class=\"list-content\"><h4 class=\"list-title\">Art\u00edculo<\/h4><p style=\"text-align: justify;\"><strong>Sintomatolog\u00eda musculoesquel\u00e9tica asociada a riesgo ergon\u00f3mico en personal administrativo de Veracruz Sur, M\u00e9xico<\/strong><br \/>\n<em>Patricia Casimiro Mart\u00ednez, Cesiah Areli Monta\u00f1o Salvador, Frida Olivia L\u00f3pez M\u00e9ndez<\/em><\/p>\n<p style=\"text-align: left;\">\n<div class=\"button_wrapper \"><a  href=\"https:\/\/www.aeemt.org\/web\/original-6-mdt-vol-34-n04-diciembre-2025\/\" target=\"_self\" title=\"Sintomatolog\u00eda musculoesquel\u00e9tica asociada a riesgo ergon\u00f3mico en personal administrativo de Veracruz Sur, M\u00e9xico\" class=\"button_  default medium\"><strong>Ver Resumen<\/strong><\/a><\/div>\n<p style=\"text-align: justify;\">\n<div class=\"button_wrapper \"><a  href=\"https:\/\/www.aeemt.org\/Revista_AEEMT\/VOL_34_N04_2025_DIC\/396-404%20Original_06.pdf\" target=\"_blank\" title=\"Sintomatolog\u00eda musculoesquel\u00e9tica asociada a riesgo ergon\u00f3mico en personal administrativo de Veracruz Sur, M\u00e9xico\" class=\"button_  default medium\"><strong>Ver PDF del art\u00edculo completo<\/strong><\/a><\/div>\n<\/div>\n\t\t<\/div>\n\t\t \n\t\t<div  class=\"\" data-rt-animate=\"animate\" data-rt-animation-type=\"fadeInDown\">\n\t\t<span class=\"icon-doc-alt icon\"><\/span><div class=\"list-content\"><h4 class=\"list-title\">Art\u00edculo<\/h4><p><strong>Subregistro de la hernia discal lumbar como enfermedad. Necesidad de un cambio de paradigma<\/strong><br \/>\n<em>D\u00e9bora Joanna Gamarra Leimann<\/em><\/p>\n<p style=\"text-align: justify;\">\n<div class=\"button_wrapper \"><a  href=\"https:\/\/www.aeemt.org\/web\/original-7-mdt-vol-34-n04-diciembre-2025\/\" target=\"_self\" title=\"Subregistro de la hernia discal lumbar como enfermedad. Necesidad de un cambio de paradigma\" class=\"button_  default medium\"><strong>Ver Resumen<\/strong><\/a><\/div>\n<p style=\"text-align: justify;\">\n<div class=\"button_wrapper \"><a  href=\"https:\/\/www.aeemt.org\/Revista_AEEMT\/VOL_34_N04_2025_DIC\/405-419%20Original_07.pdf\" target=\"_blank\" title=\"Subregistro de la hernia discal lumbar como enfermedad. Necesidad de un cambio de paradigma\" class=\"button_  default medium\"><strong>Ver PDF del art\u00edculo completo<\/strong><\/a><\/div>\n<\/div>\n\t\t<\/div>\n\t\t \n\t\t<div  class=\"\" data-rt-animate=\"animate\" data-rt-animation-type=\"fadeInDown\">\n\t\t<span class=\"icon-doc-alt icon\"><\/span><div class=\"list-content\"><h4 class=\"list-title\">Revisi\u00f3n<\/h4><p><strong>An\u00e1lisis de los Riesgos Emergentes en Seguridad y Salud en el Trabajo derivados de nuevas modalidades de trabajo utilizando indicadores bibliom\u00e9tricos durante 2017-2023.<\/strong><br \/>\n<em>Mar\u00eda Alexandra Malag\u00f3n Torres, Lisbeth Garc\u00eda Guerrero, Edinson Johan G\u00f3mez, Jairo N\u00fa\u00f1ez Rodr\u00edguez<\/em><\/p>\n<p style=\"text-align: justify;\">\n<div class=\"button_wrapper \"><a  href=\"https:\/\/www.aeemt.org\/web\/revision-1-mdt-vol-34-n04-diciembre-2025\/\" target=\"_self\" title=\"An\u00e1lisis de los Riesgos Emergentes en Seguridad y Salud en el Trabajo derivados de nuevas modalidades de trabajo utilizando indicadores bibliom\u00e9tricos durante 2017-2023.\" class=\"button_  default medium\"><strong>Ver Resumen<\/strong><\/a><\/div>\n<p style=\"text-align: justify;\">\n<div class=\"button_wrapper \"><a  href=\"https:\/\/www.aeemt.org\/Revista_AEEMT\/VOL_34_N04_2025_DIC\/420-433%20Original_08.pdf\" target=\"_blank\" title=\"An\u00e1lisis\" class=\"button_  default medium\"><strong>PDF del art\u00edculo completo<\/strong><\/a><\/div>\n<\/div>\n\t\t<\/div>\n\t\t \n\t\t<div  class=\"\" data-rt-animate=\"animate\" data-rt-animation-type=\"fadeInDown\">\n\t\t<span class=\"icon-doc-alt icon\"><\/span><div class=\"list-content\"><h4 class=\"list-title\">Revisi\u00f3n<\/h4><p><strong>Alteraciones neurocognitivas en trabajadores expuestos a plaguicidas: Revisi\u00f3n de alcance<\/strong><br \/>\n<em>Luis Ignacio L\u00f3pez Michelena, Juli\u00e1n David Barrera Barrera, Natalia G\u00f3mez Esteban, Gyra Alejandra Gonz\u00e1lez Russi, Clara Margarita Giraldo Luna, Diana S\u00e1nchez Calder\u00f3n<\/em><\/p>\n<p style=\"text-align: justify;\">\n<div class=\"button_wrapper \"><a  href=\"https:\/\/www.aeemt.org\/web\/revision-2-mdt-vol-34-n04-diciembre-2025\/\" target=\"_self\" title=\"Alteraciones neurocognitivas en trabajadores expuestos a plaguicidas: Revisi\u00f3n de alcance\" class=\"button_  default medium\"><strong>Ver Resumen<\/strong><\/a><\/div>\n<p style=\"text-align: justify;\">\n<div class=\"button_wrapper \"><a  href=\"https:\/\/www.aeemt.org\/Revista_AEEMT\/VOL_34_N04_2025_DIC\/434-447%20Original_09.pdf\" target=\"_blank\" title=\"Alteraciones neurocognitivas en trabajadores expuestos a plaguicidas: Revisi\u00f3n de alcance\" class=\"button_  default medium\"><strong>PDF del art\u00edculo completo<\/strong><\/a><\/div>\n<\/div>\n\t\t<\/div>\n\t\t \n\t\t<div  class=\"\" data-rt-animate=\"animate\" data-rt-animation-type=\"fadeInDown\">\n\t\t<span class=\"icon-doc-alt icon\"><\/span><div class=\"list-content\"><h4 class=\"list-title\">Caso Cl\u00ednico<\/h4><p><strong>Terapia celular avanzada y accidente biol\u00f3gico: Abordaje desde el Servicio de Prevenci\u00f3n de Riesgos Laborales<\/strong><br \/>\n<em>Osbelin Salazar-Salazar, Leticia Uriarte Vega, Raquel Ortiz Hernando, Natalia Arizaga Lobeto, Juan M Gonz\u00e1lez De Abreu, Maria Concepcion N\u00fa\u00f1ez L\u00f3pez<\/em><\/p>\n<p style=\"text-align: justify;\">\n<div class=\"button_wrapper \"><a  href=\"https:\/\/www.aeemt.org\/web\/caso-clinico-mdt-vol-34-n04-diciembre-2025\/\" target=\"_self\" title=\"Terapia celular avanzada y accidente biol\u00f3gico: Abordaje desde el Servicio de Prevenci\u00f3n de Riesgos Laborales\" class=\"button_  default medium\"><strong>Ver Resumen<\/strong><\/a><\/div>\n<p style=\"text-align: justify;\">\n<div class=\"button_wrapper \"><a  href=\"https:\/\/www.aeemt.org\/Revista_AEEMT\/VOL_34_N04_2025_DIC\/448-450%20Original_10.pdf\" target=\"_blank\" title=\"Terapia celular avanzada y accidente biol\u00f3gico: Abordaje desde el Servicio de Prevenci\u00f3n de Riesgos Laborales\" class=\"button_  default medium\"><strong>PDF del art\u00edculo completo<\/strong><\/a><\/div>\n<\/div>\n\t\t<\/div>\n\t\t \n\t\t<div  class=\"\" data-rt-animate=\"animate\" data-rt-animation-type=\"fadeInDown\">\n\t\t<span class=\"icon-doc-alt icon\"><\/span><div class=\"list-content\"><h4 class=\"list-title\">Carta a la Directora<\/h4><p><strong>TFAMEM \u2013 Traumatismos fasciomusculoesquel\u00e9ticos en m\u00fasicos<\/strong><br \/>\n<em>Ambar Deschamps Perdomo, Yohana Salgado Balb\u00e1s<\/em><\/p>\n<p style=\"text-align: justify;\">\n<div class=\"button_wrapper \"><a  href=\"https:\/\/www.aeemt.org\/web\/carta-a-la-directora-mdt-vol-34-n04-diciembre-2025\/\" target=\"_self\" title=\"TFAMEM \u2013 Traumatismos fasciomusculoesquel\u00e9ticos en m\u00fasicos\" class=\"button_  default medium\"><strong>Ver Resumen<\/strong><\/a><\/div>\n<p style=\"text-align: justify;\">\n<div class=\"button_wrapper \"><a  href=\"https:\/\/www.aeemt.org\/Revista_AEEMT\/VOL_34_N04_2025_DIC\/451-454%20Original_11.pdf\" target=\"_blank\" title=\"TFAMEM \u2013 Traumatismos fasciomusculoesquel\u00e9ticos en m\u00fasicos\" class=\"button_  default medium\"><strong>PDF del art\u00edculo completo<\/strong><\/a><\/div>\n<\/div>\n\t\t<\/div>\n\t\t \n\t\t<div  class=\"\" data-rt-animate=\"animate\" data-rt-animation-type=\"fadeInDown\">\n\t\t<span class=\"icon-users icon\"><\/span><div class=\"list-content\"><h4 class=\"list-title\">Equipo editorial<\/h4><p style=\"text-align: justify;\"><strong>DIRECTORA:<\/strong><br \/>\n<em>Dra. M\u00aa Teresa del Campo Balsa<\/em><br \/>\n<strong>FUNDADOR DE LA REVISTA EN 1991:<\/strong><br \/>\n<em>Dr. Javier Sanz Gonz\u00e1lez<\/em><br \/>\n<strong>COMIT\u00c9 DE REDACCI\u00d3N:<\/strong><br \/>\n<em>Dra. Carmen Bellido Cambr\u00f3n, Dra. Luisa Capdevila Garc\u00eda, Dr. Alejandro Fern\u00e1ndez Montero, Dra. Lourdes Jim\u00e9nez Bajo, Dra. Carmen Mu\u00f1oz Ruiperez, Dr. Luis Reinoso Barbero, Dr. Ignacio S\u00e1nchez-Arcilla Conejo, Dr. Guillermo Soriano Tar\u00edn<\/em><\/p>\n<p style=\"text-align: justify;\">\n<div class=\"button_wrapper \"><a  href=\"https:\/\/www.aeemt.org\/web\/equipo-editorial\/\" target=\"_self\" title=\"Equipo Editorial\" class=\"button_  default medium\"><strong>Ver Equipo Editorial<\/strong><\/a><\/div>\n<\/div>\n\t\t<\/div>\n\t\n\t\t<\/div>\n\t[\/vc_column][\/vc_row]<\/p>\n","protected":false},"excerpt":{"rendered":"<p>[vc_row rt_row_background_width=\u00bbdefault\u00bb rt_row_style=\u00bbdefault-style\u00bb rt_row_borders=\u00bb\u00bb rt_row_paddings=\u00bbtrue\u00bb rt_bg_effect=\u00bbclassic\u00bb rt_bg_image_repeat=\u00bbrepeat\u00bb rt_bg_size=\u00bbcover\u00bb rt_bg_position=\u00bbright top\u00bb rt_bg_attachment=\u00bbscroll\u00bb rt_bg_video_format=\u00bbself-hosted\u00bb][vc_column rt_wrp_col_paddings=\u00bbfalse\u00bb rt_border_top=\u00bb\u00bb rt_border_bottom=\u00bb\u00bb rt_border_left=\u00bb\u00bb rt_border_right=\u00bb\u00bb rt_border_top_mobile=\u00bb\u00bb rt_border_bottom_mobile=\u00bb\u00bb rt_border_left_mobile=\u00bb\u00bb rt_border_right_mobile=\u00bb\u00bb rt_bg_image_repeat=\u00bbrepeat\u00bb rt_bg_size=\u00bbauto auto\u00bb rt_bg_position=\u00bbright top\u00bb rt_bg_attachment=\u00bbscroll\u00bb][vc_column_text css=\u00bb\u00bb]Rev Asoc Esp [&hellip;]<\/p>\n","protected":false},"author":1,"featured_media":0,"parent":0,"menu_order":0,"comment_status":"closed","ping_status":"closed","template":"","meta":{"footnotes":""},"class_list":["post-73396","page","type-page","status-publish","hentry"],"_links":{"self":[{"href":"https:\/\/www.aeemt.org\/web\/wp-json\/wp\/v2\/pages\/73396"}],"collection":[{"href":"https:\/\/www.aeemt.org\/web\/wp-json\/wp\/v2\/pages"}],"about":[{"href":"https:\/\/www.aeemt.org\/web\/wp-json\/wp\/v2\/types\/page"}],"author":[{"embeddable":true,"href":"https:\/\/www.aeemt.org\/web\/wp-json\/wp\/v2\/users\/1"}],"replies":[{"embeddable":true,"href":"https:\/\/www.aeemt.org\/web\/wp-json\/wp\/v2\/comments?post=73396"}],"version-history":[{"count":3,"href":"https:\/\/www.aeemt.org\/web\/wp-json\/wp\/v2\/pages\/73396\/revisions"}],"predecessor-version":[{"id":73474,"href":"https:\/\/www.aeemt.org\/web\/wp-json\/wp\/v2\/pages\/73396\/revisions\/73474"}],"wp:attachment":[{"href":"https:\/\/www.aeemt.org\/web\/wp-json\/wp\/v2\/media?parent=73396"}],"curies":[{"name":"wp","href":"https:\/\/api.w.org\/{rel}","templated":true}]}}