{"id":73083,"date":"2025-11-10T17:07:27","date_gmt":"2025-11-10T16:07:27","guid":{"rendered":"https:\/\/www.aeemt.org\/web\/?page_id=73083"},"modified":"2025-11-10T17:07:27","modified_gmt":"2025-11-10T16:07:27","slug":"historico-newsletters-aeemt","status":"publish","type":"page","link":"https:\/\/www.aeemt.org\/web\/historico-newsletters-aeemt\/","title":{"rendered":"Hist\u00f3rico Newsletters AEEMT"},"content":{"rendered":"<p>[vc_row rt_row_background_width=\u00bbdefault\u00bb rt_row_style=\u00bbdefault-style\u00bb rt_row_borders=\u00bb\u00bb rt_row_paddings=\u00bbtrue\u00bb rt_bg_effect=\u00bbclassic\u00bb rt_bg_image_repeat=\u00bbrepeat\u00bb rt_bg_size=\u00bbcover\u00bb rt_bg_position=\u00bbright top\u00bb rt_bg_attachment=\u00bbscroll\u00bb rt_bg_video_format=\u00bbself-hosted\u00bb][vc_column rt_wrp_col_paddings=\u00bbfalse\u00bb rt_border_top=\u00bb\u00bb rt_border_bottom=\u00bb\u00bb rt_border_left=\u00bb\u00bb rt_border_right=\u00bb\u00bb rt_border_top_mobile=\u00bb\u00bb rt_border_bottom_mobile=\u00bb\u00bb rt_border_left_mobile=\u00bb\u00bb rt_border_right_mobile=\u00bb\u00bb rt_bg_image_repeat=\u00bbrepeat\u00bb rt_bg_size=\u00bbauto auto\u00bb rt_bg_position=\u00bbright top\u00bb rt_bg_attachment=\u00bbscroll\u00bb][vc_column_text css=\u00bb\u00bb]<\/p>\n<p style=\"text-align: center;\"><img loading=\"lazy\" decoding=\"async\" class=\"alignnone wp-image-73084 \" src=\"https:\/\/www.aeemt.org\/web\/wp-content\/uploads\/2025\/11\/Banner-Historico-Newsletter-amar-IMG-300x88.png\" alt=\"\" width=\"1023\" height=\"300\" srcset=\"https:\/\/www.aeemt.org\/web\/wp-content\/uploads\/2025\/11\/Banner-Historico-Newsletter-amar-IMG-300x88.png 300w, https:\/\/www.aeemt.org\/web\/wp-content\/uploads\/2025\/11\/Banner-Historico-Newsletter-amar-IMG-1024x300.png 1024w, https:\/\/www.aeemt.org\/web\/wp-content\/uploads\/2025\/11\/Banner-Historico-Newsletter-amar-IMG-768x225.png 768w, https:\/\/www.aeemt.org\/web\/wp-content\/uploads\/2025\/11\/Banner-Historico-Newsletter-amar-IMG-1536x450.png 1536w, https:\/\/www.aeemt.org\/web\/wp-content\/uploads\/2025\/11\/Banner-Historico-Newsletter-amar-IMG-600x176.png 600w, https:\/\/www.aeemt.org\/web\/wp-content\/uploads\/2025\/11\/Banner-Historico-Newsletter-amar-IMG.png 1600w\" sizes=\"(max-width: 1023px) 100vw, 1023px\" \/><\/p>\n<p>[\/vc_column_text][\/vc_column][\/vc_row][vc_row rt_row_background_width=\u00bbdefault\u00bb rt_row_style=\u00bbdefault-style\u00bb rt_row_borders=\u00bb\u00bb rt_row_paddings=\u00bbtrue\u00bb rt_bg_effect=\u00bbclassic\u00bb rt_bg_image_repeat=\u00bbrepeat\u00bb rt_bg_size=\u00bbcover\u00bb rt_bg_position=\u00bbright top\u00bb rt_bg_attachment=\u00bbscroll\u00bb rt_bg_video_format=\u00bbself-hosted\u00bb][vc_column rt_wrp_col_paddings=\u00bbfalse\u00bb rt_border_top=\u00bb\u00bb rt_border_bottom=\u00bb\u00bb rt_border_left=\u00bb\u00bb rt_border_right=\u00bb\u00bb rt_border_top_mobile=\u00bb\u00bb rt_border_bottom_mobile=\u00bb\u00bb rt_border_left_mobile=\u00bb\u00bb rt_border_right_mobile=\u00bb\u00bb rt_bg_image_repeat=\u00bbrepeat\u00bb rt_bg_size=\u00bbauto auto\u00bb rt_bg_position=\u00bbright top\u00bb rt_bg_attachment=\u00bbscroll\u00bb][vc_column_text css=\u00bb.vc_custom_1762789201069{background-color: #EBE9E9 !important;}\u00bb]Os presentamos la secci\u00f3n<strong> Hist\u00f3rico de Newsletters<\/strong> que la <strong>Asociaci\u00f3n Espa\u00f1ola de Especialistas en Medicina del Trabajo (AEEMT) <\/strong>pone a vuestra disposici\u00f3n<strong>. <\/strong><\/p>\n<p>Algunos de estos <strong>contenidos<\/strong> est\u00e1n <strong>restringidos<\/strong> para<strong>\u00a0socios de la AEEMT.<\/strong><\/p>\n<p>En esta Secci\u00f3n podr\u00e9is consultar las Newsletters publicadas por la <strong>Asociaci\u00f3n Espa\u00f1ola de Especialistas en Medicina del Trabajo (AEEMT)<\/strong><\/p>\n<p>Si aun no te has asociado, <strong>te animamos a unirte a nosotros en el siguiente enlace:<\/strong><\/p>\n<p style=\"text-align: center;\"><div class=\"button_wrapper  aligncenter\"><a  href=\"https:\/\/www.aeemt.org\/web\/solicitud-de-alta-online-en-la-aeemt\/\" target=\"_self\" title=\"Hazte socio\" class=\"button_  default medium\"><strong>Hazte socio<\/strong><\/a><\/div>\n<p>Deseamos que encontr\u00e9is esta Secci\u00f3n de vuestro inter\u00e9s.<\/p>\n<p>Un saludo a todos.[\/vc_column_text][\/vc_column][\/vc_row][vc_row rt_row_background_width=\u00bbdefault\u00bb rt_row_style=\u00bbdefault-style\u00bb rt_row_borders=\u00bb\u00bb rt_row_paddings=\u00bbtrue\u00bb rt_bg_effect=\u00bbclassic\u00bb rt_bg_image_repeat=\u00bbrepeat\u00bb rt_bg_size=\u00bbcover\u00bb rt_bg_position=\u00bbright top\u00bb rt_bg_attachment=\u00bbscroll\u00bb rt_bg_video_format=\u00bbself-hosted\u00bb][vc_column rt_wrp_col_paddings=\u00bbfalse\u00bb rt_border_top=\u00bb\u00bb rt_border_bottom=\u00bb\u00bb rt_border_left=\u00bb\u00bb rt_border_right=\u00bb\u00bb rt_border_top_mobile=\u00bb\u00bb rt_border_bottom_mobile=\u00bb\u00bb rt_border_left_mobile=\u00bb\u00bb rt_border_right_mobile=\u00bb\u00bb rt_bg_image_repeat=\u00bbrepeat\u00bb rt_bg_size=\u00bbauto auto\u00bb rt_bg_position=\u00bbright top\u00bb rt_bg_attachment=\u00bbscroll\u00bb]\n<div id=\"blog-dynamicID-594317\" class=\"blog_list clearfix border_grid fixed_heights\" data-column-width=\"4\">\n<div class=\"row clearfix\">\n<div class=\"col col-sm-3\">\n \n\n<!-- blog box-->\n<article class=\"loop post-73069 post type-post status-publish format-standard has-post-thumbnail hentry category-comunicados-de-la-aeemt category-comunicados-para-asociados category-historico-newsletter\" id=\"post-73069\">\n\t\t\n\t\n\t\n\t<figure class=\"featured_image featured_media\">\n\n\t\t\n\t\t\t\t<a id=\"lightbox-808594\" class=\"imgeffect zoom lightbox_ featured_image\" data-group=\"image_73074\" title=\"Enlarge Image\" data-title=\"NewsLetter AEEMT  Septiembre 2025\" data-sub-html=\"#lightbox-808594-description\" data-thumbnail=\"https:\/\/www.aeemt.org\/web\/wp-content\/uploads\/2025\/11\/Imagen-web-newsletter-Sep-2025-75x50.png\" data-thumbTooltip=\"\" data-scaleUp=\"\" data-href=\"\" data-width=\"\" data-height=\"\" data-flashHasPriority=\"\" data-poster=\"\" data-autoplay=\"\" data-audiotitle=\"\" data-html=\"\" href=\"https:\/\/www.aeemt.org\/web\/wp-content\/uploads\/2025\/11\/Imagen-web-newsletter-Sep-2025.png\" ><img decoding=\"async\" src=\"https:\/\/www.aeemt.org\/web\/wp-content\/uploads\/2025\/11\/Imagen-web-newsletter-Sep-2025.png\" alt=\"\" class=\"\" \/><\/a>\r\n\t\t\t<div class=\"lighbox-description hidden\" id=\"lightbox-808594-description\">\r\n\t\t\t\t<strong>NewsLetter AEEMT  Septiembre 2025<\/strong><br>\r\n\t\t\t\t\r\n\t\t\t<\/div>\t\t\t\t<span class=\"format-icon icon-pencil\"><\/span>\n\n\t\t\t\n\t<\/figure> \n\t\n\n\t<div class=\"date\"><a href=\"https:\/\/www.aeemt.org\/web\/2025\/09\/01\/newsletter-aeemt-septiembre-2025\/\">1 de septiembre de 2025<\/a><\/div> \n\t<div class=\"text entry-content\">\n\n\t\t<!-- blog headline-->\n\t\t<h2 class=\"entry-title\"><a href=\"https:\/\/www.aeemt.org\/web\/2025\/09\/01\/newsletter-aeemt-septiembre-2025\/\" rel=\"bookmark\">NewsLetter AEEMT  Septiembre 2025<\/a><\/h2> \n\t\t\t\n\n\t\t<p>[vc_row rt_row_background_width=\u00bbdefault\u00bb rt_row_style=\u00bbdefault-style\u00bb rt_column_placement=\u00bbmiddle\u00bb rt_row_borders=\u00bb\u00bb rt_row_paddings=\u00bbtrue\u00bb rt_bg_effect=\u00bbclassic\u00bb rt_bg_image_repeat=\u00bbrepeat\u00bb rt_bg_size=\u00bbcover\u00bb rt_bg_position=\u00bbright top\u00bb rt_bg_attachment=\u00bbscroll\u00bb rt_bg_video_format=\u00bbself-hosted\u00bb][vc_column width=\u00bb1\/2&#8243; rt_wrp_col_paddings=\u00bbfalse\u00bb rt_border_top=\u00bb\u00bb rt_border_bottom=\u00bb\u00bb rt_border_left=\u00bb\u00bb rt_border_right=\u00bb\u00bb rt_border_top_mobile=\u00bb\u00bb rt_border_bottom_mobile=\u00bb\u00bb rt_border_left_mobile=\u00bb\u00bb rt_border_right_mobile=\u00bb\u00bb rt_bg_image_repeat=\u00bbrepeat\u00bb rt_bg_size=\u00bbauto auto\u00bb rt_bg_position=\u00bbright top\u00bb rt_bg_attachment=\u00bbscroll\u00bb][vc_column_text css=\u00bb.vc_custom_1762799153890{background-color: [&hellip;]<\/p>\n\n\t\t\t\t<!-- meta data -->\r\n\t\t<div class=\"post_data\">\r\n\r\n\t\t\t\t\t\t<!-- user -->\r\n\t\t\t<span class=\"icon-user user margin-right20\"><a href=\"https:\/\/www.aeemt.org\/web\/author\/vtalgut\/\" title=\"Entradas de vtalgut\" rel=\"author\">vtalgut<\/a><\/span>\r\n\t\t\t\r\n\t\t\t\t\t\t<!-- categories -->\r\n\t\t\t<span class=\"icon-flow-cascade categories\"><a href=\"https:\/\/www.aeemt.org\/web\/category\/comunicados-de-la-aeemt\/\" rel=\"category tag\">Comunicados de la AEEMT<\/a>, <a href=\"https:\/\/www.aeemt.org\/web\/category\/comunicados-para-asociados\/\" rel=\"category tag\">Comunicados para asociados<\/a>, <a href=\"https:\/\/www.aeemt.org\/web\/category\/historico-newsletter\/\" rel=\"category tag\">Hist\u00f3rico Newsletter<\/a><\/span>\r\n\t\t\t\r\n\t\t\t\r\n\t\t\t\r\n\t\t<\/div><!-- \/ end div  .post_data -->\r\n\t\n\t<\/div> \n\n<\/article> \n<!-- \/ blog box-->\n<\/div>\n<div class=\"col col-sm-3\">\n \n\n<!-- blog box-->\n<article class=\"loop post-73076 post type-post status-publish format-standard has-post-thumbnail hentry category-comunicados-de-la-aeemt category-comunicados-para-asociados category-historico-newsletter\" id=\"post-73076\">\n\t\t\n\t\n\t\n\t<figure class=\"featured_image featured_media\">\n\n\t\t\n\t\t\t\t<a id=\"lightbox-643079\" class=\"imgeffect zoom lightbox_ featured_image\" data-group=\"image_73079\" title=\"Enlarge Image\" data-title=\"NewsLetter AEEMT Junio 2025\" data-sub-html=\"#lightbox-643079-description\" data-thumbnail=\"https:\/\/www.aeemt.org\/web\/wp-content\/uploads\/2025\/11\/Imagen-web-newsletter-Junio-2025-75x50.png\" data-thumbTooltip=\"\" data-scaleUp=\"\" data-href=\"\" data-width=\"\" data-height=\"\" data-flashHasPriority=\"\" data-poster=\"\" data-autoplay=\"\" data-audiotitle=\"\" data-html=\"\" href=\"https:\/\/www.aeemt.org\/web\/wp-content\/uploads\/2025\/11\/Imagen-web-newsletter-Junio-2025.png\" ><img decoding=\"async\" src=\"https:\/\/www.aeemt.org\/web\/wp-content\/uploads\/2025\/11\/Imagen-web-newsletter-Junio-2025.png\" alt=\"\" class=\"\" \/><\/a>\r\n\t\t\t<div class=\"lighbox-description hidden\" id=\"lightbox-643079-description\">\r\n\t\t\t\t<strong>NewsLetter AEEMT Junio 2025<\/strong><br>\r\n\t\t\t\t\r\n\t\t\t<\/div>\t\t\t\t<span class=\"format-icon icon-pencil\"><\/span>\n\n\t\t\t\n\t<\/figure> \n\t\n\n\t<div class=\"date\"><a href=\"https:\/\/www.aeemt.org\/web\/2025\/06\/01\/newsletter-aeemt-junio-2025\/\">1 de junio de 2025<\/a><\/div> \n\t<div class=\"text entry-content\">\n\n\t\t<!-- blog headline-->\n\t\t<h2 class=\"entry-title\"><a href=\"https:\/\/www.aeemt.org\/web\/2025\/06\/01\/newsletter-aeemt-junio-2025\/\" rel=\"bookmark\">NewsLetter AEEMT Junio 2025<\/a><\/h2> \n\t\t\t\n\n\t\t<p>[vc_row rt_row_background_width=\u00bbdefault\u00bb rt_row_style=\u00bbdefault-style\u00bb rt_row_borders=\u00bb\u00bb rt_row_paddings=\u00bbtrue\u00bb rt_bg_effect=\u00bbclassic\u00bb rt_bg_image_repeat=\u00bbrepeat\u00bb rt_bg_size=\u00bbcover\u00bb rt_bg_position=\u00bbright top\u00bb rt_bg_attachment=\u00bbscroll\u00bb rt_bg_video_format=\u00bbself-hosted\u00bb][vc_column width=\u00bb1\/2&#8243; rt_wrp_col_paddings=\u00bbfalse\u00bb rt_border_top=\u00bb\u00bb rt_border_bottom=\u00bb\u00bb rt_border_left=\u00bb\u00bb rt_border_right=\u00bb\u00bb rt_border_top_mobile=\u00bb\u00bb rt_border_bottom_mobile=\u00bb\u00bb rt_border_left_mobile=\u00bb\u00bb rt_border_right_mobile=\u00bb\u00bb rt_bg_image_repeat=\u00bbrepeat\u00bb rt_bg_size=\u00bbauto auto\u00bb rt_bg_position=\u00bbright top\u00bb rt_bg_attachment=\u00bbscroll\u00bb][vc_column_text css=\u00bb.vc_custom_1762788345399{background-color: #EBE9E9 [&hellip;]<\/p>\n\n\t\t\t\t<!-- meta data -->\r\n\t\t<div class=\"post_data\">\r\n\r\n\t\t\t\t\t\t<!-- user -->\r\n\t\t\t<span class=\"icon-user user margin-right20\"><a href=\"https:\/\/www.aeemt.org\/web\/author\/vtalgut\/\" title=\"Entradas de vtalgut\" rel=\"author\">vtalgut<\/a><\/span>\r\n\t\t\t\r\n\t\t\t\t\t\t<!-- categories -->\r\n\t\t\t<span class=\"icon-flow-cascade categories\"><a href=\"https:\/\/www.aeemt.org\/web\/category\/comunicados-de-la-aeemt\/\" rel=\"category tag\">Comunicados de la AEEMT<\/a>, <a href=\"https:\/\/www.aeemt.org\/web\/category\/comunicados-para-asociados\/\" rel=\"category tag\">Comunicados para asociados<\/a>, <a href=\"https:\/\/www.aeemt.org\/web\/category\/historico-newsletter\/\" rel=\"category tag\">Hist\u00f3rico Newsletter<\/a><\/span>\r\n\t\t\t\r\n\t\t\t\r\n\t\t\t\r\n\t\t<\/div><!-- \/ end div  .post_data -->\r\n\t\n\t<\/div> \n\n<\/article> \n<!-- \/ blog box-->\n<\/div>\n<\/div>\n<\/div>\n<div class=\"paging_wrapper margin-t30 margin-b30\"><\/div>[\/vc_column][\/vc_row]<\/p>\n","protected":false},"excerpt":{"rendered":"<p>[vc_row rt_row_background_width=\u00bbdefault\u00bb rt_row_style=\u00bbdefault-style\u00bb rt_row_borders=\u00bb\u00bb rt_row_paddings=\u00bbtrue\u00bb rt_bg_effect=\u00bbclassic\u00bb rt_bg_image_repeat=\u00bbrepeat\u00bb rt_bg_size=\u00bbcover\u00bb rt_bg_position=\u00bbright top\u00bb rt_bg_attachment=\u00bbscroll\u00bb rt_bg_video_format=\u00bbself-hosted\u00bb][vc_column rt_wrp_col_paddings=\u00bbfalse\u00bb rt_border_top=\u00bb\u00bb rt_border_bottom=\u00bb\u00bb rt_border_left=\u00bb\u00bb rt_border_right=\u00bb\u00bb rt_border_top_mobile=\u00bb\u00bb rt_border_bottom_mobile=\u00bb\u00bb rt_border_left_mobile=\u00bb\u00bb rt_border_right_mobile=\u00bb\u00bb rt_bg_image_repeat=\u00bbrepeat\u00bb rt_bg_size=\u00bbauto auto\u00bb rt_bg_position=\u00bbright top\u00bb rt_bg_attachment=\u00bbscroll\u00bb][vc_column_text css=\u00bb\u00bb] [\/vc_column_text][\/vc_column][\/vc_row][vc_row rt_row_background_width=\u00bbdefault\u00bb [&hellip;]<\/p>\n","protected":false},"author":1,"featured_media":0,"parent":0,"menu_order":0,"comment_status":"closed","ping_status":"closed","template":"","meta":{"footnotes":""},"class_list":["post-73083","page","type-page","status-publish","hentry"],"_links":{"self":[{"href":"https:\/\/www.aeemt.org\/web\/wp-json\/wp\/v2\/pages\/73083"}],"collection":[{"href":"https:\/\/www.aeemt.org\/web\/wp-json\/wp\/v2\/pages"}],"about":[{"href":"https:\/\/www.aeemt.org\/web\/wp-json\/wp\/v2\/types\/page"}],"author":[{"embeddable":true,"href":"https:\/\/www.aeemt.org\/web\/wp-json\/wp\/v2\/users\/1"}],"replies":[{"embeddable":true,"href":"https:\/\/www.aeemt.org\/web\/wp-json\/wp\/v2\/comments?post=73083"}],"version-history":[{"count":3,"href":"https:\/\/www.aeemt.org\/web\/wp-json\/wp\/v2\/pages\/73083\/revisions"}],"predecessor-version":[{"id":73087,"href":"https:\/\/www.aeemt.org\/web\/wp-json\/wp\/v2\/pages\/73083\/revisions\/73087"}],"wp:attachment":[{"href":"https:\/\/www.aeemt.org\/web\/wp-json\/wp\/v2\/media?parent=73083"}],"curies":[{"name":"wp","href":"https:\/\/api.w.org\/{rel}","templated":true}]}}