{"id":73061,"date":"2025-11-10T15:47:37","date_gmt":"2025-11-10T14:47:37","guid":{"rendered":"https:\/\/www.aeemt.org\/web\/?page_id=73061"},"modified":"2025-11-10T17:08:26","modified_gmt":"2025-11-10T16:08:26","slug":"newsletters-aeemt","status":"publish","type":"page","link":"https:\/\/www.aeemt.org\/web\/newsletters-aeemt\/","title":{"rendered":"Newsletters AEEMT"},"content":{"rendered":"<p>[vc_row rt_row_background_width=\u00bbdefault\u00bb rt_row_style=\u00bbdefault-style\u00bb rt_row_borders=\u00bb\u00bb rt_row_paddings=\u00bbtrue\u00bb rt_bg_effect=\u00bbclassic\u00bb rt_bg_image_repeat=\u00bbrepeat\u00bb rt_bg_size=\u00bbcover\u00bb rt_bg_position=\u00bbright top\u00bb rt_bg_attachment=\u00bbscroll\u00bb rt_bg_video_format=\u00bbself-hosted\u00bb][vc_column rt_wrp_col_paddings=\u00bbfalse\u00bb rt_border_top=\u00bb\u00bb rt_border_bottom=\u00bb\u00bb rt_border_left=\u00bb\u00bb rt_border_right=\u00bb\u00bb rt_border_top_mobile=\u00bb\u00bb rt_border_bottom_mobile=\u00bb\u00bb rt_border_left_mobile=\u00bb\u00bb rt_border_right_mobile=\u00bb\u00bb rt_bg_image_repeat=\u00bbrepeat\u00bb rt_bg_size=\u00bbauto auto\u00bb rt_bg_position=\u00bbright top\u00bb rt_bg_attachment=\u00bbscroll\u00bb][vc_column_text css=\u00bb\u00bb]<\/p>\n<p style=\"text-align: center;\"><img loading=\"lazy\" decoding=\"async\" class=\"alignnone wp-image-73062 \" src=\"https:\/\/www.aeemt.org\/web\/wp-content\/uploads\/2025\/11\/Banner-Newsletter-amar-IMG-300x88.png\" alt=\"\" width=\"1023\" height=\"300\" srcset=\"https:\/\/www.aeemt.org\/web\/wp-content\/uploads\/2025\/11\/Banner-Newsletter-amar-IMG-300x88.png 300w, https:\/\/www.aeemt.org\/web\/wp-content\/uploads\/2025\/11\/Banner-Newsletter-amar-IMG-1024x300.png 1024w, https:\/\/www.aeemt.org\/web\/wp-content\/uploads\/2025\/11\/Banner-Newsletter-amar-IMG-768x225.png 768w, https:\/\/www.aeemt.org\/web\/wp-content\/uploads\/2025\/11\/Banner-Newsletter-amar-IMG-1536x450.png 1536w, https:\/\/www.aeemt.org\/web\/wp-content\/uploads\/2025\/11\/Banner-Newsletter-amar-IMG-600x176.png 600w, https:\/\/www.aeemt.org\/web\/wp-content\/uploads\/2025\/11\/Banner-Newsletter-amar-IMG.png 1600w\" sizes=\"(max-width: 1023px) 100vw, 1023px\" \/><\/p>\n<p>[\/vc_column_text][\/vc_column][\/vc_row][vc_row rt_row_background_width=\u00bbdefault\u00bb rt_row_style=\u00bbdefault-style\u00bb rt_row_borders=\u00bb\u00bb rt_row_paddings=\u00bbtrue\u00bb rt_bg_effect=\u00bbclassic\u00bb rt_bg_image_repeat=\u00bbrepeat\u00bb rt_bg_size=\u00bbcover\u00bb rt_bg_position=\u00bbright top\u00bb rt_bg_attachment=\u00bbscroll\u00bb rt_bg_video_format=\u00bbself-hosted\u00bb][vc_column rt_wrp_col_paddings=\u00bbfalse\u00bb rt_border_top=\u00bb\u00bb rt_border_bottom=\u00bb\u00bb rt_border_left=\u00bb\u00bb rt_border_right=\u00bb\u00bb rt_border_top_mobile=\u00bb\u00bb rt_border_bottom_mobile=\u00bb\u00bb rt_border_left_mobile=\u00bb\u00bb rt_border_right_mobile=\u00bb\u00bb rt_bg_image_repeat=\u00bbrepeat\u00bb rt_bg_size=\u00bbauto auto\u00bb rt_bg_position=\u00bbright top\u00bb rt_bg_attachment=\u00bbscroll\u00bb][vc_column_text css=\u00bb.vc_custom_1762785712290{background-color: #EBE9E9 !important;}\u00bb]Os presentamos la secci\u00f3n<strong> NEWSLETTERS<\/strong>\u00a0de <strong>La Asociaci\u00f3n Espa\u00f1ola de Especialistas en Medicina del Trabajo (AEEMT).<\/strong><\/p>\n<p>En la misma podr\u00e9is disponer del <strong>Hist\u00f3rico de Newsletters<\/strong> que la <strong>Asociaci\u00f3n Espa\u00f1ola de Especialistas en Medicina del Trabajo (AEEMT) <\/strong>pone a vuestra disposici\u00f3n<strong>. <\/strong>Algunos de estos <strong>contenidos<\/strong> estar\u00e1n <strong>restringidos<\/strong> para<strong>\u00a0socios de la AEEMT.<\/strong><\/p>\n<p>Si aun no te has asociado, <strong>te animamos a unirte a nosotros en el siguiente enlace:<\/strong><\/p>\n<p style=\"text-align: center;\"><div class=\"button_wrapper  aligncenter\"><a  href=\"https:\/\/www.aeemt.org\/web\/solicitud-de-alta-online-en-la-aeemt\/\" target=\"_self\" title=\"Hazte socio\" class=\"button_  default medium\"><strong>Hazte socio<\/strong><\/a><\/div>\n<p>Deseamos que encontr\u00e9is esta Secci\u00f3n de vuestro inter\u00e9s.<\/p>\n<p>Un saludo a todos.[\/vc_column_text][\/vc_column][\/vc_row][vc_row rt_row_background_width=\u00bbdefault\u00bb rt_row_style=\u00bbdefault-style\u00bb rt_row_borders=\u00bb\u00bb rt_row_paddings=\u00bbtrue\u00bb rt_bg_effect=\u00bbclassic\u00bb rt_bg_image_repeat=\u00bbrepeat\u00bb rt_bg_size=\u00bbcover\u00bb rt_bg_position=\u00bbright top\u00bb rt_bg_attachment=\u00bbscroll\u00bb rt_bg_video_format=\u00bbself-hosted\u00bb][vc_column width=\u00bb1\/3&#8243; rt_wrp_col_paddings=\u00bbfalse\u00bb rt_border_top=\u00bb\u00bb rt_border_bottom=\u00bb\u00bb rt_border_left=\u00bb\u00bb rt_border_right=\u00bb\u00bb rt_border_top_mobile=\u00bb\u00bb rt_border_bottom_mobile=\u00bb\u00bb rt_border_left_mobile=\u00bb\u00bb rt_border_right_mobile=\u00bb\u00bb rt_bg_image_repeat=\u00bbrepeat\u00bb rt_bg_size=\u00bbauto auto\u00bb rt_bg_position=\u00bbright top\u00bb rt_bg_attachment=\u00bbscroll\u00bb][vc_column_text css=\u00bb\u00bb]<\/p>\n<p style=\"text-align: center;\"><a href=\"https:\/\/www.aeemt.org\/web\/historico-newsletters-aeemt\/\"><img loading=\"lazy\" decoding=\"async\" class=\"wp-image-73065 size-medium aligncenter\" src=\"https:\/\/www.aeemt.org\/web\/wp-content\/uploads\/2025\/11\/Historico-Newsletters-IMG-300x300.png\" alt=\"\" width=\"300\" height=\"300\" srcset=\"https:\/\/www.aeemt.org\/web\/wp-content\/uploads\/2025\/11\/Historico-Newsletters-IMG-300x300.png 300w, https:\/\/www.aeemt.org\/web\/wp-content\/uploads\/2025\/11\/Historico-Newsletters-IMG-150x150.png 150w, https:\/\/www.aeemt.org\/web\/wp-content\/uploads\/2025\/11\/Historico-Newsletters-IMG-100x100.png 100w, https:\/\/www.aeemt.org\/web\/wp-content\/uploads\/2025\/11\/Historico-Newsletters-IMG.png 469w\" sizes=\"(max-width: 300px) 100vw, 300px\" \/><\/a><\/p>\n<p>[\/vc_column_text][\/vc_column][vc_column width=\u00bb1\/3&#8243; rt_wrp_col_paddings=\u00bbfalse\u00bb rt_border_top=\u00bb\u00bb rt_border_bottom=\u00bb\u00bb rt_border_left=\u00bb\u00bb rt_border_right=\u00bb\u00bb rt_border_top_mobile=\u00bb\u00bb rt_border_bottom_mobile=\u00bb\u00bb rt_border_left_mobile=\u00bb\u00bb rt_border_right_mobile=\u00bb\u00bb rt_bg_image_repeat=\u00bbrepeat\u00bb rt_bg_size=\u00bbauto auto\u00bb rt_bg_position=\u00bbright top\u00bb rt_bg_attachment=\u00bbscroll\u00bb][\/vc_column][vc_column width=\u00bb1\/3&#8243; rt_wrp_col_paddings=\u00bbfalse\u00bb rt_border_top=\u00bb\u00bb rt_border_bottom=\u00bb\u00bb rt_border_left=\u00bb\u00bb rt_border_right=\u00bb\u00bb rt_border_top_mobile=\u00bb\u00bb rt_border_bottom_mobile=\u00bb\u00bb rt_border_left_mobile=\u00bb\u00bb rt_border_right_mobile=\u00bb\u00bb rt_bg_image_repeat=\u00bbrepeat\u00bb rt_bg_size=\u00bbauto auto\u00bb rt_bg_position=\u00bbright top\u00bb rt_bg_attachment=\u00bbscroll\u00bb][\/vc_column][\/vc_row]<\/p>\n","protected":false},"excerpt":{"rendered":"<p>[vc_row rt_row_background_width=\u00bbdefault\u00bb rt_row_style=\u00bbdefault-style\u00bb rt_row_borders=\u00bb\u00bb rt_row_paddings=\u00bbtrue\u00bb rt_bg_effect=\u00bbclassic\u00bb rt_bg_image_repeat=\u00bbrepeat\u00bb rt_bg_size=\u00bbcover\u00bb rt_bg_position=\u00bbright top\u00bb rt_bg_attachment=\u00bbscroll\u00bb rt_bg_video_format=\u00bbself-hosted\u00bb][vc_column rt_wrp_col_paddings=\u00bbfalse\u00bb rt_border_top=\u00bb\u00bb rt_border_bottom=\u00bb\u00bb rt_border_left=\u00bb\u00bb rt_border_right=\u00bb\u00bb rt_border_top_mobile=\u00bb\u00bb rt_border_bottom_mobile=\u00bb\u00bb rt_border_left_mobile=\u00bb\u00bb rt_border_right_mobile=\u00bb\u00bb rt_bg_image_repeat=\u00bbrepeat\u00bb rt_bg_size=\u00bbauto auto\u00bb rt_bg_position=\u00bbright top\u00bb rt_bg_attachment=\u00bbscroll\u00bb][vc_column_text css=\u00bb\u00bb] [\/vc_column_text][\/vc_column][\/vc_row][vc_row rt_row_background_width=\u00bbdefault\u00bb [&hellip;]<\/p>\n","protected":false},"author":1,"featured_media":0,"parent":0,"menu_order":0,"comment_status":"closed","ping_status":"closed","template":"","meta":{"footnotes":""},"class_list":["post-73061","page","type-page","status-publish","hentry"],"_links":{"self":[{"href":"https:\/\/www.aeemt.org\/web\/wp-json\/wp\/v2\/pages\/73061"}],"collection":[{"href":"https:\/\/www.aeemt.org\/web\/wp-json\/wp\/v2\/pages"}],"about":[{"href":"https:\/\/www.aeemt.org\/web\/wp-json\/wp\/v2\/types\/page"}],"author":[{"embeddable":true,"href":"https:\/\/www.aeemt.org\/web\/wp-json\/wp\/v2\/users\/1"}],"replies":[{"embeddable":true,"href":"https:\/\/www.aeemt.org\/web\/wp-json\/wp\/v2\/comments?post=73061"}],"version-history":[{"count":3,"href":"https:\/\/www.aeemt.org\/web\/wp-json\/wp\/v2\/pages\/73061\/revisions"}],"predecessor-version":[{"id":73088,"href":"https:\/\/www.aeemt.org\/web\/wp-json\/wp\/v2\/pages\/73061\/revisions\/73088"}],"wp:attachment":[{"href":"https:\/\/www.aeemt.org\/web\/wp-json\/wp\/v2\/media?parent=73061"}],"curies":[{"name":"wp","href":"https:\/\/api.w.org\/{rel}","templated":true}]}}