{"id":72970,"date":"2025-11-09T18:50:30","date_gmt":"2025-11-09T17:50:30","guid":{"rendered":"https:\/\/www.aeemt.org\/web\/?page_id=72970"},"modified":"2025-11-09T21:27:25","modified_gmt":"2025-11-09T20:27:25","slug":"videos-de-la-asociacion-espanola-de-especialistas-en-medicina-del-trabajo-aeemt","status":"publish","type":"page","link":"https:\/\/www.aeemt.org\/web\/videos-de-la-asociacion-espanola-de-especialistas-en-medicina-del-trabajo-aeemt\/","title":{"rendered":"V\u00eddeos de la Asociaci\u00f3n Espa\u00f1ola de Especialistas en Medicina del Trabajo (AEEMT)"},"content":{"rendered":"<p>[vc_row rt_row_background_width=\u00bbdefault\u00bb rt_row_style=\u00bbdefault-style\u00bb rt_row_borders=\u00bb\u00bb rt_row_paddings=\u00bbtrue\u00bb rt_bg_effect=\u00bbclassic\u00bb rt_bg_image_repeat=\u00bbrepeat\u00bb rt_bg_size=\u00bbcover\u00bb rt_bg_position=\u00bbright top\u00bb rt_bg_attachment=\u00bbscroll\u00bb rt_bg_video_format=\u00bbself-hosted\u00bb][vc_column rt_wrp_col_paddings=\u00bbfalse\u00bb rt_border_top=\u00bb\u00bb rt_border_bottom=\u00bb\u00bb rt_border_left=\u00bb\u00bb rt_border_right=\u00bb\u00bb rt_border_top_mobile=\u00bb\u00bb rt_border_bottom_mobile=\u00bb\u00bb rt_border_left_mobile=\u00bb\u00bb rt_border_right_mobile=\u00bb\u00bb rt_bg_image_repeat=\u00bbrepeat\u00bb rt_bg_size=\u00bbauto auto\u00bb rt_bg_position=\u00bbright top\u00bb rt_bg_attachment=\u00bbscroll\u00bb][vc_column_text css=\u00bb\u00bb]<img loading=\"lazy\" decoding=\"async\" class=\" wp-image-72985 aligncenter\" src=\"https:\/\/www.aeemt.org\/web\/wp-content\/uploads\/2025\/11\/Banner-Biblio-Videos-Azul-IMG-300x88.png\" alt=\"\" width=\"1023\" height=\"300\" srcset=\"https:\/\/www.aeemt.org\/web\/wp-content\/uploads\/2025\/11\/Banner-Biblio-Videos-Azul-IMG-300x88.png 300w, https:\/\/www.aeemt.org\/web\/wp-content\/uploads\/2025\/11\/Banner-Biblio-Videos-Azul-IMG-1024x300.png 1024w, https:\/\/www.aeemt.org\/web\/wp-content\/uploads\/2025\/11\/Banner-Biblio-Videos-Azul-IMG-768x225.png 768w, https:\/\/www.aeemt.org\/web\/wp-content\/uploads\/2025\/11\/Banner-Biblio-Videos-Azul-IMG-1536x450.png 1536w, https:\/\/www.aeemt.org\/web\/wp-content\/uploads\/2025\/11\/Banner-Biblio-Videos-Azul-IMG-600x176.png 600w, https:\/\/www.aeemt.org\/web\/wp-content\/uploads\/2025\/11\/Banner-Biblio-Videos-Azul-IMG.png 1600w\" sizes=\"(max-width: 1023px) 100vw, 1023px\" \/>[\/vc_column_text][\/vc_column][\/vc_row][vc_row rt_row_background_width=\u00bbdefault\u00bb rt_row_style=\u00bbdefault-style\u00bb rt_column_placement=\u00bbmiddle\u00bb rt_row_borders=\u00bb\u00bb rt_overlap=\u00bbtrue\u00bb rt_row_paddings=\u00bbtrue\u00bb rt_bg_effect=\u00bbclassic\u00bb rt_bg_image_repeat=\u00bbrepeat\u00bb rt_bg_size=\u00bbcover\u00bb rt_bg_position=\u00bbright top\u00bb rt_bg_attachment=\u00bbscroll\u00bb rt_bg_video_format=\u00bbself-hosted\u00bb][vc_column width=\u00bb1\/2&#8243; rt_wrp_col_paddings=\u00bbfalse\u00bb rt_border_top=\u00bb\u00bb rt_border_bottom=\u00bb\u00bb rt_border_left=\u00bb\u00bb rt_border_right=\u00bb\u00bb rt_border_top_mobile=\u00bb\u00bb rt_border_bottom_mobile=\u00bb\u00bb rt_border_left_mobile=\u00bb\u00bb rt_border_right_mobile=\u00bb\u00bb rt_bg_image_repeat=\u00bbrepeat\u00bb rt_bg_size=\u00bbauto auto\u00bb rt_bg_position=\u00bbright top\u00bb rt_bg_attachment=\u00bbscroll\u00bb][vc_video link=\u00bbhttps:\/\/youtu.be\/ikWenrwt0mU?si=nvWFhLISNFtSgMpC\u00bb el_width=\u00bb70&#8243; align=\u00bbcenter\u00bb css=\u00bb\u00bb][vc_column_text css=\u00bb\u00bb]<\/p>\n<p style=\"text-align: center;\">Mensaje de presentaci\u00f3n del Presidente de la <strong>Asociaci\u00f3n Espa\u00f1ola de Especialistas en Medicina del Trabajo (AEEMT), <\/strong><em><strong>Dr. Juan Carlos Rueda Garrido<\/strong><\/em><\/p>\n<p>[\/vc_column_text][\/vc_column][vc_column width=\u00bb1\/2&#8243; rt_wrp_col_paddings=\u00bbfalse\u00bb rt_border_top=\u00bb\u00bb rt_border_bottom=\u00bb\u00bb rt_border_left=\u00bb\u00bb rt_border_right=\u00bb\u00bb rt_border_top_mobile=\u00bb\u00bb rt_border_bottom_mobile=\u00bb\u00bb rt_border_left_mobile=\u00bb\u00bb rt_border_right_mobile=\u00bb\u00bb rt_bg_image_repeat=\u00bbrepeat\u00bb rt_bg_size=\u00bbauto auto\u00bb rt_bg_position=\u00bbright top\u00bb rt_bg_attachment=\u00bbscroll\u00bb][vc_column_text css=\u00bb\u00bb]Os presentamos la secci\u00f3n de la <strong>Biblioteca Multimedia<\/strong> de <strong>La Asociaci\u00f3n Espa\u00f1ola de Especialistas en Medicina del Trabajo (AEEMT).<\/strong><\/p>\n<p>En la misma podr\u00e9is encontrar <strong>V\u00eddeos Destacados<\/strong>, todos los v\u00eddeos que se hayan disponibles en el <a href=\"https:\/\/www.youtube.com\/@aeemtasociacionespecialist5666\" target=\"_blank\" rel=\"noopener\"><strong>Canal de YouTube<\/strong><\/a> de la <strong>AEEMT(en breve disponibles, calificados por listas de reproducci\u00f3n)<\/strong><strong>, <\/strong>as\u00ed como v\u00eddeos de actividades que se encuentran en <strong>plataformas externas<\/strong> (<strong>en preparaci\u00f3n<\/strong>), en los que la <strong>AEEMT <\/strong>ha participado o colaborado.<\/p>\n<p>Deseamos que encontr\u00e9is esta Secci\u00f3n de vuestro inter\u00e9s.<\/p>\n<p>Un saludo a todos.[\/vc_column_text][\/vc_column][\/vc_row][vc_row rt_row_background_width=\u00bbdefault\u00bb rt_row_style=\u00bbdefault-style\u00bb rt_row_borders=\u00bb\u00bb rt_row_paddings=\u00bbtrue\u00bb rt_bg_effect=\u00bbclassic\u00bb rt_bg_image_repeat=\u00bbrepeat\u00bb rt_bg_size=\u00bbcover\u00bb rt_bg_position=\u00bbright top\u00bb rt_bg_attachment=\u00bbscroll\u00bb rt_bg_video_format=\u00bbself-hosted\u00bb rt_bg_color=\u00bb#EBE9E8&#8243;][vc_column rt_wrp_col_paddings=\u00bbfalse\u00bb rt_border_top=\u00bb\u00bb rt_border_bottom=\u00bb\u00bb rt_border_left=\u00bb\u00bb rt_border_right=\u00bb\u00bb rt_border_top_mobile=\u00bb\u00bb rt_border_bottom_mobile=\u00bb\u00bb rt_border_left_mobile=\u00bb\u00bb rt_border_right_mobile=\u00bb\u00bb rt_bg_image_repeat=\u00bbrepeat\u00bb rt_bg_size=\u00bbauto auto\u00bb rt_bg_position=\u00bbright top\u00bb rt_bg_attachment=\u00bbscroll\u00bb][vc_column_text css=\u00bb\u00bb]<\/p>\n<h6 style=\"text-align: center;\">V\u00eddeos del <a href=\"https:\/\/www.youtube.com\/@aeemtasociacionespecialist5666\" target=\"_blank\" rel=\"noopener\">Canal de YouTube<\/a> de la <strong>La Asociaci\u00f3n Espa\u00f1ola de Especialistas en Medicina del Trabajo (AEEMT)<\/strong><\/h6>\n<p>[\/vc_column_text][vc_column_text css=\u00bb\u00bb]<div class=\"epyt-gallery\" data-currpage=\"1\" id=\"epyt_gallery_59045\"><figure class=\"wp-block-embed wp-block-embed-youtube is-type-video is-provider-youtube epyt-figure\"><div class=\"wp-block-embed__wrapper\"><div class=\"epyt-video-wrapper\"><iframe loading=\"lazy\"  id=\"_ytid_55162\"  width=\"1060\" height=\"596\"  data-origwidth=\"1060\" data-origheight=\"596\" src=\"https:\/\/www.youtube.com\/embed\/lQruvdiUJv4?enablejsapi=1&autoplay=0&cc_load_policy=0&cc_lang_pref=es&iv_load_policy=1&loop=0&rel=0&fs=1&playsinline=0&autohide=2&theme=dark&color=red&controls=1&\" class=\"__youtube_prefs__  no-lazyload\" title=\"YouTube player\"  data-epytgalleryid=\"epyt_gallery_59045\"  allow=\"fullscreen; accelerometer; autoplay; clipboard-write; encrypted-media; gyroscope; picture-in-picture; web-share\" referrerpolicy=\"strict-origin-when-cross-origin\" allowfullscreen data-no-lazy=\"1\" data-skipgform_ajax_framebjll=\"\"><\/iframe><\/div><\/div><\/figure><div class=\"epyt-gallery-subscribe\"><a target=\"_blank\" class=\"epyt-gallery-subbutton\" href=\"?sub_confirmation=1\"><img decoding=\"async\" alt=\"subscribe\" src=\"https:\/\/www.aeemt.org\/web\/wp-content\/plugins\/youtube-embed-plus\/images\/play-subscribe.png\" \/>Subscribe to my channel<\/a><\/div><div class=\"epyt-gallery-list\"><div class=\"epyt-pagination \"><div tabindex=\"0\" role=\"button\" class=\"epyt-pagebutton epyt-prev  hide \" data-playlistid=\"UUNLO2eURcKj9TnOj6Dn0GnQ\" data-pagesize=\"15\" data-pagetoken=\"\" data-epcolumns=\"3\" data-showtitle=\"1\" data-showpaging=\"1\" data-autonext=\"0\" data-thumbplay=\"1\"><div class=\"epyt-arrow\">&laquo;<\/div> <div>Prev<\/div><\/div><div class=\"epyt-pagenumbers \"><div class=\"epyt-current\">1<\/div><div class=\"epyt-pageseparator\"> \/ <\/div><div class=\"epyt-totalpages\">6<\/div><\/div><div tabindex=\"0\" role=\"button\" class=\"epyt-pagebutton epyt-next\" data-playlistid=\"UUNLO2eURcKj9TnOj6Dn0GnQ\" data-pagesize=\"15\" data-pagetoken=\"EAAaHlBUOkNBOGlFRVZHTnpaQk5EbEJPRGxHT1RNMk9VTQ\" data-epcolumns=\"3\" data-showtitle=\"1\" data-showpaging=\"1\" data-autonext=\"0\" data-thumbplay=\"1\"><div>Next<\/div> <div class=\"epyt-arrow\">&raquo;<\/div><\/div><div class=\"epyt-loader\"><img loading=\"lazy\" decoding=\"async\" alt=\"loading\" width=\"16\" height=\"11\" src=\"https:\/\/www.aeemt.org\/web\/wp-content\/plugins\/youtube-embed-plus\/images\/gallery-page-loader.gif\"><\/div><\/div><div class=\"epyt-gallery-allthumbs  epyt-cols-3 \"><div tabindex=\"0\" role=\"button\" data-videoid=\"lQruvdiUJv4\" class=\"epyt-gallery-thumb\"><div class=\"epyt-gallery-img-box\"><div class=\"epyt-gallery-img\" style=\"background-image: url(https:\/\/i.ytimg.com\/vi\/lQruvdiUJv4\/hqdefault.jpg)\"><div class=\"epyt-gallery-playhover\"><img loading=\"lazy\" decoding=\"async\" alt=\"play\" class=\"epyt-play-img\" width=\"30\" height=\"23\" src=\"https:\/\/www.aeemt.org\/web\/wp-content\/plugins\/youtube-embed-plus\/images\/playhover.png\" data-no-lazy=\"1\" data-skipgform_ajax_framebjll=\"\" \/><div class=\"epyt-gallery-playcrutch\"><\/div><\/div><\/div><\/div><div class=\"epyt-gallery-title\">Presentaci\u00f3n de la Gu\u00eda de Actuaci\u00f3n M\u00e9dica en Vacunaci\u00f3n para el Entorno Laboral.<\/div><\/div><div tabindex=\"0\" role=\"button\" data-videoid=\"uvrieUfqJgQ\" class=\"epyt-gallery-thumb\"><div class=\"epyt-gallery-img-box\"><div class=\"epyt-gallery-img\" style=\"background-image: url(https:\/\/i.ytimg.com\/vi\/uvrieUfqJgQ\/hqdefault.jpg)\"><div class=\"epyt-gallery-playhover\"><img loading=\"lazy\" decoding=\"async\" alt=\"play\" class=\"epyt-play-img\" width=\"30\" height=\"23\" src=\"https:\/\/www.aeemt.org\/web\/wp-content\/plugins\/youtube-embed-plus\/images\/playhover.png\" data-no-lazy=\"1\" data-skipgform_ajax_framebjll=\"\" \/><div class=\"epyt-gallery-playcrutch\"><\/div><\/div><\/div><\/div><div class=\"epyt-gallery-title\">\ud835\uddd4\ud835\uddd8\ud835\uddd8\ud835\udde0\ud835\udde7 \ud835\ude06 \ud835\uddd4\ud835\uddd8\ud835\udde3\ud835\udde6\ud835\uddd4\ud835\udddf: \ud835\ude02\ud835\uddfb\ud835\uddee \ud835\uddee\ud835\uddf9\ud835\uddf6\ud835\uddee\ud835\uddfb\ud835\ude07\ud835\uddee \ud835\uddfe\ud835\ude02\ud835\uddf2 \ud835\uddfa\ud835\uddf6\ud835\uddff\ud835\uddee \ud835\uddee\ud835\uddf9 \ud835\uddf3\ud835\ude02\ud835\ude01\ud835\ude02\ud835\uddff\ud835\uddfc \ud835\uddf1\ud835\uddf2 \ud835\uddf9\ud835\uddee \ud835\udde6\ud835\uddee\ud835\uddf9\ud835\ude02\ud835\uddf1 \ud835\udddf\ud835\uddee\ud835\uddef\ud835\uddfc\ud835\uddff\ud835\uddee\ud835\uddf9<\/div><\/div><div tabindex=\"0\" role=\"button\" data-videoid=\"d2UiR04GqIk\" class=\"epyt-gallery-thumb\"><div class=\"epyt-gallery-img-box\"><div class=\"epyt-gallery-img\" style=\"background-image: url(https:\/\/i.ytimg.com\/vi\/d2UiR04GqIk\/hqdefault.jpg)\"><div class=\"epyt-gallery-playhover\"><img loading=\"lazy\" decoding=\"async\" alt=\"play\" class=\"epyt-play-img\" width=\"30\" height=\"23\" src=\"https:\/\/www.aeemt.org\/web\/wp-content\/plugins\/youtube-embed-plus\/images\/playhover.png\" data-no-lazy=\"1\" data-skipgform_ajax_framebjll=\"\" \/><div class=\"epyt-gallery-playcrutch\"><\/div><\/div><\/div><\/div><div class=\"epyt-gallery-title\">XIV CEMET 2026 \u2013 Una visi\u00f3n 360\u00ba<\/div><\/div><div class=\"epyt-gallery-rowbreak\"><\/div><div tabindex=\"0\" role=\"button\" data-videoid=\"2T4E2OMro6I\" class=\"epyt-gallery-thumb\"><div class=\"epyt-gallery-img-box\"><div class=\"epyt-gallery-img\" style=\"background-image: url(https:\/\/i.ytimg.com\/vi\/2T4E2OMro6I\/hqdefault.jpg)\"><div class=\"epyt-gallery-playhover\"><img loading=\"lazy\" decoding=\"async\" alt=\"play\" class=\"epyt-play-img\" width=\"30\" height=\"23\" src=\"https:\/\/www.aeemt.org\/web\/wp-content\/plugins\/youtube-embed-plus\/images\/playhover.png\" data-no-lazy=\"1\" data-skipgform_ajax_framebjll=\"\" \/><div class=\"epyt-gallery-playcrutch\"><\/div><\/div><\/div><\/div><div class=\"epyt-gallery-title\">\u00bf\ud835\uddd6\ud835\uddfc\u0301\ud835\uddfa\ud835\uddfc \ud835\uddee\ud835\uddf3\ud835\uddff\ud835\uddfc\ud835\uddfb\ud835\ude01\ud835\uddee\ud835\uddff \ud835\uddf2\ud835\uddf9 \ud835\uddff\ud835\uddf2\ud835\ude01\ud835\uddfc \ud835\uddf1\ud835\uddf2 \ud835\uddf9\ud835\uddee \ud835\ude00\ud835\uddee\ud835\uddf9\ud835\ude02\ud835\uddf1 \ud835\uddfa\ud835\uddf2\ud835\uddfb\ud835\ude01\ud835\uddee\ud835\uddf9 \ud835\uddf2\ud835\uddfb \ud835\uddf2\ud835\uddf9 \ud835\uddf2\ud835\uddfb\ud835\ude01\ud835\uddfc\ud835\uddff\ud835\uddfb\ud835\uddfc \ud835\uddf9\ud835\uddee\ud835\uddef\ud835\uddfc\ud835\uddff\ud835\uddee\ud835\uddf9?<\/div><\/div><div tabindex=\"0\" role=\"button\" data-videoid=\"s4IhuK_U8Y8\" class=\"epyt-gallery-thumb\"><div class=\"epyt-gallery-img-box\"><div class=\"epyt-gallery-img\" style=\"background-image: url(https:\/\/i.ytimg.com\/vi\/s4IhuK_U8Y8\/hqdefault.jpg)\"><div class=\"epyt-gallery-playhover\"><img loading=\"lazy\" decoding=\"async\" alt=\"play\" class=\"epyt-play-img\" width=\"30\" height=\"23\" src=\"https:\/\/www.aeemt.org\/web\/wp-content\/plugins\/youtube-embed-plus\/images\/playhover.png\" data-no-lazy=\"1\" data-skipgform_ajax_framebjll=\"\" \/><div class=\"epyt-gallery-playcrutch\"><\/div><\/div><\/div><\/div><div class=\"epyt-gallery-title\">El sue\u00f1o como pilar de la salud laboral.<\/div><\/div><div tabindex=\"0\" role=\"button\" data-videoid=\"CaXA6HyNCaY\" class=\"epyt-gallery-thumb\"><div class=\"epyt-gallery-img-box\"><div class=\"epyt-gallery-img\" style=\"background-image: url(https:\/\/i.ytimg.com\/vi\/CaXA6HyNCaY\/hqdefault.jpg)\"><div class=\"epyt-gallery-playhover\"><img loading=\"lazy\" decoding=\"async\" alt=\"play\" class=\"epyt-play-img\" width=\"30\" height=\"23\" src=\"https:\/\/www.aeemt.org\/web\/wp-content\/plugins\/youtube-embed-plus\/images\/playhover.png\" data-no-lazy=\"1\" data-skipgform_ajax_framebjll=\"\" \/><div class=\"epyt-gallery-playcrutch\"><\/div><\/div><\/div><\/div><div class=\"epyt-gallery-title\">Cuenta atr\u00e1s para el XIV Congreso CEMET 2026 en Burgos<\/div><\/div><div class=\"epyt-gallery-rowbreak\"><\/div><div tabindex=\"0\" role=\"button\" data-videoid=\"oQT7VwbmdH4\" class=\"epyt-gallery-thumb\"><div class=\"epyt-gallery-img-box\"><div class=\"epyt-gallery-img\" style=\"background-image: url(https:\/\/i.ytimg.com\/vi\/oQT7VwbmdH4\/hqdefault.jpg)\"><div class=\"epyt-gallery-playhover\"><img loading=\"lazy\" decoding=\"async\" alt=\"play\" class=\"epyt-play-img\" width=\"30\" height=\"23\" src=\"https:\/\/www.aeemt.org\/web\/wp-content\/plugins\/youtube-embed-plus\/images\/playhover.png\" data-no-lazy=\"1\" data-skipgform_ajax_framebjll=\"\" \/><div class=\"epyt-gallery-playcrutch\"><\/div><\/div><\/div><\/div><div class=\"epyt-gallery-title\">Presentaci\u00f3n  XIV CEMET 2026 Dr. Juan Carlos Rueda Garrido, Presidente de la AEEMT<\/div><\/div><div tabindex=\"0\" role=\"button\" data-videoid=\"7WUNUU9bgTs\" class=\"epyt-gallery-thumb\"><div class=\"epyt-gallery-img-box\"><div class=\"epyt-gallery-img\" style=\"background-image: url(https:\/\/i.ytimg.com\/vi\/7WUNUU9bgTs\/hqdefault.jpg)\"><div class=\"epyt-gallery-playhover\"><img loading=\"lazy\" decoding=\"async\" alt=\"play\" class=\"epyt-play-img\" width=\"30\" height=\"23\" src=\"https:\/\/www.aeemt.org\/web\/wp-content\/plugins\/youtube-embed-plus\/images\/playhover.png\" data-no-lazy=\"1\" data-skipgform_ajax_framebjll=\"\" \/><div class=\"epyt-gallery-playcrutch\"><\/div><\/div><\/div><\/div><div class=\"epyt-gallery-title\">VI SIMPOSIO DE VACUNACI\u00d3N EN EL ENTORNO LABORAL. 5 de Septiembre de 2025. Burgos<\/div><\/div><div tabindex=\"0\" role=\"button\" data-videoid=\"TsCWQRXZIaw\" class=\"epyt-gallery-thumb\"><div class=\"epyt-gallery-img-box\"><div class=\"epyt-gallery-img\" style=\"background-image: url(https:\/\/i.ytimg.com\/vi\/TsCWQRXZIaw\/hqdefault.jpg)\"><div class=\"epyt-gallery-playhover\"><img loading=\"lazy\" decoding=\"async\" alt=\"play\" class=\"epyt-play-img\" width=\"30\" height=\"23\" src=\"https:\/\/www.aeemt.org\/web\/wp-content\/plugins\/youtube-embed-plus\/images\/playhover.png\" data-no-lazy=\"1\" data-skipgform_ajax_framebjll=\"\" \/><div class=\"epyt-gallery-playcrutch\"><\/div><\/div><\/div><\/div><div class=\"epyt-gallery-title\">Jornada. OIN, avanzamos juntos en la prevenci\u00f3n de la silicosis. 29 de mayo de 2025<\/div><\/div><div class=\"epyt-gallery-rowbreak\"><\/div><div tabindex=\"0\" role=\"button\" data-videoid=\"MZlaf9OiCu0\" class=\"epyt-gallery-thumb\"><div class=\"epyt-gallery-img-box\"><div class=\"epyt-gallery-img\" style=\"background-image: url(https:\/\/i.ytimg.com\/vi\/MZlaf9OiCu0\/hqdefault.jpg)\"><div class=\"epyt-gallery-playhover\"><img loading=\"lazy\" decoding=\"async\" alt=\"play\" class=\"epyt-play-img\" width=\"30\" height=\"23\" src=\"https:\/\/www.aeemt.org\/web\/wp-content\/plugins\/youtube-embed-plus\/images\/playhover.png\" data-no-lazy=\"1\" data-skipgform_ajax_framebjll=\"\" \/><div class=\"epyt-gallery-playcrutch\"><\/div><\/div><\/div><\/div><div class=\"epyt-gallery-title\">Jornada &quot;Cefalea y Trabajo&quot;. Organiza AEEMT. Colabora Pfizer. 7 de mayo 2025<\/div><\/div><div tabindex=\"0\" role=\"button\" data-videoid=\"Gw7mCHwB5Pc\" class=\"epyt-gallery-thumb\"><div class=\"epyt-gallery-img-box\"><div class=\"epyt-gallery-img\" style=\"background-image: url(https:\/\/i.ytimg.com\/vi\/Gw7mCHwB5Pc\/hqdefault_live.jpg)\"><div class=\"epyt-gallery-playhover\"><img loading=\"lazy\" decoding=\"async\" alt=\"play\" class=\"epyt-play-img\" width=\"30\" height=\"23\" src=\"https:\/\/www.aeemt.org\/web\/wp-content\/plugins\/youtube-embed-plus\/images\/playhover.png\" data-no-lazy=\"1\" data-skipgform_ajax_framebjll=\"\" \/><div class=\"epyt-gallery-playcrutch\"><\/div><\/div><\/div><\/div><div class=\"epyt-gallery-title\">Emisi\u00f3n en directo de AEEMT Asociaci\u00f3n de Especialistas Medicina Trabajo<\/div><\/div><div tabindex=\"0\" role=\"button\" data-videoid=\"JjGy45qTEkk\" class=\"epyt-gallery-thumb\"><div class=\"epyt-gallery-img-box\"><div class=\"epyt-gallery-img\" style=\"background-image: url(https:\/\/i.ytimg.com\/vi\/JjGy45qTEkk\/hqdefault.jpg)\"><div class=\"epyt-gallery-playhover\"><img loading=\"lazy\" decoding=\"async\" alt=\"play\" class=\"epyt-play-img\" width=\"30\" height=\"23\" src=\"https:\/\/www.aeemt.org\/web\/wp-content\/plugins\/youtube-embed-plus\/images\/playhover.png\" data-no-lazy=\"1\" data-skipgform_ajax_framebjll=\"\" \/><div class=\"epyt-gallery-playcrutch\"><\/div><\/div><\/div><\/div><div class=\"epyt-gallery-title\">Sesi\u00f3n 2 Interpretaci\u00f3n Radiograf\u00edas ILO<\/div><\/div><div class=\"epyt-gallery-rowbreak\"><\/div><div tabindex=\"0\" role=\"button\" data-videoid=\"MnNAHjFTuWE\" class=\"epyt-gallery-thumb\"><div class=\"epyt-gallery-img-box\"><div class=\"epyt-gallery-img\" style=\"background-image: url(https:\/\/i.ytimg.com\/vi\/MnNAHjFTuWE\/hqdefault.jpg)\"><div class=\"epyt-gallery-playhover\"><img loading=\"lazy\" decoding=\"async\" alt=\"play\" class=\"epyt-play-img\" width=\"30\" height=\"23\" src=\"https:\/\/www.aeemt.org\/web\/wp-content\/plugins\/youtube-embed-plus\/images\/playhover.png\" data-no-lazy=\"1\" data-skipgform_ajax_framebjll=\"\" \/><div class=\"epyt-gallery-playcrutch\"><\/div><\/div><\/div><\/div><div class=\"epyt-gallery-title\">Sesi\u00f3n 1 Interpretaci\u00f3n Radiograf\u00edas ILO.<\/div><\/div><div tabindex=\"0\" role=\"button\" data-videoid=\"AHOCKDR5lxY\" class=\"epyt-gallery-thumb\"><div class=\"epyt-gallery-img-box\"><div class=\"epyt-gallery-img\" style=\"background-image: url(https:\/\/i.ytimg.com\/vi\/AHOCKDR5lxY\/hqdefault.jpg)\"><div class=\"epyt-gallery-playhover\"><img loading=\"lazy\" decoding=\"async\" alt=\"play\" class=\"epyt-play-img\" width=\"30\" height=\"23\" src=\"https:\/\/www.aeemt.org\/web\/wp-content\/plugins\/youtube-embed-plus\/images\/playhover.png\" data-no-lazy=\"1\" data-skipgform_ajax_framebjll=\"\" \/><div class=\"epyt-gallery-playcrutch\"><\/div><\/div><\/div><\/div><div class=\"epyt-gallery-title\">Sesi\u00f3n 10 2\u00aa Edici\u00f3n Programa Formaci\u00f3n Tab\u00e1quica 2024 AEEMT AECC<\/div><\/div><div tabindex=\"0\" role=\"button\" data-videoid=\"XmexU81CpII\" class=\"epyt-gallery-thumb\"><div class=\"epyt-gallery-img-box\"><div class=\"epyt-gallery-img\" style=\"background-image: url(https:\/\/i.ytimg.com\/vi\/XmexU81CpII\/hqdefault.jpg)\"><div class=\"epyt-gallery-playhover\"><img loading=\"lazy\" decoding=\"async\" alt=\"play\" class=\"epyt-play-img\" width=\"30\" height=\"23\" src=\"https:\/\/www.aeemt.org\/web\/wp-content\/plugins\/youtube-embed-plus\/images\/playhover.png\" data-no-lazy=\"1\" data-skipgform_ajax_framebjll=\"\" \/><div class=\"epyt-gallery-playcrutch\"><\/div><\/div><\/div><\/div><div class=\"epyt-gallery-title\">Sesi\u00f3n 9 2\u00aa Edici\u00f3n Programa Formaci\u00f3n Tab\u00e1quica 2024 AEEMT AECC<\/div><\/div><div class=\"epyt-gallery-rowbreak\"><\/div><div class=\"epyt-gallery-clear\"><\/div><\/div><div class=\"epyt-pagination \"><div tabindex=\"0\" role=\"button\" class=\"epyt-pagebutton epyt-prev  hide \" data-playlistid=\"UUNLO2eURcKj9TnOj6Dn0GnQ\" data-pagesize=\"15\" data-pagetoken=\"\" data-epcolumns=\"3\" data-showtitle=\"1\" data-showpaging=\"1\" data-autonext=\"0\" data-thumbplay=\"1\"><div class=\"epyt-arrow\">&laquo;<\/div> <div>Prev<\/div><\/div><div class=\"epyt-pagenumbers \"><div class=\"epyt-current\">1<\/div><div class=\"epyt-pageseparator\"> \/ <\/div><div class=\"epyt-totalpages\">6<\/div><\/div><div tabindex=\"0\" role=\"button\" class=\"epyt-pagebutton epyt-next\" data-playlistid=\"UUNLO2eURcKj9TnOj6Dn0GnQ\" data-pagesize=\"15\" data-pagetoken=\"EAAaHlBUOkNBOGlFRVZHTnpaQk5EbEJPRGxHT1RNMk9VTQ\" data-epcolumns=\"3\" data-showtitle=\"1\" data-showpaging=\"1\" data-autonext=\"0\" data-thumbplay=\"1\"><div>Next<\/div> <div class=\"epyt-arrow\">&raquo;<\/div><\/div><div class=\"epyt-loader\"><img loading=\"lazy\" decoding=\"async\" alt=\"loading\" width=\"16\" height=\"11\" src=\"https:\/\/www.aeemt.org\/web\/wp-content\/plugins\/youtube-embed-plus\/images\/gallery-page-loader.gif\"><\/div><\/div><\/div><\/div>[\/vc_column_text][\/vc_column][\/vc_row]<\/p>\n","protected":false},"excerpt":{"rendered":"<p>[vc_row rt_row_background_width=\u00bbdefault\u00bb rt_row_style=\u00bbdefault-style\u00bb rt_row_borders=\u00bb\u00bb rt_row_paddings=\u00bbtrue\u00bb rt_bg_effect=\u00bbclassic\u00bb rt_bg_image_repeat=\u00bbrepeat\u00bb rt_bg_size=\u00bbcover\u00bb rt_bg_position=\u00bbright top\u00bb rt_bg_attachment=\u00bbscroll\u00bb rt_bg_video_format=\u00bbself-hosted\u00bb][vc_column rt_wrp_col_paddings=\u00bbfalse\u00bb rt_border_top=\u00bb\u00bb rt_border_bottom=\u00bb\u00bb rt_border_left=\u00bb\u00bb rt_border_right=\u00bb\u00bb rt_border_top_mobile=\u00bb\u00bb rt_border_bottom_mobile=\u00bb\u00bb rt_border_left_mobile=\u00bb\u00bb rt_border_right_mobile=\u00bb\u00bb rt_bg_image_repeat=\u00bbrepeat\u00bb rt_bg_size=\u00bbauto auto\u00bb rt_bg_position=\u00bbright top\u00bb rt_bg_attachment=\u00bbscroll\u00bb][vc_column_text css=\u00bb\u00bb][\/vc_column_text][\/vc_column][\/vc_row][vc_row rt_row_background_width=\u00bbdefault\u00bb rt_row_style=\u00bbdefault-style\u00bb [&hellip;]<\/p>\n","protected":false},"author":1,"featured_media":0,"parent":0,"menu_order":0,"comment_status":"closed","ping_status":"closed","template":"","meta":{"footnotes":""},"class_list":["post-72970","page","type-page","status-publish","hentry"],"_links":{"self":[{"href":"https:\/\/www.aeemt.org\/web\/wp-json\/wp\/v2\/pages\/72970"}],"collection":[{"href":"https:\/\/www.aeemt.org\/web\/wp-json\/wp\/v2\/pages"}],"about":[{"href":"https:\/\/www.aeemt.org\/web\/wp-json\/wp\/v2\/types\/page"}],"author":[{"embeddable":true,"href":"https:\/\/www.aeemt.org\/web\/wp-json\/wp\/v2\/users\/1"}],"replies":[{"embeddable":true,"href":"https:\/\/www.aeemt.org\/web\/wp-json\/wp\/v2\/comments?post=72970"}],"version-history":[{"count":4,"href":"https:\/\/www.aeemt.org\/web\/wp-json\/wp\/v2\/pages\/72970\/revisions"}],"predecessor-version":[{"id":73018,"href":"https:\/\/www.aeemt.org\/web\/wp-json\/wp\/v2\/pages\/72970\/revisions\/73018"}],"wp:attachment":[{"href":"https:\/\/www.aeemt.org\/web\/wp-json\/wp\/v2\/media?parent=72970"}],"curies":[{"name":"wp","href":"https:\/\/api.w.org\/{rel}","templated":true}]}}