{"id":72654,"date":"2025-10-16T12:24:54","date_gmt":"2025-10-16T10:24:54","guid":{"rendered":"https:\/\/www.aeemt.org\/web\/?page_id=72654"},"modified":"2025-10-16T12:34:40","modified_gmt":"2025-10-16T10:34:40","slug":"original-3-mdt-vol-34-n03-septiembre-2025","status":"publish","type":"page","link":"https:\/\/www.aeemt.org\/web\/original-3-mdt-vol-34-n03-septiembre-2025\/","title":{"rendered":"Original 3 MDT Vol 34 N03 Septiembre 2025"},"content":{"rendered":"<p>[vc_row rt_row_background_width=\u00bbdefault\u00bb rt_row_style=\u00bbdefault-style\u00bb rt_row_borders=\u00bb\u00bb rt_row_paddings=\u00bbtrue\u00bb rt_bg_effect=\u00bbclassic\u00bb rt_bg_image_repeat=\u00bbrepeat\u00bb rt_bg_size=\u00bbcover\u00bb rt_bg_position=\u00bbright top\u00bb rt_bg_attachment=\u00bbscroll\u00bb rt_bg_video_format=\u00bbself-hosted\u00bb][vc_column rt_wrp_col_paddings=\u00bbfalse\u00bb rt_border_top=\u00bb\u00bb rt_border_bottom=\u00bb\u00bb rt_border_left=\u00bb\u00bb rt_border_right=\u00bb\u00bb rt_border_top_mobile=\u00bb\u00bb rt_border_bottom_mobile=\u00bb\u00bb rt_border_left_mobile=\u00bb\u00bb rt_border_right_mobile=\u00bb\u00bb rt_bg_image_repeat=\u00bbrepeat\u00bb rt_bg_size=\u00bbauto auto\u00bb rt_bg_position=\u00bbright top\u00bb rt_bg_attachment=\u00bbscroll\u00bb]<div class=\"rt_heading_wrapper \">\n\t\t\t\t\t\t<h2 class=\"rt_heading  \" >Incidencia y factores asociados al Herpes Zoster en trabajadores del sector bancario entre el periodo de junio de 2022 a septiembre de 2024.<\/h2>\n\t\t\t\t\t<\/div>[\/vc_column][\/vc_row][vc_row rt_row_background_width=\u00bbdefault\u00bb rt_row_style=\u00bbdefault-style\u00bb rt_row_borders=\u00bb\u00bb rt_row_paddings=\u00bbtrue\u00bb rt_bg_effect=\u00bbclassic\u00bb rt_bg_image_repeat=\u00bbrepeat\u00bb rt_bg_size=\u00bbcover\u00bb rt_bg_position=\u00bbright top\u00bb rt_bg_attachment=\u00bbscroll\u00bb rt_bg_video_format=\u00bbself-hosted\u00bb][vc_column rt_wrp_col_paddings=\u00bbfalse\u00bb rt_border_top=\u00bb\u00bb rt_border_bottom=\u00bb\u00bb rt_border_left=\u00bb\u00bb rt_border_right=\u00bb\u00bb rt_border_top_mobile=\u00bb\u00bb rt_border_bottom_mobile=\u00bb\u00bb rt_border_left_mobile=\u00bb\u00bb rt_border_right_mobile=\u00bb\u00bb rt_bg_image_repeat=\u00bbrepeat\u00bb rt_bg_size=\u00bbauto auto\u00bb rt_bg_position=\u00bbright top\u00bb rt_bg_attachment=\u00bbscroll\u00bb][vc_column_text css=\u00bb\u00bb]<\/p>\n<p style=\"text-align: justify;\"><img loading=\"lazy\" decoding=\"async\" class=\" wp-image-70359 aligncenter\" src=\"https:\/\/www.aeemt.org\/web\/wp-content\/uploads\/2024\/09\/Revista_AEEMT_Cabecero-300x97.png\" alt=\"\" width=\"927\" height=\"300\" srcset=\"https:\/\/www.aeemt.org\/web\/wp-content\/uploads\/2024\/09\/Revista_AEEMT_Cabecero-300x97.png 300w, https:\/\/www.aeemt.org\/web\/wp-content\/uploads\/2024\/09\/Revista_AEEMT_Cabecero-768x248.png 768w, https:\/\/www.aeemt.org\/web\/wp-content\/uploads\/2024\/09\/Revista_AEEMT_Cabecero-600x193.png 600w, https:\/\/www.aeemt.org\/web\/wp-content\/uploads\/2024\/09\/Revista_AEEMT_Cabecero.png 934w\" sizes=\"(max-width: 927px) 100vw, 927px\" \/><\/p>\n<p style=\"text-align: justify;\">N\u00famero de la Revista: Vol. 34 &#8211; n\u00ba 03- Septiembre 2025<\/p>\n<p><strong>Secci\u00f3n:<\/strong>\u00a0Original<br \/>\n<strong>T\u00edtulo:<\/strong> Incidencia y factores asociados al Herpes Zoster en trabajadores del sector bancario entre el periodo de junio de 2022 a septiembre de 2024.<\/p>\n<p style=\"text-align: justify;\"><strong>Autores:<\/strong><\/p>\n<p><strong><em>Jos\u00e9 Nobrega-De-Franca<\/em><\/strong><strong><em><sup>(1)<\/sup><\/em><\/strong><strong><em>, Marjorie Cortes P\u00e9rez<\/em><\/strong><strong><em><sup>(2)<\/sup><\/em><\/strong><strong><em>, Laura G\u00f3mez Paredes<\/em><\/strong><strong><em><sup>(3)<\/sup><\/em><\/strong><strong><em>,\u00a0 <\/em><\/strong><strong><em>Mar\u00eda Antonia Miguel Rodr\u00edguez<\/em><\/strong><strong><em><sup>(3)<\/sup><\/em><\/strong><strong><em>,\u00a0 Mar\u00eda Carmen Guti\u00e9rrez Aguilo<\/em><\/strong><strong><em><sup>(3)<\/sup><\/em><\/strong><strong><em>, Mar\u00eda Cristina P\u00e9rez Herreras<\/em><\/strong><strong><em><sup>(3)<\/sup><\/em><\/strong><strong><em>, Juan Mu\u00f1oz Guti\u00e9rrez<\/em><\/strong><strong><em><sup>(3)<\/sup><\/em><\/strong><strong><em>, Luis Reinoso-Barbero<\/em><\/strong><strong><em><sup>(4)<\/sup><\/em><\/strong><\/p>\n<p><em><sup>1 <\/sup><\/em><em>Instituto de Salud P\u00fablica y Laboral de Navarra, Espa\u00f1a. https:\/\/orcid.org\/0000-0002-2831-5608 <\/em><br \/>\n<em><sup>2<\/sup><\/em><em>Servicio de Prevenci\u00f3n de Riesgos Laborales, Hospital Universitario de Burgos, Espa\u00f1a. <\/em><em><sup>\u00a0<\/sup><\/em><br \/>\n<em><sup>3<\/sup><\/em><em>Servicio M\u00e9dico Grupo Santander, Madrid, Espa\u00f1a <\/em><em><sup>\u00a0<\/sup><\/em><br \/>\n<em><sup>4<\/sup><\/em><em>Universidad Internacional de La Rioja, Logro\u00f1o, Espa\u00f1a. Servicio M\u00e9dico Grupo Santander, Madrid, Espa\u00f1a <\/em><em><sup>\u00a0<\/sup><\/em><\/p>\n<p><strong>Correspondencia:<\/strong><\/p>\n<p><strong><em>Jos\u00e9 Nobrega de Franca <\/em><\/strong><\/p>\n<p>Direcci\u00f3n postal:\u00a0 Instituto de Salud P\u00fablica y Laboral\u00a0 de Navarra, Calle E y F, 31012 Pamplona, Navarra, Espa\u00f1a.<br \/>\nCorreo electr\u00f3nico: <a href=\"mailto:ja.nobrega.defranca@navarra.es\" target=\"_blank\" rel=\"noopener\">ja.nobrega.defranca@navarra.es<\/a><\/p>\n<p><strong>Palabras Clave<\/strong>: Herpes; Zoster; Inmunolog\u00eda; Salud Laboral; Epidemiolog\u00eda.<\/p>\n<p><strong>Keywords<\/strong>: Herpes; Zoster; Immunology; Occupational Health; Epidemiology.<\/p>\n<p style=\"text-align: justify;\"><strong>Cita Art\u00edculo<\/strong>: Jos\u00e9 Nobrega de Franca et al. Incidencia y factores asociados al Herpes Zoster en trabajadores del sector bancario entre el periodo de junio de 2022 a septiembre de 2024. Rev Asoc Esp Espec Med Trab 2025; 34(3):298-308<\/p>\n<p style=\"text-align: justify;\">Acceso al PDF: <div class=\"button_wrapper \"><a  href=\"https:\/\/www.aeemt.org\/Revista_AEEMT\/VOL_34_N03_2025_SEP\/298-308%20Original_3.pdf\" target=\"_blank\" title=\"Incidencia y factores asociados al Herpes Zoster en trabajadores del sector bancario entre el periodo de junio de 2022 a septiembre de 2024.\" class=\"button_  default medium\"><strong>PDF del Art\u00edculo<\/strong><\/a><\/div>\n<p><strong>RESUMEN.<\/strong><\/p>\n<p style=\"text-align: justify;\"><strong>Introducci\u00f3n:<\/strong> El herpes z\u00f3ster (HZ) es una entidad frecuente, la tasa de incidencia se incrementa a partir de los 50 a\u00f1os. Cualquier \u00e1mbito laboral es susceptible si concurren factores como el estr\u00e9s, sobrecarga f\u00edsica y condiciones laborales adversas, que pueden comprometer el sistema inmunol\u00f3gico y afectar la salud general.<\/p>\n<p style=\"text-align: justify;\"><strong>Materiales y M\u00e9todos:<\/strong> Se realiz\u00f3 un estudio observacional de HZ durante el periodo 2022 a 2024 de los trabajadores de una entidad bancaria que acudieron a consulta m\u00e9dica.<\/p>\n<p style=\"text-align: justify;\"><strong>Resultados:<\/strong> Media de edad de 44,2 a\u00f1os y la mayor\u00eda hombres (58,8%). El 73% acudi\u00f3 en las primeras 72 horas que aparecieron los s\u00edntomas, siendo m\u00e1s prevalente la lesi\u00f3n en regi\u00f3n del t\u00f3rax (41,2%). Se detectaron diferencias estad\u00edsticamente significativas en la incidencia del herpes y la edad mayor de 50 a\u00f1os (p &lt; 0,02).<\/p>\n<p style=\"text-align: justify;\"><strong>Discusi\u00f3n:<\/strong> Es necesario la notificaci\u00f3n de casos de forma exhaustiva. El SPRL tiene un papel fundamental en el diagn\u00f3stico precoz del HZ, la recopilaci\u00f3n de informaci\u00f3n cl\u00ednica e indicaci\u00f3n precoz del tratamiento.<\/p>\n<p style=\"text-align: justify;\"><strong>Title:<\/strong><\/p>\n<p><strong>INCIDENCE AND ASSOCIATED FACTORS OF HERPES ZOSTER IN BANKING SECTOR WORKERS BETWEEN JUNE 2022 AND SEPTEMBER 2024<\/strong><\/p>\n<p style=\"text-align: justify;\"><strong style=\"text-align: justify;\">Abstract:<\/strong><\/p>\n<p style=\"text-align: justify;\"><strong>Introduction:<\/strong> Herpes zoster (HZ) is a common condition; its incidence rate increases after the age of 50. Any work environment is susceptible if factors such as stress, physical overload, and adverse working conditions are present, which can compromise the immune system and affect general health.<\/p>\n<p style=\"text-align: justify;\"><strong>Materials and Methods:<\/strong> An observational study of HZ was conducted among employees of a banking institution who attended medical consultation during the 2022 to 2024 period.<\/p>\n<p style=\"text-align: justify;\"><strong>Results:<\/strong> The mean age was 44.2 years, and the majority were men (58.8%). Seventy-three percent of the cases sought medical consultation within the first 72 hours of symptoms appearing, with the lesion being most prevalent in the thoracic region (41.2%). Statistically significant differences were detected in the incidence of herpes and age over 50 years ().<\/p>\n<p style=\"text-align: justify;\"><strong>Discussion:<\/strong> Exhaustive case notification is necessary. The Occupational Risk Prevention Service (SPRL) plays a fundamental role in the early diagnosis of HZ, the collection of clinical information, and the early indication of treatment.<\/p>\n<p>[\/vc_column_text][\/vc_column][\/vc_row]<\/p>\n","protected":false},"excerpt":{"rendered":"<p>[vc_row rt_row_background_width=\u00bbdefault\u00bb rt_row_style=\u00bbdefault-style\u00bb rt_row_borders=\u00bb\u00bb rt_row_paddings=\u00bbtrue\u00bb rt_bg_effect=\u00bbclassic\u00bb rt_bg_image_repeat=\u00bbrepeat\u00bb rt_bg_size=\u00bbcover\u00bb rt_bg_position=\u00bbright top\u00bb rt_bg_attachment=\u00bbscroll\u00bb rt_bg_video_format=\u00bbself-hosted\u00bb][vc_column rt_wrp_col_paddings=\u00bbfalse\u00bb rt_border_top=\u00bb\u00bb rt_border_bottom=\u00bb\u00bb rt_border_left=\u00bb\u00bb rt_border_right=\u00bb\u00bb rt_border_top_mobile=\u00bb\u00bb rt_border_bottom_mobile=\u00bb\u00bb rt_border_left_mobile=\u00bb\u00bb rt_border_right_mobile=\u00bb\u00bb rt_bg_image_repeat=\u00bbrepeat\u00bb rt_bg_size=\u00bbauto auto\u00bb rt_bg_position=\u00bbright top\u00bb rt_bg_attachment=\u00bbscroll\u00bb][\/vc_column][\/vc_row][vc_row rt_row_background_width=\u00bbdefault\u00bb rt_row_style=\u00bbdefault-style\u00bb rt_row_borders=\u00bb\u00bb [&hellip;]<\/p>\n","protected":false},"author":1,"featured_media":0,"parent":0,"menu_order":0,"comment_status":"closed","ping_status":"closed","template":"","meta":{"footnotes":""},"class_list":["post-72654","page","type-page","status-publish","hentry"],"_links":{"self":[{"href":"https:\/\/www.aeemt.org\/web\/wp-json\/wp\/v2\/pages\/72654"}],"collection":[{"href":"https:\/\/www.aeemt.org\/web\/wp-json\/wp\/v2\/pages"}],"about":[{"href":"https:\/\/www.aeemt.org\/web\/wp-json\/wp\/v2\/types\/page"}],"author":[{"embeddable":true,"href":"https:\/\/www.aeemt.org\/web\/wp-json\/wp\/v2\/users\/1"}],"replies":[{"embeddable":true,"href":"https:\/\/www.aeemt.org\/web\/wp-json\/wp\/v2\/comments?post=72654"}],"version-history":[{"count":2,"href":"https:\/\/www.aeemt.org\/web\/wp-json\/wp\/v2\/pages\/72654\/revisions"}],"predecessor-version":[{"id":72657,"href":"https:\/\/www.aeemt.org\/web\/wp-json\/wp\/v2\/pages\/72654\/revisions\/72657"}],"wp:attachment":[{"href":"https:\/\/www.aeemt.org\/web\/wp-json\/wp\/v2\/media?parent=72654"}],"curies":[{"name":"wp","href":"https:\/\/api.w.org\/{rel}","templated":true}]}}