{"id":72649,"date":"2025-10-16T12:10:24","date_gmt":"2025-10-16T10:10:24","guid":{"rendered":"https:\/\/www.aeemt.org\/web\/?page_id=72649"},"modified":"2025-10-16T12:29:59","modified_gmt":"2025-10-16T10:29:59","slug":"original-2-mdt-vol-34-n03-septiembre-2025","status":"publish","type":"page","link":"https:\/\/www.aeemt.org\/web\/original-2-mdt-vol-34-n03-septiembre-2025\/","title":{"rendered":"Original 2 MDT Vol 34 N03 Septiembre 2025"},"content":{"rendered":"<p>[vc_row rt_row_background_width=\u00bbdefault\u00bb rt_row_style=\u00bbdefault-style\u00bb rt_row_borders=\u00bb\u00bb rt_row_paddings=\u00bbtrue\u00bb rt_bg_effect=\u00bbclassic\u00bb rt_bg_image_repeat=\u00bbrepeat\u00bb rt_bg_size=\u00bbcover\u00bb rt_bg_position=\u00bbright top\u00bb rt_bg_attachment=\u00bbscroll\u00bb rt_bg_video_format=\u00bbself-hosted\u00bb][vc_column rt_wrp_col_paddings=\u00bbfalse\u00bb rt_border_top=\u00bb\u00bb rt_border_bottom=\u00bb\u00bb rt_border_left=\u00bb\u00bb rt_border_right=\u00bb\u00bb rt_border_top_mobile=\u00bb\u00bb rt_border_bottom_mobile=\u00bb\u00bb rt_border_left_mobile=\u00bb\u00bb rt_border_right_mobile=\u00bb\u00bb rt_bg_image_repeat=\u00bbrepeat\u00bb rt_bg_size=\u00bbauto auto\u00bb rt_bg_position=\u00bbright top\u00bb rt_bg_attachment=\u00bbscroll\u00bb]<div class=\"rt_heading_wrapper \">\n\t\t\t\t\t\t<h2 class=\"rt_heading  \" >Caracterizaci\u00f3n y costo de la accidentalidad laboral en empresa del sector el\u00e9ctrico, Medell\u00edn, Colombia.<\/h2>\n\t\t\t\t\t<\/div>[\/vc_column][\/vc_row][vc_row rt_row_background_width=\u00bbdefault\u00bb rt_row_style=\u00bbdefault-style\u00bb rt_row_borders=\u00bb\u00bb rt_row_paddings=\u00bbtrue\u00bb rt_bg_effect=\u00bbclassic\u00bb rt_bg_image_repeat=\u00bbrepeat\u00bb rt_bg_size=\u00bbcover\u00bb rt_bg_position=\u00bbright top\u00bb rt_bg_attachment=\u00bbscroll\u00bb rt_bg_video_format=\u00bbself-hosted\u00bb][vc_column rt_wrp_col_paddings=\u00bbfalse\u00bb rt_border_top=\u00bb\u00bb rt_border_bottom=\u00bb\u00bb rt_border_left=\u00bb\u00bb rt_border_right=\u00bb\u00bb rt_border_top_mobile=\u00bb\u00bb rt_border_bottom_mobile=\u00bb\u00bb rt_border_left_mobile=\u00bb\u00bb rt_border_right_mobile=\u00bb\u00bb rt_bg_image_repeat=\u00bbrepeat\u00bb rt_bg_size=\u00bbauto auto\u00bb rt_bg_position=\u00bbright top\u00bb rt_bg_attachment=\u00bbscroll\u00bb][vc_column_text css=\u00bb\u00bb]<\/p>\n<p style=\"text-align: justify;\"><img loading=\"lazy\" decoding=\"async\" class=\" wp-image-70359 aligncenter\" src=\"https:\/\/www.aeemt.org\/web\/wp-content\/uploads\/2024\/09\/Revista_AEEMT_Cabecero-300x97.png\" alt=\"\" width=\"927\" height=\"300\" srcset=\"https:\/\/www.aeemt.org\/web\/wp-content\/uploads\/2024\/09\/Revista_AEEMT_Cabecero-300x97.png 300w, https:\/\/www.aeemt.org\/web\/wp-content\/uploads\/2024\/09\/Revista_AEEMT_Cabecero-768x248.png 768w, https:\/\/www.aeemt.org\/web\/wp-content\/uploads\/2024\/09\/Revista_AEEMT_Cabecero-600x193.png 600w, https:\/\/www.aeemt.org\/web\/wp-content\/uploads\/2024\/09\/Revista_AEEMT_Cabecero.png 934w\" sizes=\"(max-width: 927px) 100vw, 927px\" \/><\/p>\n<p style=\"text-align: justify;\">N\u00famero de la Revista: Vol. 34 &#8211; n\u00ba 03- Septiembre 2025<\/p>\n<p><strong>Secci\u00f3n:<\/strong>\u00a0Original<br \/>\n<strong>T\u00edtulo:<\/strong> Caracterizaci\u00f3n y costo de la accidentalidad laboral en empresa del sector el\u00e9ctrico, Medell\u00edn, Colombia.<\/p>\n<p style=\"text-align: justify;\"><strong>Autores:<\/strong><\/p>\n<p><strong><em>Andr\u00e9s Mauricio Zapata Escobar<\/em><\/strong><strong><em><sup>(1)<\/sup><\/em><\/strong><strong><em>, Mar\u00eda Cristina Osorio Soto<\/em><\/strong><strong><em><sup>(2) <\/sup><\/em><\/strong><strong><em>, <\/em><\/strong><strong><em><sup>\u00a0<\/sup><\/em><\/strong><strong><em>Andr\u00e9s Felipe Montoya Giraldo<\/em><\/strong><strong><em><sup>(3)<\/sup><\/em><\/strong><\/p>\n<p><em><sup>1 <\/sup><\/em><em>Ingeniero de Materiales con Maestr\u00eda en Salud Ocupacional. Docente asesor en gesti\u00f3n del riesgo, Medell\u00edn, Colombia <\/em><br \/>\n<em><sup>2<\/sup><\/em><em>Contadora P\u00fablica, Magister en Administraci\u00f3n y Planificaci\u00f3n Educativa. Docente Fundaci\u00f3n Universitaria Mar\u00eda <\/em><em><sup>\u00a0<\/sup><\/em><em>Cano, Medell\u00edn, Colombia<\/em><br \/>\n<em><sup>3<\/sup><\/em><em>Profesional en Gerencia de Sistemas de Informaci\u00f3n en Salud, Mag\u00edster en Administraci\u00f3n y Doctorando en Direcci\u00f3n de Proyectos. Docente Corporaci\u00f3n Universitaria Minuto de Dios, Medell\u00edn, Colombia<\/em><\/p>\n<p><strong>Correspondencia:<\/strong><\/p>\n<p><strong><em>Andr\u00e9s Mauricio Zapata Escobar <\/em><\/strong><\/p>\n<p>Correo electr\u00f3nico: <a href=\"mailto:amzapatae@gmail.com\" target=\"_blank\" rel=\"noopener\">amzapatae@gmail.com<\/a><\/p>\n<p><strong>Palabras Clave<\/strong>: Accidente de trabajo; Costos de salud para el patr\u00f3n; Absentismo laboral; absentismo; riesgos laborales; Sistema de Gesti\u00f3n de Seguridad y Salud en el Trabajo<\/p>\n<p><strong>Keywords<\/strong>: Accidentes Ocupacionales; Employer Health Costs; Absenteeism; Work absenteeism; Occupational Risks; Occupational Health and Safety Management System<\/p>\n<p style=\"text-align: justify;\"><strong>Cita Art\u00edculo<\/strong>: Andr\u00e9s Mauricio Zapata Escobar et al. Caracterizaci\u00f3n y costo de la accidentalidad labolar en empresa del sector electrico, Medell\u00edn, Colombia. Rev Asoc Esp Espec Med Trab 2025; 34(3):284-297<\/p>\n<p style=\"text-align: justify;\">Acceso al PDF: <div class=\"button_wrapper \"><a  href=\"https:\/\/www.aeemt.org\/Revista_AEEMT\/VOL_34_N03_2025_SEP\/284-297%20Original_2.pdf\" target=\"_blank\" title=\"Caracterizaci\u00f3n y costo de la accidentalidad laboral en empresa del sector el\u00e9ctrico, Medell\u00edn, Colombia.\" class=\"button_  default medium\"><strong>PDF del Art\u00edculo<\/strong><\/a><\/div>\n<p><strong>RESUMEN.<\/strong><\/p>\n<p style=\"text-align: justify;\"><strong>Objetivo:<\/strong> Caracterizar y calcular el costo de la accidentalidad laboral en una empresa del sector el\u00e9ctrico en Medell\u00edn en el a\u00f1o 2023.<\/p>\n<p style=\"text-align: justify;\"><strong>Material y m\u00e9todos:<\/strong> Estudio cuantitativo correlacional, que analiz\u00f3 un archivo con el reporte de los accidentes por causas del trabajo en el periodo de 2023, de empresa del sector el\u00e9ctrico, donde se reconocen caracter\u00edsticas del accidentado como edad, genero, escolaridad, \u00e1rea de trabajo, h\u00e1bito, principales diagn\u00f3sticos y costo para la empresa, esto con la ayuda del software SPSS.<\/p>\n<p style=\"text-align: justify;\"><strong>Resultados:<\/strong> Se reconocieron asociaciones entre la accidentalidad y variables como la antig\u00fcedad, la escolaridad, y el \u00e1rea de trabajo que presentan mayor probabilidad de accidentes laborales y se construy\u00f3 una ecuaci\u00f3n que representa los costos de la accidentalidad laboral.<\/p>\n<p style=\"text-align: justify;\"><strong>Conclusiones:<\/strong> El inadecuado proceso de formaci\u00f3n, la falta de gesti\u00f3n de los indicadores y las estad\u00edsticas de accidentalidad y de los costos, hacen cuestiona la gesti\u00f3n de la mejora continua del SGSST.<\/p>\n<p style=\"text-align: justify;\"><strong>Title:<\/strong><\/p>\n<p><strong>CHARACTERIZATION AND COST OF WORKPLACE <\/strong><strong>ACCIDENTS IN A COMPANY IN THE ELECTRICAL SECTOR, <\/strong><strong>MEDELL\u00cdN, COLOMBIA<\/strong><\/p>\n<p style=\"text-align: justify;\"><strong style=\"text-align: justify;\">Abstract:<\/strong><\/p>\n<p style=\"text-align: justify;\"><strong>Objective:<\/strong> To characterize and calculate the cost of work-related accidents in a company in the electrical sector in Medell\u00edn in 2023.<\/p>\n<p style=\"text-align: justify;\"><strong>Material and methods:<\/strong> A quantitative correlational study, which analyzed a file with the report of work-related accidents in the period of 2023, from a company in the electrical sector, where characteristics of the injured person such as age, gender, education, work area, habit, main diagnoses and cost for the company are recognized, with the help of the SPSS software.<\/p>\n<p style=\"text-align: justify;\"><strong>Results:<\/strong> Associations were recognized between accidents and variables such as seniority, education, and the work area that present a higher probability of work-related accidents and an equation was built that represents the costs of work-related accidents.<\/p>\n<p style=\"text-align: justify;\"><strong>Conclusions:<\/strong> The inadequate training process, the lack of management of indicators and statistics on accidents and costs, call into question the management of the continuous improvement of the SGSST.<\/p>\n<p>[\/vc_column_text][\/vc_column][\/vc_row]<\/p>\n","protected":false},"excerpt":{"rendered":"<p>[vc_row rt_row_background_width=\u00bbdefault\u00bb rt_row_style=\u00bbdefault-style\u00bb rt_row_borders=\u00bb\u00bb rt_row_paddings=\u00bbtrue\u00bb rt_bg_effect=\u00bbclassic\u00bb rt_bg_image_repeat=\u00bbrepeat\u00bb rt_bg_size=\u00bbcover\u00bb rt_bg_position=\u00bbright top\u00bb rt_bg_attachment=\u00bbscroll\u00bb rt_bg_video_format=\u00bbself-hosted\u00bb][vc_column rt_wrp_col_paddings=\u00bbfalse\u00bb rt_border_top=\u00bb\u00bb rt_border_bottom=\u00bb\u00bb rt_border_left=\u00bb\u00bb rt_border_right=\u00bb\u00bb rt_border_top_mobile=\u00bb\u00bb rt_border_bottom_mobile=\u00bb\u00bb rt_border_left_mobile=\u00bb\u00bb rt_border_right_mobile=\u00bb\u00bb rt_bg_image_repeat=\u00bbrepeat\u00bb rt_bg_size=\u00bbauto auto\u00bb rt_bg_position=\u00bbright top\u00bb rt_bg_attachment=\u00bbscroll\u00bb][\/vc_column][\/vc_row][vc_row rt_row_background_width=\u00bbdefault\u00bb rt_row_style=\u00bbdefault-style\u00bb rt_row_borders=\u00bb\u00bb [&hellip;]<\/p>\n","protected":false},"author":1,"featured_media":0,"parent":0,"menu_order":0,"comment_status":"closed","ping_status":"closed","template":"","meta":{"footnotes":""},"class_list":["post-72649","page","type-page","status-publish","hentry"],"_links":{"self":[{"href":"https:\/\/www.aeemt.org\/web\/wp-json\/wp\/v2\/pages\/72649"}],"collection":[{"href":"https:\/\/www.aeemt.org\/web\/wp-json\/wp\/v2\/pages"}],"about":[{"href":"https:\/\/www.aeemt.org\/web\/wp-json\/wp\/v2\/types\/page"}],"author":[{"embeddable":true,"href":"https:\/\/www.aeemt.org\/web\/wp-json\/wp\/v2\/users\/1"}],"replies":[{"embeddable":true,"href":"https:\/\/www.aeemt.org\/web\/wp-json\/wp\/v2\/comments?post=72649"}],"version-history":[{"count":3,"href":"https:\/\/www.aeemt.org\/web\/wp-json\/wp\/v2\/pages\/72649\/revisions"}],"predecessor-version":[{"id":72656,"href":"https:\/\/www.aeemt.org\/web\/wp-json\/wp\/v2\/pages\/72649\/revisions\/72656"}],"wp:attachment":[{"href":"https:\/\/www.aeemt.org\/web\/wp-json\/wp\/v2\/media?parent=72649"}],"curies":[{"name":"wp","href":"https:\/\/api.w.org\/{rel}","templated":true}]}}