{"id":72641,"date":"2025-10-16T11:44:20","date_gmt":"2025-10-16T09:44:20","guid":{"rendered":"https:\/\/www.aeemt.org\/web\/?page_id=72641"},"modified":"2025-10-16T12:14:18","modified_gmt":"2025-10-16T10:14:18","slug":"original-1-mdt-vol-34-n03-septiembre-2025","status":"publish","type":"page","link":"https:\/\/www.aeemt.org\/web\/original-1-mdt-vol-34-n03-septiembre-2025\/","title":{"rendered":"Original 1 MDT Vol 34 N03 Septiembre 2025"},"content":{"rendered":"<p>[vc_row rt_row_background_width=\u00bbdefault\u00bb rt_row_style=\u00bbdefault-style\u00bb rt_row_borders=\u00bb\u00bb rt_row_paddings=\u00bbtrue\u00bb rt_bg_effect=\u00bbclassic\u00bb rt_bg_image_repeat=\u00bbrepeat\u00bb rt_bg_size=\u00bbcover\u00bb rt_bg_position=\u00bbright top\u00bb rt_bg_attachment=\u00bbscroll\u00bb rt_bg_video_format=\u00bbself-hosted\u00bb][vc_column rt_wrp_col_paddings=\u00bbfalse\u00bb rt_border_top=\u00bb\u00bb rt_border_bottom=\u00bb\u00bb rt_border_left=\u00bb\u00bb rt_border_right=\u00bb\u00bb rt_border_top_mobile=\u00bb\u00bb rt_border_bottom_mobile=\u00bb\u00bb rt_border_left_mobile=\u00bb\u00bb rt_border_right_mobile=\u00bb\u00bb rt_bg_image_repeat=\u00bbrepeat\u00bb rt_bg_size=\u00bbauto auto\u00bb rt_bg_position=\u00bbright top\u00bb rt_bg_attachment=\u00bbscroll\u00bb]<div class=\"rt_heading_wrapper \">\n\t\t\t\t\t\t<h2 class=\"rt_heading  \" >Sarampi\u00f3n: respuesta activa ante un brote epidemiol\u00f3gico en la Comunidad Valenciana.<\/h2>\n\t\t\t\t\t<\/div>[\/vc_column][\/vc_row][vc_row rt_row_background_width=\u00bbdefault\u00bb rt_row_style=\u00bbdefault-style\u00bb rt_row_borders=\u00bb\u00bb rt_row_paddings=\u00bbtrue\u00bb rt_bg_effect=\u00bbclassic\u00bb rt_bg_image_repeat=\u00bbrepeat\u00bb rt_bg_size=\u00bbcover\u00bb rt_bg_position=\u00bbright top\u00bb rt_bg_attachment=\u00bbscroll\u00bb rt_bg_video_format=\u00bbself-hosted\u00bb][vc_column rt_wrp_col_paddings=\u00bbfalse\u00bb rt_border_top=\u00bb\u00bb rt_border_bottom=\u00bb\u00bb rt_border_left=\u00bb\u00bb rt_border_right=\u00bb\u00bb rt_border_top_mobile=\u00bb\u00bb rt_border_bottom_mobile=\u00bb\u00bb rt_border_left_mobile=\u00bb\u00bb rt_border_right_mobile=\u00bb\u00bb rt_bg_image_repeat=\u00bbrepeat\u00bb rt_bg_size=\u00bbauto auto\u00bb rt_bg_position=\u00bbright top\u00bb rt_bg_attachment=\u00bbscroll\u00bb][vc_column_text css=\u00bb\u00bb]<\/p>\n<p style=\"text-align: justify;\"><img loading=\"lazy\" decoding=\"async\" class=\" wp-image-70359 aligncenter\" src=\"https:\/\/www.aeemt.org\/web\/wp-content\/uploads\/2024\/09\/Revista_AEEMT_Cabecero-300x97.png\" alt=\"\" width=\"927\" height=\"300\" srcset=\"https:\/\/www.aeemt.org\/web\/wp-content\/uploads\/2024\/09\/Revista_AEEMT_Cabecero-300x97.png 300w, https:\/\/www.aeemt.org\/web\/wp-content\/uploads\/2024\/09\/Revista_AEEMT_Cabecero-768x248.png 768w, https:\/\/www.aeemt.org\/web\/wp-content\/uploads\/2024\/09\/Revista_AEEMT_Cabecero-600x193.png 600w, https:\/\/www.aeemt.org\/web\/wp-content\/uploads\/2024\/09\/Revista_AEEMT_Cabecero.png 934w\" sizes=\"(max-width: 927px) 100vw, 927px\" \/><\/p>\n<p style=\"text-align: justify;\">N\u00famero de la Revista: Vol. 34 &#8211; n\u00ba 03- Septiembre 2025<\/p>\n<p><strong>Secci\u00f3n:<\/strong>\u00a0Original<br \/>\n<strong>T\u00edtulo:<\/strong> Sarampi\u00f3n: respuesta activa ante un brote epidemiol\u00f3gico en la Comunidad Valenciana<\/p>\n<p style=\"text-align: justify;\"><strong>Autores:<\/strong><\/p>\n<p><strong><em>Eva Romero Congosto<\/em><\/strong><strong><em><sup>(1)<\/sup><\/em><\/strong><strong><em>, M\u00aa Jos\u00e9 Oltra Navarro <\/em><\/strong><strong><em><sup>(2)<\/sup><\/em><\/strong><strong><em>, Aser Maci\u00e1n S\u00e1nchez<\/em><\/strong><strong><em><sup>(3)<\/sup><\/em><\/strong><\/p>\n<p><em><sup>1<\/sup><\/em><em>Eir 1\u00ba de Enfermer\u00eda del Trabajo. Servicio de Prevenci\u00f3n de Riesgos laborales. Hospital Universitario y Polit\u00e9cnico <\/em><em>La Fe, Valencia.<\/em><br \/>\n<em><sup>2<\/sup><\/em><em>Eir 2\u00ba de Enfermer\u00eda del Trabajo. Servicio de Prevenci\u00f3n de Riesgos laborales. Hospital Universitario y Polit\u00e9cnico <\/em><em>La Fe, Valencia.<\/em><br \/>\n<em><sup>3<\/sup><\/em><em>Enfermero especialista en Enfermer\u00eda del Trabajo. Servicio de Prevenci\u00f3n de Riesgos laborales. Hospital Universitario y <\/em><em><sup>\u00a0<\/sup><\/em><em>Polit\u00e9cnico La Fe, Valencia.<\/em><\/p>\n<p><strong>Correspondencia:<\/strong><\/p>\n<p><strong><em>Eva Romero Congosto<\/em><\/strong><\/p>\n<p>Direcci\u00f3n postal:\u00a0 Departamento de salud Valencia La Fe. Hospital Universitario y Polit\u00e9cnico La Fe<br \/>\nAvda. Fernando Abril Martorell, 106 Edif. H Direcci\u00f3n, Administraci\u00f3n,\u00a0 y Docencia, Planta -1. 46026, Valencia<br \/>\nCorreo electr\u00f3nico: <a href=\"mailto:romero_evacon@gva.es\" target=\"_blank\" rel=\"noopener\">romero_evacon@gva.es<\/a><\/p>\n<p><strong>Palabras Clave<\/strong>: sarampi\u00f3n; vacunaci\u00f3n; Servicios preventivos de salud; comunicaci\u00f3n en salud.<\/p>\n<p><strong>Keywords<\/strong>: measles; vaccination; preventive health services; health communication.<\/p>\n<p style=\"text-align: justify;\"><strong>Cita Art\u00edculo<\/strong>: La cita de este art\u00edculo es: Eva Romero Congosto et al. Sarampi\u00f3n: respuesta activa ante un brote epidemiologico en la Comunidad Valenciana. Rev Asoc Esp Espec Med Trab 2025; 34(3):271-283<\/p>\n<p style=\"text-align: right;\"><strong><em>Primer Premio de la Jornada de Vacunas <\/em><\/strong><strong><em>de la AEEMT celebrada en 2024<\/em><\/strong><\/p>\n<p style=\"text-align: justify;\">Acceso al PDF: <div class=\"button_wrapper \"><a  href=\"https:\/\/www.aeemt.org\/Revista_AEEMT\/VOL_34_N03_2025_SEP\/271-283%20Original_1.pdf\" target=\"_blank\" title=\"Sarampi\u00f3n: respuesta activa ante un brote epidemiol\u00f3gico en la Comunidad Valenciana\" class=\"button_  default medium\"><strong>PDF del Art\u00edculo<\/strong><\/a><\/div>\n<p><strong>RESUMEN.<\/strong><\/p>\n<p style=\"text-align: justify;\"><strong>Introducci\u00f3n:<\/strong> El sarampi\u00f3n es una enfermedad muy contagiosa con un riesgo alto de infecci\u00f3n en el personal sanitario. Los programas de vacunaci\u00f3n deben ser esenciales para las estrategias de salud laboral.<\/p>\n<p style=\"text-align: justify;\"><strong>Objetivo:<\/strong> El objetivo principal es evaluar la captaci\u00f3n del colectivo sanitario en la campa\u00f1a de vacunaci\u00f3n del Sarampi\u00f3n que puede estar desprotegido del departamento del Hospital Fe de Valencia (HUPLF).<\/p>\n<p style=\"text-align: justify;\"><strong>Material y M\u00e9todos:<\/strong> Estudio cuasi-experimental pre-post cuya muestra poblacional es el personal sanitario del HUPLF sin registro vacunal, con vacunaci\u00f3n incompleta o presencia de serolog\u00eda negativa frente al sarampi\u00f3n. Se han utilizados diversos canales de comunicaci\u00f3n en diferentes ocasiones junto con un mensaje motivacional.<\/p>\n<p style=\"text-align: justify;\"><strong>Resultados:<\/strong> La muestra la componen 616 trabajadores. Tras el primer mensaje se atendieron a 0,12 personas al d\u00eda. Tras el segundo mensaje acudieron 1,62. Tras las llamadas acudieron 9,48.<\/p>\n<p style=\"text-align: justify;\"><strong>Conclusi\u00f3n:<\/strong>. Es preciso poner en marcha estrategias m\u00e1s proactivas para la captaci\u00f3n del personal sanitario desde los servicios de prevenci\u00f3n de riesgos laborales (SPRL).<\/p>\n<p style=\"text-align: justify;\"><strong>Title: MEASLES: ACTIVE RESPONSE TO AN EPIDEMIOLOGICAL OUTBREAK IN THE VALENCIAN COMMUNITY<br \/>\n<\/strong><\/p>\n<p style=\"text-align: justify;\"><strong style=\"text-align: justify;\">Abstract:<\/strong><\/p>\n<p style=\"text-align: justify;\"><strong>Introduction:<\/strong> Measles is a highly contagious disease with a high risk of infection in healthcare personnel. Vaccination programs should be essential to occupational health strategies.<\/p>\n<p style=\"text-align: justify;\"><strong>Objetive:<\/strong> The main objective is to evaluate the recruitment of the health community in the Measles vaccination campaign that may be unprotected in the department of the Hospital Fe de Valencia ( HUPLF ).<\/p>\n<p style=\"text-align: justify;\"><strong>Material and Methods:<\/strong> Pre-post quasi-experimental study whose population sample is HUPLF health personnel without vaccination record or presence of negative serology against measles. Various communication channels have been used on different occasions along with a motivational message.<\/p>\n<p style=\"text-align: justify;\"><strong>Results:<\/strong> The sample is made up of 616 workers. After the first message, 0.12 people were served per day. After the second message, 1.62 came. After calls on 9,48.<\/p>\n<p style=\"text-align: justify;\"><strong>Conclusion:<\/strong>. It is necessary to implement more proactive strategies to recruit health personnel from occupational risk prevention services (SPRL).<\/p>\n<p>[\/vc_column_text][\/vc_column][\/vc_row]<\/p>\n","protected":false},"excerpt":{"rendered":"<p>[vc_row rt_row_background_width=\u00bbdefault\u00bb rt_row_style=\u00bbdefault-style\u00bb rt_row_borders=\u00bb\u00bb rt_row_paddings=\u00bbtrue\u00bb rt_bg_effect=\u00bbclassic\u00bb rt_bg_image_repeat=\u00bbrepeat\u00bb rt_bg_size=\u00bbcover\u00bb rt_bg_position=\u00bbright top\u00bb rt_bg_attachment=\u00bbscroll\u00bb rt_bg_video_format=\u00bbself-hosted\u00bb][vc_column rt_wrp_col_paddings=\u00bbfalse\u00bb rt_border_top=\u00bb\u00bb rt_border_bottom=\u00bb\u00bb rt_border_left=\u00bb\u00bb rt_border_right=\u00bb\u00bb rt_border_top_mobile=\u00bb\u00bb rt_border_bottom_mobile=\u00bb\u00bb rt_border_left_mobile=\u00bb\u00bb rt_border_right_mobile=\u00bb\u00bb rt_bg_image_repeat=\u00bbrepeat\u00bb rt_bg_size=\u00bbauto auto\u00bb rt_bg_position=\u00bbright top\u00bb rt_bg_attachment=\u00bbscroll\u00bb][\/vc_column][\/vc_row][vc_row rt_row_background_width=\u00bbdefault\u00bb rt_row_style=\u00bbdefault-style\u00bb rt_row_borders=\u00bb\u00bb [&hellip;]<\/p>\n","protected":false},"author":1,"featured_media":0,"parent":0,"menu_order":0,"comment_status":"closed","ping_status":"closed","template":"","meta":{"footnotes":""},"class_list":["post-72641","page","type-page","status-publish","hentry"],"_links":{"self":[{"href":"https:\/\/www.aeemt.org\/web\/wp-json\/wp\/v2\/pages\/72641"}],"collection":[{"href":"https:\/\/www.aeemt.org\/web\/wp-json\/wp\/v2\/pages"}],"about":[{"href":"https:\/\/www.aeemt.org\/web\/wp-json\/wp\/v2\/types\/page"}],"author":[{"embeddable":true,"href":"https:\/\/www.aeemt.org\/web\/wp-json\/wp\/v2\/users\/1"}],"replies":[{"embeddable":true,"href":"https:\/\/www.aeemt.org\/web\/wp-json\/wp\/v2\/comments?post=72641"}],"version-history":[{"count":3,"href":"https:\/\/www.aeemt.org\/web\/wp-json\/wp\/v2\/pages\/72641\/revisions"}],"predecessor-version":[{"id":72645,"href":"https:\/\/www.aeemt.org\/web\/wp-json\/wp\/v2\/pages\/72641\/revisions\/72645"}],"wp:attachment":[{"href":"https:\/\/www.aeemt.org\/web\/wp-json\/wp\/v2\/media?parent=72641"}],"curies":[{"name":"wp","href":"https:\/\/api.w.org\/{rel}","templated":true}]}}