{"id":7213,"date":"2019-06-11T17:00:27","date_gmt":"2019-06-11T17:00:27","guid":{"rendered":"http:\/\/www.aeemt.com\/web\/?page_id=7213"},"modified":"2019-06-11T17:00:27","modified_gmt":"2019-06-11T17:00:27","slug":"iv-simposio-nacional-de-vacunacion-en-el-ambito-laboral","status":"publish","type":"page","link":"https:\/\/www.aeemt.org\/web\/iv-simposio-nacional-de-vacunacion-en-el-ambito-laboral\/","title":{"rendered":"IV Simposio Nacional de  Vacunaci\u00f3n en el  \u00c1mbito Laboral"},"content":{"rendered":"<p>[vc_row rt_row_background_width=\u00bbdefault\u00bb rt_row_style=\u00bbdefault-style\u00bb rt_row_borders=\u00bb\u00bb rt_row_paddings=\u00bbtrue\u00bb rt_bg_effect=\u00bbclassic\u00bb rt_bg_image_repeat=\u00bbrepeat\u00bb rt_bg_size=\u00bbcover\u00bb rt_bg_position=\u00bbright top\u00bb rt_bg_attachment=\u00bbscroll\u00bb rt_bg_video_format=\u00bbself-hosted\u00bb][vc_column width=\u00bb1\/3&#8243; rt_wrp_col_paddings=\u00bbfalse\u00bb rt_border_top=\u00bb\u00bb rt_border_bottom=\u00bb\u00bb rt_border_left=\u00bb\u00bb rt_border_right=\u00bb\u00bb rt_border_top_mobile=\u00bb\u00bb rt_border_bottom_mobile=\u00bb\u00bb rt_border_left_mobile=\u00bb\u00bb rt_border_right_mobile=\u00bb\u00bb rt_bg_image_repeat=\u00bbrepeat\u00bb rt_bg_size=\u00bbauto auto\u00bb rt_bg_position=\u00bbright top\u00bb rt_bg_attachment=\u00bbscroll\u00bb][vc_column_text]<\/p>\n<p style=\"text-align: center;\"><span style=\"font-size: 14pt;\"><strong>Organiza<\/strong><\/span><\/p>\n<p style=\"text-align: center;\"><img loading=\"lazy\" decoding=\"async\" class=\"alignnone wp-image-3534 \" src=\"http:\/\/www.aeemt.com\/web\/wp-content\/uploads\/2017\/05\/logoDibujado-296x300.png\" alt=\"\" width=\"180\" height=\"183\" srcset=\"https:\/\/www.aeemt.org\/web\/wp-content\/uploads\/2017\/05\/logoDibujado-296x300.png 296w, https:\/\/www.aeemt.org\/web\/wp-content\/uploads\/2017\/05\/logoDibujado.png 402w\" sizes=\"(max-width: 180px) 100vw, 180px\" \/><\/p>\n<p style=\"text-align: center;\"><strong>Grupo Funcional de Vacunaci\u00f3n Laboral de la AEEMT<\/strong><\/p>\n<p>[\/vc_column_text][\/vc_column][vc_column width=\u00bb1\/3&#8243; rt_wrp_col_paddings=\u00bbfalse\u00bb rt_border_top=\u00bb\u00bb rt_border_bottom=\u00bb\u00bb rt_border_left=\u00bb\u00bb rt_border_right=\u00bb\u00bb rt_border_top_mobile=\u00bb\u00bb rt_border_bottom_mobile=\u00bb\u00bb rt_border_left_mobile=\u00bb\u00bb rt_border_right_mobile=\u00bb\u00bb rt_bg_image_repeat=\u00bbrepeat\u00bb rt_bg_size=\u00bbauto auto\u00bb rt_bg_position=\u00bbright top\u00bb rt_bg_attachment=\u00bbscroll\u00bb][vc_column_text]<\/p>\n<p style=\"text-align: center;\"><span style=\"font-size: 14pt;\"><strong>Patrocinan<\/strong><\/span><\/p>\n<p style=\"text-align: center;\"><a href=\"https:\/\/es.gsk.com\/\" target=\"_blank\" rel=\"noopener noreferrer\"><img loading=\"lazy\" decoding=\"async\" class=\"alignnone wp-image-5555\" src=\"http:\/\/www.aeemt.com\/web\/wp-content\/uploads\/2018\/05\/gsk.jpg\" alt=\"\" width=\"180\" height=\"155\" \/><\/a><\/p>\n<p>[\/vc_column_text][\/vc_column][vc_column width=\u00bb1\/3&#8243; rt_wrp_col_paddings=\u00bbfalse\u00bb rt_border_top=\u00bb\u00bb rt_border_bottom=\u00bb\u00bb rt_border_left=\u00bb\u00bb rt_border_right=\u00bb\u00bb rt_border_top_mobile=\u00bb\u00bb rt_border_bottom_mobile=\u00bb\u00bb rt_border_left_mobile=\u00bb\u00bb rt_border_right_mobile=\u00bb\u00bb rt_bg_image_repeat=\u00bbrepeat\u00bb rt_bg_size=\u00bbauto auto\u00bb rt_bg_position=\u00bbright top\u00bb rt_bg_attachment=\u00bbscroll\u00bb][vc_column_text]<\/p>\n<p style=\"text-align: center;\"><a href=\"https:\/\/www.pfizer.es\/\" target=\"_blank\" rel=\"noopener noreferrer\"><img loading=\"lazy\" decoding=\"async\" class=\"alignnone wp-image-5558\" src=\"http:\/\/www.aeemt.com\/web\/wp-content\/uploads\/2018\/05\/Pfizer.png\" alt=\"\" width=\"251\" height=\"251\" srcset=\"https:\/\/www.aeemt.org\/web\/wp-content\/uploads\/2018\/05\/Pfizer.png 400w, https:\/\/www.aeemt.org\/web\/wp-content\/uploads\/2018\/05\/Pfizer-300x300.png 300w, https:\/\/www.aeemt.org\/web\/wp-content\/uploads\/2018\/05\/Pfizer-100x100.png 100w, https:\/\/www.aeemt.org\/web\/wp-content\/uploads\/2018\/05\/Pfizer-150x150.png 150w\" sizes=\"(max-width: 251px) 100vw, 251px\" \/><\/a><\/p>\n<p>[\/vc_column_text][\/vc_column][\/vc_row][vc_row rt_row_background_width=\u00bbdefault\u00bb rt_row_style=\u00bbdefault-style\u00bb rt_row_borders=\u00bb\u00bb rt_row_paddings=\u00bbtrue\u00bb rt_bg_effect=\u00bbclassic\u00bb rt_bg_image_repeat=\u00bbrepeat\u00bb rt_bg_size=\u00bbcover\u00bb rt_bg_position=\u00bbright top\u00bb rt_bg_attachment=\u00bbscroll\u00bb rt_bg_video_format=\u00bbself-hosted\u00bb][vc_column rt_wrp_col_paddings=\u00bbfalse\u00bb rt_border_top=\u00bb\u00bb rt_border_bottom=\u00bb\u00bb rt_border_left=\u00bb\u00bb rt_border_right=\u00bb\u00bb rt_border_top_mobile=\u00bb\u00bb rt_border_bottom_mobile=\u00bb\u00bb rt_border_left_mobile=\u00bb\u00bb rt_border_right_mobile=\u00bb\u00bb rt_bg_image_repeat=\u00bbrepeat\u00bb rt_bg_size=\u00bbauto auto\u00bb rt_bg_position=\u00bbright top\u00bb rt_bg_attachment=\u00bbscroll\u00bb][vc_column_text]<\/p>\n<h2 class=\"entry-title\" style=\"text-align: justify;\">IV\u00a0Simposio Nacional de Vacunaci\u00f3n en el \u00c1mbito Laboral<\/h2>\n<p style=\"text-align: justify;\"><img loading=\"lazy\" decoding=\"async\" class=\"wp-image-7205 size-full alignleft\" src=\"https:\/\/www.aeemt.org\/pruebaweb\/wp-content\/uploads\/2019\/06\/Portada-IV-simposio-vacunas.jpg\" alt=\"\" width=\"430\" height=\"916\" srcset=\"https:\/\/www.aeemt.org\/web\/wp-content\/uploads\/2019\/06\/Portada-IV-simposio-vacunas.jpg 430w, https:\/\/www.aeemt.org\/web\/wp-content\/uploads\/2019\/06\/Portada-IV-simposio-vacunas-141x300.jpg 141w\" sizes=\"(max-width: 430px) 100vw, 430px\" \/><\/p>\n<p style=\"text-align: justify;\">La <strong>Asociaci\u00f3n Espa\u00f1ola de Especialistas en Medicina del Trabajo (AEEMT)<\/strong> y el <strong>Grupo Funcional de Vacunaci\u00f3n Laboral<\/strong> organiza, por cuarto a\u00f1o consecutivo, este Simposio con el objetivo de ser punto de encuentro de los<br \/>\ndiferentes profesionales con inter\u00e9s en esta materia.<\/p>\n<p>&nbsp;<\/p>\n<div style=\"text-align: justify;\"><strong>DIRECCI\u00d3N<\/strong>: <em><strong>D\u00aa Isabel M\u00aa Gal\u00e1n Mel\u00e9ndez<\/strong><\/em>. Especialista en Medicina del Trabajo. Hospital Fundaci\u00f3n Alcorc\u00f3n. Coordinadora del Grupo Funcional de Vacunas. AEEMT.<\/div>\n<p>&nbsp;<\/p>\n<div style=\"text-align: justify;\"><strong>COMIT\u00c9 CIENTIFICO<\/strong><\/div>\n<div style=\"text-align: justify;\">\n<p><strong>Presidenta<\/strong>: <em><strong>D\u00aa. Mariana Isabel Vargas Rom\u00e1n<\/strong><\/em>. Especialista en Medicina del Trabajo. Jefa de Departamento de Salud Laboral. Subdirecci\u00f3n Gral. de Recursos Humanos de la Polic\u00eda Municipal. Ayuntamiento de Madrid.<\/p>\n<p><strong>Miembros<\/strong>:<\/p>\n<p><em><strong>Luis Reinoso Barbero<\/strong><\/em>. Especialista en Medicina del Trabajo. Presidente de la AEEMT.<\/p>\n<p><em><strong>D\u00aa. Silvia O\u2019Connor P\u00e9rez.<\/strong><\/em> Especialista en Medicina del Trabajo. Hospital Universitario Cl\u00ednico San Carlos.<\/p>\n<\/div>\n<p>&nbsp;<\/p>\n<div style=\"text-align: justify;\"><strong>COMIT\u00c9 ORGANIZADOR<\/strong><\/div>\n<div style=\"text-align: justify;\">\n<p><strong>Presidente: <em>D. Vicente Arias D\u00edaz<\/em><\/strong>. Especialista en Medicina del Trabajo. Hospital Universitario 12 de Octubre. Junta Directiva AEEMT.<\/p>\n<p><strong>Miembros:<\/strong><\/p>\n<p><em><strong>Rafael Ce\u00f1a Callejo<\/strong><\/em>. Coordinador de la Unidad de Prevenci\u00f3n y Salud. Junta de Castilla y Le\u00f3n. AEEMT.<\/p>\n<p><em><strong>D\u00aa. Mercedes S\u00e1nchez G\u00f3mez<\/strong><\/em>. T\u00e9cnico de Prevenci\u00f3n de Riesgos Laborales.<\/p>\n<p>&nbsp;<\/p>\n<\/div>\n<p><strong>SECRETAR\u00cdA\u00a0 T\u00c9CNICA<\/strong><\/p>\n<p><em><strong>Miriam Cordero Vargas<\/strong><\/em>. Graduada en Enfermer\u00eda. Experto Universitario en Urgencias y Emergencias.<\/p>\n<p><em><strong>D\u00aa. Carlota L\u00f3pez-Ballinas Gal\u00e1n<\/strong><\/em>. Graduada en Administraci\u00f3n y Direcci\u00f3n de empresas, Marketing y Comunicaciones. Programa biling\u00fce Boston University.<\/p>\n<div style=\"text-align: justify;\"><\/div>\n<div style=\"text-align: justify;\"><strong>INFORMACI\u00d3N DE INTER\u00c9S<\/strong><\/div>\n<p style=\"text-align: justify;\">Fecha: <strong>21 de junio de 2019<\/strong><\/p>\n<p style=\"text-align: justify;\">Horario: 08:30 \u201317:30 horas.<\/p>\n<p style=\"text-align: justify;\">Inscripci\u00f3n gratuita y obligatoria on line: <strong><a title=\"Formulario de Inscripci\u00f3n del III Simposio de Vacunaci\u00f3n Laboral\" href=\"https:\/\/docs.google.com\/forms\/d\/11IEntu3AdbN0loe_dxBX-2YyoBsInwGcri5kXBjYwHU\/viewform?edit_requested=true\" target=\"_blank\" rel=\"noopener noreferrer\">Formulario de Inscripci\u00f3n del\u00a0IV Simposio de Vacunaci\u00f3n Laboral<\/a><\/strong><\/p>\n<p style=\"padding-left: 30px; text-align: justify;\">Plazas limitadas hasta completar aforo<\/p>\n<p style=\"padding-left: 30px; text-align: justify;\"><strong>Fecha l\u00edmite de inscripci\u00f3n: 12 de junio de 2018<\/strong><\/p>\n<p style=\"text-align: justify;\"><strong>RESUMEN DE ACTIVIDADES<\/strong><\/p>\n<p style=\"padding-left: 30px;\"><strong><span class=\"rt-icon icon-calendar-1 \"><\/span>\u00a0 Viernas 21 de Junio de 2018<\/strong><\/p>\n<p style=\"padding-left: 30px;\"><strong><span class=\"rt-icon icon-cog-1 \"><\/span>\u00a0<\/strong><strong>09:00 &#8211; 09:30.\u00a0Mesa Inaugural. Bienvenida y Presentaci\u00f3n.<\/strong><\/p>\n<p style=\"padding-left: 30px;\"><strong><span class=\"rt-icon icon-cog-1 \"><\/span><\/strong>\u00a0<strong>9:30 &#8211; 11:15. Mesa 1. Implicaciones legales y responsabilidades de la vacunaci\u00f3n a nivel internacional<\/strong><\/p>\n<p style=\"padding-left: 30px;\"><strong><span class=\"rt-icon icon-cog-1 \"><\/span><\/strong>\u00a0<strong>12:00 &#8211; 14:00. Mesa 2. Debate sobre fortalezas y debilidades de la vacunaci\u00f3n laboral.<\/strong><\/p>\n<p style=\"padding-left: 30px;\"><strong><span class=\"rt-icon icon-coffee \"><\/span><\/strong>\u00a0<strong>14:00 &#8211; 15:00.\u00a0<\/strong><strong>C\u00f3ctel .\u00a0<\/strong><strong>Sala de los Bons\u00e1is. <\/strong><strong>Real Jard\u00edn Bot\u00e1nico<\/strong><\/p>\n<p style=\"padding-left: 30px;\"><strong><span class=\"rt-icon icon-cog-1 \"><\/span><\/strong>\u00a0<strong>15:00 &#8211; 16:30.\u00a0<\/strong><strong>Mesa 3. Epidemiolog\u00eda de Enfermedades Emergentes.<\/strong><\/p>\n<p style=\"padding-left: 30px;\"><strong><span class=\"rt-icon icon-cog-1 \"><\/span><\/strong><strong>16:30-17:15.\u00a0Role Play: consulta para trabajadores vacunof\u00f3bicos. <\/strong><\/p>\n<p style=\"padding-left: 30px;\"><strong><span class=\"rt-icon icon-cog-1 \"><\/span><\/strong>\u00a0<strong>7:15 &#8211; 17:30<\/strong>.<strong> Clausura del Simposio<\/strong><\/p>\n<p style=\"text-align: justify;\">Puedes ver el programa completo del Simposio pulsando sobre el siguiente enlace: <strong>Programa del\u00a0IV Simposio de Vacunaci\u00f3n Laboral<\/strong><\/p>\n<p style=\"text-align: justify;\">Puedes descargar aqu\u00ed tambien el tr\u00edptico con el preprograma del\u00a0IV Simposio:<strong><a href=\"https:\/\/www.aeemt.org\/pruebaweb\/wp-content\/uploads\/2019\/06\/IV-SIMPOSIO-NACIONAL-DE-VACUNACION-EN-EL-AMBITO-LABORA.pdf\" target=\"_blank\" rel=\"noopener noreferrer\"> Tr\u00edptico del Programa en PDF<\/a><br \/>\n<\/strong><\/p>\n<p style=\"text-align: justify;\">Se enviar\u00e1 certificado de asistencia por email<\/p>\n<p style=\"text-align: justify;\">E-mail: <a href=\"mailto:vacunacionlaboral@gmail.com\" target=\"_blank\" rel=\"noopener noreferrer\">vacunacionlaboral@gmail.com<\/a><\/p>\n<p style=\"text-align: justify;\">Os recordamos que el <strong>lugar de celebraci\u00f3n<\/strong> del simposio en el <strong>Sal\u00f3n de Actos REAL JARD\u00cdN BOT\u00c1NICO. CONSEJO SUPERIOR DE INVESTIGACIONES CIENT\u00cdFICAS, C\/ Claudio Moyano, 1. 28014 Madrid<\/strong><\/p>\n<p><img loading=\"lazy\" decoding=\"async\" class=\"wp-image-7215 size-full aligncenter\" src=\"http:\/\/www.aeemt.com\/web\/wp-content\/uploads\/2019\/06\/Localizaci\u00f3n-Simposisio-vacunas-4.jpg\" alt=\"\" width=\"420\" height=\"281\" \/>[\/vc_column_text][\/vc_column][\/vc_row]<\/p>\n","protected":false},"excerpt":{"rendered":"<p>[vc_row rt_row_background_width=\u00bbdefault\u00bb rt_row_style=\u00bbdefault-style\u00bb rt_row_borders=\u00bb\u00bb rt_row_paddings=\u00bbtrue\u00bb rt_bg_effect=\u00bbclassic\u00bb rt_bg_image_repeat=\u00bbrepeat\u00bb rt_bg_size=\u00bbcover\u00bb rt_bg_position=\u00bbright top\u00bb rt_bg_attachment=\u00bbscroll\u00bb rt_bg_video_format=\u00bbself-hosted\u00bb][vc_column width=\u00bb1\/3&#8243; rt_wrp_col_paddings=\u00bbfalse\u00bb rt_border_top=\u00bb\u00bb rt_border_bottom=\u00bb\u00bb rt_border_left=\u00bb\u00bb rt_border_right=\u00bb\u00bb rt_border_top_mobile=\u00bb\u00bb rt_border_bottom_mobile=\u00bb\u00bb rt_border_left_mobile=\u00bb\u00bb rt_border_right_mobile=\u00bb\u00bb rt_bg_image_repeat=\u00bbrepeat\u00bb rt_bg_size=\u00bbauto auto\u00bb rt_bg_position=\u00bbright top\u00bb rt_bg_attachment=\u00bbscroll\u00bb][vc_column_text] Organiza Grupo [&hellip;]<\/p>\n","protected":false},"author":1,"featured_media":0,"parent":0,"menu_order":0,"comment_status":"closed","ping_status":"closed","template":"","meta":{"footnotes":""},"class_list":["post-7213","page","type-page","status-publish","hentry"],"_links":{"self":[{"href":"https:\/\/www.aeemt.org\/web\/wp-json\/wp\/v2\/pages\/7213"}],"collection":[{"href":"https:\/\/www.aeemt.org\/web\/wp-json\/wp\/v2\/pages"}],"about":[{"href":"https:\/\/www.aeemt.org\/web\/wp-json\/wp\/v2\/types\/page"}],"author":[{"embeddable":true,"href":"https:\/\/www.aeemt.org\/web\/wp-json\/wp\/v2\/users\/1"}],"replies":[{"embeddable":true,"href":"https:\/\/www.aeemt.org\/web\/wp-json\/wp\/v2\/comments?post=7213"}],"version-history":[{"count":0,"href":"https:\/\/www.aeemt.org\/web\/wp-json\/wp\/v2\/pages\/7213\/revisions"}],"wp:attachment":[{"href":"https:\/\/www.aeemt.org\/web\/wp-json\/wp\/v2\/media?parent=7213"}],"curies":[{"name":"wp","href":"https:\/\/api.w.org\/{rel}","templated":true}]}}