{"id":72012,"date":"2025-07-31T14:12:27","date_gmt":"2025-07-31T12:12:27","guid":{"rendered":"https:\/\/www.aeemt.org\/web\/?page_id=72012"},"modified":"2026-02-08T11:12:58","modified_gmt":"2026-02-08T10:12:58","slug":"solicitud-de-alta-online-en-la-aeemt","status":"publish","type":"page","link":"https:\/\/www.aeemt.org\/web\/solicitud-de-alta-online-en-la-aeemt\/","title":{"rendered":"Solicitud de Alta Online en la AEEMT"},"content":{"rendered":"<h2 style=\"text-align: justify;\">Ventajas de ser socio de la AEEMT<\/h2>\n<p style=\"text-align: justify;\">Ser socio de la AEEMT, adem\u00e1s de los beneficios estatutarios correspondientes supone una serie de ventajas, algunas de las cuales son:<\/p>\n<ul style=\"text-align: justify;\">\n<li>Acceso inmediato a texto completo de todos los art\u00edculos de la revista, y posibilidad de consultarlo a texto completo en Internet.<\/li>\n<li>Descuentos y otros beneficios en la participaci\u00f3n jornadas, simposio y Congreso Espa\u00f1ol de Medicina y Enfermer\u00eda del Trabajo.<\/li>\n<li>Participar en los programas de formaci\u00f3n continuada de la Asociaci\u00f3n.<\/li>\n<li>Acceso al \u00e1rea de socios de la web de la AEEMT.<\/li>\n<li>Posibilidad de colaborar en grupos funcionales sobre distintos aspectos relacionados con la Medicina del Trabajo.<\/li>\n<\/ul>\n<h2 style=\"text-align: justify;\">Requisitos imprescindibles para inscribirse como socio en la AEEMT<\/h2>\n<ul style=\"text-align: justify;\">\n<li>Cumplimentar todos los datos personales en el impreso de \u00abAlta Asociados\u00bb<\/li>\n<li>Cumplimentar los datos bancarios en el impreso de \u00abAlta Asociados\u00bb<\/li>\n<li>Fotocopia del t\u00edtulo de Especialista en Medicina del Trabajo.<br \/>\n<strong>La cuota anual es de 60 \u20ac.<\/strong><\/li>\n<\/ul>\n<p style=\"text-align: justify;\"><strong>RESIDENTES DE MEDICINA DEL TRABAJO<\/strong>: Inscripci\u00f3n gratuita durante todo el per\u00edodo de su residencia. EN el momento de su inscripci\u00f3n y anualmente, deber\u00e1n justificar que son residentes de Medicina del Trabajo mediante un documento acreditativo de su tutor o dispositivo docente o Unidad Docente.<\/p>\n<h2 style=\"text-align: center;\"><strong>Formulario de Solicitud de Alta Online en la AEEMT<\/strong><\/h2>\n<p style=\"text-align: center;\"><div class=\"button_wrapper  aligncenter\"><a  href=\"https:\/\/docs.google.com\/forms\/d\/e\/1FAIpQLSfzhqKllMZbdos42uofiRD2Df8tc61zbCx-RkPp4z6aKZiRCA\/viewform\" target=\"_blank\" title=\"Hazte socio\" class=\"button_  default medium\"><strong>Acceso al Formulario de alta<\/strong><\/a><\/div>\n<p>&nbsp;<\/p>\n<p style=\"text-align: justify;\">Gracias por unirte a la\u00a0<strong>AEEMT<\/strong>, nuestra Asociaci\u00f3n y ya,\u00a0<strong>tu\u00a0Asociaci\u00f3n<\/strong>.<\/p>\n","protected":false},"excerpt":{"rendered":"<p>Ventajas de ser socio de la AEEMT Ser socio de la AEEMT, adem\u00e1s de los beneficios estatutarios correspondientes supone una serie de ventajas, algunas de las cuales son: Acceso inmediato [&hellip;]<\/p>\n","protected":false},"author":1,"featured_media":0,"parent":0,"menu_order":0,"comment_status":"closed","ping_status":"closed","template":"","meta":{"footnotes":""},"class_list":["post-72012","page","type-page","status-publish","hentry"],"_links":{"self":[{"href":"https:\/\/www.aeemt.org\/web\/wp-json\/wp\/v2\/pages\/72012"}],"collection":[{"href":"https:\/\/www.aeemt.org\/web\/wp-json\/wp\/v2\/pages"}],"about":[{"href":"https:\/\/www.aeemt.org\/web\/wp-json\/wp\/v2\/types\/page"}],"author":[{"embeddable":true,"href":"https:\/\/www.aeemt.org\/web\/wp-json\/wp\/v2\/users\/1"}],"replies":[{"embeddable":true,"href":"https:\/\/www.aeemt.org\/web\/wp-json\/wp\/v2\/comments?post=72012"}],"version-history":[{"count":3,"href":"https:\/\/www.aeemt.org\/web\/wp-json\/wp\/v2\/pages\/72012\/revisions"}],"predecessor-version":[{"id":73541,"href":"https:\/\/www.aeemt.org\/web\/wp-json\/wp\/v2\/pages\/72012\/revisions\/73541"}],"wp:attachment":[{"href":"https:\/\/www.aeemt.org\/web\/wp-json\/wp\/v2\/media?parent=72012"}],"curies":[{"name":"wp","href":"https:\/\/api.w.org\/{rel}","templated":true}]}}