{"id":71062,"date":"2025-04-10T17:59:36","date_gmt":"2025-04-10T15:59:36","guid":{"rendered":"https:\/\/www.aeemt.org\/web\/?page_id=71062"},"modified":"2025-04-10T18:06:10","modified_gmt":"2025-04-10T16:06:10","slug":"caso-clinico-3-mdt-vol-34-n01-marzo-2025","status":"publish","type":"page","link":"https:\/\/www.aeemt.org\/web\/caso-clinico-3-mdt-vol-34-n01-marzo-2025\/","title":{"rendered":"Caso Cl\u00ednico 3 MDT Vol 34 N01 Marzo 2025"},"content":{"rendered":"<p>[vc_row rt_row_background_width=\u00bbdefault\u00bb rt_row_style=\u00bbdefault-style\u00bb rt_row_borders=\u00bb\u00bb rt_row_paddings=\u00bbtrue\u00bb rt_bg_effect=\u00bbclassic\u00bb rt_bg_image_repeat=\u00bbrepeat\u00bb rt_bg_size=\u00bbcover\u00bb rt_bg_position=\u00bbright top\u00bb rt_bg_attachment=\u00bbscroll\u00bb rt_bg_video_format=\u00bbself-hosted\u00bb][vc_column rt_wrp_col_paddings=\u00bbfalse\u00bb rt_border_top=\u00bb\u00bb rt_border_bottom=\u00bb\u00bb rt_border_left=\u00bb\u00bb rt_border_right=\u00bb\u00bb rt_border_top_mobile=\u00bb\u00bb rt_border_bottom_mobile=\u00bb\u00bb rt_border_left_mobile=\u00bb\u00bb rt_border_right_mobile=\u00bb\u00bb rt_bg_image_repeat=\u00bbrepeat\u00bb rt_bg_size=\u00bbauto auto\u00bb rt_bg_position=\u00bbright top\u00bb rt_bg_attachment=\u00bbscroll\u00bb]<div class=\"rt_heading_wrapper \">\n\t\t\t\t\t\t<h2 class=\"rt_heading  \" >Ensayo supervisado de reconversi\u00f3n profesional, una posibilidad real en Francia. A prop\u00f3sito de un caso<\/h2>\n\t\t\t\t\t<\/div>[\/vc_column][\/vc_row][vc_row rt_row_background_width=\u00bbdefault\u00bb rt_row_style=\u00bbdefault-style\u00bb rt_row_borders=\u00bb\u00bb rt_row_paddings=\u00bbtrue\u00bb rt_bg_effect=\u00bbclassic\u00bb rt_bg_image_repeat=\u00bbrepeat\u00bb rt_bg_size=\u00bbcover\u00bb rt_bg_position=\u00bbright top\u00bb rt_bg_attachment=\u00bbscroll\u00bb rt_bg_video_format=\u00bbself-hosted\u00bb][vc_column rt_wrp_col_paddings=\u00bbfalse\u00bb rt_border_top=\u00bb\u00bb rt_border_bottom=\u00bb\u00bb rt_border_left=\u00bb\u00bb rt_border_right=\u00bb\u00bb rt_border_top_mobile=\u00bb\u00bb rt_border_bottom_mobile=\u00bb\u00bb rt_border_left_mobile=\u00bb\u00bb rt_border_right_mobile=\u00bb\u00bb rt_bg_image_repeat=\u00bbrepeat\u00bb rt_bg_size=\u00bbauto auto\u00bb rt_bg_position=\u00bbright top\u00bb rt_bg_attachment=\u00bbscroll\u00bb][vc_column_text css=\u00bb\u00bb]<\/p>\n<p style=\"text-align: justify;\"><img loading=\"lazy\" decoding=\"async\" class=\" wp-image-70359 aligncenter\" src=\"https:\/\/www.aeemt.org\/web\/wp-content\/uploads\/2024\/09\/Revista_AEEMT_Cabecero-300x97.png\" alt=\"\" width=\"927\" height=\"300\" srcset=\"https:\/\/www.aeemt.org\/web\/wp-content\/uploads\/2024\/09\/Revista_AEEMT_Cabecero-300x97.png 300w, https:\/\/www.aeemt.org\/web\/wp-content\/uploads\/2024\/09\/Revista_AEEMT_Cabecero-768x248.png 768w, https:\/\/www.aeemt.org\/web\/wp-content\/uploads\/2024\/09\/Revista_AEEMT_Cabecero-600x193.png 600w, https:\/\/www.aeemt.org\/web\/wp-content\/uploads\/2024\/09\/Revista_AEEMT_Cabecero.png 934w\" sizes=\"(max-width: 927px) 100vw, 927px\" \/><\/p>\n<p style=\"text-align: justify;\">N\u00famero de la Revista: Vol. 34 &#8211; n\u00ba 01- Marzo 2025<\/p>\n<p><strong>Secci\u00f3n:<\/strong> Caso Cl\u00ednico<br \/>\n<strong>T\u00edtulo:<\/strong> Ensayo supervisado de reconversi\u00f3n profesional, una posibilidad real en Francia. A prop\u00f3sito de un caso<\/p>\n<p style=\"text-align: justify;\"><strong>Autores:<\/strong><\/p>\n<p><strong><em>Ambar Deschamps Perdomo<\/em><\/strong><strong><em><sup>(1)<\/sup><\/em><\/strong><\/p>\n<p><em><sup>1 <\/sup><\/em><em>OPSAT. Organismo de Prevenci\u00f3n y Salud en el Trabajo. Francia.<\/em><\/p>\n<p><strong>Correspondencia:<\/strong><\/p>\n<p><strong><em>Ambar Deschamps Perdomo<\/em><\/strong><\/p>\n<p>Direcci\u00f3n postal:\u00a0 7 rue de Ch\u00e2tillon, Viry Ch\u00e2tillon, Francia<br \/>\nCorreo electr\u00f3nico: <a href=\"mailto:ambardeschampsp@gmail.com\" target=\"_blank\" rel=\"noopener\">ambardeschampsp@gmail.com<\/a><\/p>\n<p><strong>Palabras Clave<\/strong>: Reconversi\u00f3n profesional; reincorporaci\u00f3n al trabajo desinserci\u00f3n profesional.<\/p>\n<p><strong>Keywords<\/strong>: Vocational retraining; return to work; professional disengagement<\/p>\n<p><strong>Cita Art\u00edculo<\/strong>: Ambar Deschamps Perdomo. Ensayo supervisado de reconversi\u00f3n profesional, una posibilidad real en Francia. A prop\u00f3sito de un caso. Rev Asoc Esp Espec Med Trab 2025; 34(1):87-92<\/p>\n<p style=\"text-align: justify;\">Acceso al PDF: <div class=\"button_wrapper \"><a  href=\"https:\/\/www.aeemt.org\/Revista_AEEMT\/VOL_34_N01_2025_MAR\/MDT%20ENERO%202025%20-%20CASOCLINICO%203.pdf\" target=\"_blank\" title=\"Ensayo supervisado de reconversi\u00f3n profesional, una posibilidad real en Francia. A prop\u00f3sito de un caso\" class=\"button_  default medium\"><strong>PDF del Art\u00edculo<\/strong><\/a><\/div>\n<p><strong>RESUMEN.<\/strong><\/p>\n<p style=\"text-align: justify;\"><strong>Introducci\u00f3n:<\/strong> El \u201cEnsayo supervisado de reconversi\u00f3n profesional\u201d se incluye entre las opciones que pueden llevarse a cabo para evitar la desinserci\u00f3n profesional.<\/p>\n<p style=\"text-align: justify;\"><strong>Objetivos:<\/strong> Dar visibilidad a una herramienta \u00fatil en la protecci\u00f3n de las personas trabajadoras especialmente sensibles.<\/p>\n<p style=\"text-align: justify;\"><strong>Material y M\u00e9todos:<\/strong> Permite poner en marcha por parte del M\u00e9dico del Trabajo acciones que permiten analizar las condiciones de trabajo y el estado de salud de la persona trabajadora, y establecer restricciones en la \u201cAptitud laboral\u201d para la realizaci\u00f3n de las actividades del puesto de trabajo.<\/p>\n<p style=\"text-align: justify;\"><strong>Resultados:<\/strong> Ayuda en el proceso de reincorporaci\u00f3n al trabajo, evaluando la compatibilidad entre el puesto y la salud y permite comprobar la capacidad del trabajador para volver a su antiguo puesto, probar uno nuevo, o bien, preparar un cambio de profesi\u00f3n o reconversi\u00f3n profesional.<\/p>\n<p style=\"text-align: justify;\"><strong>Conclusiones:<\/strong> Permite garantizar la continuidad en el medio laboral, y, por ende, previene la desinserci\u00f3n profesional.<\/p>\n<p style=\"text-align: justify;\"><strong>Title: <\/strong><strong>A SUPERVISED VOCATIONAL RETRAINING TRIAL, A REAL <\/strong><strong>POSSIBILITY IN FRANCE. A CASE STUDY<\/strong><\/p>\n<p style=\"text-align: justify;\"><strong style=\"text-align: justify;\">Abstract:<\/strong><\/p>\n<p style=\"text-align: justify;\"><strong>Introduction:<\/strong> The \u2018Supervised Vocational Retraining Trial\u2019 is included among the options that can be carried out to prevent occupational disengagement.<\/p>\n<p style=\"text-align: justify;\"><strong>Objectives:<\/strong> To give visibility to a useful tool in the protection of particularly sensitive workers.<\/p>\n<p style=\"text-align: justify;\"><strong>Material and Methods:<\/strong> It allows the occupational physician to implement actions that allow for the analysis of the working conditions and the state of health of the worker, and to establish restrictions in the \u2018Aptitud laboral\u2019 for the performance of the activities of the job.<\/p>\n<p style=\"text-align: justify;\"><strong>Results:<\/strong> It helps in the process of returning to work, assessing the compatibility between the job and health and allows checking the worker\u2019s ability to return to their old job, try a new one, or prepare a change of profession or professional reconversion.<\/p>\n<p style=\"text-align: justify;\"><strong>Conclusions:<\/strong> It makes it possible to guarantee continuity in the working environment, and therefore prevents occupational disintegration.<\/p>\n<p>[\/vc_column_text][\/vc_column][\/vc_row]<\/p>\n","protected":false},"excerpt":{"rendered":"<p>[vc_row rt_row_background_width=\u00bbdefault\u00bb rt_row_style=\u00bbdefault-style\u00bb rt_row_borders=\u00bb\u00bb rt_row_paddings=\u00bbtrue\u00bb rt_bg_effect=\u00bbclassic\u00bb rt_bg_image_repeat=\u00bbrepeat\u00bb rt_bg_size=\u00bbcover\u00bb rt_bg_position=\u00bbright top\u00bb rt_bg_attachment=\u00bbscroll\u00bb rt_bg_video_format=\u00bbself-hosted\u00bb][vc_column rt_wrp_col_paddings=\u00bbfalse\u00bb rt_border_top=\u00bb\u00bb rt_border_bottom=\u00bb\u00bb rt_border_left=\u00bb\u00bb rt_border_right=\u00bb\u00bb rt_border_top_mobile=\u00bb\u00bb rt_border_bottom_mobile=\u00bb\u00bb rt_border_left_mobile=\u00bb\u00bb rt_border_right_mobile=\u00bb\u00bb rt_bg_image_repeat=\u00bbrepeat\u00bb rt_bg_size=\u00bbauto auto\u00bb rt_bg_position=\u00bbright top\u00bb rt_bg_attachment=\u00bbscroll\u00bb][\/vc_column][\/vc_row][vc_row rt_row_background_width=\u00bbdefault\u00bb rt_row_style=\u00bbdefault-style\u00bb rt_row_borders=\u00bb\u00bb [&hellip;]<\/p>\n","protected":false},"author":1,"featured_media":0,"parent":0,"menu_order":0,"comment_status":"closed","ping_status":"closed","template":"","meta":{"footnotes":""},"class_list":["post-71062","page","type-page","status-publish","hentry"],"_links":{"self":[{"href":"https:\/\/www.aeemt.org\/web\/wp-json\/wp\/v2\/pages\/71062"}],"collection":[{"href":"https:\/\/www.aeemt.org\/web\/wp-json\/wp\/v2\/pages"}],"about":[{"href":"https:\/\/www.aeemt.org\/web\/wp-json\/wp\/v2\/types\/page"}],"author":[{"embeddable":true,"href":"https:\/\/www.aeemt.org\/web\/wp-json\/wp\/v2\/users\/1"}],"replies":[{"embeddable":true,"href":"https:\/\/www.aeemt.org\/web\/wp-json\/wp\/v2\/comments?post=71062"}],"version-history":[{"count":2,"href":"https:\/\/www.aeemt.org\/web\/wp-json\/wp\/v2\/pages\/71062\/revisions"}],"predecessor-version":[{"id":71064,"href":"https:\/\/www.aeemt.org\/web\/wp-json\/wp\/v2\/pages\/71062\/revisions\/71064"}],"wp:attachment":[{"href":"https:\/\/www.aeemt.org\/web\/wp-json\/wp\/v2\/media?parent=71062"}],"curies":[{"name":"wp","href":"https:\/\/api.w.org\/{rel}","templated":true}]}}