{"id":71058,"date":"2025-04-10T17:42:20","date_gmt":"2025-04-10T15:42:20","guid":{"rendered":"https:\/\/www.aeemt.org\/web\/?page_id=71058"},"modified":"2025-04-10T18:07:12","modified_gmt":"2025-04-10T16:07:12","slug":"caso-clinico-2-mdt-vol-34-n01-marzo-2025","status":"publish","type":"page","link":"https:\/\/www.aeemt.org\/web\/caso-clinico-2-mdt-vol-34-n01-marzo-2025\/","title":{"rendered":"Caso Cl\u00ednico 2 MDT Vol 34 N01 Marzo 2025"},"content":{"rendered":"<p>[vc_row rt_row_background_width=\u00bbdefault\u00bb rt_row_style=\u00bbdefault-style\u00bb rt_row_borders=\u00bb\u00bb rt_row_paddings=\u00bbtrue\u00bb rt_bg_effect=\u00bbclassic\u00bb rt_bg_image_repeat=\u00bbrepeat\u00bb rt_bg_size=\u00bbcover\u00bb rt_bg_position=\u00bbright top\u00bb rt_bg_attachment=\u00bbscroll\u00bb rt_bg_video_format=\u00bbself-hosted\u00bb][vc_column rt_wrp_col_paddings=\u00bbfalse\u00bb rt_border_top=\u00bb\u00bb rt_border_bottom=\u00bb\u00bb rt_border_left=\u00bb\u00bb rt_border_right=\u00bb\u00bb rt_border_top_mobile=\u00bb\u00bb rt_border_bottom_mobile=\u00bb\u00bb rt_border_left_mobile=\u00bb\u00bb rt_border_right_mobile=\u00bb\u00bb rt_bg_image_repeat=\u00bbrepeat\u00bb rt_bg_size=\u00bbauto auto\u00bb rt_bg_position=\u00bbright top\u00bb rt_bg_attachment=\u00bbscroll\u00bb]<div class=\"rt_heading_wrapper \">\n\t\t\t\t\t\t<h2 class=\"rt_heading  \" >Lipoma vs discopat\u00eda lumbar. Caso cl\u00ednico. \u00bfPodr\u00eda un lipoma ser incapacitante para el trabajo?<\/h2>\n\t\t\t\t\t<\/div>[\/vc_column][\/vc_row][vc_row rt_row_background_width=\u00bbdefault\u00bb rt_row_style=\u00bbdefault-style\u00bb rt_row_borders=\u00bb\u00bb rt_row_paddings=\u00bbtrue\u00bb rt_bg_effect=\u00bbclassic\u00bb rt_bg_image_repeat=\u00bbrepeat\u00bb rt_bg_size=\u00bbcover\u00bb rt_bg_position=\u00bbright top\u00bb rt_bg_attachment=\u00bbscroll\u00bb rt_bg_video_format=\u00bbself-hosted\u00bb][vc_column rt_wrp_col_paddings=\u00bbfalse\u00bb rt_border_top=\u00bb\u00bb rt_border_bottom=\u00bb\u00bb rt_border_left=\u00bb\u00bb rt_border_right=\u00bb\u00bb rt_border_top_mobile=\u00bb\u00bb rt_border_bottom_mobile=\u00bb\u00bb rt_border_left_mobile=\u00bb\u00bb rt_border_right_mobile=\u00bb\u00bb rt_bg_image_repeat=\u00bbrepeat\u00bb rt_bg_size=\u00bbauto auto\u00bb rt_bg_position=\u00bbright top\u00bb rt_bg_attachment=\u00bbscroll\u00bb][vc_column_text css=\u00bb\u00bb]<\/p>\n<p style=\"text-align: justify;\"><img loading=\"lazy\" decoding=\"async\" class=\" wp-image-70359 aligncenter\" src=\"https:\/\/www.aeemt.org\/web\/wp-content\/uploads\/2024\/09\/Revista_AEEMT_Cabecero-300x97.png\" alt=\"\" width=\"927\" height=\"300\" srcset=\"https:\/\/www.aeemt.org\/web\/wp-content\/uploads\/2024\/09\/Revista_AEEMT_Cabecero-300x97.png 300w, https:\/\/www.aeemt.org\/web\/wp-content\/uploads\/2024\/09\/Revista_AEEMT_Cabecero-768x248.png 768w, https:\/\/www.aeemt.org\/web\/wp-content\/uploads\/2024\/09\/Revista_AEEMT_Cabecero-600x193.png 600w, https:\/\/www.aeemt.org\/web\/wp-content\/uploads\/2024\/09\/Revista_AEEMT_Cabecero.png 934w\" sizes=\"(max-width: 927px) 100vw, 927px\" \/><\/p>\n<p style=\"text-align: justify;\">N\u00famero de la Revista: Vol. 34 &#8211; n\u00ba 01- Marzo 2025<\/p>\n<p><strong>Secci\u00f3n:<\/strong> Caso Cl\u00ednico<br \/>\n<strong>T\u00edtulo:<\/strong> Lipoma vs discopat\u00eda lumbar. Caso cl\u00ednico. \u00bfPodr\u00eda un lipoma ser incapacitante para el trabajo?<\/p>\n<p style=\"text-align: justify;\"><strong>Autores:<\/strong><\/p>\n<p><strong><em>Jose Nobrega de Franca<\/em><\/strong><strong><em><sup>(1)<\/sup><\/em><\/strong><strong><em>, Anny Jerez<\/em><\/strong><strong><em><sup>(2)<\/sup><\/em><\/strong><strong><em>, Asan Mollov<\/em><\/strong><strong><em><sup>(3)<\/sup><\/em><\/strong><strong><em>, Laura Otano<\/em><\/strong><strong><em><sup>(4)<\/sup><\/em><\/strong><strong><em>, Susana \u00c1lvarez<\/em><\/strong><strong><em><sup>(5)<\/sup><\/em><\/strong><strong><em>, Belen Asenjo<\/em><\/strong><strong><em><sup>(6)<\/sup><\/em><\/strong><\/p>\n<p><em><sup>1<\/sup><\/em><em>M\u00e9dico Interno Residente de Medicina del Trabajo, Unidad Docente Medicina del Trabajo de Navarra, Pamplona, <\/em><em><sup>\u00a0<\/sup><\/em><em>Navarra, Espa\u00f1a. https:\/\/orcid.org\/0000-0002-2831-5608<\/em><br \/>\n<em><sup>2<\/sup><\/em><em>M\u00e9dico Interno Residente de Medicina del Trabajo, Unidad Docente Medicina del Trabajo de Navarra, Pamplona, <\/em><em><sup>\u00a0<\/sup><\/em><em>Navarra, Espa\u00f1a.<\/em><br \/>\n<em><sup>3<\/sup><\/em><em>Especialista de Enfermer\u00eda del Trabajo en el Servicio de Prevenci\u00f3n de Riesgos Laborales, Servicio Navarro de Salud<\/em> <em>Osasunbidea, Pamplona, Navarra, Espa\u00f1a.<\/em><br \/>\n<em><sup>4<\/sup><\/em><em>Especialista de Enfermer\u00eda del Trabajo en el Servicio de Prevenci\u00f3n de Riesgos Laborales, Servicio Navarro de Salud<\/em> <em>Osasunbidea, Pamplona, Navarra, Espa\u00f1a.<\/em><br \/>\n<em><sup>5<\/sup><\/em><em>Especialista de Medicina del Trabajo en el Servicio de Prevenci\u00f3n de Riesgos Laborales, Servicio Navarro de Salud<\/em> <em>Osasunbidea, Pamplona, Navarra, Espa\u00f1a.<\/em><br \/>\n<em><sup>6<\/sup><\/em><em>Especialista de Medicina del Trabajo en el SServicio de Prevenci\u00f3n de Riesgos Laborales, Servicio Navarro de Salud<\/em> <em>Osasunbidea, Pamplona, Navarra, Espa\u00f1a.<\/em><\/p>\n<p><strong>Correspondencia:<\/strong><\/p>\n<p><strong><em>Jose Nobrega de Franca <\/em><\/strong><\/p>\n<p>Direcci\u00f3n postal: Servicio de Prevenci\u00f3n de Riesgos Laborales de Osasunbidea, C. de Irunlarrea, 3, 31008 Pamplona, Navarra.<br \/>\nCorreo electr\u00f3nico: <a href=\"mailto:ja.nobrega.defranca@navarra.es\" target=\"_blank\" rel=\"noopener\">ja.nobrega.defranca@navarra.es<\/a><\/p>\n<p><strong>Palabras Clave<\/strong>: Lipoma At\u00edpico; Nervio Ci\u00e1tico; Medicina del Trabajo.<\/p>\n<p><strong>Keywords<\/strong>: Atypical Lipoma; Sciatic Nerve; Occupational Medicine.<\/p>\n<p><strong>Cita Art\u00edculo<\/strong>: J Nobrega de Franca et al. Lipoma vs discopat\u00eda lumbar. \u00bfPodr\u00eda un lipoma ser incapacitante para el trabajo? Rev Asoc Esp Espec Med Trab 2025; 34(1):80-86<\/p>\n<p style=\"text-align: justify;\">Acceso al PDF: <div class=\"button_wrapper \"><a  href=\"https:\/\/www.aeemt.org\/Revista_AEEMT\/VOL_34_N01_2025_MAR\/MDT%20ENERO%202025%20-%20CASOCLINICO%202.pdf\" target=\"_blank\" title=\"Lipoma vs discopat\u00eda lumbar. Caso cl\u00ednico. \u00bfPodr\u00eda un lipoma ser incapacitante para el trabajo?\" class=\"button_  default medium\"><strong>PDF del Art\u00edculo<\/strong><\/a><\/div>\n<p><strong>RESUMEN.<\/strong><\/p>\n<p style=\"text-align: justify;\"><strong>Introducci\u00f3n:<\/strong> La sintomatolog\u00eda de dolor lumbar que irradia a piernas suele conllevar al diagn\u00f3stico de patolog\u00eda discal y neuropat\u00eda del ci\u00e1tico, siendo esta una de las principales causas de incapacidad laboral. Sin embargo, ante una cl\u00ednica persistente que incapacita para el trabajo y la vida cotidiana se debe pensar en otras etiolog\u00edas.<\/p>\n<p style=\"text-align: justify;\"><strong>Descripci\u00f3n del caso cl\u00ednico:<\/strong> Se comunica el caso cl\u00ednico de una trabajadora de limpieza de 52 a\u00f1os con lumboci\u00e1tica incapacitante asociada a un lipoma gigante en el agujero ci\u00e1tico. La compresi\u00f3n nerviosa extr\u00ednseca por tumores es poco frecuente y pueden causar una morbilidad significativa debido a la compresi\u00f3n del nervio ci\u00e1tico.<\/p>\n<p style=\"text-align: justify;\"><strong>Discusi\u00f3n:<\/strong> El retraso del diagn\u00f3stico de una enfermedad en persona en edad laboral podr\u00eda tener consecuencias graves, incluida la p\u00e9rdida del empleo, si la enfermedad afecta la capacidad funcional necesaria para el desempe\u00f1o laboral. Es primordial que se tomen medidas para abordar estas situaciones de manera oportuna<\/p>\n<p style=\"text-align: justify;\"><strong>Title: <\/strong><strong>LIPOMA VS. LUMBAR DISC DISEASE. CLINICAL CASE. <\/strong><strong>COULD A LIPOMA BE DISABLING FOR WORK?<\/strong><\/p>\n<p style=\"text-align: justify;\"><strong style=\"text-align: justify;\">Abstract:<\/strong><\/p>\n<p style=\"text-align: justify;\"><strong>Introduction:<\/strong> Symptoms of low back pain radiating to the legs often lead to a diagnosis of disc pathology and sciatic neuropathy, which is one of the main causes of work disability. However, when the patient has persistent symptoms that incapacitate him or her for work and daily life, other etiologies should be considered.<\/p>\n<p style=\"text-align: justify;\"><strong>Clinical case description:<\/strong> We report the clinical case of a 52-yearold cleaning worker with disabling lumbosciatica associated with a giant lipoma in the sciatic foramen. Extrinsic nerve compression by tumors is rare and can cause significant morbidity due to compression of the sciatic nerve.<\/p>\n<p style=\"text-align: justify;\"><strong>Discussion:<\/strong> Delaying the diagnosis of a disease in a person of working age could have serious consequences, including loss of employment, if the disease affects the functional capacity necessary for work performance. It is essential that measures be taken to address these situations in a timely manner.<\/p>\n<p>[\/vc_column_text][\/vc_column][\/vc_row]<\/p>\n","protected":false},"excerpt":{"rendered":"<p>[vc_row rt_row_background_width=\u00bbdefault\u00bb rt_row_style=\u00bbdefault-style\u00bb rt_row_borders=\u00bb\u00bb rt_row_paddings=\u00bbtrue\u00bb rt_bg_effect=\u00bbclassic\u00bb rt_bg_image_repeat=\u00bbrepeat\u00bb rt_bg_size=\u00bbcover\u00bb rt_bg_position=\u00bbright top\u00bb rt_bg_attachment=\u00bbscroll\u00bb rt_bg_video_format=\u00bbself-hosted\u00bb][vc_column rt_wrp_col_paddings=\u00bbfalse\u00bb rt_border_top=\u00bb\u00bb rt_border_bottom=\u00bb\u00bb rt_border_left=\u00bb\u00bb rt_border_right=\u00bb\u00bb rt_border_top_mobile=\u00bb\u00bb rt_border_bottom_mobile=\u00bb\u00bb rt_border_left_mobile=\u00bb\u00bb rt_border_right_mobile=\u00bb\u00bb rt_bg_image_repeat=\u00bbrepeat\u00bb rt_bg_size=\u00bbauto auto\u00bb rt_bg_position=\u00bbright top\u00bb rt_bg_attachment=\u00bbscroll\u00bb][\/vc_column][\/vc_row][vc_row rt_row_background_width=\u00bbdefault\u00bb rt_row_style=\u00bbdefault-style\u00bb rt_row_borders=\u00bb\u00bb [&hellip;]<\/p>\n","protected":false},"author":1,"featured_media":0,"parent":0,"menu_order":0,"comment_status":"closed","ping_status":"closed","template":"","meta":{"footnotes":""},"class_list":["post-71058","page","type-page","status-publish","hentry"],"_links":{"self":[{"href":"https:\/\/www.aeemt.org\/web\/wp-json\/wp\/v2\/pages\/71058"}],"collection":[{"href":"https:\/\/www.aeemt.org\/web\/wp-json\/wp\/v2\/pages"}],"about":[{"href":"https:\/\/www.aeemt.org\/web\/wp-json\/wp\/v2\/types\/page"}],"author":[{"embeddable":true,"href":"https:\/\/www.aeemt.org\/web\/wp-json\/wp\/v2\/users\/1"}],"replies":[{"embeddable":true,"href":"https:\/\/www.aeemt.org\/web\/wp-json\/wp\/v2\/comments?post=71058"}],"version-history":[{"count":3,"href":"https:\/\/www.aeemt.org\/web\/wp-json\/wp\/v2\/pages\/71058\/revisions"}],"predecessor-version":[{"id":71065,"href":"https:\/\/www.aeemt.org\/web\/wp-json\/wp\/v2\/pages\/71058\/revisions\/71065"}],"wp:attachment":[{"href":"https:\/\/www.aeemt.org\/web\/wp-json\/wp\/v2\/media?parent=71058"}],"curies":[{"name":"wp","href":"https:\/\/api.w.org\/{rel}","templated":true}]}}