{"id":70871,"date":"2025-01-22T16:41:20","date_gmt":"2025-01-22T15:41:20","guid":{"rendered":"https:\/\/www.aeemt.org\/web\/?page_id=70871"},"modified":"2025-01-22T16:53:56","modified_gmt":"2025-01-22T15:53:56","slug":"original-1-mdt-vol33-n4-diciembre-2024","status":"publish","type":"page","link":"https:\/\/www.aeemt.org\/web\/original-1-mdt-vol33-n4-diciembre-2024\/","title":{"rendered":"Original 1 MDT VOL33 N4 Diciembre 2024"},"content":{"rendered":"<p>[vc_row rt_row_background_width=\u00bbdefault\u00bb rt_row_style=\u00bbdefault-style\u00bb rt_row_borders=\u00bb\u00bb rt_row_paddings=\u00bbtrue\u00bb rt_bg_effect=\u00bbclassic\u00bb rt_bg_image_repeat=\u00bbrepeat\u00bb rt_bg_size=\u00bbcover\u00bb rt_bg_position=\u00bbright top\u00bb rt_bg_attachment=\u00bbscroll\u00bb rt_bg_video_format=\u00bbself-hosted\u00bb][vc_column rt_wrp_col_paddings=\u00bbfalse\u00bb rt_border_top=\u00bb\u00bb rt_border_bottom=\u00bb\u00bb rt_border_left=\u00bb\u00bb rt_border_right=\u00bb\u00bb rt_border_top_mobile=\u00bb\u00bb rt_border_bottom_mobile=\u00bb\u00bb rt_border_left_mobile=\u00bb\u00bb rt_border_right_mobile=\u00bb\u00bb rt_bg_image_repeat=\u00bbrepeat\u00bb rt_bg_size=\u00bbauto auto\u00bb rt_bg_position=\u00bbright top\u00bb rt_bg_attachment=\u00bbscroll\u00bb]<div class=\"rt_heading_wrapper \">\n\t\t\t\t\t\t<h2 class=\"rt_heading  \" >Bienestar emocional y marcadores inflamatorios en personal sanitario. Estudio transversal<\/h2>\n\t\t\t\t\t<\/div>[\/vc_column][\/vc_row][vc_row rt_row_background_width=\u00bbdefault\u00bb rt_row_style=\u00bbdefault-style\u00bb rt_row_borders=\u00bb\u00bb rt_row_paddings=\u00bbtrue\u00bb rt_bg_effect=\u00bbclassic\u00bb rt_bg_image_repeat=\u00bbrepeat\u00bb rt_bg_size=\u00bbcover\u00bb rt_bg_position=\u00bbright top\u00bb rt_bg_attachment=\u00bbscroll\u00bb rt_bg_video_format=\u00bbself-hosted\u00bb][vc_column rt_wrp_col_paddings=\u00bbfalse\u00bb rt_border_top=\u00bb\u00bb rt_border_bottom=\u00bb\u00bb rt_border_left=\u00bb\u00bb rt_border_right=\u00bb\u00bb rt_border_top_mobile=\u00bb\u00bb rt_border_bottom_mobile=\u00bb\u00bb rt_border_left_mobile=\u00bb\u00bb rt_border_right_mobile=\u00bb\u00bb rt_bg_image_repeat=\u00bbrepeat\u00bb rt_bg_size=\u00bbauto auto\u00bb rt_bg_position=\u00bbright top\u00bb rt_bg_attachment=\u00bbscroll\u00bb][vc_column_text css=\u00bb\u00bb]<\/p>\n<p style=\"text-align: justify;\"><img loading=\"lazy\" decoding=\"async\" class=\" wp-image-70359 aligncenter\" src=\"https:\/\/www.aeemt.org\/web\/wp-content\/uploads\/2024\/09\/Revista_AEEMT_Cabecero-300x97.png\" alt=\"\" width=\"927\" height=\"300\" srcset=\"https:\/\/www.aeemt.org\/web\/wp-content\/uploads\/2024\/09\/Revista_AEEMT_Cabecero-300x97.png 300w, https:\/\/www.aeemt.org\/web\/wp-content\/uploads\/2024\/09\/Revista_AEEMT_Cabecero-768x248.png 768w, https:\/\/www.aeemt.org\/web\/wp-content\/uploads\/2024\/09\/Revista_AEEMT_Cabecero-600x193.png 600w, https:\/\/www.aeemt.org\/web\/wp-content\/uploads\/2024\/09\/Revista_AEEMT_Cabecero.png 934w\" sizes=\"(max-width: 927px) 100vw, 927px\" \/><\/p>\n<p style=\"text-align: justify;\">N\u00famero de la Revista: Vol. 33 &#8211; n\u00ba 04- Diciembre 2024<\/p>\n<p><strong>Secci\u00f3n:<\/strong>\u00a0Original<br \/>\n<strong>T\u00edtulo:<\/strong> Bienestar emocional y marcadores inflamatorios en personal sanitario. Estudio transversal<\/p>\n<p style=\"text-align: justify;\"><strong>Autores:<\/strong><\/p>\n<p><strong><em>Meritxell Ciria Roca<\/em><\/strong><strong><em><sup>(1)<\/sup><\/em><\/strong><strong><em>, Laura Torrente Salvador<\/em><\/strong><strong><em><sup>(2)<\/sup><\/em><\/strong><strong><em>, Isabel Fern\u00e1ndez-Diez<\/em><\/strong><strong><em><sup>(3)<\/sup><\/em><\/strong><strong><em>, Josep Maria Molina Aragones<\/em><\/strong><strong><em><sup>(4)<\/sup><\/em><\/strong><\/p>\n<p><em><sup>1 <\/sup><\/em><em>Enfermera especialista en Enfermer\u00eda del Trabajo. Salud laboral.\u00a0 Parc Sanitari Sant Joan de D\u00e9u.\u00a0 Sant Boi de Llobregat.<\/em><br \/>\n<em><sup>2<\/sup><\/em><em>T\u00e9cnica administrativa. Salud laboral.\u00a0 Parc Sanitari Sant Joan de D\u00e9u. Sant Boi de Llobregat. <\/em><em><sup>\u00a0<\/sup><\/em><br \/>\n<em><sup>3<\/sup><\/em><em>Enfermera especialista en Enfermer\u00eda del Trabajo. Salud laboral. Parc Sanitari Sant Joan de D\u00e9u. <\/em><em>Sant Boi de Llobregat.<\/em><br \/>\n<em><sup>4<\/sup><\/em><em>M\u00e9dico especialista Medicina del Trabajo. Salud laboral.\u00a0 Parc Sanitari Sant Joan de D\u00e9u. Sant Boi de Llobregat. <\/em><em><sup>\u00a0<\/sup><\/em><\/p>\n<p><strong>Correspondencia:<\/strong><\/p>\n<p><strong><em>Meritxell Ciria Roca <\/em><\/strong><\/p>\n<p>Direcci\u00f3n: Parc Sanitari Sant Joan de D\u00e9u.\u00a0 C\/ del Dr. Antoni Pujadas, 42<br \/>\n08830\u00a0 Sant Boi de Llobregat, Barcelona, Espa\u00f1a<br \/>\nCorreo electr\u00f3nico: <a href=\"mailto:meritxell.ciria@sjd.es\" target=\"_blank\" rel=\"noopener\">meritxell.ciria@sjd.es<\/a><\/p>\n<p><strong>Palabras Clave<\/strong>: Salud Laboral; Inflamaci\u00f3n; Bienestar Emocional<\/p>\n<p><strong>Keywords<\/strong>: Occupational Health; Inflammation; Psychological Well-Being<\/p>\n<p style=\"text-align: justify;\"><strong>Cita Art\u00edculo<\/strong>: Meritxell Ciria Roca et al. Bienestar emocional y marcadores inflamatorios en personal sanitario. Estudio transversal. Rev Asoc Esp Espec Med Trab 2024; 33(4):369-377<\/p>\n<p style=\"text-align: justify;\">Acceso al PDF: <div class=\"button_wrapper \"><a  href=\"https:\/\/www.aeemt.org\/Revista_AEEMT\/VOL_33_N04_2024_DIC\/370-378%20Original_1.pdf\" target=\"_blank\" title=\"Bienestar emocional y marcadores inflamatorios en personal sanitario. Estudio transversal\" class=\"button_  default medium\"><strong>PDF del Art\u00edculo<\/strong><\/a><\/div>\n<p><strong>RESUMEN.<\/strong><\/p>\n<p style=\"text-align: justify;\"><strong>Objetivos:<\/strong> Establecer la relaci\u00f3n entre bienestar emocional y marcadores inflamatorios inespec\u00edficos, concretamente PCR y n\u00famero total de leucocitos.<\/p>\n<p style=\"text-align: justify;\"><strong>Material y M\u00e9todos:<\/strong> Estudio descriptivo transversal, en el que se analizan los resultados de cuestionarios GHQ-12, valores de leucocitos y prote\u00edna C reactiva obtenidos en muestras sangu\u00edneas de 122 trabajadoras\/es sanitarias\/os.<\/p>\n<p style=\"text-align: justify;\"><strong>Resultados:<\/strong> La distribuci\u00f3n de los leucocitos ha sido de 6,2 \u00b1 1,8 leucocitos 103\/mm3 y la de PCR de 28,8 \u00b1 7,4 mg\/L. Los resultados de GHQ-12 se han valorado de manera dicot\u00f3mica siendo patol\u00f3gico (&gt;2 puntos) en 34 de los casos.<\/p>\n<p style=\"text-align: justify;\"><strong>Conclusiones:<\/strong> No se evidencia relaci\u00f3n entre marcadores inflamatorios y bienestar emocional. La literatura es heterog\u00e9nea respecto a la evidencia de esta asociaci\u00f3n. Algunos autores sugieren modelos que incluyan este tipo de marcadores, que podr\u00edan ser predictores de la aparici\u00f3n de patolog\u00edas vinculadas a procesos inflamatorios de baja intensidad.<\/p>\n<p style=\"text-align: justify;\"><strong>Title: <\/strong><strong>WELL-BEING AND INFLAMMATORY MARKERS IN HEALTHCARE PERSONNEL. CROSS-SECTIONAL STUDY.<\/strong><\/p>\n<p style=\"text-align: justify;\"><strong style=\"text-align: justify;\">Abstract:<\/strong><\/p>\n<p style=\"text-align: justify;\"><strong>Objectives:<\/strong> To establish the relationship between emotional wellbeing and non-specific inflammatory markers, specifically CRP and total number of leukocytes.<\/p>\n<p style=\"text-align: justify;\"><strong>Material and Methods:<\/strong> Cross-sectional descriptive study, in which the results of GHQ-12 questionnaires, leukocyte and C-reactive protein values obtained in blood samples from 122 health workers are analysed.<\/p>\n<p style=\"text-align: justify;\"><strong>Results:<\/strong> The distribution of leukocytes was 6,2 \u00b1 1,8 leukocytes 103\/mm3 and the PCR was 28,8 \u00b1 7,4 mg\/L. The GHQ-12 results have been assessed dichotomously, being pathological (&gt;2 points) in 34 of the cases.<\/p>\n<p style=\"text-align: justify;\"><strong>Conclusions:<\/strong> There is no relationship between inflammatory markers and emotional well-being. The literature is heterogeneous regarding the evidence of this association. Some authors suggest models that include this type of markers, which could be predictors for the appearance of pathologies related to lowintensity inflammatory processes.<\/p>\n<p>[\/vc_column_text][\/vc_column][\/vc_row]<\/p>\n","protected":false},"excerpt":{"rendered":"<p>[vc_row rt_row_background_width=\u00bbdefault\u00bb rt_row_style=\u00bbdefault-style\u00bb rt_row_borders=\u00bb\u00bb rt_row_paddings=\u00bbtrue\u00bb rt_bg_effect=\u00bbclassic\u00bb rt_bg_image_repeat=\u00bbrepeat\u00bb rt_bg_size=\u00bbcover\u00bb rt_bg_position=\u00bbright top\u00bb rt_bg_attachment=\u00bbscroll\u00bb rt_bg_video_format=\u00bbself-hosted\u00bb][vc_column rt_wrp_col_paddings=\u00bbfalse\u00bb rt_border_top=\u00bb\u00bb rt_border_bottom=\u00bb\u00bb rt_border_left=\u00bb\u00bb rt_border_right=\u00bb\u00bb rt_border_top_mobile=\u00bb\u00bb rt_border_bottom_mobile=\u00bb\u00bb rt_border_left_mobile=\u00bb\u00bb rt_border_right_mobile=\u00bb\u00bb rt_bg_image_repeat=\u00bbrepeat\u00bb rt_bg_size=\u00bbauto auto\u00bb rt_bg_position=\u00bbright top\u00bb rt_bg_attachment=\u00bbscroll\u00bb][\/vc_column][\/vc_row][vc_row rt_row_background_width=\u00bbdefault\u00bb rt_row_style=\u00bbdefault-style\u00bb rt_row_borders=\u00bb\u00bb [&hellip;]<\/p>\n","protected":false},"author":1,"featured_media":0,"parent":0,"menu_order":0,"comment_status":"closed","ping_status":"closed","template":"","meta":{"footnotes":""},"class_list":["post-70871","page","type-page","status-publish","hentry"],"_links":{"self":[{"href":"https:\/\/www.aeemt.org\/web\/wp-json\/wp\/v2\/pages\/70871"}],"collection":[{"href":"https:\/\/www.aeemt.org\/web\/wp-json\/wp\/v2\/pages"}],"about":[{"href":"https:\/\/www.aeemt.org\/web\/wp-json\/wp\/v2\/types\/page"}],"author":[{"embeddable":true,"href":"https:\/\/www.aeemt.org\/web\/wp-json\/wp\/v2\/users\/1"}],"replies":[{"embeddable":true,"href":"https:\/\/www.aeemt.org\/web\/wp-json\/wp\/v2\/comments?post=70871"}],"version-history":[{"count":3,"href":"https:\/\/www.aeemt.org\/web\/wp-json\/wp\/v2\/pages\/70871\/revisions"}],"predecessor-version":[{"id":70876,"href":"https:\/\/www.aeemt.org\/web\/wp-json\/wp\/v2\/pages\/70871\/revisions\/70876"}],"wp:attachment":[{"href":"https:\/\/www.aeemt.org\/web\/wp-json\/wp\/v2\/media?parent=70871"}],"curies":[{"name":"wp","href":"https:\/\/api.w.org\/{rel}","templated":true}]}}