{"id":7070,"date":"2019-04-26T14:11:38","date_gmt":"2019-04-26T14:11:38","guid":{"rendered":"http:\/\/www.aeemt.com\/web\/?page_id=7070"},"modified":"2025-06-22T21:06:24","modified_gmt":"2025-06-22T19:06:24","slug":"enciclopedia-practica-de-medicina-del-trabajo","status":"publish","type":"page","link":"https:\/\/www.aeemt.org\/web\/enciclopedia-practica-de-medicina-del-trabajo\/","title":{"rendered":"Enciclopedia pr\u00e1ctica de Medicina del Trabajo"},"content":{"rendered":"<p><a href=\"https:\/\/www.insst.es\/documents\/94886\/599872\/Enciclopedia_practica_de_Medicina_del_Trabajo.pdf\/0f326557-3547-44a4-995d-92a8f9c90aae?t=1560125712066\" target=\"_blank\" rel=\"noopener noreferrer\"><img loading=\"lazy\" decoding=\"async\" class=\"alignnone wp-image-7077 aligncenter\" src=\"http:\/\/www.aeemt.com\/web\/wp-content\/uploads\/2019\/04\/Portada-enciclopedia-2.jpg\" alt=\"\" width=\"321\" height=\"389\" srcset=\"https:\/\/www.aeemt.org\/web\/wp-content\/uploads\/2019\/04\/Portada-enciclopedia-2.jpg 635w, https:\/\/www.aeemt.org\/web\/wp-content\/uploads\/2019\/04\/Portada-enciclopedia-2-600x729.jpg 600w, https:\/\/www.aeemt.org\/web\/wp-content\/uploads\/2019\/04\/Portada-enciclopedia-2-247x300.jpg 247w\" sizes=\"(max-width: 321px) 100vw, 321px\" \/><\/a><\/p>\n<p>Ponemos a disposici\u00f3n de nuestros suscriptores la \u00ab<strong>Enciclopedia pr\u00e1ctica de Medicina del Trabajo\u00bb<\/strong>, editada por el\u00a0<em><strong>Instituto Nacional de Seguridad y Salud en el Trabajo (INSST), O.A., M.P.<\/strong><\/em><\/p>\n<div class=\"button_wrapper  aligncenter\"><a  href=\"https:\/\/www.aeemt.org\/\/Documentos%20AEEMT\/Enciclopedia_practica_de_Medicina_del_Trabajo.pdf\" target=\"_blank\" title=\"Enciclopedia pr\u00e1ctica de Medicina del Trabajo\" class=\"button_  default medium\"><strong>Enciclopedia pr\u00e1ctica de Medicina del Trabajo en PDF<\/strong><\/a><\/div>\n\n\t\t<div  class=\"info_box margin-b20 clearfix info info\" data-rt-animate=\"animate\" data-rt-animation-type=\"fadeInDown\" data-rt-animation-group=\"single\">\n\t\t\t<span class=\"icon-cancel\"><\/span>\n\t\t\t<p class=\"icon-info-circled\">\n\t\t\t\t<em><b>Advertimos a nuestros usuarios que debido a la extensi\u00f3n de la obra, m\u00e1s de 4.000 p\u00e1ginas, la carga completa del documento puede tardar entre uno y varios minutos, dependiendo de la velocidad de conexi\u00f3n que teng\u00e1is<\/b><\/em>\n\t\t\t<\/p>\n\t\t<\/div>\n\t\n<p><strong>Resumen de la obra<\/strong><\/p>\n<p><strong>T\u00edtulo<\/strong>: Enciclopedia pr\u00e1ctica de Medicina del Trabajo<br \/>\n<strong>Autor<\/strong>: Instituto Nacional de Seguridad y Salud en el Trabajo (INSST), O.A., M.P.<br \/>\n<strong>Direcci\u00f3n y Coordinaci\u00f3n<\/strong>: <em>M\u00aa Te\u00f3fila Vicente Herrero<\/em> Doctora en Medicina &#8211; Universidad de Valencia. Especialista en Medicina del Trabajo Responsable de Medicina del Trabajo. Servicio de Prevenci\u00f3n Propio en Grupo Correos. Valencia y Castell\u00f3n<br \/>\n<strong>Edita<\/strong>: Instituto Nacional de Seguridad y Salud en el Trabajo (INSST), O.A., M.P. C\/ Torrelaguna 73, 28027 Madrid Tel. 91 363 41 00, fax 91 363 43 27 www.insst.es<br \/>\n<strong>Composici\u00f3n<\/strong>: Servicio de Ediciones y Publicaciones del INSST<br \/>\n<strong>Edici\u00f3n<\/strong>: Madrid, diciembre 2018<br \/>\n<strong>NIPO<\/strong> (en l\u00ednea): 276-18-073-6<\/p>\n<p class=\"catalogue-detail-request__summary__title\"><b>Resumen<\/b><\/p>\n<div>\n<p>Esta Enciclopedia Pr\u00e1ctica de Medicina del Trabajo pretende servir como material de consulta, no solo a los Especialistas de Medicina del Trabajo, tambi\u00e9n al conjunto de los profesionales, sanitarios o no, interesados en la seguridad y salud en el trabajo.<\/p>\n<p>Sus 3 vol\u00famenes, con 20 cuadernos, han sido redactados por 60 especialistas que, a lo largo de m\u00e1s de 4000 p\u00e1ginas, recogen lo esencial en el manejo de las enfermedades relacionadas con el mundo del trabajo.<\/p>\n<p><strong>Abstract<\/strong><\/p>\n<p>This Practical Encyclopedia of Occupational Medicine aims to serve as a reference material, not only to Occupational Medicine Specialists, but also to all professionals, medical or not, interested in occupational safety and health.<\/p>\n<p>Its 3 volumes, with 20 notebooks, have been written by 60 specialists who, over more than 4000 pages, collect the essentials in the management of diseases related to the workplace.<\/p>\n<\/div>\n<p><strong>Indice Resumido<\/strong><\/p>\n<p>VOLUMEN I\u00a0 13<br \/>\nVOLUMEN II\u00a0 126<br \/>\nCuaderno 1. Alergolog\u00eda laboral\u00a0 128<br \/>\nCuaderno 2. Cardiolog\u00eda laboral\u00a0 312<br \/>\nCuaderno 3. Dermatolog\u00eda laboral\u00a0 474<br \/>\nCuaderno 4. Digestivo laboral\u00a0 623<br \/>\nCuaderno 5. Endocrinolog\u00eda laboral 757<br \/>\nCuaderno 6. Enfermedades infecciosas laborales\u00a0 943<br \/>\nCuaderno 7. Fisioterapia y rehabilitaci\u00f3n laboral\u00a0 1153<br \/>\nCuaderno 8. Ginecolog\u00eda y obstetricia laboral\u00a0 1235<br \/>\nCuaderno 9. Hematolog\u00eda laboral\u00a0 1488<br \/>\nCuaderno 10. Nefrourolog\u00eda laboral\u00a0 1625<br \/>\nCuaderno 11. Neumolog\u00eda laboral\u00a0 1714<br \/>\nCuaderno 12. Neurolog\u00eda laboral\u00a0 1988<br \/>\nCuaderno 13. Oftalmolog\u00eda laboral\u00a0 2230<br \/>\nCuaderno 14. Oncolog\u00eda laboral\u00a0 2368<br \/>\nCuaderno 15. Otorrinolaringolog\u00eda laboral 2540<br \/>\nCuaderno 16. Psiquiatr\u00eda laboral\u00a0 2794<br \/>\nCuaderno 17. Reumatolog\u00eda laboral\u00a0 2941<br \/>\nCuaderno 18. Traumatolog\u00eda laboral\u00a0 3113<br \/>\nVOLUMEN III 3456<br \/>\nCuaderno 1. El diagn\u00f3stico por la imagen: estado actual y enfoque cl\u00ednico\u00a0 3458<br \/>\nCuaderno 2. Toxicolog\u00eda laboral\u00a0 3539<br \/>\nCuaderno 3. Medicina legal laboral\u00a0 3657<br \/>\nCuaderno 4. Investigaci\u00f3n en Medicina del Trabajo\u00a0 3714<br \/>\nCuaderno 5. Promoci\u00f3n de la salud\u00a0 3859<br \/>\nCuaderno 6. Las Nuevas T\u00e9cnicas de relaci\u00f3n y su aplicaci\u00f3n profesional\u00a0 3880<br \/>\nCuaderno 7. Enfermedades profesionales\u00a0 3958<br \/>\nCuaderno 8. Emergencias sanitarias 4013<\/p>\n","protected":false},"excerpt":{"rendered":"<p>Ponemos a disposici\u00f3n de nuestros suscriptores la \u00abEnciclopedia pr\u00e1ctica de Medicina del Trabajo\u00bb, editada por el\u00a0Instituto Nacional de Seguridad y Salud en el Trabajo (INSST), O.A., M.P. Resumen de la [&hellip;]<\/p>\n","protected":false},"author":1,"featured_media":0,"parent":0,"menu_order":0,"comment_status":"closed","ping_status":"closed","template":"","meta":{"footnotes":""},"class_list":["post-7070","page","type-page","status-publish","hentry"],"_links":{"self":[{"href":"https:\/\/www.aeemt.org\/web\/wp-json\/wp\/v2\/pages\/7070"}],"collection":[{"href":"https:\/\/www.aeemt.org\/web\/wp-json\/wp\/v2\/pages"}],"about":[{"href":"https:\/\/www.aeemt.org\/web\/wp-json\/wp\/v2\/types\/page"}],"author":[{"embeddable":true,"href":"https:\/\/www.aeemt.org\/web\/wp-json\/wp\/v2\/users\/1"}],"replies":[{"embeddable":true,"href":"https:\/\/www.aeemt.org\/web\/wp-json\/wp\/v2\/comments?post=7070"}],"version-history":[{"count":1,"href":"https:\/\/www.aeemt.org\/web\/wp-json\/wp\/v2\/pages\/7070\/revisions"}],"predecessor-version":[{"id":71827,"href":"https:\/\/www.aeemt.org\/web\/wp-json\/wp\/v2\/pages\/7070\/revisions\/71827"}],"wp:attachment":[{"href":"https:\/\/www.aeemt.org\/web\/wp-json\/wp\/v2\/media?parent=7070"}],"curies":[{"name":"wp","href":"https:\/\/api.w.org\/{rel}","templated":true}]}}