{"id":70574,"date":"2024-11-11T20:55:19","date_gmt":"2024-11-11T20:55:19","guid":{"rendered":"https:\/\/www.aeemt.org\/web\/?page_id=70574"},"modified":"2024-11-14T21:07:34","modified_gmt":"2024-11-14T21:07:34","slug":"sesiones-online-interpretacion-rx-ilo","status":"publish","type":"page","link":"https:\/\/www.aeemt.org\/web\/sesiones-online-interpretacion-rx-ilo\/","title":{"rendered":"Adiestramiento en la lectura radiol\u00f3gica en trabajadores con riesgo de neumoconiosis. Sesiones Interpretaci\u00f3n Rx ILO"},"content":{"rendered":"<p>[vc_row rt_row_background_width=\u00bbdefault\u00bb rt_row_style=\u00bbdefault-style\u00bb rt_row_borders=\u00bb\u00bb rt_row_paddings=\u00bbtrue\u00bb rt_bg_effect=\u00bbclassic\u00bb rt_bg_image_repeat=\u00bbrepeat\u00bb rt_bg_size=\u00bbcover\u00bb rt_bg_position=\u00bbright top\u00bb rt_bg_attachment=\u00bbscroll\u00bb rt_bg_video_format=\u00bbself-hosted\u00bb][vc_column width=\u00bb1\/2&#8243; rt_wrp_col_paddings=\u00bbfalse\u00bb rt_border_top=\u00bb\u00bb rt_border_bottom=\u00bb\u00bb rt_border_left=\u00bb\u00bb rt_border_right=\u00bb\u00bb rt_border_top_mobile=\u00bb\u00bb rt_border_bottom_mobile=\u00bb\u00bb rt_border_left_mobile=\u00bb\u00bb rt_border_right_mobile=\u00bb\u00bb rt_bg_image_repeat=\u00bbrepeat\u00bb rt_bg_size=\u00bbauto auto\u00bb rt_bg_position=\u00bbright top\u00bb rt_bg_attachment=\u00bbscroll\u00bb][vc_column_text css=\u00bb\u00bb]<\/p>\n<h3 style=\"text-align: center;\">Organiza<\/h3>\n<p style=\"text-align: center;\"><img loading=\"lazy\" decoding=\"async\" class=\"alignnone wp-image-3534 \" src=\"https:\/\/www.aeemt.org\/web\/wp-content\/uploads\/2017\/05\/logoDibujado-296x300.png\" alt=\"\" width=\"158\" height=\"160\" srcset=\"https:\/\/www.aeemt.org\/web\/wp-content\/uploads\/2017\/05\/logoDibujado-296x300.png 296w, https:\/\/www.aeemt.org\/web\/wp-content\/uploads\/2017\/05\/logoDibujado-100x100.png 100w, https:\/\/www.aeemt.org\/web\/wp-content\/uploads\/2017\/05\/logoDibujado.png 402w\" sizes=\"(max-width: 158px) 100vw, 158px\" \/><\/p>\n<p>[\/vc_column_text][\/vc_column][vc_column width=\u00bb1\/2&#8243; rt_wrp_col_paddings=\u00bbfalse\u00bb rt_border_top=\u00bb\u00bb rt_border_bottom=\u00bb\u00bb rt_border_left=\u00bb\u00bb rt_border_right=\u00bb\u00bb rt_border_top_mobile=\u00bb\u00bb rt_border_bottom_mobile=\u00bb\u00bb rt_border_left_mobile=\u00bb\u00bb rt_border_right_mobile=\u00bb\u00bb rt_bg_image_repeat=\u00bbrepeat\u00bb rt_bg_size=\u00bbauto auto\u00bb rt_bg_position=\u00bbright top\u00bb rt_bg_attachment=\u00bbscroll\u00bb][vc_column_text css=\u00bb\u00bb]<\/p>\n<h3 style=\"text-align: center;\"><strong>Colabora<\/strong><\/h3>\n<p style=\"text-align: center;\"><a href=\"https:\/\/www.comunidad.madrid\/hospital\/gregoriomaranon\/profesionales\/docencia\" target=\"_blank\" rel=\"noopener\"><img loading=\"lazy\" decoding=\"async\" class=\"alignnone wp-image-70578 \" src=\"https:\/\/www.aeemt.org\/web\/wp-content\/uploads\/2024\/11\/logo_gregoriomaranon-200px.jpg\" alt=\"\" width=\"197\" height=\"197\" srcset=\"https:\/\/www.aeemt.org\/web\/wp-content\/uploads\/2024\/11\/logo_gregoriomaranon-200px.jpg 200w, https:\/\/www.aeemt.org\/web\/wp-content\/uploads\/2024\/11\/logo_gregoriomaranon-200px-150x150.jpg 150w, https:\/\/www.aeemt.org\/web\/wp-content\/uploads\/2024\/11\/logo_gregoriomaranon-200px-100x100.jpg 100w\" sizes=\"(max-width: 197px) 100vw, 197px\" \/><\/a><\/p>\n<p>[\/vc_column_text][\/vc_column][\/vc_row][vc_row rt_row_background_width=\u00bbdefault\u00bb rt_row_style=\u00bbdefault-style\u00bb rt_row_borders=\u00bb\u00bb rt_row_paddings=\u00bbtrue\u00bb rt_bg_effect=\u00bbclassic\u00bb rt_bg_image_repeat=\u00bbrepeat\u00bb rt_bg_size=\u00bbcover\u00bb rt_bg_position=\u00bbright top\u00bb rt_bg_attachment=\u00bbscroll\u00bb rt_bg_video_format=\u00bbself-hosted\u00bb][vc_column width=\u00bb1\/2&#8243; rt_wrp_col_paddings=\u00bbfalse\u00bb rt_border_top=\u00bb\u00bb rt_border_bottom=\u00bb\u00bb rt_border_left=\u00bb\u00bb rt_border_right=\u00bb\u00bb rt_border_top_mobile=\u00bb\u00bb rt_border_bottom_mobile=\u00bb\u00bb rt_border_left_mobile=\u00bb\u00bb rt_border_right_mobile=\u00bb\u00bb rt_bg_image_repeat=\u00bbrepeat\u00bb rt_bg_size=\u00bbauto auto\u00bb rt_bg_position=\u00bbright top\u00bb rt_bg_attachment=\u00bbscroll\u00bb][vc_column_text css=\u00bb\u00bb]\u00a1La <strong>Asociaci\u00f3n de Especialistas en Medicina del Trabajo<\/strong> os invita el <strong>Jueves 28 de noviembre de 2024<\/strong> al inicio de una serie de sesiones tanto online como pr\u00e1cticas presenciales bajo el t\u00edtulo<b>: \u00abAdiestramiento en la lectura radiol\u00f3gica en trabajadores con riesgo de neumoconiosis. Sesiones interpretaci\u00f3n Rx ILO\u00bb<\/b><\/p>\n<p><strong>28 de Noviembre al 14 de diciembre Formaci\u00f3n online y presencial<\/strong><\/p>\n<p><strong>El horario de las sesiones online ser\u00e1 de 16:00 a 16:45 horas en la plataforma Zoom.<\/strong><\/p>\n<p><strong>Programa<\/strong><\/p>\n<p style=\"text-align: center;\"><strong>Sesiones Online<\/strong><\/p>\n<p style=\"text-align: center;\"><div class=\"button_wrapper  aligncenter\"><a  href=\"https:\/\/www.aeemt.org\/web\/formulario-de-registro-sesiones-online-interpretacion-rx-ilo-nov-dic-2024\/\" target=\"_blank\" title=\"Formulario Inscripci\u00f3n Sesiones Online\" class=\"button_  default medium\"><strong>Formulario Inscripci\u00f3n Sesiones Online<\/strong><\/a><\/div>\n<p><strong>Jueves 28 de Noviembre. Primera Sesi\u00f3n.<\/strong><br \/>\nCONTENIDO: Presentaci\u00f3n del curso. Objetivos. Importancia del estudio radiol\u00f3gico en el diagn\u00f3stico de las Neumoconiosis.<br \/>\nHORARIO: <strong>16:00 a 16:45 horas.<\/strong><\/p>\n<p style=\"text-align: center;\"><div class=\"button_wrapper  aligncenter\"><a  href=\"https:\/\/us06web.zoom.us\/j\/83435299880?pwd=QUxN07B8bHK2Csi0EhTozCmzIqtOhf.1\" target=\"_blank\" title=\"Acceso a la Primera Sesi\u00f3n\" class=\"button_  default medium\"><strong>Acceso a la Primera Sesi\u00f3n<\/strong><\/a><\/div>\n<p><strong>Mi\u00e9rcoles 4 de Diciembre. Segunda Sesi\u00f3n.<\/strong><br \/>\nCONTENIDO: Conceptos b\u00e1sicos para una correcta valoraci\u00f3n de una Radiograf\u00eda de T\u00f3rax.<br \/>\nHORARIO: <strong>16:00 a 16:45 horas<\/strong><\/p>\n<p style=\"text-align: center;\"><div class=\"button_wrapper  aligncenter\"><a  href=\"https:\/\/us06web.zoom.us\/j\/83356017380?pwd=34GaNDOAO6EAxMB51bGPfWqm6payzJ.1\" target=\"_blank\" title=\"Acceso a la Segunda Sesi\u00f3n\" class=\"button_  default medium\"><strong>Acceso a la Segunda Sesi\u00f3n<\/strong><\/a><\/div>\n<p><strong>Jueves 12 de Diciembre. Tercera Sesi\u00f3n.<\/strong><br \/>\nCONTENIDO: Criterios ILO para valorar una radiograf\u00eda de t\u00f3rax con riesgo de s\u00edlice y amianto.<br \/>\nHORARIO: <strong>16:00 a 16:45 horas<\/strong><\/p>\n<p style=\"text-align: center;\"><div class=\"button_wrapper  aligncenter\"><a  href=\"https:\/\/us06web.zoom.us\/j\/86502904960?pwd=9h0GO06xRCC6ixkyn8aeiaanJoxZ6R.1\" target=\"_blank\" title=\"Acceso a la Tercera Sesi\u00f3n\" class=\"button_  default medium\"><strong>Acceso a la Tercera Sesi\u00f3n<\/strong><\/a><\/div>\n<hr \/>\n<p style=\"text-align: center;\"><strong>Sesiones Pr\u00e1cticas<\/strong><\/p>\n<p style=\"text-align: center;\"><div class=\"button_wrapper  aligncenter\"><a  href=\"https:\/\/www.aeemt.org\/web\/formulario-de-registro-sesiones-presenciales-interpretacion-rx-ilo-13-y-14-diciembre-2024\/\" target=\"_blank\" title=\"Formulario Inscripci\u00f3n Sesiones Presenciales\" class=\"button_  default medium\"><strong>Formulario Inscripci\u00f3n Sesiones Presenciales<\/strong><\/a><\/div>\n<blockquote><p>El n\u00famero de plazas de las\u00a0<strong>sesiones pr\u00e1cticas<\/strong>\u00a0est\u00e1\u00a0<strong>limitado a 20 asistentes<\/strong>.<br \/>\nOs rogamos, que si no est\u00e1is seguros de poder asistir, no os inscrib\u00e1is, para que lo pueda hacer otro compa\u00f1ero.<\/p><\/blockquote>\n<p><strong>Viernes 13 de Diciembre. Cuarta Sesi\u00f3n PR\u00c1CTICA.<\/strong><br \/>\nCONTENIDO: Valoraci\u00f3n y puesta en pr\u00e1ctica de los conocimientos adquiridos<br \/>\nHORARIO: <strong>16:00 a 19:00 horas<\/strong><br \/>\nLUGAR: <strong>Sala de formaci\u00f3n del Hospital GREGORIO MARA\u00d1\u00d3N DE MADRID<\/strong><\/p>\n<p><strong>S\u00e1bado 14 de Diciembre. Quinta Sesi\u00f3n PR\u00c1CTICA.<\/strong><br \/>\nCONTENIDO: Valoraci\u00f3n y puesta en pr\u00e1ctica de los conocimientos adquiridos.<br \/>\nCierre y valoraci\u00f3n del cumplimiento de los objetivos propuestos.<br \/>\nHORARIO: <strong>10:00 a 13:00 horas.<\/strong><br \/>\nLUGAR: <strong>Sala de formaci\u00f3n del Hospital GREGORIO MARA\u00d1\u00d3N DE MADRID<\/strong><\/p>\n<blockquote><p><strong>NOTA IMPORTANTE:<\/strong><br \/>\nPara las sesiones pr\u00e1cticas ser\u00e1 importante acudir con :<br \/>\n1. Soporte inform\u00e1tico para la valoraci\u00f3n de los estudios radiol\u00f3gicos que se van a presentar (ordenador port\u00e1til).<br \/>\n2. Una regla preferentemente peque\u00f1a<br \/>\n3. Una lupa.<\/p><\/blockquote>\n<p>[\/vc_column_text][\/vc_column][vc_column width=\u00bb1\/2&#8243; rt_wrp_col_paddings=\u00bbfalse\u00bb rt_border_top=\u00bb\u00bb rt_border_bottom=\u00bb\u00bb rt_border_left=\u00bb\u00bb rt_border_right=\u00bb\u00bb rt_border_top_mobile=\u00bb\u00bb rt_border_bottom_mobile=\u00bb\u00bb rt_border_left_mobile=\u00bb\u00bb rt_border_right_mobile=\u00bb\u00bb rt_bg_image_repeat=\u00bbrepeat\u00bb rt_bg_size=\u00bbauto auto\u00bb rt_bg_position=\u00bbright top\u00bb rt_bg_attachment=\u00bbscroll\u00bb][vc_column_text css_animation=\u00bbappear\u00bb css=\u00bb\u00bb]<\/p>\n<h2 style=\"text-align: center;\"><span style=\"color: #339966;\"><strong>Adiestramiento en la lectura radiol\u00f3gica en trabajadores con riesgo de neumoconiosis.<\/strong><\/span><\/h2>\n<p style=\"text-align: center;\"><span style=\"color: #339966;\"><strong>Sesiones interpretaci\u00f3n Rx ILO<\/strong><\/span><\/p>\n<p style=\"text-align: center;\"><a href=\"https:\/\/www.aeemt.org\/Cursos%20AEEMT\/2024\/Curso%20Interpretacion%20Rx%20ILO\/Programa_Interpretacion_Rx_ILO_2024.pdf\" target=\"_blank\" rel=\"noopener\"><img loading=\"lazy\" decoding=\"async\" class=\"wp-image-70582 aligncenter\" src=\"https:\/\/www.aeemt.org\/web\/wp-content\/uploads\/2024\/11\/Programa_Definitivo_Pagina_1-300x169.jpg\" alt=\"\" width=\"447\" height=\"252\" srcset=\"https:\/\/www.aeemt.org\/web\/wp-content\/uploads\/2024\/11\/Programa_Definitivo_Pagina_1-300x169.jpg 300w, https:\/\/www.aeemt.org\/web\/wp-content\/uploads\/2024\/11\/Programa_Definitivo_Pagina_1-1024x576.jpg 1024w, https:\/\/www.aeemt.org\/web\/wp-content\/uploads\/2024\/11\/Programa_Definitivo_Pagina_1-768x432.jpg 768w, https:\/\/www.aeemt.org\/web\/wp-content\/uploads\/2024\/11\/Programa_Definitivo_Pagina_1-1536x864.jpg 1536w, https:\/\/www.aeemt.org\/web\/wp-content\/uploads\/2024\/11\/Programa_Definitivo_Pagina_1-600x338.jpg 600w, https:\/\/www.aeemt.org\/web\/wp-content\/uploads\/2024\/11\/Programa_Definitivo_Pagina_1.jpg 1774w\" sizes=\"(max-width: 447px) 100vw, 447px\" \/><\/a><\/p>\n<p>[\/vc_column_text][vc_column_text css=\u00bb\u00bb]<\/p>\n<p style=\"text-align: left;\"><span style=\"color: #339966;\"><strong>Director del curso<\/strong><\/span><\/p>\n<p style=\"text-align: left;\"><strong><em>Ignacio S\u00e1nchez -Arcilla Conejo<\/em><\/strong><br \/>\nJefe Servicio de Prevenci\u00f3n de Riesgos Laborales del Hospital General Universitario Gregorio Mara\u00f1\u00f3n.<br \/>\nJunta Directiva de la AEEMT.<\/p>\n<p><span style=\"color: #339966;\"><strong>Profesorado<\/strong><\/span><\/p>\n<p><em><strong>Constantino Garc\u00eda Fern\u00e1ndez<\/strong><\/em><\/p>\n<ul>\n<li>M\u00e9dico especialista en medicina del trabajo.<\/li>\n<li>T\u00e9cnico superior en prevenci\u00f3n. Cuatro especialidades.<\/li>\n<li>35 a\u00f1os de experiencia profesional con trabajadores con riesgo de s\u00edlice.<\/li>\n<li>Referente Nacional del Servicio de Prevenci\u00f3n de ASPY PREVENCI\u00d3N en la valoraci\u00f3n de radiograf\u00edas de t\u00f3rax en trabajadores con exposici\u00f3n al polvo.<\/li>\n<li>Desarrollo Profesional: Director M\u00e9dico Territorial de ASPY Anterior.<\/li>\n<\/ul>\n<p><em><strong>Carmen Serrano Estrada<\/strong><\/em><\/p>\n<ul>\n<li>Doctora en Medicina Especialista en Medicina del Trabajo.<\/li>\n<li>T\u00e9cnico superior en Prevenci\u00f3n de Riesgos Laborales.<\/li>\n<li>33 a\u00f1os de experiencia en prevenci\u00f3n en Mutua de Accidentes de Trabajo y SPA, Aspy Prevenci\u00f3n Desarrollo personal.<\/li>\n<li>Directora Territorial de zona centro.<\/li>\n<li>Directora Sanitaria Nacional en Aspy Prevenci\u00f3n.<\/li>\n<\/ul>\n<p>[\/vc_column_text][vc_column_text css=\u00bb\u00bb]<\/p>\n<p style=\"text-align: center;\"><div class=\"button_wrapper  aligncenter\"><a  href=\"https:\/\/www.aeemt.org\/Cursos%20AEEMT\/2024\/Curso%20Interpretacion%20Rx%20ILO\/Programa_Interpretacion_Rx_ILO_2024.pdf\" target=\"_blank\" title=\"Programa Interpretaci\u00f3n RX ILO\" class=\"button_  default medium\"><strong>Descargar Programa<\/strong><\/a><\/div>\n<p>[\/vc_column_text][\/vc_column][\/vc_row][vc_row rt_row_background_width=\u00bbdefault\u00bb rt_row_style=\u00bbdefault-style\u00bb rt_row_borders=\u00bb\u00bb rt_row_paddings=\u00bbtrue\u00bb rt_bg_effect=\u00bbclassic\u00bb rt_bg_image_repeat=\u00bbrepeat\u00bb rt_bg_size=\u00bbcover\u00bb rt_bg_position=\u00bbright top\u00bb rt_bg_attachment=\u00bbscroll\u00bb rt_bg_video_format=\u00bbself-hosted\u00bb][vc_column rt_wrp_col_paddings=\u00bbfalse\u00bb rt_border_top=\u00bb\u00bb rt_border_bottom=\u00bb\u00bb rt_border_left=\u00bb\u00bb rt_border_right=\u00bb\u00bb rt_border_top_mobile=\u00bb\u00bb rt_border_bottom_mobile=\u00bb\u00bb rt_border_left_mobile=\u00bb\u00bb rt_border_right_mobile=\u00bb\u00bb rt_bg_image_repeat=\u00bbrepeat\u00bb rt_bg_size=\u00bbauto auto\u00bb rt_bg_position=\u00bbright top\u00bb rt_bg_attachment=\u00bbscroll\u00bb][vc_column_text css=\u00bb\u00bb]Esperamos que esta nueva actividad les resulte de inter\u00e9s.<\/p>\n<p>Gracias a todos.[\/vc_column_text][\/vc_column][\/vc_row][vc_row rt_row_background_width=\u00bbdefault\u00bb rt_row_style=\u00bbdefault-style\u00bb rt_row_borders=\u00bb\u00bb rt_row_paddings=\u00bbtrue\u00bb rt_bg_effect=\u00bbclassic\u00bb rt_bg_image_repeat=\u00bbrepeat\u00bb rt_bg_size=\u00bbcover\u00bb rt_bg_position=\u00bbright top\u00bb rt_bg_attachment=\u00bbscroll\u00bb rt_bg_video_format=\u00bbself-hosted\u00bb][vc_column width=\u00bb1\/3&#8243; rt_wrp_col_paddings=\u00bbfalse\u00bb rt_border_top=\u00bb\u00bb rt_border_bottom=\u00bb\u00bb rt_border_left=\u00bb\u00bb rt_border_right=\u00bb\u00bb rt_border_top_mobile=\u00bb\u00bb rt_border_bottom_mobile=\u00bb\u00bb rt_border_left_mobile=\u00bb\u00bb rt_border_right_mobile=\u00bb\u00bb rt_bg_image_repeat=\u00bbrepeat\u00bb rt_bg_size=\u00bbauto auto\u00bb rt_bg_position=\u00bbright top\u00bb rt_bg_attachment=\u00bbscroll\u00bb][vc_column_text css=\u00bb\u00bb]<\/p>\n<p style=\"text-align: center;\"><strong>Juan Carlos Rueda<\/strong><br \/>\n<em>Presidente AEEMT<\/em><\/p>\n<p>[\/vc_column_text][\/vc_column][vc_column width=\u00bb1\/3&#8243; rt_wrp_col_paddings=\u00bbfalse\u00bb rt_border_top=\u00bb\u00bb rt_border_bottom=\u00bb\u00bb rt_border_left=\u00bb\u00bb rt_border_right=\u00bb\u00bb rt_border_top_mobile=\u00bb\u00bb rt_border_bottom_mobile=\u00bb\u00bb rt_border_left_mobile=\u00bb\u00bb rt_border_right_mobile=\u00bb\u00bb rt_bg_image_repeat=\u00bbrepeat\u00bb rt_bg_size=\u00bbauto auto\u00bb rt_bg_position=\u00bbright top\u00bb rt_bg_attachment=\u00bbscroll\u00bb][vc_column_text css=\u00bb\u00bb]<\/p>\n<p style=\"text-align: center;\"><strong>Teresa Del Campo<\/strong><br \/>\n<em>Vicepta. AEEMT<\/em><\/p>\n<p>[\/vc_column_text][\/vc_column][\/vc_row]<\/p>\n","protected":false},"excerpt":{"rendered":"<p>[vc_row rt_row_background_width=\u00bbdefault\u00bb rt_row_style=\u00bbdefault-style\u00bb rt_row_borders=\u00bb\u00bb rt_row_paddings=\u00bbtrue\u00bb rt_bg_effect=\u00bbclassic\u00bb rt_bg_image_repeat=\u00bbrepeat\u00bb rt_bg_size=\u00bbcover\u00bb rt_bg_position=\u00bbright top\u00bb rt_bg_attachment=\u00bbscroll\u00bb rt_bg_video_format=\u00bbself-hosted\u00bb][vc_column width=\u00bb1\/2&#8243; rt_wrp_col_paddings=\u00bbfalse\u00bb rt_border_top=\u00bb\u00bb rt_border_bottom=\u00bb\u00bb rt_border_left=\u00bb\u00bb rt_border_right=\u00bb\u00bb rt_border_top_mobile=\u00bb\u00bb rt_border_bottom_mobile=\u00bb\u00bb rt_border_left_mobile=\u00bb\u00bb rt_border_right_mobile=\u00bb\u00bb rt_bg_image_repeat=\u00bbrepeat\u00bb rt_bg_size=\u00bbauto auto\u00bb rt_bg_position=\u00bbright top\u00bb rt_bg_attachment=\u00bbscroll\u00bb][vc_column_text css=\u00bb\u00bb] Organiza [&hellip;]<\/p>\n","protected":false},"author":1,"featured_media":0,"parent":0,"menu_order":0,"comment_status":"closed","ping_status":"closed","template":"","meta":{"footnotes":""},"class_list":["post-70574","page","type-page","status-publish","hentry"],"_links":{"self":[{"href":"https:\/\/www.aeemt.org\/web\/wp-json\/wp\/v2\/pages\/70574"}],"collection":[{"href":"https:\/\/www.aeemt.org\/web\/wp-json\/wp\/v2\/pages"}],"about":[{"href":"https:\/\/www.aeemt.org\/web\/wp-json\/wp\/v2\/types\/page"}],"author":[{"embeddable":true,"href":"https:\/\/www.aeemt.org\/web\/wp-json\/wp\/v2\/users\/1"}],"replies":[{"embeddable":true,"href":"https:\/\/www.aeemt.org\/web\/wp-json\/wp\/v2\/comments?post=70574"}],"version-history":[{"count":3,"href":"https:\/\/www.aeemt.org\/web\/wp-json\/wp\/v2\/pages\/70574\/revisions"}],"predecessor-version":[{"id":70630,"href":"https:\/\/www.aeemt.org\/web\/wp-json\/wp\/v2\/pages\/70574\/revisions\/70630"}],"wp:attachment":[{"href":"https:\/\/www.aeemt.org\/web\/wp-json\/wp\/v2\/media?parent=70574"}],"curies":[{"name":"wp","href":"https:\/\/api.w.org\/{rel}","templated":true}]}}