{"id":69537,"date":"2017-10-10T13:17:29","date_gmt":"2017-10-10T13:17:29","guid":{"rendered":"http:\/\/www.aeemt.com\/web\/?page_id=4122"},"modified":"2017-10-10T13:17:29","modified_gmt":"2017-10-10T13:17:29","slug":"bases-terapeuticas-de-la-deshabituacion-tabaquica-en-medicina-del-trabajo-2","status":"publish","type":"page","link":"https:\/\/www.aeemt.org\/web\/bases-terapeuticas-de-la-deshabituacion-tabaquica-en-medicina-del-trabajo-2\/","title":{"rendered":"BASES TERAP\u00c9UTICAS DE LA DESHABITUACI\u00d3N TAB\u00c1QUICA EN MEDICINA DEL TRABAJO"},"content":{"rendered":"<p style=\"text-align: justify;\">Les comunicamos a nuestros asociados\u00a0la informaci\u00f3n acerca del curso \u00abBASES TERAP\u00c9UTICAS DE LA DESHABITUACI\u00d3N TAB\u00c1QUICA EN MEDICINA DEL TRABAJO\u00bb<\/p>\n<p style=\"text-align: justify;\">FECHAS: 30 Y 31 DE ENERO DE 2018<br \/>\nHORARIO: DE 15.30 A 20.30 HORAS<\/p>\n<p style=\"text-align: justify;\">MATR\u00cdCULA: GRATUITA<br \/>\nPLAZO DE INSCRIPCI\u00d3N: ABIERTO<\/p>\n<p style=\"text-align: justify;\">ENTIDADES ORGANIZADORAS: ASOCIACI\u00d3N ESPA\u00d1OLA CONTRA EL C\u00c1NCER<\/p>\n<p style=\"text-align: justify;\">PROFESORADO: PROFESIONALES DEL DEPARTAMENTO DE PREVENCI\u00d3N Y PROMOCI\u00d3N DE LA SALUD DE LA ASOCIACI\u00d3N ESPA\u00d1OLA CONTRA EL C\u00c1NCER ( MADRID). MASTER EN TABAQUISMO.<\/p>\n<p style=\"text-align: justify;\">DURACI\u00d3N DEL CURSO: 10 HORAS LECTIVAS<\/p>\n<p style=\"text-align: justify;\">SOLICITADA LA ACREDITACI\u00d3N A LA COMISI\u00d3N DE FORMACI\u00d3N CONTINUADA DE LAS PROFESIONES SANITARIAS DE LA COMUNIDAD DE MADRID (S.N.S.)<\/p>\n<p style=\"text-align: justify;\">LUGAR DE CELEBRACI\u00d3N: SEDE DEL ILUSTRE COLEGIO OFICIAL DE M\u00c9DICOS DE MADRID &#8211; C\/ SANTA ISABEL N\u00ba 51 &#8211; 28012 MADRID<\/p>\n<p style=\"text-align: justify;\">Toda la informac\u00edon podr\u00e1n encontrarla en el siguiente enlace:<\/p>\n<div class=\"button_wrapper  aligncenter\"><a  href=\"http:\/\/www.fundacion-icomem.org\/index.php\/cursos-presenciales\/181-cursos-2018-enero\/1799-bases-terapeuticas-de-la-deshabituacion-tabaquica-en-medicina-del-trabajo\" target=\"_blank\" title=\"BASES TERAP\u00c9UTICAS DE LA DESHABITUACI\u00d3N TAB\u00c1QUICA\" class=\"button_  default medium\"><strong>BASES TERAP\u00c9UTICAS DE LA DESHABITUACI\u00d3N TAB\u00c1QUICA<\/strong><\/a><\/div>\n","protected":false},"excerpt":{"rendered":"<p>Les comunicamos a nuestros asociados\u00a0la informaci\u00f3n acerca del curso \u00abBASES TERAP\u00c9UTICAS DE LA DESHABITUACI\u00d3N TAB\u00c1QUICA EN MEDICINA DEL TRABAJO\u00bb FECHAS: 30 Y 31 DE ENERO DE 2018 HORARIO: DE 15.30 [&hellip;]<\/p>\n","protected":false},"author":1,"featured_media":0,"parent":0,"menu_order":0,"comment_status":"closed","ping_status":"closed","template":"","meta":{"footnotes":""},"class_list":["post-69537","page","type-page","status-publish","hentry"],"_links":{"self":[{"href":"https:\/\/www.aeemt.org\/web\/wp-json\/wp\/v2\/pages\/69537"}],"collection":[{"href":"https:\/\/www.aeemt.org\/web\/wp-json\/wp\/v2\/pages"}],"about":[{"href":"https:\/\/www.aeemt.org\/web\/wp-json\/wp\/v2\/types\/page"}],"author":[{"embeddable":true,"href":"https:\/\/www.aeemt.org\/web\/wp-json\/wp\/v2\/users\/1"}],"replies":[{"embeddable":true,"href":"https:\/\/www.aeemt.org\/web\/wp-json\/wp\/v2\/comments?post=69537"}],"version-history":[{"count":0,"href":"https:\/\/www.aeemt.org\/web\/wp-json\/wp\/v2\/pages\/69537\/revisions"}],"wp:attachment":[{"href":"https:\/\/www.aeemt.org\/web\/wp-json\/wp\/v2\/media?parent=69537"}],"curies":[{"name":"wp","href":"https:\/\/api.w.org\/{rel}","templated":true}]}}