{"id":69516,"date":"2024-07-29T17:36:13","date_gmt":"2024-07-29T17:36:13","guid":{"rendered":"http:\/\/www.aeemt.com\/web\/?page_id=69516"},"modified":"2024-11-20T16:08:50","modified_gmt":"2024-11-20T16:08:50","slug":"2-edicion-2024-programa-de-formacion-tabaquica-10-sesiones-aeemt-aecc","status":"publish","type":"page","link":"https:\/\/www.aeemt.org\/web\/2-edicion-2024-programa-de-formacion-tabaquica-10-sesiones-aeemt-aecc\/","title":{"rendered":"2 Edici\u00f3n 2024. Programa de formaci\u00f3n tab\u00e1quica. 10 sesiones. AEEMT-AECC."},"content":{"rendered":"<p>[vc_row rt_row_background_width=\u00bbdefault\u00bb rt_row_style=\u00bbdefault-style\u00bb rt_row_borders=\u00bb\u00bb rt_row_paddings=\u00bbtrue\u00bb rt_bg_effect=\u00bbclassic\u00bb rt_bg_image_repeat=\u00bbrepeat\u00bb rt_bg_size=\u00bbcover\u00bb rt_bg_position=\u00bbright top\u00bb rt_bg_attachment=\u00bbscroll\u00bb rt_bg_video_format=\u00bbself-hosted\u00bb][vc_column width=\u00bb1\/2&#8243; rt_wrp_col_paddings=\u00bbfalse\u00bb rt_border_top=\u00bb\u00bb rt_border_bottom=\u00bb\u00bb rt_border_left=\u00bb\u00bb rt_border_right=\u00bb\u00bb rt_border_top_mobile=\u00bb\u00bb rt_border_bottom_mobile=\u00bb\u00bb rt_border_left_mobile=\u00bb\u00bb rt_border_right_mobile=\u00bb\u00bb rt_bg_image_repeat=\u00bbrepeat\u00bb rt_bg_size=\u00bbauto auto\u00bb rt_bg_position=\u00bbright top\u00bb rt_bg_attachment=\u00bbscroll\u00bb][vc_column_text css=\u00bb\u00bb]<\/p>\n<h3 style=\"text-align: center;\">Organiza<\/h3>\n<p style=\"text-align: center;\"><img loading=\"lazy\" decoding=\"async\" class=\"alignnone wp-image-3534 \" src=\"https:\/\/www.aeemt.org\/web\/wp-content\/uploads\/2017\/05\/logoDibujado-296x300.png\" alt=\"\" width=\"158\" height=\"160\" srcset=\"https:\/\/www.aeemt.org\/web\/wp-content\/uploads\/2017\/05\/logoDibujado-296x300.png 296w, https:\/\/www.aeemt.org\/web\/wp-content\/uploads\/2017\/05\/logoDibujado-100x100.png 100w, https:\/\/www.aeemt.org\/web\/wp-content\/uploads\/2017\/05\/logoDibujado.png 402w\" sizes=\"(max-width: 158px) 100vw, 158px\" \/><\/p>\n<p>[\/vc_column_text][\/vc_column][vc_column width=\u00bb1\/2&#8243; rt_wrp_col_paddings=\u00bbfalse\u00bb rt_border_top=\u00bb\u00bb rt_border_bottom=\u00bb\u00bb rt_border_left=\u00bb\u00bb rt_border_right=\u00bb\u00bb rt_border_top_mobile=\u00bb\u00bb rt_border_bottom_mobile=\u00bb\u00bb rt_border_left_mobile=\u00bb\u00bb rt_border_right_mobile=\u00bb\u00bb rt_bg_image_repeat=\u00bbrepeat\u00bb rt_bg_size=\u00bbauto auto\u00bb rt_bg_position=\u00bbright top\u00bb rt_bg_attachment=\u00bbscroll\u00bb][vc_column_text css=\u00bb\u00bb]<\/p>\n<h3 style=\"text-align: center;\"><strong>Colabora<\/strong><\/h3>\n<p style=\"text-align: center;\"><img loading=\"lazy\" decoding=\"async\" class=\"alignnone wp-image-67517 size-medium\" src=\"https:\/\/www.aeemt.org\/web\/wp-content\/uploads\/2023\/01\/Logo-AEEC-1-300x97.jpg\" alt=\"\" width=\"300\" height=\"97\" srcset=\"https:\/\/www.aeemt.org\/web\/wp-content\/uploads\/2023\/01\/Logo-AEEC-1-300x97.jpg 300w, https:\/\/www.aeemt.org\/web\/wp-content\/uploads\/2023\/01\/Logo-AEEC-1-600x193.jpg 600w, https:\/\/www.aeemt.org\/web\/wp-content\/uploads\/2023\/01\/Logo-AEEC-1.jpg 664w\" sizes=\"(max-width: 300px) 100vw, 300px\" \/><\/p>\n<p>[\/vc_column_text][\/vc_column][\/vc_row][vc_row rt_row_background_width=\u00bbdefault\u00bb rt_row_style=\u00bbdefault-style\u00bb rt_row_borders=\u00bb\u00bb rt_row_paddings=\u00bbtrue\u00bb rt_bg_effect=\u00bbclassic\u00bb rt_bg_image_repeat=\u00bbrepeat\u00bb rt_bg_size=\u00bbcover\u00bb rt_bg_position=\u00bbright top\u00bb rt_bg_attachment=\u00bbscroll\u00bb rt_bg_video_format=\u00bbself-hosted\u00bb][vc_column width=\u00bb1\/2&#8243; rt_wrp_col_paddings=\u00bbfalse\u00bb rt_border_top=\u00bb\u00bb rt_border_bottom=\u00bb\u00bb rt_border_left=\u00bb\u00bb rt_border_right=\u00bb\u00bb rt_border_top_mobile=\u00bb\u00bb rt_border_bottom_mobile=\u00bb\u00bb rt_border_left_mobile=\u00bb\u00bb rt_border_right_mobile=\u00bb\u00bb rt_bg_image_repeat=\u00bbrepeat\u00bb rt_bg_size=\u00bbauto auto\u00bb rt_bg_position=\u00bbright top\u00bb rt_bg_attachment=\u00bbscroll\u00bb][vc_column_text css=\u00bb\u00bb]\u00a1La <strong>Asociaci\u00f3n de Especialistas en Medicina del Trabajo<\/strong> te invita este pr\u00f3ximo 18<strong>\u00a0de\u00a0septiembre de 2024<\/strong>\u00a0a acompa\u00f1arnos al inicio de una serie de sesiones cl\u00ednicas <b>bajo el t\u00edtulo: \u00abPrograma de formaci\u00f3n tab\u00e1quica para profesionales sanitarios\u00bb<\/b><\/p>\n<p><strong>El horario de las sesiones ser\u00e1 de 17:30 a 18:30 horas por Zoom<\/strong><\/p>\n<h3>Informaci\u00f3n general<\/h3>\n<p style=\"text-align: justify;\"><strong>Descripci\u00f3n<\/strong> Esta formaci\u00f3n est\u00e1 destinada a miembros de la Asociaci\u00f3n Espa\u00f1ola de Especialistas en Medicina del Trabajo.<\/p>\n<p style=\"text-align: justify;\"><strong>Objetivos<\/strong><br \/>\nEn este programa se proporcionar\u00e1n herramientas y recursos m\u00e9dicos y psicol\u00f3gicos para el manejo de la deshabituaci\u00f3n tab\u00e1quica tanto en la consulta como en las diferentes modalidades de atenci\u00f3n sanitaria en el \u00e1mbito laboral.<\/p>\n<p style=\"text-align: justify;\"><strong>Materiales del curso<\/strong><br \/>\nOs facilitamos a continuaci\u00f3n el enlace a la programaci\u00f3n de la actividad, as\u00ed como a la bibliograf\u00eda usada y los enlaces programados de las 10 Sesiones en Zoom, las cuales se realizar\u00e1n a trav\u00e9s de la plataforma Zoom. Solo bastar\u00e1 con que clique en el enlace.<\/p>\n<p style=\"text-align: center;\"><div class=\"button_wrapper  aligncenter\"><a  href=\"https:\/\/www.aeemt.org\/Cursos%20AEEMT\/Tabaquismo%202024\/Programa%20Tabaquismo%202%20Ed%202024.pdf\" target=\"_blank\" title=\"Programa\" class=\"button_  default medium\"><strong>Programa<\/strong><\/a><\/div>\n<p style=\"text-align: center;\"><div class=\"button_wrapper  aligncenter\"><a  href=\"https:\/\/www.aeemt.org\/Cursos%20AEEMT\/Tabaquismo%202024\/Bibliografia%20II%20Ed%20AEEMT.pdf\" target=\"_blank\" title=\"Bibliograf\u00eda\" class=\"button_  default medium\"><strong>Bibliograf\u00eda<\/strong><\/a><\/div>\n<h3 style=\"text-align: justify;\">Programaci\u00f3n del curso (Descripci\u00f3n de sesiones)<\/h3>\n<ol>\n<li style=\"text-align: justify;\"><strong>Consejo m\u00ednimo en la consulta<\/strong><br \/>\nAbordaremos el Consejo M\u00ednimo y c\u00f3mo a trav\u00e9s de una recomendaci\u00f3n breve, oportunista y sistem\u00e1tica en cualquier entorno sanitario, se puede llevar a cabo una intervenci\u00f3n para dejar de fumar.<\/li>\n<li style=\"text-align: justify;\"><strong>La orientaci\u00f3n cognitiva conductual en la deshabituaci\u00f3n tab\u00e1quica<\/strong><br \/>\nSe compartir\u00e1n los fundamentos psicol\u00f3gicos de la orientaci\u00f3n cognitiva-conductual en los programas de cesaci\u00f3n tab\u00e1quica y c\u00f3mo gestionar, desde el abordaje profesional, la prevenci\u00f3n de ca\u00eddas y reca\u00eddas.<\/li>\n<li><strong>Percepci\u00f3n de riesgo asociado al consumo de tabaco<\/strong><br \/>\nEn esta sesi\u00f3n se abordar\u00e1n cu\u00e1les son las variables que influyen en la percepci\u00f3n de riesgo de una persona cuando toma la decisi\u00f3n de consumir tabaco y\/o mantener dicho consumo<\/li>\n<li style=\"text-align: justify;\"><strong>Otras formas de consumo de tabaco y el impacto en la salud<\/strong><br \/>\nHablaremos del cigarrillo electr\u00f3nico y el riesgo de padecer los diferentes efectos negativos que puede provocar en nuestro organismo. \u00bfSabes lo que son los PTCs o los DSLN?, \u00bfConoces sus diferencias y c\u00f3mo impactan en la salud? Si te interesan estas cuestiones y quieres conocer la regulaci\u00f3n vigente para los Cigarrillos electr\u00f3nicos, no te pierdas esta sesi\u00f3n.<\/li>\n<li style=\"text-align: justify;\"><strong>Entrevista motivacional y fases del cambio<\/strong><br \/>\nSe compartir\u00e1n los fundamentos psicol\u00f3gicos de la entrevista motivacional en el entorno de los programas para dejar de fumar.<\/li>\n<li style=\"text-align: justify;\"><strong>Tratamiento farmacol\u00f3gico del tabaquismo<\/strong><br \/>\nEl \u00e9xito en la cesaci\u00f3n tab\u00e1quica en personas que lo hacen sin ayuda es del 5% frente al 30-40% en aquellas que siguen un tratamiento farmacol\u00f3gico y cuentan con apoyo psicol\u00f3gico. En esta sesi\u00f3n hablaremos de las opciones que existen para el tratamiento farmacol\u00f3gico: beneficios, indicaciones y contraindicaciones.<\/li>\n<li style=\"text-align: justify;\"><strong>Evaluaci\u00f3n psicol\u00f3gica. Relaci\u00f3n tabaco y alteraciones del peso<\/strong><br \/>\nHablaremos de los fundamentos psicol\u00f3gicos de la evaluaci\u00f3n de la persona fumadora y en la segunda parte de la sesi\u00f3n, se abordar\u00e1 la relaci\u00f3n fisiol\u00f3gica sobre la deshabituaci\u00f3n y las alteraciones del peso, as\u00ed como recomendaciones para abordarla.<\/li>\n<li style=\"text-align: justify;\"><strong>Policonsumo cannabis tabaco<\/strong><br \/>\nSe revisar\u00e1 el policonsumo de ambas sustancias, ya que, el cannabis se consume habitualmente fumado y mezclado con tabaco. De este modo, potencia la capacidad adictiva de ambos.<\/li>\n<li style=\"text-align: justify;\"><strong>Terapia de aceptaci\u00f3n y compromiso<\/strong><br \/>\nDescubriremos el valor de la terapia de aceptaci\u00f3n y compromiso (ACT) aplicada al tratamiento del tabaquismo. Trabajaremos los fundamentos te\u00f3ricos y daremos herramientas para llevarlos a la pr\u00e1ctica<\/li>\n<li style=\"text-align: justify;\"><strong>Herramientas innovadoras para dejar de fumar: Respirapp \u00ae<\/strong><br \/>\nSe presentar\u00e1 la aplicaci\u00f3n del m\u00f3vil gratuita dise\u00f1ada por la Asociaci\u00f3n Espa\u00f1ola contra el C\u00e1ncer dirigida a la deshabituaci\u00f3n tab\u00e1quica y que puede ser un recurso \u00fatil para usar en solitario o de manera combinada con abordaje m\u00e9dico y farmacol\u00f3gico.<\/li>\n<\/ol>\n<p style=\"text-align: center;\"><div class=\"button_wrapper  aligncenter\"><a  href=\"https:\/\/www.contraelcancer.es\/es\/respirapp\" target=\"_blank\" title=\"Enlace descarga Respirapp \u00ae\" class=\"button_  default medium\"><strong>Enlace descarga Respirapp \u00ae<\/strong><\/a><\/div>\n<p>&nbsp;<\/p>\n<p style=\"text-align: center;\"><strong>Accede a las 10 sesiones pulsando sobre el siguiente enlace.<\/strong><\/p>\n<p style=\"text-align: center;\"><div class=\"button_wrapper  aligncenter\"><a  href=\"https:\/\/www.aeemt.org\/Cursos%20AEEMT\/Tabaquismo%202024\/Tabaquismo%20Zoom%202024%20Definitivo.pdf\" target=\"_blank\" title=\"Enlace a las sesiones\" class=\"button_  default big\"><strong>Acceso a las sesiones de formaci\u00f3n tab\u00e1quica<\/strong><\/a><\/div>\n<p>&nbsp;<\/p>\n<p>&nbsp;<\/p>\n<p>Esperamos que esta nueva actividad les resulte de inter\u00e9s.<\/p>\n<p>Gracias a todos.[\/vc_column_text][\/vc_column][vc_column width=\u00bb1\/2&#8243; rt_wrp_col_paddings=\u00bbfalse\u00bb rt_border_top=\u00bb\u00bb rt_border_bottom=\u00bb\u00bb rt_border_left=\u00bb\u00bb rt_border_right=\u00bb\u00bb rt_border_top_mobile=\u00bb\u00bb rt_border_bottom_mobile=\u00bb\u00bb rt_border_left_mobile=\u00bb\u00bb rt_border_right_mobile=\u00bb\u00bb rt_bg_image_repeat=\u00bbrepeat\u00bb rt_bg_size=\u00bbauto auto\u00bb rt_bg_position=\u00bbright top\u00bb rt_bg_attachment=\u00bbscroll\u00bb][vc_column_text css_animation=\u00bbappear\u00bb css=\u00bb\u00bb]<\/p>\n<h2 style=\"text-align: center;\"><span style=\"color: #339966;\"><strong>Programa de formaci\u00f3n tab\u00e1quica para profesionales sanitarios.<\/strong><\/span><\/h2>\n<p>&nbsp;<\/p>\n<p style=\"text-align: center;\"><img loading=\"lazy\" decoding=\"async\" class=\"wp-image-70025 aligncenter\" src=\"https:\/\/www.aeemt.org\/web\/wp-content\/uploads\/2024\/09\/Diapositiva1-300x169.jpg\" alt=\"\" width=\"717\" height=\"404\" srcset=\"https:\/\/www.aeemt.org\/web\/wp-content\/uploads\/2024\/09\/Diapositiva1-300x169.jpg 300w, https:\/\/www.aeemt.org\/web\/wp-content\/uploads\/2024\/09\/Diapositiva1-1024x576.jpg 1024w, https:\/\/www.aeemt.org\/web\/wp-content\/uploads\/2024\/09\/Diapositiva1-768x432.jpg 768w, https:\/\/www.aeemt.org\/web\/wp-content\/uploads\/2024\/09\/Diapositiva1-600x338.jpg 600w, https:\/\/www.aeemt.org\/web\/wp-content\/uploads\/2024\/09\/Diapositiva1.jpg 1280w\" sizes=\"(max-width: 717px) 100vw, 717px\" \/><\/p>\n<p>[\/vc_column_text][vc_column_text]<\/p>\n<p style=\"text-align: center;\"><strong>Accede a las 10 sesiones pulsando sobre el siguiente enlace.<\/strong><\/p>\n<p style=\"text-align: center;\"><div class=\"button_wrapper  aligncenter\"><a  href=\"https:\/\/www.aeemt.org\/Cursos%20AEEMT\/Tabaquismo%202024\/Tabaquismo%20Zoom%202024%20Definitivo.pdf\" target=\"_blank\" title=\"Enlace a las sesiones\" class=\"button_  default big\"><strong>Acceso a las sesiones de formaci\u00f3n tab\u00e1quica<\/strong><\/a><\/div>\n<p>[\/vc_column_text][vc_column_text css=\u00bb\u00bb]Os invitamos a participar en una breve encuesta de valoraci\u00f3n sobre el Programa de Formaci\u00f3n<span data-olk-copy-source=\"MessageBody\">, que estar\u00e1 activo hasta el 30 de noviembre.<\/span><\/p>\n<p style=\"text-align: center;\"><div class=\"button_wrapper  aligncenter\"><a  href=\"https:\/\/forms.office.com\/e\/xb4ZAQQL7X\" target=\"_blank\" title=\"Encuesta de Valoraci\u00f3n\" class=\"button_  default big\"><strong>Encuesta de Valoraci\u00f3n<\/strong><\/a><\/div>\n<p style=\"text-align: left;\">No resultar\u00eda muy \u00fatil para mejorar.<\/p>\n<p>Gracias por vuestra participaci\u00f3n[\/vc_column_text][\/vc_column][\/vc_row][vc_row rt_row_background_width=\u00bbdefault\u00bb rt_row_style=\u00bbdefault-style\u00bb rt_row_borders=\u00bb\u00bb rt_row_paddings=\u00bbtrue\u00bb rt_bg_effect=\u00bbclassic\u00bb rt_bg_image_repeat=\u00bbrepeat\u00bb rt_bg_size=\u00bbcover\u00bb rt_bg_position=\u00bbright top\u00bb rt_bg_attachment=\u00bbscroll\u00bb rt_bg_video_format=\u00bbself-hosted\u00bb][vc_column width=\u00bb1\/3&#8243; rt_wrp_col_paddings=\u00bbfalse\u00bb rt_border_top=\u00bb\u00bb rt_border_bottom=\u00bb\u00bb rt_border_left=\u00bb\u00bb rt_border_right=\u00bb\u00bb rt_border_top_mobile=\u00bb\u00bb rt_border_bottom_mobile=\u00bb\u00bb rt_border_left_mobile=\u00bb\u00bb rt_border_right_mobile=\u00bb\u00bb rt_bg_image_repeat=\u00bbrepeat\u00bb rt_bg_size=\u00bbauto auto\u00bb rt_bg_position=\u00bbright top\u00bb rt_bg_attachment=\u00bbscroll\u00bb][vc_column_text css=\u00bb\u00bb]<\/p>\n<p style=\"text-align: center;\"><strong>Juan Carlos Rueda<\/strong><br \/>\n<em>Presidente AEEMT<\/em><\/p>\n<p>[\/vc_column_text][\/vc_column][vc_column width=\u00bb1\/3&#8243; rt_wrp_col_paddings=\u00bbfalse\u00bb rt_border_top=\u00bb\u00bb rt_border_bottom=\u00bb\u00bb rt_border_left=\u00bb\u00bb rt_border_right=\u00bb\u00bb rt_border_top_mobile=\u00bb\u00bb rt_border_bottom_mobile=\u00bb\u00bb rt_border_left_mobile=\u00bb\u00bb rt_border_right_mobile=\u00bb\u00bb rt_bg_image_repeat=\u00bbrepeat\u00bb rt_bg_size=\u00bbauto auto\u00bb rt_bg_position=\u00bbright top\u00bb rt_bg_attachment=\u00bbscroll\u00bb][vc_column_text css=\u00bb\u00bb]<\/p>\n<p style=\"text-align: center;\"><strong>Teresa Del Campo<\/strong><br \/>\n<em>Vicepta. AEEMT<\/em><\/p>\n<p>[\/vc_column_text][\/vc_column][\/vc_row]<\/p>\n","protected":false},"excerpt":{"rendered":"<p>[vc_row rt_row_background_width=\u00bbdefault\u00bb rt_row_style=\u00bbdefault-style\u00bb rt_row_borders=\u00bb\u00bb rt_row_paddings=\u00bbtrue\u00bb rt_bg_effect=\u00bbclassic\u00bb rt_bg_image_repeat=\u00bbrepeat\u00bb rt_bg_size=\u00bbcover\u00bb rt_bg_position=\u00bbright top\u00bb rt_bg_attachment=\u00bbscroll\u00bb rt_bg_video_format=\u00bbself-hosted\u00bb][vc_column width=\u00bb1\/2&#8243; rt_wrp_col_paddings=\u00bbfalse\u00bb rt_border_top=\u00bb\u00bb rt_border_bottom=\u00bb\u00bb rt_border_left=\u00bb\u00bb rt_border_right=\u00bb\u00bb rt_border_top_mobile=\u00bb\u00bb rt_border_bottom_mobile=\u00bb\u00bb rt_border_left_mobile=\u00bb\u00bb rt_border_right_mobile=\u00bb\u00bb rt_bg_image_repeat=\u00bbrepeat\u00bb rt_bg_size=\u00bbauto auto\u00bb rt_bg_position=\u00bbright top\u00bb rt_bg_attachment=\u00bbscroll\u00bb][vc_column_text css=\u00bb\u00bb] Organiza [&hellip;]<\/p>\n","protected":false},"author":1,"featured_media":0,"parent":0,"menu_order":0,"comment_status":"closed","ping_status":"closed","template":"","meta":{"footnotes":""},"class_list":["post-69516","page","type-page","status-publish","hentry"],"_links":{"self":[{"href":"https:\/\/www.aeemt.org\/web\/wp-json\/wp\/v2\/pages\/69516"}],"collection":[{"href":"https:\/\/www.aeemt.org\/web\/wp-json\/wp\/v2\/pages"}],"about":[{"href":"https:\/\/www.aeemt.org\/web\/wp-json\/wp\/v2\/types\/page"}],"author":[{"embeddable":true,"href":"https:\/\/www.aeemt.org\/web\/wp-json\/wp\/v2\/users\/1"}],"replies":[{"embeddable":true,"href":"https:\/\/www.aeemt.org\/web\/wp-json\/wp\/v2\/comments?post=69516"}],"version-history":[{"count":3,"href":"https:\/\/www.aeemt.org\/web\/wp-json\/wp\/v2\/pages\/69516\/revisions"}],"predecessor-version":[{"id":70635,"href":"https:\/\/www.aeemt.org\/web\/wp-json\/wp\/v2\/pages\/69516\/revisions\/70635"}],"wp:attachment":[{"href":"https:\/\/www.aeemt.org\/web\/wp-json\/wp\/v2\/media?parent=69516"}],"curies":[{"name":"wp","href":"https:\/\/api.w.org\/{rel}","templated":true}]}}