{"id":69142,"date":"2024-04-24T13:23:37","date_gmt":"2024-04-24T13:23:37","guid":{"rendered":"http:\/\/www.aeemt.com\/web\/?page_id=69142"},"modified":"2024-04-24T13:23:37","modified_gmt":"2024-04-24T13:23:37","slug":"vol-33-n01-marzo-2024-numero-completo","status":"publish","type":"page","link":"https:\/\/www.aeemt.org\/web\/vol-33-n01-marzo-2024-numero-completo\/","title":{"rendered":"Vol 33 N01 Marzo 2024. N\u00famero completo."},"content":{"rendered":"<p>[vc_row rt_row_background_width=\u00bbdefault\u00bb rt_row_style=\u00bbdefault-style\u00bb rt_row_borders=\u00bb\u00bb rt_row_paddings=\u00bbtrue\u00bb rt_bg_effect=\u00bbclassic\u00bb rt_bg_image_repeat=\u00bbrepeat\u00bb rt_bg_size=\u00bbcover\u00bb rt_bg_position=\u00bbright top\u00bb rt_bg_attachment=\u00bbscroll\u00bb rt_bg_video_format=\u00bbself-hosted\u00bb][vc_column rt_wrp_col_paddings=\u00bbfalse\u00bb rt_border_top=\u00bb\u00bb rt_border_bottom=\u00bb\u00bb rt_border_left=\u00bb\u00bb rt_border_right=\u00bb\u00bb rt_border_top_mobile=\u00bb\u00bb rt_border_bottom_mobile=\u00bb\u00bb rt_border_left_mobile=\u00bb\u00bb rt_border_right_mobile=\u00bb\u00bb rt_bg_image_repeat=\u00bbrepeat\u00bb rt_bg_size=\u00bbauto auto\u00bb rt_bg_position=\u00bbright top\u00bb rt_bg_attachment=\u00bbscroll\u00bb]<div class=\"rt_heading_wrapper style-4\">\n\t\t\t\t\t\t<h2 class=\"rt_heading  style-4\" >N\u00famero de la Revista: <strong>Vol. 33\u00a0&#8211; n\u00ba 01\u00a0&#8211;\u00a0Marzo\u00a02024<\/strong><\/h2>\n\t\t\t\t\t<\/div>[vc_column_text]<strong>Rev Asoc Esp Espec Med Trab<\/strong><br \/>\nVol\u00famen 33\u00a0&#8211; N\u00famero\u00a01- Marzo\u00a02024\u00a0&#8211; 137 p\u00e1ginas<br \/>\n<strong>ISSN version on line: 3020-1160<\/strong><br \/>\n<strong>ISSN versi\u00f3n impresa: 1132-6255<\/strong><br \/>\nRevista trimestral[\/vc_column_text][vc_column_text]<\/p>\n<h3 style=\"text-align: center;\">Estimado socio o suscriptor, puede visualizar en formato PDF el numero completo de la publicaci\u00f3n pulsando sobre el siguiente enlace.<\/h3>\n<p style=\"text-align: center;\"><div class=\"button_wrapper  aligncenter\"><a  href=\"https:\/\/www.aeemt.org\/Revista_AEEMT\/VOL_33_N01_2024_MAR\/Medicina%20del%20Trabajo%20VOL%2033%20N1%20-%20Marzo%202024.pdf\" target=\"_blank\" title=\"Revista Volumen 33 N01 Marzo 2024\" class=\"button_  default medium\"><strong>PDF del n\u00famero completo de la Revista<\/strong><\/a><\/div>\n<p>[\/vc_column_text][vc_single_image image=\u00bb69152&#8243; img_size=\u00bbfull\u00bb alignment=\u00bbcenter\u00bb][\/vc_column][\/vc_row][vc_row rt_row_background_width=\u00bbdefault\u00bb rt_row_style=\u00bbdefault-style\u00bb rt_row_borders=\u00bb\u00bb rt_row_paddings=\u00bbtrue\u00bb rt_bg_effect=\u00bbclassic\u00bb rt_bg_image_repeat=\u00bbrepeat\u00bb rt_bg_size=\u00bbcover\u00bb rt_bg_position=\u00bbright top\u00bb rt_bg_attachment=\u00bbscroll\u00bb rt_bg_video_format=\u00bbself-hosted\u00bb][vc_column width=\u00bb1\/2&#8243; rt_wrp_col_paddings=\u00bbfalse\u00bb rt_border_top=\u00bb\u00bb rt_border_bottom=\u00bb\u00bb rt_border_left=\u00bb\u00bb rt_border_right=\u00bb\u00bb rt_border_top_mobile=\u00bb\u00bb rt_border_bottom_mobile=\u00bb\u00bb rt_border_left_mobile=\u00bb\u00bb rt_border_right_mobile=\u00bb\u00bb rt_bg_image_repeat=\u00bbrepeat\u00bb rt_bg_size=\u00bbauto auto\u00bb rt_bg_position=\u00bbright top\u00bb rt_bg_attachment=\u00bbscroll\u00bb]\t \n\t\t<div  class=\"chained_contents style-1  left\" data-rt-animation-group=\"group\" >\n\t\t\t \n\t\t<div  class=\"\" data-rt-animate=\"animate\" data-rt-animation-type=\"fadeInDown\">\n\t\t<span class=\"icon-menu-1 icon\"><\/span><div class=\"list-content\"><h4 class=\"list-title\">SUMARIO<\/h4><p>Sumario de la revista.<\/p>\n<div class=\"button_wrapper \"><a  href=\"https:\/\/www.aeemt.org\/Revista_AEEMT\/VOL_33_N01_2024_MAR\/005-006%20Sumario.pdf\" target=\"_blank\" title=\"Sumario\" class=\"button_  default medium\"><strong>Sumario en PDF<\/strong><\/a><\/div>\n<\/div>\n\t\t<\/div>\n\t\t \n\t\t<div  class=\"\" data-rt-animate=\"animate\" data-rt-animation-type=\"fadeInDown\">\n\t\t<span class=\"icon-doc-alt icon\"><\/span><div class=\"list-content\"><h4 class=\"list-title\">EDITORIAL<\/h4><p style=\"text-align: justify;\"><strong>Cada vez, m\u00e1s fuertes.<\/strong><br \/>\n<em>Dr Juan Carlos Rueda<\/em><\/p>\n<p style=\"text-align: justify;\">\n<div class=\"button_wrapper \"><a  href=\"http:\/\/www.aeemt.com\/web\/editorial-mdt-vol33-n1-marzo-2024\/\" target=\"_self\" title=\"Cada vez, m\u00e1s fuertes.\" class=\"button_  default medium\"><strong>Ver Editorial<\/strong><\/a><\/div>\n<div class=\"button_wrapper \"><a  href=\"https:\/\/www.aeemt.org\/Revista_AEEMT\/VOL_33_N01_2024_MAR\/007-008%20Editorial.pdf\" target=\"_blank\" title=\"Cada vez, m\u00e1s fuertes.\" class=\"button_  default medium\"><strong>Editorial en PDF<\/strong><\/a><\/div>\n<\/div>\n\t\t<\/div>\n\t\t \n\t\t<div  class=\"\" data-rt-animate=\"animate\" data-rt-animation-type=\"fadeInDown\">\n\t\t<span class=\"icon-doc-alt icon\"><\/span><div class=\"list-content\"><h4 class=\"list-title\">Art\u00edculo<\/h4><p style=\"text-align: justify;\"><strong>Factores asociados a secuelas sintom\u00e1ticas inmediatas del Covid-19 en trabajadores del Per\u00fa<\/strong><br \/>\n<em>Christian R. Mejia, Gabriela Castellanos, Jose Armada, Yessenia Huapaya, Ra\u00fal Gomero-Cuadra<\/em><\/p>\n<p style=\"text-align: justify;\">\n<div class=\"button_wrapper \"><a  href=\"http:\/\/www.aeemt.com\/web\/original-1-mdt-vol33-n1-marzo-2024\/\" target=\"_self\" title=\"Factores asociados a secuelas sintom\u00e1ticas inmediatas del Covid-19 en trabajadores del Per\u00fa\" class=\"button_  default medium\"><strong>Ver Resumen<\/strong><\/a><\/div>\n<p style=\"text-align: justify;\">\n<div class=\"button_wrapper \"><a  href=\"https:\/\/www.aeemt.org\/Revista_AEEMT\/VOL_33_N01_2024_MAR\/009-019%20Original_1%20.pdf\" target=\"_blank\" title=\"Factores asociados a secuelas sintom\u00e1ticas inmediatas del Covid-19 en trabajadores del Per\u00fa\" class=\"button_  default medium\"><strong>Ver PDF del art\u00edculo completo<\/strong><\/a><\/div>\n<\/div>\n\t\t<\/div>\n\t\t \n\t\t<div  class=\"\" data-rt-animate=\"animate\" data-rt-animation-type=\"fadeInDown\">\n\t\t<span class=\"icon-doc-alt icon\"><\/span><div class=\"list-content\"><h4 class=\"list-title\">Art\u00edculo<\/h4><p style=\"text-align: justify;\"><strong>Seguimiento respuesta inmunol\u00f3gica tras vacuna Covid 19 en trabajadores de un hospital de Madrid<\/strong><br \/>\n<em>M\u00aa Ascensi\u00f3n Maestre, Ana Royuela, M\u00aa de los \u00c1ngeles Calvo Pati\u00f1o, Marta Aparicio, Jorge Anel Pedroche, M\u00aa Luisa Rodr\u00edguez<\/em><\/p>\n<p style=\"text-align: left;\">\n<div class=\"button_wrapper \"><a  href=\"http:\/\/www.aeemt.com\/web\/original-2-mdt-vol33-n1-marzo-2024\/\" target=\"_self\" title=\"Seguimiento respuesta inmunol\u00f3gica tras vacuna Covid 19 en trabajadores de un hospital de Madrid9\" class=\"button_  default medium\"><strong>Ver Resumen<\/strong><\/a><\/div>\n<p style=\"text-align: justify;\">\n<div class=\"button_wrapper \"><a  href=\"https:\/\/www.aeemt.org\/Revista_AEEMT\/VOL_33_N01_2024_MAR\/020-029%20Original_2.pdf\" target=\"_blank\" title=\"Seguimiento respuesta inmunol\u00f3gica tras vacuna Covid 19 en trabajadores de un hospital de Madrid\" class=\"button_  default medium\"><strong>Ver PDF del art\u00edculo completo<\/strong><\/a><\/div>\n<\/div>\n\t\t<\/div>\n\t\t \n\t\t<div  class=\"\" data-rt-animate=\"animate\" data-rt-animation-type=\"fadeInDown\">\n\t\t<span class=\"icon-doc-alt icon\"><\/span><div class=\"list-content\"><h4 class=\"list-title\">Art\u00edculo<\/h4><p style=\"text-align: justify;\"><strong>S\u00edntomas post Covid-19 en profesionales sanitarios: un estudio multic\u00e9ntrico<\/strong><br \/>\n<em>Irene Rey Samper, Juan Ignacio Marco Garc\u00eda, B\u00e1rbara Mesonero de la Pe\u00f1a, Ignacio Mah\u00edllo Fern\u00e1ndez, M\u00aa Teresa del Campo Balsa<\/em><\/p>\n<p style=\"text-align: justify;\">\n<div class=\"button_wrapper \"><a  href=\"http:\/\/www.aeemt.com\/web\/original-3-mdt-vol33-n1-marzo-2024\/\" target=\"_self\" title=\"S\u00edntomas post Covid-19 en profesionales sanitarios: un estudio multic\u00e9ntrico\" class=\"button_  default medium\"><strong>Ver Resumen<\/strong><\/a><\/div>\n<p style=\"text-align: justify;\">\n<div class=\"button_wrapper \"><a  href=\"https:\/\/www.aeemt.org\/Revista_AEEMT\/VOL_33_N01_2024_MAR\/030-041%20Original_3.pdf\" target=\"_blank\" title=\"S\u00edntomas post Covid-19 en profesionales sanitarios: un estudio multic\u00e9ntrico\" class=\"button_  default medium\"><strong>Ver PDF del art\u00edculo completo<\/strong><\/a><\/div>\n<\/div>\n\t\t<\/div>\n\t\t \n\t\t<div  class=\"\" data-rt-animate=\"animate\" data-rt-animation-type=\"fadeInDown\">\n\t\t<span class=\"icon-doc-alt icon\"><\/span><div class=\"list-content\"><h4 class=\"list-title\">Art\u00edculo<\/h4><p style=\"text-align: justify;\"><strong>Intervenci\u00f3n en personal de centros sanitarios que no se vacunan frente a gripe en un hospital\u00a0p\u00fablico de Madrid de segundo nivel<\/strong><br \/>\n<em>M\u00aa Ant\u00f3n-Vallejo, Violeta Fern\u00e1ndez-Velasco, M\u00aa \u00c1ngeles S\u00e1nchez-Uriz, Montserrat Saiz-Gonz\u00e1lez, Eva M\u00aa Duro-Perales, Miriam Fern\u00e1ndez-Trinidad<\/em><\/p>\n<p style=\"text-align: justify;\">\n<div class=\"button_wrapper \"><a  href=\"http:\/\/www.aeemt.com\/web\/original-4-mdt-vol33-n1-marzo-2024\/\" target=\"_self\" title=\"Intervenci\u00f3n en personal de centros sanitarios que no se vacunan frente a gripe en un hospital p\u00fablico de Madrid de segundo nivel\" class=\"button_  default medium\"><strong>Ver Resumen<\/strong><\/a><\/div>\n<p style=\"text-align: justify;\">\n<div class=\"button_wrapper \"><a  href=\"https:\/\/www.aeemt.org\/Revista_AEEMT\/VOL_33_N01_2024_MAR\/042-053%20Original_4.pdf\" target=\"_blank\" title=\"Intervenci\u00f3n en personal de centros sanitarios que no se vacunan frente a gripe en un hospital p\u00fablico de Madrid de segundo nivel\" class=\"button_  default medium\"><strong>Ver PDF del art\u00edculo completo<\/strong><\/a><\/div>\n<\/div>\n\t\t<\/div>\n\t\t \n\t\t<div  class=\"\" data-rt-animate=\"animate\" data-rt-animation-type=\"fadeInDown\">\n\t\t<span class=\"icon-doc-alt icon\"><\/span><div class=\"list-content\"><h4 class=\"list-title\">Art\u00edculo<\/h4><p style=\"text-align: justify;\"><strong>Creaci\u00f3n de la Unidad de Valoraci\u00f3n de Enfermedad Profesional en la Comunidad de Madrid<\/strong><br \/>\n<em>J. Ganga Costa, G. Rold\u00e1n Sabrido, A.M. Berm\u00fadez Rodr\u00edguez, M.L. Baldovinos Lera, S. Baonza Garc\u00eda, A. Navarro G\u00f3mez<\/em><\/p>\n<p style=\"text-align: justify;\">\n<div class=\"button_wrapper \"><a  href=\"http:\/\/www.aeemt.com\/web\/original-5-mdt-vol33-n1-marzo-2024\/\" target=\"_self\" title=\"Creaci\u00f3n de la Unidad de Valoraci\u00f3n de Enfermedad Profesional en la Comunidad de Madrid\" class=\"button_  default medium\"><strong>Ver Resumen<\/strong><\/a><\/div>\n<p style=\"text-align: justify;\">\n<div class=\"button_wrapper \"><a  href=\"https:\/\/www.aeemt.org\/Revista_AEEMT\/VOL_33_N01_2024_MAR\/054-061%20Original_5.pdf\" target=\"_blank\" title=\"Creaci\u00f3n de la Unidad de Valoraci\u00f3n de Enfermedad Profesional en la Comunidad de Madrid\" class=\"button_  default medium\"><strong>Ver PDF del art\u00edculo completo<\/strong><\/a><\/div>\n<\/div>\n\t\t<\/div>\n\t\t \n\t\t<div  class=\"\" data-rt-animate=\"animate\" data-rt-animation-type=\"fadeInDown\">\n\t\t<span class=\"icon-doc-alt icon\"><\/span><div class=\"list-content\"><h4 class=\"list-title\">Art\u00edculo<\/h4><p style=\"text-align: justify;\"><strong>Estudio descriptivo de las enfermedades profesionales declaradas en la provincia de Salamanca\u00a0durante el a\u00f1o 2022<\/strong><br \/>\n<em>Valeria Olivier-Morillo, Jos\u00e9 Lorenzo Bravo Grande<\/em><\/p>\n<p style=\"text-align: justify;\">\n<div class=\"button_wrapper \"><a  href=\"http:\/\/www.aeemt.com\/web\/original-6-mdt-vol33-n1-marzo-2024\/\" target=\"_self\" title=\"Estudio descriptivo de las enfermedades profesionales declaradas en la provincia de Salamanca durante el a\u00f1o 2022\" class=\"button_  default medium\"><strong>Ver Resumen<\/strong><\/a><\/div>\n<p style=\"text-align: justify;\">\n<div class=\"button_wrapper \"><a  href=\"https:\/\/www.aeemt.org\/Revista_AEEMT\/VOL_33_N01_2024_MAR\/062-073%20Original_6.pdf\" target=\"_blank\" title=\"Estudio descriptivo de las enfermedades profesionales declaradas en la provincia de Salamanca durante el a\u00f1o 2022\" class=\"button_  default medium\"><strong>Ver PDF del art\u00edculo completo<\/strong><\/a><\/div>\n<\/div>\n\t\t<\/div>\n\t\n\t\t<\/div>\n\t[\/vc_column][vc_column width=\u00bb1\/2&#8243; rt_wrp_col_paddings=\u00bbfalse\u00bb rt_border_top=\u00bb\u00bb rt_border_bottom=\u00bb\u00bb rt_border_left=\u00bb\u00bb rt_border_right=\u00bb\u00bb rt_border_top_mobile=\u00bb\u00bb rt_border_bottom_mobile=\u00bb\u00bb rt_border_left_mobile=\u00bb\u00bb rt_border_right_mobile=\u00bb\u00bb rt_bg_image_repeat=\u00bbrepeat\u00bb rt_bg_size=\u00bbauto auto\u00bb rt_bg_position=\u00bbright top\u00bb rt_bg_attachment=\u00bbscroll\u00bb]\t \n\t\t<div  class=\"chained_contents style-1  left\" data-rt-animation-group=\"group\" >\n\t\t\t \n\t\t<div  class=\"\" data-rt-animate=\"animate\" data-rt-animation-type=\"fadeInDown\">\n\t\t<span class=\"icon-doc-alt icon\"><\/span><div class=\"list-content\"><h4 class=\"list-title\">Art\u00edculo<\/h4><p><strong>Absentismo laboral por causa m\u00e9dica en modalidades de trabajo virtual y alternancia en\u00a0trabajadores de una empresa colombiana<\/strong><br \/>\n<em>Jennifer Paola Becerra, Oscar Adri\u00e1n Garc\u00eda Gonz\u00e1lez Edier Albeiro Vel\u00e1squez Betancur, Ibon Lucero Villareal Cueto, Elsa M\u00aa V\u00e1squez-Trespalacios<\/em><\/p>\n<p style=\"text-align: justify;\">\n<div class=\"button_wrapper \"><a  href=\"http:\/\/www.aeemt.com\/web\/original-7-mdt-vol33-n1-marzo-2024\/\" target=\"_self\" title=\"Absentismo laboral por causa m\u00e9dica en modalidades de trabajo virtual y alternancia en trabajadores de una empresa colombianas\" class=\"button_  default medium\"><strong>Ver Resumen<\/strong><\/a><\/div>\n<p style=\"text-align: justify;\">\n<div class=\"button_wrapper \"><a  href=\"https:\/\/www.aeemt.org\/Revista_AEEMT\/VOL_33_N01_2024_MAR\/074-084%20Original_7.pdf\" target=\"_blank\" title=\"Absentismo laboral por causa m\u00e9dica en modalidades de trabajo virtual y alternancia en trabajadores de una empresa colombiana\" class=\"button_  default medium\"><strong>Ver PDF del art\u00edculo completo<\/strong><\/a><\/div>\n<\/div>\n\t\t<\/div>\n\t\t \n\t\t<div  class=\"\" data-rt-animate=\"animate\" data-rt-animation-type=\"fadeInDown\">\n\t\t<span class=\"icon-doc-alt icon\"><\/span><div class=\"list-content\"><h4 class=\"list-title\">Art\u00edculo<\/h4><p><strong>Correlaci\u00f3n entre ansiedad, depresi\u00f3n, calidad de sue\u00f1o, burnout y carga mental en personal\u00a0del \u00e1rea de la salud<\/strong><br \/>\n<em>Ruth Vivian Barreto-Osorio, Luz Dalila Vargas-Cruz, Rosa del Carmen Coral-Ibarra, Danny Wilson Sanjuanelo-Corredor<\/em><\/p>\n<p style=\"text-align: justify;\">\n<div class=\"button_wrapper \"><a  href=\"http:\/\/www.aeemt.com\/web\/original-8-mdt-vol33-n1-marzo-2024\/\" target=\"_self\" title=\"Correlaci\u00f3n entre ansiedad, depresi\u00f3n, calidad de sue\u00f1o, burnout y carga mental en personal del \u00e1rea de la salud\" class=\"button_  default medium\"><strong>Ver Resumen<\/strong><\/a><\/div>\n<p style=\"text-align: justify;\">\n<div class=\"button_wrapper \"><a  href=\"https:\/\/www.aeemt.org\/Revista_AEEMT\/VOL_33_N01_2024_MAR\/085-096%20Original_8.pdf\" target=\"_blank\" title=\"Correlaci\u00f3n entre ansiedad, depresi\u00f3n, calidad de sue\u00f1o, burnout y carga mental en personal del \u00e1rea de la salud\" class=\"button_  default medium\"><strong>PDF del art\u00edculo completo<\/strong><\/a><\/div>\n<\/div>\n\t\t<\/div>\n\t\t \n\t\t<div  class=\"\" data-rt-animate=\"animate\" data-rt-animation-type=\"fadeInDown\">\n\t\t<span class=\"icon-doc-alt icon\"><\/span><div class=\"list-content\"><h4 class=\"list-title\">Art\u00edculo<\/h4><p><strong>Factores laborales asociados con s\u00edndrome de burnout en trabajadores de 2 entidades\u00a0prestadoras de salud en Bogot\u00e1<\/strong><br \/>\n<em>Claudia Marcela Ram\u00edrez Espinosa, Juliana Samara Loaiza Rodas, Marlen Yisel Moran Riascos, Yesid Urrego Morera<\/em><\/p>\n<p style=\"text-align: justify;\">\n<div class=\"button_wrapper \"><a  href=\"http:\/\/www.aeemt.com\/web\/original-9-mdt-vol33-n1-marzo-2024\/\" target=\"_self\" title=\"Factores laborales asociados con s\u00edndrome de burnout en trabajadores de 2 entidades prestadoras de salud en Bogot\u00e1\" class=\"button_  default medium\"><strong>Ver Resumen<\/strong><\/a><\/div>\n<p style=\"text-align: justify;\">\n<div class=\"button_wrapper \"><a  href=\"https:\/\/www.aeemt.org\/Revista_AEEMT\/VOL_33_N01_2024_MAR\/097-106%20Original_9.pdf\" target=\"_blank\" title=\"Factores laborales asociados con s\u00edndrome de burnout en trabajadores de 2 entidades prestadoras de salud en Bogot\u00e1\" class=\"button_  default medium\"><strong>PDF del art\u00edculo completo<\/strong><\/a><\/div>\n<\/div>\n\t\t<\/div>\n\t\t \n\t\t<div  class=\"\" data-rt-animate=\"animate\" data-rt-animation-type=\"fadeInDown\">\n\t\t<span class=\"icon-doc-alt icon\"><\/span><div class=\"list-content\"><h4 class=\"list-title\">Art\u00edculo<\/h4><p><strong>Prevalencia de urgencias atendidas fuera del servicio m\u00e9dico en una multinacional del sector\u00a0bancario en Madrid<\/strong><br \/>\n<em>Natividad Escriv\u00e1, Francisco M. Moreno, Elena Arenal, M\u00aa Antonella Gieco, Laura G\u00f3mez, M\u00aa Antonia Miguel, M\u00aa Carmen Guti\u00e9rrez,\u00a0M\u00aa Cristina P\u00e9rez Herreras, Juan Mu\u00f1oz Guti\u00e9rrez, Luis Reinoso-Barbero<\/em><\/p>\n<p style=\"text-align: justify;\">\n<div class=\"button_wrapper \"><a  href=\"http:\/\/www.aeemt.com\/web\/original-10-mdt-vol33-n1-marzo-2024\/\" target=\"_self\" title=\"Prevalencia de urgencias atendidas fuera del servicio m\u00e9dico en una multinacional del sector bancario en Madrid\" class=\"button_  default medium\"><strong>Ver Resumen<\/strong><\/a><\/div>\n<p style=\"text-align: justify;\">\n<div class=\"button_wrapper \"><a  href=\"https:\/\/www.aeemt.org\/Revista_AEEMT\/VOL_33_N01_2024_MAR\/107-117%20Original_10.pdf\" target=\"_blank\" title=\"Prevalencia de urgencias atendidas fuera del servicio m\u00e9dico en una multinacional del sector bancario en Madrid\" class=\"button_  default medium\"><strong>PDF del art\u00edculo completo<\/strong><\/a><\/div>\n<\/div>\n\t\t<\/div>\n\t\t \n\t\t<div  class=\"\" data-rt-animate=\"animate\" data-rt-animation-type=\"fadeInDown\">\n\t\t<span class=\"icon-doc-alt icon\"><\/span><div class=\"list-content\"><h4 class=\"list-title\">Revisi\u00f3n<\/h4><p><strong>El futuro de la medicina basada en la evidencia: innovaciones tecnol\u00f3gicas y su aplicaci\u00f3n\u00a0en la pr\u00e1ctica cl\u00ednica &#8211; nuevos riesgos laborales<\/strong><br \/>\n<em>Asan Mollov, Laura Otano, Arantza Echeverr\u00eda, Laura Ripodas, Susana \u00c1lvarez, A. Bel\u00e9n Asenjo<\/em><\/p>\n<p style=\"text-align: justify;\">\n<div class=\"button_wrapper \"><a  href=\"http:\/\/www.aeemt.com\/web\/revision-mdt-vol33-n1-marzo-2024\/\" target=\"_self\" title=\"El futuro de la medicina basada en la evidencia: innovaciones tecnol\u00f3gicas y su aplicaci\u00f3n en la pr\u00e1ctica cl\u00ednica - nuevos riesgos laborales\" class=\"button_  default medium\"><strong>Ver Resumen<\/strong><\/a><\/div>\n<p style=\"text-align: justify;\">\n<div class=\"button_wrapper \"><a  href=\"https:\/\/www.aeemt.org\/Revista_AEEMT\/VOL_33_N01_2024_MAR\/118-127%20Revision.pdf\" target=\"_blank\" title=\"El futuro de la medicina basada en la evidencia: innovaciones tecnol\u00f3gicas y su aplicaci\u00f3n en la pr\u00e1ctica cl\u00ednica - nuevos riesgos laborales\" class=\"button_  default medium\"><strong>PDF del art\u00edculo completo<\/strong><\/a><\/div>\n<\/div>\n\t\t<\/div>\n\t\t \n\t\t<div  class=\"\" data-rt-animate=\"animate\" data-rt-animation-type=\"fadeInDown\">\n\t\t<span class=\"icon-doc-alt icon\"><\/span><div class=\"list-content\"><h4 class=\"list-title\">Noticias<\/h4><p><strong>Origen y avances del Observatorio Internacional de Neumoconiosis<\/strong><br \/>\n<em>Diemen Delgado-Garc\u00eda, Robert A. Cohen, Narufumi Suganuma, Anselmo L\u00f3pez-Guill\u00e9n, Stefano Basilico<\/em><\/p>\n<p style=\"text-align: justify;\">\n<div class=\"button_wrapper \"><a  href=\"http:\/\/www.aeemt.com\/web\/noticias-mdt-vol33-n1-marzo-2024\/\" target=\"_self\" title=\"Origen y avances del Observatorio Internacional de Neumoconiosis\" class=\"button_  default medium\"><strong>Ver Resumen<\/strong><\/a><\/div>\n<p style=\"text-align: justify;\">\n<div class=\"button_wrapper \"><a  href=\"https:\/\/www.aeemt.org\/Revista_AEEMT\/VOL_33_N01_2024_MAR\/128-131%20Noticias.pdf\" target=\"_blank\" title=\"Origen y avances del Observatorio Internacional de Neumoconiosis\" class=\"button_  default medium\"><strong>PDF del art\u00edculo completo<\/strong><\/a><\/div>\n<\/div>\n\t\t<\/div>\n\t\t \n\t\t<div  class=\"\" data-rt-animate=\"animate\" data-rt-animation-type=\"fadeInDown\">\n\t\t<span class=\"icon-users icon\"><\/span><div class=\"list-content\"><h4 class=\"list-title\">Equipo editorial<\/h4><p style=\"text-align: justify;\"><strong>DIRECTORA:<\/strong><br \/>\n<em>Dra. M\u00aa Teresa del Campo Balsa<\/em><br \/>\n<strong>FUNDADOR DE LA REVISTA EN 1991:<\/strong><br \/>\n<em>Dr. Javier Sanz Gonz\u00e1lez<\/em><br \/>\n<strong>COMIT\u00c9 DE REDACCI\u00d3N:<\/strong><br \/>\n<em>Dra. Luisa Capdevila Garc\u00eda, Dr. Gregorio Moreno Manzano, Dra. Carmen Mu\u00f1oz Ruiperez, Dr. Luis Reinoso Barbero, Dr. Ignacio S\u00e1nchez-Arcilla Conejo, Dr. Guillermo Soriano Tar\u00edn<\/em><\/p>\n<p style=\"text-align: justify;\">\n<div class=\"button_wrapper \"><a  href=\"http:\/\/www.aeemt.com\/web\/equipo-editorial\/\" target=\"_self\" title=\"Equipo Editorial\" class=\"button_  default medium\"><strong>Ver Equipo Editorial<\/strong><\/a><\/div>\n<\/div>\n\t\t<\/div>\n\t\n\t\t<\/div>\n\t[\/vc_column][\/vc_row]<\/p>\n","protected":false},"excerpt":{"rendered":"<p>[vc_row rt_row_background_width=\u00bbdefault\u00bb rt_row_style=\u00bbdefault-style\u00bb rt_row_borders=\u00bb\u00bb rt_row_paddings=\u00bbtrue\u00bb rt_bg_effect=\u00bbclassic\u00bb rt_bg_image_repeat=\u00bbrepeat\u00bb rt_bg_size=\u00bbcover\u00bb rt_bg_position=\u00bbright top\u00bb rt_bg_attachment=\u00bbscroll\u00bb rt_bg_video_format=\u00bbself-hosted\u00bb][vc_column rt_wrp_col_paddings=\u00bbfalse\u00bb rt_border_top=\u00bb\u00bb rt_border_bottom=\u00bb\u00bb rt_border_left=\u00bb\u00bb rt_border_right=\u00bb\u00bb rt_border_top_mobile=\u00bb\u00bb rt_border_bottom_mobile=\u00bb\u00bb rt_border_left_mobile=\u00bb\u00bb rt_border_right_mobile=\u00bb\u00bb rt_bg_image_repeat=\u00bbrepeat\u00bb rt_bg_size=\u00bbauto auto\u00bb rt_bg_position=\u00bbright top\u00bb rt_bg_attachment=\u00bbscroll\u00bb][vc_column_text]Rev Asoc Esp Espec [&hellip;]<\/p>\n","protected":false},"author":1,"featured_media":0,"parent":0,"menu_order":0,"comment_status":"closed","ping_status":"closed","template":"","meta":{"footnotes":""},"class_list":["post-69142","page","type-page","status-publish","hentry"],"_links":{"self":[{"href":"https:\/\/www.aeemt.org\/web\/wp-json\/wp\/v2\/pages\/69142"}],"collection":[{"href":"https:\/\/www.aeemt.org\/web\/wp-json\/wp\/v2\/pages"}],"about":[{"href":"https:\/\/www.aeemt.org\/web\/wp-json\/wp\/v2\/types\/page"}],"author":[{"embeddable":true,"href":"https:\/\/www.aeemt.org\/web\/wp-json\/wp\/v2\/users\/1"}],"replies":[{"embeddable":true,"href":"https:\/\/www.aeemt.org\/web\/wp-json\/wp\/v2\/comments?post=69142"}],"version-history":[{"count":0,"href":"https:\/\/www.aeemt.org\/web\/wp-json\/wp\/v2\/pages\/69142\/revisions"}],"wp:attachment":[{"href":"https:\/\/www.aeemt.org\/web\/wp-json\/wp\/v2\/media?parent=69142"}],"curies":[{"name":"wp","href":"https:\/\/api.w.org\/{rel}","templated":true}]}}