{"id":6723,"date":"2019-02-12T15:52:12","date_gmt":"2019-02-12T15:52:12","guid":{"rendered":"http:\/\/www.aeemt.com\/web\/?page_id=6723"},"modified":"2019-02-12T15:52:12","modified_gmt":"2019-02-12T15:52:12","slug":"ii-cnmet-2019-ii-congreso-nacional-de-medicina-y-enfermeria-del-trabajo","status":"publish","type":"page","link":"https:\/\/www.aeemt.org\/web\/ii-cnmet-2019-ii-congreso-nacional-de-medicina-y-enfermeria-del-trabajo\/","title":{"rendered":"II CNMET 2019. II Congreso Nacional de Medicina y Enfermer\u00eda del Trabajo"},"content":{"rendered":"<p>[vc_row rt_row_background_width=\u00bbdefault\u00bb rt_row_style=\u00bbdefault-style\u00bb rt_row_borders=\u00bb\u00bb rt_row_paddings=\u00bbtrue\u00bb rt_bg_effect=\u00bbclassic\u00bb rt_bg_image_repeat=\u00bbrepeat\u00bb rt_bg_size=\u00bbcover\u00bb rt_bg_position=\u00bbright top\u00bb rt_bg_attachment=\u00bbscroll\u00bb rt_bg_video_format=\u00bbself-hosted\u00bb][vc_column rt_wrp_col_paddings=\u00bbfalse\u00bb rt_border_top=\u00bb\u00bb rt_border_bottom=\u00bb\u00bb rt_border_left=\u00bb\u00bb rt_border_right=\u00bb\u00bb rt_border_top_mobile=\u00bb\u00bb rt_border_bottom_mobile=\u00bb\u00bb rt_border_left_mobile=\u00bb\u00bb rt_border_right_mobile=\u00bb\u00bb rt_bg_image_repeat=\u00bbrepeat\u00bb rt_bg_size=\u00bbauto auto\u00bb rt_bg_position=\u00bbright top\u00bb rt_bg_attachment=\u00bbscroll\u00bb][vc_column_text]<\/p>\n<h2>Bienvenida<\/h2>\n<p>[\/vc_column_text][vc_column_text]<\/p>\n<p style=\"text-align: justify;\">En nombre de la Asociaci\u00f3n Espa\u00f1ola de Especialistas en Medicina del Trabajo (AEEMT), de la Sociedad Espa\u00f1ola de Medicina y Seguridad del Trabajo (SEMST) ,de la Sociedad Espa\u00f1ola de Salud Laboral en la Administraci\u00f3n P\u00fablica (SESLAP) y de la Asociaci\u00f3n Nacional de Medicina del Trabajo en el \u00c1mbito Sanitario (ANMTAS), haceros part\u00edcipes de que el ilusionante proyecto com\u00fan que iniciamos, con ese avanzar juntos con la organizaci\u00f3n del\u00a0 primer congreso conjunto de las cuatro sociedades-asociaciones de \u00e1mbito nacional de la medicina del trabajo del a\u00f1o dosmildieciseis, se ve continuado con el \u00a0<strong>\u201cII Congreso Nacional de Medicina y Enfermer\u00eda del Trabajo<\/strong>\u201d, y que celebraremos en Madrid, de los d\u00edas 14 al 16 del pr\u00f3ximo mes de febrero del 2019.<\/p>\n<p>[\/vc_column_text][\/vc_column][\/vc_row][vc_row rt_row_background_width=\u00bbdefault\u00bb rt_row_style=\u00bbdefault-style\u00bb rt_row_borders=\u00bb\u00bb rt_row_paddings=\u00bbtrue\u00bb rt_bg_effect=\u00bbclassic\u00bb rt_bg_image_repeat=\u00bbrepeat\u00bb rt_bg_size=\u00bbcover\u00bb rt_bg_position=\u00bbright top\u00bb rt_bg_attachment=\u00bbscroll\u00bb rt_bg_video_format=\u00bbself-hosted\u00bb][vc_column width=\u00bb1\/3&#8243; rt_wrp_col_paddings=\u00bbfalse\u00bb rt_border_top=\u00bb\u00bb rt_border_bottom=\u00bb\u00bb rt_border_left=\u00bb\u00bb rt_border_right=\u00bb\u00bb rt_border_top_mobile=\u00bb\u00bb rt_border_bottom_mobile=\u00bb\u00bb rt_border_left_mobile=\u00bb\u00bb rt_border_right_mobile=\u00bb\u00bb rt_bg_image_repeat=\u00bbrepeat\u00bb rt_bg_size=\u00bbauto auto\u00bb rt_bg_position=\u00bbright top\u00bb rt_bg_attachment=\u00bbscroll\u00bb][vc_column_text]<\/p>\n<h2>Comit\u00e9s<\/h2>\n<p>[\/vc_column_text][vc_column_text]<\/p>\n<div class=\"el-content uk-margin\"><a href=\"http:\/\/www.cnmet2019.com\/index.php\/comites\" target=\"_blank\" rel=\"noopener noreferrer\"><img loading=\"lazy\" decoding=\"async\" src=\"https:\/\/www.aeemt.org\/pruebaweb\/wp-content\/uploads\/2019\/02\/comites.jpg\" alt=\"104821312\" width=\"800\" height=\"533\" \/><\/a><\/div>\n<p>[\/vc_column_text][\/vc_column][vc_column width=\u00bb1\/3&#8243; rt_wrp_col_paddings=\u00bbfalse\u00bb rt_border_top=\u00bb\u00bb rt_border_bottom=\u00bb\u00bb rt_border_left=\u00bb\u00bb rt_border_right=\u00bb\u00bb rt_border_top_mobile=\u00bb\u00bb rt_border_bottom_mobile=\u00bb\u00bb rt_border_left_mobile=\u00bb\u00bb rt_border_right_mobile=\u00bb\u00bb rt_bg_image_repeat=\u00bbrepeat\u00bb rt_bg_size=\u00bbauto auto\u00bb rt_bg_position=\u00bbright top\u00bb rt_bg_attachment=\u00bbscroll\u00bb][vc_column_text]<\/p>\n<h2>Comunicaciones<\/h2>\n<p>[\/vc_column_text][vc_column_text]<\/p>\n<div class=\"el-content uk-margin\"><a href=\"http:\/\/www.cnmet2019.com\/index.php\/comunicaciones\" target=\"_blank\" rel=\"noopener noreferrer\"><img decoding=\"async\" src=\"https:\/\/www.aeemt.org\/pruebaweb\/wp-content\/uploads\/2019\/02\/comunicaciones.png\" alt=\"comunicaciones\" \/><\/a><\/div>\n<p>[\/vc_column_text][\/vc_column][vc_column width=\u00bb1\/3&#8243; rt_wrp_col_paddings=\u00bbfalse\u00bb rt_border_top=\u00bb\u00bb rt_border_bottom=\u00bb\u00bb rt_border_left=\u00bb\u00bb rt_border_right=\u00bb\u00bb rt_border_top_mobile=\u00bb\u00bb rt_border_bottom_mobile=\u00bb\u00bb rt_border_left_mobile=\u00bb\u00bb rt_border_right_mobile=\u00bb\u00bb rt_bg_image_repeat=\u00bbrepeat\u00bb rt_bg_size=\u00bbauto auto\u00bb rt_bg_position=\u00bbright top\u00bb rt_bg_attachment=\u00bbscroll\u00bb][vc_column_text]<\/p>\n<h2>Ubicaci\u00f3n del Congreso.<\/h2>\n<p>[\/vc_column_text][vc_column_text]<iframe loading=\"lazy\" style=\"border: 0;\" src=\"https:\/\/www.google.com\/maps\/embed?pb=!1m18!1m12!1m3!1d3036.2624376041867!2d-3.630188384603145!3d40.44732807936158!2m3!1f0!2f0!3f0!3m2!1i1024!2i768!4f13.1!3m3!1m2!1s0xd422f05b778da89%3A0xc469196792303ec!2sHotel+Meli%C3%A1+Avenida+Am%C3%A9rica!5e0!3m2!1ses!2ses!4v1533132910899\" width=\"100%\" height=\"223\" frameborder=\"0\" allowfullscreen=\"allowfullscreen\"><\/iframe>[\/vc_column_text][\/vc_column][\/vc_row][vc_row rt_row_background_width=\u00bbdefault\u00bb rt_row_style=\u00bbdefault-style\u00bb rt_row_borders=\u00bb\u00bb rt_row_paddings=\u00bbtrue\u00bb rt_bg_effect=\u00bbclassic\u00bb rt_bg_image_repeat=\u00bbrepeat\u00bb rt_bg_size=\u00bbcover\u00bb rt_bg_position=\u00bbright top\u00bb rt_bg_attachment=\u00bbscroll\u00bb rt_bg_video_format=\u00bbself-hosted\u00bb][vc_column width=\u00bb1\/3&#8243; rt_wrp_col_paddings=\u00bbfalse\u00bb rt_border_top=\u00bb\u00bb rt_border_bottom=\u00bb\u00bb rt_border_left=\u00bb\u00bb rt_border_right=\u00bb\u00bb rt_border_top_mobile=\u00bb\u00bb rt_border_bottom_mobile=\u00bb\u00bb rt_border_left_mobile=\u00bb\u00bb rt_border_right_mobile=\u00bb\u00bb rt_bg_image_repeat=\u00bbrepeat\u00bb rt_bg_size=\u00bbauto auto\u00bb rt_bg_position=\u00bbright top\u00bb rt_bg_attachment=\u00bbscroll\u00bb][vc_column_text]<\/p>\n<h2>Programa del II CNMET<\/h2>\n<p>[\/vc_column_text][vc_column_text]<div class=\"button_wrapper  alignleft\"><a  href=\"http:\/\/www.aeemt.com\/web\/wp-content\/uploads\/2019\/02\/Programa_preliminar_cnmet.pdf\" target=\"_blank\" title=\"Programa de actividades del II CNMET\" class=\"button_  default medium\"><strong>Programa de actividades del II CNMET<\/strong><\/a><\/div>[\/vc_column_text][\/vc_column][vc_column width=\u00bb1\/3&#8243; rt_wrp_col_paddings=\u00bbfalse\u00bb rt_border_top=\u00bb\u00bb rt_border_bottom=\u00bb\u00bb rt_border_left=\u00bb\u00bb rt_border_right=\u00bb\u00bb rt_border_top_mobile=\u00bb\u00bb rt_border_bottom_mobile=\u00bb\u00bb rt_border_left_mobile=\u00bb\u00bb rt_border_right_mobile=\u00bb\u00bb rt_bg_image_repeat=\u00bbrepeat\u00bb rt_bg_size=\u00bbauto auto\u00bb rt_bg_position=\u00bbright top\u00bb rt_bg_attachment=\u00bbscroll\u00bb][vc_column_text]<\/p>\n<h2>Libro de comunicaciones<\/h2>\n<p>[\/vc_column_text][vc_column_text]<div class=\"button_wrapper  alignleft\"><a  href=\"http:\/\/www.aeemt.com\/web\/wp-content\/uploads\/2019\/02\/CNMET2019-Libro_Comunicaciones.pdf\" target=\"_blank\" title=\"Libro de comunicaciones del II CNMET\" class=\"button_  default medium\"><strong>Libro de comunicaciones del II CNMET<\/strong><\/a><\/div>[\/vc_column_text][\/vc_column][vc_column width=\u00bb1\/3&#8243; rt_wrp_col_paddings=\u00bbfalse\u00bb rt_border_top=\u00bb\u00bb rt_border_bottom=\u00bb\u00bb rt_border_left=\u00bb\u00bb rt_border_right=\u00bb\u00bb rt_border_top_mobile=\u00bb\u00bb rt_border_bottom_mobile=\u00bb\u00bb rt_border_left_mobile=\u00bb\u00bb rt_border_right_mobile=\u00bb\u00bb rt_bg_image_repeat=\u00bbrepeat\u00bb rt_bg_size=\u00bbauto auto\u00bb rt_bg_position=\u00bbright top\u00bb rt_bg_attachment=\u00bbscroll\u00bb][vc_column_text]<\/p>\n<h2>SEDE<\/h2>\n<p>[\/vc_column_text][vc_column_text]<\/p>\n<p class=\"uk-h3 uk-heading-line uk-text-primary\"><strong><span class=\"rojo uk-text-primary uk-text-success\">HOTEL MELI\u00c1 AVENIDA DE AM\u00c9RICA<\/span><\/strong><\/p>\n<p>Calle de Juan Ignacio Luca de Tena, 36<br \/>\nMadrid\u00a028027 &#8211; Espa\u00f1a<br \/>\nTel: (34) 91 4232400[\/vc_column_text][\/vc_column][\/vc_row][vc_row rt_row_background_width=\u00bbdefault\u00bb rt_row_style=\u00bbdefault-style\u00bb rt_row_borders=\u00bb\u00bb rt_row_paddings=\u00bbtrue\u00bb rt_bg_effect=\u00bbclassic\u00bb rt_bg_image_repeat=\u00bbrepeat\u00bb rt_bg_size=\u00bbcover\u00bb rt_bg_position=\u00bbright top\u00bb rt_bg_attachment=\u00bbscroll\u00bb rt_bg_video_format=\u00bbself-hosted\u00bb][vc_column rt_wrp_col_paddings=\u00bbfalse\u00bb rt_border_top=\u00bb\u00bb rt_border_bottom=\u00bb\u00bb rt_border_left=\u00bb\u00bb rt_border_right=\u00bb\u00bb rt_border_top_mobile=\u00bb\u00bb rt_border_bottom_mobile=\u00bb\u00bb rt_border_left_mobile=\u00bb\u00bb rt_border_right_mobile=\u00bb\u00bb rt_bg_image_repeat=\u00bbrepeat\u00bb rt_bg_size=\u00bbauto auto\u00bb rt_bg_position=\u00bbright top\u00bb rt_bg_attachment=\u00bbscroll\u00bb][vc_column_text][\/vc_column_text][vc_column_text]<\/p>\n<h2>Grupo de Telegram<em> 2CNMET-AEEMT<\/em><\/h2>\n<p>Participa del Congreso II CNMET, est\u00e9s donde est\u00e9s.[\/vc_column_text][vc_column_text]<\/p>\n<p style=\"text-align: center;\"><a href=\"https:\/\/t.me\/joinchat\/IF8HxxUBojzmyq_QqgoOaQ\" target=\"_blank\" rel=\"noopener noreferrer\"><img loading=\"lazy\" decoding=\"async\" class=\"\" src=\"https:\/\/telegram.org\/img\/t_logo.png\" width=\"113\" height=\"113\" \/><\/a><\/p>\n<p style=\"text-align: justify;\">* Aclaraciones para los nuevos usuarios de <strong>Telegram.<\/strong><\/p>\n<p style=\"text-align: justify;\">Si es la primera vez que usas <strong>Telegram<\/strong>, para poder acceder se te pedir\u00e1 un n\u00famero de m\u00f3vil. Al acceder al grupo, el resto de miembros no podr\u00e1n en ning\u00fan modo ver dicho n\u00famero, a excepci\u00f3n de aquellos miembros que ya lo tuviesen memorizado en sus contactos. Podr\u00e1s acceder a este grupo por medio de la <strong><a href=\"https:\/\/web.telegram.org\/#\/im\" target=\"_blank\" rel=\"noopener noreferrer\">web desde cualquier ordenador<\/a><\/strong>\u00a0y desde cualquier Smartphone o Tablet.\u00a0<a class=\"tl_main_download_link tl_main_download_link_android\" href=\"https:\/\/telegram.org\/dl\/android\" target=\"_blank\" rel=\"noopener noreferrer\" data-track=\"AppDownload\/Android\">Telegram for\u00a0<strong>Android<\/strong><\/a>\u00a0,\u00a0<a class=\"tl_main_download_link tl_main_download_link_ios\" href=\"https:\/\/telegram.org\/dl\/ios\" target=\"_blank\" rel=\"noopener noreferrer\" data-track=\"AppDownload\/iOS\">Telegram for\u00a0<strong>iPhone<\/strong>\u00a0\/\u00a0<strong>iPad<\/strong><\/a>,\u00a0<a class=\"tl_main_download_link tl_main_download_link_wp\" href=\"https:\/\/telegram.org\/dl\/wp\" target=\"_blank\" rel=\"noopener noreferrer\" data-track=\"AppDownload\/WP\">Telegram for\u00a0<strong>WP<\/strong><\/a><\/p>\n<p>[\/vc_column_text][\/vc_column][\/vc_row]<\/p>\n","protected":false},"excerpt":{"rendered":"<p>[vc_row rt_row_background_width=\u00bbdefault\u00bb rt_row_style=\u00bbdefault-style\u00bb rt_row_borders=\u00bb\u00bb rt_row_paddings=\u00bbtrue\u00bb rt_bg_effect=\u00bbclassic\u00bb rt_bg_image_repeat=\u00bbrepeat\u00bb rt_bg_size=\u00bbcover\u00bb rt_bg_position=\u00bbright top\u00bb rt_bg_attachment=\u00bbscroll\u00bb rt_bg_video_format=\u00bbself-hosted\u00bb][vc_column rt_wrp_col_paddings=\u00bbfalse\u00bb rt_border_top=\u00bb\u00bb rt_border_bottom=\u00bb\u00bb rt_border_left=\u00bb\u00bb rt_border_right=\u00bb\u00bb rt_border_top_mobile=\u00bb\u00bb rt_border_bottom_mobile=\u00bb\u00bb rt_border_left_mobile=\u00bb\u00bb rt_border_right_mobile=\u00bb\u00bb rt_bg_image_repeat=\u00bbrepeat\u00bb rt_bg_size=\u00bbauto auto\u00bb rt_bg_position=\u00bbright top\u00bb rt_bg_attachment=\u00bbscroll\u00bb][vc_column_text] Bienvenida [\/vc_column_text][vc_column_text] En [&hellip;]<\/p>\n","protected":false},"author":1,"featured_media":0,"parent":0,"menu_order":0,"comment_status":"closed","ping_status":"closed","template":"","meta":{"footnotes":""},"class_list":["post-6723","page","type-page","status-publish","hentry"],"_links":{"self":[{"href":"https:\/\/www.aeemt.org\/web\/wp-json\/wp\/v2\/pages\/6723"}],"collection":[{"href":"https:\/\/www.aeemt.org\/web\/wp-json\/wp\/v2\/pages"}],"about":[{"href":"https:\/\/www.aeemt.org\/web\/wp-json\/wp\/v2\/types\/page"}],"author":[{"embeddable":true,"href":"https:\/\/www.aeemt.org\/web\/wp-json\/wp\/v2\/users\/1"}],"replies":[{"embeddable":true,"href":"https:\/\/www.aeemt.org\/web\/wp-json\/wp\/v2\/comments?post=6723"}],"version-history":[{"count":0,"href":"https:\/\/www.aeemt.org\/web\/wp-json\/wp\/v2\/pages\/6723\/revisions"}],"wp:attachment":[{"href":"https:\/\/www.aeemt.org\/web\/wp-json\/wp\/v2\/media?parent=6723"}],"curies":[{"name":"wp","href":"https:\/\/api.w.org\/{rel}","templated":true}]}}