{"id":67120,"date":"2022-08-08T21:14:28","date_gmt":"2022-08-08T21:14:28","guid":{"rendered":"http:\/\/www.aeemt.com\/web\/?page_id=67120"},"modified":"2022-08-08T21:14:28","modified_gmt":"2022-08-08T21:14:28","slug":"presentacion-de-la-catedra-maz-unizar-2022-2023","status":"publish","type":"page","link":"https:\/\/www.aeemt.org\/web\/presentacion-de-la-catedra-maz-unizar-2022-2023\/","title":{"rendered":"Presentaci\u00f3n de la C\u00e1tedra MAZ Unizar 2022-2023"},"content":{"rendered":"<p>[vc_row rt_row_background_width=\u00bbdefault\u00bb rt_row_style=\u00bbdefault-style\u00bb rt_row_borders=\u00bb\u00bb rt_row_paddings=\u00bbtrue\u00bb rt_bg_effect=\u00bbclassic\u00bb rt_bg_image_repeat=\u00bbrepeat\u00bb rt_bg_size=\u00bbcover\u00bb rt_bg_position=\u00bbright top\u00bb rt_bg_attachment=\u00bbscroll\u00bb rt_bg_video_format=\u00bbself-hosted\u00bb][vc_column width=\u00bb1\/2&#8243; rt_wrp_col_paddings=\u00bbfalse\u00bb rt_border_top=\u00bb\u00bb rt_border_bottom=\u00bb\u00bb rt_border_left=\u00bb\u00bb rt_border_right=\u00bb\u00bb rt_border_top_mobile=\u00bb\u00bb rt_border_bottom_mobile=\u00bb\u00bb rt_border_left_mobile=\u00bb\u00bb rt_border_right_mobile=\u00bb\u00bb rt_bg_image_repeat=\u00bbrepeat\u00bb rt_bg_size=\u00bbauto auto\u00bb rt_bg_position=\u00bbright top\u00bb rt_bg_attachment=\u00bbscroll\u00bb][vc_column_text]<\/p>\n<h3 style=\"text-align: center;\">Organiza<\/h3>\n<h3 style=\"text-align: center;\"><img loading=\"lazy\" decoding=\"async\" class=\"alignnone wp-image-67122 \" src=\"https:\/\/www.aeemt.org\/pruebaweb\/wp-content\/uploads\/2022\/08\/logo_cat_maz.png\" alt=\"\" width=\"430\" height=\"127\" srcset=\"https:\/\/www.aeemt.org\/web\/wp-content\/uploads\/2022\/08\/logo_cat_maz.png 366w, https:\/\/www.aeemt.org\/web\/wp-content\/uploads\/2022\/08\/logo_cat_maz-300x89.png 300w\" sizes=\"(max-width: 430px) 100vw, 430px\" \/><\/h3>\n<p>[\/vc_column_text][\/vc_column][vc_column width=\u00bb1\/2&#8243; rt_wrp_col_paddings=\u00bbfalse\u00bb rt_border_top=\u00bb\u00bb rt_border_bottom=\u00bb\u00bb rt_border_left=\u00bb\u00bb rt_border_right=\u00bb\u00bb rt_border_top_mobile=\u00bb\u00bb rt_border_bottom_mobile=\u00bb\u00bb rt_border_left_mobile=\u00bb\u00bb rt_border_right_mobile=\u00bb\u00bb rt_bg_image_repeat=\u00bbrepeat\u00bb rt_bg_size=\u00bbauto auto\u00bb rt_bg_position=\u00bbright top\u00bb rt_bg_attachment=\u00bbscroll\u00bb][vc_column_text]<\/p>\n<h3 style=\"text-align: center;\">Colabora<\/h3>\n<h3 style=\"text-align: center;\"><img loading=\"lazy\" decoding=\"async\" class=\"wp-image-3534 aligncenter\" src=\"http:\/\/www.aeemt.com\/web\/wp-content\/uploads\/2017\/05\/logoDibujado.png\" alt=\"\" width=\"170\" height=\"172\" srcset=\"https:\/\/www.aeemt.org\/web\/wp-content\/uploads\/2017\/05\/logoDibujado.png 402w, https:\/\/www.aeemt.org\/web\/wp-content\/uploads\/2017\/05\/logoDibujado-100x100.png 100w, https:\/\/www.aeemt.org\/web\/wp-content\/uploads\/2017\/05\/logoDibujado-296x300.png 296w\" sizes=\"(max-width: 170px) 100vw, 170px\" \/><\/h3>\n<p>[\/vc_column_text][\/vc_column][\/vc_row][vc_row rt_row_background_width=\u00bbdefault\u00bb rt_row_style=\u00bbdefault-style\u00bb rt_row_borders=\u00bb\u00bb rt_row_paddings=\u00bbtrue\u00bb rt_bg_effect=\u00bbclassic\u00bb rt_bg_image_repeat=\u00bbrepeat\u00bb rt_bg_size=\u00bbcover\u00bb rt_bg_position=\u00bbright top\u00bb rt_bg_attachment=\u00bbscroll\u00bb rt_bg_video_format=\u00bbself-hosted\u00bb][vc_column rt_wrp_col_paddings=\u00bbfalse\u00bb rt_border_top=\u00bb\u00bb rt_border_bottom=\u00bb\u00bb rt_border_left=\u00bb\u00bb rt_border_right=\u00bb\u00bb rt_border_top_mobile=\u00bb\u00bb rt_border_bottom_mobile=\u00bb\u00bb rt_border_left_mobile=\u00bb\u00bb rt_border_right_mobile=\u00bb\u00bb rt_bg_image_repeat=\u00bbrepeat\u00bb rt_bg_size=\u00bbauto auto\u00bb rt_bg_position=\u00bbright top\u00bb rt_bg_attachment=\u00bbscroll\u00bb][vc_column_text]<\/p>\n<h3 style=\"text-align: justify;\">C\u00e1tedra\u00a0 MAZ<\/h3>\n<p style=\"text-align: justify;\">Nos es grato comunicarles,\u00a0que la <strong>AEEMT,<\/strong> en colaboraci\u00f3n con <a href=\"https:\/\/portal.maz.es\/SitePages\/Index.aspx\" target=\"_blank\" rel=\"noopener noreferrer\"><strong>Mutua\u00a0MAZ<\/strong><\/a> y la <a href=\"https:\/\/medicina.unizar.es\/\" target=\"_blank\" rel=\"noopener noreferrer\"><strong>Universidad de Zaragoza<\/strong><\/a>, pone a disposici\u00f3n de nuestros socios y suscriptores, todas las charlas online que conformaron la <a href=\"https:\/\/medicina.unizar.es\/cmcatedramaz\" target=\"_blank\" rel=\"noopener noreferrer\"><strong>C\u00e1tedra MAZ UNIZAR<\/strong><\/a><\/p>\n<p style=\"text-align: justify;\"><span style=\"font-size: 14pt;\"><strong>Objetivos<\/strong><\/span><\/p>\n<p style=\"font-weight: 400; text-align: justify;\"><span style=\"font-weight: 400;\">Es el objetivo de esta C\u00e1tedra corregir el d\u00e9ficit de investigaci\u00f3n cient\u00edfica de calidad en las actividades de Medicina del Trabajo que desarrollan las mutuas colaboradoras de la Seguridad Social \u2013 investigaci\u00f3n basada en evidencias (MBE)-, y dar fin al d\u00e9ficit de formaci\u00f3n en Medicina del Trabajo de los profesionales sanitarios, en aras a una mejor cooperaci\u00f3n en la cobertura de las prestaciones de Seguridad Social, generando investigaci\u00f3n avanzada que permita la adecuada evoluci\u00f3n e integraci\u00f3n del mundo acad\u00e9mico y empresarial, con el fin de desarrollar una pol\u00edtica de formaci\u00f3n pr\u00e1ctica de los estudiantes Universitarios y los profesionales del sector empresarial, as\u00ed pues son objetivos de la C\u00e1tedra MAZ:<\/span><\/p>\n<ul style=\"font-weight: 400; text-align: justify;\">\n<li><span style=\"font-weight: 400;\">Desarrollar la cooperaci\u00f3n entre la Universidad de Zaragoza y MAZ favoreciendo la creaci\u00f3n de nuevo conocimiento y promoviendo la difusi\u00f3n de todos los aspectos de inter\u00e9s com\u00fan entre ambas.<\/span><\/li>\n<li><span style=\"font-weight: 400;\">Generar investigaci\u00f3n avanzada, que permita la adecuada evoluci\u00f3n e integraci\u00f3n del mundo acad\u00e9mico y empresarial.<\/span><\/li>\n<li><span style=\"font-weight: 400;\">Desarrollar una pol\u00edtica de formaci\u00f3n pr\u00e1ctica de los estudiantes universitarios y los profesionales del sector empresarial<\/span><\/li>\n<\/ul>\n<p style=\"text-align: justify;\">Estos cursos, estar\u00e1n disponibles a partir del primer jueves de cada mes, comenzando el\u00a0<strong>1 de septiembre de 2022, <\/strong>con el\u00a0<a href=\"http:\/\/www.aeemt.com\/web\/jornada-1-catedra-maz-unizar-2022-2023-areas-de-influencia-de-la-medicina-del-trabajo\/\" target=\"_blank\" rel=\"noopener noreferrer\"><span lang=\"pt-BR\"><strong><em>Dr. Luis Reinoso Barbero\u00a0<\/em><\/strong>con la charla\u00a0\u00ab<strong>\u00c1reas de influencia de la Medicina del Trabajo\u00bb.<\/strong><\/span><\/a><\/p>\n<p style=\"text-align: justify;\">A continuaci\u00f3n el jueves\u00a0<strong>6 de octubre de 2022, <\/strong>el\u00a0<strong><em>Dr. Jer\u00f3nimo Maqueda <\/em><\/strong>nos hablar\u00e1 sobre la <strong>\u00abImportancia de la investigaci\u00f3n en Medicina del Trabajo: \u00bfEstamos respondiendo?\u00bb<\/strong><\/p>\n<p style=\"text-align: justify;\">En el men\u00fa <strong>Cursos Online<\/strong> de\u00a0la web <a href=\"http:\/\/www.aeemt.com\/web\/\" target=\"_blank\" rel=\"noopener noreferrer\"><strong>AEEMT<\/strong><\/a>, encontrar\u00e9is el submen\u00fa <strong>Catedra MAZ, <\/strong>en d\u00f3nde de iremos colocando el acceso a las charlas. Toda est\u00e1 informaci\u00f3n, os la facilitaremos tambi\u00e9n en nuestras redes sociales, correo electr\u00f3nico, etc.<\/p>\n<p style=\"text-align: justify;\">Esperamos que esta actividad les resulte de inter\u00e9s.<\/p>\n<p style=\"text-align: justify;\">Gracias a todos.<\/p>\n<p>[\/vc_column_text][vc_column_text]<\/p>\n<p style=\"text-align: justify;\">A continuaci\u00f3n os facilitamos un video introductorio sobre esta actividad, con la participaci\u00f3n por orden de aparici\u00f3n de :<\/p>\n<p style=\"text-align: justify;\"><em><strong><a href=\"https:\/\/www.ceoezaragoza.com\/guillermo-de-vilchez-director-gerente-de-maz\/\" target=\"_blank\" rel=\"noopener noreferrer\">D. Guillermo de Vilchez Lafuente<\/a><\/strong><\/em>, Director Gerente de MAZ.<\/p>\n<p style=\"text-align: justify;\"><em><strong><a href=\"https:\/\/es.linkedin.com\/in\/andres-alc%C3%A1zar-crevillen-9710ab2b\" target=\"_blank\" rel=\"noopener noreferrer\">D. Andr\u00e9s Alc\u00e1zar Crevill\u00e9n<\/a><\/strong><\/em>, Director de Prestaciones Sanitarias de MAZ y Jefe de Estudios de la C\u00e1tedra MAZ.<\/p>\n<p style=\"text-align: justify;\"><em><strong><a href=\"https:\/\/medicina.unizar.es\/CMDirectora\">D\u00aa. Bego\u00f1a Mart\u00ednez Jarreta<\/a>,<\/strong><\/em>\u00a0Catedr\u00e1tica de Medicina Legal y Forense, de la Universidad de Zaragoza y Directora de la C\u00e1tedra MAZ<\/p>\n<p>[\/vc_column_text][vc_video link=\u00bbhttps:\/\/www.youtube.com\/watch?v=ZTHkGqQG2jw\u00bb][\/vc_column][\/vc_row][vc_row rt_row_background_width=\u00bbdefault\u00bb rt_row_style=\u00bbdefault-style\u00bb rt_row_borders=\u00bb\u00bb rt_row_paddings=\u00bbtrue\u00bb rt_bg_effect=\u00bbclassic\u00bb rt_bg_image_repeat=\u00bbrepeat\u00bb rt_bg_size=\u00bbcover\u00bb rt_bg_position=\u00bbright top\u00bb rt_bg_attachment=\u00bbscroll\u00bb rt_bg_video_format=\u00bbself-hosted\u00bb][vc_column width=\u00bb1\/3&#8243; rt_wrp_col_paddings=\u00bbfalse\u00bb rt_border_top=\u00bb\u00bb rt_border_bottom=\u00bb\u00bb rt_border_left=\u00bb\u00bb rt_border_right=\u00bb\u00bb rt_border_top_mobile=\u00bb\u00bb rt_border_bottom_mobile=\u00bb\u00bb rt_border_left_mobile=\u00bb\u00bb rt_border_right_mobile=\u00bb\u00bb rt_bg_image_repeat=\u00bbrepeat\u00bb rt_bg_size=\u00bbauto auto\u00bb rt_bg_position=\u00bbright top\u00bb rt_bg_attachment=\u00bbscroll\u00bb][vc_column_text]<\/p>\n<p style=\"text-align: center;\"><strong>Luis Reinoso-Barbero<\/strong><br \/>\n<em>Presidente AEEMT<\/em><\/p>\n<p>[\/vc_column_text][\/vc_column][vc_column width=\u00bb1\/3&#8243; rt_wrp_col_paddings=\u00bbfalse\u00bb rt_border_top=\u00bb\u00bb rt_border_bottom=\u00bb\u00bb rt_border_left=\u00bb\u00bb rt_border_right=\u00bb\u00bb rt_border_top_mobile=\u00bb\u00bb rt_border_bottom_mobile=\u00bb\u00bb rt_border_left_mobile=\u00bb\u00bb rt_border_right_mobile=\u00bb\u00bb rt_bg_image_repeat=\u00bbrepeat\u00bb rt_bg_size=\u00bbauto auto\u00bb rt_bg_position=\u00bbright top\u00bb rt_bg_attachment=\u00bbscroll\u00bb][vc_column_text]<\/p>\n<p style=\"text-align: center;\"><strong>Dra. Carmen Serrano<\/strong><br \/>\n<em>Vicepta. AEEMT<\/em><\/p>\n<p>[\/vc_column_text][\/vc_column][vc_column width=\u00bb1\/3&#8243; rt_wrp_col_paddings=\u00bbfalse\u00bb rt_border_top=\u00bb\u00bb rt_border_bottom=\u00bb\u00bb rt_border_left=\u00bb\u00bb rt_border_right=\u00bb\u00bb rt_border_top_mobile=\u00bb\u00bb rt_border_bottom_mobile=\u00bb\u00bb rt_border_left_mobile=\u00bb\u00bb rt_border_right_mobile=\u00bb\u00bb rt_bg_image_repeat=\u00bbrepeat\u00bb rt_bg_size=\u00bbauto auto\u00bb rt_bg_position=\u00bbright top\u00bb rt_bg_attachment=\u00bbscroll\u00bb][vc_column_text]<a href=\"https:\/\/medicina.unizar.es\/CMCatedraMaz#inicio\" target=\"_blank\" rel=\"noopener noreferrer\"><img loading=\"lazy\" decoding=\"async\" class=\"wp-image-67122 aligncenter\" src=\"https:\/\/www.aeemt.org\/pruebaweb\/wp-content\/uploads\/2022\/08\/logo_cat_maz.png\" alt=\"\" width=\"230\" height=\"68\" srcset=\"https:\/\/www.aeemt.org\/web\/wp-content\/uploads\/2022\/08\/logo_cat_maz.png 366w, https:\/\/www.aeemt.org\/web\/wp-content\/uploads\/2022\/08\/logo_cat_maz-300x89.png 300w\" sizes=\"(max-width: 230px) 100vw, 230px\" \/><\/a>[\/vc_column_text][\/vc_column][\/vc_row]<\/p>\n","protected":false},"excerpt":{"rendered":"<p>[vc_row rt_row_background_width=\u00bbdefault\u00bb rt_row_style=\u00bbdefault-style\u00bb rt_row_borders=\u00bb\u00bb rt_row_paddings=\u00bbtrue\u00bb rt_bg_effect=\u00bbclassic\u00bb rt_bg_image_repeat=\u00bbrepeat\u00bb rt_bg_size=\u00bbcover\u00bb rt_bg_position=\u00bbright top\u00bb rt_bg_attachment=\u00bbscroll\u00bb rt_bg_video_format=\u00bbself-hosted\u00bb][vc_column width=\u00bb1\/2&#8243; rt_wrp_col_paddings=\u00bbfalse\u00bb rt_border_top=\u00bb\u00bb rt_border_bottom=\u00bb\u00bb rt_border_left=\u00bb\u00bb rt_border_right=\u00bb\u00bb rt_border_top_mobile=\u00bb\u00bb rt_border_bottom_mobile=\u00bb\u00bb rt_border_left_mobile=\u00bb\u00bb rt_border_right_mobile=\u00bb\u00bb rt_bg_image_repeat=\u00bbrepeat\u00bb rt_bg_size=\u00bbauto auto\u00bb rt_bg_position=\u00bbright top\u00bb rt_bg_attachment=\u00bbscroll\u00bb][vc_column_text] Organiza [\/vc_column_text][\/vc_column][vc_column [&hellip;]<\/p>\n","protected":false},"author":1,"featured_media":0,"parent":0,"menu_order":0,"comment_status":"closed","ping_status":"closed","template":"","meta":{"footnotes":""},"class_list":["post-67120","page","type-page","status-publish","hentry"],"_links":{"self":[{"href":"https:\/\/www.aeemt.org\/web\/wp-json\/wp\/v2\/pages\/67120"}],"collection":[{"href":"https:\/\/www.aeemt.org\/web\/wp-json\/wp\/v2\/pages"}],"about":[{"href":"https:\/\/www.aeemt.org\/web\/wp-json\/wp\/v2\/types\/page"}],"author":[{"embeddable":true,"href":"https:\/\/www.aeemt.org\/web\/wp-json\/wp\/v2\/users\/1"}],"replies":[{"embeddable":true,"href":"https:\/\/www.aeemt.org\/web\/wp-json\/wp\/v2\/comments?post=67120"}],"version-history":[{"count":0,"href":"https:\/\/www.aeemt.org\/web\/wp-json\/wp\/v2\/pages\/67120\/revisions"}],"wp:attachment":[{"href":"https:\/\/www.aeemt.org\/web\/wp-json\/wp\/v2\/media?parent=67120"}],"curies":[{"name":"wp","href":"https:\/\/api.w.org\/{rel}","templated":true}]}}