{"id":6584,"date":"2019-01-22T17:27:33","date_gmt":"2019-01-22T17:27:33","guid":{"rendered":"http:\/\/www.aeemt.com\/web\/?page_id=6584"},"modified":"2019-01-22T17:27:33","modified_gmt":"2019-01-22T17:27:33","slug":"proyecto-salvavidas-la-principal-iniciativa-de-cardioproteccion-en-espana","status":"publish","type":"page","link":"https:\/\/www.aeemt.org\/web\/proyecto-salvavidas-la-principal-iniciativa-de-cardioproteccion-en-espana\/","title":{"rendered":"Proyecto Salvavidas. La principal iniciativa de cardioprotecci\u00f3n en Espa\u00f1a"},"content":{"rendered":"<p>[vc_row rt_row_background_width=\u00bbdefault\u00bb rt_row_style=\u00bbdefault-style\u00bb rt_row_borders=\u00bb\u00bb rt_row_paddings=\u00bbtrue\u00bb rt_bg_effect=\u00bbclassic\u00bb rt_bg_image_repeat=\u00bbrepeat\u00bb rt_bg_size=\u00bbcover\u00bb rt_bg_position=\u00bbright top\u00bb rt_bg_attachment=\u00bbscroll\u00bb rt_bg_video_format=\u00bbself-hosted\u00bb][vc_column width=\u00bb1\/2&#8243; rt_wrp_col_paddings=\u00bbfalse\u00bb rt_border_top=\u00bb\u00bb rt_border_bottom=\u00bb\u00bb rt_border_left=\u00bb\u00bb rt_border_right=\u00bb\u00bb rt_border_top_mobile=\u00bb\u00bb rt_border_bottom_mobile=\u00bb\u00bb rt_border_left_mobile=\u00bb\u00bb rt_border_right_mobile=\u00bb\u00bb rt_bg_image_repeat=\u00bbrepeat\u00bb rt_bg_size=\u00bbauto auto\u00bb rt_bg_position=\u00bbright top\u00bb rt_bg_attachment=\u00bbscroll\u00bb][vc_column_text]<img loading=\"lazy\" decoding=\"async\" class=\"alignnone wp-image-5628 aligncenter\" src=\"http:\/\/www.aeemt.com\/web\/wp-content\/uploads\/2018\/06\/proyecto-salvavidas-logo-desfibriladores-1.jpg\" alt=\"\" width=\"622\" height=\"195\" srcset=\"https:\/\/www.aeemt.org\/web\/wp-content\/uploads\/2018\/06\/proyecto-salvavidas-logo-desfibriladores-1.jpg 2197w, https:\/\/www.aeemt.org\/web\/wp-content\/uploads\/2018\/06\/proyecto-salvavidas-logo-desfibriladores-1-600x188.jpg 600w, https:\/\/www.aeemt.org\/web\/wp-content\/uploads\/2018\/06\/proyecto-salvavidas-logo-desfibriladores-1-300x94.jpg 300w, https:\/\/www.aeemt.org\/web\/wp-content\/uploads\/2018\/06\/proyecto-salvavidas-logo-desfibriladores-1-1024x321.jpg 1024w, https:\/\/www.aeemt.org\/web\/wp-content\/uploads\/2018\/06\/proyecto-salvavidas-logo-desfibriladores-1-768x241.jpg 768w, https:\/\/www.aeemt.org\/web\/wp-content\/uploads\/2018\/06\/proyecto-salvavidas-logo-desfibriladores-1-1536x482.jpg 1536w, https:\/\/www.aeemt.org\/web\/wp-content\/uploads\/2018\/06\/proyecto-salvavidas-logo-desfibriladores-1-2048x642.jpg 2048w\" sizes=\"(max-width: 622px) 100vw, 622px\" \/>[\/vc_column_text][\/vc_column][vc_column width=\u00bb1\/2&#8243; rt_wrp_col_paddings=\u00bbfalse\u00bb rt_border_top=\u00bb\u00bb rt_border_bottom=\u00bb\u00bb rt_border_left=\u00bb\u00bb rt_border_right=\u00bb\u00bb rt_border_top_mobile=\u00bb\u00bb rt_border_bottom_mobile=\u00bb\u00bb rt_border_left_mobile=\u00bb\u00bb rt_border_right_mobile=\u00bb\u00bb rt_bg_image_repeat=\u00bbrepeat\u00bb rt_bg_size=\u00bbauto auto\u00bb rt_bg_position=\u00bbright top\u00bb rt_bg_attachment=\u00bbscroll\u00bb][vc_column_text]<img loading=\"lazy\" decoding=\"async\" class=\" wp-image-6589 aligncenter\" src=\"http:\/\/www.aeemt.com\/web\/wp-content\/uploads\/2019\/01\/logo-anek.jpg\" alt=\"\" width=\"412\" height=\"188\" srcset=\"https:\/\/www.aeemt.org\/web\/wp-content\/uploads\/2019\/01\/logo-anek.jpg 567w, https:\/\/www.aeemt.org\/web\/wp-content\/uploads\/2019\/01\/logo-anek-300x137.jpg 300w\" sizes=\"(max-width: 412px) 100vw, 412px\" \/>[\/vc_column_text][\/vc_column][\/vc_row][vc_row rt_row_background_width=\u00bbdefault\u00bb rt_row_style=\u00bbdefault-style\u00bb rt_row_borders=\u00bb\u00bb rt_row_paddings=\u00bbtrue\u00bb rt_bg_effect=\u00bbclassic\u00bb rt_bg_image_repeat=\u00bbrepeat\u00bb rt_bg_size=\u00bbcover\u00bb rt_bg_position=\u00bbright top\u00bb rt_bg_attachment=\u00bbscroll\u00bb rt_bg_video_format=\u00bbself-hosted\u00bb][vc_column rt_wrp_col_paddings=\u00bbfalse\u00bb rt_border_top=\u00bb\u00bb rt_border_bottom=\u00bb\u00bb rt_border_left=\u00bb\u00bb rt_border_right=\u00bb\u00bb rt_border_top_mobile=\u00bb\u00bb rt_border_bottom_mobile=\u00bb\u00bb rt_border_left_mobile=\u00bb\u00bb rt_border_right_mobile=\u00bb\u00bb rt_bg_image_repeat=\u00bbrepeat\u00bb rt_bg_size=\u00bbauto auto\u00bb rt_bg_position=\u00bbright top\u00bb rt_bg_attachment=\u00bbscroll\u00bb][vc_column_text]<\/p>\n<div>\n<div class=\"container\">\n<div class=\"row\">\n<div class=\"col-lg-12 col-md-12 col-sm-12 col-xs-12\">\n<p class=\"text-center\" style=\"text-align: justify;\">El\u00a0<b>Proyecto Salvavidas<\/b>\u00a0es la principal iniciativa de cardioprotecci\u00f3n en Espa\u00f1a con m\u00e1s de 6.000 entidades cardioprotegidas. La finalidad es colocar a nuestro pais a la altura en cardioprotecci\u00f3n de otros paises Europeos.<\/p>\n<p class=\"text-justify\" style=\"text-align: justify;\">Como cardiorpoteccion se entiende la instalaci\u00f3n de desfibriladores en el mayor numero de entidades, el mantenimiento de los mismos, la colocaci\u00f3n de carteleria y vitrinas para su correcta ubicaci\u00f3n, la formaci\u00f3n en Soporte Vital Basico y uso del desfibrilador y la adecuaci\u00f3n y registro que exigen las distintas Comunidades Autonomas.<\/p>\n<p class=\"text-justify\" style=\"text-align: justify;\">El\u00a0<b>Proyecto Salvavidas<\/b>\u00a0trabaja la cardioprotecci\u00f3n de 3 formas distintas:<\/p>\n<ul style=\"text-align: justify;\">\n<li><b>1.<\/b>\u00a0La comercializaci\u00f3n directa (link a espacio cardioprotegido) mediante Renting y venta de todos los elementos que componen la cardioprotecci\u00f3n<\/li>\n<li><b>2.<\/b>\u00a0Las camapa\u00f1as solidarias como las pulseras salvavidas y el cardiovending.<\/li>\n<li><b>3.<\/b>\u00a0Mediante acuerdos con patners como sociedades de prevenci\u00f3n donde gestionamos toda la cardioprotecci\u00f3n de sus clientes.<\/li>\n<\/ul>\n<p class=\"text-justify\" style=\"text-align: justify;\">El\u00a0<b>Proyecto Salvavidas<\/b>\u00a0es importador oficial de ZOLL (EEUU) principal marca a nivel mundial, descubridor entre otras de los marcapasos y distribuidor de distintas marcas para adecuarnos a todo tipo de clientes.<\/p>\n<p class=\"text-justify\" style=\"text-align: justify;\">El Proyecto Salvavidas gestiona la formaci\u00f3n directamente estando homologados en todas las CCAA con normativa al respecto de la formaci\u00f3n en desfibriladores. Todo el material de formaci\u00f3n es propio, libros, folletos, carnets &#8230; y registramos sin coste adicional a los alumnos en las distintas CCAA. Asi mismo y de forma gratuita damos apoyo con nuestro curso Online de forma gratuita a todos nuestros clientes.<\/p>\n<p class=\"text-justify\" style=\"text-align: justify;\">El\u00a0<b>Proyecto Salvavidas<\/b>\u00a0realiza acciones, eventos y difusi\u00f3n sobre la importancia de los desfibriladores, mediante nuestras redes sociales puedes encontrar mucha informaci\u00f3n, tenemos m\u00e1s de 60.000 seguidores.<\/p>\n<\/div>\n<\/div>\n<\/div>\n<\/div>\n<div>\n<div class=\"container\">\n<div class=\"row\">\n<div class=\"col-lg-6 col-md-6 col-sm-12 col-xs-12 row-bord-1 text-justify\">\n<p style=\"text-align: justify;\"><strong>El Proyecto Salvavidas<\/strong>\u00a0es una iniciativa social que pretende concienciar a los no sanitarios de la importancia de tener una vida m\u00e1s saludable, de la necesidad de aprender t\u00e9cnicas de reanimaci\u00f3n y primeros auxilios, as\u00ed como lograr una mayor implantaci\u00f3n de desfibriladores semiautom\u00e1ticos.<\/p>\n<p style=\"text-align: justify;\">Un desfibrilador semiautom\u00e1tico lo puede usar cualquier persona con un m\u00ednimo de formaci\u00f3n. En pa\u00edses de nuestro entorno se encuentran presentes en todos los edificios p\u00fablicos y privados con una afluencia de m\u00e1s de 100 personas al d\u00eda.<\/p>\n<p style=\"text-align: justify;\"><strong>El Proyecto Salvavidas<\/strong>\u00a0est\u00e1 enfocado de forma popular, utilizando im\u00e1genes y sistemas muy directos y divertidos con el fin de convertir la prevenci\u00f3n y la cardioprotecci\u00f3n en asuntos cotidianos, algo que a los no sanitarios les sea f\u00e1cil de aprender y aplicar.<\/p>\n<p style=\"text-align: justify;\"><strong>El Proyecto Salvavidas<\/strong>\u00a0dispone de herramientas de auto-financiaci\u00f3n como las\u00a0<a href=\"https:\/\/salvavidas.com\/pulseras-salvavidas\" rel=\"nofollow\">Pulseras Salvavidas,<\/a>\u00a0elementos que convierten a los sistemas de cardioprotecci\u00f3n en algo de todos, algo en donde los miembros de un club, colegio, asociaci\u00f3n, federaci\u00f3n o empresa participan.<\/p>\n<p style=\"text-align: justify;\"><strong>-Descarga el PDF para mas informaci\u00f3n sobre el Proyecto Salvavidas<\/strong><\/p>\n<p style=\"text-align: justify;\"><a href=\"http:\/\/www.aeemt.com\/web\/wp-content\/uploads\/2019\/01\/ProyectoSalvavidas-AltaCalidad.pdf\" target=\"_blank\" rel=\"noopener noreferrer\"><img loading=\"lazy\" decoding=\"async\" class=\"alignnone wp-image-6592\" src=\"http:\/\/www.aeemt.com\/web\/wp-content\/uploads\/2019\/01\/ProyectoSalvavidas-AltaCalidad-portada-1.jpg\" alt=\"\" width=\"255\" height=\"330\" srcset=\"https:\/\/www.aeemt.org\/web\/wp-content\/uploads\/2019\/01\/ProyectoSalvavidas-AltaCalidad-portada-1.jpg 348w, https:\/\/www.aeemt.org\/web\/wp-content\/uploads\/2019\/01\/ProyectoSalvavidas-AltaCalidad-portada-1-232x300.jpg 232w\" sizes=\"(max-width: 255px) 100vw, 255px\" \/><\/a><\/p>\n<\/div>\n<\/div>\n<\/div>\n<\/div>\n<p>[\/vc_column_text][\/vc_column][\/vc_row]<\/p>\n","protected":false},"excerpt":{"rendered":"<p>[vc_row rt_row_background_width=\u00bbdefault\u00bb rt_row_style=\u00bbdefault-style\u00bb rt_row_borders=\u00bb\u00bb rt_row_paddings=\u00bbtrue\u00bb rt_bg_effect=\u00bbclassic\u00bb rt_bg_image_repeat=\u00bbrepeat\u00bb rt_bg_size=\u00bbcover\u00bb rt_bg_position=\u00bbright top\u00bb rt_bg_attachment=\u00bbscroll\u00bb rt_bg_video_format=\u00bbself-hosted\u00bb][vc_column width=\u00bb1\/2&#8243; rt_wrp_col_paddings=\u00bbfalse\u00bb rt_border_top=\u00bb\u00bb rt_border_bottom=\u00bb\u00bb rt_border_left=\u00bb\u00bb rt_border_right=\u00bb\u00bb rt_border_top_mobile=\u00bb\u00bb rt_border_bottom_mobile=\u00bb\u00bb rt_border_left_mobile=\u00bb\u00bb rt_border_right_mobile=\u00bb\u00bb rt_bg_image_repeat=\u00bbrepeat\u00bb rt_bg_size=\u00bbauto auto\u00bb rt_bg_position=\u00bbright top\u00bb rt_bg_attachment=\u00bbscroll\u00bb][vc_column_text][\/vc_column_text][\/vc_column][vc_column width=\u00bb1\/2&#8243; rt_wrp_col_paddings=\u00bbfalse\u00bb [&hellip;]<\/p>\n","protected":false},"author":1,"featured_media":0,"parent":0,"menu_order":0,"comment_status":"closed","ping_status":"closed","template":"","meta":{"footnotes":""},"class_list":["post-6584","page","type-page","status-publish","hentry"],"_links":{"self":[{"href":"https:\/\/www.aeemt.org\/web\/wp-json\/wp\/v2\/pages\/6584"}],"collection":[{"href":"https:\/\/www.aeemt.org\/web\/wp-json\/wp\/v2\/pages"}],"about":[{"href":"https:\/\/www.aeemt.org\/web\/wp-json\/wp\/v2\/types\/page"}],"author":[{"embeddable":true,"href":"https:\/\/www.aeemt.org\/web\/wp-json\/wp\/v2\/users\/1"}],"replies":[{"embeddable":true,"href":"https:\/\/www.aeemt.org\/web\/wp-json\/wp\/v2\/comments?post=6584"}],"version-history":[{"count":0,"href":"https:\/\/www.aeemt.org\/web\/wp-json\/wp\/v2\/pages\/6584\/revisions"}],"wp:attachment":[{"href":"https:\/\/www.aeemt.org\/web\/wp-json\/wp\/v2\/media?parent=6584"}],"curies":[{"name":"wp","href":"https:\/\/api.w.org\/{rel}","templated":true}]}}