{"id":6339,"date":"2018-10-11T16:29:12","date_gmt":"2018-10-11T16:29:12","guid":{"rendered":"http:\/\/www.aeemt.com\/web\/?page_id=6339"},"modified":"2018-10-11T16:29:12","modified_gmt":"2018-10-11T16:29:12","slug":"cursos-clinifarma-aeemt-2018-papel-del-medico-del-trabajo-diagnostico-precoz-neoplasias-urologicas-streaming","status":"publish","type":"page","link":"https:\/\/www.aeemt.org\/web\/cursos-clinifarma-aeemt-2018-papel-del-medico-del-trabajo-diagnostico-precoz-neoplasias-urologicas-streaming\/","title":{"rendered":"Cursos Clinifarma-AEEMT 2018. Papel del m\u00e9dico del trabajo en el diagn\u00f3stico precoz de las neoplasias urol\u00f3gicas. Streaming"},"content":{"rendered":"Debes estar conectado para ver este contenido.","protected":false},"excerpt":{"rendered":"Debes estar conectado para ver este contenido.","protected":false},"author":1,"featured_media":0,"parent":0,"menu_order":0,"comment_status":"closed","ping_status":"closed","template":"","meta":{"footnotes":""},"class_list":["post-6339","page","type-page","status-publish","hentry"],"_links":{"self":[{"href":"https:\/\/www.aeemt.org\/web\/wp-json\/wp\/v2\/pages\/6339"}],"collection":[{"href":"https:\/\/www.aeemt.org\/web\/wp-json\/wp\/v2\/pages"}],"about":[{"href":"https:\/\/www.aeemt.org\/web\/wp-json\/wp\/v2\/types\/page"}],"author":[{"embeddable":true,"href":"https:\/\/www.aeemt.org\/web\/wp-json\/wp\/v2\/users\/1"}],"replies":[{"embeddable":true,"href":"https:\/\/www.aeemt.org\/web\/wp-json\/wp\/v2\/comments?post=6339"}],"version-history":[{"count":0,"href":"https:\/\/www.aeemt.org\/web\/wp-json\/wp\/v2\/pages\/6339\/revisions"}],"wp:attachment":[{"href":"https:\/\/www.aeemt.org\/web\/wp-json\/wp\/v2\/media?parent=6339"}],"curies":[{"name":"wp","href":"https:\/\/api.w.org\/{rel}","templated":true}]}}