{"id":56841,"date":"2021-11-12T08:23:39","date_gmt":"2021-11-12T08:23:39","guid":{"rendered":"http:\/\/www.aeemt.com\/web\/?page_id=56841"},"modified":"2021-11-12T08:23:39","modified_gmt":"2021-11-12T08:23:39","slug":"video-grabado-sesion-aeemt-2021-prevencion-de-las-infecciones-respiratorias-por-agentes-biologicos-en-los-sprl","status":"publish","type":"page","link":"https:\/\/www.aeemt.org\/web\/video-grabado-sesion-aeemt-2021-prevencion-de-las-infecciones-respiratorias-por-agentes-biologicos-en-los-sprl\/","title":{"rendered":"Video Grabado Sesi\u00f3n AEEMT 2021. Prevenci\u00f3n de las Infecciones Respiratorias por agentes biol\u00f3gicos en los SPRL. Vacunaci\u00f3n del adulto en el medio laboral"},"content":{"rendered":"<p>[vc_row rt_row_background_width=\u00bbdefault\u00bb rt_row_style=\u00bbdefault-style\u00bb rt_row_borders=\u00bb\u00bb rt_row_paddings=\u00bbtrue\u00bb rt_bg_effect=\u00bbclassic\u00bb rt_bg_image_repeat=\u00bbrepeat\u00bb rt_bg_size=\u00bbcover\u00bb rt_bg_position=\u00bbright top\u00bb rt_bg_attachment=\u00bbscroll\u00bb rt_bg_video_format=\u00bbself-hosted\u00bb][vc_column width=\u00bb1\/6&#8243; rt_wrp_col_paddings=\u00bbfalse\u00bb rt_border_top=\u00bb\u00bb rt_border_bottom=\u00bb\u00bb rt_border_left=\u00bb\u00bb rt_border_right=\u00bb\u00bb rt_border_top_mobile=\u00bb\u00bb rt_border_bottom_mobile=\u00bb\u00bb rt_border_left_mobile=\u00bb\u00bb rt_border_right_mobile=\u00bb\u00bb rt_bg_image_repeat=\u00bbrepeat\u00bb rt_bg_size=\u00bbauto auto\u00bb rt_bg_position=\u00bbright top\u00bb rt_bg_attachment=\u00bbscroll\u00bb][vc_column_text]<\/p>\n<h3 style=\"text-align: center;\">Organiza<\/h3>\n<h3 style=\"text-align: center;\"><a href=\"http:\/\/www.aeemt.com\/web\/\" target=\"_blank\" rel=\"noopener noreferrer\"><img loading=\"lazy\" decoding=\"async\" class=\"wp-image-3534 aligncenter\" src=\"http:\/\/www.aeemt.com\/web\/wp-content\/uploads\/2017\/05\/logoDibujado.png\" alt=\"\" width=\"95\" height=\"96\" srcset=\"https:\/\/www.aeemt.org\/web\/wp-content\/uploads\/2017\/05\/logoDibujado.png 402w, https:\/\/www.aeemt.org\/web\/wp-content\/uploads\/2017\/05\/logoDibujado-300x300.png 300w, https:\/\/www.aeemt.org\/web\/wp-content\/uploads\/2017\/05\/logoDibujado-100x100.png 100w, https:\/\/www.aeemt.org\/web\/wp-content\/uploads\/2017\/05\/logoDibujado-296x300.png 296w, https:\/\/www.aeemt.org\/web\/wp-content\/uploads\/2017\/05\/logoDibujado-150x150.png 150w\" sizes=\"(max-width: 95px) 100vw, 95px\" \/><\/a><\/h3>\n<p>[\/vc_column_text][\/vc_column][vc_column width=\u00bb1\/6&#8243; rt_wrp_col_paddings=\u00bbfalse\u00bb rt_border_top=\u00bb\u00bb rt_border_bottom=\u00bb\u00bb rt_border_left=\u00bb\u00bb rt_border_right=\u00bb\u00bb rt_border_top_mobile=\u00bb\u00bb rt_border_bottom_mobile=\u00bb\u00bb rt_border_left_mobile=\u00bb\u00bb rt_border_right_mobile=\u00bb\u00bb rt_bg_image_repeat=\u00bbrepeat\u00bb rt_bg_size=\u00bbauto auto\u00bb rt_bg_position=\u00bbright top\u00bb rt_bg_attachment=\u00bbscroll\u00bb][vc_column_text]<\/p>\n<h3 style=\"text-align: center;\">Colaboran<\/h3>\n<p style=\"text-align: center;\"><a href=\"https:\/\/www.pfizer.es\/\" target=\"_blank\" rel=\"noopener noreferrer\"><img loading=\"lazy\" decoding=\"async\" class=\"alignnone wp-image-22841 \" src=\"https:\/\/www.aeemt.org\/pruebaweb\/wp-content\/uploads\/2021\/02\/pfizer.jpg\" alt=\"\" width=\"363\" height=\"204\" srcset=\"https:\/\/www.aeemt.org\/web\/wp-content\/uploads\/2021\/02\/pfizer.jpg 650w, https:\/\/www.aeemt.org\/web\/wp-content\/uploads\/2021\/02\/pfizer-600x337.jpg 600w, https:\/\/www.aeemt.org\/web\/wp-content\/uploads\/2021\/02\/pfizer-300x168.jpg 300w\" sizes=\"(max-width: 363px) 100vw, 363px\" \/><\/a><\/p>\n<p>[\/vc_column_text][\/vc_column][vc_column width=\u00bb1\/6&#8243; rt_wrp_col_paddings=\u00bbfalse\u00bb rt_border_top=\u00bb\u00bb rt_border_bottom=\u00bb\u00bb rt_border_left=\u00bb\u00bb rt_border_right=\u00bb\u00bb rt_border_top_mobile=\u00bb\u00bb rt_border_bottom_mobile=\u00bb\u00bb rt_border_left_mobile=\u00bb\u00bb rt_border_right_mobile=\u00bb\u00bb rt_bg_image_repeat=\u00bbrepeat\u00bb rt_bg_size=\u00bbauto auto\u00bb rt_bg_position=\u00bbright top\u00bb rt_bg_attachment=\u00bbscroll\u00bb][vc_column_text]<\/p>\n<p>&nbsp;<\/p>\n<p><img loading=\"lazy\" decoding=\"async\" class=\"size-full wp-image-4041 aligncenter\" src=\"http:\/\/www.aeemt.com\/web\/wp-content\/uploads\/2017\/09\/image001.png\" alt=\"\" width=\"241\" height=\"93\" \/><\/p>\n<p>[\/vc_column_text][\/vc_column][vc_column width=\u00bb1\/6&#8243; rt_wrp_col_paddings=\u00bbfalse\u00bb rt_border_top=\u00bb\u00bb rt_border_bottom=\u00bb\u00bb rt_border_left=\u00bb\u00bb rt_border_right=\u00bb\u00bb rt_border_top_mobile=\u00bb\u00bb rt_border_bottom_mobile=\u00bb\u00bb rt_border_left_mobile=\u00bb\u00bb rt_border_right_mobile=\u00bb\u00bb rt_bg_image_repeat=\u00bbrepeat\u00bb rt_bg_size=\u00bbauto auto\u00bb rt_bg_position=\u00bbright top\u00bb rt_bg_attachment=\u00bbscroll\u00bb][vc_column_text]<\/p>\n<p style=\"text-align: center;\"><a href=\"https:\/\/cualtis.com\/\" target=\"_blank\" rel=\"noopener noreferrer\"><img loading=\"lazy\" decoding=\"async\" class=\"alignnone wp-image-22840\" src=\"https:\/\/www.aeemt.org\/pruebaweb\/wp-content\/uploads\/2021\/02\/Cualtis-logo-fondo-blanco-e1613496144412.jpg\" alt=\"\" width=\"333\" height=\"222\" \/><\/a><\/p>\n<p>[\/vc_column_text][\/vc_column][vc_column width=\u00bb1\/6&#8243; rt_wrp_col_paddings=\u00bbfalse\u00bb rt_border_top=\u00bb\u00bb rt_border_bottom=\u00bb\u00bb rt_border_left=\u00bb\u00bb rt_border_right=\u00bb\u00bb rt_border_top_mobile=\u00bb\u00bb rt_border_bottom_mobile=\u00bb\u00bb rt_border_left_mobile=\u00bb\u00bb rt_border_right_mobile=\u00bb\u00bb rt_bg_image_repeat=\u00bbrepeat\u00bb rt_bg_size=\u00bbauto auto\u00bb rt_bg_position=\u00bbright top\u00bb rt_bg_attachment=\u00bbscroll\u00bb][vc_column_text]<\/p>\n<p style=\"text-align: center;\"><img loading=\"lazy\" decoding=\"async\" class=\"alignnone wp-image-9344\" src=\"https:\/\/www.aeemt.org\/pruebaweb\/wp-content\/uploads\/2020\/10\/Losamed-logo-200px.png\" alt=\"\" width=\"258\" height=\"162\" srcset=\"https:\/\/www.aeemt.org\/web\/wp-content\/uploads\/2020\/10\/Losamed-logo-200px.png 319w, https:\/\/www.aeemt.org\/web\/wp-content\/uploads\/2020\/10\/Losamed-logo-200px-300x188.png 300w\" sizes=\"(max-width: 258px) 100vw, 258px\" \/><\/p>\n<p>[\/vc_column_text][\/vc_column][vc_column width=\u00bb1\/6&#8243; rt_wrp_col_paddings=\u00bbfalse\u00bb rt_border_top=\u00bb\u00bb rt_border_bottom=\u00bb\u00bb rt_border_left=\u00bb\u00bb rt_border_right=\u00bb\u00bb rt_border_top_mobile=\u00bb\u00bb rt_border_bottom_mobile=\u00bb\u00bb rt_border_left_mobile=\u00bb\u00bb rt_border_right_mobile=\u00bb\u00bb rt_bg_image_repeat=\u00bbrepeat\u00bb rt_bg_size=\u00bbauto auto\u00bb rt_bg_position=\u00bbright top\u00bb rt_bg_attachment=\u00bbscroll\u00bb][vc_column_text]<\/p>\n<p style=\"text-align: center;\"><a href=\"https:\/\/www.aspyprevencion.com\/\" target=\"_blank\" rel=\"noopener noreferrer\"><img loading=\"lazy\" decoding=\"async\" class=\"alignnone wp-image-22843\" src=\"https:\/\/www.aeemt.org\/pruebaweb\/wp-content\/uploads\/2021\/02\/aspy.png\" alt=\"\" width=\"330\" height=\"229\" srcset=\"https:\/\/www.aeemt.org\/web\/wp-content\/uploads\/2021\/02\/aspy.png 360w, https:\/\/www.aeemt.org\/web\/wp-content\/uploads\/2021\/02\/aspy-300x208.png 300w\" sizes=\"(max-width: 330px) 100vw, 330px\" \/><\/a><\/p>\n<p>[\/vc_column_text][\/vc_column][\/vc_row][vc_row rt_row_background_width=\u00bbdefault\u00bb rt_row_style=\u00bbdefault-style\u00bb rt_row_borders=\u00bb\u00bb rt_row_paddings=\u00bbtrue\u00bb rt_bg_effect=\u00bbclassic\u00bb rt_bg_image_repeat=\u00bbrepeat\u00bb rt_bg_size=\u00bbcover\u00bb rt_bg_position=\u00bbright top\u00bb rt_bg_attachment=\u00bbscroll\u00bb rt_bg_video_format=\u00bbself-hosted\u00bb][vc_column width=\u00bb1\/2&#8243; rt_wrp_col_paddings=\u00bbfalse\u00bb rt_border_top=\u00bb\u00bb rt_border_bottom=\u00bb\u00bb rt_border_left=\u00bb\u00bb rt_border_right=\u00bb\u00bb rt_border_top_mobile=\u00bb\u00bb rt_border_bottom_mobile=\u00bb\u00bb rt_border_left_mobile=\u00bb\u00bb rt_border_right_mobile=\u00bb\u00bb rt_bg_image_repeat=\u00bbrepeat\u00bb rt_bg_size=\u00bbauto auto\u00bb rt_bg_position=\u00bbright top\u00bb rt_bg_attachment=\u00bbscroll\u00bb][vc_video link=\u00bbhttps:\/\/www.youtube.com\/watch?v=51oqGt8ZPag\u00bb][vc_column_text]<\/p>\n<p>Suscr\u00edbete a nuestro\u00a0<a href=\"https:\/\/www.youtube.com\/channel\/UCNLO2eURcKj9TnOj6Dn0GnQ\/\" target=\"_blank\" rel=\"noopener noreferrer\"><strong>Canal de Youtube<\/strong><\/a>\u00a0y tendr\u00e1s acceso a todos nuestros v\u00eddeos grabados, emisiones en directo y notificaciones de actividad<\/p>\n<p><a href=\"https:\/\/www.youtube.com\/channel\/UCNLO2eURcKj9TnOj6Dn0GnQ?sub_confirmation=1\" target=\"_blank\" rel=\"noopener noreferrer\"><img loading=\"lazy\" decoding=\"async\" class=\"size-full wp-image-8600 aligncenter\" src=\"https:\/\/www.aeemt.org\/pruebaweb\/wp-content\/uploads\/2020\/06\/You-Tube-Suscrpcion.jpg\" sizes=\"(max-width: 381px) 100vw, 381px\" srcset=\"https:\/\/www.aeemt.org\/pruebaweb\/wp-content\/uploads\/2020\/06\/You-Tube-Suscrpcion.jpg 381w, https:\/\/www.aeemt.org\/pruebaweb\/wp-content\/uploads\/2020\/06\/You-Tube-Suscrpcion-300x104.jpg 300w\" alt=\"\" width=\"381\" height=\"132\" \/><\/a><\/p>\n<p>[\/vc_column_text][\/vc_column][vc_column width=\u00bb1\/2&#8243; rt_wrp_col_paddings=\u00bbfalse\u00bb rt_border_top=\u00bb\u00bb rt_border_bottom=\u00bb\u00bb rt_border_left=\u00bb\u00bb rt_border_right=\u00bb\u00bb rt_border_top_mobile=\u00bb\u00bb rt_border_bottom_mobile=\u00bb\u00bb rt_border_left_mobile=\u00bb\u00bb rt_border_right_mobile=\u00bb\u00bb rt_bg_image_repeat=\u00bbrepeat\u00bb rt_bg_size=\u00bbauto auto\u00bb rt_bg_position=\u00bbright top\u00bb rt_bg_attachment=\u00bbscroll\u00bb][vc_column_text]<\/p>\n<h3>Sesi\u00f3n\u00a0AEEMT 2021.\u00a0Prevenci\u00f3n de las Infecciones Respiratorias por agentes biol\u00f3gicos en los SPRL. Vacunaci\u00f3n del adulto en el medio laboral<\/h3>\n<p><b>Organizado por\u00a0la AEEMT\u00a0con la colaboraci\u00f3n de Pfizer, Clinifarma, ASPY, Cualtis y Losamed.<\/b><\/p>\n<p>FECHA Y HORA:\u00a0<strong>\u00a0JUEVES\u00a011\u00a0DE\u00a0Noviembre\u00a0\u2013\u00a016:00 h. a 17:30 h.<\/strong><\/p>\n<h3><strong>PROGRAMA<\/strong><\/h3>\n<p style=\"padding-left: 30px;\"><strong><span class=\"rt-icon icon-comment-empty \"><\/span> 16.00 a 16:05 horas: Introducci\u00f3n<\/strong><\/p>\n<p style=\"padding-left: 30px;\"><strong><em>Dr. Gregorio Gil L\u00f3pez.\u00a0<\/em><\/strong>Director del Servicio Operativo Sanitario. Presidencia del Gobierno.<\/p>\n<p style=\"padding-left: 30px;\"><strong><span class=\"rt-icon icon-comment-empty \"><\/span>\u00a016:05 a 16:25 horas:\u00a0\u201cColaboraci\u00f3n p\u00fablico-privada de la vacunaci\u00f3n en la Comunidad de Madrid.\u201d<\/strong><\/p>\n<p style=\"padding-left: 30px;\"><em><strong>Dra. Rosa Ramirez Fernandez,<\/strong><\/em> Subdirectora General de Promoci\u00f3n, Prevenci\u00f3n y Educaci\u00f3n Sanitaria. Direcci\u00f3n general de salud p\u00fablica. COMUNIDAD DE MADRID<\/p>\n<p style=\"padding-left: 30px;\"><strong><span class=\"rt-icon icon-comment-empty \"><\/span>\u00a016:25 a 16:45 horas:\u00a0\u201cCentro de Vacunaci\u00f3n de Polic\u00eda Municipal. Inicio y aspectos de utilidad pr\u00e1ctica\u201d<\/strong><\/p>\n<p style=\"padding-left: 30px;\"><strong><em>Dra. Mariana Isabel Vargas.\u00a0<\/em><\/strong>Jefe de Dpto. de Salud Laboral. Direcci\u00f3n General de la Polic\u00eda Municipal de Madrid.<\/p>\n<p style=\"padding-left: 30px;\"><strong><span class=\"rt-icon icon-comment-empty \"><\/span> 16:45 a 17:05 horas:\u00a0<\/strong>\u201c<strong>Experiencia de vacunaci\u00f3n en los SPRL durante la pandemia\u201d<\/strong><\/p>\n<p style=\"padding-left: 30px;\"><strong>16:45 a 16:55 horas:<em>\u00a0Dr. Jos\u00e9 Mar\u00eda Mendiguren.\u00a0<\/em><\/strong>Director\u00a0 Servicios M\u00e9dicos Banco Santander<\/p>\n<p style=\"padding-left: 30px;\"><strong>16:55 a 17:05 horas:\u00a0<em>Dra. Pilar Fern\u00e1ndez-F\u00edgares.\u00a0<\/em><\/strong>Coordinadora Nacional Servicios Sanitarios Grupo El Corte Ingl\u00e9s S.A.<\/p>\n<p style=\"padding-left: 30px;\"><strong><span class=\"rt-icon icon-comment-empty \"><\/span> 17:05 horas: Ruegos y Preguntas<\/strong><\/p>\n<p style=\"padding-left: 30px;\"><strong>Dr. Luis Reinoso-Barbero.\u00a0<\/strong><em>Presidente AEEMT<\/em><\/p>\n<p style=\"padding-left: 30px;\"><strong>Dra. Carmen Serrano.\u00a0<\/strong><em>Vice Presidente. AEEMT<\/em><\/p>\n<p>&nbsp;<\/p>\n<p><strong>Coordinador:\u00a0<\/strong><\/p>\n<p><strong><em>Dr. Gregorio Gil L\u00f3pez.\u00a0<\/em><\/strong><\/p>\n<p>Director del Servicio Operativo Sanitario. Presidencia del Gobierno.<\/p>\n<p>&nbsp;<\/p>\n<p><strong>DIRECCION POSTAL DONDE SE REALIZAR\u00c1 LA GRABACI\u00d3N<\/strong><br \/>\n<strong>Ministerio de la Presidencia, Aula \u201cG\u201d \u2013 Edificio Servicios, Complejo de la Moncloa, Av Puerta de Hierro S\/N, 28071 Madrid<\/strong><\/p>\n<p>&nbsp;<\/p>\n<p>&nbsp;<\/p>\n<p>Esperamos que esta nueva actividad les resulte de inter\u00e9s.<\/p>\n<p>Gracias a todos.[\/vc_column_text][vc_column_text]<\/p>\n<p style=\"text-align: center;\"><img loading=\"lazy\" decoding=\"async\" class=\"alignnone wp-image-54483 size-full\" src=\"https:\/\/www.aeemt.org\/pruebaweb\/wp-content\/uploads\/2021\/10\/Cartel-Curso-Pfeizer-20211111-Borrador-2.jpg\" alt=\"\" width=\"720\" height=\"960\" srcset=\"https:\/\/www.aeemt.org\/web\/wp-content\/uploads\/2021\/10\/Cartel-Curso-Pfeizer-20211111-Borrador-2.jpg 720w, https:\/\/www.aeemt.org\/web\/wp-content\/uploads\/2021\/10\/Cartel-Curso-Pfeizer-20211111-Borrador-2-600x800.jpg 600w, https:\/\/www.aeemt.org\/web\/wp-content\/uploads\/2021\/10\/Cartel-Curso-Pfeizer-20211111-Borrador-2-225x300.jpg 225w\" sizes=\"(max-width: 720px) 100vw, 720px\" \/><\/p>\n<p>[\/vc_column_text][\/vc_column][\/vc_row][vc_row rt_row_background_width=\u00bbdefault\u00bb rt_row_style=\u00bbdefault-style\u00bb rt_row_borders=\u00bb\u00bb rt_row_paddings=\u00bbtrue\u00bb rt_bg_effect=\u00bbclassic\u00bb rt_bg_image_repeat=\u00bbrepeat\u00bb rt_bg_size=\u00bbcover\u00bb rt_bg_position=\u00bbright top\u00bb rt_bg_attachment=\u00bbscroll\u00bb rt_bg_video_format=\u00bbself-hosted\u00bb][vc_column width=\u00bb1\/3&#8243; rt_wrp_col_paddings=\u00bbfalse\u00bb rt_border_top=\u00bb\u00bb rt_border_bottom=\u00bb\u00bb rt_border_left=\u00bb\u00bb rt_border_right=\u00bb\u00bb rt_border_top_mobile=\u00bb\u00bb rt_border_bottom_mobile=\u00bb\u00bb rt_border_left_mobile=\u00bb\u00bb rt_border_right_mobile=\u00bb\u00bb rt_bg_image_repeat=\u00bbrepeat\u00bb rt_bg_size=\u00bbauto auto\u00bb rt_bg_position=\u00bbright top\u00bb rt_bg_attachment=\u00bbscroll\u00bb][vc_column_text]<\/p>\n<p style=\"text-align: center;\"><strong>Luis Reinoso-Barbero<\/strong><br \/>\n<em>Presidente AEEMT<\/em><\/p>\n<p>[\/vc_column_text][\/vc_column][vc_column width=\u00bb1\/3&#8243; rt_wrp_col_paddings=\u00bbfalse\u00bb rt_border_top=\u00bb\u00bb rt_border_bottom=\u00bb\u00bb rt_border_left=\u00bb\u00bb rt_border_right=\u00bb\u00bb rt_border_top_mobile=\u00bb\u00bb rt_border_bottom_mobile=\u00bb\u00bb rt_border_left_mobile=\u00bb\u00bb rt_border_right_mobile=\u00bb\u00bb rt_bg_image_repeat=\u00bbrepeat\u00bb rt_bg_size=\u00bbauto auto\u00bb rt_bg_position=\u00bbright top\u00bb rt_bg_attachment=\u00bbscroll\u00bb][vc_column_text]<\/p>\n<p style=\"text-align: center;\"><strong>Dra. Carmen Serrano<\/strong><br \/>\n<em>Vicepta. AEEMT<\/em><\/p>\n<p>[\/vc_column_text][\/vc_column][\/vc_row]<\/p>\n","protected":false},"excerpt":{"rendered":"<p>[vc_row rt_row_background_width=\u00bbdefault\u00bb rt_row_style=\u00bbdefault-style\u00bb rt_row_borders=\u00bb\u00bb rt_row_paddings=\u00bbtrue\u00bb rt_bg_effect=\u00bbclassic\u00bb rt_bg_image_repeat=\u00bbrepeat\u00bb rt_bg_size=\u00bbcover\u00bb rt_bg_position=\u00bbright top\u00bb rt_bg_attachment=\u00bbscroll\u00bb rt_bg_video_format=\u00bbself-hosted\u00bb][vc_column width=\u00bb1\/6&#8243; rt_wrp_col_paddings=\u00bbfalse\u00bb rt_border_top=\u00bb\u00bb rt_border_bottom=\u00bb\u00bb rt_border_left=\u00bb\u00bb rt_border_right=\u00bb\u00bb rt_border_top_mobile=\u00bb\u00bb rt_border_bottom_mobile=\u00bb\u00bb rt_border_left_mobile=\u00bb\u00bb rt_border_right_mobile=\u00bb\u00bb rt_bg_image_repeat=\u00bbrepeat\u00bb rt_bg_size=\u00bbauto auto\u00bb rt_bg_position=\u00bbright top\u00bb rt_bg_attachment=\u00bbscroll\u00bb][vc_column_text] Organiza [\/vc_column_text][\/vc_column][vc_column [&hellip;]<\/p>\n","protected":false},"author":1,"featured_media":0,"parent":0,"menu_order":0,"comment_status":"closed","ping_status":"closed","template":"","meta":{"footnotes":""},"class_list":["post-56841","page","type-page","status-publish","hentry"],"_links":{"self":[{"href":"https:\/\/www.aeemt.org\/web\/wp-json\/wp\/v2\/pages\/56841"}],"collection":[{"href":"https:\/\/www.aeemt.org\/web\/wp-json\/wp\/v2\/pages"}],"about":[{"href":"https:\/\/www.aeemt.org\/web\/wp-json\/wp\/v2\/types\/page"}],"author":[{"embeddable":true,"href":"https:\/\/www.aeemt.org\/web\/wp-json\/wp\/v2\/users\/1"}],"replies":[{"embeddable":true,"href":"https:\/\/www.aeemt.org\/web\/wp-json\/wp\/v2\/comments?post=56841"}],"version-history":[{"count":0,"href":"https:\/\/www.aeemt.org\/web\/wp-json\/wp\/v2\/pages\/56841\/revisions"}],"wp:attachment":[{"href":"https:\/\/www.aeemt.org\/web\/wp-json\/wp\/v2\/media?parent=56841"}],"curies":[{"name":"wp","href":"https:\/\/api.w.org\/{rel}","templated":true}]}}