{"id":5552,"date":"2018-05-31T16:59:25","date_gmt":"2018-05-31T16:59:25","guid":{"rendered":"http:\/\/www.aeemt.com\/web\/?page_id=5552"},"modified":"2018-05-31T16:59:25","modified_gmt":"2018-05-31T16:59:25","slug":"iii-simposio-nacional-de-vacunacion-en-el-ambito-laboral","status":"publish","type":"page","link":"https:\/\/www.aeemt.org\/web\/iii-simposio-nacional-de-vacunacion-en-el-ambito-laboral\/","title":{"rendered":"III Simposio Nacional de  Vacunaci\u00f3n en el  \u00c1mbito Laboral"},"content":{"rendered":"<p>[vc_row rt_row_background_width=\u00bbdefault\u00bb rt_row_style=\u00bbdefault-style\u00bb rt_row_borders=\u00bb\u00bb rt_row_paddings=\u00bbtrue\u00bb rt_bg_effect=\u00bbclassic\u00bb rt_bg_image_repeat=\u00bbrepeat\u00bb rt_bg_size=\u00bbcover\u00bb rt_bg_position=\u00bbright top\u00bb rt_bg_attachment=\u00bbscroll\u00bb rt_bg_video_format=\u00bbself-hosted\u00bb][vc_column width=\u00bb1\/3&#8243; rt_wrp_col_paddings=\u00bbfalse\u00bb rt_border_top=\u00bb\u00bb rt_border_bottom=\u00bb\u00bb rt_border_left=\u00bb\u00bb rt_border_right=\u00bb\u00bb rt_border_top_mobile=\u00bb\u00bb rt_border_bottom_mobile=\u00bb\u00bb rt_border_left_mobile=\u00bb\u00bb rt_border_right_mobile=\u00bb\u00bb rt_bg_image_repeat=\u00bbrepeat\u00bb rt_bg_size=\u00bbauto auto\u00bb rt_bg_position=\u00bbright top\u00bb rt_bg_attachment=\u00bbscroll\u00bb][vc_column_text]<\/p>\n<p style=\"text-align: center;\"><span style=\"font-size: 14pt;\"><strong>Organiza<\/strong><\/span><\/p>\n<p style=\"text-align: center;\"><img loading=\"lazy\" decoding=\"async\" class=\"alignnone wp-image-3534 \" src=\"http:\/\/www.aeemt.com\/web\/wp-content\/uploads\/2017\/05\/logoDibujado-296x300.png\" alt=\"\" width=\"180\" height=\"183\" srcset=\"https:\/\/www.aeemt.org\/web\/wp-content\/uploads\/2017\/05\/logoDibujado-296x300.png 296w, https:\/\/www.aeemt.org\/web\/wp-content\/uploads\/2017\/05\/logoDibujado.png 402w\" sizes=\"(max-width: 180px) 100vw, 180px\" \/><\/p>\n<p style=\"text-align: center;\"><strong>Grupo Funcional de Vacunaci\u00f3n Laboral de la AEEMT<\/strong><\/p>\n<p>[\/vc_column_text][\/vc_column][vc_column width=\u00bb1\/3&#8243; rt_wrp_col_paddings=\u00bbfalse\u00bb rt_border_top=\u00bb\u00bb rt_border_bottom=\u00bb\u00bb rt_border_left=\u00bb\u00bb rt_border_right=\u00bb\u00bb rt_border_top_mobile=\u00bb\u00bb rt_border_bottom_mobile=\u00bb\u00bb rt_border_left_mobile=\u00bb\u00bb rt_border_right_mobile=\u00bb\u00bb rt_bg_image_repeat=\u00bbrepeat\u00bb rt_bg_size=\u00bbauto auto\u00bb rt_bg_position=\u00bbright top\u00bb rt_bg_attachment=\u00bbscroll\u00bb][vc_column_text]<\/p>\n<p style=\"text-align: center;\"><span style=\"font-size: 14pt;\"><strong>Patrocinan<\/strong><\/span><\/p>\n<p style=\"text-align: center;\"><a href=\"https:\/\/es.gsk.com\/\" target=\"_blank\" rel=\"noopener noreferrer\"><img loading=\"lazy\" decoding=\"async\" class=\"alignnone wp-image-5555\" src=\"http:\/\/www.aeemt.com\/web\/wp-content\/uploads\/2018\/05\/gsk.jpg\" alt=\"\" width=\"180\" height=\"155\" \/><\/a><\/p>\n<p>[\/vc_column_text][\/vc_column][vc_column width=\u00bb1\/3&#8243; rt_wrp_col_paddings=\u00bbfalse\u00bb rt_border_top=\u00bb\u00bb rt_border_bottom=\u00bb\u00bb rt_border_left=\u00bb\u00bb rt_border_right=\u00bb\u00bb rt_border_top_mobile=\u00bb\u00bb rt_border_bottom_mobile=\u00bb\u00bb rt_border_left_mobile=\u00bb\u00bb rt_border_right_mobile=\u00bb\u00bb rt_bg_image_repeat=\u00bbrepeat\u00bb rt_bg_size=\u00bbauto auto\u00bb rt_bg_position=\u00bbright top\u00bb rt_bg_attachment=\u00bbscroll\u00bb][vc_column_text]<\/p>\n<p style=\"text-align: center;\"><a href=\"https:\/\/www.pfizer.es\/\" target=\"_blank\" rel=\"noopener noreferrer\"><img loading=\"lazy\" decoding=\"async\" class=\"alignnone wp-image-5558\" src=\"http:\/\/www.aeemt.com\/web\/wp-content\/uploads\/2018\/05\/Pfizer.png\" alt=\"\" width=\"251\" height=\"251\" srcset=\"https:\/\/www.aeemt.org\/web\/wp-content\/uploads\/2018\/05\/Pfizer.png 400w, https:\/\/www.aeemt.org\/web\/wp-content\/uploads\/2018\/05\/Pfizer-300x300.png 300w, https:\/\/www.aeemt.org\/web\/wp-content\/uploads\/2018\/05\/Pfizer-100x100.png 100w, https:\/\/www.aeemt.org\/web\/wp-content\/uploads\/2018\/05\/Pfizer-150x150.png 150w\" sizes=\"(max-width: 251px) 100vw, 251px\" \/><\/a><\/p>\n<p>[\/vc_column_text][\/vc_column][\/vc_row][vc_row rt_row_background_width=\u00bbdefault\u00bb rt_row_style=\u00bbdefault-style\u00bb rt_row_borders=\u00bb\u00bb rt_row_paddings=\u00bbtrue\u00bb rt_bg_effect=\u00bbclassic\u00bb rt_bg_image_repeat=\u00bbrepeat\u00bb rt_bg_size=\u00bbcover\u00bb rt_bg_position=\u00bbright top\u00bb rt_bg_attachment=\u00bbscroll\u00bb rt_bg_video_format=\u00bbself-hosted\u00bb][vc_column rt_wrp_col_paddings=\u00bbfalse\u00bb rt_border_top=\u00bb\u00bb rt_border_bottom=\u00bb\u00bb rt_border_left=\u00bb\u00bb rt_border_right=\u00bb\u00bb rt_border_top_mobile=\u00bb\u00bb rt_border_bottom_mobile=\u00bb\u00bb rt_border_left_mobile=\u00bb\u00bb rt_border_right_mobile=\u00bb\u00bb rt_bg_image_repeat=\u00bbrepeat\u00bb rt_bg_size=\u00bbauto auto\u00bb rt_bg_position=\u00bbright top\u00bb rt_bg_attachment=\u00bbscroll\u00bb][vc_column_text]<\/p>\n<h2 class=\"entry-title\" style=\"text-align: justify;\">III Simposio Nacional de Vacunaci\u00f3n en el \u00c1mbito Laboral<\/h2>\n<p style=\"text-align: justify;\"><img loading=\"lazy\" decoding=\"async\" class=\"size-full wp-image-5682 alignleft\" src=\"http:\/\/www.aeemt.com\/web\/wp-content\/uploads\/2018\/06\/Portada-Simposio.jpg\" alt=\"\" width=\"288\" height=\"597\" srcset=\"https:\/\/www.aeemt.org\/web\/wp-content\/uploads\/2018\/06\/Portada-Simposio.jpg 288w, https:\/\/www.aeemt.org\/web\/wp-content\/uploads\/2018\/06\/Portada-Simposio-145x300.jpg 145w\" sizes=\"(max-width: 288px) 100vw, 288px\" \/><\/p>\n<p style=\"text-align: justify;\">La <strong>Asociaci\u00f3n Espa\u00f1ola de Especialistas en Medicina del Trabajo (AEEMT)<\/strong> y el <strong>Grupo Funcional de Vacunaci\u00f3n Laboral<\/strong> organiza, por tercer a\u00f1o consecutivo, este Simposio con el objetivo de ser punto de encuentro de los diferentes profesionales, M\u00e9dicos del Trabajo, Enfermeros del Trabajo, MIR de Medicina del Trabajo, EIR de Enfermer\u00eda del Trabajo, Gestores de la Salud P\u00fablica, Prevenci\u00f3n de Riesgos Laborales, Salud Laboral y otros profesionales con inter\u00e9s en esta materia.<\/p>\n<p>&nbsp;<\/p>\n<div style=\"text-align: justify;\"><strong>DIRECCI\u00d3N<\/strong>: <em><strong>D\u00aa Isabel M\u00aa Gal\u00e1n Mel\u00e9ndez<\/strong><\/em>. Especialista en Medicina del Trabajo. Hospital Fundaci\u00f3n Alcorc\u00f3n. Coordinadora del Grupo Funcional de Vacunas. AEEMT.<\/div>\n<p>&nbsp;<\/p>\n<div style=\"text-align: justify;\"><strong>COMIT\u00c9 CIENTIFICO<\/strong><\/div>\n<div style=\"text-align: justify;\"><strong>Presidenta<\/strong>: <em><strong>D\u00aa Mariana Isabel Vargas Rom\u00e1<\/strong><strong>n<\/strong><\/em>. Especialista en Medicina del Trabajo. Jefe de Dpto. de Salud Laboral. Subdirecci\u00f3n Gral. de R. Humanos. Direcci\u00f3n General de la Polic\u00eda Municipal de Madrid.<\/div>\n<div style=\"text-align: justify;\"><strong>Miembros:<\/strong><\/div>\n<div style=\"text-align: justify;\"><em><strong>D. Luis Reinoso Barbero<\/strong><\/em>. Especialista en Medicina del Trabajo. Presidente de la Asociaci\u00f3n Espa\u00f1ola de Especialistas en Medicina del Trabajo<\/div>\n<div style=\"text-align: justify;\"><em><strong>D\u00aa Silvia O\u2019Connor P\u00e9re<\/strong><strong>z<\/strong><\/em>. Especialista en Medicina del Trabajo. Hospital Universitario Cl\u00ednico San Carlos<\/div>\n<div style=\"text-align: justify;\"><em><strong>D\u00aa Marina Rosado Mar\u00eda<\/strong><\/em>. Especialista en Medicina del Trabajo. Servicios de Prevenci\u00f3n de Atenci\u00f3n Primaria de la Comunidad de Madrid<\/div>\n<p>&nbsp;<\/p>\n<div style=\"text-align: justify;\"><strong>COMIT\u00c9 ORGANIZADOR<\/strong><\/div>\n<div style=\"text-align: justify;\"><strong>Presidente: <em>D. Vicente Arias D\u00edaz<\/em><\/strong>. Especialista en Medicina del Trabajo. Hospital Universitario 12 de Octubre. Junta Directiva AEEMT<\/div>\n<div style=\"text-align: justify;\"><strong>Miembros:<\/strong><\/div>\n<div style=\"text-align: justify;\"><em><strong>D\u00aa Ana Virginia Diaz Bethencourt<\/strong><\/em>. MIR 4\u00ba Medicina del Trabajo. Hospital Universitario Cl\u00ednico San Carlos<\/div>\n<div style=\"text-align: justify;\"><em><strong>D\u00aa Mercedes S\u00e1nchez G\u00f3mez<\/strong><\/em>. T\u00e9cnico de Prevenci\u00f3n de Riesgos Laborales<\/div>\n<div style=\"text-align: justify;\"><em><strong>D. Rafael Ce\u00f1a Callejo<\/strong><\/em>. Coordinador de la Unidad de Prevenci\u00f3n y Salud de la Junta de Castilla y Le\u00f3n<\/div>\n<p>&nbsp;<\/p>\n<div style=\"text-align: justify;\"><strong>INFORMACI\u00d3N DE INTER\u00c9S<\/strong><\/div>\n<p style=\"text-align: justify;\">Fecha: <strong>22 de junio de 2018<\/strong><\/p>\n<p style=\"text-align: justify;\">Horario: 08: 30 \u2013 14:00 horas<\/p>\n<p style=\"text-align: justify;\">Inscripci\u00f3n gratuita y obligatoria on line: <strong><a title=\"Formulario de Inscripci\u00f3n del III Simposio de Vacunaci\u00f3n Laboral\" href=\"https:\/\/docs.google.com\/forms\/d\/11IEntu3AdbN0loe_dxBX-2YyoBsInwGcri5kXBjYwHU\/viewform?edit_requested=true\" target=\"_blank\" rel=\"noopener noreferrer\">Formulario de Inscripci\u00f3n del III Simposio de Vacunaci\u00f3n Laboral<\/a><\/strong><\/p>\n<p style=\"padding-left: 30px; text-align: justify;\">Plazas limitadas hasta completar aforo<\/p>\n<p style=\"padding-left: 30px; text-align: justify;\"><strong>Fecha l\u00edmite de inscripci\u00f3n: 12 de junio de 2018<\/strong><\/p>\n<p style=\"text-align: justify;\"><strong>RESUMEN DE ACTIVIDADES<\/strong><\/p>\n<p style=\"padding-left: 30px;\"><strong><span class=\"rt-icon icon-calendar-1 \"><\/span>\u00a0 Viernas 22 de Junio de 2018<\/strong><\/p>\n<p style=\"padding-left: 30px;\"><strong><span class=\"rt-icon icon-cog-1 \"><\/span>\u00a0<\/strong> 08:30 &#8211; 09:00. <strong>Acreditaci\u00f3n y Entrega de Documentaci\u00f3n<\/strong><\/p>\n<p style=\"padding-left: 30px;\"><strong><span class=\"rt-icon icon-cog-1 \"><\/span><\/strong>\u00a0 09:00 &#8211; 09:30. <strong>Bienvenida y presentaci\u00f3n. Mesa de Inauguraci\u00f3n<\/strong><\/p>\n<p style=\"padding-left: 30px;\"><strong><span class=\"rt-icon icon-cog-1 \"><\/span><\/strong>\u00a0 09:30 &#8211; 11:00. <strong>Mesa 1. Calendarios de Vacunaci\u00f3n Laboral en Europa<\/strong><\/p>\n<p style=\"padding-left: 30px;\"><strong><span class=\"rt-icon icon-coffee \"><\/span><\/strong>\u00a0 11:00 &#8211; 11:30. <strong>Pausa Caf\u00e9. Residencia de Estudiantes. CSIC.<\/strong><\/p>\n<p style=\"padding-left: 30px;\"><strong><span class=\"rt-icon icon-cog-1 \"><\/span><\/strong>\u00a0 12:15 &#8211; 13:50. <strong>Mesa 2. Seguridad de las vacunas<\/strong><\/p>\n<p style=\"padding-left: 30px;\"><strong><span class=\"rt-icon icon-cog-1 \"><\/span><\/strong>\u00a0 13:50 &#8211; 14:00.<strong> Clausura del Simposio<\/strong><\/p>\n<p style=\"text-align: justify;\">Puedes ver el programa completo del Simposio pulsando sobre el siguiente enlace: <strong>Programa del III Simposio de Vacunaci\u00f3n Laboral<\/strong><\/p>\n<p style=\"text-align: justify;\">Puedes descargar aqu\u00ed tambien el tr\u00edptico con el preprograma del III Simposio:<strong><a href=\"http:\/\/www.aeemt.com\/web\/wp-content\/uploads\/2018\/06\/Programa_triptico_26_05_18.pdf\" target=\"_blank\" rel=\"noopener noreferrer\"> Tr\u00edptico del Programa en PDF<\/a><br \/>\n<\/strong><\/p>\n<p style=\"text-align: justify;\">Se enviar\u00e1 certificado de asistencia por email<\/p>\n<p style=\"text-align: justify;\">E-mail: <a href=\"mailto:vacunacionlaboral@gmail.com\" target=\"_blank\" rel=\"noopener noreferrer\">vacunacionlaboral@gmail.com<\/a><\/p>\n<p style=\"text-align: justify;\">Os recordamos que el <strong>lugar de celebraci\u00f3n<\/strong> de las Jornadas Intercongreso ser\u00e1 en el <strong>Consejo Superior de Investigaciones Cient\u00edficas de Madrid, Instituto de F\u00edsica-Qu\u00edmica Rocasolano, Calle Serrano, 119, Madrid, los d\u00edas 21 y 22 de Junio de 2018.<\/strong><\/p>\n<p><a href=\"https:\/\/www.google.es\/maps\/@40.4411433,-3.6861776,177m\/data=!3m1!1e3\" target=\"_blank\" rel=\"noopener noreferrer\"><img loading=\"lazy\" decoding=\"async\" class=\"size-full wp-image-5660 aligncenter\" src=\"http:\/\/www.aeemt.com\/web\/wp-content\/uploads\/2018\/06\/Plano-de-situacion-Intercongreso.jpg\" sizes=\"(max-width: 428px) 100vw, 428px\" srcset=\"http:\/\/www.aeemt.com\/web\/wp-content\/uploads\/2018\/06\/Plano-de-situacion-Intercongreso.jpg 428w, http:\/\/www.aeemt.com\/web\/wp-content\/uploads\/2018\/06\/Plano-de-situacion-Intercongreso-300x177.jpg 300w\" alt=\"\" width=\"428\" height=\"253\" \/><\/a>[\/vc_column_text][\/vc_column][\/vc_row]<\/p>\n","protected":false},"excerpt":{"rendered":"<p>[vc_row rt_row_background_width=\u00bbdefault\u00bb rt_row_style=\u00bbdefault-style\u00bb rt_row_borders=\u00bb\u00bb rt_row_paddings=\u00bbtrue\u00bb rt_bg_effect=\u00bbclassic\u00bb rt_bg_image_repeat=\u00bbrepeat\u00bb rt_bg_size=\u00bbcover\u00bb rt_bg_position=\u00bbright top\u00bb rt_bg_attachment=\u00bbscroll\u00bb rt_bg_video_format=\u00bbself-hosted\u00bb][vc_column width=\u00bb1\/3&#8243; rt_wrp_col_paddings=\u00bbfalse\u00bb rt_border_top=\u00bb\u00bb rt_border_bottom=\u00bb\u00bb rt_border_left=\u00bb\u00bb rt_border_right=\u00bb\u00bb rt_border_top_mobile=\u00bb\u00bb rt_border_bottom_mobile=\u00bb\u00bb rt_border_left_mobile=\u00bb\u00bb rt_border_right_mobile=\u00bb\u00bb rt_bg_image_repeat=\u00bbrepeat\u00bb rt_bg_size=\u00bbauto auto\u00bb rt_bg_position=\u00bbright top\u00bb rt_bg_attachment=\u00bbscroll\u00bb][vc_column_text] Organiza Grupo [&hellip;]<\/p>\n","protected":false},"author":1,"featured_media":0,"parent":0,"menu_order":0,"comment_status":"closed","ping_status":"closed","template":"","meta":{"footnotes":""},"class_list":["post-5552","page","type-page","status-publish","hentry"],"_links":{"self":[{"href":"https:\/\/www.aeemt.org\/web\/wp-json\/wp\/v2\/pages\/5552"}],"collection":[{"href":"https:\/\/www.aeemt.org\/web\/wp-json\/wp\/v2\/pages"}],"about":[{"href":"https:\/\/www.aeemt.org\/web\/wp-json\/wp\/v2\/types\/page"}],"author":[{"embeddable":true,"href":"https:\/\/www.aeemt.org\/web\/wp-json\/wp\/v2\/users\/1"}],"replies":[{"embeddable":true,"href":"https:\/\/www.aeemt.org\/web\/wp-json\/wp\/v2\/comments?post=5552"}],"version-history":[{"count":0,"href":"https:\/\/www.aeemt.org\/web\/wp-json\/wp\/v2\/pages\/5552\/revisions"}],"wp:attachment":[{"href":"https:\/\/www.aeemt.org\/web\/wp-json\/wp\/v2\/media?parent=5552"}],"curies":[{"name":"wp","href":"https:\/\/api.w.org\/{rel}","templated":true}]}}