{"id":5473,"date":"2018-05-24T22:28:32","date_gmt":"2018-05-24T22:28:32","guid":{"rendered":"http:\/\/www.aeemt.com\/web\/?page_id=5473"},"modified":"2018-05-24T22:28:32","modified_gmt":"2018-05-24T22:28:32","slug":"cursos-clinifarma-aeemt-2018-jornada-actualizacion-curas-heridas-quemaduras-vendajes-funcionales-taller-practico","status":"publish","type":"page","link":"https:\/\/www.aeemt.org\/web\/cursos-clinifarma-aeemt-2018-jornada-actualizacion-curas-heridas-quemaduras-vendajes-funcionales-taller-practico\/","title":{"rendered":"Cursos Clinifarma-AEEMT 2018. Jornada de actualizaci\u00f3n en curas: heridas y quemaduras.  Vendajes funcionales: taller pr\u00e1ctico."},"content":{"rendered":"<p>[vc_row rt_row_background_width=\u00bbdefault\u00bb rt_row_style=\u00bbdefault-style\u00bb rt_row_borders=\u00bb\u00bb rt_row_paddings=\u00bbtrue\u00bb rt_bg_effect=\u00bbclassic\u00bb rt_bg_image_repeat=\u00bbrepeat\u00bb rt_bg_size=\u00bbcover\u00bb rt_bg_position=\u00bbright top\u00bb rt_bg_attachment=\u00bbscroll\u00bb rt_bg_video_format=\u00bbself-hosted\u00bb][vc_column width=\u00bb1\/2&#8243; rt_wrp_col_paddings=\u00bbfalse\u00bb rt_border_top=\u00bb\u00bb rt_border_bottom=\u00bb\u00bb rt_border_left=\u00bb\u00bb rt_border_right=\u00bb\u00bb rt_border_top_mobile=\u00bb\u00bb rt_border_bottom_mobile=\u00bb\u00bb rt_border_left_mobile=\u00bb\u00bb rt_border_right_mobile=\u00bb\u00bb rt_bg_image_repeat=\u00bbrepeat\u00bb rt_bg_size=\u00bbauto auto\u00bb rt_bg_position=\u00bbright top\u00bb rt_bg_attachment=\u00bbscroll\u00bb][vc_column_text]<\/p>\n<h3 style=\"text-align: center;\">Patrocina<\/h3>\n<h3 style=\"text-align: center;\"><img loading=\"lazy\" decoding=\"async\" class=\"wp-image-4041 aligncenter\" src=\"http:\/\/www.aeemt.com\/web\/wp-content\/uploads\/2017\/09\/image001.png\" alt=\"\" width=\"350\" height=\"135\" \/><\/h3>\n<h3 style=\"text-align: center;\"><img loading=\"lazy\" decoding=\"async\" class=\"alignnone wp-image-5477\" src=\"http:\/\/www.aeemt.com\/web\/wp-content\/uploads\/2018\/05\/3M-con-SA.png\" alt=\"\" width=\"373\" height=\"82\" srcset=\"https:\/\/www.aeemt.org\/web\/wp-content\/uploads\/2018\/05\/3M-con-SA.png 478w, https:\/\/www.aeemt.org\/web\/wp-content\/uploads\/2018\/05\/3M-con-SA-300x66.png 300w\" sizes=\"(max-width: 373px) 100vw, 373px\" \/><\/h3>\n<p>[\/vc_column_text][\/vc_column][vc_column width=\u00bb1\/2&#8243; rt_wrp_col_paddings=\u00bbfalse\u00bb rt_border_top=\u00bb\u00bb rt_border_bottom=\u00bb\u00bb rt_border_left=\u00bb\u00bb rt_border_right=\u00bb\u00bb rt_border_top_mobile=\u00bb\u00bb rt_border_bottom_mobile=\u00bb\u00bb rt_border_left_mobile=\u00bb\u00bb rt_border_right_mobile=\u00bb\u00bb rt_bg_image_repeat=\u00bbrepeat\u00bb rt_bg_size=\u00bbauto auto\u00bb rt_bg_position=\u00bbright top\u00bb rt_bg_attachment=\u00bbscroll\u00bb][vc_column_text]<\/p>\n<h3 style=\"text-align: center;\">Organiza<\/h3>\n<h3 style=\"text-align: center;\"><img loading=\"lazy\" decoding=\"async\" class=\"wp-image-3534 aligncenter\" src=\"http:\/\/www.aeemt.com\/web\/wp-content\/uploads\/2017\/05\/logoDibujado.png\" alt=\"\" width=\"171\" height=\"174\" srcset=\"https:\/\/www.aeemt.org\/web\/wp-content\/uploads\/2017\/05\/logoDibujado.png 402w, https:\/\/www.aeemt.org\/web\/wp-content\/uploads\/2017\/05\/logoDibujado-296x300.png 296w\" sizes=\"(max-width: 171px) 100vw, 171px\" \/><\/h3>\n<p>[\/vc_column_text][\/vc_column][\/vc_row][vc_row rt_row_background_width=\u00bbdefault\u00bb rt_row_style=\u00bbdefault-style\u00bb rt_row_borders=\u00bb\u00bb rt_row_paddings=\u00bbtrue\u00bb rt_bg_effect=\u00bbclassic\u00bb rt_bg_image_repeat=\u00bbrepeat\u00bb rt_bg_size=\u00bbcover\u00bb rt_bg_position=\u00bbright top\u00bb rt_bg_attachment=\u00bbscroll\u00bb rt_bg_video_format=\u00bbself-hosted\u00bb][vc_column rt_wrp_col_paddings=\u00bbfalse\u00bb rt_border_top=\u00bb\u00bb rt_border_bottom=\u00bb\u00bb rt_border_left=\u00bb\u00bb rt_border_right=\u00bb\u00bb rt_border_top_mobile=\u00bb\u00bb rt_border_bottom_mobile=\u00bb\u00bb rt_border_left_mobile=\u00bb\u00bb rt_border_right_mobile=\u00bb\u00bb rt_bg_image_repeat=\u00bbrepeat\u00bb rt_bg_size=\u00bbauto auto\u00bb rt_bg_position=\u00bbright top\u00bb rt_bg_attachment=\u00bbscroll\u00bb][vc_column_text]<\/p>\n<h3 style=\"text-align: left;\">Jornada de actualizaci\u00f3n en curas: heridas y quemaduras.\u00a0 Vendajes funcionales: taller pr\u00e1ctico. Patrocinado por CLINIFARMA\u00a0y organizados por la AEEMT.<\/h3>\n<p style=\"text-align: justify;\"><strong>FECHA Y HORA:<\/strong>\u00a0 <strong>30\/05\/2018 16:30 a 20:00<br \/>\n<\/strong><\/p>\n<p style=\"text-align: justify;\"><strong>PRESENTACI\u00d3N<\/strong>: <em><strong>Dr. Gregorio Gil. Director<\/strong><\/em>. Sistema Operativo Sanitario.<\/p>\n<p style=\"text-align: justify;\"><strong>MODERADORA<\/strong>: <em><strong>D\u00f1a. Cristina Mart\u00edn Coordinadora.<\/strong><\/em> Sistema Operativo Sanitario.<\/p>\n<p style=\"text-align: justify;\"><strong>PONENTES:<\/strong><\/p>\n<ul style=\"list-style-type: circle; text-align: justify;\">\n<li><em><strong>D\u00f1a. Gema Yag\u00fce de Antonio.<\/strong><\/em> Supervisora Calidad I+D H.U. La Paz. Madrid.<\/li>\n<li><em><strong>D\u00f1a. Isabel G\u00f3mez Iglesias.<\/strong><\/em> Enfermera. Unidad de Quemados y Cirug\u00eda Pl\u00e1stica. H.U. La Paz. Madrid.<\/li>\n<li><em><strong>D. Jes\u00fas de Miguel Ram\u00f3n.<\/strong><\/em> Business Development Leader. Departamento de 3M Critical &amp; Chronic Care Solutions Division.<\/li>\n<li><em><strong>D. Luis Manuel Torres Le\u00f3n.<\/strong><\/em> Enfermero. Consultas Traumatolog\u00eda. H.U. Ram\u00f3n y Cajal. Madrid. Profesor Asociado Univ. Alcal\u00e1 de Henares.<\/li>\n<\/ul>\n<p style=\"text-align: justify;\"><strong>PROGRAMA:<\/strong><\/p>\n<ul style=\"list-style-type: disc; text-align: justify;\">\n<li>16:30h. Presentaci\u00f3n e Introducci\u00f3n.<\/li>\n<li>16:35h.-17:10h. Actualizaci\u00f3n en el Tratamiento de Heridas. <em><strong>D\u00f1a. Gema Yag\u00fce de Antonio.<\/strong><\/em><\/li>\n<li>17:10 \u2013 17:45h. Actualizaci\u00f3n en el Tratamiento de Quemaduras. <em><strong>D\u00f1a. Isabel G\u00f3mez Iglesias.<\/strong><\/em><\/li>\n<li>17:45 \u2013 18:05h. Prevenci\u00f3n y Tratamiento en Dermatitis Asociada a la Incontinencia. <em><strong>D. Jes\u00fas de Miguel Ram\u00f3n.<\/strong><\/em><\/li>\n<li>18:05 \u2013 18:20h. Coloquio.<\/li>\n<li>18:20 \u2013 18:40h. Pausa Caf\u00e9.<\/li>\n<li>18:40 \u2013 19:15h. Vendajes Funcionales o de Inmovilizaci\u00f3n Parcial. <em><strong>D. Luis Manuel Torres Le\u00f3n.<\/strong><\/em>\n<ul style=\"list-style-type: square;\">\n<li>Ventajas y desventajas de \u00e9sta t\u00e9cnica.<\/li>\n<li>Elecci\u00f3n de materiales.<\/li>\n<li>T\u00e9cnicas<\/li>\n<\/ul>\n<\/li>\n<li>19:15 \u2013 20:00h. Taller Pr\u00e1ctico.<\/li>\n<\/ul>\n<p style=\"text-align: justify;\"><strong>DIRECCION POSTAL DONDE SE REALIZAR\u00c1 LA GRABACI\u00d3N<\/strong><br \/>\n<strong>Ministerio de la Presidencia, Aula \u201cG\u201d \u2013 Edificio Servicios, Complejo de la Moncloa, Av Puerta de Hierro S\/N, 28071 Madrid<\/strong><\/p>\n<p style=\"text-align: justify;\">Les recordamos\u00a0 que a estos cursos, pueden asistir tanto presencialmente como a trav\u00e9s de nuestra web\u00a0 mediante v\u00eddeo en streaming.<\/p>\n<p style=\"text-align: justify;\"><div class=\"button_wrapper  aligncenter\"><a  href=\"http:\/\/www.aeemt.com\/web\/cursos-clinifarma-aeemt-2018-jornada-actualizacion-curas-heridas-quemaduras-vendajes-funcionales-taller-practico-streaming\/\" target=\"_self\" title=\"Streaming\" class=\"button_  default medium\"><strong>Video en streaming del curso<\/strong><\/a><\/div>\n<p style=\"text-align: justify;\"><strong>*El streaming en directo ser\u00e1 emitido el mi\u00e9rcoles 30 de\u00a0Mayo de 2018 a partir de las 16:30<\/strong><\/p>\n<p style=\"text-align: justify;\">Esperamos que esta nueva actividad les resulte de inter\u00e9s.<\/p>\n<p style=\"text-align: justify;\">Gracias a todos.<\/p>\n<p>[\/vc_column_text][\/vc_column][\/vc_row][vc_row rt_row_background_width=\u00bbdefault\u00bb rt_row_style=\u00bbdefault-style\u00bb rt_row_borders=\u00bb\u00bb rt_row_paddings=\u00bbtrue\u00bb rt_bg_effect=\u00bbclassic\u00bb rt_bg_image_repeat=\u00bbrepeat\u00bb rt_bg_size=\u00bbcover\u00bb rt_bg_position=\u00bbright top\u00bb rt_bg_attachment=\u00bbscroll\u00bb rt_bg_video_format=\u00bbself-hosted\u00bb][vc_column width=\u00bb1\/3&#8243; rt_wrp_col_paddings=\u00bbfalse\u00bb rt_border_top=\u00bb\u00bb rt_border_bottom=\u00bb\u00bb rt_border_left=\u00bb\u00bb rt_border_right=\u00bb\u00bb rt_border_top_mobile=\u00bb\u00bb rt_border_bottom_mobile=\u00bb\u00bb rt_border_left_mobile=\u00bb\u00bb rt_border_right_mobile=\u00bb\u00bb rt_bg_image_repeat=\u00bbrepeat\u00bb rt_bg_size=\u00bbauto auto\u00bb rt_bg_position=\u00bbright top\u00bb rt_bg_attachment=\u00bbscroll\u00bb][vc_column_text]<\/p>\n<p style=\"text-align: center;\"><strong>Luis Reinoso-Barbero<\/strong><br \/>\n<em>Presidente AEEMT<\/em><\/p>\n<p>[\/vc_column_text][\/vc_column][vc_column width=\u00bb1\/3&#8243; rt_wrp_col_paddings=\u00bbfalse\u00bb rt_border_top=\u00bb\u00bb rt_border_bottom=\u00bb\u00bb rt_border_left=\u00bb\u00bb rt_border_right=\u00bb\u00bb rt_border_top_mobile=\u00bb\u00bb rt_border_bottom_mobile=\u00bb\u00bb rt_border_left_mobile=\u00bb\u00bb rt_border_right_mobile=\u00bb\u00bb rt_bg_image_repeat=\u00bbrepeat\u00bb rt_bg_size=\u00bbauto auto\u00bb rt_bg_position=\u00bbright top\u00bb rt_bg_attachment=\u00bbscroll\u00bb][vc_column_text]<\/p>\n<p style=\"text-align: center;\"><strong>Dra. Carmen Serrano<\/strong><br \/>\n<em>Vicepta. AEEMT<\/em><\/p>\n<p>[\/vc_column_text][\/vc_column][vc_column width=\u00bb1\/3&#8243; rt_wrp_col_paddings=\u00bbfalse\u00bb rt_border_top=\u00bb\u00bb rt_border_bottom=\u00bb\u00bb rt_border_left=\u00bb\u00bb rt_border_right=\u00bb\u00bb rt_border_top_mobile=\u00bb\u00bb rt_border_bottom_mobile=\u00bb\u00bb rt_border_left_mobile=\u00bb\u00bb rt_border_right_mobile=\u00bb\u00bb rt_bg_image_repeat=\u00bbrepeat\u00bb rt_bg_size=\u00bbauto auto\u00bb rt_bg_position=\u00bbright top\u00bb rt_bg_attachment=\u00bbscroll\u00bb][vc_column_text]<img loading=\"lazy\" decoding=\"async\" class=\"size-full wp-image-4041 aligncenter\" src=\"http:\/\/www.aeemt.com\/web\/wp-content\/uploads\/2017\/09\/image001.png\" alt=\"\" width=\"241\" height=\"93\" \/><img loading=\"lazy\" decoding=\"async\" class=\" wp-image-5477 aligncenter\" src=\"http:\/\/www.aeemt.com\/web\/wp-content\/uploads\/2018\/05\/3M-con-SA.png\" alt=\"\" width=\"250\" height=\"55\" srcset=\"https:\/\/www.aeemt.org\/web\/wp-content\/uploads\/2018\/05\/3M-con-SA.png 478w, https:\/\/www.aeemt.org\/web\/wp-content\/uploads\/2018\/05\/3M-con-SA-300x66.png 300w\" sizes=\"(max-width: 250px) 100vw, 250px\" \/>[\/vc_column_text][\/vc_column][\/vc_row]<\/p>\n","protected":false},"excerpt":{"rendered":"<p>[vc_row rt_row_background_width=\u00bbdefault\u00bb rt_row_style=\u00bbdefault-style\u00bb rt_row_borders=\u00bb\u00bb rt_row_paddings=\u00bbtrue\u00bb rt_bg_effect=\u00bbclassic\u00bb rt_bg_image_repeat=\u00bbrepeat\u00bb rt_bg_size=\u00bbcover\u00bb rt_bg_position=\u00bbright top\u00bb rt_bg_attachment=\u00bbscroll\u00bb rt_bg_video_format=\u00bbself-hosted\u00bb][vc_column width=\u00bb1\/2&#8243; rt_wrp_col_paddings=\u00bbfalse\u00bb rt_border_top=\u00bb\u00bb rt_border_bottom=\u00bb\u00bb rt_border_left=\u00bb\u00bb rt_border_right=\u00bb\u00bb rt_border_top_mobile=\u00bb\u00bb rt_border_bottom_mobile=\u00bb\u00bb rt_border_left_mobile=\u00bb\u00bb rt_border_right_mobile=\u00bb\u00bb rt_bg_image_repeat=\u00bbrepeat\u00bb rt_bg_size=\u00bbauto auto\u00bb rt_bg_position=\u00bbright top\u00bb rt_bg_attachment=\u00bbscroll\u00bb][vc_column_text] Patrocina [\/vc_column_text][\/vc_column][vc_column [&hellip;]<\/p>\n","protected":false},"author":1,"featured_media":0,"parent":0,"menu_order":0,"comment_status":"closed","ping_status":"closed","template":"","meta":{"footnotes":""},"class_list":["post-5473","page","type-page","status-publish","hentry"],"_links":{"self":[{"href":"https:\/\/www.aeemt.org\/web\/wp-json\/wp\/v2\/pages\/5473"}],"collection":[{"href":"https:\/\/www.aeemt.org\/web\/wp-json\/wp\/v2\/pages"}],"about":[{"href":"https:\/\/www.aeemt.org\/web\/wp-json\/wp\/v2\/types\/page"}],"author":[{"embeddable":true,"href":"https:\/\/www.aeemt.org\/web\/wp-json\/wp\/v2\/users\/1"}],"replies":[{"embeddable":true,"href":"https:\/\/www.aeemt.org\/web\/wp-json\/wp\/v2\/comments?post=5473"}],"version-history":[{"count":0,"href":"https:\/\/www.aeemt.org\/web\/wp-json\/wp\/v2\/pages\/5473\/revisions"}],"wp:attachment":[{"href":"https:\/\/www.aeemt.org\/web\/wp-json\/wp\/v2\/media?parent=5473"}],"curies":[{"name":"wp","href":"https:\/\/api.w.org\/{rel}","templated":true}]}}