{"id":5156,"date":"2018-06-06T22:42:03","date_gmt":"2018-06-06T22:42:03","guid":{"rendered":"http:\/\/www.aeemt.com\/web\/?page_id=5156"},"modified":"2018-06-06T22:42:03","modified_gmt":"2018-06-06T22:42:03","slug":"cursos-clinifarma-aeemt-2018-curso-de-investigacion-y-comunicacion-cientifica-en-medicina-del-trabajo-2-video-grabado","status":"publish","type":"page","link":"https:\/\/www.aeemt.org\/web\/cursos-clinifarma-aeemt-2018-curso-de-investigacion-y-comunicacion-cientifica-en-medicina-del-trabajo-2-video-grabado\/","title":{"rendered":"Cursos Clinifarma-AEEMT 2018. Curso de Investigaci\u00f3n y Comunicaci\u00f3n Cient\u00edfica en Medicina del Trabajo II. Video Grabado"},"content":{"rendered":"Debes estar conectado para ver este contenido.","protected":false},"excerpt":{"rendered":"Debes estar conectado para ver este contenido.","protected":false},"author":1,"featured_media":0,"parent":0,"menu_order":0,"comment_status":"closed","ping_status":"closed","template":"","meta":{"footnotes":""},"class_list":["post-5156","page","type-page","status-publish","hentry"],"_links":{"self":[{"href":"https:\/\/www.aeemt.org\/web\/wp-json\/wp\/v2\/pages\/5156"}],"collection":[{"href":"https:\/\/www.aeemt.org\/web\/wp-json\/wp\/v2\/pages"}],"about":[{"href":"https:\/\/www.aeemt.org\/web\/wp-json\/wp\/v2\/types\/page"}],"author":[{"embeddable":true,"href":"https:\/\/www.aeemt.org\/web\/wp-json\/wp\/v2\/users\/1"}],"replies":[{"embeddable":true,"href":"https:\/\/www.aeemt.org\/web\/wp-json\/wp\/v2\/comments?post=5156"}],"version-history":[{"count":0,"href":"https:\/\/www.aeemt.org\/web\/wp-json\/wp\/v2\/pages\/5156\/revisions"}],"wp:attachment":[{"href":"https:\/\/www.aeemt.org\/web\/wp-json\/wp\/v2\/media?parent=5156"}],"curies":[{"name":"wp","href":"https:\/\/api.w.org\/{rel}","templated":true}]}}