{"id":3917,"date":"2017-07-26T15:54:18","date_gmt":"2017-07-26T15:54:18","guid":{"rendered":"http:\/\/www.aeemt.com\/web\/?page_id=3917"},"modified":"2017-07-26T15:54:18","modified_gmt":"2017-07-26T15:54:18","slug":"comunicaciones-ayuda-a-la-investigacion-en-proyecto-de-medicina-del-trabajo","status":"publish","type":"page","link":"https:\/\/www.aeemt.org\/web\/comunicaciones-ayuda-a-la-investigacion-en-proyecto-de-medicina-del-trabajo\/","title":{"rendered":"CEMET X. COMUNICACIONES. AYUDA A LA INVESTIGACI\u00d3N EN PROYECTO DE MEDICINA DEL TRABAJO"},"content":{"rendered":"<p>[vc_row rt_row_background_width=\u00bbdefault\u00bb rt_row_style=\u00bbdefault-style\u00bb rt_row_borders=\u00bb\u00bb rt_row_paddings=\u00bbtrue\u00bb rt_bg_effect=\u00bbclassic\u00bb rt_bg_image_repeat=\u00bbrepeat\u00bb rt_bg_size=\u00bbcover\u00bb rt_bg_position=\u00bbright top\u00bb rt_bg_attachment=\u00bbscroll\u00bb rt_bg_video_format=\u00bbself-hosted\u00bb][vc_column rt_wrp_col_paddings=\u00bbfalse\u00bb rt_border_top=\u00bb\u00bb rt_border_bottom=\u00bb\u00bb rt_border_left=\u00bb\u00bb rt_border_right=\u00bb\u00bb rt_border_top_mobile=\u00bb\u00bb rt_border_bottom_mobile=\u00bb\u00bb rt_border_left_mobile=\u00bb\u00bb rt_border_right_mobile=\u00bb\u00bb rt_bg_image_repeat=\u00bbrepeat\u00bb rt_bg_size=\u00bbauto auto\u00bb rt_bg_position=\u00bbright top\u00bb rt_bg_attachment=\u00bbscroll\u00bb][vc_column_text]<img loading=\"lazy\" decoding=\"async\" class=\"size-full wp-image-3913 aligncenter\" src=\"http:\/\/www.aeemt.com\/web\/wp-content\/uploads\/2017\/07\/Cartel-X-CEMET-05.2017-Rec.jpg\" alt=\"\" width=\"737\" height=\"362\" srcset=\"https:\/\/www.aeemt.org\/web\/wp-content\/uploads\/2017\/07\/Cartel-X-CEMET-05.2017-Rec.jpg 737w, https:\/\/www.aeemt.org\/web\/wp-content\/uploads\/2017\/07\/Cartel-X-CEMET-05.2017-Rec-600x295.jpg 600w, https:\/\/www.aeemt.org\/web\/wp-content\/uploads\/2017\/07\/Cartel-X-CEMET-05.2017-Rec-300x147.jpg 300w\" sizes=\"(max-width: 737px) 100vw, 737px\" \/>[\/vc_column_text][\/vc_column][\/vc_row][vc_row rt_row_background_width=\u00bbdefault\u00bb rt_row_style=\u00bbdefault-style\u00bb rt_row_borders=\u00bb\u00bb rt_row_paddings=\u00bbtrue\u00bb rt_bg_effect=\u00bbclassic\u00bb rt_bg_image_repeat=\u00bbrepeat\u00bb rt_bg_size=\u00bbcover\u00bb rt_bg_position=\u00bbright top\u00bb rt_bg_attachment=\u00bbscroll\u00bb rt_bg_video_format=\u00bbself-hosted\u00bb][vc_column rt_wrp_col_paddings=\u00bbfalse\u00bb rt_border_top=\u00bb\u00bb rt_border_bottom=\u00bb\u00bb rt_border_left=\u00bb\u00bb rt_border_right=\u00bb\u00bb rt_border_top_mobile=\u00bb\u00bb rt_border_bottom_mobile=\u00bb\u00bb rt_border_left_mobile=\u00bb\u00bb rt_border_right_mobile=\u00bb\u00bb rt_bg_image_repeat=\u00bbrepeat\u00bb rt_bg_size=\u00bbauto auto\u00bb rt_bg_position=\u00bbright top\u00bb rt_bg_attachment=\u00bbscroll\u00bb][vc_column_text]<\/p>\n<p style=\"text-align: justify;\">En este apartado tienen a su disposici\u00f3n toda la informaci\u00f3n referente a las comunicaciones del congreso, en el apartado de:<\/p>\n<h2 style=\"text-align: justify;\"><span style=\"font-size: 12pt;\"><strong>AYUDA A LA INVESTIGACI\u00d3N EN PROYECTO DE MEDICINA DEL TRABAJO<\/strong><\/span><\/h2>\n<p style=\"text-align: left;\"><div class=\"button_wrapper  aligncenter\"><a  href=\"http:\/\/www.aeemt.com\/CEMETX\/RV__Libro_de_ponencias\/AYUDA%20A%20LA%20INVESTIGACION%20-%20MAQUETADO.pdf\" target=\"_blank\" title=\"Comunicaciones. Ayuda a la Investigaci\u00f3n\" class=\"button_  default medium\"><strong>PDF de todas las comunicaciones. Ayuda a la Investigaci\u00f3n<\/strong><\/a><\/div>\n<p>&nbsp;<\/p>\n<p><strong>A continuaci\u00f3n tienen a su disposici\u00f3n el Listado de comunicaciones en este apartado, con un resumen de las mismas.<\/strong><\/p>\n<p>[\/vc_column_text][\/vc_column][\/vc_row][vc_row rt_row_background_width=\u00bbdefault\u00bb rt_row_style=\u00bbdefault-style\u00bb rt_row_borders=\u00bb\u00bb rt_row_paddings=\u00bbtrue\u00bb rt_bg_effect=\u00bbclassic\u00bb rt_bg_image_repeat=\u00bbrepeat\u00bb rt_bg_size=\u00bbcover\u00bb rt_bg_position=\u00bbright top\u00bb rt_bg_attachment=\u00bbscroll\u00bb rt_bg_video_format=\u00bbself-hosted\u00bb rt_padding_top=\u00bb15px\u00bb][vc_column rt_wrp_col_paddings=\u00bbfalse\u00bb rt_border_top=\u00bb\u00bb rt_border_bottom=\u00bb\u00bb rt_border_left=\u00bb\u00bb rt_border_right=\u00bb\u00bb rt_border_top_mobile=\u00bb\u00bb rt_border_bottom_mobile=\u00bb\u00bb rt_border_left_mobile=\u00bb\u00bb rt_border_right_mobile=\u00bb\u00bb rt_bg_image_repeat=\u00bbrepeat\u00bb rt_bg_size=\u00bbauto auto\u00bb rt_bg_position=\u00bbright top\u00bb rt_bg_attachment=\u00bbscroll\u00bb]<div  class=\"rt-toggle \"><ol><li  class=\"\"><div class=\"toggle-head\"><div class=\"toggle-number\"><span class=\"icon-beaker\"><\/span><\/div><div class=\"toggle-title\">Aportaci\u00f3n de la prueba \u201ctest de la marcha\u201c a los protocolos de vigilancia de la salud<\/div><\/div><div class=\"toggle-content\"><p style=\"text-align: justify;\"><em><strong>MOSTAZO SERRALVO, FRANCISCO<\/strong><\/em><\/p>\n<p style=\"text-align: justify;\"><strong>APORTACI\u00d3N DE LA PRUEBA \u201cTEST DE LA MARCHA \u201c A LOS PROTOCOLOS DE VIGILANCIA DE LA SALUD \u201d<\/strong><\/p>\n<p style=\"text-align: justify;\">AYUDA A INVESTIGACI\u00d3N EN PROYECTO DE MEDICINA DEL TRABAJO<\/p>\n<p style=\"text-align: justify;\">Las pruebas de esfuerzo cl\u00ednicas hacen posible la reproducci\u00f3n en la consulta de los s\u00edntomas del paciente, mientras se mide la respuesta fisiol\u00f3gica a un est\u00edmulo estandarizado, permiten ser objetivos y cuantificar la intolerancia al ejercicio ( en nuestro caso al trabajo )y detectar o descartar anomal\u00edas en los sistemas implicados, encontrando d\u00e9ficits funcionales no detectados mediante las pruebas est\u00e1ticas convencionales de funci\u00f3n pulmonar (Espirometr\u00edas), que no valoran la interacci\u00f3n del sistema respiratorio con el cardiovascular y muscular.<\/p>\n<p style=\"text-align: justify;\"><strong>Objetivos:<\/strong><\/p>\n<ol>\n<li style=\"text-align: justify;\">Determinar los valores de referencia del Test de la Marcha de 6 minutos en los trabajadores de Medio Ambiente de la Junta de Andaluc\u00eda.<\/li>\n<li style=\"text-align: justify;\">Determinar la fiabilidad del Test de la Marcha.<\/li>\n<li style=\"text-align: justify;\">Determinar la validez del Test de la Marcha.<\/li>\n<\/ol>\n<p><strong>Hip\u00f3tesis:<\/strong>\u00a0El Test de la Marcha es v\u00e1lido y fiable como herramienta diagn\u00f3stica en Vigilancia de la Salud<\/p>\n<p><strong>Material y M\u00e9todo:<\/strong>\u00a0El modelo apropiado es un dise\u00f1o descriptivo transversal, en el cual un grupo de participantes con caracter\u00edsticas determinadas, acordes a las pruebas a probar, es sometido a la prueba (Test de la Marcha de 6 minutos) y concomitantemente al patr\u00f3n Gold est\u00e1ndar (Ergometr\u00eda)<br \/>\nEl objetivo del an\u00e1lisis estad\u00edstico ser\u00e1 estimar las probabilidades de que el Test de la Marcha y la Ergometr\u00eda fueran capaces de identificar a los trabajadores Aptos como positivos y a los trabajadores No Aptos como negativos, es decir, la S y la E de las pruebas diagnostica.<\/p>\n<\/div><\/li><li  class=\"\"><div class=\"toggle-head\"><div class=\"toggle-number\"><span class=\"icon-beaker\"><\/span><\/div><div class=\"toggle-title\">Vacunaci\u00f3n adyuvada frente a hepatitis B en trabajadores sanitarios tipificados como no respondedores a vacuna convencional<\/div><\/div><div class=\"toggle-content\"><p style=\"text-align: justify;\"><em><strong>BRAVO GRANDE, JOS\u00c9 LORENZO<\/strong><\/em><\/p>\n<p style=\"text-align: justify;\"><em><strong>AICARDI CARRILLO GONZALO; S\u00c1NCHEZ C\u00cdVICOS ROSA MARIA; ALONSO VICENTE ELENA; CUMPLIDO CARRETERO MARIA DE LAS MERCEDES; BARRUECO HERN\u00c1NDEZ LOURDES<\/strong><\/em><\/p>\n<p style=\"text-align: justify;\"><strong>VACUNACI\u00d3N ADYUVADA FRENTE A HEPATITIS B EN TRABAJADORES SANITARIOS TIPIFICADOS COMO NO RESPONDEDORES A VACUNA CONVENCIONAL<\/strong><\/p>\n<p style=\"text-align: justify;\">AYUDA A INVESTIGACI\u00d3N EN PROYECTO DE MEDICINA DEL TRABAJO<\/p>\n<p style=\"text-align: justify;\">La poblaci\u00f3n trabajadora sanitaria de los centros hospitalarios tiene riesgo de contraer infecci\u00f3n por virus de la Hepatitis-B, como consecuencia de entrar en contacto con fluidos de un paciente fuente con situaci\u00f3n de transmisibilidad del virus, en especial los grupos no vacunados y los clasificados como \u00abno-respondedores\u00bb; entendiendo como tales, aquellas personas que habiendo recibido la vacuna convencional para la hepatitis-B en pauta completa no presentan las titulaciones de anticuerpo requeridas para confirmar su protecci\u00f3n inmunol\u00f3gica frente a la hepatitis-B.<\/p>\n<p style=\"text-align: justify;\">Es por esto que surge la necesidad de dar soluci\u00f3n a los trabajadores sanitarios y no sanitarios de nuestro entorno, en los que la vacunaci\u00f3n convencional no ha funcionado y ofrecerles una alternativa vacunal de la que puedan ser beneficiarios y que ya est\u00e9 autorizada. Se trata de una vacuna anti-hepatitis-B(ADNr)adyuvada, pero cuya autorizaci\u00f3n de comercializaci\u00f3n restringe su uso a pacientes con una respuesta inmune inferior a la de los individuos sanos y con patolog\u00eda renal.<\/p>\n<p style=\"text-align: justify;\">Tras una b\u00fasqueda libre de diferentes bases de datos formulamos los objetivos principales, beneficiar y dotar al personal sanitario con una herramienta de protecci\u00f3n frente al contagio por hepatitis y evaluar la eficacia de la vacuna adyuvada en aquellos sujetos sanos NO-respondedores a la vacuna convencional antihepatitis-B. Planteamos un ensayo cl\u00ednico de bajo nivel de intervenci\u00f3n, multic\u00e9ntrico, con uso de medicaci\u00f3n fuera de ficha t\u00e9cnica, en personal sanitario. La informaci\u00f3n se recoger\u00e1 a lo largo del 2017. Por \u00faltimo, para el an\u00e1lisis de los datos, usaremos herramientas tales como el SPSS.<\/p>\n<\/div><\/li><li  class=\"\"><div class=\"toggle-head\"><div class=\"toggle-number\"><span class=\"icon-beaker\"><\/span><\/div><div class=\"toggle-title\">Prevalencia de lumbalgias y repercusi\u00f3n de variables sociolaborales, en trabajadores que acuden a la consulta especializada de traumatolog\u00eda, en el departamento cl\u00ednico-Malvarrosa de Valencia<\/div><\/div><div class=\"toggle-content\"><p><em><strong>CASAL FUENTES, SERVIO<\/strong><\/em><\/p>\n<p><em><strong>VICENTE HERRERO M\u00aa TE\u00d3FILA<\/strong><\/em><\/p>\n<p><strong>\u201cPREVALENCIA DE LUMBALGIAS Y REPERCUSI\u00d3N DE VARIABLES SOCIOLABORALES, EN TRABAJADORES QUE ACUDEN A LA CONSULTA ESPECIALIZADA DE TRAUMATOLOG\u00cdA, EN EL DEPARTAMENTO CL\u00cdNICO-MALVARROSA DE VALENCIA\u201d.<\/strong><\/p>\n<p style=\"text-align: justify;\">AYUDA A INVESTIGACI\u00d3N EN PROYECTO DE MEDICINA DEL TRABAJO<\/p>\n<p style=\"text-align: justify;\">Las lumbalgias han sido y contin\u00faan siendo en la actualidad de gran trascendencia en el mundo laboral. Su incidencia aumenta con la edad, y el riesgo de padecerlas es multifactorial. Entre la poblaci\u00f3n general adulta (mayores de 20 a\u00f1os) su prevalencia se mantiene en torno al 80%, con una incidencia cercana al 20%.<\/p>\n<p style=\"text-align: justify;\">Su repercusi\u00f3n en procesos de incapacidad temporal es elevado, y aproximadamente un 10% guardan relaci\u00f3n con el trabajo. El informe PANOTRATSS aporta datos anuales al respecto tanto como enfermedades causadas, como agravadas por el trabajo.<\/p>\n<p style=\"text-align: justify;\">Partiendo de estos datos epidemiol\u00f3gicos y a la existencia de escasos estudios espec\u00edficos que relacionen esta patolog\u00eda con aspectos sociolaborales concretos, pretendemos determinar la asociaci\u00f3n de dichos factores con el dolor lumbar para as\u00ed incidir sobre los resultados, en las medidas preventivas y educacionales que puedan ser de utilidad en el abordaje de dicha problem\u00e1tica mediante el dise\u00f1o de un estudio observacional descriptivo tipo transversal, con datos procedentes de las consultas externas de la Unidad de Raquis perteneciente al Servicio de Traumatolog\u00eda y Ortopedia del Departamento Cl\u00ednico-Malvarrosa de Valencia.<\/p>\n<p style=\"text-align: justify;\">Junto con los datos personales, sociales y laborales incluidos en el dise\u00f1o, se recurre a instrumento validado (Escala de incapacidad por dolor lumbar de Oswestry y escala de Roland-Morris). El estudio estad\u00edstico posterior permitir\u00e1 llegar a conclusiones que puedan ser de utilidad preventiva.<\/p>\n<p style=\"text-align: justify;\">Previamente se ha realizado una b\u00fasqueda sistem\u00e1tica en las diferentes bases de datos existentes, utilizando palabras claves como \u201cLow Back Pain\u201d, \u201cOccupational Diseases\u201d y su combinaci\u00f3n con las variables objeto del estudio.<\/p>\n<\/div><\/li><li  class=\"\"><div class=\"toggle-head\"><div class=\"toggle-number\"><span class=\"icon-beaker\"><\/span><\/div><div class=\"toggle-title\">Prevalencia de la hipertensi\u00f3n arterial enmascarada en adultos j\u00f3venes y su relaci\u00f3n con la funci\u00f3n diast\u00f3lica ventricular izquierda y otros marcadores de lesi\u00f3n subcl\u00ednica de \u00f3rgano diana<\/div><\/div><div class=\"toggle-content\"><p><em><strong>VALVERDE HERNANDEZ, MARTA<\/strong><\/em><\/p>\n<p><em><strong>VALVERDE HERNANDEZ MARTA; ALONSO RIOS FERNANDO; MONTOZA GONZALEZ M\u00d3NICA; FORERO DE LA SOTILLA ALBERTO; RAMIREZ SANCHEZ PABLO<\/strong><\/em><\/p>\n<p><strong>PREVALENCIA DE LA HIPERTENSI\u00d3N ARTERIAL ENMASCARADA EN ADULTOS J\u00d3VENES Y SU RELACI\u00d3N CON LA FUNCI\u00d3N DIAST\u00d3LICA VENTRICULAR IZQUIERDA Y OTROS MARCADORES DE LESI\u00d3N SUBCL\u00cdNICA DE \u00d3RGANO DIANA<\/strong><\/p>\n<p>AYUDA A INVESTIGACI\u00d3N EN PROYECTO DE MEDICINA DEL TRABAJO<\/p>\n<p style=\"text-align: justify;\"><strong>Objetivos:<\/strong>\u00a0Valorar la prevalencia de hipertensi\u00f3n enmascarada en adultos j\u00f3venes de 30 a 45 a\u00f1os aparentemente sanos y analizar su repercusi\u00f3n sobre lesiones subcl\u00ednica de \u00f3rgano diana en coraz\u00f3n (hipertrofia ventricular y disfunci\u00f3n diast\u00f3lica), ri\u00f1\u00f3n (microalbuminuria, filtrado glomerular) y arteria perif\u00e9rica (velocidad de onda de pulso, placas carotideas, tama\u00f1o de la aorta abdominal). Estratificar el riesgo de tener una hipertensi\u00f3n arterial enmascarada en adultos j\u00f3venes seg\u00fan la lesi\u00f3n de \u00f3rgano subcl\u00ednica detectada y establecer las indicaciones de monitorizaci\u00f3n ambulatoria de presi\u00f3n arterial.<\/p>\n<p style=\"text-align: justify;\"><strong>Dise\u00f1o y metodolog\u00eda:<\/strong>\u00a0Estudio observacional, transversal y prospectivo en una muestra de adultos j\u00f3venes aparentemente sanos de 30 a 45 a\u00f1os con presi\u00f3n arterial casual normal. A todos los sujetos se les realizar\u00e1 monitorizaci\u00f3n de la presi\u00f3n ambulatoria de presi\u00f3n arterial, medici\u00f3n de la velocidad de la onda de pulso, estudios ecogr\u00e1ficos (masa ventricular izquierda, funci\u00f3n diast\u00f3lica, estudio carotideo, tama\u00f1o de la aorta abdominal) y determinaciones anal\u00edticas (niveles de colesterol, creatinina en sangre y orina, microalbuminuria).<\/p>\n<\/div><\/li><li  class=\"\"><div class=\"toggle-head\"><div class=\"toggle-number\"><span class=\"icon-beaker\"><\/span><\/div><div class=\"toggle-title\">Capacidad de trabajo en personal sanitario y su relaci\u00f3n con factores laborales e individuales<\/div><\/div><div class=\"toggle-content\"><p><em><strong>D\u00cdAZ BETHENCOURT, ANA VIRGINIA<\/strong><\/em><\/p>\n<p><em><strong>AICARDI CARRILLO GONZALO ; COCA SIM\u00d3N MAR\u00cdA DEL PILAR ; PRIETO MORALES MARTA DEL CARMEN ;<\/strong><\/em><\/p>\n<p><strong>CAPACIDAD DE TRABAJO EN PERSONAL SANITARIO Y SU RELACI\u00d3N CON FACTORES LABORALES E INDIVIDUALES<\/strong><\/p>\n<p>AYUDA A INVESTIGACI\u00d3N EN PROYECTO DE MEDICINA DEL TRABAJO<\/p>\n<p style=\"text-align: justify;\"><strong>RESUMEN<\/strong>: El \u00cdndice de Capacidad de Trabajo o Work Ability Index (WAI) es uno de los instrumentos m\u00e1s usados desde los a\u00f1os 80 en el \u00e1mbito de la salud laboral para predecir un posible riesgo de incapacidad. Este \u00edndice se usa para medir la capacidad laboral y evaluar las acciones para mantener, promover y fortalecer tanto los recursos de la persona, como el desarrollo del trabajo y su entorno.<\/p>\n<p style=\"text-align: justify;\">Nuestro proyecto se basa en la medida de la capacidad de trabajo del personal sanitario utilizando el WAI. Es el propio trabajador quien rellena el cuestionario por lo que la puntuaci\u00f3n obtenida refleja el propio concepto del trabajador de su capacidad para el trabajo. Tras una b\u00fasqueda libre en las principales bases de datos formulamos los dos objetivos principales del estudio, medir la capacidad laboral en trabajadores sanitarios y valorar cual es el \u00edtem con mayor valor predictivo de disminuci\u00f3n de la capacidad laboral, surgiendo, a parte, otros objetivos secundarios.<\/p>\n<p style=\"text-align: justify;\">Planteamos un estudio multic\u00e9ntrico descriptivo transversal y anal\u00edtico en personal sanitario de atenci\u00f3n especializada de cuatro hospitales espa\u00f1oles, aplicando en esta poblaci\u00f3n tanto los criterios de inclusi\u00f3n como los de exclusi\u00f3n previamente establecidos.<\/p>\n<p style=\"text-align: justify;\">La variable principal del estudio es la medida del \u00cdndice de Capacidad de Trabajo relacion\u00e1ndolo con variables sociodemogr\u00e1ficas, laborales y psicosociales. La informaci\u00f3n se recoger\u00e1 mediante un formulario que engloba los distintos \u00edtems. Los datos y resultados del presente estudio se registrar\u00e1n en una base de datos para su posterior an\u00e1lisis.<\/p>\n<\/div><\/li><li  class=\"\"><div class=\"toggle-head\"><div class=\"toggle-number\"><span class=\"icon-beaker\"><\/span><\/div><div class=\"toggle-title\">Impacto de un programa de escuela de espalda en los trastornos osteomusculares de los trabajadores de la industria del vidrio<\/div><\/div><div class=\"toggle-content\"><p><em><strong>CACERES HEINZ, SUSANA<\/strong><\/em><\/p>\n<p><em><strong>ESCRIBANO DOMINGO M\u00d3NICA; ALVAREZ JIMENEZ ALFREDO; GARC\u00cdA BRAOJOS NURIA<\/strong><\/em><\/p>\n<p><strong>IMPACTO DE UN PROGRAMA DE ESCUELA DE ESPALDA EN LOS TRASTORNOS OSTEOMUSCULARES DE LOS TRABAJADORES DE LA INDUSTRIA DEL VIDRIO<\/strong><\/p>\n<p>AYUDA A INVESTIGACI\u00d3N EN PROYECTO DE MEDICINA DEL TRABAJO<\/p>\n<p style=\"text-align: justify;\">Este estudio tiene como finalidad comprobar el efecto de un programa preventivo de Escuela de Espalda (EDE), cuyos componentes fundamentales son la anamnesis y exploraci\u00f3n f\u00edsica, la formaci\u00f3n te\u00f3rico-pr\u00e1ctica, la evaluaci\u00f3n con m\u00e1quinas, y ejercicios personalizados, dise\u00f1ados a partir del an\u00e1lisis tecnol\u00f3gico de la biomec\u00e1nica de la columna (BC) y la fuerza muscular (FM), para detectar alteraciones que predisponen a la patolog\u00eda de columna en trabajadores con trastornos osteomusculares de la columna vertebral (TOCV) inscritos en la EDE. Se realizar\u00e1 un estudio cuasi experimental con naturaleza descriptiva y temporalidad longitudinal.<\/p>\n<p style=\"text-align: justify;\">Los sujetos del estudio son 106 trabajadores de f\u00e1bricas del vidrio (Guadalajara-Espa\u00f1a) que participan en EDE, durante el 2016-2017. Las variables principales las definen, los TOCV, la educaci\u00f3n para la salud impartida, las posibles alteraciones detectadas con las m\u00e1quinas que predisponen a la patolog\u00eda de columna. Se obtienen los datos de la historia cl\u00ednica, de un cuestionario, as\u00ed como la evaluaci\u00f3n con dos m\u00e1quinas: Back Check (M\u00e9todo Dr.Wolff) para evaluar la FM y la t\u00e9cnica del Spinal Mouse, para conocer datos sobre la biomec\u00e1nica de la columna dorsolumbar, aplicando tambi\u00e9n el Test de Matthias (competencia postural, tras ser sometido a una carga).<\/p>\n<p style=\"text-align: justify;\">Por ser un estudio longitudinal, tanto el cuestionario como las mediciones de maquinas, ser\u00e1n aplicados en dos momentos (test-retest). Para el an\u00e1lisis estad\u00edstico se utilizar\u00e1 el programa SPSS. Para la obtenci\u00f3n de los resultados se realizar\u00e1 el an\u00e1lisis descriptivo uni y bivariante (correlaciones), las pruebas param\u00e9tricas y\/o no param\u00e9tricas que nos permitan tener una evaluaci\u00f3n objetiva del programa.<\/p>\n<\/div><\/li><li  class=\"\"><div class=\"toggle-head\"><div class=\"toggle-number\"><span class=\"icon-beaker\"><\/span><\/div><div class=\"toggle-title\">Impacto de la prestaci\u00f3n por riesgo de embarazo en trabajadoras de un hospital regional<\/div><\/div><div class=\"toggle-content\"><p><em><strong>RANCHAL SANCHEZ, ANTONIO<\/strong><\/em><\/p>\n<p><em><strong>P\u00c9RULA DE TORRES LUIS<\/strong><\/em><\/p>\n<p><strong>IMPACTO DE LA PRESTACI\u00d3N POR RIESGO DE EMBARAZO EN TRABAJADORAS DE UN HOSPITAL REGIONAL<\/strong><\/p>\n<p>AYUDA A INVESTIGACI\u00d3N EN PROYECTO DE MEDICINA DEL TRABAJO<\/p>\n<p style=\"text-align: justify;\">La legislaci\u00f3n vigente protege la maternidad, facilitando entornos de trabajo saludables. Desde 2008 se demanda en el hospital la llamada \u00abPrestaci\u00f3n por riesgo durante el embarazo\u00bb (PRE), a la que pueden acogerse trabajadoras embarazadas. Existe literatura espec\u00edfica sobre los riesgos en el entorno de trabajo de la mujer en estado de gestaci\u00f3n, pero se desconoce cual es el impacto que tienen, en t\u00e9rminos de salud, las ausencias prolongadas por PRE en el puesto de trabajo. Prestaci\u00f3n que se ha incrementado seg\u00fan muestra un estudio reciente.<\/p>\n<p style=\"text-align: justify;\"><strong>El objetivo general<\/strong>\u00a0es analizar la incidencia de eventos negativos durante el embarazo, parto y\/o el reci\u00e9n nacido en trabajadoras embarazadas del \u00e1mbito sanitario, para determinar si la PRE constituye un factor protector superior de eventos negativos, frente a la ausencia de dicha prestaci\u00f3n.<\/p>\n<p style=\"text-align: justify;\"><strong>Dise\u00f1o del estudio:<\/strong>\u00a0Cohortes ambispectivo de todas las trabajadoras embarazadas durante el periodo 2008-2017 (n=804) en un hospital regional. La identificaci\u00f3n de los sujetos del estudio ser\u00e1 facilitada por la unidad de recursos humanos del hospital a trav\u00e9s de la aplicaci\u00f3n Gerhonte. La situaci\u00f3n laboral de las embarazdas durante su proceso se identificar\u00e1 consultando la base de datos de la Unidad de Salud Laboral del hospital y el programa inform\u00e1tico Winmedtra. Los datos cl\u00ednico-epidemiol\u00f3gicos se obtendr\u00e1n de la historia de salud digital y del m\u00f3dulo de gesti\u00f3n de informes del hospital. El an\u00e1lisis de datos consistir\u00e1 principalmente en la estimaci\u00f3n de la reducci\u00f3n relativa y absoluta del riesgo. Se har\u00e1 un an\u00e1lisis multivariante mediante los programas SPSS y Epidat.<\/p>\n<\/div><\/li><\/ol><\/div>[\/vc_column][\/vc_row]<\/p>\n","protected":false},"excerpt":{"rendered":"<p>[vc_row rt_row_background_width=\u00bbdefault\u00bb rt_row_style=\u00bbdefault-style\u00bb rt_row_borders=\u00bb\u00bb rt_row_paddings=\u00bbtrue\u00bb rt_bg_effect=\u00bbclassic\u00bb rt_bg_image_repeat=\u00bbrepeat\u00bb rt_bg_size=\u00bbcover\u00bb rt_bg_position=\u00bbright top\u00bb rt_bg_attachment=\u00bbscroll\u00bb rt_bg_video_format=\u00bbself-hosted\u00bb][vc_column rt_wrp_col_paddings=\u00bbfalse\u00bb rt_border_top=\u00bb\u00bb rt_border_bottom=\u00bb\u00bb rt_border_left=\u00bb\u00bb rt_border_right=\u00bb\u00bb rt_border_top_mobile=\u00bb\u00bb rt_border_bottom_mobile=\u00bb\u00bb rt_border_left_mobile=\u00bb\u00bb rt_border_right_mobile=\u00bb\u00bb rt_bg_image_repeat=\u00bbrepeat\u00bb rt_bg_size=\u00bbauto auto\u00bb rt_bg_position=\u00bbright top\u00bb rt_bg_attachment=\u00bbscroll\u00bb][vc_column_text][\/vc_column_text][\/vc_column][\/vc_row][vc_row rt_row_background_width=\u00bbdefault\u00bb rt_row_style=\u00bbdefault-style\u00bb rt_row_borders=\u00bb\u00bb [&hellip;]<\/p>\n","protected":false},"author":1,"featured_media":0,"parent":0,"menu_order":0,"comment_status":"closed","ping_status":"closed","template":"","meta":{"footnotes":""},"class_list":["post-3917","page","type-page","status-publish","hentry"],"_links":{"self":[{"href":"https:\/\/www.aeemt.org\/web\/wp-json\/wp\/v2\/pages\/3917"}],"collection":[{"href":"https:\/\/www.aeemt.org\/web\/wp-json\/wp\/v2\/pages"}],"about":[{"href":"https:\/\/www.aeemt.org\/web\/wp-json\/wp\/v2\/types\/page"}],"author":[{"embeddable":true,"href":"https:\/\/www.aeemt.org\/web\/wp-json\/wp\/v2\/users\/1"}],"replies":[{"embeddable":true,"href":"https:\/\/www.aeemt.org\/web\/wp-json\/wp\/v2\/comments?post=3917"}],"version-history":[{"count":0,"href":"https:\/\/www.aeemt.org\/web\/wp-json\/wp\/v2\/pages\/3917\/revisions"}],"wp:attachment":[{"href":"https:\/\/www.aeemt.org\/web\/wp-json\/wp\/v2\/media?parent=3917"}],"curies":[{"name":"wp","href":"https:\/\/api.w.org\/{rel}","templated":true}]}}