{"id":3258,"date":"2017-05-18T02:58:02","date_gmt":"2017-05-18T02:58:02","guid":{"rendered":"http:\/\/www.aeemt.com\/web\/?page_id=3258"},"modified":"2017-05-18T02:58:02","modified_gmt":"2017-05-18T02:58:02","slug":"politica-de-privacidad","status":"publish","type":"page","link":"https:\/\/www.aeemt.org\/web\/politica-de-privacidad\/","title":{"rendered":"Pol\u00edtica de Privacidad."},"content":{"rendered":"<h2 class=\"x_MsoNormal\" style=\"text-align: justify;\"><b>Pol\u00edtica de Privacidad<\/b><b><\/b><\/h2>\n<p class=\"x_MsoNormal\" style=\"text-align: justify;\"><b>Responsable del tratamiento<\/b><b><\/b><\/p>\n<p class=\"x_MsoNormal\" style=\"text-align: justify;\">LA ASOCIACI\u00d3N ESPA\u00d1OLA DE ESPECIALISTAS EN MEDICINA DEL TRABAJO (AEEMT) con CIF G-2899025 entidad de nacionalidad espa\u00f1ola y con domicilio social en C\/ Santa Isabel, 51, 28012 \u2013 Madrid, es responsable del tratamiento de los datos personales recabados a trav\u00e9s del Sitio Web\u00a0<a href=\"https:\/\/www.aeemt.com\" target=\"_blank\" rel=\"noopener noreferrer\" data-auth=\"NotApplicable\" data-linkindex=\"1\">https:\/\/www.aeemt.com<\/a>\u00a0(en adelante, el Sitio Web).<\/p>\n<p class=\"x_MsoNormal\" style=\"text-align: justify;\">Esta\u00a0<b>Pol\u00edtica de Privacidad\u00a0<\/b>regula la recogida y el tratamiento de los datos personales que sean proporcionados por los Usuarios del Sitio Web, cuando accedan, naveguen o hagan uso de las funcionalidades del mismo.<\/p>\n<p class=\"x_MsoNormal\" style=\"text-align: justify;\"><b>Recogida de datos, finalidades, base de legitimaci\u00f3n y plazos de conservaci\u00f3n:<\/b><b><\/b><\/p>\n<p class=\"x_MsoNormal\" style=\"text-align: justify;\"><b>\u00a0<\/b><\/p>\n<p class=\"x_MsoNormal\" style=\"text-align: justify;\"><b>a) Contacto:<\/b>\u00a0El Usuario puede ponerse en contacto con AEEMT a trav\u00e9s de los formularios del Sitio Web. Con su consentimiento acepta facilitar a AEEMT informaci\u00f3n identificativa como su nombre y apellidos, su correo electr\u00f3nico y tel\u00e9fono, as\u00ed como el motivo de la consulta que desea realizar y el departamento al que va destinada la consulta. Utilizaremos esos datos para tramitar la consulta y contactar con el Usuario.<\/p>\n<p class=\"x_MsoNormal\" style=\"text-align: justify;\">El plazo de conservaci\u00f3n de los datos para esta finalidad ser\u00e1 de un a\u00f1o, salvo que sean aplicables otros plazos.<\/p>\n<p class=\"x_MsoNormal\" style=\"text-align: justify;\"><b>b) Asociaci\u00f3n<\/b>: Para ser Asociado de AEEMT, ser\u00e1 necesario proporcionar sus datos identificativos, como nombre, apellidos y correo electr\u00f3nico, as\u00ed como informaci\u00f3n de facturaci\u00f3n y pago (como cuenta bancaria o tarjeta), todo ello necesario para la tramitaci\u00f3n de su alta.<\/p>\n<p class=\"x_MsoNormal\" style=\"text-align: justify;\">Las <b>finalidades del tratamiento<\/b> ser\u00e1n la gesti\u00f3n de la solicitud de asociaci\u00f3n y, si la solicitud cumple con los requisitos, las siguientes: a) gesti\u00f3n de las actividades de la Asociaci\u00f3n y de sus \u00f3rganos de representaci\u00f3n; b) gesti\u00f3n de las relaciones jur\u00eddico-econ\u00f3micas entre la Asociaci\u00f3n y el Asociado; c) gesti\u00f3n de las relaciones de la Asociaci\u00f3n con terceras personas, jur\u00eddicas y f\u00edsicas, p\u00fablicas y privadas; y d) gesti\u00f3n y organizaci\u00f3n de las actividades de todo tipo que se desarrollen en cumplimiento de los fines de la Asociaci\u00f3n.<\/p>\n<p class=\"x_MsoNormal\" style=\"text-align: justify;\">En tal caso, la habilitaci\u00f3n legal ser\u00e1 la ejecuci\u00f3n contractual y AEEMT mantendr\u00e1 sus datos mientras sea asociado y tras ello, bloqueados durante hasta cinco a\u00f1os m\u00e1s, por gestiones tributarias y para cubrir posibles responsabilidades, siempre y cuando no sean aplicables otros plazos.<\/p>\n<p class=\"x_MsoNormal\" style=\"text-align: justify;\"><b>c) Registro de empresas colaboradoras<\/b>: Para convertirse en empresa colaboradora, ser\u00e1 necesario, adem\u00e1s de la informaci\u00f3n identificativa de la empresa, proporcionar los datos personales de la persona f\u00edsica interesada, como su nombre, apellidos y correo electr\u00f3nico; as\u00ed como informaci\u00f3n de facturaci\u00f3n.<\/p>\n<p class=\"x_MsoNormal\" style=\"text-align: justify;\">La base de legitimaci\u00f3n del tratamiento de datos ser\u00e1 la ejecuci\u00f3n contractual. Los datos proporcionados ser\u00e1n mantenidos mientras dure el acuerdo de colaboraci\u00f3n entre AEEMT y la empresa, para posteriormente ser bloqueados durante hasta cinco a\u00f1os m\u00e1s, por gestiones tributarias y para cubrir posibles responsabilidades, salvo que sean aplicables otros plazos.<\/p>\n<p class=\"x_MsoNormal\" style=\"text-align: justify;\"><b>d) Alta de Usuario registrado<\/b>: El Sitio Web ofrece un \u00e1rea privada a la que podr\u00e1n acceder los Asociados de AEEMT. Desde la misma, una vez loqueado, el Asociado tendr\u00e1 la posibilidad de completar su informaci\u00f3n personal, introduciendo datos formativos y laborales a efectos de mejorar su experiencia en el Sitio Web y recibir informaci\u00f3n adaptada a sus concretas circunstancias, tal como oportunidades formativas.<\/p>\n<p class=\"x_MsoNormal\" style=\"text-align: justify;\">La base de legitimaci\u00f3n del tratamiento de datos es su consentimiento. Los datos proporcionados ser\u00e1n mantenidos mientras se mantenga su condici\u00f3n de Asociado.<\/p>\n<p class=\"x_MsoNormal\" style=\"text-align: justify;\"><b>e) Bolet\u00edn AEEMT:<\/b>\u00a0El Asociado recibir\u00e1, salvo que manifieste lo contrario, el bolet\u00edn de novedades y noticias de AEEMT en su correo electr\u00f3nico ya que forma parte de los servicios principales de ofrecer AEEMT al Asociado, por lo que la base jur\u00eddica es la correcta ejecuci\u00f3n del contrato de asociaci\u00f3n a AEEMT.<\/p>\n<p class=\"x_MsoNormal\" style=\"text-align: justify;\">Su informaci\u00f3n personal ser\u00e1 conservada en tanto permanezca dado de alta en nuestros sistemas de env\u00edo del Bolet\u00edn AEEMT y hasta que se oponga a seguir recibiendo los mismos.<\/p>\n<p class=\"x_MsoNormal\" style=\"text-align: justify;\"><b>f)<\/b>\u00a0<b><i>Cookies<\/i><\/b>: El Sitio Web dispone de tecnolog\u00eda para la implantaci\u00f3n de archivos denominados\u00a0<i>cookies<\/i>\u00a0en el equipo del Usuario. Las\u00a0<i>cookies<\/i>\u00a0se utilizan para mejorar su experiencia de navegaci\u00f3n en nuestra web, analizar la navegaci\u00f3n de los usuarios y poder ofrecerle contenidos personalizados. En cualquier caso, pueden ser bloqueadas o deshabilitadas a trav\u00e9s de las opciones de configuraci\u00f3n del navegador. Si desea m\u00e1s informaci\u00f3n puede consultar nuestra\u00a0<a href=\"http:\/\/www.aeemt.com\/web\/politica-de-cookies\/\" target=\"_blank\" rel=\"noopener noreferrer\"><strong>Pol\u00edtica de\u00a0<\/strong><strong>Cookies<\/strong><\/a><i>.<\/i><\/p>\n<p class=\"x_MsoNormal\" style=\"text-align: justify;\">La base jur\u00eddica del tratamiento de tales datos se sustenta en el consentimiento del Usuario.<\/p>\n<p class=\"x_MsoNormal\" style=\"text-align: justify;\"><b>g) Descarga de contenidos y env\u00edo de comunicaciones<\/b>:<\/p>\n<p class=\"x_MsoNormal\" style=\"text-align: justify;\">AEEMT podr\u00e1 enviar al usuario que se hubiese descargado contenido gratuito, puesto a su disposici\u00f3n en la p\u00e1gina web de AEEMT, publicidad relacionada con la tem\u00e1tica de la descarga\u00a0por medios electr\u00f3nicos\u00a0por haber prestado su consentimiento para ello en el momento de la descarga.\u00a0En todo caso, podr\u00e1 revocar su con este tratamiento en cualquier momento.<\/p>\n<p class=\"x_MsoNormal\" style=\"text-align: justify;\">Los datos ser\u00e1n conservados mientras permanezca dado de alta en nuestros sistemas para el env\u00edo de comunicaciones comerciales.<\/p>\n<p class=\"x_MsoNormal\" style=\"text-align: justify;\"><b>h) Publicidad Propia<\/b>: AEEMT podr\u00e1 enviarle publicidad de sus servicios en el marco del inter\u00e9s leg\u00edtimo en mantener al Asociado al tanto de novedades de la Asociaci\u00f3n para el cumplimiento de sus fines estatutarios. En todo caso, podr\u00e1 cancelar este tratamiento en cualquier momento.<\/p>\n<p class=\"x_MsoNormal\" style=\"text-align: justify;\">Los datos ser\u00e1n conservados mientras permanezca dado de alta en nuestros sistemas para el env\u00edo de comunicaciones comerciales.<\/p>\n<p class=\"x_MsoNormal\" style=\"text-align: justify;\"><b>Ejercicio de derechos<\/b><b><\/b><\/p>\n<p class=\"x_MsoNormal\" style=\"text-align: justify;\">En cualquier momento, el Usuario puede revocar el consentimiento para el tratamiento o ejercer sus derechos de acceso, rectificaci\u00f3n, supresi\u00f3n, portabilidad, oposici\u00f3n y limitaci\u00f3n al tratamiento, ya sea poni\u00e9ndolo en conocimiento de AEEMT a trav\u00e9s de un correo electr\u00f3nico a <a href=\"mailto:administracion@aeemt.com\" target=\"_blank\" rel=\"noopener noreferrer\" data-auth=\"NotApplicable\" data-linkindex=\"2\">administracion@aeemt.com<\/a>, ya sea indic\u00e1ndolo a la direcci\u00f3n arriba indicada, se\u00f1alando como asunto \u201cProtecci\u00f3n de Datos\u201d. En ambos casos, ha de ser aportado documento oficial que permita la identificaci\u00f3n del Usuario, para evitar el acceso a sus datos por parte de terceros. En cualquier momento, el Usuario podr\u00e1 presentar una reclamaci\u00f3n ante la Agencia Espa\u00f1ola de Protecci\u00f3n de Datos para hacer valer sus derechos.<\/p>\n","protected":false},"excerpt":{"rendered":"<p>Pol\u00edtica de Privacidad Responsable del tratamiento LA ASOCIACI\u00d3N ESPA\u00d1OLA DE ESPECIALISTAS EN MEDICINA DEL TRABAJO (AEEMT) con CIF G-2899025 entidad de nacionalidad espa\u00f1ola y con domicilio social en C\/ Santa [&hellip;]<\/p>\n","protected":false},"author":1,"featured_media":0,"parent":0,"menu_order":0,"comment_status":"closed","ping_status":"closed","template":"","meta":{"footnotes":""},"class_list":["post-3258","page","type-page","status-publish","hentry"],"_links":{"self":[{"href":"https:\/\/www.aeemt.org\/web\/wp-json\/wp\/v2\/pages\/3258"}],"collection":[{"href":"https:\/\/www.aeemt.org\/web\/wp-json\/wp\/v2\/pages"}],"about":[{"href":"https:\/\/www.aeemt.org\/web\/wp-json\/wp\/v2\/types\/page"}],"author":[{"embeddable":true,"href":"https:\/\/www.aeemt.org\/web\/wp-json\/wp\/v2\/users\/1"}],"replies":[{"embeddable":true,"href":"https:\/\/www.aeemt.org\/web\/wp-json\/wp\/v2\/comments?post=3258"}],"version-history":[{"count":0,"href":"https:\/\/www.aeemt.org\/web\/wp-json\/wp\/v2\/pages\/3258\/revisions"}],"wp:attachment":[{"href":"https:\/\/www.aeemt.org\/web\/wp-json\/wp\/v2\/media?parent=3258"}],"curies":[{"name":"wp","href":"https:\/\/api.w.org\/{rel}","templated":true}]}}