{"id":3173,"date":"2017-05-16T21:00:03","date_gmt":"2017-05-16T21:00:03","guid":{"rendered":"http:\/\/www.aeemt.com\/web\/?page_id=3173"},"modified":"2025-11-13T22:33:51","modified_gmt":"2025-11-13T21:33:51","slug":"equipo-editorial","status":"publish","type":"page","link":"https:\/\/www.aeemt.org\/web\/equipo-editorial\/","title":{"rendered":"Equipo Editorial"},"content":{"rendered":"<p>[vc_row rt_row_background_width=\u00bbdefault\u00bb rt_row_style=\u00bbdefault-style\u00bb rt_row_borders=\u00bb\u00bb rt_row_paddings=\u00bbtrue\u00bb rt_bg_effect=\u00bbclassic\u00bb rt_bg_image_repeat=\u00bbrepeat\u00bb rt_bg_size=\u00bbcover\u00bb rt_bg_position=\u00bbright top\u00bb rt_bg_attachment=\u00bbscroll\u00bb rt_bg_video_format=\u00bbself-hosted\u00bb][vc_column rt_wrp_col_paddings=\u00bbfalse\u00bb rt_border_top=\u00bb\u00bb rt_border_bottom=\u00bb\u00bb rt_border_left=\u00bb\u00bb rt_border_right=\u00bb\u00bb rt_border_top_mobile=\u00bb\u00bb rt_border_bottom_mobile=\u00bb\u00bb rt_border_left_mobile=\u00bb\u00bb rt_border_right_mobile=\u00bb\u00bb rt_bg_image_repeat=\u00bbrepeat\u00bb rt_bg_size=\u00bbauto auto\u00bb rt_bg_position=\u00bbright top\u00bb rt_bg_attachment=\u00bbscroll\u00bb][vc_column_text css=\u00bb\u00bb]<\/p>\n<p style=\"text-align: center;\"><img loading=\"lazy\" decoding=\"async\" class=\"aligncenter wp-image-73163 size-large\" src=\"https:\/\/www.aeemt.org\/web\/wp-content\/uploads\/2025\/11\/Banner-Revista-Equipo-Editorial-2025-IMG-1024x300.png\" alt=\"\" width=\"1024\" height=\"300\" srcset=\"https:\/\/www.aeemt.org\/web\/wp-content\/uploads\/2025\/11\/Banner-Revista-Equipo-Editorial-2025-IMG-1024x300.png 1024w, https:\/\/www.aeemt.org\/web\/wp-content\/uploads\/2025\/11\/Banner-Revista-Equipo-Editorial-2025-IMG-300x88.png 300w, https:\/\/www.aeemt.org\/web\/wp-content\/uploads\/2025\/11\/Banner-Revista-Equipo-Editorial-2025-IMG-768x225.png 768w, https:\/\/www.aeemt.org\/web\/wp-content\/uploads\/2025\/11\/Banner-Revista-Equipo-Editorial-2025-IMG-1536x450.png 1536w, https:\/\/www.aeemt.org\/web\/wp-content\/uploads\/2025\/11\/Banner-Revista-Equipo-Editorial-2025-IMG-600x176.png 600w, https:\/\/www.aeemt.org\/web\/wp-content\/uploads\/2025\/11\/Banner-Revista-Equipo-Editorial-2025-IMG.png 1600w\" sizes=\"(max-width: 1024px) 100vw, 1024px\" \/><\/p>\n<p>[\/vc_column_text][\/vc_column][\/vc_row][vc_row rt_row_background_width=\u00bbdefault\u00bb rt_row_style=\u00bbdefault-style\u00bb rt_row_borders=\u00bb\u00bb rt_overlap=\u00bbtrue\u00bb rt_row_paddings=\u00bbtrue\u00bb rt_bg_effect=\u00bbclassic\u00bb rt_bg_image_repeat=\u00bbrepeat\u00bb rt_bg_size=\u00bbcover\u00bb rt_bg_position=\u00bbright top\u00bb rt_bg_attachment=\u00bbscroll\u00bb rt_bg_video_format=\u00bbself-hosted\u00bb][vc_column rt_wrp_col_paddings=\u00bbfalse\u00bb rt_border_top=\u00bb\u00bb rt_border_bottom=\u00bb\u00bb rt_border_left=\u00bb\u00bb rt_border_right=\u00bb\u00bb rt_border_top_mobile=\u00bb\u00bb rt_border_bottom_mobile=\u00bb\u00bb rt_border_left_mobile=\u00bb\u00bb rt_border_right_mobile=\u00bb\u00bb rt_bg_image_repeat=\u00bbrepeat\u00bb rt_bg_size=\u00bbauto auto\u00bb rt_bg_position=\u00bbright top\u00bb rt_bg_attachment=\u00bbscroll\u00bb][vc_column_text css=\u00bb\u00bb]<\/p>\n<p style=\"text-align: justify;\"><strong><img loading=\"lazy\" decoding=\"async\" class=\" wp-image-72523 aligncenter\" src=\"https:\/\/www.aeemt.org\/web\/wp-content\/uploads\/2025\/09\/Logo-Revista-300x120.jpg\" alt=\"\" width=\"626\" height=\"250\" srcset=\"https:\/\/www.aeemt.org\/web\/wp-content\/uploads\/2025\/09\/Logo-Revista-300x120.jpg 300w, https:\/\/www.aeemt.org\/web\/wp-content\/uploads\/2025\/09\/Logo-Revista-768x307.jpg 768w, https:\/\/www.aeemt.org\/web\/wp-content\/uploads\/2025\/09\/Logo-Revista-600x240.jpg 600w, https:\/\/www.aeemt.org\/web\/wp-content\/uploads\/2025\/09\/Logo-Revista.jpg 945w\" sizes=\"(max-width: 626px) 100vw, 626px\" \/><\/strong><\/p>\n<p style=\"text-align: center;\"><strong>ISSN versi\u00f3n online 3020-1160 y versi\u00f3n impresa 1132-6255<\/strong><\/p>\n<h2 style=\"text-align: center;\">Equipo Editorial<\/h2>\n<h3 style=\"text-align: justify;\"><strong>Directora<\/strong><\/h3>\n<p><strong>M\u00aa Teresa del Campo Balsa MD, PhD <\/strong><\/p>\n<p>Medicina del Trabajo del Servicio de Prevenci\u00f3n del Hospital Universitario Fundaci\u00f3n Jim\u00e9nez D\u00edaz, Madrid.<br \/>\nProfesora honoraria de la Universidad Aut\u00f3noma de Madrid<\/p>\n<h3 style=\"text-align: justify;\"><strong>Fundador de la revista<\/strong><\/h3>\n<p style=\"text-align: justify;\"><strong>Javier Sanz Gonz\u00e1lez MD<\/strong><br \/>\nDirector Dpto. Medicina del Trabajo Deloitte, Madrid.<\/p>\n<h3 style=\"text-align: justify;\"><strong>Comit\u00e9 de Redacci\u00f3n<\/strong><\/h3>\n<p style=\"text-align: justify;\"><strong>Carmen Bellido Cambr\u00f3n MD, PhD<\/strong><br \/>\nCoordinadora del Servicio de Prevenci\u00f3n del Hospital General Universitario de Castell\u00f3n<\/p>\n<p style=\"text-align: justify;\"><strong>Luisa Capdevila Garc\u00eda MD, PhD<\/strong><br \/>\nMedicina del Trabajo de Salud Laboral de Mapfre Espa\u00f1a, Valencia<\/p>\n<p style=\"text-align: justify;\"><strong>Alejandro Fern\u00e1ndez Montero MD, PhD<\/strong><br \/>\nMedicina del Trabajo del Servicio de Prevenci\u00f3n de Cl\u00ednica Universidad de Navarra, Pamplona.<br \/>\nProfesor contratado doctor de la Universidad de Navarra<\/p>\n<p style=\"text-align: justify;\"><strong>Lourdes Jim\u00e9nez Bajo MD<\/strong><br \/>\nMedicina del Trabajo del Servicio de Prevenci\u00f3n de Deloitte, Madrid<\/p>\n<p style=\"text-align: justify;\"><strong>Carmen Mu\u00f1oz Ruip\u00e9rez MD, PhD<\/strong><br \/>\nJefe del Servicio de Prevenci\u00f3n del Hospital Universitario 12 de Octubre, Madrid<\/p>\n<p style=\"text-align: justify;\"><strong>Luis Reinoso Barbero MD, PhD<\/strong><br \/>\nMedicina del Trabajo. Profesor contratado doctor de la Universidad Internacional de La Rioja.<br \/>\nServicio M\u00e9dico Grupo Santander, Madrid<\/p>\n<p style=\"text-align: justify;\"><strong>Ignacio S\u00e1nchez-Arcilla Conejo MD<\/strong><br \/>\nJefe del Servicio de Prevenci\u00f3n del Hospital Universitario Gregorio Mara\u00f1\u00f3n, Madrid<\/p>\n<p style=\"text-align: justify;\"><strong>Guillermo Soriano Tar\u00edn MD, PhD<\/strong><br \/>\nCoordinador del \u00e1rea de Medicina del Trabajo SGS Tecnos S.A, Valencia<\/p>\n<h3 style=\"text-align: justify;\">CONSEJO EDITORIAL IN MEMORIAM<\/h3>\n<p style=\"text-align: justify;\"><strong>Dr. Enrique Alday Figueroa<\/strong> (Instituto Nacional de Seguridad e Higiene en el Trabajo) \u2020<br \/>\n<strong>Dr. Vicente Arias D\u00edaz<\/strong> (Medicina del Trabajo del Hospital Universitario 12 de Octubre de Madrid) \u2020<br \/>\n<strong>Dr. Antonio Garc\u00eda Barreiro<\/strong> (Medicina del Trabajo de Mutua de Asepeyo, Madrid) \u2020<br \/>\n<strong>Dr. Fernando Garc\u00eda Escand\u00f3n<\/strong> (Medicina del Trabajo del Servicio de Prevenci\u00f3n de UNESA, Madrid) \u2020<br \/>\n<strong>Dr. Pedro A. Gutierrez Royuela<\/strong> (Medicina del Trabajo, Madrid) \u2020<br \/>\n<strong>Dr. Antonio Iniesta Alvarez<\/strong> (Medicina del Trabajo del Servicio de Prevenci\u00f3n de Garrigues, Madrid) \u2020<br \/>\n<strong>Dr. Antonio Jim\u00e9nez Butrague\u00f1o<\/strong> (Profesor de la Escuela de Medicina del Trabajo, Universidad Complutense de Madrid) \u2020<br \/>\n<strong>Dr. Enrique Malboysson Correcher<\/strong> (Medicina del Trabajo de Hidroel\u00e9ctrica Espa\u00f1ola, Valencia) \u2020<br \/>\n<strong>Dr. Francisco P\u00e9rez Bouzo<\/strong> (Medicina del Trabajo del Servicio de Prevenci\u00f3n P&amp;S Prevenci\u00f3n y Salud, Santander) \u2020<\/p>\n<h3 style=\"text-align: justify;\"><\/h3>\n<h3 style=\"text-align: justify;\">Consejo Editorial<\/h3>\n<p style=\"text-align: justify;\"><strong>Dr. Albert Agull\u00f3 Vidal<\/strong> (Medicina del Trabajo del Servicio de Prevenci\u00f3n de Deloitte, Barcelona)<br \/>\n<strong>Dr. Juan Jos\u00e9 Alvarez S\u00e1enz<\/strong> (Medicina del Trabajo, Madrid)<br \/>\n<strong>Dr. H\u00e9ctor Anabal\u00f3n Aburto<\/strong> (Neumolog\u00eda, Santiago de Chile, Chile)<br \/>\n<strong>Dr. Juan Francisco Alvarez Zarallo<\/strong> (Medicina del Trabajo del Servicio de Prevenci\u00f3n del Hospital de Virgen del Roc\u00edo de Sevilla)<br \/>\n<strong>Dr. Fernando Bandr\u00e9s Moya<\/strong> (Profesor de Medicina Legal de la Facultad de Medicina de la Universidad Complutense de Madrid)<br \/>\n<strong>Dr. Cesar Borobia Fern\u00e1ndez<\/strong> (Valoraci\u00f3n del Da\u00f1o Corporal, Madrid)<br \/>\n<strong>Dr. Juan Luis Cabanillas Moruno<\/strong> (Medicina del Trabajo, Profesor de Universidad de Sevilla)<br \/>\n<strong>Dr. Ram\u00f3n Cabrera Rubio<\/strong> (Medicina del Trabajo, M\u00e1laga)<br \/>\n<strong>Dr. Plinio Calvento<\/strong> (L\u00edder corporativo de Salud Ocupacional de Loma Negra, Buenos Aires, Argentina)<br \/>\n<strong>Dra. Covadonga Caso Pita<\/strong> (Medicina del Trabajo, Madrid)<br \/>\n<strong>Dr. Rafael Ce\u00f1a Callejo<\/strong> (Medicina del Trabajo, Valladolid)<br \/>\n<strong>Dra. Michele Doporto High<\/strong> (Medicina del Trabajo, Madrid)<br \/>\n<strong>Dra. Emilia Fern\u00e1ndez de Navarrete Garc\u00eda<\/strong> (Medicina del Trabajo, Madrid)<br \/>\n<strong>Dra Isabel Garc\u00eda Gismera<\/strong> (Subdirectora General de Asepeyo, Madrid)<br \/>\n<strong>Dra. M\u00aa Luisa Gonz\u00e1lez Bueno<\/strong> (Hospital Laboral de Solimat, Toledo)<br \/>\n<strong>Dr. Jos\u00e9 Gonz\u00e1lez P\u00e9rez<\/strong> (Rehabilitaci\u00f3n, Activa Mutua, Madrid)<br \/>\n<strong>Dra. Clara Guill\u00e9n Subir\u00e1n<\/strong> (Medicina del Trabajo de Ibermutuamur, Madrid)<br \/>\n<strong>Dr. Pedro A. Gutierrez Royuela<\/strong> (Medicina del Trabajo, Madrid)<br \/>\n<strong>Dr. Javier Hermoso Iglesias<\/strong> (Medicina del Trabajo, Madrid)<br \/>\n<strong>Dr. Jes\u00fas Hermoso de Mendoza<\/strong> (Medicina del Trabajo, Pamplona)<br \/>\n<strong>Dr. Rafael E. de la Hoz<\/strong> (Profesor Mount Sinai School Medicine New York, USA)<br \/>\n<strong>Dra. Samanta Kameniecki<\/strong> (Coordinadora de Unidad de Calidad de Vida en el Ambito Laboral del Hospital de Pediatr\u00eda JP Garrahan, Buenos Aires, Argentina)<br \/>\n<strong>Dr. Jer\u00f3nimo Maqueda Blasco<\/strong> (Coordinador de Epidemiolog\u00eda Laboral, Instituto Nacional de Seguridad y Salud en el Trabajo)<br \/>\n<strong>Dr. Manuel Mart\u00ednez Vidal<\/strong> (Medicina del Trabajo, Madrid)<br \/>\n<strong>Dr. Luis Nistal Mart\u00edn de Serrano<\/strong> (Medicina del Trabajo, Madrid)<br \/>\n<strong>Dra. Bego\u00f1a Mart\u00ednez Jarreta<\/strong> (Profesora de Medicina Legal de la Facultad de Medicina de la Universidad de Zaragoza)<br \/>\n<strong>Dr. Ignacio Moneo Goiri<\/strong> (Inmunolog\u00eda del Hospital Carlos III, Madrid)<br \/>\n<strong>Dr. Gregorio Moreno Manzano<\/strong> (Medicina del Trabajo, Ibiza)<br \/>\n<strong>Dra. Sonsoles Moret\u00f3n Toquero<\/strong> (Medicina del Trabajo, Valladolid)<br \/>\n<strong>Dr. Pedro Ortiz Garc\u00eda<\/strong> (Medicina del Trabajo, Vigo)<br \/>\n<strong>Dr. Arturo Pretel Pretel<\/strong> (Medicina del Trabajo, Madrid)<br \/>\n<strong>Dr. Miguel Quintana Sancho<\/strong> (M\u00e9dico del Trabajo, Inspecci\u00f3n de Servicios Sanitarios de la Conseller\u00eda de Sanidad de Valencia)<br \/>\n<strong>Dr. Eugenio Roa Sese\u00f1a<\/strong> (Medicina del Trabajo de Mutua Monta\u00f1esa, Valladolid)<br \/>\n<strong>Dr. Ignacio Romero Quintano<\/strong> (Medicina del Trabajo del Servicio de Prevenci\u00f3n de Enel, Santa Cruz de Tenerife)<br \/>\n<strong>Dr. Juan Carlos Rueda Garrido<\/strong> (Medicina del Trabajo, Cartagena)<br \/>\n<strong>Dr. F. Javier S\u00e1nchez Lores<\/strong> (Medicina del Trabajo, Madrid)<br \/>\n<strong>Dr. Ra\u00fal S\u00e1nchez Rom\u00e1n<\/strong> (Profesor de Medicina del Trabajo, Instituto Polit\u00e9cnico Nacional, Ciudad de M\u00e9xico, M\u00e9xico)<br \/>\n<strong>Dra. Carmen Serrano Estrada<\/strong> (Medicina del Trabajo, Madrid)<br \/>\n<strong>Dra. Te\u00f3fila de Vicente Herrero<\/strong> (Medicina del Trabajo, Valencia)<br \/>\n<strong>Dr. Santiago Villar Mira<\/strong> (Profesor Universitario, Medicina del Trabajo de Arcelor Mittal, Sagunto, Valencia)<br \/>\n<strong>Dr. Paulo R. Zetola<\/strong> (Medicina del Trabajo, Curitiba, Brasil)<br \/>\n<strong>Dra. Marta Zimmermann Verdejo<\/strong> (Directora del Departamento de Investigaci\u00f3n del Instituto de Seguridad y Salud en el Trabajo, Madrid)<\/p>\n<h3 style=\"text-align: justify;\"><strong>Secretar\u00eda T\u00e9cnica<\/strong><\/h3>\n<p style=\"text-align: justify;\">Papernet<br \/>\nC\/ Bueso Pineda 37. B. 3\u00ba<br \/>\n28043 Madrid<br \/>\nTel. 917219217 \/ 627401344<br \/>\n<strong><a href=\"mailto:medicinadeltrabajo@papernet.es\" target=\"_blank\" rel=\"noopener noreferrer\" data-auth=\"NotApplicable\">medicinadeltrabajo@papernet.es<\/a><\/strong><\/p>\n<p>[\/vc_column_text][\/vc_column][\/vc_row]<\/p>\n","protected":false},"excerpt":{"rendered":"<p>[vc_row rt_row_background_width=\u00bbdefault\u00bb rt_row_style=\u00bbdefault-style\u00bb rt_row_borders=\u00bb\u00bb rt_row_paddings=\u00bbtrue\u00bb rt_bg_effect=\u00bbclassic\u00bb rt_bg_image_repeat=\u00bbrepeat\u00bb rt_bg_size=\u00bbcover\u00bb rt_bg_position=\u00bbright top\u00bb rt_bg_attachment=\u00bbscroll\u00bb rt_bg_video_format=\u00bbself-hosted\u00bb][vc_column rt_wrp_col_paddings=\u00bbfalse\u00bb rt_border_top=\u00bb\u00bb rt_border_bottom=\u00bb\u00bb rt_border_left=\u00bb\u00bb rt_border_right=\u00bb\u00bb rt_border_top_mobile=\u00bb\u00bb rt_border_bottom_mobile=\u00bb\u00bb rt_border_left_mobile=\u00bb\u00bb rt_border_right_mobile=\u00bb\u00bb rt_bg_image_repeat=\u00bbrepeat\u00bb rt_bg_size=\u00bbauto auto\u00bb rt_bg_position=\u00bbright top\u00bb rt_bg_attachment=\u00bbscroll\u00bb][vc_column_text css=\u00bb\u00bb] [\/vc_column_text][\/vc_column][\/vc_row][vc_row rt_row_background_width=\u00bbdefault\u00bb [&hellip;]<\/p>\n","protected":false},"author":1,"featured_media":0,"parent":0,"menu_order":0,"comment_status":"closed","ping_status":"closed","template":"","meta":{"footnotes":""},"class_list":["post-3173","page","type-page","status-publish","hentry"],"_links":{"self":[{"href":"https:\/\/www.aeemt.org\/web\/wp-json\/wp\/v2\/pages\/3173"}],"collection":[{"href":"https:\/\/www.aeemt.org\/web\/wp-json\/wp\/v2\/pages"}],"about":[{"href":"https:\/\/www.aeemt.org\/web\/wp-json\/wp\/v2\/types\/page"}],"author":[{"embeddable":true,"href":"https:\/\/www.aeemt.org\/web\/wp-json\/wp\/v2\/users\/1"}],"replies":[{"embeddable":true,"href":"https:\/\/www.aeemt.org\/web\/wp-json\/wp\/v2\/comments?post=3173"}],"version-history":[{"count":4,"href":"https:\/\/www.aeemt.org\/web\/wp-json\/wp\/v2\/pages\/3173\/revisions"}],"predecessor-version":[{"id":73182,"href":"https:\/\/www.aeemt.org\/web\/wp-json\/wp\/v2\/pages\/3173\/revisions\/73182"}],"wp:attachment":[{"href":"https:\/\/www.aeemt.org\/web\/wp-json\/wp\/v2\/media?parent=3173"}],"curies":[{"name":"wp","href":"https:\/\/api.w.org\/{rel}","templated":true}]}}