{"id":3166,"date":"2017-05-16T20:22:00","date_gmt":"2017-05-16T20:22:00","guid":{"rendered":"http:\/\/www.aeemt.com\/web\/?page_id=3166"},"modified":"2025-11-12T22:55:56","modified_gmt":"2025-11-12T21:55:56","slug":"acerca-de-la-revista","status":"publish","type":"page","link":"https:\/\/www.aeemt.org\/web\/acerca-de-la-revista\/","title":{"rendered":"Acerca de la Revista"},"content":{"rendered":"<p>[vc_row rt_row_background_width=\u00bbdefault\u00bb rt_row_style=\u00bbdefault-style\u00bb rt_row_borders=\u00bb\u00bb rt_row_paddings=\u00bbtrue\u00bb rt_bg_effect=\u00bbclassic\u00bb rt_bg_image_repeat=\u00bbrepeat\u00bb rt_bg_size=\u00bbcover\u00bb rt_bg_position=\u00bbright top\u00bb rt_bg_attachment=\u00bbscroll\u00bb rt_bg_video_format=\u00bbself-hosted\u00bb][vc_column rt_wrp_col_paddings=\u00bbfalse\u00bb rt_border_top=\u00bb\u00bb rt_border_bottom=\u00bb\u00bb rt_border_left=\u00bb\u00bb rt_border_right=\u00bb\u00bb rt_border_top_mobile=\u00bb\u00bb rt_border_bottom_mobile=\u00bb\u00bb rt_border_left_mobile=\u00bb\u00bb rt_border_right_mobile=\u00bb\u00bb rt_bg_image_repeat=\u00bbrepeat\u00bb rt_bg_size=\u00bbauto auto\u00bb rt_bg_position=\u00bbright top\u00bb rt_bg_attachment=\u00bbscroll\u00bb][vc_column_text css=\u00bb\u00bb]<\/p>\n<p style=\"text-align: center;\"><img loading=\"lazy\" decoding=\"async\" class=\"wp-image-73171 aligncenter\" src=\"https:\/\/www.aeemt.org\/web\/wp-content\/uploads\/2025\/11\/Banner-Revista-Acerca-de-la-Revista-IMG-300x88.png\" alt=\"\" width=\"1023\" height=\"300\" srcset=\"https:\/\/www.aeemt.org\/web\/wp-content\/uploads\/2025\/11\/Banner-Revista-Acerca-de-la-Revista-IMG-300x88.png 300w, https:\/\/www.aeemt.org\/web\/wp-content\/uploads\/2025\/11\/Banner-Revista-Acerca-de-la-Revista-IMG-1024x300.png 1024w, https:\/\/www.aeemt.org\/web\/wp-content\/uploads\/2025\/11\/Banner-Revista-Acerca-de-la-Revista-IMG-768x225.png 768w, https:\/\/www.aeemt.org\/web\/wp-content\/uploads\/2025\/11\/Banner-Revista-Acerca-de-la-Revista-IMG-1536x450.png 1536w, https:\/\/www.aeemt.org\/web\/wp-content\/uploads\/2025\/11\/Banner-Revista-Acerca-de-la-Revista-IMG-600x176.png 600w, https:\/\/www.aeemt.org\/web\/wp-content\/uploads\/2025\/11\/Banner-Revista-Acerca-de-la-Revista-IMG.png 1600w\" sizes=\"(max-width: 1023px) 100vw, 1023px\" \/>.<\/p>\n<p>[\/vc_column_text][\/vc_column][\/vc_row][vc_row rt_row_background_width=\u00bbdefault\u00bb rt_row_style=\u00bbdefault-style\u00bb rt_row_borders=\u00bb\u00bb rt_overlap=\u00bbtrue\u00bb rt_row_paddings=\u00bbtrue\u00bb rt_bg_effect=\u00bbclassic\u00bb rt_bg_image_repeat=\u00bbrepeat\u00bb rt_bg_size=\u00bbcover\u00bb rt_bg_position=\u00bbright top\u00bb rt_bg_attachment=\u00bbscroll\u00bb rt_bg_video_format=\u00bbself-hosted\u00bb][vc_column rt_wrp_col_paddings=\u00bbfalse\u00bb rt_border_top=\u00bb\u00bb rt_border_bottom=\u00bb\u00bb rt_border_left=\u00bb\u00bb rt_border_right=\u00bb\u00bb rt_border_top_mobile=\u00bb\u00bb rt_border_bottom_mobile=\u00bb\u00bb rt_border_left_mobile=\u00bb\u00bb rt_border_right_mobile=\u00bb\u00bb rt_bg_image_repeat=\u00bbrepeat\u00bb rt_bg_size=\u00bbauto auto\u00bb rt_bg_position=\u00bbright top\u00bb rt_bg_attachment=\u00bbscroll\u00bb][vc_column_text css=\u00bb\u00bb]<\/p>\n<p style=\"text-align: justify;\"><span style=\"font-size: 14pt;\"><strong><img loading=\"lazy\" decoding=\"async\" class=\" wp-image-72523 aligncenter\" src=\"https:\/\/www.aeemt.org\/web\/wp-content\/uploads\/2025\/09\/Logo-Revista-300x120.jpg\" alt=\"\" width=\"500\" height=\"200\" srcset=\"https:\/\/www.aeemt.org\/web\/wp-content\/uploads\/2025\/09\/Logo-Revista-300x120.jpg 300w, https:\/\/www.aeemt.org\/web\/wp-content\/uploads\/2025\/09\/Logo-Revista-768x307.jpg 768w, https:\/\/www.aeemt.org\/web\/wp-content\/uploads\/2025\/09\/Logo-Revista-600x240.jpg 600w, https:\/\/www.aeemt.org\/web\/wp-content\/uploads\/2025\/09\/Logo-Revista.jpg 945w\" sizes=\"(max-width: 500px) 100vw, 500px\" \/><\/strong><\/span><\/p>\n<p style=\"text-align: center;\"><span style=\"font-size: 14pt;\"><strong>Revista de la Asociaci\u00f3n Espa\u00f1ola de Especialistas en Medicina del Trabajo (Rev Asoc Esp Espec Med Trab)<\/strong><\/span><\/p>\n<p style=\"text-align: center;\"><strong>ISSN versi\u00f3n online 3020-1160 y versi\u00f3n impresa 1132-6255<\/strong><\/p>\n<p>[\/vc_column_text][vc_column_text css=\u00bb\u00bb]<\/p>\n<p style=\"text-align: center;\"><strong>Acerca de la Revista<\/strong><\/p>\n<p style=\"text-align: justify;\">La Revista de la Asociaci\u00f3n Espa\u00f1ola de Especialistas en Medicina del Trabajo es una revista cient\u00edfica de la especialidad Medicina del Trabajo que se presenta en formato electr\u00f3nico, con una periodicidad trimestral (cuatro n\u00fameros al a\u00f1o). Esta revista est\u00e1 siendo editada por dicha Sociedad Cient\u00edfica desde 1.991. El t\u00edtulo abreviado normalizado es Rev Asoc Esp Espec Med Trab y debe ser utilizado en bibliograf\u00edas, notas a pie de p\u00e1gina y referencias bibliogr\u00e1ficas.<\/p>\n<p style=\"text-align: justify;\">Sus objetivos fundamentales son la formaci\u00f3n e investigaci\u00f3n sobre la salud de los trabajadores y su relaci\u00f3n con el medio laboral. Para la consecuci\u00f3n de estos objetivos trata temas como la prevenci\u00f3n, el diagn\u00f3stico, el tratamiento, la rehabilitaci\u00f3n y aspectos periciales de los accidentes de trabajo, las enfermedades profesionales y las enfermedades relacionadas con el trabajo, as\u00ed como la vigilancia de la salud individual y colectiva de los trabajadores y otros aspectos relacionados con la prevenci\u00f3n de riesgos laborales y la promoci\u00f3n de la salud en el \u00e1mbito laboral.<\/p>\n<p style=\"text-align: justify;\">Su publicaci\u00f3n va dirigida a los especialistas y m\u00e9dicos internos residentes de Medicina del Trabajo, especialistas y enfermeros internos residentes en Enfermer\u00eda del Trabajo, as\u00ed como a otros m\u00e9dicos, enfermeros y profesionales interesados en la actualizaci\u00f3n de esta \u00e1rea de conocimiento de la Medicina.<\/p>\n<p style=\"text-align: justify;\">Datos bibliom\u00e9tricos (en 2023):<\/p>\n<p style=\"text-align: justify;\">o Factor impacto (SJR 2022): 0,132<\/p>\n<p style=\"text-align: justify;\">o Total de art\u00edculos publicados: 29, siendo 20 originales (69%) 5 revisiones (17,2%) 3 casos cl\u00ednicos (10,3%) y 1 protocolo (3,4%)<\/p>\n<p style=\"text-align: justify;\">o Tiempo medio general entre art\u00edculo entregado y aceptado: 123 d\u00edas<\/p>\n<p style=\"text-align: justify;\">o Tiempo medio entre art\u00edculo aceptado y publicado: 30 d\u00edas<\/p>\n<p style=\"text-align: justify;\">o Porcentaje de art\u00edculos aceptados: 60%.<\/p>\n<p style=\"text-align: justify;\"><strong>Indexada en<\/strong><\/p>\n<ul style=\"list-style-type: circle; text-align: justify;\">\n<li><a href=\"https:\/\/www.cabells.com\/\" target=\"_blank\" rel=\"noopener noreferrer\">Cabell\u00b4s<\/a><\/li>\n<li><a href=\"http:\/\/ibecs.isciii.es\/cgi-bin\/wxislind.exe\/iah\/online\/?IsisScript=iah\/iah.xis&amp;base=IBECS&amp;lang=e\" target=\"_blank\" rel=\"noopener noreferrer\">\u00cdndice Bibliogr\u00e1fico Espa\u00f1ol en Ciencias de la Salud (IBECS)<\/a><\/li>\n<li><a href=\"http:\/\/www.latindex.org\/latindex\/inicio\" target=\"_blank\" rel=\"noopener noreferrer\">Latindex Cat\u00e1logo<\/a><\/li>\n<li><a href=\"http:\/\/www.latindex.org\/latindex\/inicio\" target=\"_blank\" rel=\"noopener noreferrer\">Lat\u00edndex Directorio<\/a><\/li>\n<li><a href=\"http:\/\/www.scielo.org\/php\/index.php?lang=es\" target=\"_blank\" rel=\"noopener noreferrer\">SciELO<\/a><\/li>\n<li><a href=\"https:\/\/www.scopus.com\/home.uri\" target=\"_blank\" rel=\"noopener noreferrer\">Scopus<\/a><\/li>\n<\/ul>\n<p style=\"text-align: justify;\"><strong>Secretar\u00eda T\u00e9cnica: Papernet<\/strong><br \/>\nC\/ Bueso Pineda 37. B. 3\u00ba<br \/>\n28043 Madrid<br \/>\nTel. 917219217 \/ 627401344<br \/>\n<strong><a href=\"mailto:medicinadeltrabajo@papernet.es\" target=\"_blank\" rel=\"noopener noreferrer\" data-auth=\"NotApplicable\">medicinadeltrabajo@papernet.es<\/a><\/strong><\/p>\n<p>[\/vc_column_text][\/vc_column][\/vc_row]<\/p>\n","protected":false},"excerpt":{"rendered":"<p>[vc_row rt_row_background_width=\u00bbdefault\u00bb rt_row_style=\u00bbdefault-style\u00bb rt_row_borders=\u00bb\u00bb rt_row_paddings=\u00bbtrue\u00bb rt_bg_effect=\u00bbclassic\u00bb rt_bg_image_repeat=\u00bbrepeat\u00bb rt_bg_size=\u00bbcover\u00bb rt_bg_position=\u00bbright top\u00bb rt_bg_attachment=\u00bbscroll\u00bb rt_bg_video_format=\u00bbself-hosted\u00bb][vc_column rt_wrp_col_paddings=\u00bbfalse\u00bb rt_border_top=\u00bb\u00bb rt_border_bottom=\u00bb\u00bb rt_border_left=\u00bb\u00bb rt_border_right=\u00bb\u00bb rt_border_top_mobile=\u00bb\u00bb rt_border_bottom_mobile=\u00bb\u00bb rt_border_left_mobile=\u00bb\u00bb rt_border_right_mobile=\u00bb\u00bb rt_bg_image_repeat=\u00bbrepeat\u00bb rt_bg_size=\u00bbauto auto\u00bb rt_bg_position=\u00bbright top\u00bb rt_bg_attachment=\u00bbscroll\u00bb][vc_column_text css=\u00bb\u00bb] . [\/vc_column_text][\/vc_column][\/vc_row][vc_row [&hellip;]<\/p>\n","protected":false},"author":1,"featured_media":0,"parent":0,"menu_order":0,"comment_status":"closed","ping_status":"closed","template":"","meta":{"footnotes":""},"class_list":["post-3166","page","type-page","status-publish","hentry"],"_links":{"self":[{"href":"https:\/\/www.aeemt.org\/web\/wp-json\/wp\/v2\/pages\/3166"}],"collection":[{"href":"https:\/\/www.aeemt.org\/web\/wp-json\/wp\/v2\/pages"}],"about":[{"href":"https:\/\/www.aeemt.org\/web\/wp-json\/wp\/v2\/types\/page"}],"author":[{"embeddable":true,"href":"https:\/\/www.aeemt.org\/web\/wp-json\/wp\/v2\/users\/1"}],"replies":[{"embeddable":true,"href":"https:\/\/www.aeemt.org\/web\/wp-json\/wp\/v2\/comments?post=3166"}],"version-history":[{"count":3,"href":"https:\/\/www.aeemt.org\/web\/wp-json\/wp\/v2\/pages\/3166\/revisions"}],"predecessor-version":[{"id":73173,"href":"https:\/\/www.aeemt.org\/web\/wp-json\/wp\/v2\/pages\/3166\/revisions\/73173"}],"wp:attachment":[{"href":"https:\/\/www.aeemt.org\/web\/wp-json\/wp\/v2\/media?parent=3166"}],"curies":[{"name":"wp","href":"https:\/\/api.w.org\/{rel}","templated":true}]}}