{"id":3150,"date":"2017-04-28T19:24:03","date_gmt":"2017-04-28T19:24:03","guid":{"rendered":"http:\/\/www.aeemt.com\/web\/?page_id=3150"},"modified":"2026-01-23T13:02:39","modified_gmt":"2026-01-23T12:02:39","slug":"revista-aeemt","status":"publish","type":"page","link":"https:\/\/www.aeemt.org\/web\/revista-aeemt\/","title":{"rendered":"Revista AEEMT"},"content":{"rendered":"<p>[vc_row rt_row_background_width=\u00bbdefault\u00bb rt_row_style=\u00bbdefault-style\u00bb rt_row_borders=\u00bb\u00bb rt_row_paddings=\u00bbtrue\u00bb rt_bg_effect=\u00bbclassic\u00bb rt_bg_image_repeat=\u00bbrepeat\u00bb rt_bg_size=\u00bbcover\u00bb rt_bg_position=\u00bbright top\u00bb rt_bg_attachment=\u00bbscroll\u00bb rt_bg_video_format=\u00bbself-hosted\u00bb][vc_column rt_wrp_col_paddings=\u00bbfalse\u00bb rt_border_top=\u00bb\u00bb rt_border_bottom=\u00bb\u00bb rt_border_left=\u00bb\u00bb rt_border_right=\u00bb\u00bb rt_border_top_mobile=\u00bb\u00bb rt_border_bottom_mobile=\u00bb\u00bb rt_border_left_mobile=\u00bb\u00bb rt_border_right_mobile=\u00bb\u00bb rt_bg_image_repeat=\u00bbrepeat\u00bb rt_bg_size=\u00bbauto auto\u00bb rt_bg_position=\u00bbright top\u00bb rt_bg_attachment=\u00bbscroll\u00bb][vc_column_text css=\u00bb\u00bb]<\/p>\n<p style=\"text-align: center;\"><img loading=\"lazy\" decoding=\"async\" class=\"alignnone wp-image-73115\" src=\"https:\/\/www.aeemt.org\/web\/wp-content\/uploads\/2025\/11\/Banner-Revista-Verde-IMG-300x88.png\" alt=\"\" width=\"1023\" height=\"300\" srcset=\"https:\/\/www.aeemt.org\/web\/wp-content\/uploads\/2025\/11\/Banner-Revista-Verde-IMG-300x88.png 300w, https:\/\/www.aeemt.org\/web\/wp-content\/uploads\/2025\/11\/Banner-Revista-Verde-IMG-1024x300.png 1024w, https:\/\/www.aeemt.org\/web\/wp-content\/uploads\/2025\/11\/Banner-Revista-Verde-IMG-768x225.png 768w, https:\/\/www.aeemt.org\/web\/wp-content\/uploads\/2025\/11\/Banner-Revista-Verde-IMG-1536x450.png 1536w, https:\/\/www.aeemt.org\/web\/wp-content\/uploads\/2025\/11\/Banner-Revista-Verde-IMG-600x176.png 600w, https:\/\/www.aeemt.org\/web\/wp-content\/uploads\/2025\/11\/Banner-Revista-Verde-IMG.png 1600w\" sizes=\"(max-width: 1023px) 100vw, 1023px\" \/><\/p>\n<p>[\/vc_column_text][vc_column_text css=\u00bb.vc_custom_1762948823170{background-color: #EBE9E9 !important;border-radius: 20px !important;}\u00bb]<\/p>\n<h5><\/h5>\n<h5 style=\"text-align: center;\"><strong>Revista de la Asociaci\u00f3n Espa\u00f1ola de Especialistas en Medicina del Trabajo<\/strong><\/h5>\n<p style=\"text-align: center;\"><strong><img loading=\"lazy\" decoding=\"async\" class=\" wp-image-70359 aligncenter\" src=\"https:\/\/www.aeemt.org\/web\/wp-content\/uploads\/2024\/09\/Revista_AEEMT_Cabecero-300x97.png\" alt=\"\" width=\"526\" height=\"170\" srcset=\"https:\/\/www.aeemt.org\/web\/wp-content\/uploads\/2024\/09\/Revista_AEEMT_Cabecero-300x97.png 300w, https:\/\/www.aeemt.org\/web\/wp-content\/uploads\/2024\/09\/Revista_AEEMT_Cabecero-768x248.png 768w, https:\/\/www.aeemt.org\/web\/wp-content\/uploads\/2024\/09\/Revista_AEEMT_Cabecero-600x193.png 600w, https:\/\/www.aeemt.org\/web\/wp-content\/uploads\/2024\/09\/Revista_AEEMT_Cabecero.png 934w\" sizes=\"(max-width: 526px) 100vw, 526px\" \/><\/strong><strong>ISSN versi\u00f3n\u00a0<em>online<\/em>\u00a03020-1160 y versi\u00f3n impresa\u00a0<\/strong><strong>1132-6255<\/strong><\/p>\n<p style=\"text-align: justify;\">En este apartado podr\u00e1s acceder a <strong>todos los n\u00fameros publicados,<\/strong> de la\u00a0<strong>Revista de la Asociaci\u00f3n Espa\u00f1ola de Especialistas en Medicina del Trabajo<\/strong>.<\/p>\n<p>Adem\u00e1s tendr\u00e9is acceso a todos los apartados de la Revista, relativos al env\u00edo de art\u00edculos, normas de publicaci\u00f3n, equipo editorial, etc.<\/p>\n<ul>\n<li><strong>Estas secciones, as\u00ed como el hist\u00f3rico de la Revista estar\u00e1n disponibles en breve<\/strong><em>.<\/em><\/li>\n<\/ul>\n<p>Deseamos que encontr\u00e9is esta Secci\u00f3n de vuestro inter\u00e9s.<\/p>\n<p style=\"text-align: center;\"><strong>Un saludo a todos.<\/strong><\/p>\n<p>[\/vc_column_text][\/vc_column][\/vc_row][vc_row rt_row_background_width=\u00bbdefault\u00bb rt_row_style=\u00bbdefault-style\u00bb rt_row_borders=\u00bb\u00bb rt_overlap=\u00bbtrue\u00bb rt_row_paddings=\u00bbtrue\u00bb rt_bg_effect=\u00bbclassic\u00bb rt_bg_image_repeat=\u00bbrepeat\u00bb rt_bg_size=\u00bbcover\u00bb rt_bg_position=\u00bbright top\u00bb rt_bg_attachment=\u00bbscroll\u00bb rt_bg_video_format=\u00bbself-hosted\u00bb][vc_column width=\u00bb1\/3&#8243; rt_wrp_col_paddings=\u00bbfalse\u00bb rt_border_top=\u00bb\u00bb rt_border_bottom=\u00bb\u00bb rt_border_left=\u00bb\u00bb rt_border_right=\u00bb\u00bb rt_border_top_mobile=\u00bb\u00bb rt_border_bottom_mobile=\u00bb\u00bb rt_border_left_mobile=\u00bb\u00bb rt_border_right_mobile=\u00bb\u00bb rt_bg_image_repeat=\u00bbrepeat\u00bb rt_bg_size=\u00bbauto auto\u00bb rt_bg_position=\u00bbright top\u00bb rt_bg_attachment=\u00bbscroll\u00bb css=\u00bb.vc_custom_1762895901599{background-color: #EBE9E9 !important;border-radius: 20px !important;border-color: #D2D0D0 !important;}\u00bb][vc_empty_space height=\u00bb40px\u00bb][vc_column_text css=\u00bb\u00bb]<\/p>\n<h5 style=\"text-align: center;\"><strong>\u00daltimo n\u00famero Diciembre 2025<\/strong><\/h5>\n<p>[\/vc_column_text][vc_empty_space height=\u00bb20px\u00bb][vc_column_text css=\u00bb\u00bb]<\/p>\n<p style=\"text-align: center;\"><a href=\"https:\/\/www.aeemt.org\/web\/vol-34-n04-diciembre-2025-numero-completo\/\" target=\"_blank\" rel=\"noopener\"><img loading=\"lazy\" decoding=\"async\" class=\"wp-image-73399 aligncenter\" src=\"https:\/\/www.aeemt.org\/web\/wp-content\/uploads\/2026\/01\/PORTADA-218x300.png\" alt=\"\" width=\"327\" height=\"450\" srcset=\"https:\/\/www.aeemt.org\/web\/wp-content\/uploads\/2026\/01\/PORTADA-218x300.png 218w, https:\/\/www.aeemt.org\/web\/wp-content\/uploads\/2026\/01\/PORTADA-743x1024.png 743w, https:\/\/www.aeemt.org\/web\/wp-content\/uploads\/2026\/01\/PORTADA-768x1058.png 768w, https:\/\/www.aeemt.org\/web\/wp-content\/uploads\/2026\/01\/PORTADA-1115x1536.png 1115w, https:\/\/www.aeemt.org\/web\/wp-content\/uploads\/2026\/01\/PORTADA-1487x2048.png 1487w, https:\/\/www.aeemt.org\/web\/wp-content\/uploads\/2026\/01\/PORTADA-600x827.png 600w\" sizes=\"(max-width: 327px) 100vw, 327px\" \/><\/a><\/p>\n<p style=\"text-align: center;\"><div class=\"button_wrapper  aligncenter\"><a  href=\"https:\/\/www.aeemt.org\/web\/vol-34-n04-diciembre-2025-numero-completo\/\" target=\"_blank\" title=\"Revista Volumen 34 N04 Diciembre 2025\" class=\"button_  default medium\"><strong>Acceder Revista Volumen 34 N04 Diciembre 2025<\/strong><\/a><\/div>\n<p style=\"text-align: center;\"><strong>Rev Asoc Esp Espec Med Trab<\/strong><br \/>\nVol\u00famen 34 \u2013 N\u00famero 4- Diciembre 2025 &#8211; 134 p\u00e1ginas<\/p>\n<p style=\"text-align: center;\"><strong>ISSN versi\u00f3n online: 3020-1160<\/strong><br \/>\n<strong>ISSN versi\u00f3n impresa: 1132-6255<\/strong><\/p>\n<p style=\"text-align: center;\"><strong>Revista trimestral<\/strong><\/p>\n<p>[\/vc_column_text][vc_empty_space height=\u00bb40px\u00bb][\/vc_column][vc_column width=\u00bb1\/3&#8243; rt_wrp_col_paddings=\u00bbfalse\u00bb rt_border_top=\u00bb\u00bb rt_border_bottom=\u00bb\u00bb rt_border_left=\u00bb\u00bb rt_border_right=\u00bb\u00bb rt_border_top_mobile=\u00bb\u00bb rt_border_bottom_mobile=\u00bb\u00bb rt_border_left_mobile=\u00bb\u00bb rt_border_right_mobile=\u00bb\u00bb rt_bg_image_repeat=\u00bbrepeat\u00bb rt_bg_size=\u00bbauto auto\u00bb rt_bg_position=\u00bbright top\u00bb rt_bg_attachment=\u00bbscroll\u00bb][vc_column_text css=\u00bb\u00bb]<\/p>\n<p style=\"text-align: center;\"><a href=\"https:\/\/www.aeemt.org\/web\/acerca-de-la-revista\/\" target=\"_blank\" rel=\"noopener\"><img loading=\"lazy\" decoding=\"async\" class=\"alignnone size-medium wp-image-73147\" src=\"https:\/\/www.aeemt.org\/web\/wp-content\/uploads\/2025\/11\/Acerca-de-la-Revista-AEEMT-IMG-300x300.png\" alt=\"\" width=\"300\" height=\"300\" srcset=\"https:\/\/www.aeemt.org\/web\/wp-content\/uploads\/2025\/11\/Acerca-de-la-Revista-AEEMT-IMG-300x300.png 300w, https:\/\/www.aeemt.org\/web\/wp-content\/uploads\/2025\/11\/Acerca-de-la-Revista-AEEMT-IMG-150x150.png 150w, https:\/\/www.aeemt.org\/web\/wp-content\/uploads\/2025\/11\/Acerca-de-la-Revista-AEEMT-IMG-100x100.png 100w, https:\/\/www.aeemt.org\/web\/wp-content\/uploads\/2025\/11\/Acerca-de-la-Revista-AEEMT-IMG.png 469w\" sizes=\"(max-width: 300px) 100vw, 300px\" \/><\/a><\/p>\n<p>[\/vc_column_text][vc_column_text css=\u00bb\u00bb]<\/p>\n<p style=\"text-align: center;\"><a href=\"https:\/\/www.aeemt.org\/web\/politica-editorial\/\" target=\"_blank\" rel=\"noopener\"><img loading=\"lazy\" decoding=\"async\" class=\"wp-image-73148 size-medium aligncenter\" src=\"https:\/\/www.aeemt.org\/web\/wp-content\/uploads\/2025\/11\/Politica-Editorial-Revista-AEEMT-IMG-300x300.png\" alt=\"\" width=\"300\" height=\"300\" srcset=\"https:\/\/www.aeemt.org\/web\/wp-content\/uploads\/2025\/11\/Politica-Editorial-Revista-AEEMT-IMG-300x300.png 300w, https:\/\/www.aeemt.org\/web\/wp-content\/uploads\/2025\/11\/Politica-Editorial-Revista-AEEMT-IMG-150x150.png 150w, https:\/\/www.aeemt.org\/web\/wp-content\/uploads\/2025\/11\/Politica-Editorial-Revista-AEEMT-IMG-100x100.png 100w, https:\/\/www.aeemt.org\/web\/wp-content\/uploads\/2025\/11\/Politica-Editorial-Revista-AEEMT-IMG.png 469w\" sizes=\"(max-width: 300px) 100vw, 300px\" \/><\/a><\/p>\n<p>[\/vc_column_text][vc_column_text css=\u00bb\u00bb]<\/p>\n<p style=\"text-align: center;\"><a href=\"https:\/\/www.aeemt.org\/web\/equipo-editorial\/\" target=\"_blank\" rel=\"noopener\"><img loading=\"lazy\" decoding=\"async\" class=\"wp-image-73149 size-medium aligncenter\" src=\"https:\/\/www.aeemt.org\/web\/wp-content\/uploads\/2025\/11\/Equipo-Editorial-Revista-AEEMT-IMG-300x300.png\" alt=\"\" width=\"300\" height=\"300\" srcset=\"https:\/\/www.aeemt.org\/web\/wp-content\/uploads\/2025\/11\/Equipo-Editorial-Revista-AEEMT-IMG-300x300.png 300w, https:\/\/www.aeemt.org\/web\/wp-content\/uploads\/2025\/11\/Equipo-Editorial-Revista-AEEMT-IMG-150x150.png 150w, https:\/\/www.aeemt.org\/web\/wp-content\/uploads\/2025\/11\/Equipo-Editorial-Revista-AEEMT-IMG-100x100.png 100w, https:\/\/www.aeemt.org\/web\/wp-content\/uploads\/2025\/11\/Equipo-Editorial-Revista-AEEMT-IMG.png 469w\" sizes=\"(max-width: 300px) 100vw, 300px\" \/><\/a><\/p>\n<p>[\/vc_column_text][\/vc_column][vc_column width=\u00bb1\/3&#8243; rt_wrp_col_paddings=\u00bbfalse\u00bb rt_border_top=\u00bb\u00bb rt_border_bottom=\u00bb\u00bb rt_border_left=\u00bb\u00bb rt_border_right=\u00bb\u00bb rt_border_top_mobile=\u00bb\u00bb rt_border_bottom_mobile=\u00bb\u00bb rt_border_left_mobile=\u00bb\u00bb rt_border_right_mobile=\u00bb\u00bb rt_bg_image_repeat=\u00bbrepeat\u00bb rt_bg_size=\u00bbauto auto\u00bb rt_bg_position=\u00bbright top\u00bb rt_bg_attachment=\u00bbscroll\u00bb][vc_column_text css=\u00bb\u00bb]<\/p>\n<p style=\"text-align: center;\"><a href=\"https:\/\/www.aeemt.org\/web\/normas-de-publicacion-2024\/\" target=\"_blank\" rel=\"noopener\"><img loading=\"lazy\" decoding=\"async\" class=\"wp-image-73150 size-medium aligncenter\" src=\"https:\/\/www.aeemt.org\/web\/wp-content\/uploads\/2025\/11\/Normas-de-Publicacion-de-Articulos-Revista-AEEMT-IMG-300x300.png\" alt=\"\" width=\"300\" height=\"300\" srcset=\"https:\/\/www.aeemt.org\/web\/wp-content\/uploads\/2025\/11\/Normas-de-Publicacion-de-Articulos-Revista-AEEMT-IMG-300x300.png 300w, https:\/\/www.aeemt.org\/web\/wp-content\/uploads\/2025\/11\/Normas-de-Publicacion-de-Articulos-Revista-AEEMT-IMG-150x150.png 150w, https:\/\/www.aeemt.org\/web\/wp-content\/uploads\/2025\/11\/Normas-de-Publicacion-de-Articulos-Revista-AEEMT-IMG-100x100.png 100w, https:\/\/www.aeemt.org\/web\/wp-content\/uploads\/2025\/11\/Normas-de-Publicacion-de-Articulos-Revista-AEEMT-IMG.png 469w\" sizes=\"(max-width: 300px) 100vw, 300px\" \/><\/a><\/p>\n<p>[\/vc_column_text][vc_column_text css=\u00bb\u00bb]<\/p>\n<p style=\"text-align: center;\"><a href=\"https:\/\/www.aeemt.org\/web\/guia-para-la-revision-por-pares-peer-review\/\" target=\"_blank\" rel=\"noopener\"><img loading=\"lazy\" decoding=\"async\" class=\"wp-image-73151 size-medium aligncenter\" src=\"https:\/\/www.aeemt.org\/web\/wp-content\/uploads\/2025\/11\/Guia-para-la-revision-por-pares-Revista-AEEMT-IMG-300x300.png\" alt=\"\" width=\"300\" height=\"300\" srcset=\"https:\/\/www.aeemt.org\/web\/wp-content\/uploads\/2025\/11\/Guia-para-la-revision-por-pares-Revista-AEEMT-IMG-300x300.png 300w, https:\/\/www.aeemt.org\/web\/wp-content\/uploads\/2025\/11\/Guia-para-la-revision-por-pares-Revista-AEEMT-IMG-150x150.png 150w, https:\/\/www.aeemt.org\/web\/wp-content\/uploads\/2025\/11\/Guia-para-la-revision-por-pares-Revista-AEEMT-IMG-100x100.png 100w, https:\/\/www.aeemt.org\/web\/wp-content\/uploads\/2025\/11\/Guia-para-la-revision-por-pares-Revista-AEEMT-IMG.png 469w\" sizes=\"(max-width: 300px) 100vw, 300px\" \/><\/a><\/p>\n<p>[\/vc_column_text][vc_column_text css=\u00bb\u00bb]<\/p>\n<p style=\"text-align: center;\"><a href=\"https:\/\/www.aeemt.org\/web\/envio-articulos\/\" target=\"_blank\" rel=\"noopener\"><img loading=\"lazy\" decoding=\"async\" class=\"wp-image-73152 size-medium aligncenter\" src=\"https:\/\/www.aeemt.org\/web\/wp-content\/uploads\/2025\/11\/Envio-de-articulos-Revista-AEEMT-IMG-300x300.png\" alt=\"\" width=\"300\" height=\"300\" srcset=\"https:\/\/www.aeemt.org\/web\/wp-content\/uploads\/2025\/11\/Envio-de-articulos-Revista-AEEMT-IMG-300x300.png 300w, https:\/\/www.aeemt.org\/web\/wp-content\/uploads\/2025\/11\/Envio-de-articulos-Revista-AEEMT-IMG-150x150.png 150w, https:\/\/www.aeemt.org\/web\/wp-content\/uploads\/2025\/11\/Envio-de-articulos-Revista-AEEMT-IMG-100x100.png 100w, https:\/\/www.aeemt.org\/web\/wp-content\/uploads\/2025\/11\/Envio-de-articulos-Revista-AEEMT-IMG.png 469w\" sizes=\"(max-width: 300px) 100vw, 300px\" \/><\/a><\/p>\n<p>[\/vc_column_text][\/vc_column][\/vc_row]<\/p>\n","protected":false},"excerpt":{"rendered":"<p>[vc_row rt_row_background_width=\u00bbdefault\u00bb rt_row_style=\u00bbdefault-style\u00bb rt_row_borders=\u00bb\u00bb rt_row_paddings=\u00bbtrue\u00bb rt_bg_effect=\u00bbclassic\u00bb rt_bg_image_repeat=\u00bbrepeat\u00bb rt_bg_size=\u00bbcover\u00bb rt_bg_position=\u00bbright top\u00bb rt_bg_attachment=\u00bbscroll\u00bb rt_bg_video_format=\u00bbself-hosted\u00bb][vc_column rt_wrp_col_paddings=\u00bbfalse\u00bb rt_border_top=\u00bb\u00bb rt_border_bottom=\u00bb\u00bb rt_border_left=\u00bb\u00bb rt_border_right=\u00bb\u00bb rt_border_top_mobile=\u00bb\u00bb rt_border_bottom_mobile=\u00bb\u00bb rt_border_left_mobile=\u00bb\u00bb rt_border_right_mobile=\u00bb\u00bb rt_bg_image_repeat=\u00bbrepeat\u00bb rt_bg_size=\u00bbauto auto\u00bb rt_bg_position=\u00bbright top\u00bb rt_bg_attachment=\u00bbscroll\u00bb][vc_column_text css=\u00bb\u00bb] [\/vc_column_text][vc_column_text css=\u00bb.vc_custom_1762948823170{background-color: [&hellip;]<\/p>\n","protected":false},"author":1,"featured_media":0,"parent":0,"menu_order":0,"comment_status":"closed","ping_status":"closed","template":"","meta":{"footnotes":""},"class_list":["post-3150","page","type-page","status-publish","hentry"],"_links":{"self":[{"href":"https:\/\/www.aeemt.org\/web\/wp-json\/wp\/v2\/pages\/3150"}],"collection":[{"href":"https:\/\/www.aeemt.org\/web\/wp-json\/wp\/v2\/pages"}],"about":[{"href":"https:\/\/www.aeemt.org\/web\/wp-json\/wp\/v2\/types\/page"}],"author":[{"embeddable":true,"href":"https:\/\/www.aeemt.org\/web\/wp-json\/wp\/v2\/users\/1"}],"replies":[{"embeddable":true,"href":"https:\/\/www.aeemt.org\/web\/wp-json\/wp\/v2\/comments?post=3150"}],"version-history":[{"count":4,"href":"https:\/\/www.aeemt.org\/web\/wp-json\/wp\/v2\/pages\/3150\/revisions"}],"predecessor-version":[{"id":73479,"href":"https:\/\/www.aeemt.org\/web\/wp-json\/wp\/v2\/pages\/3150\/revisions\/73479"}],"wp:attachment":[{"href":"https:\/\/www.aeemt.org\/web\/wp-json\/wp\/v2\/media?parent=3150"}],"curies":[{"name":"wp","href":"https:\/\/api.w.org\/{rel}","templated":true}]}}