{"id":2956,"date":"2017-02-07T20:40:52","date_gmt":"2017-02-07T20:40:52","guid":{"rendered":"http:\/\/www.aeemt.com\/web\/?page_id=2956"},"modified":"2017-02-07T20:40:52","modified_gmt":"2017-02-07T20:40:52","slug":"congresos-y-jornadas","status":"publish","type":"page","link":"https:\/\/www.aeemt.org\/web\/congresos-y-jornadas\/","title":{"rendered":"Congresos, Jornadas y Reuniones"},"content":{"rendered":"<table border=\"0\" width=\"568\">\n<tbody>\n<tr>\n<td width=\"21\"><\/td>\n<td style=\"text-align: center;\" width=\"522\">\n<h2>\u00a0AGENDA<\/h2>\n<\/td>\n<td><\/td>\n<\/tr>\n<tr>\n<td width=\"21\"><\/td>\n<td align=\"left\" valign=\"top\">\n<table border=\"0\" width=\"518\">\n<tbody>\n<tr>\n<td style=\"text-align: center;\" colspan=\"2\" align=\"left\" valign=\"top\">\n<h3>CONGRESOS y SIMPOSIA<\/h3>\n<\/td>\n<\/tr>\n<tr>\n<td align=\"left\" valign=\"top\">\u00a02017<\/td>\n<td class=\"Estilo21\" align=\"left\" valign=\"top\">\u00a0<a href=\"http:\/\/www.aeemt.com\/web\/cemet-x\/\">X CEMET (X Congreso Espa\u00f1ol de Medicina y Enfermer\u00eda del Trabajo). AEEMT. Madrid mayo\u00a0de 2017.<\/a><\/td>\n<\/tr>\n<tr>\n<td align=\"left\" valign=\"top\" height=\"17\">2016<\/td>\n<td class=\"Estilo21\" align=\"left\" valign=\"top\">\n<table border=\"0\" width=\"450\">\n<tbody>\n<tr>\n<td align=\"left\" valign=\"top\" width=\"10\"><\/td>\n<td class=\"Estilo21\" align=\"left\" valign=\"top\" width=\"430\"><a href=\"http:\/\/www.congresonacionalmet2016.com\/\" target=\"_blank\" rel=\"noopener noreferrer\">I CONMET (I Congreso Nacionall de Medicina y Enfermer\u00eda del Trabajo Conjunto) .Madrid 11-13 de febrero de 2013.<\/a><\/td>\n<\/tr>\n<\/tbody>\n<\/table>\n<\/td>\n<\/tr>\n<tr>\n<td align=\"left\" valign=\"top\" height=\"17\">2013<\/td>\n<td class=\"Estilo21\" align=\"left\" valign=\"top\">\n<table border=\"0\" width=\"450\">\n<tbody>\n<tr>\n<td align=\"left\" valign=\"top\" width=\"10\"><\/td>\n<td class=\"Estilo21\" align=\"left\" valign=\"top\" width=\"430\"><a href=\"http:\/\/www.aeemt.com\/CEMETIX\/index.html\" target=\"_blank\" rel=\"noopener noreferrer\">IX CEMET (IX Congreso Espa\u00f1ol de Medicina y Enfermer\u00eda del Trabajo). AEEMT. Madrid 18-20 de septiembre de 2013.<\/a><\/td>\n<\/tr>\n<\/tbody>\n<\/table>\n<\/td>\n<\/tr>\n<tr>\n<td align=\"left\" valign=\"top\" height=\"17\">2011<\/td>\n<td class=\"Estilo21\" align=\"left\" valign=\"top\">\n<table border=\"0\" width=\"450\">\n<tbody>\n<tr>\n<td align=\"left\" valign=\"top\" width=\"10\"><\/td>\n<td class=\"Estilo21\" align=\"left\" valign=\"top\" width=\"430\"><a href=\"http:\/\/www.aeemt.com\/CEMETVIII\/index.html\" target=\"_blank\" rel=\"noopener noreferrer\">VIII CEMET (VIII Congreso Espa\u00f1ol de Medicina y Enfermer\u00eda del Trabajo). AEEMT. Valladolid 29-30 de septiembre y 1 de octubre de 2011<\/a><\/td>\n<\/tr>\n<\/tbody>\n<\/table>\n<\/td>\n<\/tr>\n<tr>\n<td align=\"left\" valign=\"top\" height=\"17\">2010<\/td>\n<td class=\"Estilo21\" align=\"left\" valign=\"top\">\n<table border=\"0\" width=\"450\">\n<tbody>\n<tr>\n<td align=\"left\" valign=\"top\" width=\"10\"><\/td>\n<td class=\"Estilo21\" align=\"left\" valign=\"top\" width=\"430\"><a href=\"http:\/\/www.aeemt.com\/contenidos_socios\/actividades\/Actividades_Cientificas_2010\/XIII_Congreso_SEMST.pdf\" target=\"_blank\" rel=\"noopener noreferrer\">XIII Congreso de la SEMST. Valencia 5, 6 y 7 de mayo de 2010.<\/a><\/td>\n<\/tr>\n<\/tbody>\n<\/table>\n<\/td>\n<\/tr>\n<tr>\n<td align=\"left\" valign=\"top\" width=\"53\" height=\"17\">2009<\/p>\n<p>&nbsp;<\/td>\n<td class=\"Estilo21\" align=\"left\" valign=\"top\" width=\"455\">\n<table border=\"0\" width=\"450\">\n<tbody>\n<tr>\n<td align=\"left\" valign=\"top\"><\/td>\n<td class=\"Estilo21\" align=\"left\" valign=\"top\"><a href=\"http:\/\/www.aeemt.com\/contenidos_socios\/actividades\/Actividades_Cientificas_2009\/III_Congreso_SPRL_Ambito_Sanitario_20091111.pdf\" target=\"_blank\" rel=\"noopener noreferrer\">III Congreso Nacional de los Servicios de Prevenci\u00f3n de Riesgos Laborales en el \u00c1mbito Sanitario. Madrid, 11 al 13 de Noviembre de 2009.<\/a><\/td>\n<\/tr>\n<tr>\n<td align=\"left\" valign=\"top\"><\/td>\n<td class=\"Estilo21\" align=\"left\" valign=\"top\"><a href=\"http:\/\/www.aeemt.com\/contenidos_socios\/actividades\/Actividades_Cientificas_2009\/III_CONGRESO_PREVENCION_RIESGOS_LABORALES_EN_ADMINISTRACION_PUBLICA20091105.pdf\" target=\"_blank\" rel=\"noopener noreferrer\">III Congreso de Prevenci\u00f3n de Riesgos Laborales en la Administraci\u00f3n P\u00fablica. Le\u00f3n, 5 y 6 de Noviembre de 2009.<\/a><\/td>\n<\/tr>\n<tr>\n<td align=\"left\" valign=\"top\" width=\"10\"><\/td>\n<td class=\"Estilo21\" align=\"left\" valign=\"top\" width=\"430\"><a title=\"Congreso CEMET VII\" href=\"http:\/\/www.aeemt.com\/contenidos_socios\/submen_02_02_CEMETVII.html\" target=\"_self\" rel=\"noopener\">VII Congreso Espa\u00f1ol de Medicina y Enfermer\u00eda del Trabajo (VII CEMET). Sevilla, 01 al 03 de Octubre de 2009.<\/a><\/td>\n<\/tr>\n<\/tbody>\n<\/table>\n<\/td>\n<\/tr>\n<tr>\n<td align=\"left\" valign=\"top\">2008<\/td>\n<td class=\"Estilo21\" align=\"left\" valign=\"top\">\n<table border=\"0\" width=\"451\">\n<tbody>\n<tr>\n<td align=\"left\" valign=\"top\" width=\"10\"><\/td>\n<td class=\"Estilo21\" align=\"left\" valign=\"top\" width=\"431\"><a href=\"http:\/\/www.aeemt.com\/contenidos_socios\/actividades\/Actividades_Cientificas_2008\/II_CONG_NAC_SERVICIOS_DE_PREVENCION_DE_RIESGOS_LABORALES_20081100.pdf\" target=\"_blank\" rel=\"noopener noreferrer\">II Congreso Nacional de los Servicios de Prevenci\u00f3n de Riesgos Laborales en el \u00c1mbito Sanitario. Madrid, 12 al 14 de Noviembre de 2008.<\/a><\/td>\n<\/tr>\n<tr>\n<td align=\"left\" valign=\"top\"><\/td>\n<td class=\"Estilo21\" align=\"left\" valign=\"top\"><a href=\"http:\/\/www.aeemt.com\/contenidos_socios\/actividades\/Actividades_Cientificas_2008\/I_CONG_NAC_ASOC_SECRETARIA_SECTOR_SANITARIO_2008_MAYO.pdf\" target=\"_blank\" rel=\"noopener noreferrer\">I Congreso Nacional de la Asociaci\u00f3n de Secretariado del Sector Sanitario. Cuenca, 13 al 16 de Mayo de 2008.<\/a><\/td>\n<\/tr>\n<tr>\n<td align=\"left\" valign=\"top\"><\/td>\n<td class=\"Estilo21\" align=\"left\" valign=\"top\"><a href=\"http:\/\/www.aeemt.com\/contenidos_socios\/actividades\/Actividades_Cientificas_2008\/IV_SIMPO_NAC_DE_SEGURIDAD_Y_SALUD_20080508_Valladolid.pdf\" target=\"_blank\" rel=\"noopener noreferrer\">IV Simposium Nacional de Seguridad y Salud en el Trabajo. Valladolid, 8 y 9 de Mayo de 2008.<\/a><\/td>\n<\/tr>\n<tr>\n<td align=\"left\" valign=\"top\"><\/td>\n<td class=\"Estilo21\" align=\"left\" valign=\"top\"><a href=\"http:\/\/www.aeemt.com\/contenidos_socios\/actividades\/Actividades_Cientificas_2008\/III_CONG_SOCIEDAD_DE_PREVENCION_DE_FREMAP_20080400.pdf\" target=\"_blank\" rel=\"noopener noreferrer\">III Congreso de la Sociedad de Prevenci\u00f3n de FREMAP. Barcelona, 18 y 19 de Abril de 2008.<\/a><\/td>\n<\/tr>\n<\/tbody>\n<\/table>\n<\/td>\n<\/tr>\n<tr>\n<td align=\"left\" valign=\"top\">2007<\/td>\n<td class=\"Estilo21\" align=\"left\" valign=\"top\">\n<table border=\"0\" width=\"451\">\n<tbody>\n<tr>\n<td align=\"left\" valign=\"top\" width=\"10\"><\/td>\n<td class=\"Estilo21\" align=\"left\" valign=\"top\" width=\"431\"><a href=\"http:\/\/www.aeemt.com\/contenidos_socios\/submen_02_02_CEMETVI.html\" target=\"_self\" rel=\"noopener\">VI Congreso Espa\u00f1ol de Medicina y Enfermer\u00eda del Trabajo (VI CEMET)<\/a><\/td>\n<\/tr>\n<\/tbody>\n<\/table>\n<\/td>\n<\/tr>\n<tr>\n<td align=\"left\" valign=\"top\">2006<\/td>\n<td class=\"Estilo21\" align=\"left\" valign=\"top\">\n<table border=\"0\" width=\"451\">\n<tbody>\n<tr>\n<td align=\"left\" valign=\"top\" width=\"10\"><\/td>\n<td class=\"Estilo21\" align=\"left\" valign=\"top\" width=\"431\"><a href=\"http:\/\/www.aeemt.com\/contenidos_socios\/actividades\/IIISIMPOSIUMNACIONALDESEGURIDADYSALUDAVILA2006.pdf\" target=\"_blank\" rel=\"noopener noreferrer\">III Simposium Nacional de Seguridad y Salud en el Trabajo. \u00c1vila, 26 y 27 de Mayo de 2006<\/a>.<\/td>\n<\/tr>\n<tr>\n<td align=\"left\" valign=\"top\"><\/td>\n<td class=\"Estilo21\" align=\"left\" valign=\"top\"><a href=\"http:\/\/www.aeemt.com\/contenidos_socios\/actividades\/SIMPOSIO2006DEMEDICINADELTRABAJODELAUEM.pdf\" target=\"_blank\" rel=\"noopener noreferrer\">Simposio 2006 de Medicina del Trabajo de la UEM: \u00abNuevos horizontes en Medicina del Trabajo\u00bb. 27 de Abril de 2006.<\/a><\/td>\n<\/tr>\n<\/tbody>\n<\/table>\n<\/td>\n<\/tr>\n<tr>\n<td align=\"left\" valign=\"top\"><\/td>\n<td class=\"Estilo21\" align=\"left\" valign=\"top\"><\/td>\n<\/tr>\n<\/tbody>\n<\/table>\n<\/td>\n<td><\/td>\n<\/tr>\n<tr>\n<td><\/td>\n<td>\n<table border=\"0\" width=\"518\">\n<tbody>\n<tr>\n<td colspan=\"2\" align=\"left\" valign=\"top\">JORNADAS y SEMINARIOS<\/td>\n<\/tr>\n<tr>\n<td align=\"right\" valign=\"top\" width=\"53\">2009<\/td>\n<td class=\"Estilo1\" width=\"455\">\n<table border=\"0\" width=\"451\">\n<tbody>\n<tr>\n<td align=\"left\" valign=\"top\" width=\"10\"><\/td>\n<td class=\"Estilo21\" align=\"left\" valign=\"top\" width=\"431\"><a href=\"http:\/\/www.aeemt.com\/contenidos_socios\/actividades\/Actividades_Cientificas_2009\/JORNADA_TRANSPORTE_CARRETERA_MEDICINA_TRABAJO_20091023.pdf\" target=\"_blank\" rel=\"noopener noreferrer\">Jornada T\u00e9cnica: Transporte por Carretera y Medicina del Trabajo. Santander, 23 y 24 de Octubre de 2009.<\/a><\/td>\n<\/tr>\n<tr>\n<td align=\"left\" valign=\"top\"><\/td>\n<td class=\"Estilo21\" align=\"left\" valign=\"top\"><a href=\"http:\/\/www.aeemt.com\/contenidos_socios\/actividades\/Actividades_Cientificas_2009\/PRESENTACION_MANUAL_CEFALEA_MEDICO_20090701%20.pdf\" target=\"_blank\" rel=\"noopener noreferrer\">Jornada de Presentaci\u00f3n: Manual de Cefalea para el M\u00e9dico, minusval\u00eda, incapacidad y accidente del trabajo. Valencia, 01 de Julio de 2009.<\/a><\/td>\n<\/tr>\n<tr>\n<td align=\"left\" valign=\"top\"><\/td>\n<td class=\"Estilo21\" align=\"left\" valign=\"top\"><a href=\"http:\/\/www.aeemt.com\/contenidos_socios\/actividades\/Actividades_Cientificas_2009\/II_JORNADAS_CAYPAM_20090616_Programa.pdf\" target=\"_blank\" rel=\"noopener noreferrer\">II Jornadas CAYPAM &#8211; UVOPSE. Madrid, 16 de Junio de 2009.<\/a><\/td>\n<\/tr>\n<tr>\n<td align=\"left\" valign=\"top\"><\/td>\n<td class=\"Estilo21\" align=\"left\" valign=\"top\"><a href=\"http:\/\/www.aeemt.com\/contenidos_socios\/actividades\/Actividades_Cientificas_2009\/JORNADA_AMMTAS_09_HOSPITAL_INFANTA_LEONOR_20090609.pdf\" target=\"_blank\" rel=\"noopener noreferrer\">II Jornadas AMMTAS: Servicios de Prevenci\u00f3n en el Sector Sanitario P\u00fabli-<br \/>\nco de la comunidad de Madrid: ESTADO ACTUAL Y PROPUESTAS DE<br \/>\nF UTURO. Madrid, 09 de Junio de 2009.<\/a><\/td>\n<\/tr>\n<tr>\n<td align=\"left\" valign=\"top\"><\/td>\n<td class=\"Estilo21\" align=\"left\" valign=\"top\"><a href=\"http:\/\/www.aeemt.com\/contenidos_socios\/actividades\/Actividades_Cientificas_2009\/III_SEMINARIO_MEDICINA_DEL_TRABAJO_GRIPEA_20090602.pdf\" target=\"_blank\" rel=\"noopener noreferrer\">III Seminario sobre Medicina del Trabajo: Actuaci\u00f3n ante la nueva Gripe A (H1\/N1). Madrid, 02 de Junio de 2009.<\/a><\/td>\n<\/tr>\n<tr>\n<td align=\"left\" valign=\"top\"><\/td>\n<td class=\"Estilo21\" align=\"left\" valign=\"top\"><a href=\"http:\/\/www.aeemt.com\/contenidos_socios\/actividades\/Actividades_Cientificas_2009\/SEMINARIO_DE_TOXICOLOGIA_Y_DROGODEPENDENCIAS_20090421.pdf\" target=\"_blank\" rel=\"noopener noreferrer\">Seminario de Toxicolog\u00eda y Drogodependencia. Madrid, 21 de Abril de 2009.<\/a><\/td>\n<\/tr>\n<tr>\n<td align=\"left\" valign=\"top\"><\/td>\n<td class=\"Estilo21\" align=\"left\" valign=\"top\"><a href=\"http:\/\/www.aeemt.com\/contenidos_socios\/actividades\/Actividades_Cientificas_2009\/JORNADA_PREVENCION_CANCER_COLORRECTAL_20090325.pdf\" target=\"_blank\" rel=\"noopener noreferrer\">Jornada de Prevenci\u00f3n del C\u00e1ncer Colorrectal en Espa\u00f1a. Implicaciones del cribado en el medio laboral. Madrid, 25 de Marzo de 2009.<\/a><\/td>\n<\/tr>\n<tr>\n<td align=\"left\" valign=\"top\"><\/td>\n<td class=\"Estilo21\" align=\"left\" valign=\"top\"><a href=\"http:\/\/www.aeemt.com\/contenidos_socios\/actividades\/Actividades_Cientificas_2009\/I_JORNADA_MIR_MDT_2009_0317.pdf\" target=\"_blank\" rel=\"noopener noreferrer\">I Jornada de M\u00e9dicos Residentes de Medicina del Trabajo. Madrid, 17 de Marzo de 2009.<\/a><\/td>\n<\/tr>\n<tr>\n<td align=\"left\" valign=\"top\"><\/td>\n<td class=\"Estilo21\" align=\"left\" valign=\"top\"><a href=\"http:\/\/www.aeemt.com\/contenidos_socios\/actividades\/Actividades_Cientificas_2009\/II_SEMINARIO_MEDICINA_DEL_TRABAJO_PREDICTIVA_20090304.pdf\" target=\"_blank\" rel=\"noopener noreferrer\">II Seminario de Medicina Predictiva: Estudio Nacional Infarto y Trabajo. Madrid, 04 de Marzo de 2009.<\/a><\/td>\n<\/tr>\n<tr>\n<td align=\"left\" valign=\"top\"><\/td>\n<td align=\"left\" valign=\"top\"><\/td>\n<\/tr>\n<\/tbody>\n<\/table>\n<\/td>\n<\/tr>\n<tr>\n<td align=\"right\" valign=\"top\">2008<\/td>\n<td class=\"Estilo21\">\n<table border=\"0\" width=\"450\">\n<tbody>\n<tr>\n<td align=\"left\" valign=\"top\"><\/td>\n<td class=\"Estilo21\" align=\"left\" valign=\"top\"><a href=\"http:\/\/www.aeemt.com\/contenidos_socios\/actividades\/Actividades_Cientificas_2008\/JORNADA_SALUD_LABORAL_Y_FLUJOS_MIGRATORIOS_20081125.pdf\" target=\"_blank\" rel=\"noopener noreferrer\">Jornada sobre Salud Laboral y Flujos Migratorios. 25 de Noviembre de 2008.<\/a><\/td>\n<\/tr>\n<tr>\n<td align=\"left\" valign=\"top\" width=\"10\"><\/td>\n<td class=\"Estilo21\" align=\"left\" valign=\"top\" width=\"430\"><a href=\"http:\/\/www.aeemt.com\/contenidos_socios\/actividades\/Actividades_Cientificas_2008\/II_JORNADA_DE_SEGURIDAD_Y_SALUD_LABORAL_20081100.pdf\" target=\"_blank\" rel=\"noopener noreferrer\">II Jornada de Seguridad y Salud Laboral. Madrid, 16 de Noviembre de 2008.<\/a><\/td>\n<\/tr>\n<tr>\n<td align=\"left\" valign=\"top\"><\/td>\n<td class=\"Estilo21\" align=\"left\" valign=\"top\"><a href=\"http:\/\/www.aeemt.com\/contenidos_socios\/actividades\/Actividades_Cientificas_2008\/SEMIN_PREPARACION_Y_RESPUESTA_ANTE_PANDEMIA_GRIPE_20080924.pdf\" target=\"_blank\" rel=\"noopener noreferrer\">Seminario: Preparaci\u00f3n y Respuesta ante una Pandemia de Gripe. 24 de Septiembre de 2009.<\/a><\/td>\n<\/tr>\n<tr>\n<td align=\"left\" valign=\"top\"><\/td>\n<td class=\"Estilo21\" align=\"left\" valign=\"top\"><a href=\"http:\/\/www.aeemt.com\/contenidos_socios\/actividades\/Actividades_Cientificas_2008\/JORNADA_LEGIS_EMABARAZADA_Y_LACTANCIA_MEDICINA_TRABAJO_20080611.pdf\" target=\"_blank\" rel=\"noopener noreferrer\">Jornada de Legislaci\u00f3n sobre Embarazao y Lactancia en Medicina del Trabajo. 11 de Junio de 2008.<\/a><\/td>\n<\/tr>\n<tr>\n<td align=\"left\" valign=\"top\"><\/td>\n<td class=\"Estilo21\" align=\"left\" valign=\"top\"><a href=\"http:\/\/www.aeemt.com\/contenidos_socios\/actividades\/Actividades_Cientificas_2008\/JORNADA_SEGURIDAD_FARMACEUTICA_20080422.pdf\" target=\"_blank\" rel=\"noopener noreferrer\">Jornada sobre Seguridad Farmac\u00e9utica. 22 de Abril de 2008.<\/a><\/td>\n<\/tr>\n<\/tbody>\n<\/table>\n<\/td>\n<\/tr>\n<tr>\n<td align=\"right\" valign=\"top\"><\/td>\n<td class=\"Estilo21\" align=\"left\" valign=\"top\"><\/td>\n<\/tr>\n<\/tbody>\n<\/table>\n<\/td>\n<td><\/td>\n<\/tr>\n<tr>\n<td><\/td>\n<td>\n<table border=\"0\" width=\"518\">\n<tbody>\n<tr>\n<td colspan=\"2\" align=\"left\" valign=\"top\">REUNIONES y SESIONES CL\u00cdNICAS<\/td>\n<\/tr>\n<tr>\n<td align=\"right\" valign=\"top\" width=\"55\">2009<\/td>\n<td class=\"Estilo1\" width=\"453\">\n<table border=\"0\" width=\"448\">\n<tbody>\n<tr>\n<td align=\"left\" valign=\"top\" width=\"10\"><\/td>\n<td class=\"Estilo21\" align=\"left\" valign=\"top\" width=\"428\"><a href=\"http:\/\/www.aeemt.com\/contenidos_socios\/actividades\/Actividades_Cientificas_2009\/SESION_CLINICA_FARMACOGENETICA_EN_MDT_20090313.pdf\" target=\"_blank\" rel=\"noopener noreferrer\">Sesi\u00f3n Cl\u00ednica: La farmacogen\u00e9tica en la medicina del trabajo: aplicaci\u00f3n preventiva de la medicina personalizada. Madrid, 13 de marzo de 2009.<\/a><\/td>\n<\/tr>\n<\/tbody>\n<\/table>\n<\/td>\n<\/tr>\n<tr>\n<td align=\"right\" valign=\"top\"><\/td>\n<td class=\"Estilo21\"><\/td>\n<\/tr>\n<\/tbody>\n<\/table>\n<\/td>\n<td><\/td>\n<\/tr>\n<\/tbody>\n<\/table>\n<p>&nbsp;<\/p>\n","protected":false},"excerpt":{"rendered":"<p>\u00a0AGENDA CONGRESOS y SIMPOSIA \u00a02017 \u00a0X CEMET (X Congreso Espa\u00f1ol de Medicina y Enfermer\u00eda del Trabajo). AEEMT. Madrid mayo\u00a0de 2017. 2016 I CONMET (I Congreso Nacionall de Medicina y Enfermer\u00eda [&hellip;]<\/p>\n","protected":false},"author":1,"featured_media":0,"parent":0,"menu_order":0,"comment_status":"closed","ping_status":"closed","template":"","meta":{"footnotes":""},"class_list":["post-2956","page","type-page","status-publish","hentry"],"_links":{"self":[{"href":"https:\/\/www.aeemt.org\/web\/wp-json\/wp\/v2\/pages\/2956"}],"collection":[{"href":"https:\/\/www.aeemt.org\/web\/wp-json\/wp\/v2\/pages"}],"about":[{"href":"https:\/\/www.aeemt.org\/web\/wp-json\/wp\/v2\/types\/page"}],"author":[{"embeddable":true,"href":"https:\/\/www.aeemt.org\/web\/wp-json\/wp\/v2\/users\/1"}],"replies":[{"embeddable":true,"href":"https:\/\/www.aeemt.org\/web\/wp-json\/wp\/v2\/comments?post=2956"}],"version-history":[{"count":0,"href":"https:\/\/www.aeemt.org\/web\/wp-json\/wp\/v2\/pages\/2956\/revisions"}],"wp:attachment":[{"href":"https:\/\/www.aeemt.org\/web\/wp-json\/wp\/v2\/media?parent=2956"}],"curies":[{"name":"wp","href":"https:\/\/api.w.org\/{rel}","templated":true}]}}