{"id":2943,"date":"2017-02-07T19:56:09","date_gmt":"2017-02-07T19:56:09","guid":{"rendered":"http:\/\/www.aeemt.com\/web\/?page_id=2943"},"modified":"2017-02-07T19:56:09","modified_gmt":"2017-02-07T19:56:09","slug":"objetivos","status":"publish","type":"page","link":"https:\/\/www.aeemt.org\/web\/objetivos\/","title":{"rendered":"Objetivos"},"content":{"rendered":"<table border=\"0\" width=\"605\">\n<tbody>\n<tr>\n<td colspan=\"2\" align=\"left\" valign=\"top\">\n<div id=\"Principio_fines\" class=\"Estilo52\" align=\"center\">PRINCIPIOS Y FINES DE LA ASOCIACION<\/div>\n<\/td>\n<\/tr>\n<tr>\n<td><\/td>\n<td colspan=\"2\" align=\"left\" valign=\"top\"><span class=\"Estilo51\"><br \/>\n<\/span><\/p>\n<p class=\"Estilo53\" align=\"justify\">La Asociaci\u00f3n Espa\u00f1ola de Especialista en Medicina del Trabajo (AEEMT) tiene como principios b\u00e1sicos los siguientes:<\/p>\n<p class=\"Estilo53\" align=\"justify\">1\u00ba.- Definirse como una Asociaci\u00f3n cient\u00edfico-profesional con inter\u00e9s en la din\u00e1mica sanitaria laboral del pa\u00eds.<\/p>\n<p>2\u00ba.- Adoptar todas las medidas a su alcance en defensa de los intereses de la Medicina del Trabajo, de los M\u00e9dicos del Trabajo y especialistas en Formaci\u00f3n.<\/p>\n<p>3\u00ba.- Velar por la defensa de los intereses socio-profesionales, laborales y cient\u00edficos de sus afiliados.<br \/>\n4\u00ba.- Considerando la condici\u00f3n democr\u00e1tica de esta Asociaci\u00f3n la elecci\u00f3n de cargos representativos y la toma de acuerdos obedecer\u00e1 a los principios de sufragio universal,<\/p>\n<p>Son fines de la Asociaci\u00f3n Espa\u00f1ola de Especialistas en Medicina del Trabajo:<\/p>\n<p class=\"Estilo53\" align=\"justify\">1\u00ba.- Representar a todos y cada uno de los profesionales miembros de la Asociaci\u00f3n ante las Instituciones y Organismos P\u00fablicos correspondientes.<\/p>\n<p>2\u00ba.- Representar y defender los intereses laborales, socio-profesionales y cient\u00edficos de los socios de la misma.<\/p>\n<p>3\u00ba.- Colaborar en la aplicaci\u00f3n de cuantas medidas incidan en la mejor ordenaci\u00f3n y regulaci\u00f3n de la Medicina del Trabajo.<\/p>\n<p>4\u00ba.- Promover y coordinar la acci\u00f3n de sus asociados, colaborando con todos los organismos interesados en estudiar y defender las soluciones a los problemas de toda naturaleza relacionados con la organizaci\u00f3n y la actividad de la Medicina del Trabajo.<\/p>\n<p>5\u00ba.- Contribuir a la formaci\u00f3n y a la promoci\u00f3n profesional y social de sus miembros, promoviendo la realizaci\u00f3n de actividades formativas relacionadas con la Medicina del Trabajo, as\u00ed como la formaci\u00f3n continuada de sus asociados y velando por el cumplimiento del programa oficial de la especialidad de los residentes de Medicina del Trabajo.<\/p>\n<p>6\u00ba.- Fomentar, alentar y estimular la investigaci\u00f3n en el \u00e1mbito de la Medicina del Trabajo.<\/p>\n<p>7\u00ba.- Analizar y emitir informes sobre las condiciones del ejercicio de la Medicina del Trabajo, la formaci\u00f3n Pregrado y Postgrado de la misma, condiciones de acceso, desarrollo y estructura de la especialidad.<\/p>\n<p>8\u00ba.- Ser organizaci\u00f3n representativa de los profesionales especialistas en Medicina del Trabajo y especialistas en Formaci\u00f3n en cualquier tipo de acciones, tanto de \u00e1mbito nacional como internacional.<\/p>\n<p>9\u00ba.- Fomentar las buenas relaciones entre los socios, anteponiendo, en todo caso, los intereses colectivos, as\u00ed como impulsar las relaciones con otras sociedades cient\u00edficas y profesionales, con las instituciones sanitarias, organismos estatales y auton\u00f3micos, con la Organizaci\u00f3n M\u00e9dica Colegial y con la empresa privada, en defensa de los intereses leg\u00edtimos de la Medicina del Trabajo.<\/p>\n<p>10\u00ba.- Establecer cuantos servicios puedan ser de inter\u00e9s para los socios en su ejercicio profesional y, en general, realizar cuantas actividades puedan redundar en la mejora de la Medicina del Trabajo, de los profesionales que la ejercen y de la poblaci\u00f3n asistida<\/p>\n<\/td>\n<\/tr>\n<\/tbody>\n<\/table>\n","protected":false},"excerpt":{"rendered":"<p>PRINCIPIOS Y FINES DE LA ASOCIACION La Asociaci\u00f3n Espa\u00f1ola de Especialista en Medicina del Trabajo (AEEMT) tiene como principios b\u00e1sicos los siguientes: 1\u00ba.- Definirse como una Asociaci\u00f3n cient\u00edfico-profesional con inter\u00e9s [&hellip;]<\/p>\n","protected":false},"author":1,"featured_media":0,"parent":0,"menu_order":0,"comment_status":"closed","ping_status":"closed","template":"","meta":{"footnotes":""},"class_list":["post-2943","page","type-page","status-publish","hentry"],"_links":{"self":[{"href":"https:\/\/www.aeemt.org\/web\/wp-json\/wp\/v2\/pages\/2943"}],"collection":[{"href":"https:\/\/www.aeemt.org\/web\/wp-json\/wp\/v2\/pages"}],"about":[{"href":"https:\/\/www.aeemt.org\/web\/wp-json\/wp\/v2\/types\/page"}],"author":[{"embeddable":true,"href":"https:\/\/www.aeemt.org\/web\/wp-json\/wp\/v2\/users\/1"}],"replies":[{"embeddable":true,"href":"https:\/\/www.aeemt.org\/web\/wp-json\/wp\/v2\/comments?post=2943"}],"version-history":[{"count":0,"href":"https:\/\/www.aeemt.org\/web\/wp-json\/wp\/v2\/pages\/2943\/revisions"}],"wp:attachment":[{"href":"https:\/\/www.aeemt.org\/web\/wp-json\/wp\/v2\/media?parent=2943"}],"curies":[{"name":"wp","href":"https:\/\/api.w.org\/{rel}","templated":true}]}}