{"id":2932,"date":"2017-02-07T19:38:03","date_gmt":"2017-02-07T19:38:03","guid":{"rendered":"http:\/\/www.aeemt.com\/web\/?page_id=2932"},"modified":"2017-02-07T19:38:03","modified_gmt":"2017-02-07T19:38:03","slug":"secretaria","status":"publish","type":"page","link":"https:\/\/www.aeemt.org\/web\/secretaria\/","title":{"rendered":"Secretar\u00eda"},"content":{"rendered":"<table border=\"0\" width=\"939\">\n<tbody>\n<tr>\n<td align=\"left\" valign=\"top\" width=\"160\">\n<table border=\"0\" width=\"159\">\n<tbody>\n<tr>\n<td align=\"left\" valign=\"top\" width=\"163\" height=\"152\">\n<div id=\"Datos_secretaria\" class=\"Estilo2\" align=\"center\">\n<table id=\"dat_secre\" border=\"0\" width=\"166\" align=\"center\">\n<tbody>\n<tr>\n<td align=\"left\" valign=\"top\" width=\"160\" height=\"146\"><img loading=\"lazy\" decoding=\"async\" id=\"secretaria\" src=\"http:\/\/www.aeemt.com\/imagenes\/secretaria_datos.png\" alt=\"Secretaria\" usemap=\"#sedcretariaMap\" width=\"160\" height=\"144\" name=\"secretaria\" border=\"0\" \/><\/p>\n<map id=\"sedcretariaMap2\" name=\"sedcretariaMap\">\n<area alt=\"mailto\" coords=\"5,111,156,138\" shape=\"rect\" href=\"mailto: secretaria@aeemt.com\" target=\"_self\" \/><\/map>\n<\/td>\n<\/tr>\n<\/tbody>\n<\/table>\n<\/div>\n<\/td>\n<\/tr>\n<\/tbody>\n<\/table>\n<\/td>\n<td align=\"left\" valign=\"top\" width=\"563\" height=\"448\">\n<table border=\"0\" width=\"558\">\n<tbody>\n<tr>\n<td colspan=\"3\" align=\"left\" valign=\"top\" height=\"24\"><\/td>\n<\/tr>\n<tr>\n<td width=\"29\" height=\"169\"><\/td>\n<td align=\"left\" valign=\"top\" width=\"126\"><img loading=\"lazy\" decoding=\"async\" id=\"Secretaria_Admon\" src=\"http:\/\/www.aeemt.com\/imagenes\/Secretaria_Admon.gif\" alt=\"Secretaria Admon\" width=\"124\" height=\"167\" name=\"Secretaria_Admon\" border=\"0\" \/><\/td>\n<td align=\"left\" valign=\"top\" width=\"389\">\n<table border=\"0\" width=\"389\">\n<tbody>\n<tr>\n<td colspan=\"3\" align=\"center\" valign=\"top\" bgcolor=\"#2B802C\"><span class=\"Estilo52\">ASOCIADOS<\/span><\/td>\n<\/tr>\n<tr>\n<td align=\"center\" valign=\"top\" width=\"125\"><a href=\"http:\/\/www.aeemt.com\/hazte_socio.html\" target=\"_blank\" rel=\"noopener\"><img loading=\"lazy\" decoding=\"async\" id=\"Alta_Asociados\" src=\"http:\/\/www.aeemt.com\/imagenes\/Asociados_Alta.png\" alt=\"Socios Alta\" width=\"122\" height=\"125\" name=\"Alta_Asociados\" border=\"0\" \/><\/a><\/td>\n<td align=\"center\" valign=\"top\" width=\"125\"><a href=\"http:\/\/www.aeemt.com\/modificar_socio.html\" target=\"_blank\" rel=\"noopener\"><img loading=\"lazy\" decoding=\"async\" id=\"Modificacion_Asociados\" src=\"http:\/\/www.aeemt.com\/imagenes\/Asociados_Modificacion.png\" alt=\"Modificacion Datos\" width=\"122\" height=\"125\" name=\"Modificacion_Asociados\" border=\"0\" \/><\/a><\/td>\n<td align=\"center\" valign=\"top\" width=\"125\"><a href=\"http:\/\/www.aeemt.com\/baja_socio.html\" target=\"_blank\" rel=\"noopener\"><img loading=\"lazy\" decoding=\"async\" id=\"Baja_Asociados\" src=\"http:\/\/www.aeemt.com\/imagenes\/Asociados_Baja.png\" alt=\"Solicitud Baja\" width=\"122\" height=\"125\" name=\"Baja_Asociados\" border=\"0\" \/><\/a><\/td>\n<\/tr>\n<\/tbody>\n<\/table>\n<\/td>\n<\/tr>\n<tr align=\"left\" valign=\"top\">\n<td height=\"3\"><\/td>\n<td height=\"3\"><\/td>\n<td align=\"center\" bgcolor=\"#2B802C\" height=\"3\"><span class=\"Estilo51\">Solicitud de Informaci\u00f3n<\/span><\/td>\n<\/tr>\n<tr>\n<td><\/td>\n<td><\/td>\n<td><\/td>\n<\/tr>\n<tr>\n<td><\/td>\n<td><\/td>\n<td align=\"left\" valign=\"top\">\n<table id=\"Solicitud_Informacion\" border=\"0\" width=\"386\">\n<tbody>\n<tr>\n<td align=\"left\" valign=\"top\" width=\"152\"><img loading=\"lazy\" decoding=\"async\" id=\"solic_inform\" src=\"http:\/\/www.aeemt.com\/imagenes\/Secretaria_Solicitud_Informacion.png\" alt=\"Solicitud Informaci\u00f3n\" usemap=\"#solic_informMap\" width=\"142\" height=\"92\" name=\"solic_inform\" border=\"0\" \/><\/td>\n<td align=\"left\" valign=\"middle\" width=\"224\">Pulse sobre el sobre lateral para enviarnos su solicitud de informaci\u00f3n a trav\u00e9s de Secretar\u00eda.<\/td>\n<\/tr>\n<\/tbody>\n<\/table>\n<\/td>\n<\/tr>\n<tr>\n<td><\/td>\n<td><\/td>\n<td><\/td>\n<\/tr>\n<tr align=\"left\" valign=\"top\">\n<td height=\"3\"><\/td>\n<td height=\"3\"><\/td>\n<td align=\"center\" bgcolor=\"#2B802C\" height=\"3\"><span class=\"Estilo51\">Cambio de Datos de Domiciliaci\u00f3n Bancaria<\/span><\/td>\n<\/tr>\n<tr>\n<td><\/td>\n<td><\/td>\n<td><\/td>\n<\/tr>\n<tr>\n<td><\/td>\n<td><\/td>\n<td>\n<table id=\"Solicitud_Informacion\" border=\"0\" width=\"386\">\n<tbody>\n<tr>\n<td align=\"left\" valign=\"top\" width=\"152\"><a href=\"http:\/\/www.aeemt.com\/contenidos\/Datos_Socios\/Formulario_Cambio_Domiciliacion_Bancaria.pdf\" target=\"_blank\" rel=\"noopener\"><img loading=\"lazy\" decoding=\"async\" id=\"Modificacion_Asociados\" src=\"http:\/\/www.aeemt.com\/contenidos\/Datos_Socios\/Icono_Cambio_Domiciliacion_Bancaria_02.jpg\" alt=\"Modificacion Datos\" width=\"128\" height=\"132\" name=\"Modificacion_Asociados\" border=\"0\" \/><\/a><\/td>\n<td align=\"left\" valign=\"middle\" width=\"224\">Pulse sobre el documento lateral (izquierda) para remitirnos sus NUEVOS DATOS de DOMICILIACI\u00d3N BANCARIA.<\/td>\n<\/tr>\n<\/tbody>\n<\/table>\n<\/td>\n<\/tr>\n<tr>\n<td><\/td>\n<td><\/td>\n<td><\/td>\n<\/tr>\n<\/tbody>\n<\/table>\n<\/td>\n<\/tr>\n<\/tbody>\n<\/table>\n","protected":false},"excerpt":{"rendered":"<p>ASOCIADOS Solicitud de Informaci\u00f3n Pulse sobre el sobre lateral para enviarnos su solicitud de informaci\u00f3n a trav\u00e9s de Secretar\u00eda. Cambio de Datos de Domiciliaci\u00f3n Bancaria Pulse sobre el documento lateral [&hellip;]<\/p>\n","protected":false},"author":1,"featured_media":0,"parent":0,"menu_order":0,"comment_status":"closed","ping_status":"closed","template":"","meta":{"footnotes":""},"class_list":["post-2932","page","type-page","status-publish","hentry"],"_links":{"self":[{"href":"https:\/\/www.aeemt.org\/web\/wp-json\/wp\/v2\/pages\/2932"}],"collection":[{"href":"https:\/\/www.aeemt.org\/web\/wp-json\/wp\/v2\/pages"}],"about":[{"href":"https:\/\/www.aeemt.org\/web\/wp-json\/wp\/v2\/types\/page"}],"author":[{"embeddable":true,"href":"https:\/\/www.aeemt.org\/web\/wp-json\/wp\/v2\/users\/1"}],"replies":[{"embeddable":true,"href":"https:\/\/www.aeemt.org\/web\/wp-json\/wp\/v2\/comments?post=2932"}],"version-history":[{"count":0,"href":"https:\/\/www.aeemt.org\/web\/wp-json\/wp\/v2\/pages\/2932\/revisions"}],"wp:attachment":[{"href":"https:\/\/www.aeemt.org\/web\/wp-json\/wp\/v2\/media?parent=2932"}],"curies":[{"name":"wp","href":"https:\/\/api.w.org\/{rel}","templated":true}]}}