{"id":27967,"date":"2021-03-17T11:07:58","date_gmt":"2021-03-17T11:07:58","guid":{"rendered":"http:\/\/www.aeemt.com\/web\/?page_id=27967"},"modified":"2021-03-17T11:07:58","modified_gmt":"2021-03-17T11:07:58","slug":"cursos-aeemt-lundbeck-2021-2a-sesion-dialogos-sobre-el-trastorno-del-animo-en-el-entorno-laboral","status":"publish","type":"page","link":"https:\/\/www.aeemt.org\/web\/cursos-aeemt-lundbeck-2021-2a-sesion-dialogos-sobre-el-trastorno-del-animo-en-el-entorno-laboral\/","title":{"rendered":"Cursos AEEMT &#8211; Lundbeck 2021. 2\u00aa Sesi\u00f3n: Di\u00e1logos sobre el trastorno del \u00e1nimo en el entorno laboral"},"content":{"rendered":"<p>[vc_row rt_row_background_width=\u00bbdefault\u00bb rt_row_style=\u00bbdefault-style\u00bb rt_row_borders=\u00bb\u00bb rt_row_paddings=\u00bbtrue\u00bb rt_bg_effect=\u00bbclassic\u00bb rt_bg_image_repeat=\u00bbrepeat\u00bb rt_bg_size=\u00bbcover\u00bb rt_bg_position=\u00bbright top\u00bb rt_bg_attachment=\u00bbscroll\u00bb rt_bg_video_format=\u00bbself-hosted\u00bb][vc_column width=\u00bb1\/2&#8243; rt_wrp_col_paddings=\u00bbfalse\u00bb rt_border_top=\u00bb\u00bb rt_border_bottom=\u00bb\u00bb rt_border_left=\u00bb\u00bb rt_border_right=\u00bb\u00bb rt_border_top_mobile=\u00bb\u00bb rt_border_bottom_mobile=\u00bb\u00bb rt_border_left_mobile=\u00bb\u00bb rt_border_right_mobile=\u00bb\u00bb rt_bg_image_repeat=\u00bbrepeat\u00bb rt_bg_size=\u00bbauto auto\u00bb rt_bg_position=\u00bbright top\u00bb rt_bg_attachment=\u00bbscroll\u00bb][vc_column_text]<\/p>\n<h3 style=\"text-align: center;\">Organizan<\/h3>\n<h3 style=\"text-align: center;\"><a href=\"http:\/\/www.aeemt.com\/web\/\" target=\"_blank\" rel=\"noopener noreferrer\"><img loading=\"lazy\" decoding=\"async\" class=\"wp-image-3534 aligncenter\" src=\"http:\/\/www.aeemt.com\/web\/wp-content\/uploads\/2017\/05\/logoDibujado.png\" alt=\"\" width=\"133\" height=\"135\" srcset=\"https:\/\/www.aeemt.org\/web\/wp-content\/uploads\/2017\/05\/logoDibujado.png 402w, https:\/\/www.aeemt.org\/web\/wp-content\/uploads\/2017\/05\/logoDibujado-296x300.png 296w\" sizes=\"(max-width: 133px) 100vw, 133px\" \/><\/a><\/h3>\n<p>[\/vc_column_text][\/vc_column][vc_column width=\u00bb1\/2&#8243; rt_wrp_col_paddings=\u00bbfalse\u00bb rt_border_top=\u00bb\u00bb rt_border_bottom=\u00bb\u00bb rt_border_left=\u00bb\u00bb rt_border_right=\u00bb\u00bb rt_border_top_mobile=\u00bb\u00bb rt_border_bottom_mobile=\u00bb\u00bb rt_border_left_mobile=\u00bb\u00bb rt_border_right_mobile=\u00bb\u00bb rt_bg_image_repeat=\u00bbrepeat\u00bb rt_bg_size=\u00bbauto auto\u00bb rt_bg_position=\u00bbright top\u00bb rt_bg_attachment=\u00bbscroll\u00bb][vc_column_text]<\/p>\n<p style=\"text-align: center;\"><img loading=\"lazy\" decoding=\"async\" class=\"alignnone wp-image-21477 \" src=\"https:\/\/www.aeemt.org\/pruebaweb\/wp-content\/uploads\/2021\/02\/Logo-LUNDBECK-200px.jpg\" alt=\"\" width=\"460\" height=\"190\" srcset=\"https:\/\/www.aeemt.org\/web\/wp-content\/uploads\/2021\/02\/Logo-LUNDBECK-200px.jpg 484w, https:\/\/www.aeemt.org\/web\/wp-content\/uploads\/2021\/02\/Logo-LUNDBECK-200px-300x124.jpg 300w\" sizes=\"(max-width: 460px) 100vw, 460px\" \/><\/p>\n<p>[\/vc_column_text][\/vc_column][\/vc_row][vc_row rt_row_background_width=\u00bbdefault\u00bb rt_row_style=\u00bbdefault-style\u00bb rt_row_borders=\u00bb\u00bb rt_row_paddings=\u00bbtrue\u00bb rt_bg_effect=\u00bbclassic\u00bb rt_bg_image_repeat=\u00bbrepeat\u00bb rt_bg_size=\u00bbcover\u00bb rt_bg_position=\u00bbright top\u00bb rt_bg_attachment=\u00bbscroll\u00bb rt_bg_video_format=\u00bbself-hosted\u00bb][vc_column width=\u00bb1\/2&#8243; rt_wrp_col_paddings=\u00bbfalse\u00bb rt_border_top=\u00bb\u00bb rt_border_bottom=\u00bb\u00bb rt_border_left=\u00bb\u00bb rt_border_right=\u00bb\u00bb rt_border_top_mobile=\u00bb\u00bb rt_border_bottom_mobile=\u00bb\u00bb rt_border_left_mobile=\u00bb\u00bb rt_border_right_mobile=\u00bb\u00bb rt_bg_image_repeat=\u00bbrepeat\u00bb rt_bg_size=\u00bbauto auto\u00bb rt_bg_position=\u00bbright top\u00bb rt_bg_attachment=\u00bbscroll\u00bb][vc_column_text]<\/p>\n<h3>2\u00aa Sesi\u00f3n: Di\u00e1logos sobre el trastorno del \u00e1nimo en el entorno laboral, organizado por Lundbeck y la AEEMT.<\/h3>\n<p>FECHA Y HORA:\u00a0<strong> Martes 23 de Marzo 17:00 horas<\/strong><\/p>\n<p><strong>Programa:<\/strong><\/p>\n<p><strong>\u00a017:00<\/strong> \u00a0 Bienvenida y presentaci\u00f3n.<\/p>\n<p><em><strong>Dr. Gregorio Gil L\u00f3pez<\/strong><\/em>.\u00a0Director del servicio operativo sanitario. Presidencia de Gobierno. Madrid.<\/p>\n<p><strong>17:10<\/strong>\u00a0 \u201cCentrando el problema\u201d<\/p>\n<p><em><strong>Dr. Luis Reinoso Barbero<\/strong><\/em>. Presidente AEEMT<\/p>\n<p><strong>17:40<\/strong>\u00a0 \u201cPrevenci\u00f3n secundaria y terciaria de los trastornos del \u00e1nimo\u201d<\/p>\n<p><em><strong>Dra.\u00a0 Rosa Guti\u00e9rrez Labrador<\/strong><\/em>. Psiquiatra, Jefa de Secci\u00f3n de Psiquiatr\u00eda del HUIS<\/p>\n<p><strong>18:40<\/strong> \u00a0 Turno para dudas y preguntas<\/p>\n<p><strong>19:00<\/strong>\u00a0 Cierre de la reuni\u00f3n<\/p>\n<p>&nbsp;<\/p>\n<p><strong>DIRECCION POSTAL DONDE SE REALIZAR\u00c1 LA GRABACI\u00d3N<\/strong><br \/>\n<strong>Ministerio de la Presidencia, Aula \u201cG\u201d \u2013 Edificio Servicios, Complejo de la Moncloa, Av Puerta de Hierro S\/N, 28071 Madrid<\/strong><\/p>\n<p>Les recordamos\u00a0 que a estos cursos\u00a0solo ser\u00e1n accesibles a trav\u00e9s de nuestra web\u00a0 mediante v\u00eddeo en streaming.<\/p>\n<ul>\n<li><strong>Este curso solo estar\u00e1 accesible para usuarios registrados de la AEEMT. Deber\u00e1 validarse con su nombre de usuario y contrase\u00f1a.<\/strong><\/li>\n<\/ul>\n<p style=\"text-align: center;\"><div class=\"button_wrapper  aligncenter\"><a  href=\"http:\/\/www.aeemt.com\/web\/streaming-cursos-aeemt-lundbeck-2021-2a-sesion-dialogos-sobre-el-trastorno-del-animo-en-el-entorno-laboral\/\" target=\"_self\" title=\"Streaming\" class=\"button_  default medium\"><strong>Video en streaming del curso<\/strong><\/a><\/div>\n<p><strong>*El streaming en directo ser\u00e1 emitido el\u00a0martes\u00a023 de Marzo de 2021 a partir de las 17:00<\/strong><\/p>\n<p>&nbsp;<\/p>\n<p>Esperamos que esta nueva actividad les resulte de inter\u00e9s.<\/p>\n<p>Gracias a todos.[\/vc_column_text][vc_column_text][\/vc_column_text][\/vc_column][vc_column width=\u00bb1\/2&#8243; rt_wrp_col_paddings=\u00bbfalse\u00bb rt_border_top=\u00bb\u00bb rt_border_bottom=\u00bb\u00bb rt_border_left=\u00bb\u00bb rt_border_right=\u00bb\u00bb rt_border_top_mobile=\u00bb\u00bb rt_border_bottom_mobile=\u00bb\u00bb rt_border_left_mobile=\u00bb\u00bb rt_border_right_mobile=\u00bb\u00bb rt_bg_image_repeat=\u00bbrepeat\u00bb rt_bg_size=\u00bbauto auto\u00bb rt_bg_position=\u00bbright top\u00bb rt_bg_attachment=\u00bbscroll\u00bb][vc_column_text]<strong>Acceso a la emisi\u00f3n en directo<\/strong><\/p>\n<ul>\n<li><strong>Este curso solo estar\u00e1 accesible para usuarios registrados de la AEEMT. Deber\u00e1 validarse con su nombre de usuario y contrase\u00f1a.<\/strong><\/li>\n<\/ul>\n<p style=\"text-align: center;\"><div class=\"button_wrapper  aligncenter\"><a  href=\"http:\/\/www.aeemt.com\/web\/streaming-cursos-aeemt-lundbeck-2021-2a-sesion-dialogos-sobre-el-trastorno-del-animo-en-el-entorno-laboral\/\" target=\"_self\" title=\"Streaming\" class=\"button_  default medium\"><strong>Video en streaming del curso<\/strong><\/a><\/div>\n<p>[\/vc_column_text][vc_column_text]<\/p>\n<p style=\"text-align: center;\"><img loading=\"lazy\" decoding=\"async\" class=\"alignnone size-full wp-image-27966\" src=\"https:\/\/www.aeemt.org\/pruebaweb\/wp-content\/uploads\/2021\/03\/Sesion-2-Lundbeck-20210323-rev-2-1280px.jpg\" alt=\"\" width=\"1280\" height=\"719\" srcset=\"https:\/\/www.aeemt.org\/web\/wp-content\/uploads\/2021\/03\/Sesion-2-Lundbeck-20210323-rev-2-1280px.jpg 1280w, https:\/\/www.aeemt.org\/web\/wp-content\/uploads\/2021\/03\/Sesion-2-Lundbeck-20210323-rev-2-1280px-600x337.jpg 600w, https:\/\/www.aeemt.org\/web\/wp-content\/uploads\/2021\/03\/Sesion-2-Lundbeck-20210323-rev-2-1280px-300x169.jpg 300w, https:\/\/www.aeemt.org\/web\/wp-content\/uploads\/2021\/03\/Sesion-2-Lundbeck-20210323-rev-2-1280px-1024x575.jpg 1024w, https:\/\/www.aeemt.org\/web\/wp-content\/uploads\/2021\/03\/Sesion-2-Lundbeck-20210323-rev-2-1280px-768x431.jpg 768w\" sizes=\"(max-width: 1280px) 100vw, 1280px\" \/><\/p>\n<p>[\/vc_column_text][\/vc_column][\/vc_row][vc_row rt_row_background_width=\u00bbdefault\u00bb rt_row_style=\u00bbdefault-style\u00bb rt_row_borders=\u00bb\u00bb rt_row_paddings=\u00bbtrue\u00bb rt_bg_effect=\u00bbclassic\u00bb rt_bg_image_repeat=\u00bbrepeat\u00bb rt_bg_size=\u00bbcover\u00bb rt_bg_position=\u00bbright top\u00bb rt_bg_attachment=\u00bbscroll\u00bb rt_bg_video_format=\u00bbself-hosted\u00bb][vc_column width=\u00bb1\/3&#8243; rt_wrp_col_paddings=\u00bbfalse\u00bb rt_border_top=\u00bb\u00bb rt_border_bottom=\u00bb\u00bb rt_border_left=\u00bb\u00bb rt_border_right=\u00bb\u00bb rt_border_top_mobile=\u00bb\u00bb rt_border_bottom_mobile=\u00bb\u00bb rt_border_left_mobile=\u00bb\u00bb rt_border_right_mobile=\u00bb\u00bb rt_bg_image_repeat=\u00bbrepeat\u00bb rt_bg_size=\u00bbauto auto\u00bb rt_bg_position=\u00bbright top\u00bb rt_bg_attachment=\u00bbscroll\u00bb][vc_column_text]<\/p>\n<p style=\"text-align: center;\"><strong>Luis Reinoso-Barbero<\/strong><br \/>\n<em>Presidente AEEMT<\/em><\/p>\n<p>[\/vc_column_text][\/vc_column][vc_column width=\u00bb1\/3&#8243; rt_wrp_col_paddings=\u00bbfalse\u00bb rt_border_top=\u00bb\u00bb rt_border_bottom=\u00bb\u00bb rt_border_left=\u00bb\u00bb rt_border_right=\u00bb\u00bb rt_border_top_mobile=\u00bb\u00bb rt_border_bottom_mobile=\u00bb\u00bb rt_border_left_mobile=\u00bb\u00bb rt_border_right_mobile=\u00bb\u00bb rt_bg_image_repeat=\u00bbrepeat\u00bb rt_bg_size=\u00bbauto auto\u00bb rt_bg_position=\u00bbright top\u00bb rt_bg_attachment=\u00bbscroll\u00bb][vc_column_text]<\/p>\n<p style=\"text-align: center;\"><strong>Dra. Carmen Serrano<\/strong><br \/>\n<em>Vicepta. AEEMT<\/em><\/p>\n<p>[\/vc_column_text][\/vc_column][\/vc_row]<\/p>\n","protected":false},"excerpt":{"rendered":"<p>[vc_row rt_row_background_width=\u00bbdefault\u00bb rt_row_style=\u00bbdefault-style\u00bb rt_row_borders=\u00bb\u00bb rt_row_paddings=\u00bbtrue\u00bb rt_bg_effect=\u00bbclassic\u00bb rt_bg_image_repeat=\u00bbrepeat\u00bb rt_bg_size=\u00bbcover\u00bb rt_bg_position=\u00bbright top\u00bb rt_bg_attachment=\u00bbscroll\u00bb rt_bg_video_format=\u00bbself-hosted\u00bb][vc_column width=\u00bb1\/2&#8243; rt_wrp_col_paddings=\u00bbfalse\u00bb rt_border_top=\u00bb\u00bb rt_border_bottom=\u00bb\u00bb rt_border_left=\u00bb\u00bb rt_border_right=\u00bb\u00bb rt_border_top_mobile=\u00bb\u00bb rt_border_bottom_mobile=\u00bb\u00bb rt_border_left_mobile=\u00bb\u00bb rt_border_right_mobile=\u00bb\u00bb rt_bg_image_repeat=\u00bbrepeat\u00bb rt_bg_size=\u00bbauto auto\u00bb rt_bg_position=\u00bbright top\u00bb rt_bg_attachment=\u00bbscroll\u00bb][vc_column_text] Organizan [\/vc_column_text][\/vc_column][vc_column [&hellip;]<\/p>\n","protected":false},"author":1,"featured_media":0,"parent":0,"menu_order":0,"comment_status":"closed","ping_status":"closed","template":"","meta":{"footnotes":""},"class_list":["post-27967","page","type-page","status-publish","hentry"],"_links":{"self":[{"href":"https:\/\/www.aeemt.org\/web\/wp-json\/wp\/v2\/pages\/27967"}],"collection":[{"href":"https:\/\/www.aeemt.org\/web\/wp-json\/wp\/v2\/pages"}],"about":[{"href":"https:\/\/www.aeemt.org\/web\/wp-json\/wp\/v2\/types\/page"}],"author":[{"embeddable":true,"href":"https:\/\/www.aeemt.org\/web\/wp-json\/wp\/v2\/users\/1"}],"replies":[{"embeddable":true,"href":"https:\/\/www.aeemt.org\/web\/wp-json\/wp\/v2\/comments?post=27967"}],"version-history":[{"count":0,"href":"https:\/\/www.aeemt.org\/web\/wp-json\/wp\/v2\/pages\/27967\/revisions"}],"wp:attachment":[{"href":"https:\/\/www.aeemt.org\/web\/wp-json\/wp\/v2\/media?parent=27967"}],"curies":[{"name":"wp","href":"https:\/\/api.w.org\/{rel}","templated":true}]}}