{"id":2576,"date":"2015-02-22T01:24:55","date_gmt":"2015-02-22T01:24:55","guid":{"rendered":"http:\/\/rttheme19.rtthemes.com\/?page_id=2576"},"modified":"2015-02-22T01:24:55","modified_gmt":"2015-02-22T01:24:55","slug":"nuestro-equipo","status":"publish","type":"page","link":"https:\/\/www.aeemt.org\/web\/nuestro-equipo\/","title":{"rendered":"Nuestro Equipo"},"content":{"rendered":"<p>[vc_row rt_row_background_width=\u00bbdefault\u00bb rt_row_style=\u00bbdefault-style\u00bb rt_row_borders=\u00bb\u00bb rt_overlap=\u00bbtrue\u00bb rt_row_paddings=\u00bbtrue\u00bb rt_bg_effect=\u00bbclassic\u00bb rt_bg_image_repeat=\u00bbrepeat\u00bb rt_bg_size=\u00bbcover\u00bb rt_bg_position=\u00bbright top\u00bb rt_bg_attachment=\u00bbscroll\u00bb rt_bg_video_format=\u00bbself-hosted\u00bb][vc_column rt_wrp_col_paddings=\u00bbfalse\u00bb rt_border_top=\u00bb\u00bb rt_border_bottom=\u00bb\u00bb rt_border_left=\u00bb\u00bb rt_border_right=\u00bb\u00bb rt_border_top_mobile=\u00bb\u00bb rt_border_bottom_mobile=\u00bb\u00bb rt_border_left_mobile=\u00bb\u00bb rt_border_right_mobile=\u00bb\u00bb rt_bg_image_repeat=\u00bbrepeat\u00bb rt_bg_size=\u00bbauto auto\u00bb rt_bg_position=\u00bbright top\u00bb rt_bg_attachment=\u00bbscroll\u00bb]<section id=\"staff-931000\" class=\"team border_grid clearfix  \"><div class=\"row clearfix\"><div class=\"col col-sm-6\">\n\n \n<div class=\"loop post-6036 staff type-staff status-publish has-post-thumbnail hentry\" id=\"person-6036\">\t\n\t\t<div class=\"person_image\">\n\t\t<div class=\"person_image_wrapper\">\n\t\t\t\n\t\t\t\t\t\t\t<a href=\"https:\/\/www.aeemt.org\/web\/team\/juan-carlos-rueda\/\"><img decoding=\"async\" src=\"https:\/\/www.aeemt.org\/web\/wp-content\/uploads\/2024\/05\/Juan-Carlos-Rueda-Foto.jpg\" alt=\"\" class=\"\" \/><\/a>\n\t\t\t\t\t\t\n\t\t<\/div>\n\t<\/div>\n\t\n\t\t\t<h5 class=\"person_name\"><a href=\"https:\/\/www.aeemt.org\/web\/team\/juan-carlos-rueda\/\">JUAN CARLOS RUEDA<\/a><\/h5>\n\t\n\t\t\t<span class=\"position\">Presidente<\/span>\n\t\n\t<div class=\"profile\">\n\t\tEspecialista en Medicina del Trabajo, PhD. Responsable del Servicio M\u00e9dico de Vitaly en SABIC, Cartagena. Master en Valoraci\u00f3n del Da\u00f1o Corporal. Master Prevenci\u00f3n de Riesgos Laborales, especialidad de Higiene, Seguridad, Ergonom\u00eda y Psicosociolog\u00eda. Experto en tabaquismo.\t<\/div> \n\n\t\t\n<\/div>\n<\/div>\n<div class=\"col col-sm-6\">\n\n \n<div class=\"loop post-1873 staff type-staff status-publish has-post-thumbnail hentry\" id=\"person-1873\">\t\n\t\t<div class=\"person_image\">\n\t\t<div class=\"person_image_wrapper\">\n\t\t\t\n\t\t\t\t\t\t\t<a href=\"https:\/\/www.aeemt.org\/web\/team\/teresa-del-campo\/\"><img decoding=\"async\" src=\"https:\/\/www.aeemt.org\/web\/wp-content\/uploads\/2024\/05\/Teresa-del-Campo-foto.jpg\" alt=\"\" class=\"\" \/><\/a>\n\t\t\t\t\t\t\n\t\t<\/div>\n\t<\/div>\n\t\n\t\t\t<h5 class=\"person_name\"><a href=\"https:\/\/www.aeemt.org\/web\/team\/teresa-del-campo\/\">TERESA DEL CAMPO<\/a><\/h5>\n\t\n\t\t\t<span class=\"position\">Vicepresidenta<\/span>\n\t\n\t<div class=\"profile\">\n\t\tEspecialista en Medicina del Trabajo. \nDoctora en Medicina (UAM). Master en Prevenci\u00f3n de Riesgos Laborales. Medicina del Trabajo y Prevenci\u00f3n en Hospital Universitario Fundaci\u00f3n Jim\u00e9nez D\u00edaz. \nProfesora honoraria de la Facultad de Medicina de la UAM. \nExperiencia investigadora.\t<\/div> \n\n\t\t\n<\/div>\n<\/div>\n<\/div><\/section>[\/vc_column][\/vc_row][vc_row rt_row_background_width=\u00bbdefault\u00bb rt_row_style=\u00bbdefault-style\u00bb rt_row_borders=\u00bbtop\u00bb rt_row_paddings=\u00bbtrue\u00bb rt_bg_effect=\u00bbclassic\u00bb rt_bg_image_repeat=\u00bbrepeat\u00bb rt_bg_size=\u00bbcover\u00bb rt_bg_position=\u00bbright top\u00bb rt_bg_attachment=\u00bbscroll\u00bb rt_bg_video_format=\u00bbself-hosted\u00bb][vc_column rt_wrp_col_paddings=\u00bbfalse\u00bb rt_border_top=\u00bb\u00bb rt_border_bottom=\u00bb\u00bb rt_border_left=\u00bb\u00bb rt_border_right=\u00bb\u00bb rt_border_top_mobile=\u00bb\u00bb rt_border_bottom_mobile=\u00bb\u00bb rt_border_left_mobile=\u00bb\u00bb rt_border_right_mobile=\u00bb\u00bb rt_bg_image_repeat=\u00bbrepeat\u00bb rt_bg_size=\u00bbauto auto\u00bb rt_bg_position=\u00bbright top\u00bb rt_bg_attachment=\u00bbscroll\u00bb]<section id=\"staff-697363\" class=\"team border_grid clearfix  \"><div class=\"row clearfix\"><div class=\"col col-sm-3\">\n\n \n<div class=\"loop post-2991 staff type-staff status-publish has-post-thumbnail hentry\" id=\"person-2991\">\t\n\t\t<div class=\"person_image\">\n\t\t<div class=\"person_image_wrapper\">\n\t\t\t\n\t\t\t\t\t\t\t<a href=\"https:\/\/www.aeemt.org\/web\/team\/juan-luis-cabanillas-moruno\/\"><img decoding=\"async\" src=\"https:\/\/www.aeemt.org\/web\/wp-content\/uploads\/2024\/05\/Juan-Luis-Cabanillas-foto.jpg\" alt=\"\" class=\"\" \/><\/a>\n\t\t\t\t\t\t\n\t\t<\/div>\n\t<\/div>\n\t\n\t\t\t<h5 class=\"person_name\"><a href=\"https:\/\/www.aeemt.org\/web\/team\/juan-luis-cabanillas-moruno\/\">JUAN LUIS CABANILLAS MORUNO<\/a><\/h5>\n\t\n\t\t\t<span class=\"position\">Secretario General<\/span>\n\t\n\t<div class=\"profile\">\n\t\tEspecialista en Medicina del Trabajo.\nEspecialista en Medicina Preventiva y Salud P\u00fablica, PhD. \nConsejero T\u00e9cnico-Inspector M\u00e9dico. Consejer\u00eda de Salud y Consumo. Junta de Andaluc\u00eda. \nProfesor Asociado, Facultad de Medicina. Universidad de Sevilla.\t<\/div> \n\n\t\t\n<\/div>\n<\/div>\n<div class=\"col col-sm-3\">\n\n \n<div class=\"loop post-2981 staff type-staff status-publish has-post-thumbnail hentry\" id=\"person-2981\">\t\n\t\t<div class=\"person_image\">\n\t\t<div class=\"person_image_wrapper\">\n\t\t\t\n\t\t\t\t\t\t\t<a href=\"https:\/\/www.aeemt.org\/web\/team\/ignacio-sanchez-arcilla\/\"><img decoding=\"async\" src=\"https:\/\/www.aeemt.org\/web\/wp-content\/uploads\/2024\/05\/Ignacio-Sanchez-Arcilla-foto.jpg\" alt=\"\" class=\"\" \/><\/a>\n\t\t\t\t\t\t\n\t\t<\/div>\n\t<\/div>\n\t\n\t\t\t<h5 class=\"person_name\"><a href=\"https:\/\/www.aeemt.org\/web\/team\/ignacio-sanchez-arcilla\/\">IGNACIO SANCHEZ ARCILLA<\/a><\/h5>\n\t\n\t\t\t<span class=\"position\">Tesorero<\/span>\n\t\n\t<div class=\"profile\">\n\t\tEspecialista en Medicina del Trabajo y en Medicina Preventiva y Salud Publica. \nJefe del Servicio de Prevenci\u00f3n de Riesgos Laborales del Hospital General Universitario Gregorio Mara\u00f1\u00f3n. \nJefe de la Unidad Docente Multiprofesional de Salud Laboral del HGUGM. \nVicepresidente de la Comisi\u00f3n Nacional de la Especialidad de Medicina del Trabajo. \nT\u00e9cnico Superior en Prevenci\u00f3n de Riesgos Laborales, especialidad de Higiene, Seguridad, Ergonom\u00eda y Psicosociolog\u00eda.\t<\/div> \n\n\t\t\n<\/div>\n<\/div>\n<div class=\"col col-sm-3\">\n\n \n<div class=\"loop post-1869 staff type-staff status-publish has-post-thumbnail hentry\" id=\"person-1869\">\t\n\t\t<div class=\"person_image\">\n\t\t<div class=\"person_image_wrapper\">\n\t\t\t\n\t\t\t\t\t\t\t<a href=\"https:\/\/www.aeemt.org\/web\/team\/ignacio-romero\/\"><img decoding=\"async\" src=\"https:\/\/www.aeemt.org\/web\/wp-content\/uploads\/2024\/05\/Ignacio-Romero-foto.jpg\" alt=\"\" class=\"\" \/><\/a>\n\t\t\t\t\t\t\n\t\t<\/div>\n\t<\/div>\n\t\n\t\t\t<h5 class=\"person_name\"><a href=\"https:\/\/www.aeemt.org\/web\/team\/ignacio-romero\/\">IGNACIO ROMERO QUINTANO<\/a><\/h5>\n\t\n\t\t\t<span class=\"position\">Responsable Comunicaci\u00f3n y RRSS<\/span>\n\t\n\t<div class=\"profile\">\n\t\tEspecialista en Medicina del Trabajo. \r\nT\u00e9cnico Superior PRL en las 3 especialidades.\r\nMaster en Valoraci\u00f3n del Da\u00f1o Corporal. \r\nExperto en Tabaquismo. \r\nExperto en Asesoramiento Gen\u00e9tico.\t<\/div> \n\n\t\t\n<\/div>\n<\/div>\n<div class=\"col col-sm-3\">\n\n \n<div class=\"loop post-1872 staff type-staff status-publish has-post-thumbnail hentry\" id=\"person-1872\">\t\n\t\t<div class=\"person_image\">\n\t\t<div class=\"person_image_wrapper\">\n\t\t\t\n\t\t\t\t\t\t\t<a href=\"https:\/\/www.aeemt.org\/web\/team\/luis-reinoso\/\"><img decoding=\"async\" src=\"https:\/\/www.aeemt.org\/web\/wp-content\/uploads\/2024\/05\/Luis-Reinoso-foto-1.jpg\" alt=\"\" class=\"\" \/><\/a>\n\t\t\t\t\t\t\n\t\t<\/div>\n\t<\/div>\n\t\n\t\t\t<h5 class=\"person_name\"><a href=\"https:\/\/www.aeemt.org\/web\/team\/luis-reinoso\/\">LUIS REINOSO BARBERO<\/a><\/h5>\n\t\n\t\t\t<span class=\"position\">Vocal Formaci\u00f3n continuada<\/span>\n\t\n\t<div class=\"profile\">\n\t\tEspecialista en Medicina del Trabajo, PhD. \nDirector de Medicina del Trabajo Santander Global Facilities, Madrid. \nAcreditado por la ANECA. \nMaster de Prevenci\u00f3n de Riesgos\t<\/div> \n\n\t\t\n<\/div>\n<\/div>\n<\/div><\/section>[\/vc_column][\/vc_row][vc_row rt_row_background_width=\u00bbdefault\u00bb rt_row_style=\u00bbdefault-style\u00bb rt_row_borders=\u00bbtop\u00bb rt_row_paddings=\u00bbtrue\u00bb rt_bg_effect=\u00bbclassic\u00bb rt_bg_image_repeat=\u00bbrepeat\u00bb rt_bg_size=\u00bbcover\u00bb rt_bg_position=\u00bbright top\u00bb rt_bg_attachment=\u00bbscroll\u00bb rt_bg_video_format=\u00bbself-hosted\u00bb][vc_column rt_wrp_col_paddings=\u00bbfalse\u00bb rt_border_top=\u00bb\u00bb rt_border_bottom=\u00bb\u00bb rt_border_left=\u00bb\u00bb rt_border_right=\u00bb\u00bb rt_border_top_mobile=\u00bb\u00bb rt_border_bottom_mobile=\u00bb\u00bb rt_border_left_mobile=\u00bb\u00bb rt_border_right_mobile=\u00bb\u00bb rt_bg_image_repeat=\u00bbrepeat\u00bb rt_bg_size=\u00bbauto auto\u00bb rt_bg_position=\u00bbright top\u00bb rt_bg_attachment=\u00bbscroll\u00bb]<section id=\"staff-708065\" class=\"team border_grid clearfix  \"><div class=\"row clearfix\"><div class=\"col col-sm-3\">\n\n \n<div class=\"loop post-1867 staff type-staff status-publish has-post-thumbnail hentry\" id=\"person-1867\">\t\n\t\t<div class=\"person_image\">\n\t\t<div class=\"person_image_wrapper\">\n\t\t\t\n\t\t\t\t\t\t\t<a href=\"https:\/\/www.aeemt.org\/web\/team\/lourdes-jimenez-bajo\/\"><img decoding=\"async\" src=\"https:\/\/www.aeemt.org\/web\/wp-content\/uploads\/2024\/05\/Lourdes-Jimenez-foto.jpg\" alt=\"\" class=\"\" \/><\/a>\n\t\t\t\t\t\t\n\t\t<\/div>\n\t<\/div>\n\t\n\t\t\t<h5 class=\"person_name\"><a href=\"https:\/\/www.aeemt.org\/web\/team\/lourdes-jimenez-bajo\/\">LOURDES JIMENEZ BAJO<\/a><\/h5>\n\t\n\t\t\t<span class=\"position\">Vocal Grupos Funcionales<\/span>\n\t\n\t<div class=\"profile\">\n\t\tEspecialista en Medicina del Trabajo. \nM\u00e9dico del Trabajo en Servicio de Prevenci\u00f3n Propio de Deloitte, Madrid. \nAuditora de Sistemas de Gesti\u00f3n de Prevenci\u00f3n de Riesgos Laborales\t<\/div> \n\n\t\t\n<\/div>\n<\/div>\n<div class=\"col col-sm-3\">\n\n \n<div class=\"loop post-3001 staff type-staff status-publish has-post-thumbnail hentry\" id=\"person-3001\">\t\n\t\t<div class=\"person_image\">\n\t\t<div class=\"person_image_wrapper\">\n\t\t\t\n\t\t\t\t\t\t\t<a href=\"https:\/\/www.aeemt.org\/web\/team\/carmen-marroqui-lopez-clavero\/\"><img decoding=\"async\" src=\"https:\/\/www.aeemt.org\/web\/wp-content\/uploads\/2024\/05\/Carmen-Marroqui-foto.jpg\" alt=\"\" class=\"\" \/><\/a>\n\t\t\t\t\t\t\n\t\t<\/div>\n\t<\/div>\n\t\n\t\t\t<h5 class=\"person_name\"><a href=\"https:\/\/www.aeemt.org\/web\/team\/carmen-marroqui-lopez-clavero\/\">CARMEN MARROQU\u00cd LOPEZ-CLAVERO<\/a><\/h5>\n\t\n\t\t\t<span class=\"position\">Vocal Relaciones Universidades<\/span>\n\t\n\t<div class=\"profile\">\n\t\tEspecialista Medicina del Trabajo. \nResponsable S. Prevenci\u00f3n Ciudad Real SESCAM. \nTutora Residentes. Profesora Universidad Castilla La Mancha. \nMaster Prevenci\u00f3n de Riesgos, Direcci\u00f3n Sanitaria, y Peritaje.\t<\/div> \n\n\t\t\n<\/div>\n<\/div>\n<div class=\"col col-sm-3\">\n\n \n<div class=\"loop post-3005 staff type-staff status-publish has-post-thumbnail hentry\" id=\"person-3005\">\t\n\t\t<div class=\"person_image\">\n\t\t<div class=\"person_image_wrapper\">\n\t\t\t\n\t\t\t\t\t\t\t<a href=\"https:\/\/www.aeemt.org\/web\/team\/maria-luisa-de-caceres\/\"><img decoding=\"async\" src=\"https:\/\/www.aeemt.org\/web\/wp-content\/uploads\/2024\/05\/Maria-Luisa-de-Caceres-foto-1.jpg\" alt=\"\" class=\"\" \/><\/a>\n\t\t\t\t\t\t\n\t\t<\/div>\n\t<\/div>\n\t\n\t\t\t<h5 class=\"person_name\"><a href=\"https:\/\/www.aeemt.org\/web\/team\/maria-luisa-de-caceres\/\">MARIA LUISA DE CACERES GAL\u00c1N<\/a><\/h5>\n\t\n\t\t\t<span class=\"position\">Vocal Relaciones Institucionales<\/span>\n\t\n\t<div class=\"profile\">\n\t\tEspecialista en Medicina del Trabajo. \nM\u00e1ster en Prevenci\u00f3n de Riesgos Laborales . \nReconocida Suficiencia Investigadora. \nDiploma en Gesti\u00f3n Cl\u00ednica. \nSPP Empresa de Transporte. Madrid\t<\/div> \n\n\t\t\n<\/div>\n<\/div>\n<div class=\"col col-sm-3\">\n\n \n<div class=\"loop post-68029 staff type-staff status-publish has-post-thumbnail hentry\" id=\"person-68029\">\t\n\t\t<div class=\"person_image\">\n\t\t<div class=\"person_image_wrapper\">\n\t\t\t\n\t\t\t\t\t\t\t<a href=\"https:\/\/www.aeemt.org\/web\/team\/beatriz-calvo-cerrada\/\"><img decoding=\"async\" src=\"https:\/\/www.aeemt.org\/web\/wp-content\/uploads\/2024\/05\/Beatriz-Calvo-foto.jpg\" alt=\"\" class=\"\" \/><\/a>\n\t\t\t\t\t\t\n\t\t<\/div>\n\t<\/div>\n\t\n\t\t\t<h5 class=\"person_name\"><a href=\"https:\/\/www.aeemt.org\/web\/team\/beatriz-calvo-cerrada\/\">BEATRIZ CALVO CERRADA<\/a><\/h5>\n\t\n\t\t\t<span class=\"position\">Vocal Oncolog\u00eda Laboral<\/span>\n\t\n\t<div class=\"profile\">\n\t\tEspecialista en Medicina del Trabajo. \nM\u00e1ster en prevenci\u00f3n de riesgos laborales, especialidad de Seguridad, Higiene, Ergonom\u00eda y Psicosociolog\u00eda. \nM\u00e1ster Salud laboral y en Valoraci\u00f3n del da\u00f1o corporal. \nResponsable Servicio de Prevenci\u00f3n y Salud Laboral Mancomunado del Instituto Catal\u00e1n de Oncolog\u00eda-IDIBELL. Barcelona\t<\/div> \n\n\t\t\n<\/div>\n<\/div>\n<\/div><\/section>[\/vc_column][\/vc_row][vc_row rt_row_background_width=\u00bbdefault\u00bb rt_row_style=\u00bbdefault-style\u00bb rt_row_borders=\u00bbtop\u00bb rt_row_paddings=\u00bbtrue\u00bb rt_bg_effect=\u00bbclassic\u00bb rt_bg_image_repeat=\u00bbrepeat\u00bb rt_bg_size=\u00bbcover\u00bb rt_bg_position=\u00bbright top\u00bb rt_bg_attachment=\u00bbscroll\u00bb rt_bg_video_format=\u00bbself-hosted\u00bb][vc_column rt_wrp_col_paddings=\u00bbfalse\u00bb rt_border_top=\u00bb\u00bb rt_border_bottom=\u00bb\u00bb rt_border_left=\u00bb\u00bb rt_border_right=\u00bb\u00bb rt_border_top_mobile=\u00bb\u00bb rt_border_bottom_mobile=\u00bb\u00bb rt_border_left_mobile=\u00bb\u00bb rt_border_right_mobile=\u00bb\u00bb rt_bg_image_repeat=\u00bbrepeat\u00bb rt_bg_size=\u00bbauto auto\u00bb rt_bg_position=\u00bbright top\u00bb rt_bg_attachment=\u00bbscroll\u00bb]<section id=\"staff-869703\" class=\"team border_grid clearfix  \"><div class=\"row clearfix\"><div class=\"col col-sm-3\">\n\n \n<div class=\"loop post-3014 staff type-staff status-publish has-post-thumbnail hentry\" id=\"person-3014\">\t\n\t\t<div class=\"person_image\">\n\t\t<div class=\"person_image_wrapper\">\n\t\t\t\n\t\t\t\t\t\t\t<a href=\"https:\/\/www.aeemt.org\/web\/team\/maria-del-carmen-bellido\/\"><img decoding=\"async\" src=\"https:\/\/www.aeemt.org\/web\/wp-content\/uploads\/2024\/05\/Maria-Carmen-Bellido-foto-1.jpg\" alt=\"\" class=\"\" \/><\/a>\n\t\t\t\t\t\t\n\t\t<\/div>\n\t<\/div>\n\t\n\t\t\t<h5 class=\"person_name\"><a href=\"https:\/\/www.aeemt.org\/web\/team\/maria-del-carmen-bellido\/\">MARIA DEL CARMEN BELLIDO CAMBR\u00d3N<\/a><\/h5>\n\t\n\t\t\t<span class=\"position\">Vocal \u00c1rea Hospitalaria<\/span>\n\t\n\t<div class=\"profile\">\n\t\tEspecialista en Medicina del Trabajo. PhD. \nCoordinadora del SPRL del hospital general universitario de Castell\u00f3n.\nTutora de residentes MIR . T\u00e9cnico Prevenci\u00f3n 3 especialidades. \nCoordinadora del grupo de econom\u00eda, empresa y sostenibilidad de la alianza por el sue\u00f1o\t<\/div> \n\n\t\t\n<\/div>\n<\/div>\n<div class=\"col col-sm-3\">\n\n \n<div class=\"loop post-3003 staff type-staff status-publish has-post-thumbnail hentry\" id=\"person-3003\">\t\n\t\t<div class=\"person_image\">\n\t\t<div class=\"person_image_wrapper\">\n\t\t\t\n\t\t\t\t\t\t\t<a href=\"https:\/\/www.aeemt.org\/web\/team\/maria-del-pilar-fernandez-figares-vicioso\/\"><img decoding=\"async\" src=\"https:\/\/www.aeemt.org\/web\/wp-content\/uploads\/2024\/05\/Pilar-Fernandez-foto.jpg\" alt=\"\" class=\"\" \/><\/a>\n\t\t\t\t\t\t\n\t\t<\/div>\n\t<\/div>\n\t\n\t\t\t<h5 class=\"person_name\"><a href=\"https:\/\/www.aeemt.org\/web\/team\/maria-del-pilar-fernandez-figares-vicioso\/\">P\u00ccLAR FERNANDEZ-FIGARES VICIOSO<\/a><\/h5>\n\t\n\t\t\t<span class=\"position\">Vocal SP Propios<\/span>\n\t\n\t<div class=\"profile\">\n\t\tEspecialista en Medicina del Trabajo. \nMaster en prevenci\u00f3n de riesgos laborales en las especialidades de ergonom\u00eda y psicosociolog\u00eda aplicada, higiene industrial y seguridad en el trabajo. \nM\u00e1ster en Valoraci\u00f3n del da\u00f1o corporal. \nDirectora nacional de los servicios m\u00e9dicos de salud laboral del Grupo El Corte Ingl\u00e9s desde el 2009.\t<\/div> \n\n\t\t\n<\/div>\n<\/div>\n<div class=\"col col-sm-3\">\n\n \n<div class=\"loop post-69127 staff type-staff status-publish has-post-thumbnail hentry\" id=\"person-69127\">\t\n\t\t<div class=\"person_image\">\n\t\t<div class=\"person_image_wrapper\">\n\t\t\t\n\t\t\t\t\t\t\t<a href=\"https:\/\/www.aeemt.org\/web\/team\/susana-caceres-heinz\/\"><img decoding=\"async\" src=\"https:\/\/www.aeemt.org\/web\/wp-content\/uploads\/2024\/04\/Susana-Caceres.jpg\" alt=\"\" class=\"\" \/><\/a>\n\t\t\t\t\t\t\n\t\t<\/div>\n\t<\/div>\n\t\n\t\t\t<h5 class=\"person_name\"><a href=\"https:\/\/www.aeemt.org\/web\/team\/susana-caceres-heinz\/\">SUSANA C\u00c1CERES HEINZ<\/a><\/h5>\n\t\n\t\t\t<span class=\"position\">Vocal Vigilancia Salud<\/span>\n\t\n\t<div class=\"profile\">\n\t\tEspecialista en Medicina del Trabajo con M\u00e1ster en Prevenci\u00f3n de Riesgos Laborales (Seguridad en el Trabajo, Higiene Industrial y Ergonom\u00eda-Psicosociolog\u00eda).\n\nServicio de Prevenci\u00f3n Propio de Amazon Spain Fulfillment - MAD4 (Madrid)\t<\/div> \n\n\t\t\n<\/div>\n<\/div>\n<div class=\"col col-sm-3\">\n\n \n<div class=\"loop post-69131 staff type-staff status-publish has-post-thumbnail hentry\" id=\"person-69131\">\t\n\t\t<div class=\"person_image\">\n\t\t<div class=\"person_image_wrapper\">\n\t\t\t\n\t\t\t\t\t\t\t<a href=\"https:\/\/www.aeemt.org\/web\/team\/natalia-angulo-mota\/\"><img decoding=\"async\" src=\"https:\/\/www.aeemt.org\/web\/wp-content\/uploads\/2024\/04\/Natalia-Angulo.jpg\" alt=\"\" class=\"\" \/><\/a>\n\t\t\t\t\t\t\n\t\t<\/div>\n\t<\/div>\n\t\n\t\t\t<h5 class=\"person_name\"><a href=\"https:\/\/www.aeemt.org\/web\/team\/natalia-angulo-mota\/\">NATALIA ANGULO MOTA<\/a><\/h5>\n\t\n\t\t\t<span class=\"position\">Vocal SPA y Residentes<\/span>\n\t\n\t<div class=\"profile\">\n\t\tEspecialista en Medicina del Trabajo. \nM\u00e9dica del Trabajo en Vitaly (Cualtis), \u00e1rea gesti\u00f3n de grandes cuentas. \nMaster Valoraci\u00f3n del Da\u00f1o Corporal.\t<\/div> \n\n\t\t\n<\/div>\n<\/div>\n<\/div><\/section>[\/vc_column][\/vc_row]<\/p>\n","protected":false},"excerpt":{"rendered":"<p>[vc_row rt_row_background_width=\u00bbdefault\u00bb rt_row_style=\u00bbdefault-style\u00bb rt_row_borders=\u00bb\u00bb rt_overlap=\u00bbtrue\u00bb rt_row_paddings=\u00bbtrue\u00bb rt_bg_effect=\u00bbclassic\u00bb rt_bg_image_repeat=\u00bbrepeat\u00bb rt_bg_size=\u00bbcover\u00bb rt_bg_position=\u00bbright top\u00bb rt_bg_attachment=\u00bbscroll\u00bb rt_bg_video_format=\u00bbself-hosted\u00bb][vc_column rt_wrp_col_paddings=\u00bbfalse\u00bb rt_border_top=\u00bb\u00bb rt_border_bottom=\u00bb\u00bb rt_border_left=\u00bb\u00bb rt_border_right=\u00bb\u00bb rt_border_top_mobile=\u00bb\u00bb rt_border_bottom_mobile=\u00bb\u00bb rt_border_left_mobile=\u00bb\u00bb rt_border_right_mobile=\u00bb\u00bb rt_bg_image_repeat=\u00bbrepeat\u00bb rt_bg_size=\u00bbauto auto\u00bb rt_bg_position=\u00bbright top\u00bb rt_bg_attachment=\u00bbscroll\u00bb][\/vc_column][\/vc_row][vc_row rt_row_background_width=\u00bbdefault\u00bb rt_row_style=\u00bbdefault-style\u00bb [&hellip;]<\/p>\n","protected":false},"author":1,"featured_media":0,"parent":0,"menu_order":0,"comment_status":"open","ping_status":"open","template":"","meta":{"footnotes":""},"class_list":["post-2576","page","type-page","status-publish","hentry"],"_links":{"self":[{"href":"https:\/\/www.aeemt.org\/web\/wp-json\/wp\/v2\/pages\/2576"}],"collection":[{"href":"https:\/\/www.aeemt.org\/web\/wp-json\/wp\/v2\/pages"}],"about":[{"href":"https:\/\/www.aeemt.org\/web\/wp-json\/wp\/v2\/types\/page"}],"author":[{"embeddable":true,"href":"https:\/\/www.aeemt.org\/web\/wp-json\/wp\/v2\/users\/1"}],"replies":[{"embeddable":true,"href":"https:\/\/www.aeemt.org\/web\/wp-json\/wp\/v2\/comments?post=2576"}],"version-history":[{"count":0,"href":"https:\/\/www.aeemt.org\/web\/wp-json\/wp\/v2\/pages\/2576\/revisions"}],"wp:attachment":[{"href":"https:\/\/www.aeemt.org\/web\/wp-json\/wp\/v2\/media?parent=2576"}],"curies":[{"name":"wp","href":"https:\/\/api.w.org\/{rel}","templated":true}]}}