{"id":2432,"date":"2015-02-18T19:09:55","date_gmt":"2015-02-18T19:09:55","guid":{"rendered":"http:\/\/rttheme19.rtthemes.com\/shop\/"},"modified":"2015-02-18T19:09:55","modified_gmt":"2015-02-18T19:09:55","slug":"eventos","status":"publish","type":"page","link":"https:\/\/www.aeemt.org\/web\/eventos\/","title":{"rendered":"Eventos"},"content":{"rendered":"<p>En esta secci\u00f3n podr\u00e1n encontrar\u00a0informaci\u00f3n sobre eventos de relevancia para nuestra profesi\u00f3n.<\/p>\n<p>Aprovechamos la ocasi\u00f3n para recordarles que del\u00a025- 27 Mayo en MADRID, se celebrar\u00e1 el <strong>X CONGRESO ESPA\u00d1OL DE MEDICINA Y ENFERMER\u00cdA DEL TRABAJO (CEMET X)\u00a0<\/strong>que organiza nuestra asociaci\u00f3n bajo el lema de\u00a0<strong>Actualizando la pr\u00e1ctica diaria de la medicina.<\/strong><\/p>\n<p>Toda la informaci\u00f3n que hace referencia a dicho congreso esta a su disposici\u00f3n en la web creada para tal fin. Puede acceder a dicha web pulsando sobre el siguiente enlace.<\/p>\n<div class=\"button_wrapper \"><a  href=\"http:\/\/www.xcemet.es\" target=\"_blank\" title=\"Sumario\" class=\"button_  default medium\"><strong>CEMET X<\/strong> <strong>Actualizando la pr\u00e1ctica diaria de la medicina<\/strong><\/a><\/div>\n","protected":false},"excerpt":{"rendered":"<p>En esta secci\u00f3n podr\u00e1n encontrar\u00a0informaci\u00f3n sobre eventos de relevancia para nuestra profesi\u00f3n. Aprovechamos la ocasi\u00f3n para recordarles que del\u00a025- 27 Mayo en MADRID, se celebrar\u00e1 el X CONGRESO ESPA\u00d1OL DE [&hellip;]<\/p>\n","protected":false},"author":1,"featured_media":0,"parent":0,"menu_order":0,"comment_status":"closed","ping_status":"open","template":"","meta":{"footnotes":""},"class_list":["post-2432","page","type-page","status-publish","hentry"],"_links":{"self":[{"href":"https:\/\/www.aeemt.org\/web\/wp-json\/wp\/v2\/pages\/2432"}],"collection":[{"href":"https:\/\/www.aeemt.org\/web\/wp-json\/wp\/v2\/pages"}],"about":[{"href":"https:\/\/www.aeemt.org\/web\/wp-json\/wp\/v2\/types\/page"}],"author":[{"embeddable":true,"href":"https:\/\/www.aeemt.org\/web\/wp-json\/wp\/v2\/users\/1"}],"replies":[{"embeddable":true,"href":"https:\/\/www.aeemt.org\/web\/wp-json\/wp\/v2\/comments?post=2432"}],"version-history":[{"count":0,"href":"https:\/\/www.aeemt.org\/web\/wp-json\/wp\/v2\/pages\/2432\/revisions"}],"wp:attachment":[{"href":"https:\/\/www.aeemt.org\/web\/wp-json\/wp\/v2\/media?parent=2432"}],"curies":[{"name":"wp","href":"https:\/\/api.w.org\/{rel}","templated":true}]}}